{"id":227168,"date":"2025-06-22T17:30:42","date_gmt":"2025-06-22T15:30:42","guid":{"rendered":"https:\/\/www.jootjeshaakcadeautjes.nl\/?post_type=product&#038;p=227168"},"modified":"2026-02-17T13:38:04","modified_gmt":"2026-02-17T12:38:04","slug":"ausweishalter-mit-zugband-warmes-puderrosa-kopie-kopie","status":"publish","type":"product","link":"https:\/\/www.jootjeshaakcadeautjes.nl\/de\/produkt\/ausweishalter-mit-zugband-warmes-puderrosa-kopie-kopie\/","title":{"rendered":"Badge Holder mit Kordelzug &#8211; Auff\u00e4delbar Krankenschwester Uhr &#8211; Wei\u00df"},"content":{"rendered":"<h2>Badge Holder mit Kordelzug &#8211; Auff\u00e4delbar Krankenschwester Uhr &#8211; Wei\u00df<\/h2>\n<p>Material: Hochwertiger Kunststoff, mit stabilem Nylon-Zugband.<\/p>\n<p>Diese Ausweishalter sind in der Krankenpflege, aber auch in anderen Berufen, in denen Ausweise, Anmelde- oder Zugangstoken verwendet werden, weit verbreitet.<\/p>\n<p>Der Ausweishalter kann in Kombination mit Silikonperlen verwendet werden. Dazu schneidet man den Kordelzug ab und f\u00e4delt Silikonperlen dar\u00fcber. Dann k\u00f6nnen Sie den Knoten wieder unter die Perle schieben. Achten Sie also darauf, dass Sie nicht in der N\u00e4he des Endes (der Anstecknadel) abschneiden. In diesem Fall kann sie n\u00e4mlich nicht mehr repariert werden. Andererseits sollte man nicht zu viele Silikonperlen verwenden. Schlie\u00dflich funktioniert es auch nicht gut, wenn ein sehr langer &#8220;Schwanz&#8221; entsteht, der den ganzen Tag bei der Arbeit hin und her baumelt. Wir empfehlen zum Beispiel maximal 2-4 Perlen und 1 Akzentperle.       <\/p>\n","protected":false},"excerpt":{"rendered":"<p>Typ: Schwesternuhr &#8211; Wei\u00df<\/p>\n<p>Auff\u00e4delbar mit Silikonperlen.<\/p>\n<p>F\u00fcr weitere Informationen siehe unten.<\/p>\n","protected":false},"featured_media":234965,"template":"","meta":[],"product_brand":[],"product_cat":[9389,7184],"product_tag":[9395,7226,9396,9394,9053,9398,9399,9392,8325,17660,8286,7199,8273,17322,7211,8796,7632,9401],"class_list":{"0":"post-227168","1":"product","2":"type-product","3":"status-publish","4":"has-post-thumbnail","6":"product_cat-ausweishalter-mit-kordelzug","7":"product_cat-neue-produkte","8":"product_tag-abzeichen","9":"product_tag-aufreihbar","10":"product_tag-ausweis","11":"product_tag-ausweishalter","12":"product_tag-durchfahrt","13":"product_tag-geht-de","14":"product_tag-halterung","15":"product_tag-kordel-de","16":"product_tag-kordelzug","17":"product_tag-krankenschwester-bell","18":"product_tag-krankenschwestern","19":"product_tag-perlen","20":"product_tag-pflege","21":"product_tag-pflegekrafte","22":"product_tag-silikon","23":"product_tag-transparent","24":"product_tag-weis","25":"product_tag-ziehen","27":"first","28":"instock","29":"taxable","30":"shipping-taxable","31":"purchasable","32":"product-type-simple"},"bundled_by":["235325","235566"],"bundle_stock_status":"instock","bundle_stock_quantity":78,"bundle_virtual":false,"bundle_layout":"","bundle_add_to_cart_form_location":"","bundle_editable_in_cart":false,"bundle_sold_individually_context":"","bundle_item_grouping":"","bundle_min_size":"","bundle_max_size":"","bundle_price":[],"bundled_items":[],"bundle_sell_ids":[],"yoast_head":"<!-- This site is optimized with the Yoast SEO Premium plugin v27.6 (Yoast SEO v27.6) - https:\/\/yoast.com\/product\/yoast-seo-premium-wordpress\/ -->\n<title>Auff\u00e4delbare Schwesternuhr - Wei\u00df | Jootjes<\/title>\n<meta name=\"description\" content=\"Auff\u00e4delbare Schwesternuhr - Wei\u00df . Ideal f\u00fcr das Gesundheitswesen und andere Berufe mit Ausweisen. Auff\u00e4delbar mit Silikonperlen. | Joes\" \/>\n<meta name=\"robots\" content=\"index, follow, max-snippet:-1, max-image-preview:large, max-video-preview:-1\" \/>\n<link rel=\"canonical\" href=\"https:\/\/www.jootjeshaakcadeautjes.nl\/de\/produkt\/ausweishalter-mit-zugband-warmes-puderrosa-kopie-kopie\/\" \/>\n<meta property=\"og:locale\" content=\"de_DE\" \/>\n<meta property=\"og:type\" content=\"article\" \/>\n<meta property=\"og:title\" content=\"Badge Holder mit Kordelzug - Auff\u00e4delbar Krankenschwester Uhr - Wei\u00df\" \/>\n<meta property=\"og:description\" content=\"Auff\u00e4delbare Schwesternuhr - Wei\u00df . Ideal f\u00fcr das Gesundheitswesen und andere Berufe mit Ausweisen. Auff\u00e4delbar mit Silikonperlen. | Joes\" \/>\n<meta property=\"og:url\" content=\"https:\/\/www.jootjeshaakcadeautjes.nl\/de\/produkt\/ausweishalter-mit-zugband-warmes-puderrosa-kopie-kopie\/\" \/>\n<meta property=\"og:site_name\" content=\"Jootjes Haakcadeautjes\" \/>\n<meta property=\"article:modified_time\" content=\"2026-02-17T12:38:04+00:00\" \/>\n<meta property=\"og:image\" content=\"https:\/\/www.jootjeshaakcadeautjes.nl\/wp-content\/uploads\/2025\/06\/Naamloos-1537.webp\" \/>\n\t<meta property=\"og:image:width\" content=\"2048\" \/>\n\t<meta property=\"og:image:height\" content=\"2048\" \/>\n\t<meta property=\"og:image:type\" content=\"image\/webp\" \/>\n<meta name=\"twitter:card\" content=\"summary_large_image\" \/>\n<meta name=\"twitter:label1\" content=\"Preis\" \/>\n\t<meta name=\"twitter:data1\" content=\"&euro;2.75 inkl. MwSt.\" \/>\n\t<meta name=\"twitter:label2\" content=\"Verf\u00fcgbarkeit\" \/>\n\t<meta name=\"twitter:data2\" content=\"Auf Lager\" \/>\n<script type=\"application\/ld+json\" class=\"yoast-schema-graph\">{\"@context\":\"https:\\\/\\\/schema.org\",\"@graph\":[{\"@type\":\"WebPage\",\"@id\":\"https:\\\/\\\/www.jootjeshaakcadeautjes.nl\\\/de\\\/produkt\\\/ausweishalter-mit-zugband-warmes-puderrosa-kopie-kopie\\\/\",\"url\":\"https:\\\/\\\/www.jootjeshaakcadeautjes.nl\\\/de\\\/produkt\\\/ausweishalter-mit-zugband-warmes-puderrosa-kopie-kopie\\\/\",\"name\":\"Auff\u00e4delbare Schwesternuhr - Wei\u00df | Jootjes\",\"isPartOf\":{\"@id\":\"https:\\\/\\\/www.jootjeshaakcadeautjes.nl\\\/de\\\/#website\"},\"primaryImageOfPage\":{\"@id\":\"https:\\\/\\\/www.jootjeshaakcadeautjes.nl\\\/de\\\/produkt\\\/ausweishalter-mit-zugband-warmes-puderrosa-kopie-kopie\\\/#primaryimage\"},\"image\":{\"@id\":\"https:\\\/\\\/www.jootjeshaakcadeautjes.nl\\\/de\\\/produkt\\\/ausweishalter-mit-zugband-warmes-puderrosa-kopie-kopie\\\/#primaryimage\"},\"thumbnailUrl\":\"https:\\\/\\\/d1dyryakdmle7o.cloudfront.net\\\/wp-content\\\/uploads\\\/2025\\\/06\\\/Naamloos-1537.webp\",\"datePublished\":\"2025-06-22T15:30:42+00:00\",\"dateModified\":\"2026-02-17T12:38:04+00:00\",\"description\":\"Auff\u00e4delbare Schwesternuhr - Wei\u00df . Ideal f\u00fcr das Gesundheitswesen und andere Berufe mit Ausweisen. Auff\u00e4delbar mit Silikonperlen. | Joes\",\"breadcrumb\":{\"@id\":\"https:\\\/\\\/www.jootjeshaakcadeautjes.nl\\\/de\\\/produkt\\\/ausweishalter-mit-zugband-warmes-puderrosa-kopie-kopie\\\/#breadcrumb\"},\"inLanguage\":\"de\",\"potentialAction\":[{\"@type\":\"ReadAction\",\"target\":[\"https:\\\/\\\/www.jootjeshaakcadeautjes.nl\\\/de\\\/produkt\\\/ausweishalter-mit-zugband-warmes-puderrosa-kopie-kopie\\\/\"]}]},{\"@type\":\"ImageObject\",\"inLanguage\":\"de\",\"@id\":\"https:\\\/\\\/www.jootjeshaakcadeautjes.nl\\\/de\\\/produkt\\\/ausweishalter-mit-zugband-warmes-puderrosa-kopie-kopie\\\/#primaryimage\",\"url\":\"https:\\\/\\\/d1dyryakdmle7o.cloudfront.net\\\/wp-content\\\/uploads\\\/2025\\\/06\\\/Naamloos-1537.webp\",\"contentUrl\":\"https:\\\/\\\/d1dyryakdmle7o.cloudfront.net\\\/wp-content\\\/uploads\\\/2025\\\/06\\\/Naamloos-1537.webp\",\"width\":2048,\"height\":2048},{\"@type\":\"BreadcrumbList\",\"@id\":\"https:\\\/\\\/www.jootjeshaakcadeautjes.nl\\\/de\\\/produkt\\\/ausweishalter-mit-zugband-warmes-puderrosa-kopie-kopie\\\/#breadcrumb\",\"itemListElement\":[{\"@type\":\"ListItem\",\"position\":1,\"name\":\"Startseite\",\"item\":\"https:\\\/\\\/www.jootjeshaakcadeautjes.nl\\\/de\\\/\"},{\"@type\":\"ListItem\",\"position\":2,\"name\":\"Gro\u00dfhandel mit Silikonperlen &#8211; Business und Consumer\",\"item\":\"https:\\\/\\\/www.jootjeshaakcadeautjes.nl\\\/de\\\/shop\\\/\"},{\"@type\":\"ListItem\",\"position\":3,\"name\":\"Badge Holder mit Kordelzug &#8211; Auff\u00e4delbar Krankenschwester Uhr &#8211; Wei\u00df\"}]},{\"@type\":\"WebSite\",\"@id\":\"https:\\\/\\\/www.jootjeshaakcadeautjes.nl\\\/de\\\/#website\",\"url\":\"https:\\\/\\\/www.jootjeshaakcadeautjes.nl\\\/de\\\/\",\"name\":\"Jootjes Haakcadeautjes\",\"description\":\"Silikonperlen Gro\u00dfhandel \",\"publisher\":{\"@id\":\"https:\\\/\\\/www.jootjeshaakcadeautjes.nl\\\/de\\\/#organization\"},\"potentialAction\":[{\"@type\":\"SearchAction\",\"target\":{\"@type\":\"EntryPoint\",\"urlTemplate\":\"https:\\\/\\\/www.jootjeshaakcadeautjes.nl\\\/de\\\/?s={search_term_string}\"},\"query-input\":{\"@type\":\"PropertyValueSpecification\",\"valueRequired\":true,\"valueName\":\"search_term_string\"}}],\"inLanguage\":\"de\"},{\"@type\":\"Organization\",\"@id\":\"https:\\\/\\\/www.jootjeshaakcadeautjes.nl\\\/de\\\/#organization\",\"name\":\"Jootjes Haakcadeautjes\",\"url\":\"https:\\\/\\\/www.jootjeshaakcadeautjes.nl\\\/de\\\/\",\"logo\":{\"@type\":\"ImageObject\",\"inLanguage\":\"de\",\"@id\":\"https:\\\/\\\/www.jootjeshaakcadeautjes.nl\\\/de\\\/#\\\/schema\\\/logo\\\/image\\\/\",\"url\":\"https:\\\/\\\/d1dyryakdmle7o.cloudfront.net\\\/wp-content\\\/uploads\\\/2023\\\/05\\\/Logo-rond.png\",\"contentUrl\":\"https:\\\/\\\/d1dyryakdmle7o.cloudfront.net\\\/wp-content\\\/uploads\\\/2023\\\/05\\\/Logo-rond.png\",\"width\":1222,\"height\":1222,\"caption\":\"Jootjes Haakcadeautjes\"},\"image\":{\"@id\":\"https:\\\/\\\/www.jootjeshaakcadeautjes.nl\\\/de\\\/#\\\/schema\\\/logo\\\/image\\\/\"}}]}<\/script>\n<meta property=\"product:price:amount\" content=\"2.75\" \/>\n<meta property=\"product:price:currency\" content=\"EUR\" \/>\n<meta property=\"og:availability\" content=\"instock\" \/>\n<meta property=\"product:availability\" content=\"instock\" \/>\n<meta property=\"product:retailer_item_id\" content=\"BDG-TRK-WWT\" \/>\n<meta property=\"product:condition\" content=\"new\" \/>\n<!-- \/ Yoast SEO Premium plugin. -->","yoast_head_json":{"title":"Auff\u00e4delbare Schwesternuhr - Wei\u00df | Jootjes","description":"Auff\u00e4delbare Schwesternuhr - Wei\u00df . Ideal f\u00fcr das Gesundheitswesen und andere Berufe mit Ausweisen. Auff\u00e4delbar mit Silikonperlen. | Joes","robots":{"index":"index","follow":"follow","max-snippet":"max-snippet:-1","max-image-preview":"max-image-preview:large","max-video-preview":"max-video-preview:-1"},"canonical":"https:\/\/www.jootjeshaakcadeautjes.nl\/de\/produkt\/ausweishalter-mit-zugband-warmes-puderrosa-kopie-kopie\/","og_locale":"de_DE","og_type":"article","og_title":"Badge Holder mit Kordelzug - Auff\u00e4delbar Krankenschwester Uhr - Wei\u00df","og_description":"Auff\u00e4delbare Schwesternuhr - Wei\u00df . Ideal f\u00fcr das Gesundheitswesen und andere Berufe mit Ausweisen. Auff\u00e4delbar mit Silikonperlen. | Joes","og_url":"https:\/\/www.jootjeshaakcadeautjes.nl\/de\/produkt\/ausweishalter-mit-zugband-warmes-puderrosa-kopie-kopie\/","og_site_name":"Jootjes Haakcadeautjes","article_modified_time":"2026-02-17T12:38:04+00:00","og_image":[{"width":2048,"height":2048,"url":"https:\/\/www.jootjeshaakcadeautjes.nl\/wp-content\/uploads\/2025\/06\/Naamloos-1537.webp","type":"image\/webp"}],"twitter_card":"summary_large_image","twitter_misc":{"Preis":"&euro;2.75 inkl. MwSt.","Verf\u00fcgbarkeit":"Auf Lager"},"schema":{"@context":"https:\/\/schema.org","@graph":[{"@type":"WebPage","@id":"https:\/\/www.jootjeshaakcadeautjes.nl\/de\/produkt\/ausweishalter-mit-zugband-warmes-puderrosa-kopie-kopie\/","url":"https:\/\/www.jootjeshaakcadeautjes.nl\/de\/produkt\/ausweishalter-mit-zugband-warmes-puderrosa-kopie-kopie\/","name":"Auff\u00e4delbare Schwesternuhr - Wei\u00df | Jootjes","isPartOf":{"@id":"https:\/\/www.jootjeshaakcadeautjes.nl\/de\/#website"},"primaryImageOfPage":{"@id":"https:\/\/www.jootjeshaakcadeautjes.nl\/de\/produkt\/ausweishalter-mit-zugband-warmes-puderrosa-kopie-kopie\/#primaryimage"},"image":{"@id":"https:\/\/www.jootjeshaakcadeautjes.nl\/de\/produkt\/ausweishalter-mit-zugband-warmes-puderrosa-kopie-kopie\/#primaryimage"},"thumbnailUrl":"https:\/\/d1dyryakdmle7o.cloudfront.net\/wp-content\/uploads\/2025\/06\/Naamloos-1537.webp","datePublished":"2025-06-22T15:30:42+00:00","dateModified":"2026-02-17T12:38:04+00:00","description":"Auff\u00e4delbare Schwesternuhr - Wei\u00df . Ideal f\u00fcr das Gesundheitswesen und andere Berufe mit Ausweisen. Auff\u00e4delbar mit Silikonperlen. | Joes","breadcrumb":{"@id":"https:\/\/www.jootjeshaakcadeautjes.nl\/de\/produkt\/ausweishalter-mit-zugband-warmes-puderrosa-kopie-kopie\/#breadcrumb"},"inLanguage":"de","potentialAction":[{"@type":"ReadAction","target":["https:\/\/www.jootjeshaakcadeautjes.nl\/de\/produkt\/ausweishalter-mit-zugband-warmes-puderrosa-kopie-kopie\/"]}]},{"@type":"ImageObject","inLanguage":"de","@id":"https:\/\/www.jootjeshaakcadeautjes.nl\/de\/produkt\/ausweishalter-mit-zugband-warmes-puderrosa-kopie-kopie\/#primaryimage","url":"https:\/\/d1dyryakdmle7o.cloudfront.net\/wp-content\/uploads\/2025\/06\/Naamloos-1537.webp","contentUrl":"https:\/\/d1dyryakdmle7o.cloudfront.net\/wp-content\/uploads\/2025\/06\/Naamloos-1537.webp","width":2048,"height":2048},{"@type":"BreadcrumbList","@id":"https:\/\/www.jootjeshaakcadeautjes.nl\/de\/produkt\/ausweishalter-mit-zugband-warmes-puderrosa-kopie-kopie\/#breadcrumb","itemListElement":[{"@type":"ListItem","position":1,"name":"Startseite","item":"https:\/\/www.jootjeshaakcadeautjes.nl\/de\/"},{"@type":"ListItem","position":2,"name":"Gro\u00dfhandel mit Silikonperlen &#8211; Business und Consumer","item":"https:\/\/www.jootjeshaakcadeautjes.nl\/de\/shop\/"},{"@type":"ListItem","position":3,"name":"Badge Holder mit Kordelzug &#8211; Auff\u00e4delbar Krankenschwester Uhr &#8211; Wei\u00df"}]},{"@type":"WebSite","@id":"https:\/\/www.jootjeshaakcadeautjes.nl\/de\/#website","url":"https:\/\/www.jootjeshaakcadeautjes.nl\/de\/","name":"Jootjes Haakcadeautjes","description":"Silikonperlen Gro\u00dfhandel ","publisher":{"@id":"https:\/\/www.jootjeshaakcadeautjes.nl\/de\/#organization"},"potentialAction":[{"@type":"SearchAction","target":{"@type":"EntryPoint","urlTemplate":"https:\/\/www.jootjeshaakcadeautjes.nl\/de\/?s={search_term_string}"},"query-input":{"@type":"PropertyValueSpecification","valueRequired":true,"valueName":"search_term_string"}}],"inLanguage":"de"},{"@type":"Organization","@id":"https:\/\/www.jootjeshaakcadeautjes.nl\/de\/#organization","name":"Jootjes Haakcadeautjes","url":"https:\/\/www.jootjeshaakcadeautjes.nl\/de\/","logo":{"@type":"ImageObject","inLanguage":"de","@id":"https:\/\/www.jootjeshaakcadeautjes.nl\/de\/#\/schema\/logo\/image\/","url":"https:\/\/d1dyryakdmle7o.cloudfront.net\/wp-content\/uploads\/2023\/05\/Logo-rond.png","contentUrl":"https:\/\/d1dyryakdmle7o.cloudfront.net\/wp-content\/uploads\/2023\/05\/Logo-rond.png","width":1222,"height":1222,"caption":"Jootjes Haakcadeautjes"},"image":{"@id":"https:\/\/www.jootjeshaakcadeautjes.nl\/de\/#\/schema\/logo\/image\/"}}]},"product_price_amount":"2.75","product_price_currency":"EUR","og_availability":"instock","product_availability":"instock","product_retailer_item_id":"BDG-TRK-WWT","product_condition":"new"},"_links":{"self":[{"href":"https:\/\/www.jootjeshaakcadeautjes.nl\/de\/wp-json\/wp\/v2\/product\/227168","targetHints":{"allow":["GET"]}}],"collection":[{"href":"https:\/\/www.jootjeshaakcadeautjes.nl\/de\/wp-json\/wp\/v2\/product"}],"about":[{"href":"https:\/\/www.jootjeshaakcadeautjes.nl\/de\/wp-json\/wp\/v2\/types\/product"}],"version-history":[{"count":0,"href":"https:\/\/www.jootjeshaakcadeautjes.nl\/de\/wp-json\/wp\/v2\/product\/227168\/revisions"}],"wp:featuredmedia":[{"embeddable":true,"href":"https:\/\/www.jootjeshaakcadeautjes.nl\/de\/wp-json\/wp\/v2\/media\/234965"}],"wp:attachment":[{"href":"https:\/\/www.jootjeshaakcadeautjes.nl\/de\/wp-json\/wp\/v2\/media?parent=227168"}],"wp:term":[{"taxonomy":"product_brand","embeddable":true,"href":"https:\/\/www.jootjeshaakcadeautjes.nl\/de\/wp-json\/wp\/v2\/product_brand?post=227168"},{"taxonomy":"product_cat","embeddable":true,"href":"https:\/\/www.jootjeshaakcadeautjes.nl\/de\/wp-json\/wp\/v2\/product_cat?post=227168"},{"taxonomy":"product_tag","embeddable":true,"href":"https:\/\/www.jootjeshaakcadeautjes.nl\/de\/wp-json\/wp\/v2\/product_tag?post=227168"}],"curies":[{"name":"wp","href":"https:\/\/api.w.org\/{rel}","templated":true}]}}