{"id":227672,"date":"2025-05-13T18:50:24","date_gmt":"2025-05-13T16:50:24","guid":{"rendered":"https:\/\/www.jootjeshaakcadeautjes.nl\/?post_type=product&#038;p=227672"},"modified":"2026-03-07T09:39:15","modified_gmt":"2026-03-07T08:39:15","slug":"schlusselanhanger-clip-on-ring-18-mm-silber-kopie-kopie-kopie-kopie-kopie","status":"publish","type":"product","link":"https:\/\/www.jootjeshaakcadeautjes.nl\/de\/produkt\/schlusselanhanger-clip-on-ring-18-mm-silber-kopie-kopie-kopie-kopie-kopie\/","title":{"rendered":"Schl\u00fcsselanh\u00e4nger &#8211; Clip On Musketon &#8211; Champagner"},"content":{"rendered":"<h3>Schl\u00fcsselanh\u00e4nger &#8211; Clip On Ring Musketon &#8211; Champagner<\/h3>\n<h3>Verwendung:<\/h3>\n<p>Diese Clip-on Ringe in der Farbe Champagne werden z.B. als Zwischenteile zum Anklicken eines Designs\/Schl\u00fcssels verwendet. Wie zum Beispiel Schl\u00fcsselanh\u00e4nger aus Holz und Silikonperlen oder Taschenanh\u00e4nger mit oder ohne Namen. Indem man sie an einem Musketonhaken des Schl\u00fcsselrings befestigt, kann man sie leicht an eine Tasche oder als Teil eines Schl\u00fcsselrings h\u00e4ngen. Sie sind auch leicht herzustellen, so dass der ganze Prozess nicht zu viel Zeit in Anspruch nimmt.   <\/p>\n<p>Diese Clip On Ring Musketon &#8211; Champagne werden auch gerne zur Herstellung von geh\u00e4kelten Schl\u00fcsselanh\u00e4ngern oder Taschenanh\u00e4ngern aus Holz- und Silikonperlen verwendet. Daran l\u00e4sst sich dann auch ein kleines Stofftier befestigen, z. B. ein kleiner Pilz, geh\u00e4kelte Obstst\u00fccke (Kirschen oder andere) oder kleine geh\u00e4kelte Enten. Der kleine Clip hat keinen Schalter, sondern man dr\u00fcckt einfach auf das Scharnier.  <\/p>\n","protected":false},"excerpt":{"rendered":"<p>Farbe: Champagner<\/p>\n<p>Material: rostfreier Stahl<\/p>\n<p>Ideal zur Herstellung eines geh\u00e4kelten Schl\u00fcsselanh\u00e4ngers oder Gl\u00fccksbringers oder eines handgefertigten Schl\u00fcsselanh\u00e4ngers oder Taschenanh\u00e4ngers aus Holz- oder Silikonperlen mit oder ohne Namen. Zum Beispiel f\u00fcr einen Turnbeutel. <\/p>\n","protected":false},"featured_media":219418,"template":"","meta":[],"product_brand":[],"product_cat":[8247,8267,8262],"product_tag":[14226,8139,17829,7208,8268,8272,8433,8285,8278,7444,8275,14228,8430,14980],"class_list":{"0":"post-227672","1":"product","2":"type-product","3":"status-publish","4":"has-post-thumbnail","6":"product_cat-bastelmaterial-hakelzubehor","7":"product_cat-lucky-dolls-diy-perlen-und-zubehor","8":"product_cat-schlusselanhanger-und-haken","9":"product_tag-anschnallen","10":"product_tag-champagner","11":"product_tag-clip-on-ring-musketon-de","12":"product_tag-gluckspuppe","13":"product_tag-hakchen","14":"product_tag-metall","15":"product_tag-mobiltelefon","16":"product_tag-musketenhaken","17":"product_tag-musketeon","18":"product_tag-schlusselanhanger","19":"product_tag-stab","20":"product_tag-taschen-de","21":"product_tag-telefon","22":"product_tag-telefon-anhanger","24":"first","25":"instock","26":"taxable","27":"shipping-taxable","28":"purchasable","29":"product-type-simple"},"bundled_by":[],"bundle_stock_status":"instock","bundle_stock_quantity":235,"bundle_virtual":false,"bundle_layout":"","bundle_add_to_cart_form_location":"","bundle_editable_in_cart":false,"bundle_sold_individually_context":"","bundle_item_grouping":"","bundle_min_size":"","bundle_max_size":"","bundle_price":[],"bundled_items":[],"bundle_sell_ids":[],"yoast_head":"<!-- This site is optimized with the Yoast SEO Premium plugin v27.6 (Yoast SEO v27.6) - https:\/\/yoast.com\/product\/yoast-seo-premium-wordpress\/ -->\n<title>Schl\u00fcsselanh\u00e4nger - Clip On Ring Musketon - Champagner |Juts<\/title>\n<meta name=\"description\" content=\"Schl\u00fcsselanh\u00e4nger mit Musketenhaken mini zur Herstellung von Gl\u00fccksbringern, geh\u00e4kelten Schl\u00fcsselanh\u00e4ngern, Schl\u00fcssel- oder Taschenanh\u00e4ngern aus Holz oder Silikon.\" \/>\n<meta name=\"robots\" content=\"index, follow, max-snippet:-1, max-image-preview:large, max-video-preview:-1\" \/>\n<link rel=\"canonical\" href=\"https:\/\/www.jootjeshaakcadeautjes.nl\/de\/produkt\/schlusselanhanger-clip-on-ring-18-mm-silber-kopie-kopie-kopie-kopie-kopie\/\" \/>\n<meta property=\"og:locale\" content=\"de_DE\" \/>\n<meta property=\"og:type\" content=\"article\" \/>\n<meta property=\"og:title\" content=\"Schl\u00fcsselanh\u00e4nger - Clip On Musketon - Champagner\" \/>\n<meta property=\"og:description\" content=\"Schl\u00fcsselanh\u00e4nger mit Musketenhaken mini zur Herstellung von Gl\u00fccksbringern, geh\u00e4kelten Schl\u00fcsselanh\u00e4ngern, Schl\u00fcssel- oder Taschenanh\u00e4ngern aus Holz oder Silikon.\" \/>\n<meta property=\"og:url\" content=\"https:\/\/www.jootjeshaakcadeautjes.nl\/de\/produkt\/schlusselanhanger-clip-on-ring-18-mm-silber-kopie-kopie-kopie-kopie-kopie\/\" \/>\n<meta property=\"og:site_name\" content=\"Jootjes Haakcadeautjes\" \/>\n<meta property=\"article:modified_time\" content=\"2026-03-07T08:39:15+00:00\" \/>\n<meta property=\"og:image\" content=\"https:\/\/www.jootjeshaakcadeautjes.nl\/wp-content\/uploads\/2025\/04\/20241113_215553.webp\" \/>\n\t<meta property=\"og:image:width\" content=\"2048\" \/>\n\t<meta property=\"og:image:height\" content=\"2048\" \/>\n\t<meta property=\"og:image:type\" content=\"image\/webp\" \/>\n<meta name=\"twitter:card\" content=\"summary_large_image\" \/>\n<meta name=\"twitter:label1\" content=\"Preis\" \/>\n\t<meta name=\"twitter:data1\" content=\"&euro;0.35 inkl. MwSt.\" \/>\n\t<meta name=\"twitter:label2\" content=\"Verf\u00fcgbarkeit\" \/>\n\t<meta name=\"twitter:data2\" content=\"Auf Lager\" \/>\n<script type=\"application\/ld+json\" class=\"yoast-schema-graph\">{\"@context\":\"https:\\\/\\\/schema.org\",\"@graph\":[{\"@type\":\"WebPage\",\"@id\":\"https:\\\/\\\/www.jootjeshaakcadeautjes.nl\\\/de\\\/produkt\\\/schlusselanhanger-clip-on-ring-18-mm-silber-kopie-kopie-kopie-kopie-kopie\\\/\",\"url\":\"https:\\\/\\\/www.jootjeshaakcadeautjes.nl\\\/de\\\/produkt\\\/schlusselanhanger-clip-on-ring-18-mm-silber-kopie-kopie-kopie-kopie-kopie\\\/\",\"name\":\"Schl\u00fcsselanh\u00e4nger - Clip On Ring Musketon - Champagner |Juts\",\"isPartOf\":{\"@id\":\"https:\\\/\\\/www.jootjeshaakcadeautjes.nl\\\/de\\\/#website\"},\"primaryImageOfPage\":{\"@id\":\"https:\\\/\\\/www.jootjeshaakcadeautjes.nl\\\/de\\\/produkt\\\/schlusselanhanger-clip-on-ring-18-mm-silber-kopie-kopie-kopie-kopie-kopie\\\/#primaryimage\"},\"image\":{\"@id\":\"https:\\\/\\\/www.jootjeshaakcadeautjes.nl\\\/de\\\/produkt\\\/schlusselanhanger-clip-on-ring-18-mm-silber-kopie-kopie-kopie-kopie-kopie\\\/#primaryimage\"},\"thumbnailUrl\":\"https:\\\/\\\/d1dyryakdmle7o.cloudfront.net\\\/wp-content\\\/uploads\\\/2025\\\/04\\\/20241113_215553.webp\",\"datePublished\":\"2025-05-13T16:50:24+00:00\",\"dateModified\":\"2026-03-07T08:39:15+00:00\",\"description\":\"Schl\u00fcsselanh\u00e4nger mit Musketenhaken mini zur Herstellung von Gl\u00fccksbringern, geh\u00e4kelten Schl\u00fcsselanh\u00e4ngern, Schl\u00fcssel- oder Taschenanh\u00e4ngern aus Holz oder Silikon.\",\"breadcrumb\":{\"@id\":\"https:\\\/\\\/www.jootjeshaakcadeautjes.nl\\\/de\\\/produkt\\\/schlusselanhanger-clip-on-ring-18-mm-silber-kopie-kopie-kopie-kopie-kopie\\\/#breadcrumb\"},\"inLanguage\":\"de\",\"potentialAction\":[{\"@type\":\"ReadAction\",\"target\":[\"https:\\\/\\\/www.jootjeshaakcadeautjes.nl\\\/de\\\/produkt\\\/schlusselanhanger-clip-on-ring-18-mm-silber-kopie-kopie-kopie-kopie-kopie\\\/\"]}]},{\"@type\":\"ImageObject\",\"inLanguage\":\"de\",\"@id\":\"https:\\\/\\\/www.jootjeshaakcadeautjes.nl\\\/de\\\/produkt\\\/schlusselanhanger-clip-on-ring-18-mm-silber-kopie-kopie-kopie-kopie-kopie\\\/#primaryimage\",\"url\":\"https:\\\/\\\/d1dyryakdmle7o.cloudfront.net\\\/wp-content\\\/uploads\\\/2025\\\/04\\\/20241113_215553.webp\",\"contentUrl\":\"https:\\\/\\\/d1dyryakdmle7o.cloudfront.net\\\/wp-content\\\/uploads\\\/2025\\\/04\\\/20241113_215553.webp\",\"width\":2048,\"height\":2048},{\"@type\":\"BreadcrumbList\",\"@id\":\"https:\\\/\\\/www.jootjeshaakcadeautjes.nl\\\/de\\\/produkt\\\/schlusselanhanger-clip-on-ring-18-mm-silber-kopie-kopie-kopie-kopie-kopie\\\/#breadcrumb\",\"itemListElement\":[{\"@type\":\"ListItem\",\"position\":1,\"name\":\"Startseite\",\"item\":\"https:\\\/\\\/www.jootjeshaakcadeautjes.nl\\\/de\\\/\"},{\"@type\":\"ListItem\",\"position\":2,\"name\":\"Gro\u00dfhandel mit Silikonperlen &#8211; Business und Consumer\",\"item\":\"https:\\\/\\\/www.jootjeshaakcadeautjes.nl\\\/de\\\/shop\\\/\"},{\"@type\":\"ListItem\",\"position\":3,\"name\":\"Schl\u00fcsselanh\u00e4nger &#8211; Clip On Musketon &#8211; Champagner\"}]},{\"@type\":\"WebSite\",\"@id\":\"https:\\\/\\\/www.jootjeshaakcadeautjes.nl\\\/de\\\/#website\",\"url\":\"https:\\\/\\\/www.jootjeshaakcadeautjes.nl\\\/de\\\/\",\"name\":\"Jootjes Haakcadeautjes\",\"description\":\"Silikonperlen Gro\u00dfhandel \",\"publisher\":{\"@id\":\"https:\\\/\\\/www.jootjeshaakcadeautjes.nl\\\/de\\\/#organization\"},\"potentialAction\":[{\"@type\":\"SearchAction\",\"target\":{\"@type\":\"EntryPoint\",\"urlTemplate\":\"https:\\\/\\\/www.jootjeshaakcadeautjes.nl\\\/de\\\/?s={search_term_string}\"},\"query-input\":{\"@type\":\"PropertyValueSpecification\",\"valueRequired\":true,\"valueName\":\"search_term_string\"}}],\"inLanguage\":\"de\"},{\"@type\":\"Organization\",\"@id\":\"https:\\\/\\\/www.jootjeshaakcadeautjes.nl\\\/de\\\/#organization\",\"name\":\"Jootjes Haakcadeautjes\",\"url\":\"https:\\\/\\\/www.jootjeshaakcadeautjes.nl\\\/de\\\/\",\"logo\":{\"@type\":\"ImageObject\",\"inLanguage\":\"de\",\"@id\":\"https:\\\/\\\/www.jootjeshaakcadeautjes.nl\\\/de\\\/#\\\/schema\\\/logo\\\/image\\\/\",\"url\":\"https:\\\/\\\/d1dyryakdmle7o.cloudfront.net\\\/wp-content\\\/uploads\\\/2023\\\/05\\\/Logo-rond.png\",\"contentUrl\":\"https:\\\/\\\/d1dyryakdmle7o.cloudfront.net\\\/wp-content\\\/uploads\\\/2023\\\/05\\\/Logo-rond.png\",\"width\":1222,\"height\":1222,\"caption\":\"Jootjes Haakcadeautjes\"},\"image\":{\"@id\":\"https:\\\/\\\/www.jootjeshaakcadeautjes.nl\\\/de\\\/#\\\/schema\\\/logo\\\/image\\\/\"}}]}<\/script>\n<meta property=\"product:price:amount\" content=\"0.35\" \/>\n<meta property=\"product:price:currency\" content=\"EUR\" \/>\n<meta property=\"og:availability\" content=\"instock\" \/>\n<meta property=\"product:availability\" content=\"instock\" \/>\n<meta property=\"product:retailer_item_id\" content=\"SLE-COR-CPN\" \/>\n<meta property=\"product:condition\" content=\"new\" \/>\n<!-- \/ Yoast SEO Premium plugin. -->","yoast_head_json":{"title":"Schl\u00fcsselanh\u00e4nger - Clip On Ring Musketon - Champagner |Juts","description":"Schl\u00fcsselanh\u00e4nger mit Musketenhaken mini zur Herstellung von Gl\u00fccksbringern, geh\u00e4kelten Schl\u00fcsselanh\u00e4ngern, Schl\u00fcssel- oder Taschenanh\u00e4ngern aus Holz oder Silikon.","robots":{"index":"index","follow":"follow","max-snippet":"max-snippet:-1","max-image-preview":"max-image-preview:large","max-video-preview":"max-video-preview:-1"},"canonical":"https:\/\/www.jootjeshaakcadeautjes.nl\/de\/produkt\/schlusselanhanger-clip-on-ring-18-mm-silber-kopie-kopie-kopie-kopie-kopie\/","og_locale":"de_DE","og_type":"article","og_title":"Schl\u00fcsselanh\u00e4nger - Clip On Musketon - Champagner","og_description":"Schl\u00fcsselanh\u00e4nger mit Musketenhaken mini zur Herstellung von Gl\u00fccksbringern, geh\u00e4kelten Schl\u00fcsselanh\u00e4ngern, Schl\u00fcssel- oder Taschenanh\u00e4ngern aus Holz oder Silikon.","og_url":"https:\/\/www.jootjeshaakcadeautjes.nl\/de\/produkt\/schlusselanhanger-clip-on-ring-18-mm-silber-kopie-kopie-kopie-kopie-kopie\/","og_site_name":"Jootjes Haakcadeautjes","article_modified_time":"2026-03-07T08:39:15+00:00","og_image":[{"width":2048,"height":2048,"url":"https:\/\/www.jootjeshaakcadeautjes.nl\/wp-content\/uploads\/2025\/04\/20241113_215553.webp","type":"image\/webp"}],"twitter_card":"summary_large_image","twitter_misc":{"Preis":"&euro;0.35 inkl. MwSt.","Verf\u00fcgbarkeit":"Auf Lager"},"schema":{"@context":"https:\/\/schema.org","@graph":[{"@type":"WebPage","@id":"https:\/\/www.jootjeshaakcadeautjes.nl\/de\/produkt\/schlusselanhanger-clip-on-ring-18-mm-silber-kopie-kopie-kopie-kopie-kopie\/","url":"https:\/\/www.jootjeshaakcadeautjes.nl\/de\/produkt\/schlusselanhanger-clip-on-ring-18-mm-silber-kopie-kopie-kopie-kopie-kopie\/","name":"Schl\u00fcsselanh\u00e4nger - Clip On Ring Musketon - Champagner |Juts","isPartOf":{"@id":"https:\/\/www.jootjeshaakcadeautjes.nl\/de\/#website"},"primaryImageOfPage":{"@id":"https:\/\/www.jootjeshaakcadeautjes.nl\/de\/produkt\/schlusselanhanger-clip-on-ring-18-mm-silber-kopie-kopie-kopie-kopie-kopie\/#primaryimage"},"image":{"@id":"https:\/\/www.jootjeshaakcadeautjes.nl\/de\/produkt\/schlusselanhanger-clip-on-ring-18-mm-silber-kopie-kopie-kopie-kopie-kopie\/#primaryimage"},"thumbnailUrl":"https:\/\/d1dyryakdmle7o.cloudfront.net\/wp-content\/uploads\/2025\/04\/20241113_215553.webp","datePublished":"2025-05-13T16:50:24+00:00","dateModified":"2026-03-07T08:39:15+00:00","description":"Schl\u00fcsselanh\u00e4nger mit Musketenhaken mini zur Herstellung von Gl\u00fccksbringern, geh\u00e4kelten Schl\u00fcsselanh\u00e4ngern, Schl\u00fcssel- oder Taschenanh\u00e4ngern aus Holz oder Silikon.","breadcrumb":{"@id":"https:\/\/www.jootjeshaakcadeautjes.nl\/de\/produkt\/schlusselanhanger-clip-on-ring-18-mm-silber-kopie-kopie-kopie-kopie-kopie\/#breadcrumb"},"inLanguage":"de","potentialAction":[{"@type":"ReadAction","target":["https:\/\/www.jootjeshaakcadeautjes.nl\/de\/produkt\/schlusselanhanger-clip-on-ring-18-mm-silber-kopie-kopie-kopie-kopie-kopie\/"]}]},{"@type":"ImageObject","inLanguage":"de","@id":"https:\/\/www.jootjeshaakcadeautjes.nl\/de\/produkt\/schlusselanhanger-clip-on-ring-18-mm-silber-kopie-kopie-kopie-kopie-kopie\/#primaryimage","url":"https:\/\/d1dyryakdmle7o.cloudfront.net\/wp-content\/uploads\/2025\/04\/20241113_215553.webp","contentUrl":"https:\/\/d1dyryakdmle7o.cloudfront.net\/wp-content\/uploads\/2025\/04\/20241113_215553.webp","width":2048,"height":2048},{"@type":"BreadcrumbList","@id":"https:\/\/www.jootjeshaakcadeautjes.nl\/de\/produkt\/schlusselanhanger-clip-on-ring-18-mm-silber-kopie-kopie-kopie-kopie-kopie\/#breadcrumb","itemListElement":[{"@type":"ListItem","position":1,"name":"Startseite","item":"https:\/\/www.jootjeshaakcadeautjes.nl\/de\/"},{"@type":"ListItem","position":2,"name":"Gro\u00dfhandel mit Silikonperlen &#8211; Business und Consumer","item":"https:\/\/www.jootjeshaakcadeautjes.nl\/de\/shop\/"},{"@type":"ListItem","position":3,"name":"Schl\u00fcsselanh\u00e4nger &#8211; Clip On Musketon &#8211; Champagner"}]},{"@type":"WebSite","@id":"https:\/\/www.jootjeshaakcadeautjes.nl\/de\/#website","url":"https:\/\/www.jootjeshaakcadeautjes.nl\/de\/","name":"Jootjes Haakcadeautjes","description":"Silikonperlen Gro\u00dfhandel ","publisher":{"@id":"https:\/\/www.jootjeshaakcadeautjes.nl\/de\/#organization"},"potentialAction":[{"@type":"SearchAction","target":{"@type":"EntryPoint","urlTemplate":"https:\/\/www.jootjeshaakcadeautjes.nl\/de\/?s={search_term_string}"},"query-input":{"@type":"PropertyValueSpecification","valueRequired":true,"valueName":"search_term_string"}}],"inLanguage":"de"},{"@type":"Organization","@id":"https:\/\/www.jootjeshaakcadeautjes.nl\/de\/#organization","name":"Jootjes Haakcadeautjes","url":"https:\/\/www.jootjeshaakcadeautjes.nl\/de\/","logo":{"@type":"ImageObject","inLanguage":"de","@id":"https:\/\/www.jootjeshaakcadeautjes.nl\/de\/#\/schema\/logo\/image\/","url":"https:\/\/d1dyryakdmle7o.cloudfront.net\/wp-content\/uploads\/2023\/05\/Logo-rond.png","contentUrl":"https:\/\/d1dyryakdmle7o.cloudfront.net\/wp-content\/uploads\/2023\/05\/Logo-rond.png","width":1222,"height":1222,"caption":"Jootjes Haakcadeautjes"},"image":{"@id":"https:\/\/www.jootjeshaakcadeautjes.nl\/de\/#\/schema\/logo\/image\/"}}]},"product_price_amount":"0.35","product_price_currency":"EUR","og_availability":"instock","product_availability":"instock","product_retailer_item_id":"SLE-COR-CPN","product_condition":"new"},"_links":{"self":[{"href":"https:\/\/www.jootjeshaakcadeautjes.nl\/de\/wp-json\/wp\/v2\/product\/227672","targetHints":{"allow":["GET"]}}],"collection":[{"href":"https:\/\/www.jootjeshaakcadeautjes.nl\/de\/wp-json\/wp\/v2\/product"}],"about":[{"href":"https:\/\/www.jootjeshaakcadeautjes.nl\/de\/wp-json\/wp\/v2\/types\/product"}],"version-history":[{"count":0,"href":"https:\/\/www.jootjeshaakcadeautjes.nl\/de\/wp-json\/wp\/v2\/product\/227672\/revisions"}],"wp:featuredmedia":[{"embeddable":true,"href":"https:\/\/www.jootjeshaakcadeautjes.nl\/de\/wp-json\/wp\/v2\/media\/219418"}],"wp:attachment":[{"href":"https:\/\/www.jootjeshaakcadeautjes.nl\/de\/wp-json\/wp\/v2\/media?parent=227672"}],"wp:term":[{"taxonomy":"product_brand","embeddable":true,"href":"https:\/\/www.jootjeshaakcadeautjes.nl\/de\/wp-json\/wp\/v2\/product_brand?post=227672"},{"taxonomy":"product_cat","embeddable":true,"href":"https:\/\/www.jootjeshaakcadeautjes.nl\/de\/wp-json\/wp\/v2\/product_cat?post=227672"},{"taxonomy":"product_tag","embeddable":true,"href":"https:\/\/www.jootjeshaakcadeautjes.nl\/de\/wp-json\/wp\/v2\/product_tag?post=227672"}],"curies":[{"name":"wp","href":"https:\/\/api.w.org\/{rel}","templated":true}]}}