{"id":230386,"date":"2025-06-17T14:33:20","date_gmt":"2025-06-17T12:33:20","guid":{"rendered":"https:\/\/www.jootjeshaakcadeautjes.nl\/?post_type=product&#038;p=230386"},"modified":"2026-03-12T20:00:34","modified_gmt":"2026-03-12T19:00:34","slug":"beisfigur-silikon-und-holz-schwan-old-lace-kopie-kopie","status":"publish","type":"product","link":"https:\/\/www.jootjeshaakcadeautjes.nl\/de\/produkt\/beisfigur-silikon-und-holz-schwan-old-lace-kopie-kopie\/","title":{"rendered":"Zahnungsfigur &#8211; Silikon und Holz &#8211; Schmetterling &#8211; Bernstein"},"content":{"rendered":"<h2>Zahnungsfigur &#8211; Silikon und Holz &#8211; Schmetterling &#8211; Bernstein<\/h2>\n<ul>\n<li>Farbe: Bernstein<\/li>\n<li>Material: EN-71 sicher getestetes Buchenholz und Silikonmaterial, v\u00f6llig BPA-frei<\/li>\n<li>Modell: Schmetterling<\/li>\n<\/ul>\n<p>Diese Bei\u00dffigur passt perfekt zu unseren Buchenholzperlen, Ringen und anderen White-Produkten.<\/p>\n","protected":false},"excerpt":{"rendered":"<ul>\n<li>Farbe: Bernstein<\/li>\n<li>Material: EN-71 sicher getestetes Buchenholz und Silikonmaterial, v\u00f6llig BPA-frei<\/li>\n<li>Modell: Schmetterling<\/li>\n<\/ul>\n<p>&nbsp;<\/p>\n","protected":false},"featured_media":233933,"template":"","meta":[],"product_brand":[],"product_cat":[8308,7184],"product_tag":[9456,7510,7385,7562,7419,8047,8315,7901,8762,7394,7464,8046,7597,7451,8317,8376,7520,7211,9080,9068,8309,8105],"class_list":{"0":"post-230386","1":"product","2":"type-product","3":"status-publish","4":"has-post-thumbnail","6":"product_cat-beisringe-und-beismarken-aus-silikon-und-holz","7":"product_cat-neue-produkte","8":"product_tag-amber-de","9":"product_tag-baby-de","10":"product_tag-beisring","11":"product_tag-bisswunde","12":"product_tag-bpa-de","13":"product_tag-buche","14":"product_tag-durchkommend","15":"product_tag-en-71-de","16":"product_tag-gegenwart","17":"product_tag-geschenk-de","18":"product_tag-groshandel","19":"product_tag-holz-de","20":"product_tag-kind-de","21":"product_tag-kostenlos","22":"product_tag-kuhlung","23":"product_tag-schmetterling","24":"product_tag-sicher","25":"product_tag-silikon","26":"product_tag-spielen","27":"product_tag-stand","28":"product_tag-zahne","29":"product_tag-zubehor","31":"first","32":"instock","33":"taxable","34":"shipping-taxable","35":"purchasable","36":"product-type-simple"},"bundled_by":[],"bundle_stock_status":"instock","bundle_stock_quantity":2,"bundle_virtual":false,"bundle_layout":"","bundle_add_to_cart_form_location":"","bundle_editable_in_cart":false,"bundle_sold_individually_context":"","bundle_item_grouping":"","bundle_min_size":"","bundle_max_size":"","bundle_price":[],"bundled_items":[],"bundle_sell_ids":[],"yoast_head":"<!-- This site is optimized with the Yoast SEO Premium plugin v27.6 (Yoast SEO v27.6) - https:\/\/yoast.com\/product\/yoast-seo-premium-wordpress\/ -->\n<title>Zahnungsfigur - Silikon und Holz - Schmetterling Bernstein | Jootjes<\/title>\n<meta name=\"description\" content=\"Figur zum Zahnen - Silikon und Holz - Schmetterling Bernstein. Babysicher, bpa-frei. Das perfekte Babyzubeh\u00f6r als Umstandsgeschenk bei uns, DEM Gro\u00dfh\u00e4ndler.\" \/>\n<meta name=\"robots\" content=\"index, follow, max-snippet:-1, max-image-preview:large, max-video-preview:-1\" \/>\n<link rel=\"canonical\" href=\"https:\/\/www.jootjeshaakcadeautjes.nl\/de\/produkt\/beisfigur-silikon-und-holz-schwan-old-lace-kopie-kopie\/\" \/>\n<meta property=\"og:locale\" content=\"de_DE\" \/>\n<meta property=\"og:type\" content=\"article\" \/>\n<meta property=\"og:title\" content=\"Zahnungsfigur - Silikon und Holz - Schmetterling - Bernstein\" \/>\n<meta property=\"og:description\" content=\"Figur zum Zahnen - Silikon und Holz - Schmetterling Bernstein. Babysicher, bpa-frei. Das perfekte Babyzubeh\u00f6r als Umstandsgeschenk bei uns, DEM Gro\u00dfh\u00e4ndler.\" \/>\n<meta property=\"og:url\" content=\"https:\/\/www.jootjeshaakcadeautjes.nl\/de\/produkt\/beisfigur-silikon-und-holz-schwan-old-lace-kopie-kopie\/\" \/>\n<meta property=\"og:site_name\" content=\"Jootjes Haakcadeautjes\" \/>\n<meta property=\"article:modified_time\" content=\"2026-03-12T19:00:34+00:00\" \/>\n<meta property=\"og:image\" content=\"https:\/\/www.jootjeshaakcadeautjes.nl\/wp-content\/uploads\/2025\/06\/Naamloos-1449.webp\" \/>\n\t<meta property=\"og:image:width\" content=\"1874\" \/>\n\t<meta property=\"og:image:height\" content=\"1874\" \/>\n\t<meta property=\"og:image:type\" content=\"image\/webp\" \/>\n<meta name=\"twitter:card\" content=\"summary_large_image\" \/>\n<meta name=\"twitter:label1\" content=\"Preis\" \/>\n\t<meta name=\"twitter:data1\" content=\"&euro;3.75 inkl. MwSt.\" \/>\n\t<meta name=\"twitter:label2\" content=\"Verf\u00fcgbarkeit\" \/>\n\t<meta name=\"twitter:data2\" content=\"Auf Lager\" \/>\n<script type=\"application\/ld+json\" class=\"yoast-schema-graph\">{\"@context\":\"https:\\\/\\\/schema.org\",\"@graph\":[{\"@type\":\"WebPage\",\"@id\":\"https:\\\/\\\/www.jootjeshaakcadeautjes.nl\\\/de\\\/produkt\\\/beisfigur-silikon-und-holz-schwan-old-lace-kopie-kopie\\\/\",\"url\":\"https:\\\/\\\/www.jootjeshaakcadeautjes.nl\\\/de\\\/produkt\\\/beisfigur-silikon-und-holz-schwan-old-lace-kopie-kopie\\\/\",\"name\":\"Zahnungsfigur - Silikon und Holz - Schmetterling Bernstein | Jootjes\",\"isPartOf\":{\"@id\":\"https:\\\/\\\/www.jootjeshaakcadeautjes.nl\\\/de\\\/#website\"},\"primaryImageOfPage\":{\"@id\":\"https:\\\/\\\/www.jootjeshaakcadeautjes.nl\\\/de\\\/produkt\\\/beisfigur-silikon-und-holz-schwan-old-lace-kopie-kopie\\\/#primaryimage\"},\"image\":{\"@id\":\"https:\\\/\\\/www.jootjeshaakcadeautjes.nl\\\/de\\\/produkt\\\/beisfigur-silikon-und-holz-schwan-old-lace-kopie-kopie\\\/#primaryimage\"},\"thumbnailUrl\":\"https:\\\/\\\/d1dyryakdmle7o.cloudfront.net\\\/wp-content\\\/uploads\\\/2025\\\/06\\\/Naamloos-1449.webp\",\"datePublished\":\"2025-06-17T12:33:20+00:00\",\"dateModified\":\"2026-03-12T19:00:34+00:00\",\"description\":\"Figur zum Zahnen - Silikon und Holz - Schmetterling Bernstein. Babysicher, bpa-frei. Das perfekte Babyzubeh\u00f6r als Umstandsgeschenk bei uns, DEM Gro\u00dfh\u00e4ndler.\",\"breadcrumb\":{\"@id\":\"https:\\\/\\\/www.jootjeshaakcadeautjes.nl\\\/de\\\/produkt\\\/beisfigur-silikon-und-holz-schwan-old-lace-kopie-kopie\\\/#breadcrumb\"},\"inLanguage\":\"de\",\"potentialAction\":[{\"@type\":\"ReadAction\",\"target\":[\"https:\\\/\\\/www.jootjeshaakcadeautjes.nl\\\/de\\\/produkt\\\/beisfigur-silikon-und-holz-schwan-old-lace-kopie-kopie\\\/\"]}]},{\"@type\":\"ImageObject\",\"inLanguage\":\"de\",\"@id\":\"https:\\\/\\\/www.jootjeshaakcadeautjes.nl\\\/de\\\/produkt\\\/beisfigur-silikon-und-holz-schwan-old-lace-kopie-kopie\\\/#primaryimage\",\"url\":\"https:\\\/\\\/d1dyryakdmle7o.cloudfront.net\\\/wp-content\\\/uploads\\\/2025\\\/06\\\/Naamloos-1449.webp\",\"contentUrl\":\"https:\\\/\\\/d1dyryakdmle7o.cloudfront.net\\\/wp-content\\\/uploads\\\/2025\\\/06\\\/Naamloos-1449.webp\",\"width\":1874,\"height\":1874},{\"@type\":\"BreadcrumbList\",\"@id\":\"https:\\\/\\\/www.jootjeshaakcadeautjes.nl\\\/de\\\/produkt\\\/beisfigur-silikon-und-holz-schwan-old-lace-kopie-kopie\\\/#breadcrumb\",\"itemListElement\":[{\"@type\":\"ListItem\",\"position\":1,\"name\":\"Startseite\",\"item\":\"https:\\\/\\\/www.jootjeshaakcadeautjes.nl\\\/de\\\/\"},{\"@type\":\"ListItem\",\"position\":2,\"name\":\"Gro\u00dfhandel mit Silikonperlen &#8211; Business und Consumer\",\"item\":\"https:\\\/\\\/www.jootjeshaakcadeautjes.nl\\\/de\\\/shop\\\/\"},{\"@type\":\"ListItem\",\"position\":3,\"name\":\"Zahnungsfigur &#8211; Silikon und Holz &#8211; Schmetterling &#8211; Bernstein\"}]},{\"@type\":\"WebSite\",\"@id\":\"https:\\\/\\\/www.jootjeshaakcadeautjes.nl\\\/de\\\/#website\",\"url\":\"https:\\\/\\\/www.jootjeshaakcadeautjes.nl\\\/de\\\/\",\"name\":\"Jootjes Haakcadeautjes\",\"description\":\"Silikonperlen Gro\u00dfhandel \",\"publisher\":{\"@id\":\"https:\\\/\\\/www.jootjeshaakcadeautjes.nl\\\/de\\\/#organization\"},\"potentialAction\":[{\"@type\":\"SearchAction\",\"target\":{\"@type\":\"EntryPoint\",\"urlTemplate\":\"https:\\\/\\\/www.jootjeshaakcadeautjes.nl\\\/de\\\/?s={search_term_string}\"},\"query-input\":{\"@type\":\"PropertyValueSpecification\",\"valueRequired\":true,\"valueName\":\"search_term_string\"}}],\"inLanguage\":\"de\"},{\"@type\":\"Organization\",\"@id\":\"https:\\\/\\\/www.jootjeshaakcadeautjes.nl\\\/de\\\/#organization\",\"name\":\"Jootjes Haakcadeautjes\",\"url\":\"https:\\\/\\\/www.jootjeshaakcadeautjes.nl\\\/de\\\/\",\"logo\":{\"@type\":\"ImageObject\",\"inLanguage\":\"de\",\"@id\":\"https:\\\/\\\/www.jootjeshaakcadeautjes.nl\\\/de\\\/#\\\/schema\\\/logo\\\/image\\\/\",\"url\":\"https:\\\/\\\/d1dyryakdmle7o.cloudfront.net\\\/wp-content\\\/uploads\\\/2023\\\/05\\\/Logo-rond.png\",\"contentUrl\":\"https:\\\/\\\/d1dyryakdmle7o.cloudfront.net\\\/wp-content\\\/uploads\\\/2023\\\/05\\\/Logo-rond.png\",\"width\":1222,\"height\":1222,\"caption\":\"Jootjes Haakcadeautjes\"},\"image\":{\"@id\":\"https:\\\/\\\/www.jootjeshaakcadeautjes.nl\\\/de\\\/#\\\/schema\\\/logo\\\/image\\\/\"}}]}<\/script>\n<meta property=\"product:price:amount\" content=\"3.75\" \/>\n<meta property=\"product:price:currency\" content=\"EUR\" \/>\n<meta property=\"og:availability\" content=\"instock\" \/>\n<meta property=\"product:availability\" content=\"instock\" \/>\n<meta property=\"product:retailer_item_id\" content=\"SIL-SHV-AMB\" \/>\n<meta property=\"product:condition\" content=\"new\" \/>\n<!-- \/ Yoast SEO Premium plugin. -->","yoast_head_json":{"title":"Zahnungsfigur - Silikon und Holz - Schmetterling Bernstein | Jootjes","description":"Figur zum Zahnen - Silikon und Holz - Schmetterling Bernstein. Babysicher, bpa-frei. Das perfekte Babyzubeh\u00f6r als Umstandsgeschenk bei uns, DEM Gro\u00dfh\u00e4ndler.","robots":{"index":"index","follow":"follow","max-snippet":"max-snippet:-1","max-image-preview":"max-image-preview:large","max-video-preview":"max-video-preview:-1"},"canonical":"https:\/\/www.jootjeshaakcadeautjes.nl\/de\/produkt\/beisfigur-silikon-und-holz-schwan-old-lace-kopie-kopie\/","og_locale":"de_DE","og_type":"article","og_title":"Zahnungsfigur - Silikon und Holz - Schmetterling - Bernstein","og_description":"Figur zum Zahnen - Silikon und Holz - Schmetterling Bernstein. Babysicher, bpa-frei. Das perfekte Babyzubeh\u00f6r als Umstandsgeschenk bei uns, DEM Gro\u00dfh\u00e4ndler.","og_url":"https:\/\/www.jootjeshaakcadeautjes.nl\/de\/produkt\/beisfigur-silikon-und-holz-schwan-old-lace-kopie-kopie\/","og_site_name":"Jootjes Haakcadeautjes","article_modified_time":"2026-03-12T19:00:34+00:00","og_image":[{"width":1874,"height":1874,"url":"https:\/\/www.jootjeshaakcadeautjes.nl\/wp-content\/uploads\/2025\/06\/Naamloos-1449.webp","type":"image\/webp"}],"twitter_card":"summary_large_image","twitter_misc":{"Preis":"&euro;3.75 inkl. MwSt.","Verf\u00fcgbarkeit":"Auf Lager"},"schema":{"@context":"https:\/\/schema.org","@graph":[{"@type":"WebPage","@id":"https:\/\/www.jootjeshaakcadeautjes.nl\/de\/produkt\/beisfigur-silikon-und-holz-schwan-old-lace-kopie-kopie\/","url":"https:\/\/www.jootjeshaakcadeautjes.nl\/de\/produkt\/beisfigur-silikon-und-holz-schwan-old-lace-kopie-kopie\/","name":"Zahnungsfigur - Silikon und Holz - Schmetterling Bernstein | Jootjes","isPartOf":{"@id":"https:\/\/www.jootjeshaakcadeautjes.nl\/de\/#website"},"primaryImageOfPage":{"@id":"https:\/\/www.jootjeshaakcadeautjes.nl\/de\/produkt\/beisfigur-silikon-und-holz-schwan-old-lace-kopie-kopie\/#primaryimage"},"image":{"@id":"https:\/\/www.jootjeshaakcadeautjes.nl\/de\/produkt\/beisfigur-silikon-und-holz-schwan-old-lace-kopie-kopie\/#primaryimage"},"thumbnailUrl":"https:\/\/d1dyryakdmle7o.cloudfront.net\/wp-content\/uploads\/2025\/06\/Naamloos-1449.webp","datePublished":"2025-06-17T12:33:20+00:00","dateModified":"2026-03-12T19:00:34+00:00","description":"Figur zum Zahnen - Silikon und Holz - Schmetterling Bernstein. Babysicher, bpa-frei. Das perfekte Babyzubeh\u00f6r als Umstandsgeschenk bei uns, DEM Gro\u00dfh\u00e4ndler.","breadcrumb":{"@id":"https:\/\/www.jootjeshaakcadeautjes.nl\/de\/produkt\/beisfigur-silikon-und-holz-schwan-old-lace-kopie-kopie\/#breadcrumb"},"inLanguage":"de","potentialAction":[{"@type":"ReadAction","target":["https:\/\/www.jootjeshaakcadeautjes.nl\/de\/produkt\/beisfigur-silikon-und-holz-schwan-old-lace-kopie-kopie\/"]}]},{"@type":"ImageObject","inLanguage":"de","@id":"https:\/\/www.jootjeshaakcadeautjes.nl\/de\/produkt\/beisfigur-silikon-und-holz-schwan-old-lace-kopie-kopie\/#primaryimage","url":"https:\/\/d1dyryakdmle7o.cloudfront.net\/wp-content\/uploads\/2025\/06\/Naamloos-1449.webp","contentUrl":"https:\/\/d1dyryakdmle7o.cloudfront.net\/wp-content\/uploads\/2025\/06\/Naamloos-1449.webp","width":1874,"height":1874},{"@type":"BreadcrumbList","@id":"https:\/\/www.jootjeshaakcadeautjes.nl\/de\/produkt\/beisfigur-silikon-und-holz-schwan-old-lace-kopie-kopie\/#breadcrumb","itemListElement":[{"@type":"ListItem","position":1,"name":"Startseite","item":"https:\/\/www.jootjeshaakcadeautjes.nl\/de\/"},{"@type":"ListItem","position":2,"name":"Gro\u00dfhandel mit Silikonperlen &#8211; Business und Consumer","item":"https:\/\/www.jootjeshaakcadeautjes.nl\/de\/shop\/"},{"@type":"ListItem","position":3,"name":"Zahnungsfigur &#8211; Silikon und Holz &#8211; Schmetterling &#8211; Bernstein"}]},{"@type":"WebSite","@id":"https:\/\/www.jootjeshaakcadeautjes.nl\/de\/#website","url":"https:\/\/www.jootjeshaakcadeautjes.nl\/de\/","name":"Jootjes Haakcadeautjes","description":"Silikonperlen Gro\u00dfhandel ","publisher":{"@id":"https:\/\/www.jootjeshaakcadeautjes.nl\/de\/#organization"},"potentialAction":[{"@type":"SearchAction","target":{"@type":"EntryPoint","urlTemplate":"https:\/\/www.jootjeshaakcadeautjes.nl\/de\/?s={search_term_string}"},"query-input":{"@type":"PropertyValueSpecification","valueRequired":true,"valueName":"search_term_string"}}],"inLanguage":"de"},{"@type":"Organization","@id":"https:\/\/www.jootjeshaakcadeautjes.nl\/de\/#organization","name":"Jootjes Haakcadeautjes","url":"https:\/\/www.jootjeshaakcadeautjes.nl\/de\/","logo":{"@type":"ImageObject","inLanguage":"de","@id":"https:\/\/www.jootjeshaakcadeautjes.nl\/de\/#\/schema\/logo\/image\/","url":"https:\/\/d1dyryakdmle7o.cloudfront.net\/wp-content\/uploads\/2023\/05\/Logo-rond.png","contentUrl":"https:\/\/d1dyryakdmle7o.cloudfront.net\/wp-content\/uploads\/2023\/05\/Logo-rond.png","width":1222,"height":1222,"caption":"Jootjes Haakcadeautjes"},"image":{"@id":"https:\/\/www.jootjeshaakcadeautjes.nl\/de\/#\/schema\/logo\/image\/"}}]},"product_price_amount":"3.75","product_price_currency":"EUR","og_availability":"instock","product_availability":"instock","product_retailer_item_id":"SIL-SHV-AMB","product_condition":"new"},"_links":{"self":[{"href":"https:\/\/www.jootjeshaakcadeautjes.nl\/de\/wp-json\/wp\/v2\/product\/230386","targetHints":{"allow":["GET"]}}],"collection":[{"href":"https:\/\/www.jootjeshaakcadeautjes.nl\/de\/wp-json\/wp\/v2\/product"}],"about":[{"href":"https:\/\/www.jootjeshaakcadeautjes.nl\/de\/wp-json\/wp\/v2\/types\/product"}],"version-history":[{"count":0,"href":"https:\/\/www.jootjeshaakcadeautjes.nl\/de\/wp-json\/wp\/v2\/product\/230386\/revisions"}],"wp:featuredmedia":[{"embeddable":true,"href":"https:\/\/www.jootjeshaakcadeautjes.nl\/de\/wp-json\/wp\/v2\/media\/233933"}],"wp:attachment":[{"href":"https:\/\/www.jootjeshaakcadeautjes.nl\/de\/wp-json\/wp\/v2\/media?parent=230386"}],"wp:term":[{"taxonomy":"product_brand","embeddable":true,"href":"https:\/\/www.jootjeshaakcadeautjes.nl\/de\/wp-json\/wp\/v2\/product_brand?post=230386"},{"taxonomy":"product_cat","embeddable":true,"href":"https:\/\/www.jootjeshaakcadeautjes.nl\/de\/wp-json\/wp\/v2\/product_cat?post=230386"},{"taxonomy":"product_tag","embeddable":true,"href":"https:\/\/www.jootjeshaakcadeautjes.nl\/de\/wp-json\/wp\/v2\/product_tag?post=230386"}],"curies":[{"name":"wp","href":"https:\/\/api.w.org\/{rel}","templated":true}]}}