{"id":235106,"date":"2025-06-22T11:47:12","date_gmt":"2025-06-22T09:47:12","guid":{"rendered":"https:\/\/www.jootjeshaakcadeautjes.nl\/?post_type=product&#038;p=235106"},"modified":"2025-10-09T12:40:01","modified_gmt":"2025-10-09T10:40:01","slug":"buchstabenperlen-aus-silikon-elfenbein-milchschokolade-12-mm-quadratisch-pro-stuck-kopie","status":"publish","type":"product","link":"https:\/\/www.jootjeshaakcadeautjes.nl\/de\/produkt\/buchstabenperlen-aus-silikon-elfenbein-milchschokolade-12-mm-quadratisch-pro-stuck-kopie\/","title":{"rendered":"Buchstabenperlen aus Silikon &#8211; Elfenbein\/Milchschokolade &#8211; 10 mm &#8211; quadratisch &#8211; pro St\u00fcck"},"content":{"rendered":"<h1>Buchstabenperlen aus Silikon &#8211; Elfenbein\/Milchschokolade &#8211; 10 mm &#8211; Quadratisch &#8211; Pro St\u00fcck<\/h1>\n<h2>Spezifikationen:<\/h2>\n<ul>\n<li>Gr\u00f6\u00dfe 10 mm x 10 mm<\/li>\n<li>Elfenbeinfarbene Silikonperlen mit Buchstaben in Milchschokolade<\/li>\n<li>BPA-, phthalat-, PVC-, blei- und toxinfrei, 100% babysicheres Silikon, sicher nach EN-71 und REACH-Richtlinien.<\/li>\n<li>Geeignet f\u00fcr CE-zertifizierte Endprodukte<\/li>\n<li>Die Buchstabenperlen sind in allen Buchstaben des Alphabets erh\u00e4ltlich<\/li>\n<\/ul>\n<h2>Qualit\u00e4t und Sicherheit:<\/h2>\n<p>Alle unsere <a href=\"https:\/\/www.jootjeshaakcadeautjes.nl\/product\/siliconen-kralen-20-mm-rond\/\">Silikonmaterialien<\/a> sind BPA- und Phthalat-frei. Au\u00dferdem werden bei der Herstellung dieser Silikon-Buchstabenperlen nat\u00fcrlich auch keine anderen sch\u00e4dlichen Stoffe verwendet. Diese Buchstabenperle ist daher sowohl f\u00fcr Babys als auch f\u00fcr \u00e4ltere Kinder geeignet, die gerne in etwas hineinbei\u00dfen. Die Perlen eignen sich f\u00fcr CE-zertifizierte Endprodukte und sind sehr robust. Sie nutzen sich daher kaum ab. Dar\u00fcber hinaus sind die Buchstabenperlen leicht zu reinigen. Jootjes Haakcadeautjes ist Gro\u00dfh\u00e4ndler f\u00fcr 100% babysichere Materialien f\u00fcr Bei\u00dfspielzeug, darunter auch diese Silikon-Buchstabenperlen.      <\/p>\n<p><em>Befestigen Sie die Silikonperlen immer ordnungsgem\u00e4\u00df und \u00fcberpr\u00fcfen Sie Ihre Kreationen regelm\u00e4\u00dfig, z. B. auf Abnutzung und Verschlei\u00df. Hierf\u00fcr sind Sie selbst verantwortlich. Jootjes Haakcadeautjes kontrolliert Ihr fertiges Produkt nicht und kann daher keine Sch\u00e4den oder Lockerungen aufgrund von Abnutzung \u00fcbernehmen. Wir raten dazu, handgefertigtes Bei\u00dfspielzeug nur unter Aufsicht von Erwachsenen zu verwenden, um gef\u00e4hrliche Situationen zu vermeiden.   <\/em><\/p>\n","protected":false},"excerpt":{"rendered":"<ul>\n<li>Silikonperlen mit den Buchstaben A bis Z.<\/li>\n<li>Elfenbeinfarbene Silikonperlen mit Buchstaben in Milchschokolade<\/li>\n<li>BPA-, Phthalat-, PVC-, blei- und toxinfrei.<\/li>\n<li>Sicher nach EN-71 und REACH<\/li>\n<li>Einzeln verkauft.<\/li>\n<li>Quadratische Silikonperlen mit Buchstaben, 10 mm x 10 mm.<\/li>\n<li>Die Buchstaben sind horizontal (die L\u00f6cher sind von links nach rechts).<\/li>\n<li>Die restlichen vier Seiten enthalten alle den gew\u00e4hlten Buchstaben.<\/li>\n<li>Cool zum Zahnen.<\/li>\n<li>Ideal f\u00fcr Schnuller, Schl\u00fcsselanh\u00e4nger, Bei\u00dfring und mehr.<\/li>\n<\/ul>\n","protected":false},"featured_media":105484,"template":"","meta":[],"product_brand":[],"product_cat":[8505,8761,7380,7184],"product_tag":[8074,8763,7385,7419,7452,8742,7565,7917,7901,8191,7890,7416,7442,8012,7199,8744,8514,7505,7211,7427],"class_list":{"0":"post-235106","1":"product","2":"type-product","3":"status-publish","4":"has-post-thumbnail","6":"product_cat-buchstabenperlen-schnullerschnur-und-beisring","7":"product_cat-buchstabenperlen-aus-silikon-10-mm","8":"product_cat-herstellung-von-baby-beisspielzeug-materialien-fur-schnuller-und-beisringe","9":"product_cat-neue-produkte","10":"product_tag-10-de","11":"product_tag-10-mm-de","12":"product_tag-beisring","13":"product_tag-bpa-de","14":"product_tag-bpa-frei","15":"product_tag-buchstabenperle","16":"product_tag-drucken","17":"product_tag-elfenbein","18":"product_tag-en-71-de","19":"product_tag-erreichen","20":"product_tag-gummischnur-de","21":"product_tag-gummischnur","22":"product_tag-kinderwagenkette","23":"product_tag-milch","24":"product_tag-perlen","25":"product_tag-perlen-mit-buchstaben","26":"product_tag-platz","27":"product_tag-schokolade","28":"product_tag-silikon","29":"product_tag-still-halskette","31":"first","32":"instock","33":"taxable","34":"shipping-taxable","35":"purchasable","36":"product-type-variable"},"bundled_by":["235956","235956","235956","275371","275371","275371"],"bundle_stock_status":"instock","bundle_stock_quantity":null,"bundle_virtual":false,"bundle_layout":"","bundle_add_to_cart_form_location":"","bundle_editable_in_cart":false,"bundle_sold_individually_context":"","bundle_item_grouping":"","bundle_min_size":"","bundle_max_size":"","bundle_price":[],"bundled_items":[],"bundle_sell_ids":[],"yoast_head":"<!-- This site is optimized with the Yoast SEO Premium plugin v27.6 (Yoast SEO v27.6) - https:\/\/yoast.com\/product\/yoast-seo-premium-wordpress\/ -->\n<title>Buchstabenperlen aus Silikon - Elfenbein\/Milchschokolade - 10 mm - quadratisch - pro St\u00fcck - JH.co.uk | Letters Silicone<\/title>\n<meta name=\"description\" content=\"Silikon-Buchstabenperlen aus wei\u00dfem Silikon mit schwarzen Buchstaben, f\u00fcr Schnullerschnur, Schl\u00fcsselanh\u00e4nger usw.. Silikonperlen mit Buchstaben, babysicher.\" \/>\n<meta name=\"robots\" content=\"index, follow, max-snippet:-1, max-image-preview:large, max-video-preview:-1\" \/>\n<link rel=\"canonical\" href=\"https:\/\/www.jootjeshaakcadeautjes.nl\/de\/produkt\/buchstabenperlen-aus-silikon-elfenbein-milchschokolade-12-mm-quadratisch-pro-stuck-kopie\/\" \/>\n<meta property=\"og:locale\" content=\"de_DE\" \/>\n<meta property=\"og:type\" content=\"article\" \/>\n<meta property=\"og:title\" content=\"Buchstabenperlen aus Silikon - Elfenbein\/Milchschokolade - 10 mm - quadratisch - pro St\u00fcck\" \/>\n<meta property=\"og:description\" content=\"Silikon-Buchstabenperlen aus wei\u00dfem Silikon mit schwarzen Buchstaben, f\u00fcr Schnullerschnur, Schl\u00fcsselanh\u00e4nger usw.. Silikonperlen mit Buchstaben, babysicher.\" \/>\n<meta property=\"og:url\" content=\"https:\/\/www.jootjeshaakcadeautjes.nl\/de\/produkt\/buchstabenperlen-aus-silikon-elfenbein-milchschokolade-12-mm-quadratisch-pro-stuck-kopie\/\" \/>\n<meta property=\"og:site_name\" content=\"Jootjes Haakcadeautjes\" \/>\n<meta property=\"article:modified_time\" content=\"2025-10-09T10:40:01+00:00\" \/>\n<meta property=\"og:image\" content=\"https:\/\/www.jootjeshaakcadeautjes.nl\/wp-content\/uploads\/2023\/11\/Untitled-12.jpg\" \/>\n\t<meta property=\"og:image:width\" content=\"2048\" \/>\n\t<meta property=\"og:image:height\" content=\"2048\" \/>\n\t<meta property=\"og:image:type\" content=\"image\/jpeg\" \/>\n<meta name=\"twitter:card\" content=\"summary_large_image\" \/>\n<meta name=\"twitter:label1\" content=\"Verf\u00fcgbarkeit\" \/>\n\t<meta name=\"twitter:data1\" content=\"Auf Lager\" \/>\n<script type=\"application\/ld+json\" class=\"yoast-schema-graph\">{\"@context\":\"https:\\\/\\\/schema.org\",\"@graph\":[{\"@type\":\"WebPage\",\"@id\":\"https:\\\/\\\/www.jootjeshaakcadeautjes.nl\\\/de\\\/produkt\\\/buchstabenperlen-aus-silikon-elfenbein-milchschokolade-12-mm-quadratisch-pro-stuck-kopie\\\/\",\"url\":\"https:\\\/\\\/www.jootjeshaakcadeautjes.nl\\\/de\\\/produkt\\\/buchstabenperlen-aus-silikon-elfenbein-milchschokolade-12-mm-quadratisch-pro-stuck-kopie\\\/\",\"name\":\"Buchstabenperlen aus Silikon - Elfenbein\\\/Milchschokolade - 10 mm - quadratisch - pro St\u00fcck - JH.co.uk | Letters Silicone\",\"isPartOf\":{\"@id\":\"https:\\\/\\\/www.jootjeshaakcadeautjes.nl\\\/de\\\/#website\"},\"primaryImageOfPage\":{\"@id\":\"https:\\\/\\\/www.jootjeshaakcadeautjes.nl\\\/de\\\/produkt\\\/buchstabenperlen-aus-silikon-elfenbein-milchschokolade-12-mm-quadratisch-pro-stuck-kopie\\\/#primaryimage\"},\"image\":{\"@id\":\"https:\\\/\\\/www.jootjeshaakcadeautjes.nl\\\/de\\\/produkt\\\/buchstabenperlen-aus-silikon-elfenbein-milchschokolade-12-mm-quadratisch-pro-stuck-kopie\\\/#primaryimage\"},\"thumbnailUrl\":\"https:\\\/\\\/d1dyryakdmle7o.cloudfront.net\\\/wp-content\\\/uploads\\\/2023\\\/11\\\/Untitled-12.jpg\",\"datePublished\":\"2025-06-22T09:47:12+00:00\",\"dateModified\":\"2025-10-09T10:40:01+00:00\",\"description\":\"Silikon-Buchstabenperlen aus wei\u00dfem Silikon mit schwarzen Buchstaben, f\u00fcr Schnullerschnur, Schl\u00fcsselanh\u00e4nger usw.. Silikonperlen mit Buchstaben, babysicher.\",\"breadcrumb\":{\"@id\":\"https:\\\/\\\/www.jootjeshaakcadeautjes.nl\\\/de\\\/produkt\\\/buchstabenperlen-aus-silikon-elfenbein-milchschokolade-12-mm-quadratisch-pro-stuck-kopie\\\/#breadcrumb\"},\"inLanguage\":\"de\",\"potentialAction\":[{\"@type\":\"ReadAction\",\"target\":[\"https:\\\/\\\/www.jootjeshaakcadeautjes.nl\\\/de\\\/produkt\\\/buchstabenperlen-aus-silikon-elfenbein-milchschokolade-12-mm-quadratisch-pro-stuck-kopie\\\/\"]}]},{\"@type\":\"ImageObject\",\"inLanguage\":\"de\",\"@id\":\"https:\\\/\\\/www.jootjeshaakcadeautjes.nl\\\/de\\\/produkt\\\/buchstabenperlen-aus-silikon-elfenbein-milchschokolade-12-mm-quadratisch-pro-stuck-kopie\\\/#primaryimage\",\"url\":\"https:\\\/\\\/d1dyryakdmle7o.cloudfront.net\\\/wp-content\\\/uploads\\\/2023\\\/11\\\/Untitled-12.jpg\",\"contentUrl\":\"https:\\\/\\\/d1dyryakdmle7o.cloudfront.net\\\/wp-content\\\/uploads\\\/2023\\\/11\\\/Untitled-12.jpg\",\"width\":2048,\"height\":2048,\"caption\":\"ivory \\\/ milk chocolate\"},{\"@type\":\"BreadcrumbList\",\"@id\":\"https:\\\/\\\/www.jootjeshaakcadeautjes.nl\\\/de\\\/produkt\\\/buchstabenperlen-aus-silikon-elfenbein-milchschokolade-12-mm-quadratisch-pro-stuck-kopie\\\/#breadcrumb\",\"itemListElement\":[{\"@type\":\"ListItem\",\"position\":1,\"name\":\"Startseite\",\"item\":\"https:\\\/\\\/www.jootjeshaakcadeautjes.nl\\\/de\\\/\"},{\"@type\":\"ListItem\",\"position\":2,\"name\":\"Gro\u00dfhandel mit Silikonperlen &#8211; Business und Consumer\",\"item\":\"https:\\\/\\\/www.jootjeshaakcadeautjes.nl\\\/de\\\/shop\\\/\"},{\"@type\":\"ListItem\",\"position\":3,\"name\":\"Buchstabenperlen aus Silikon &#8211; Elfenbein\\\/Milchschokolade &#8211; 10 mm &#8211; quadratisch &#8211; pro St\u00fcck\"}]},{\"@type\":\"WebSite\",\"@id\":\"https:\\\/\\\/www.jootjeshaakcadeautjes.nl\\\/de\\\/#website\",\"url\":\"https:\\\/\\\/www.jootjeshaakcadeautjes.nl\\\/de\\\/\",\"name\":\"Jootjes Haakcadeautjes\",\"description\":\"Silikonperlen Gro\u00dfhandel \",\"publisher\":{\"@id\":\"https:\\\/\\\/www.jootjeshaakcadeautjes.nl\\\/de\\\/#organization\"},\"potentialAction\":[{\"@type\":\"SearchAction\",\"target\":{\"@type\":\"EntryPoint\",\"urlTemplate\":\"https:\\\/\\\/www.jootjeshaakcadeautjes.nl\\\/de\\\/?s={search_term_string}\"},\"query-input\":{\"@type\":\"PropertyValueSpecification\",\"valueRequired\":true,\"valueName\":\"search_term_string\"}}],\"inLanguage\":\"de\"},{\"@type\":\"Organization\",\"@id\":\"https:\\\/\\\/www.jootjeshaakcadeautjes.nl\\\/de\\\/#organization\",\"name\":\"Jootjes Haakcadeautjes\",\"url\":\"https:\\\/\\\/www.jootjeshaakcadeautjes.nl\\\/de\\\/\",\"logo\":{\"@type\":\"ImageObject\",\"inLanguage\":\"de\",\"@id\":\"https:\\\/\\\/www.jootjeshaakcadeautjes.nl\\\/de\\\/#\\\/schema\\\/logo\\\/image\\\/\",\"url\":\"https:\\\/\\\/d1dyryakdmle7o.cloudfront.net\\\/wp-content\\\/uploads\\\/2023\\\/05\\\/Logo-rond.png\",\"contentUrl\":\"https:\\\/\\\/d1dyryakdmle7o.cloudfront.net\\\/wp-content\\\/uploads\\\/2023\\\/05\\\/Logo-rond.png\",\"width\":1222,\"height\":1222,\"caption\":\"Jootjes Haakcadeautjes\"},\"image\":{\"@id\":\"https:\\\/\\\/www.jootjeshaakcadeautjes.nl\\\/de\\\/#\\\/schema\\\/logo\\\/image\\\/\"}}]}<\/script>\n<meta property=\"og:availability\" content=\"instock\" \/>\n<meta property=\"product:availability\" content=\"instock\" \/>\n<meta property=\"product:retailer_item_id\" content=\"SLK-IMC10\" \/>\n<meta property=\"product:condition\" content=\"new\" \/>\n<!-- \/ Yoast SEO Premium plugin. -->","yoast_head_json":{"title":"Buchstabenperlen aus Silikon - Elfenbein\/Milchschokolade - 10 mm - quadratisch - pro St\u00fcck - JH.co.uk | Letters Silicone","description":"Silikon-Buchstabenperlen aus wei\u00dfem Silikon mit schwarzen Buchstaben, f\u00fcr Schnullerschnur, Schl\u00fcsselanh\u00e4nger usw.. Silikonperlen mit Buchstaben, babysicher.","robots":{"index":"index","follow":"follow","max-snippet":"max-snippet:-1","max-image-preview":"max-image-preview:large","max-video-preview":"max-video-preview:-1"},"canonical":"https:\/\/www.jootjeshaakcadeautjes.nl\/de\/produkt\/buchstabenperlen-aus-silikon-elfenbein-milchschokolade-12-mm-quadratisch-pro-stuck-kopie\/","og_locale":"de_DE","og_type":"article","og_title":"Buchstabenperlen aus Silikon - Elfenbein\/Milchschokolade - 10 mm - quadratisch - pro St\u00fcck","og_description":"Silikon-Buchstabenperlen aus wei\u00dfem Silikon mit schwarzen Buchstaben, f\u00fcr Schnullerschnur, Schl\u00fcsselanh\u00e4nger usw.. Silikonperlen mit Buchstaben, babysicher.","og_url":"https:\/\/www.jootjeshaakcadeautjes.nl\/de\/produkt\/buchstabenperlen-aus-silikon-elfenbein-milchschokolade-12-mm-quadratisch-pro-stuck-kopie\/","og_site_name":"Jootjes Haakcadeautjes","article_modified_time":"2025-10-09T10:40:01+00:00","og_image":[{"width":2048,"height":2048,"url":"https:\/\/www.jootjeshaakcadeautjes.nl\/wp-content\/uploads\/2023\/11\/Untitled-12.jpg","type":"image\/jpeg"}],"twitter_card":"summary_large_image","twitter_misc":{"Verf\u00fcgbarkeit":"Auf Lager"},"schema":{"@context":"https:\/\/schema.org","@graph":[{"@type":"WebPage","@id":"https:\/\/www.jootjeshaakcadeautjes.nl\/de\/produkt\/buchstabenperlen-aus-silikon-elfenbein-milchschokolade-12-mm-quadratisch-pro-stuck-kopie\/","url":"https:\/\/www.jootjeshaakcadeautjes.nl\/de\/produkt\/buchstabenperlen-aus-silikon-elfenbein-milchschokolade-12-mm-quadratisch-pro-stuck-kopie\/","name":"Buchstabenperlen aus Silikon - Elfenbein\/Milchschokolade - 10 mm - quadratisch - pro St\u00fcck - JH.co.uk | Letters Silicone","isPartOf":{"@id":"https:\/\/www.jootjeshaakcadeautjes.nl\/de\/#website"},"primaryImageOfPage":{"@id":"https:\/\/www.jootjeshaakcadeautjes.nl\/de\/produkt\/buchstabenperlen-aus-silikon-elfenbein-milchschokolade-12-mm-quadratisch-pro-stuck-kopie\/#primaryimage"},"image":{"@id":"https:\/\/www.jootjeshaakcadeautjes.nl\/de\/produkt\/buchstabenperlen-aus-silikon-elfenbein-milchschokolade-12-mm-quadratisch-pro-stuck-kopie\/#primaryimage"},"thumbnailUrl":"https:\/\/d1dyryakdmle7o.cloudfront.net\/wp-content\/uploads\/2023\/11\/Untitled-12.jpg","datePublished":"2025-06-22T09:47:12+00:00","dateModified":"2025-10-09T10:40:01+00:00","description":"Silikon-Buchstabenperlen aus wei\u00dfem Silikon mit schwarzen Buchstaben, f\u00fcr Schnullerschnur, Schl\u00fcsselanh\u00e4nger usw.. Silikonperlen mit Buchstaben, babysicher.","breadcrumb":{"@id":"https:\/\/www.jootjeshaakcadeautjes.nl\/de\/produkt\/buchstabenperlen-aus-silikon-elfenbein-milchschokolade-12-mm-quadratisch-pro-stuck-kopie\/#breadcrumb"},"inLanguage":"de","potentialAction":[{"@type":"ReadAction","target":["https:\/\/www.jootjeshaakcadeautjes.nl\/de\/produkt\/buchstabenperlen-aus-silikon-elfenbein-milchschokolade-12-mm-quadratisch-pro-stuck-kopie\/"]}]},{"@type":"ImageObject","inLanguage":"de","@id":"https:\/\/www.jootjeshaakcadeautjes.nl\/de\/produkt\/buchstabenperlen-aus-silikon-elfenbein-milchschokolade-12-mm-quadratisch-pro-stuck-kopie\/#primaryimage","url":"https:\/\/d1dyryakdmle7o.cloudfront.net\/wp-content\/uploads\/2023\/11\/Untitled-12.jpg","contentUrl":"https:\/\/d1dyryakdmle7o.cloudfront.net\/wp-content\/uploads\/2023\/11\/Untitled-12.jpg","width":2048,"height":2048,"caption":"ivory \/ milk chocolate"},{"@type":"BreadcrumbList","@id":"https:\/\/www.jootjeshaakcadeautjes.nl\/de\/produkt\/buchstabenperlen-aus-silikon-elfenbein-milchschokolade-12-mm-quadratisch-pro-stuck-kopie\/#breadcrumb","itemListElement":[{"@type":"ListItem","position":1,"name":"Startseite","item":"https:\/\/www.jootjeshaakcadeautjes.nl\/de\/"},{"@type":"ListItem","position":2,"name":"Gro\u00dfhandel mit Silikonperlen &#8211; Business und Consumer","item":"https:\/\/www.jootjeshaakcadeautjes.nl\/de\/shop\/"},{"@type":"ListItem","position":3,"name":"Buchstabenperlen aus Silikon &#8211; Elfenbein\/Milchschokolade &#8211; 10 mm &#8211; quadratisch &#8211; pro St\u00fcck"}]},{"@type":"WebSite","@id":"https:\/\/www.jootjeshaakcadeautjes.nl\/de\/#website","url":"https:\/\/www.jootjeshaakcadeautjes.nl\/de\/","name":"Jootjes Haakcadeautjes","description":"Silikonperlen Gro\u00dfhandel ","publisher":{"@id":"https:\/\/www.jootjeshaakcadeautjes.nl\/de\/#organization"},"potentialAction":[{"@type":"SearchAction","target":{"@type":"EntryPoint","urlTemplate":"https:\/\/www.jootjeshaakcadeautjes.nl\/de\/?s={search_term_string}"},"query-input":{"@type":"PropertyValueSpecification","valueRequired":true,"valueName":"search_term_string"}}],"inLanguage":"de"},{"@type":"Organization","@id":"https:\/\/www.jootjeshaakcadeautjes.nl\/de\/#organization","name":"Jootjes Haakcadeautjes","url":"https:\/\/www.jootjeshaakcadeautjes.nl\/de\/","logo":{"@type":"ImageObject","inLanguage":"de","@id":"https:\/\/www.jootjeshaakcadeautjes.nl\/de\/#\/schema\/logo\/image\/","url":"https:\/\/d1dyryakdmle7o.cloudfront.net\/wp-content\/uploads\/2023\/05\/Logo-rond.png","contentUrl":"https:\/\/d1dyryakdmle7o.cloudfront.net\/wp-content\/uploads\/2023\/05\/Logo-rond.png","width":1222,"height":1222,"caption":"Jootjes Haakcadeautjes"},"image":{"@id":"https:\/\/www.jootjeshaakcadeautjes.nl\/de\/#\/schema\/logo\/image\/"}}]},"og_availability":"instock","product_availability":"instock","product_retailer_item_id":"SLK-IMC10","product_condition":"new"},"_links":{"self":[{"href":"https:\/\/www.jootjeshaakcadeautjes.nl\/de\/wp-json\/wp\/v2\/product\/235106","targetHints":{"allow":["GET"]}}],"collection":[{"href":"https:\/\/www.jootjeshaakcadeautjes.nl\/de\/wp-json\/wp\/v2\/product"}],"about":[{"href":"https:\/\/www.jootjeshaakcadeautjes.nl\/de\/wp-json\/wp\/v2\/types\/product"}],"version-history":[{"count":0,"href":"https:\/\/www.jootjeshaakcadeautjes.nl\/de\/wp-json\/wp\/v2\/product\/235106\/revisions"}],"wp:featuredmedia":[{"embeddable":true,"href":"https:\/\/www.jootjeshaakcadeautjes.nl\/de\/wp-json\/wp\/v2\/media\/105484"}],"wp:attachment":[{"href":"https:\/\/www.jootjeshaakcadeautjes.nl\/de\/wp-json\/wp\/v2\/media?parent=235106"}],"wp:term":[{"taxonomy":"product_brand","embeddable":true,"href":"https:\/\/www.jootjeshaakcadeautjes.nl\/de\/wp-json\/wp\/v2\/product_brand?post=235106"},{"taxonomy":"product_cat","embeddable":true,"href":"https:\/\/www.jootjeshaakcadeautjes.nl\/de\/wp-json\/wp\/v2\/product_cat?post=235106"},{"taxonomy":"product_tag","embeddable":true,"href":"https:\/\/www.jootjeshaakcadeautjes.nl\/de\/wp-json\/wp\/v2\/product_tag?post=235106"}],"curies":[{"name":"wp","href":"https:\/\/api.w.org\/{rel}","templated":true}]}}