{"id":235190,"date":"2025-06-22T19:30:13","date_gmt":"2025-06-22T17:30:13","guid":{"rendered":"https:\/\/www.jootjeshaakcadeautjes.nl\/?post_type=product&#038;p=235190"},"modified":"2025-10-21T17:11:04","modified_gmt":"2025-10-21T15:11:04","slug":"silikonperle-badeente-ockergelb-kopie-kopie-kopie-kopie-kopie-kopie-kopie","status":"publish","type":"product","link":"https:\/\/www.jootjeshaakcadeautjes.nl\/de\/produkt\/silikonperle-badeente-ockergelb-kopie-kopie-kopie-kopie-kopie-kopie-kopie\/","title":{"rendered":"Silikonperle &#8211; 3D Willempies &#8211; Glow in the Dark &#8211; Blau"},"content":{"rendered":"<h2>Silikonperle &#8211; 3D Willempies &#8211; Glow in the Dark &#8211; Blau<\/h2>\n<p><strong>Material:<\/strong> Hergestellt aus BPA-freiem, Phthalat-freiem, EN-71 und REACH-gepr\u00fcftem Silikon.<\/p>\n<p><strong>Zertifizierung:<\/strong> Geeignet f\u00fcr CE-zertifizierte Endprodukte, EN 71, FDA. (EN71-1, 2 und 3; mechanische und physikalische Eigenschaften, Entflammbarkeit und Migration von Elementen sowie REACH). <\/p>\n<p><strong>Verwendung: <\/strong>Diese Willempies sorgen garantiert f\u00fcr Lacher auf einem Junggesellinnenabschied, einem 18. Geburtstag, einem 21-Dinner, einem Jahrestag oder einem Abend mit Freunden! Ideal als Schl\u00fcsselanh\u00e4nger oder z. B. als Weinkorken oder Kugelschreiber.  F\u00fcr Erwachsene gedacht. Nicht f\u00fcr S\u00e4uglinge oder Kinder. Daher kein Foto beigef\u00fcgt. Super lustig zu kombinieren mit einer aufgef\u00e4delten Pompon-Perle (unten) oder einem Cowboyhut.   <\/p>\n","protected":false},"excerpt":{"rendered":"<p><strong>Material:<\/strong> Hergestellt aus BPA-freiem, Phthalat-freiem, EN-71 und REACH-gepr\u00fcftem Silikon.<\/p>\n<p><strong>Zertifizierung:<\/strong> Geeignet f\u00fcr CE-zertifizierte Endprodukte, EN-71, FDA. (EN71-1, 2 und 3; mechanische und physikalische Eigenschaften, Entflammbarkeit und Migration von Elementen sowie REACH). <\/p>\n","protected":false},"featured_media":99563,"template":"","meta":[],"product_brand":[],"product_cat":[7380,7389,8019,8330,6991],"product_tag":[18070,8068,7683,7419,7901,8335,7464,7416,18069,18068,7451,9757,7199,7211,7425,8580,7945,14980,18066,18067,7435,7988],"class_list":{"0":"post-235190","1":"product","2":"type-product","3":"status-publish","4":"has-post-thumbnail","6":"product_cat-herstellung-von-baby-beisspielzeug-materialien-fur-schnuller-und-beisringe","7":"product_cat-silikonperlen-all-multicoloured-luxury-beads","8":"product_cat-silikonperlen-andere-perlen-in-luxusform","9":"product_cat-silikonperlen-blatt","10":"product_cat-silikonperlen-bpa-frei-grosshandel","11":"product_tag-21-abendessen","12":"product_tag-3d-de","13":"product_tag-blau","14":"product_tag-bpa-de","15":"product_tag-en-71-de","16":"product_tag-fda-de","17":"product_tag-groshandel","18":"product_tag-gummischnur","19":"product_tag-junggesellenabschied-de-2","20":"product_tag-junggesellenabschied-de","21":"product_tag-kostenlos","22":"product_tag-leuchtet-im-dunkeln","23":"product_tag-perlen","24":"product_tag-silikon","25":"product_tag-stift","26":"product_tag-stifte","27":"product_tag-taschenaufhanger-de","28":"product_tag-telefon-anhanger","29":"product_tag-willempie-de","30":"product_tag-willempies-de","31":"product_tag-wulst","32":"product_tag-zertifiziert","34":"first","35":"instock","36":"taxable","37":"shipping-taxable","38":"purchasable","39":"product-type-simple"},"bundled_by":[],"bundle_stock_status":"instock","bundle_stock_quantity":53,"bundle_virtual":false,"bundle_layout":"","bundle_add_to_cart_form_location":"","bundle_editable_in_cart":false,"bundle_sold_individually_context":"","bundle_item_grouping":"","bundle_min_size":"","bundle_max_size":"","bundle_price":[],"bundled_items":[],"bundle_sell_ids":[],"yoast_head":"<!-- This site is optimized with the Yoast SEO Premium plugin v27.6 (Yoast SEO v27.6) - https:\/\/yoast.com\/product\/yoast-seo-premium-wordpress\/ -->\n<title>Silikonperle - 3D Willempies - Glow in the Dark - Blau - BPA-frei<\/title>\n<meta name=\"description\" content=\"Silikonperle Blatt natur klein hellgrau. F\u00fcr Schnullerschnur, Laufstallmobil oder Kinderwagenaufh\u00e4nger. BPA-frei, CE- und FDA-zertifiziert. EN-71.\" \/>\n<meta name=\"robots\" content=\"index, follow, max-snippet:-1, max-image-preview:large, max-video-preview:-1\" \/>\n<link rel=\"canonical\" href=\"https:\/\/www.jootjeshaakcadeautjes.nl\/de\/produkt\/silikonperle-badeente-ockergelb-kopie-kopie-kopie-kopie-kopie-kopie-kopie\/\" \/>\n<meta property=\"og:locale\" content=\"de_DE\" \/>\n<meta property=\"og:type\" content=\"article\" \/>\n<meta property=\"og:title\" content=\"Silikonperle - 3D Willempies - Glow in the Dark - Blau\" \/>\n<meta property=\"og:description\" content=\"Silikonperle Blatt natur klein hellgrau. F\u00fcr Schnullerschnur, Laufstallmobil oder Kinderwagenaufh\u00e4nger. BPA-frei, CE- und FDA-zertifiziert. EN-71.\" \/>\n<meta property=\"og:url\" content=\"https:\/\/www.jootjeshaakcadeautjes.nl\/de\/produkt\/silikonperle-badeente-ockergelb-kopie-kopie-kopie-kopie-kopie-kopie-kopie\/\" \/>\n<meta property=\"og:site_name\" content=\"Jootjes Haakcadeautjes\" \/>\n<meta property=\"article:modified_time\" content=\"2025-10-21T15:11:04+00:00\" \/>\n<meta property=\"og:image\" content=\"https:\/\/www.jootjeshaakcadeautjes.nl\/wp-content\/uploads\/2023\/08\/Foto-volgt-1.jpg\" \/>\n\t<meta property=\"og:image:width\" content=\"1080\" \/>\n\t<meta property=\"og:image:height\" content=\"1080\" \/>\n\t<meta property=\"og:image:type\" content=\"image\/jpeg\" \/>\n<meta name=\"twitter:card\" content=\"summary_large_image\" \/>\n<meta name=\"twitter:label1\" content=\"Preis\" \/>\n\t<meta name=\"twitter:data1\" content=\"&euro;0.85 inkl. MwSt.\" \/>\n\t<meta name=\"twitter:label2\" content=\"Verf\u00fcgbarkeit\" \/>\n\t<meta name=\"twitter:data2\" content=\"Auf Lager\" \/>\n<script type=\"application\/ld+json\" class=\"yoast-schema-graph\">{\"@context\":\"https:\\\/\\\/schema.org\",\"@graph\":[{\"@type\":\"WebPage\",\"@id\":\"https:\\\/\\\/www.jootjeshaakcadeautjes.nl\\\/de\\\/produkt\\\/silikonperle-badeente-ockergelb-kopie-kopie-kopie-kopie-kopie-kopie-kopie\\\/\",\"url\":\"https:\\\/\\\/www.jootjeshaakcadeautjes.nl\\\/de\\\/produkt\\\/silikonperle-badeente-ockergelb-kopie-kopie-kopie-kopie-kopie-kopie-kopie\\\/\",\"name\":\"Silikonperle - 3D Willempies - Glow in the Dark - Blau - BPA-frei\",\"isPartOf\":{\"@id\":\"https:\\\/\\\/www.jootjeshaakcadeautjes.nl\\\/de\\\/#website\"},\"primaryImageOfPage\":{\"@id\":\"https:\\\/\\\/www.jootjeshaakcadeautjes.nl\\\/de\\\/produkt\\\/silikonperle-badeente-ockergelb-kopie-kopie-kopie-kopie-kopie-kopie-kopie\\\/#primaryimage\"},\"image\":{\"@id\":\"https:\\\/\\\/www.jootjeshaakcadeautjes.nl\\\/de\\\/produkt\\\/silikonperle-badeente-ockergelb-kopie-kopie-kopie-kopie-kopie-kopie-kopie\\\/#primaryimage\"},\"thumbnailUrl\":\"https:\\\/\\\/d1dyryakdmle7o.cloudfront.net\\\/wp-content\\\/uploads\\\/2023\\\/08\\\/Foto-volgt-1.jpg\",\"datePublished\":\"2025-06-22T17:30:13+00:00\",\"dateModified\":\"2025-10-21T15:11:04+00:00\",\"description\":\"Silikonperle Blatt natur klein hellgrau. F\u00fcr Schnullerschnur, Laufstallmobil oder Kinderwagenaufh\u00e4nger. BPA-frei, CE- und FDA-zertifiziert. EN-71.\",\"breadcrumb\":{\"@id\":\"https:\\\/\\\/www.jootjeshaakcadeautjes.nl\\\/de\\\/produkt\\\/silikonperle-badeente-ockergelb-kopie-kopie-kopie-kopie-kopie-kopie-kopie\\\/#breadcrumb\"},\"inLanguage\":\"de\",\"potentialAction\":[{\"@type\":\"ReadAction\",\"target\":[\"https:\\\/\\\/www.jootjeshaakcadeautjes.nl\\\/de\\\/produkt\\\/silikonperle-badeente-ockergelb-kopie-kopie-kopie-kopie-kopie-kopie-kopie\\\/\"]}]},{\"@type\":\"ImageObject\",\"inLanguage\":\"de\",\"@id\":\"https:\\\/\\\/www.jootjeshaakcadeautjes.nl\\\/de\\\/produkt\\\/silikonperle-badeente-ockergelb-kopie-kopie-kopie-kopie-kopie-kopie-kopie\\\/#primaryimage\",\"url\":\"https:\\\/\\\/d1dyryakdmle7o.cloudfront.net\\\/wp-content\\\/uploads\\\/2023\\\/08\\\/Foto-volgt-1.jpg\",\"contentUrl\":\"https:\\\/\\\/d1dyryakdmle7o.cloudfront.net\\\/wp-content\\\/uploads\\\/2023\\\/08\\\/Foto-volgt-1.jpg\",\"width\":1080,\"height\":1080,\"caption\":\"folgt\"},{\"@type\":\"BreadcrumbList\",\"@id\":\"https:\\\/\\\/www.jootjeshaakcadeautjes.nl\\\/de\\\/produkt\\\/silikonperle-badeente-ockergelb-kopie-kopie-kopie-kopie-kopie-kopie-kopie\\\/#breadcrumb\",\"itemListElement\":[{\"@type\":\"ListItem\",\"position\":1,\"name\":\"Startseite\",\"item\":\"https:\\\/\\\/www.jootjeshaakcadeautjes.nl\\\/de\\\/\"},{\"@type\":\"ListItem\",\"position\":2,\"name\":\"Gro\u00dfhandel mit Silikonperlen &#8211; Business und Consumer\",\"item\":\"https:\\\/\\\/www.jootjeshaakcadeautjes.nl\\\/de\\\/shop\\\/\"},{\"@type\":\"ListItem\",\"position\":3,\"name\":\"Silikonperle &#8211; 3D Willempies &#8211; Glow in the Dark &#8211; Blau\"}]},{\"@type\":\"WebSite\",\"@id\":\"https:\\\/\\\/www.jootjeshaakcadeautjes.nl\\\/de\\\/#website\",\"url\":\"https:\\\/\\\/www.jootjeshaakcadeautjes.nl\\\/de\\\/\",\"name\":\"Jootjes Haakcadeautjes\",\"description\":\"Silikonperlen Gro\u00dfhandel \",\"publisher\":{\"@id\":\"https:\\\/\\\/www.jootjeshaakcadeautjes.nl\\\/de\\\/#organization\"},\"potentialAction\":[{\"@type\":\"SearchAction\",\"target\":{\"@type\":\"EntryPoint\",\"urlTemplate\":\"https:\\\/\\\/www.jootjeshaakcadeautjes.nl\\\/de\\\/?s={search_term_string}\"},\"query-input\":{\"@type\":\"PropertyValueSpecification\",\"valueRequired\":true,\"valueName\":\"search_term_string\"}}],\"inLanguage\":\"de\"},{\"@type\":\"Organization\",\"@id\":\"https:\\\/\\\/www.jootjeshaakcadeautjes.nl\\\/de\\\/#organization\",\"name\":\"Jootjes Haakcadeautjes\",\"url\":\"https:\\\/\\\/www.jootjeshaakcadeautjes.nl\\\/de\\\/\",\"logo\":{\"@type\":\"ImageObject\",\"inLanguage\":\"de\",\"@id\":\"https:\\\/\\\/www.jootjeshaakcadeautjes.nl\\\/de\\\/#\\\/schema\\\/logo\\\/image\\\/\",\"url\":\"https:\\\/\\\/d1dyryakdmle7o.cloudfront.net\\\/wp-content\\\/uploads\\\/2023\\\/05\\\/Logo-rond.png\",\"contentUrl\":\"https:\\\/\\\/d1dyryakdmle7o.cloudfront.net\\\/wp-content\\\/uploads\\\/2023\\\/05\\\/Logo-rond.png\",\"width\":1222,\"height\":1222,\"caption\":\"Jootjes Haakcadeautjes\"},\"image\":{\"@id\":\"https:\\\/\\\/www.jootjeshaakcadeautjes.nl\\\/de\\\/#\\\/schema\\\/logo\\\/image\\\/\"}}]}<\/script>\n<meta property=\"product:price:amount\" content=\"0.85\" \/>\n<meta property=\"product:price:currency\" content=\"EUR\" \/>\n<meta property=\"og:availability\" content=\"instock\" \/>\n<meta property=\"product:availability\" content=\"instock\" \/>\n<meta property=\"product:retailer_item_id\" content=\"SIL-K3D-WGB\" \/>\n<meta property=\"product:condition\" content=\"new\" \/>\n<!-- \/ Yoast SEO Premium plugin. -->","yoast_head_json":{"title":"Silikonperle - 3D Willempies - Glow in the Dark - Blau - BPA-frei","description":"Silikonperle Blatt natur klein hellgrau. F\u00fcr Schnullerschnur, Laufstallmobil oder Kinderwagenaufh\u00e4nger. BPA-frei, CE- und FDA-zertifiziert. EN-71.","robots":{"index":"index","follow":"follow","max-snippet":"max-snippet:-1","max-image-preview":"max-image-preview:large","max-video-preview":"max-video-preview:-1"},"canonical":"https:\/\/www.jootjeshaakcadeautjes.nl\/de\/produkt\/silikonperle-badeente-ockergelb-kopie-kopie-kopie-kopie-kopie-kopie-kopie\/","og_locale":"de_DE","og_type":"article","og_title":"Silikonperle - 3D Willempies - Glow in the Dark - Blau","og_description":"Silikonperle Blatt natur klein hellgrau. F\u00fcr Schnullerschnur, Laufstallmobil oder Kinderwagenaufh\u00e4nger. BPA-frei, CE- und FDA-zertifiziert. EN-71.","og_url":"https:\/\/www.jootjeshaakcadeautjes.nl\/de\/produkt\/silikonperle-badeente-ockergelb-kopie-kopie-kopie-kopie-kopie-kopie-kopie\/","og_site_name":"Jootjes Haakcadeautjes","article_modified_time":"2025-10-21T15:11:04+00:00","og_image":[{"width":1080,"height":1080,"url":"https:\/\/www.jootjeshaakcadeautjes.nl\/wp-content\/uploads\/2023\/08\/Foto-volgt-1.jpg","type":"image\/jpeg"}],"twitter_card":"summary_large_image","twitter_misc":{"Preis":"&euro;0.85 inkl. MwSt.","Verf\u00fcgbarkeit":"Auf Lager"},"schema":{"@context":"https:\/\/schema.org","@graph":[{"@type":"WebPage","@id":"https:\/\/www.jootjeshaakcadeautjes.nl\/de\/produkt\/silikonperle-badeente-ockergelb-kopie-kopie-kopie-kopie-kopie-kopie-kopie\/","url":"https:\/\/www.jootjeshaakcadeautjes.nl\/de\/produkt\/silikonperle-badeente-ockergelb-kopie-kopie-kopie-kopie-kopie-kopie-kopie\/","name":"Silikonperle - 3D Willempies - Glow in the Dark - Blau - BPA-frei","isPartOf":{"@id":"https:\/\/www.jootjeshaakcadeautjes.nl\/de\/#website"},"primaryImageOfPage":{"@id":"https:\/\/www.jootjeshaakcadeautjes.nl\/de\/produkt\/silikonperle-badeente-ockergelb-kopie-kopie-kopie-kopie-kopie-kopie-kopie\/#primaryimage"},"image":{"@id":"https:\/\/www.jootjeshaakcadeautjes.nl\/de\/produkt\/silikonperle-badeente-ockergelb-kopie-kopie-kopie-kopie-kopie-kopie-kopie\/#primaryimage"},"thumbnailUrl":"https:\/\/d1dyryakdmle7o.cloudfront.net\/wp-content\/uploads\/2023\/08\/Foto-volgt-1.jpg","datePublished":"2025-06-22T17:30:13+00:00","dateModified":"2025-10-21T15:11:04+00:00","description":"Silikonperle Blatt natur klein hellgrau. F\u00fcr Schnullerschnur, Laufstallmobil oder Kinderwagenaufh\u00e4nger. BPA-frei, CE- und FDA-zertifiziert. EN-71.","breadcrumb":{"@id":"https:\/\/www.jootjeshaakcadeautjes.nl\/de\/produkt\/silikonperle-badeente-ockergelb-kopie-kopie-kopie-kopie-kopie-kopie-kopie\/#breadcrumb"},"inLanguage":"de","potentialAction":[{"@type":"ReadAction","target":["https:\/\/www.jootjeshaakcadeautjes.nl\/de\/produkt\/silikonperle-badeente-ockergelb-kopie-kopie-kopie-kopie-kopie-kopie-kopie\/"]}]},{"@type":"ImageObject","inLanguage":"de","@id":"https:\/\/www.jootjeshaakcadeautjes.nl\/de\/produkt\/silikonperle-badeente-ockergelb-kopie-kopie-kopie-kopie-kopie-kopie-kopie\/#primaryimage","url":"https:\/\/d1dyryakdmle7o.cloudfront.net\/wp-content\/uploads\/2023\/08\/Foto-volgt-1.jpg","contentUrl":"https:\/\/d1dyryakdmle7o.cloudfront.net\/wp-content\/uploads\/2023\/08\/Foto-volgt-1.jpg","width":1080,"height":1080,"caption":"folgt"},{"@type":"BreadcrumbList","@id":"https:\/\/www.jootjeshaakcadeautjes.nl\/de\/produkt\/silikonperle-badeente-ockergelb-kopie-kopie-kopie-kopie-kopie-kopie-kopie\/#breadcrumb","itemListElement":[{"@type":"ListItem","position":1,"name":"Startseite","item":"https:\/\/www.jootjeshaakcadeautjes.nl\/de\/"},{"@type":"ListItem","position":2,"name":"Gro\u00dfhandel mit Silikonperlen &#8211; Business und Consumer","item":"https:\/\/www.jootjeshaakcadeautjes.nl\/de\/shop\/"},{"@type":"ListItem","position":3,"name":"Silikonperle &#8211; 3D Willempies &#8211; Glow in the Dark &#8211; Blau"}]},{"@type":"WebSite","@id":"https:\/\/www.jootjeshaakcadeautjes.nl\/de\/#website","url":"https:\/\/www.jootjeshaakcadeautjes.nl\/de\/","name":"Jootjes Haakcadeautjes","description":"Silikonperlen Gro\u00dfhandel ","publisher":{"@id":"https:\/\/www.jootjeshaakcadeautjes.nl\/de\/#organization"},"potentialAction":[{"@type":"SearchAction","target":{"@type":"EntryPoint","urlTemplate":"https:\/\/www.jootjeshaakcadeautjes.nl\/de\/?s={search_term_string}"},"query-input":{"@type":"PropertyValueSpecification","valueRequired":true,"valueName":"search_term_string"}}],"inLanguage":"de"},{"@type":"Organization","@id":"https:\/\/www.jootjeshaakcadeautjes.nl\/de\/#organization","name":"Jootjes Haakcadeautjes","url":"https:\/\/www.jootjeshaakcadeautjes.nl\/de\/","logo":{"@type":"ImageObject","inLanguage":"de","@id":"https:\/\/www.jootjeshaakcadeautjes.nl\/de\/#\/schema\/logo\/image\/","url":"https:\/\/d1dyryakdmle7o.cloudfront.net\/wp-content\/uploads\/2023\/05\/Logo-rond.png","contentUrl":"https:\/\/d1dyryakdmle7o.cloudfront.net\/wp-content\/uploads\/2023\/05\/Logo-rond.png","width":1222,"height":1222,"caption":"Jootjes Haakcadeautjes"},"image":{"@id":"https:\/\/www.jootjeshaakcadeautjes.nl\/de\/#\/schema\/logo\/image\/"}}]},"product_price_amount":"0.85","product_price_currency":"EUR","og_availability":"instock","product_availability":"instock","product_retailer_item_id":"SIL-K3D-WGB","product_condition":"new"},"_links":{"self":[{"href":"https:\/\/www.jootjeshaakcadeautjes.nl\/de\/wp-json\/wp\/v2\/product\/235190","targetHints":{"allow":["GET"]}}],"collection":[{"href":"https:\/\/www.jootjeshaakcadeautjes.nl\/de\/wp-json\/wp\/v2\/product"}],"about":[{"href":"https:\/\/www.jootjeshaakcadeautjes.nl\/de\/wp-json\/wp\/v2\/types\/product"}],"version-history":[{"count":0,"href":"https:\/\/www.jootjeshaakcadeautjes.nl\/de\/wp-json\/wp\/v2\/product\/235190\/revisions"}],"wp:featuredmedia":[{"embeddable":true,"href":"https:\/\/www.jootjeshaakcadeautjes.nl\/de\/wp-json\/wp\/v2\/media\/99563"}],"wp:attachment":[{"href":"https:\/\/www.jootjeshaakcadeautjes.nl\/de\/wp-json\/wp\/v2\/media?parent=235190"}],"wp:term":[{"taxonomy":"product_brand","embeddable":true,"href":"https:\/\/www.jootjeshaakcadeautjes.nl\/de\/wp-json\/wp\/v2\/product_brand?post=235190"},{"taxonomy":"product_cat","embeddable":true,"href":"https:\/\/www.jootjeshaakcadeautjes.nl\/de\/wp-json\/wp\/v2\/product_cat?post=235190"},{"taxonomy":"product_tag","embeddable":true,"href":"https:\/\/www.jootjeshaakcadeautjes.nl\/de\/wp-json\/wp\/v2\/product_tag?post=235190"}],"curies":[{"name":"wp","href":"https:\/\/api.w.org\/{rel}","templated":true}]}}