{"id":235317,"date":"2025-06-22T12:19:49","date_gmt":"2025-06-22T10:19:49","guid":{"rendered":"https:\/\/www.jootjeshaakcadeautjes.nl\/?post_type=product&#038;p=235317"},"modified":"2025-10-09T12:40:03","modified_gmt":"2025-10-09T10:40:03","slug":"silikon-buchstabenperlen-elfenbein-milchschokolade-12-mm-quadratisch-komplettes-alphabet-satz-mit-26-stuck-a-z-kopie","status":"publish","type":"product","link":"https:\/\/www.jootjeshaakcadeautjes.nl\/de\/produkt\/silikon-buchstabenperlen-elfenbein-milchschokolade-12-mm-quadratisch-komplettes-alphabet-satz-mit-26-stuck-a-z-kopie\/","title":{"rendered":"Silikon-Buchstabenperlen &#8211; Elfenbein\/Milchschokolade &#8211; 10 mm &#8211; Quadratisch &#8211; Komplettes Alphabet &#8211; Satz mit 26 St\u00fcck A-Z"},"content":{"rendered":"<h2>Elfenbein\/Milchschokolade Silikon-Buchstabenperlen &#8211; quadratisch &#8211; 10 mm &#8211; The Complete Alphabet<\/h2>\n<p><em>Produktspezifikationen:<\/em><\/p>\n<ul>\n<li><strong>Farbe:<\/strong> Elfenbein\/Milchschokolade<\/li>\n<li><strong>Gr\u00f6\u00dfe:<\/strong> 10 mm x 10 mm<\/li>\n<li><strong>Typ:<\/strong> Quadratische Silikonbuchstabenperle mit gepr\u00e4gten Silikonbuchstaben. Dies ist ein in die Perle gepr\u00e4gter Buchstabe, kein Druck. <\/li>\n<li><strong>Sicherheit:<\/strong> BPA-, Phthalat-, PVC-, blei- und toxinfrei<\/li>\n<li><strong>Zertifizierung:<\/strong> Geeignet f\u00fcr CE-zertifizierte Endprodukte<\/li>\n<li><strong>Verf\u00fcgbarkeit:<\/strong> Die Buchstabenperlen sind in allen Buchstaben des Alphabets erh\u00e4ltlich. Dieser Artikelcode bezieht sich auf ein Set f\u00fcr das komplette Alphabet. Enth\u00e4lt alle Buchstaben A bis Z 1 x. Set mit insgesamt 26 St\u00fcck.   <\/li>\n<\/ul>\n<p>Diese sch\u00f6nen quadratischen Buchstabenperlen aus Silikon bieten eine Vielzahl von M\u00f6glichkeiten, Ihre handgefertigten Kreationen zu personalisieren. Sie eignen sich perfekt, um eine Schnullerschnur, einen Bei\u00dfring, einen Kinderwagenaufh\u00e4nger oder ein Baby-Gym mit einem Namen zu versehen. Mit diesen Perlen ist es ganz einfach, ein einzigartiges und individuelles Geschenk f\u00fcr die Mutterschaft zu kreieren oder Spielzeug f\u00fcr Ihr eigenes kleines Kind zu basteln. Kombinieren Sie sie m\u00fchelos mit unseren sch\u00f6nen Holzperlen oder anderen Silikonperlen f\u00fcr endlose Gestaltungsm\u00f6glichkeiten.  <\/p>\n<h3>Qualit\u00e4t und Sicherheit sind unsere Priorit\u00e4t:<\/h3>\n<p>Wir nehmen die Sicherheit unserer Produkte ernst. Alle Silikonmaterialien in unserem Sortiment sind BPA- und Phthalat-frei. Bei der Herstellung dieser Silikon-Buchstabenperlen werden keine sch\u00e4dlichen Stoffe verwendet. Sie sind sowohl f\u00fcr Babys als auch f\u00fcr \u00e4ltere Kinder geeignet, die das Bed\u00fcrfnis haben, auf etwas zu bei\u00dfen.   <\/p>\n<p>Unsere Buchstabenperlen aus Silikon sind alle:<\/p>\n<ul>\n<li><strong>BPA- und Phthalat-frei:<\/strong> Unsere Materialien sind garantiert frei von sch\u00e4dlichen Substanzen, so dass Sie sie bedenkenlos verwenden k\u00f6nnen, sogar f\u00fcr Babys.<\/li>\n<li><strong>CE-Zertifizierung:<\/strong> Diese Perlen sind f\u00fcr CE-zertifizierte Endprodukte geeignet, wodurch sichergestellt wird, dass Sie mit hochwertigen Materialien arbeiten.<\/li>\n<li><strong>Langlebigkeit:<\/strong> Die Perlen sind robust und nutzen sich kaum ab, so dass Ihre Kreationen lange Zeit halten.<\/li>\n<li><strong>Leicht zu reinigen:<\/strong> Diese Buchstabenperlen aus Silikon sind sp\u00fclmaschinenfest und zum K\u00fchlen beim Zahnen geeignet.<\/li>\n<\/ul>\n<h3>Warnung:<\/h3>\n<p>Obwohl unsere Perlen von hoher Qualit\u00e4t sind, ist es wichtig, dass Sie die Perlen immer sicher auff\u00e4deln und verknoten. Kontrollieren Sie Ihre handgefertigten Produkte regelm\u00e4\u00dfig auf Abnutzung und Verschlei\u00df. Jootjes Haakcadeautjes kontrolliert Ihre fertigen Produkte nicht und kann keine Verantwortung f\u00fcr Sch\u00e4den an den fertigen Produkten oder das L\u00f6sen von Teilen aufgrund von Abnutzung und Verschlei\u00df \u00fcbernehmen. Wir empfehlen, handgefertigte Bei\u00dfspielzeuge nur unter Aufsicht von Erwachsenen zu verwenden, um gef\u00e4hrliche Situationen zu vermeiden.   <\/p>\n","protected":false},"excerpt":{"rendered":"<ul>\n<li>Variante: Buchstabenperlen aus Silikon<\/li>\n<li>Farbe: Elfenbein\/Milchschokolade Buchstaben<\/li>\n<li>Verkauft als ein Satz des gesamten Alphabets. Enth\u00e4lt alle Buchstaben A bis Z 1 x. Set von 26 St\u00fcck insgesamt.  <\/li>\n<li>BPA-, Phthalat-, PVC-, blei- und toxinfrei.<\/li>\n<li>Geeignet f\u00fcr CE-zertifizierte Endprodukte.<\/li>\n<li>Form und Gr\u00f6\u00dfe: Quadratisch, 10 mm x 10 mm, mit Buchstaben auf allen 4 Seiten.<\/li>\n<li>Die Buchstaben sind horizontal (die L\u00f6cher sind von links nach rechts).<\/li>\n<li>Mit milder Seifenlauge oder Gesichtspolitur reinigen. Die Perle selbst kann in der Sp\u00fclmaschine gereinigt werden. <\/li>\n<li>Cool zum Zahnen.<\/li>\n<\/ul>\n","protected":false},"featured_media":105484,"template":"","meta":[],"product_brand":[],"product_cat":[8505,8761,7380,7184],"product_tag":[8074,8767,8750,7385,7452,8511,8742,7917,8746,7416,7890,7442,8012,7199,8744,8514,7505,7211,7427],"class_list":{"0":"post-235317","1":"product","2":"type-product","3":"status-publish","4":"has-post-thumbnail","6":"product_cat-buchstabenperlen-schnullerschnur-und-beisring","7":"product_cat-buchstabenperlen-aus-silikon-10-mm","8":"product_cat-herstellung-von-baby-beisspielzeug-materialien-fur-schnuller-und-beisringe","9":"product_cat-neue-produkte","10":"product_tag-10-de","11":"product_tag-10mm-de","12":"product_tag-alphabet-de","13":"product_tag-beisring","14":"product_tag-bpa-frei","15":"product_tag-buchstaben","16":"product_tag-buchstabenperle","17":"product_tag-elfenbein","18":"product_tag-gesamtes-alphabet","19":"product_tag-gummischnur","20":"product_tag-gummischnur-de","21":"product_tag-kinderwagenkette","22":"product_tag-milch","23":"product_tag-perlen","24":"product_tag-perlen-mit-buchstaben","25":"product_tag-platz","26":"product_tag-schokolade","27":"product_tag-silikon","28":"product_tag-still-halskette","30":"first","31":"instock","32":"taxable","33":"shipping-taxable","34":"purchasable","35":"product-type-simple"},"bundled_by":[],"bundle_stock_status":"instock","bundle_stock_quantity":40,"bundle_virtual":false,"bundle_layout":"","bundle_add_to_cart_form_location":"","bundle_editable_in_cart":false,"bundle_sold_individually_context":"","bundle_item_grouping":"","bundle_min_size":"","bundle_max_size":"","bundle_price":[],"bundled_items":[],"bundle_sell_ids":[],"yoast_head":"<!-- This site is optimized with the Yoast SEO Premium plugin v27.6 (Yoast SEO v27.6) - https:\/\/yoast.com\/product\/yoast-seo-premium-wordpress\/ -->\n<title>Jootjes Haakcadeautjes<\/title>\n<meta name=\"description\" content=\"Buchstabenperlen aus wei\u00dfem Silikon mit schwarzen Silikonbuchstaben. H\u00fcbsch f\u00fcr eine Schnullerschnur, Kinderwagenschnur oder Bei\u00dfring.\" \/>\n<meta name=\"robots\" content=\"index, follow, max-snippet:-1, max-image-preview:large, max-video-preview:-1\" \/>\n<link rel=\"canonical\" href=\"https:\/\/www.jootjeshaakcadeautjes.nl\/de\/produkt\/silikon-buchstabenperlen-elfenbein-milchschokolade-12-mm-quadratisch-komplettes-alphabet-satz-mit-26-stuck-a-z-kopie\/\" \/>\n<meta property=\"og:locale\" content=\"de_DE\" \/>\n<meta property=\"og:type\" content=\"article\" \/>\n<meta property=\"og:title\" content=\"Silikon-Buchstabenperlen - Elfenbein\/Milchschokolade - 10 mm - Quadratisch - Komplettes Alphabet - Satz mit 26 St\u00fcck A-Z\" \/>\n<meta property=\"og:description\" content=\"Buchstabenperlen aus wei\u00dfem Silikon mit schwarzen Silikonbuchstaben. H\u00fcbsch f\u00fcr eine Schnullerschnur, Kinderwagenschnur oder Bei\u00dfring.\" \/>\n<meta property=\"og:url\" content=\"https:\/\/www.jootjeshaakcadeautjes.nl\/de\/produkt\/silikon-buchstabenperlen-elfenbein-milchschokolade-12-mm-quadratisch-komplettes-alphabet-satz-mit-26-stuck-a-z-kopie\/\" \/>\n<meta property=\"og:site_name\" content=\"Jootjes Haakcadeautjes\" \/>\n<meta property=\"article:modified_time\" content=\"2025-10-09T10:40:03+00:00\" \/>\n<meta property=\"og:image\" content=\"https:\/\/d1dyryakdmle7o.cloudfront.net\/wp-content\/uploads\/2023\/11\/Untitled-12.jpg\" \/>\n\t<meta property=\"og:image:width\" content=\"2048\" \/>\n\t<meta property=\"og:image:height\" content=\"2048\" \/>\n\t<meta property=\"og:image:type\" content=\"image\/jpeg\" \/>\n<meta name=\"twitter:card\" content=\"summary_large_image\" \/>\n<meta name=\"twitter:label1\" content=\"Preis\" \/>\n\t<meta name=\"twitter:data1\" content=\"&euro;7.80 inkl. MwSt.\" \/>\n\t<meta name=\"twitter:label2\" content=\"Verf\u00fcgbarkeit\" \/>\n\t<meta name=\"twitter:data2\" content=\"Auf Lager\" \/>\n<script type=\"application\/ld+json\" class=\"yoast-schema-graph\">{\"@context\":\"https:\\\/\\\/schema.org\",\"@graph\":[{\"@type\":\"WebPage\",\"@id\":\"https:\\\/\\\/www.jootjeshaakcadeautjes.nl\\\/de\\\/produkt\\\/silikon-buchstabenperlen-elfenbein-milchschokolade-12-mm-quadratisch-komplettes-alphabet-satz-mit-26-stuck-a-z-kopie\\\/\",\"url\":\"https:\\\/\\\/www.jootjeshaakcadeautjes.nl\\\/de\\\/produkt\\\/silikon-buchstabenperlen-elfenbein-milchschokolade-12-mm-quadratisch-komplettes-alphabet-satz-mit-26-stuck-a-z-kopie\\\/\",\"name\":\"\",\"isPartOf\":{\"@id\":\"https:\\\/\\\/www.jootjeshaakcadeautjes.nl\\\/de\\\/#website\"},\"primaryImageOfPage\":{\"@id\":\"https:\\\/\\\/www.jootjeshaakcadeautjes.nl\\\/de\\\/produkt\\\/silikon-buchstabenperlen-elfenbein-milchschokolade-12-mm-quadratisch-komplettes-alphabet-satz-mit-26-stuck-a-z-kopie\\\/#primaryimage\"},\"image\":{\"@id\":\"https:\\\/\\\/www.jootjeshaakcadeautjes.nl\\\/de\\\/produkt\\\/silikon-buchstabenperlen-elfenbein-milchschokolade-12-mm-quadratisch-komplettes-alphabet-satz-mit-26-stuck-a-z-kopie\\\/#primaryimage\"},\"thumbnailUrl\":\"https:\\\/\\\/d1dyryakdmle7o.cloudfront.net\\\/wp-content\\\/uploads\\\/2023\\\/11\\\/Untitled-12.jpg\",\"datePublished\":\"2025-06-22T10:19:49+00:00\",\"dateModified\":\"2025-10-09T10:40:03+00:00\",\"description\":\"Buchstabenperlen aus wei\u00dfem Silikon mit schwarzen Silikonbuchstaben. H\u00fcbsch f\u00fcr eine Schnullerschnur, Kinderwagenschnur oder Bei\u00dfring.\",\"breadcrumb\":{\"@id\":\"https:\\\/\\\/www.jootjeshaakcadeautjes.nl\\\/de\\\/produkt\\\/silikon-buchstabenperlen-elfenbein-milchschokolade-12-mm-quadratisch-komplettes-alphabet-satz-mit-26-stuck-a-z-kopie\\\/#breadcrumb\"},\"inLanguage\":\"de\",\"potentialAction\":[{\"@type\":\"ReadAction\",\"target\":[\"https:\\\/\\\/www.jootjeshaakcadeautjes.nl\\\/de\\\/produkt\\\/silikon-buchstabenperlen-elfenbein-milchschokolade-12-mm-quadratisch-komplettes-alphabet-satz-mit-26-stuck-a-z-kopie\\\/\"]}]},{\"@type\":\"ImageObject\",\"inLanguage\":\"de\",\"@id\":\"https:\\\/\\\/www.jootjeshaakcadeautjes.nl\\\/de\\\/produkt\\\/silikon-buchstabenperlen-elfenbein-milchschokolade-12-mm-quadratisch-komplettes-alphabet-satz-mit-26-stuck-a-z-kopie\\\/#primaryimage\",\"url\":\"https:\\\/\\\/d1dyryakdmle7o.cloudfront.net\\\/wp-content\\\/uploads\\\/2023\\\/11\\\/Untitled-12.jpg\",\"contentUrl\":\"https:\\\/\\\/d1dyryakdmle7o.cloudfront.net\\\/wp-content\\\/uploads\\\/2023\\\/11\\\/Untitled-12.jpg\",\"width\":2048,\"height\":2048,\"caption\":\"ivory \\\/ milk chocolate\"},{\"@type\":\"BreadcrumbList\",\"@id\":\"https:\\\/\\\/www.jootjeshaakcadeautjes.nl\\\/de\\\/produkt\\\/silikon-buchstabenperlen-elfenbein-milchschokolade-12-mm-quadratisch-komplettes-alphabet-satz-mit-26-stuck-a-z-kopie\\\/#breadcrumb\",\"itemListElement\":[{\"@type\":\"ListItem\",\"position\":1,\"name\":\"Startseite\",\"item\":\"https:\\\/\\\/www.jootjeshaakcadeautjes.nl\\\/de\\\/\"},{\"@type\":\"ListItem\",\"position\":2,\"name\":\"Gro\u00dfhandel mit Silikonperlen &#8211; Business und Consumer\",\"item\":\"https:\\\/\\\/www.jootjeshaakcadeautjes.nl\\\/de\\\/shop\\\/\"},{\"@type\":\"ListItem\",\"position\":3,\"name\":\"Silikon-Buchstabenperlen &#8211; Elfenbein\\\/Milchschokolade &#8211; 10 mm &#8211; Quadratisch &#8211; Komplettes Alphabet &#8211; Satz mit 26 St\u00fcck A-Z\"}]},{\"@type\":\"WebSite\",\"@id\":\"https:\\\/\\\/www.jootjeshaakcadeautjes.nl\\\/de\\\/#website\",\"url\":\"https:\\\/\\\/www.jootjeshaakcadeautjes.nl\\\/de\\\/\",\"name\":\"Jootjes Haakcadeautjes\",\"description\":\"Silikonperlen Gro\u00dfhandel \",\"publisher\":{\"@id\":\"https:\\\/\\\/www.jootjeshaakcadeautjes.nl\\\/de\\\/#organization\"},\"potentialAction\":[{\"@type\":\"SearchAction\",\"target\":{\"@type\":\"EntryPoint\",\"urlTemplate\":\"https:\\\/\\\/www.jootjeshaakcadeautjes.nl\\\/de\\\/?s={search_term_string}\"},\"query-input\":{\"@type\":\"PropertyValueSpecification\",\"valueRequired\":true,\"valueName\":\"search_term_string\"}}],\"inLanguage\":\"de\"},{\"@type\":\"Organization\",\"@id\":\"https:\\\/\\\/www.jootjeshaakcadeautjes.nl\\\/de\\\/#organization\",\"name\":\"Jootjes Haakcadeautjes\",\"url\":\"https:\\\/\\\/www.jootjeshaakcadeautjes.nl\\\/de\\\/\",\"logo\":{\"@type\":\"ImageObject\",\"inLanguage\":\"de\",\"@id\":\"https:\\\/\\\/www.jootjeshaakcadeautjes.nl\\\/de\\\/#\\\/schema\\\/logo\\\/image\\\/\",\"url\":\"https:\\\/\\\/d1dyryakdmle7o.cloudfront.net\\\/wp-content\\\/uploads\\\/2023\\\/05\\\/Logo-rond.png\",\"contentUrl\":\"https:\\\/\\\/d1dyryakdmle7o.cloudfront.net\\\/wp-content\\\/uploads\\\/2023\\\/05\\\/Logo-rond.png\",\"width\":1222,\"height\":1222,\"caption\":\"Jootjes Haakcadeautjes\"},\"image\":{\"@id\":\"https:\\\/\\\/www.jootjeshaakcadeautjes.nl\\\/de\\\/#\\\/schema\\\/logo\\\/image\\\/\"}}]}<\/script>\n<meta property=\"product:price:amount\" content=\"7.80\" \/>\n<meta property=\"product:price:currency\" content=\"EUR\" \/>\n<meta property=\"og:availability\" content=\"instock\" \/>\n<meta property=\"product:availability\" content=\"instock\" \/>\n<meta property=\"product:retailer_item_id\" content=\"SLK-IVMC-HAL10\" \/>\n<meta property=\"product:condition\" content=\"new\" \/>\n<!-- \/ Yoast SEO Premium plugin. -->","yoast_head_json":{"title":"Jootjes Haakcadeautjes","description":"Buchstabenperlen aus wei\u00dfem Silikon mit schwarzen Silikonbuchstaben. H\u00fcbsch f\u00fcr eine Schnullerschnur, Kinderwagenschnur oder Bei\u00dfring.","robots":{"index":"index","follow":"follow","max-snippet":"max-snippet:-1","max-image-preview":"max-image-preview:large","max-video-preview":"max-video-preview:-1"},"canonical":"https:\/\/www.jootjeshaakcadeautjes.nl\/de\/produkt\/silikon-buchstabenperlen-elfenbein-milchschokolade-12-mm-quadratisch-komplettes-alphabet-satz-mit-26-stuck-a-z-kopie\/","og_locale":"de_DE","og_type":"article","og_title":"Silikon-Buchstabenperlen - Elfenbein\/Milchschokolade - 10 mm - Quadratisch - Komplettes Alphabet - Satz mit 26 St\u00fcck A-Z","og_description":"Buchstabenperlen aus wei\u00dfem Silikon mit schwarzen Silikonbuchstaben. H\u00fcbsch f\u00fcr eine Schnullerschnur, Kinderwagenschnur oder Bei\u00dfring.","og_url":"https:\/\/www.jootjeshaakcadeautjes.nl\/de\/produkt\/silikon-buchstabenperlen-elfenbein-milchschokolade-12-mm-quadratisch-komplettes-alphabet-satz-mit-26-stuck-a-z-kopie\/","og_site_name":"Jootjes Haakcadeautjes","article_modified_time":"2025-10-09T10:40:03+00:00","og_image":[{"width":2048,"height":2048,"url":"https:\/\/d1dyryakdmle7o.cloudfront.net\/wp-content\/uploads\/2023\/11\/Untitled-12.jpg","type":"image\/jpeg"}],"twitter_card":"summary_large_image","twitter_misc":{"Preis":"&euro;7.80 inkl. MwSt.","Verf\u00fcgbarkeit":"Auf Lager"},"schema":{"@context":"https:\/\/schema.org","@graph":[{"@type":"WebPage","@id":"https:\/\/www.jootjeshaakcadeautjes.nl\/de\/produkt\/silikon-buchstabenperlen-elfenbein-milchschokolade-12-mm-quadratisch-komplettes-alphabet-satz-mit-26-stuck-a-z-kopie\/","url":"https:\/\/www.jootjeshaakcadeautjes.nl\/de\/produkt\/silikon-buchstabenperlen-elfenbein-milchschokolade-12-mm-quadratisch-komplettes-alphabet-satz-mit-26-stuck-a-z-kopie\/","name":"","isPartOf":{"@id":"https:\/\/www.jootjeshaakcadeautjes.nl\/de\/#website"},"primaryImageOfPage":{"@id":"https:\/\/www.jootjeshaakcadeautjes.nl\/de\/produkt\/silikon-buchstabenperlen-elfenbein-milchschokolade-12-mm-quadratisch-komplettes-alphabet-satz-mit-26-stuck-a-z-kopie\/#primaryimage"},"image":{"@id":"https:\/\/www.jootjeshaakcadeautjes.nl\/de\/produkt\/silikon-buchstabenperlen-elfenbein-milchschokolade-12-mm-quadratisch-komplettes-alphabet-satz-mit-26-stuck-a-z-kopie\/#primaryimage"},"thumbnailUrl":"https:\/\/d1dyryakdmle7o.cloudfront.net\/wp-content\/uploads\/2023\/11\/Untitled-12.jpg","datePublished":"2025-06-22T10:19:49+00:00","dateModified":"2025-10-09T10:40:03+00:00","description":"Buchstabenperlen aus wei\u00dfem Silikon mit schwarzen Silikonbuchstaben. H\u00fcbsch f\u00fcr eine Schnullerschnur, Kinderwagenschnur oder Bei\u00dfring.","breadcrumb":{"@id":"https:\/\/www.jootjeshaakcadeautjes.nl\/de\/produkt\/silikon-buchstabenperlen-elfenbein-milchschokolade-12-mm-quadratisch-komplettes-alphabet-satz-mit-26-stuck-a-z-kopie\/#breadcrumb"},"inLanguage":"de","potentialAction":[{"@type":"ReadAction","target":["https:\/\/www.jootjeshaakcadeautjes.nl\/de\/produkt\/silikon-buchstabenperlen-elfenbein-milchschokolade-12-mm-quadratisch-komplettes-alphabet-satz-mit-26-stuck-a-z-kopie\/"]}]},{"@type":"ImageObject","inLanguage":"de","@id":"https:\/\/www.jootjeshaakcadeautjes.nl\/de\/produkt\/silikon-buchstabenperlen-elfenbein-milchschokolade-12-mm-quadratisch-komplettes-alphabet-satz-mit-26-stuck-a-z-kopie\/#primaryimage","url":"https:\/\/d1dyryakdmle7o.cloudfront.net\/wp-content\/uploads\/2023\/11\/Untitled-12.jpg","contentUrl":"https:\/\/d1dyryakdmle7o.cloudfront.net\/wp-content\/uploads\/2023\/11\/Untitled-12.jpg","width":2048,"height":2048,"caption":"ivory \/ milk chocolate"},{"@type":"BreadcrumbList","@id":"https:\/\/www.jootjeshaakcadeautjes.nl\/de\/produkt\/silikon-buchstabenperlen-elfenbein-milchschokolade-12-mm-quadratisch-komplettes-alphabet-satz-mit-26-stuck-a-z-kopie\/#breadcrumb","itemListElement":[{"@type":"ListItem","position":1,"name":"Startseite","item":"https:\/\/www.jootjeshaakcadeautjes.nl\/de\/"},{"@type":"ListItem","position":2,"name":"Gro\u00dfhandel mit Silikonperlen &#8211; Business und Consumer","item":"https:\/\/www.jootjeshaakcadeautjes.nl\/de\/shop\/"},{"@type":"ListItem","position":3,"name":"Silikon-Buchstabenperlen &#8211; Elfenbein\/Milchschokolade &#8211; 10 mm &#8211; Quadratisch &#8211; Komplettes Alphabet &#8211; Satz mit 26 St\u00fcck A-Z"}]},{"@type":"WebSite","@id":"https:\/\/www.jootjeshaakcadeautjes.nl\/de\/#website","url":"https:\/\/www.jootjeshaakcadeautjes.nl\/de\/","name":"Jootjes Haakcadeautjes","description":"Silikonperlen Gro\u00dfhandel ","publisher":{"@id":"https:\/\/www.jootjeshaakcadeautjes.nl\/de\/#organization"},"potentialAction":[{"@type":"SearchAction","target":{"@type":"EntryPoint","urlTemplate":"https:\/\/www.jootjeshaakcadeautjes.nl\/de\/?s={search_term_string}"},"query-input":{"@type":"PropertyValueSpecification","valueRequired":true,"valueName":"search_term_string"}}],"inLanguage":"de"},{"@type":"Organization","@id":"https:\/\/www.jootjeshaakcadeautjes.nl\/de\/#organization","name":"Jootjes Haakcadeautjes","url":"https:\/\/www.jootjeshaakcadeautjes.nl\/de\/","logo":{"@type":"ImageObject","inLanguage":"de","@id":"https:\/\/www.jootjeshaakcadeautjes.nl\/de\/#\/schema\/logo\/image\/","url":"https:\/\/d1dyryakdmle7o.cloudfront.net\/wp-content\/uploads\/2023\/05\/Logo-rond.png","contentUrl":"https:\/\/d1dyryakdmle7o.cloudfront.net\/wp-content\/uploads\/2023\/05\/Logo-rond.png","width":1222,"height":1222,"caption":"Jootjes Haakcadeautjes"},"image":{"@id":"https:\/\/www.jootjeshaakcadeautjes.nl\/de\/#\/schema\/logo\/image\/"}}]},"product_price_amount":"7.80","product_price_currency":"EUR","og_availability":"instock","product_availability":"instock","product_retailer_item_id":"SLK-IVMC-HAL10","product_condition":"new"},"_links":{"self":[{"href":"https:\/\/www.jootjeshaakcadeautjes.nl\/de\/wp-json\/wp\/v2\/product\/235317","targetHints":{"allow":["GET"]}}],"collection":[{"href":"https:\/\/www.jootjeshaakcadeautjes.nl\/de\/wp-json\/wp\/v2\/product"}],"about":[{"href":"https:\/\/www.jootjeshaakcadeautjes.nl\/de\/wp-json\/wp\/v2\/types\/product"}],"version-history":[{"count":0,"href":"https:\/\/www.jootjeshaakcadeautjes.nl\/de\/wp-json\/wp\/v2\/product\/235317\/revisions"}],"wp:featuredmedia":[{"embeddable":true,"href":"https:\/\/www.jootjeshaakcadeautjes.nl\/de\/wp-json\/wp\/v2\/media\/105484"}],"wp:attachment":[{"href":"https:\/\/www.jootjeshaakcadeautjes.nl\/de\/wp-json\/wp\/v2\/media?parent=235317"}],"wp:term":[{"taxonomy":"product_brand","embeddable":true,"href":"https:\/\/www.jootjeshaakcadeautjes.nl\/de\/wp-json\/wp\/v2\/product_brand?post=235317"},{"taxonomy":"product_cat","embeddable":true,"href":"https:\/\/www.jootjeshaakcadeautjes.nl\/de\/wp-json\/wp\/v2\/product_cat?post=235317"},{"taxonomy":"product_tag","embeddable":true,"href":"https:\/\/www.jootjeshaakcadeautjes.nl\/de\/wp-json\/wp\/v2\/product_tag?post=235317"}],"curies":[{"name":"wp","href":"https:\/\/api.w.org\/{rel}","templated":true}]}}