{"id":239356,"date":"2025-07-11T00:17:28","date_gmt":"2025-07-10T22:17:28","guid":{"rendered":"https:\/\/www.jootjeshaakcadeautjes.nl\/?post_type=product&#038;p=239356"},"modified":"2026-04-20T11:22:19","modified_gmt":"2026-04-20T09:22:19","slug":"holzring-graviert-buchenholz-olivenzweig-55-cm-kopie","status":"publish","type":"product","link":"https:\/\/www.jootjeshaakcadeautjes.nl\/de\/produkt\/holzring-graviert-buchenholz-olivenzweig-55-cm-kopie\/","title":{"rendered":"Holzring &#8211; Graviert &#8211; Buchenholz &#8211; Squeeze the Day &#8211; Knufl &#8211; 7 cm"},"content":{"rendered":"<h1>Holzring &#8211; Graviert &#8211; Buchenholz &#8211; Squeeze the Day &#8211; Knufl &#8211; 7 cm<\/h1>\n<ul>\n<li>Holzringe aus Buchenholz, Gr\u00f6\u00dfe 7 cm.<\/li>\n<li>Graviert mit dem Text &#8220;Squeeze the Day&#8221;.<\/li>\n<li>Hochwertiges, babygerechtes Buchenholz<\/li>\n<li>Sicher nach EN-71 und frei von Formaldehyd<\/li>\n<li>Passendes <a href=\"https:\/\/www.knufl.nl\/products\/rammelaar-citrus\">Knufl<\/a> &#8216;s H\u00e4kelmuster f\u00fcr die Citrus-Rasseln! Mit diesem Muster haben Sie die M\u00f6glichkeit, bis zu 4 verschiedene Rasseln herzustellen! <\/li>\n<\/ul>\n<p>Perfekt geeignet f\u00fcr Bei\u00dfringe, Baby-Turnhallen, Kinderwagenaufh\u00e4nger und vieles mehr.<\/p>\n","protected":false},"excerpt":{"rendered":"<ul>\n<li>Holzringe aus Buchenholz, Gr\u00f6\u00dfe 7 cm.<\/li>\n<li>Graviert mit dem Text &#8220;Squeeze the Day&#8221;.<\/li>\n<li>Hochwertiges, babygerechtes Buchenholz<\/li>\n<li>Sicher nach EN-71 und frei von Formaldehyd<\/li>\n<\/ul>\n<p>Passendes <a href=\"https:\/\/www.knufl.nl\/products\/rammelaar-citrus\">Knufl<\/a> &#8216;s H\u00e4kelmuster f\u00fcr die Citrus-Rasseln! Mit diesem Muster haben Sie die M\u00f6glichkeit, bis zu 4 verschiedene Rasseln herzustellen! <\/p>\n","protected":false},"featured_media":239437,"template":"","meta":[],"product_brand":[],"product_cat":[8226,8072,6995,7184],"product_tag":[9828,7385,8047,7946,8036,7400,8042,8034,7919,7416,8523,8046,7196,18547,8384,7199,7223,8052,8038,18548,8078,8081,7444,18546],"class_list":{"0":"post-239356","1":"product","2":"type-product","3":"status-publish","4":"has-post-thumbnail","6":"product_cat-gravierte-holzringe-fur-schnullerschnur-und-beisring","7":"product_cat-holzringe-fur-macrame-und-crochet","8":"product_cat-lasergravieren-alle-produkte","9":"product_cat-neue-produkte","10":"product_tag-7-cm-de","11":"product_tag-beisring","12":"product_tag-buche","13":"product_tag-die-de","14":"product_tag-eingraviert-de","15":"product_tag-eingraviert","16":"product_tag-entwurf","17":"product_tag-gelasert","18":"product_tag-grose","19":"product_tag-gummischnur","20":"product_tag-hakelmuster","21":"product_tag-holz-de","22":"product_tag-holz","23":"product_tag-klappert","24":"product_tag-knufl-de","25":"product_tag-perlen","26":"product_tag-personalisierte","27":"product_tag-prasentiert-de","28":"product_tag-prasentiert","29":"product_tag-quetschen","30":"product_tag-ring-de","31":"product_tag-ringe","32":"product_tag-schlusselanhanger","33":"product_tag-zitrusfruchte","35":"first","36":"instock","37":"taxable","38":"shipping-taxable","39":"purchasable","40":"product-type-simple"},"bundled_by":[],"bundle_stock_status":"instock","bundle_stock_quantity":2,"bundle_virtual":false,"bundle_layout":"","bundle_add_to_cart_form_location":"","bundle_editable_in_cart":false,"bundle_sold_individually_context":"","bundle_item_grouping":"","bundle_min_size":"","bundle_max_size":"","bundle_price":[],"bundled_items":[],"bundle_sell_ids":[],"yoast_head":"<!-- This site is optimized with the Yoast SEO Premium plugin v27.4 (Yoast SEO v27.5) - https:\/\/yoast.com\/product\/yoast-seo-premium-wordpress\/ -->\n<title>Holzring - Squeeze The Day - Knufl-Zitrusrasseln<\/title>\n<meta name=\"description\" content=\"Gravierter Holzring mit Text &quot;Squeeze the Day&quot;. Passend zum H\u00e4kelmuster f\u00fcr Knufl&#039;s Zitrusrasseln. Babysichere Holzringe.\" \/>\n<meta name=\"robots\" content=\"index, follow, max-snippet:-1, max-image-preview:large, max-video-preview:-1\" \/>\n<link rel=\"canonical\" href=\"https:\/\/www.jootjeshaakcadeautjes.nl\/de\/produkt\/holzring-graviert-buchenholz-olivenzweig-55-cm-kopie\/\" \/>\n<meta property=\"og:locale\" content=\"de_DE\" \/>\n<meta property=\"og:type\" content=\"article\" \/>\n<meta property=\"og:title\" content=\"Holzring - Graviert - Buchenholz - Squeeze the Day - Knufl - 7 cm\" \/>\n<meta property=\"og:description\" content=\"Gravierter Holzring mit Text &quot;Squeeze the Day&quot;. Passend zum H\u00e4kelmuster f\u00fcr Knufl&#039;s Zitrusrasseln. Babysichere Holzringe.\" \/>\n<meta property=\"og:url\" content=\"https:\/\/www.jootjeshaakcadeautjes.nl\/de\/produkt\/holzring-graviert-buchenholz-olivenzweig-55-cm-kopie\/\" \/>\n<meta property=\"og:site_name\" content=\"Jootjes Haakcadeautjes\" \/>\n<meta property=\"article:modified_time\" content=\"2026-04-20T09:22:19+00:00\" \/>\n<meta property=\"og:image\" content=\"https:\/\/d1dyryakdmle7o.cloudfront.net\/wp-content\/uploads\/2025\/07\/20250711_111524-1024x1024.png\" \/>\n\t<meta property=\"og:image:width\" content=\"1024\" \/>\n\t<meta property=\"og:image:height\" content=\"1024\" \/>\n\t<meta property=\"og:image:type\" content=\"image\/png\" \/>\n<meta name=\"twitter:card\" content=\"summary_large_image\" \/>\n<meta name=\"twitter:label1\" content=\"Preis\" \/>\n\t<meta name=\"twitter:data1\" content=\"&euro;2.35 inkl. MwSt.\" \/>\n\t<meta name=\"twitter:label2\" content=\"Verf\u00fcgbarkeit\" \/>\n\t<meta name=\"twitter:data2\" content=\"Auf Lager\" \/>\n<script type=\"application\/ld+json\" class=\"yoast-schema-graph\">{\"@context\":\"https:\\\/\\\/schema.org\",\"@graph\":[{\"@type\":\"WebPage\",\"@id\":\"https:\\\/\\\/www.jootjeshaakcadeautjes.nl\\\/de\\\/produkt\\\/holzring-graviert-buchenholz-olivenzweig-55-cm-kopie\\\/\",\"url\":\"https:\\\/\\\/www.jootjeshaakcadeautjes.nl\\\/de\\\/produkt\\\/holzring-graviert-buchenholz-olivenzweig-55-cm-kopie\\\/\",\"name\":\"Holzring - Squeeze The Day - Knufl-Zitrusrasseln\",\"isPartOf\":{\"@id\":\"https:\\\/\\\/www.jootjeshaakcadeautjes.nl\\\/de\\\/#website\"},\"primaryImageOfPage\":{\"@id\":\"https:\\\/\\\/www.jootjeshaakcadeautjes.nl\\\/de\\\/produkt\\\/holzring-graviert-buchenholz-olivenzweig-55-cm-kopie\\\/#primaryimage\"},\"image\":{\"@id\":\"https:\\\/\\\/www.jootjeshaakcadeautjes.nl\\\/de\\\/produkt\\\/holzring-graviert-buchenholz-olivenzweig-55-cm-kopie\\\/#primaryimage\"},\"thumbnailUrl\":\"https:\\\/\\\/d1dyryakdmle7o.cloudfront.net\\\/wp-content\\\/uploads\\\/2025\\\/07\\\/20250711_111524.png\",\"datePublished\":\"2025-07-10T22:17:28+00:00\",\"dateModified\":\"2026-04-20T09:22:19+00:00\",\"description\":\"Gravierter Holzring mit Text \\\"Squeeze the Day\\\". Passend zum H\u00e4kelmuster f\u00fcr Knufl's Zitrusrasseln. Babysichere Holzringe.\",\"breadcrumb\":{\"@id\":\"https:\\\/\\\/www.jootjeshaakcadeautjes.nl\\\/de\\\/produkt\\\/holzring-graviert-buchenholz-olivenzweig-55-cm-kopie\\\/#breadcrumb\"},\"inLanguage\":\"de\",\"potentialAction\":[{\"@type\":\"ReadAction\",\"target\":[\"https:\\\/\\\/www.jootjeshaakcadeautjes.nl\\\/de\\\/produkt\\\/holzring-graviert-buchenholz-olivenzweig-55-cm-kopie\\\/\"]}]},{\"@type\":\"ImageObject\",\"inLanguage\":\"de\",\"@id\":\"https:\\\/\\\/www.jootjeshaakcadeautjes.nl\\\/de\\\/produkt\\\/holzring-graviert-buchenholz-olivenzweig-55-cm-kopie\\\/#primaryimage\",\"url\":\"https:\\\/\\\/d1dyryakdmle7o.cloudfront.net\\\/wp-content\\\/uploads\\\/2025\\\/07\\\/20250711_111524.png\",\"contentUrl\":\"https:\\\/\\\/d1dyryakdmle7o.cloudfront.net\\\/wp-content\\\/uploads\\\/2025\\\/07\\\/20250711_111524.png\",\"width\":2048,\"height\":2048},{\"@type\":\"BreadcrumbList\",\"@id\":\"https:\\\/\\\/www.jootjeshaakcadeautjes.nl\\\/de\\\/produkt\\\/holzring-graviert-buchenholz-olivenzweig-55-cm-kopie\\\/#breadcrumb\",\"itemListElement\":[{\"@type\":\"ListItem\",\"position\":1,\"name\":\"Startseite\",\"item\":\"https:\\\/\\\/www.jootjeshaakcadeautjes.nl\\\/de\\\/\"},{\"@type\":\"ListItem\",\"position\":2,\"name\":\"Gro\u00dfhandel mit Silikonperlen &#8211; Business und Consumer\",\"item\":\"https:\\\/\\\/www.jootjeshaakcadeautjes.nl\\\/de\\\/shop\\\/\"},{\"@type\":\"ListItem\",\"position\":3,\"name\":\"Holzring &#8211; Graviert &#8211; Buchenholz &#8211; Squeeze the Day &#8211; Knufl &#8211; 7 cm\"}]},{\"@type\":\"WebSite\",\"@id\":\"https:\\\/\\\/www.jootjeshaakcadeautjes.nl\\\/de\\\/#website\",\"url\":\"https:\\\/\\\/www.jootjeshaakcadeautjes.nl\\\/de\\\/\",\"name\":\"Jootjes Haakcadeautjes\",\"description\":\"Silikonperlen Gro\u00dfhandel \",\"publisher\":{\"@id\":\"https:\\\/\\\/www.jootjeshaakcadeautjes.nl\\\/de\\\/#organization\"},\"potentialAction\":[{\"@type\":\"SearchAction\",\"target\":{\"@type\":\"EntryPoint\",\"urlTemplate\":\"https:\\\/\\\/www.jootjeshaakcadeautjes.nl\\\/de\\\/?s={search_term_string}\"},\"query-input\":{\"@type\":\"PropertyValueSpecification\",\"valueRequired\":true,\"valueName\":\"search_term_string\"}}],\"inLanguage\":\"de\"},{\"@type\":\"Organization\",\"@id\":\"https:\\\/\\\/www.jootjeshaakcadeautjes.nl\\\/de\\\/#organization\",\"name\":\"Jootjes Haakcadeautjes\",\"url\":\"https:\\\/\\\/www.jootjeshaakcadeautjes.nl\\\/de\\\/\",\"logo\":{\"@type\":\"ImageObject\",\"inLanguage\":\"de\",\"@id\":\"https:\\\/\\\/www.jootjeshaakcadeautjes.nl\\\/de\\\/#\\\/schema\\\/logo\\\/image\\\/\",\"url\":\"https:\\\/\\\/jootjes-haakcadeautjes-media.s3.amazonaws.com\\\/wp-content\\\/uploads\\\/2023\\\/05\\\/Logo-rond.png\",\"contentUrl\":\"https:\\\/\\\/jootjes-haakcadeautjes-media.s3.amazonaws.com\\\/wp-content\\\/uploads\\\/2023\\\/05\\\/Logo-rond.png\",\"width\":1222,\"height\":1222,\"caption\":\"Jootjes Haakcadeautjes\"},\"image\":{\"@id\":\"https:\\\/\\\/www.jootjeshaakcadeautjes.nl\\\/de\\\/#\\\/schema\\\/logo\\\/image\\\/\"}}]}<\/script>\n<meta property=\"product:price:amount\" content=\"2.35\" \/>\n<meta property=\"product:price:currency\" content=\"EUR\" \/>\n<meta property=\"og:availability\" content=\"instock\" \/>\n<meta property=\"product:availability\" content=\"instock\" \/>\n<meta property=\"product:retailer_item_id\" content=\"GRI-R70-STD\" \/>\n<meta property=\"product:condition\" content=\"new\" \/>\n<!-- \/ Yoast SEO Premium plugin. -->","yoast_head_json":{"title":"Holzring - Squeeze The Day - Knufl-Zitrusrasseln","description":"Gravierter Holzring mit Text \"Squeeze the Day\". Passend zum H\u00e4kelmuster f\u00fcr Knufl's Zitrusrasseln. Babysichere Holzringe.","robots":{"index":"index","follow":"follow","max-snippet":"max-snippet:-1","max-image-preview":"max-image-preview:large","max-video-preview":"max-video-preview:-1"},"canonical":"https:\/\/www.jootjeshaakcadeautjes.nl\/de\/produkt\/holzring-graviert-buchenholz-olivenzweig-55-cm-kopie\/","og_locale":"de_DE","og_type":"article","og_title":"Holzring - Graviert - Buchenholz - Squeeze the Day - Knufl - 7 cm","og_description":"Gravierter Holzring mit Text \"Squeeze the Day\". Passend zum H\u00e4kelmuster f\u00fcr Knufl's Zitrusrasseln. Babysichere Holzringe.","og_url":"https:\/\/www.jootjeshaakcadeautjes.nl\/de\/produkt\/holzring-graviert-buchenholz-olivenzweig-55-cm-kopie\/","og_site_name":"Jootjes Haakcadeautjes","article_modified_time":"2026-04-20T09:22:19+00:00","og_image":[{"width":1024,"height":1024,"url":"https:\/\/d1dyryakdmle7o.cloudfront.net\/wp-content\/uploads\/2025\/07\/20250711_111524-1024x1024.png","type":"image\/png"}],"twitter_card":"summary_large_image","twitter_misc":{"Preis":"&euro;2.35 inkl. MwSt.","Verf\u00fcgbarkeit":"Auf Lager"},"schema":{"@context":"https:\/\/schema.org","@graph":[{"@type":"WebPage","@id":"https:\/\/www.jootjeshaakcadeautjes.nl\/de\/produkt\/holzring-graviert-buchenholz-olivenzweig-55-cm-kopie\/","url":"https:\/\/www.jootjeshaakcadeautjes.nl\/de\/produkt\/holzring-graviert-buchenholz-olivenzweig-55-cm-kopie\/","name":"Holzring - Squeeze The Day - Knufl-Zitrusrasseln","isPartOf":{"@id":"https:\/\/www.jootjeshaakcadeautjes.nl\/de\/#website"},"primaryImageOfPage":{"@id":"https:\/\/www.jootjeshaakcadeautjes.nl\/de\/produkt\/holzring-graviert-buchenholz-olivenzweig-55-cm-kopie\/#primaryimage"},"image":{"@id":"https:\/\/www.jootjeshaakcadeautjes.nl\/de\/produkt\/holzring-graviert-buchenholz-olivenzweig-55-cm-kopie\/#primaryimage"},"thumbnailUrl":"https:\/\/d1dyryakdmle7o.cloudfront.net\/wp-content\/uploads\/2025\/07\/20250711_111524.png","datePublished":"2025-07-10T22:17:28+00:00","dateModified":"2026-04-20T09:22:19+00:00","description":"Gravierter Holzring mit Text \"Squeeze the Day\". Passend zum H\u00e4kelmuster f\u00fcr Knufl's Zitrusrasseln. Babysichere Holzringe.","breadcrumb":{"@id":"https:\/\/www.jootjeshaakcadeautjes.nl\/de\/produkt\/holzring-graviert-buchenholz-olivenzweig-55-cm-kopie\/#breadcrumb"},"inLanguage":"de","potentialAction":[{"@type":"ReadAction","target":["https:\/\/www.jootjeshaakcadeautjes.nl\/de\/produkt\/holzring-graviert-buchenholz-olivenzweig-55-cm-kopie\/"]}]},{"@type":"ImageObject","inLanguage":"de","@id":"https:\/\/www.jootjeshaakcadeautjes.nl\/de\/produkt\/holzring-graviert-buchenholz-olivenzweig-55-cm-kopie\/#primaryimage","url":"https:\/\/d1dyryakdmle7o.cloudfront.net\/wp-content\/uploads\/2025\/07\/20250711_111524.png","contentUrl":"https:\/\/d1dyryakdmle7o.cloudfront.net\/wp-content\/uploads\/2025\/07\/20250711_111524.png","width":2048,"height":2048},{"@type":"BreadcrumbList","@id":"https:\/\/www.jootjeshaakcadeautjes.nl\/de\/produkt\/holzring-graviert-buchenholz-olivenzweig-55-cm-kopie\/#breadcrumb","itemListElement":[{"@type":"ListItem","position":1,"name":"Startseite","item":"https:\/\/www.jootjeshaakcadeautjes.nl\/de\/"},{"@type":"ListItem","position":2,"name":"Gro\u00dfhandel mit Silikonperlen &#8211; Business und Consumer","item":"https:\/\/www.jootjeshaakcadeautjes.nl\/de\/shop\/"},{"@type":"ListItem","position":3,"name":"Holzring &#8211; Graviert &#8211; Buchenholz &#8211; Squeeze the Day &#8211; Knufl &#8211; 7 cm"}]},{"@type":"WebSite","@id":"https:\/\/www.jootjeshaakcadeautjes.nl\/de\/#website","url":"https:\/\/www.jootjeshaakcadeautjes.nl\/de\/","name":"Jootjes Haakcadeautjes","description":"Silikonperlen Gro\u00dfhandel ","publisher":{"@id":"https:\/\/www.jootjeshaakcadeautjes.nl\/de\/#organization"},"potentialAction":[{"@type":"SearchAction","target":{"@type":"EntryPoint","urlTemplate":"https:\/\/www.jootjeshaakcadeautjes.nl\/de\/?s={search_term_string}"},"query-input":{"@type":"PropertyValueSpecification","valueRequired":true,"valueName":"search_term_string"}}],"inLanguage":"de"},{"@type":"Organization","@id":"https:\/\/www.jootjeshaakcadeautjes.nl\/de\/#organization","name":"Jootjes Haakcadeautjes","url":"https:\/\/www.jootjeshaakcadeautjes.nl\/de\/","logo":{"@type":"ImageObject","inLanguage":"de","@id":"https:\/\/www.jootjeshaakcadeautjes.nl\/de\/#\/schema\/logo\/image\/","url":"https:\/\/jootjes-haakcadeautjes-media.s3.amazonaws.com\/wp-content\/uploads\/2023\/05\/Logo-rond.png","contentUrl":"https:\/\/jootjes-haakcadeautjes-media.s3.amazonaws.com\/wp-content\/uploads\/2023\/05\/Logo-rond.png","width":1222,"height":1222,"caption":"Jootjes Haakcadeautjes"},"image":{"@id":"https:\/\/www.jootjeshaakcadeautjes.nl\/de\/#\/schema\/logo\/image\/"}}]},"product_price_amount":"2.35","product_price_currency":"EUR","og_availability":"instock","product_availability":"instock","product_retailer_item_id":"GRI-R70-STD","product_condition":"new"},"_links":{"self":[{"href":"https:\/\/www.jootjeshaakcadeautjes.nl\/de\/wp-json\/wp\/v2\/product\/239356","targetHints":{"allow":["GET"]}}],"collection":[{"href":"https:\/\/www.jootjeshaakcadeautjes.nl\/de\/wp-json\/wp\/v2\/product"}],"about":[{"href":"https:\/\/www.jootjeshaakcadeautjes.nl\/de\/wp-json\/wp\/v2\/types\/product"}],"version-history":[{"count":1,"href":"https:\/\/www.jootjeshaakcadeautjes.nl\/de\/wp-json\/wp\/v2\/product\/239356\/revisions"}],"predecessor-version":[{"id":279617,"href":"https:\/\/www.jootjeshaakcadeautjes.nl\/de\/wp-json\/wp\/v2\/product\/239356\/revisions\/279617"}],"wp:featuredmedia":[{"embeddable":true,"href":"https:\/\/www.jootjeshaakcadeautjes.nl\/de\/wp-json\/wp\/v2\/media\/239437"}],"wp:attachment":[{"href":"https:\/\/www.jootjeshaakcadeautjes.nl\/de\/wp-json\/wp\/v2\/media?parent=239356"}],"wp:term":[{"taxonomy":"product_brand","embeddable":true,"href":"https:\/\/www.jootjeshaakcadeautjes.nl\/de\/wp-json\/wp\/v2\/product_brand?post=239356"},{"taxonomy":"product_cat","embeddable":true,"href":"https:\/\/www.jootjeshaakcadeautjes.nl\/de\/wp-json\/wp\/v2\/product_cat?post=239356"},{"taxonomy":"product_tag","embeddable":true,"href":"https:\/\/www.jootjeshaakcadeautjes.nl\/de\/wp-json\/wp\/v2\/product_tag?post=239356"}],"curies":[{"name":"wp","href":"https:\/\/api.w.org\/{rel}","templated":true}]}}