{"id":240338,"date":"2025-12-14T15:14:12","date_gmt":"2025-12-14T14:14:12","guid":{"rendered":"https:\/\/www.jootjeshaakcadeautjes.nl\/?post_type=product&#038;p=240338"},"modified":"2025-12-16T14:58:25","modified_gmt":"2025-12-16T13:58:25","slug":"zahnungsfigur-silikon-und-holz-blume-altrosa-kopie","status":"publish","type":"product","link":"https:\/\/www.jootjeshaakcadeautjes.nl\/de\/produkt\/zahnungsfigur-silikon-und-holz-blume-altrosa-kopie\/","title":{"rendered":"Zahnungsfigur &#8211; Silikon und Holz &#8211; Puffy Flower &#8211; Kastanie"},"content":{"rendered":"<h2>Silikon-Zahnfigur &#8211; Silikon und Holz &#8211; Blume &#8211; Kastanie<\/h2>\n<ul>\n<li>Modell: Blume<\/li>\n<li>Farbe: Kastanie<\/li>\n<li>Material: EN-71 chemisch sicher getestetes Buchenholz und Silikonmaterial, v\u00f6llig BPA-frei.<\/li>\n<\/ul>\n<h2 data-start=\"309\" data-end=\"339\">\ud83c\udf3f Material und Sicherheit<\/h2>\n<p data-start=\"340\" data-end=\"613\">Diese Bei\u00dffigur aus Silikon und Holz in Form einer Blume ist aus <strong data-start=\"405\" data-end=\"423\">rohem Holz<\/strong> gefertigt. Das Holz ist also nicht lackiert, gebeizt oder ge\u00f6lt. Dar\u00fcber hinaus ist es aus EN-71 chemisch sicher getestet Silikonmaterial gemacht. Alle unsere Holz- und Silikonmaterialien wurden <strong data-start=\"490\" data-end=\"514\">unabh\u00e4ngig von<\/strong> einem <strong data-start=\"524\" data-end=\"559\">ISO-zertifizierten Labor<\/strong> <strong data-start=\"490\" data-end=\"514\">getestet<\/strong> und <strong data-start=\"581\" data-end=\"612\">als<\/strong> chemisch v\u00f6llig <strong data-start=\"581\" data-end=\"612\">sicher f\u00fcr Babys befunden<\/strong>.   <\/p>\n<h2 data-start=\"615\" data-end=\"644\">\ud83c\udf32 Nat\u00fcrliche Variationen<\/h2>\n<p data-start=\"645\" data-end=\"906\">So ist eine Bei\u00dffigur aus Silikon und Holz auch teilweise aus Holz, einem <strong data-start=\"692\" data-end=\"716\">nat\u00fcrlichen Material<\/strong>, gefertigt. Daher kann sich jede Bei\u00dffigur leicht in Farbe, Markierungen oder \u00c4sten unterscheiden. <\/p>\n<h2 data-start=\"908\" data-end=\"935\">\u26a0\ufe0f Kontrolle und Abnutzung<\/h2>\n<p data-start=\"936\" data-end=\"1155\">Holz ist anf\u00e4llig f\u00fcr Abnutzung durch Gebrauch, Temperatur und Feuchtigkeit. \u00dcberpr\u00fcfen Sie einen Bei\u00dfring aus Holz <strong data-start=\"1036\" data-end=\"1056\">vor jedem Gebrauch<\/strong> auf Sch\u00e4den. Ersetzen Sie ihn bei den ersten Anzeichen von Abnutzung, um eine sichere Verwendung zu gew\u00e4hrleisten.  <\/p>\n<h2 data-start=\"1157\" data-end=\"1190\">\ud83d\udd27 Verwendung als DIY-Teil<\/h2>\n<p data-start=\"1191\" data-end=\"1309\">Diese Bissanzeiger sind zum <strong data-start=\"1225\" data-end=\"1242\">Selbermachen<\/strong> gedacht, in Kombination mit anderen Materialien. Sie k\u00f6nnen sie verwenden f\u00fcr: <\/p>\n<ul data-start=\"1310\" data-end=\"1415\">\n<li data-start=\"1310\" data-end=\"1326\">\n<p data-start=\"1312\" data-end=\"1326\">einen Bei\u00dfring<\/p>\n<\/li>\n<li data-start=\"1327\" data-end=\"1352\">\n<p data-start=\"1329\" data-end=\"1352\">ein Aktivit\u00e4tsw\u00fcrfel<\/p>\n<\/li>\n<li data-start=\"1353\" data-end=\"1373\">\n<p data-start=\"1355\" data-end=\"1373\">einen Waggonspanner<\/p>\n<\/li>\n<li data-start=\"1374\" data-end=\"1398\">\n<p data-start=\"1376\" data-end=\"1398\">Sinnesspielzeug<\/p>\n<\/li>\n<li data-start=\"1399\" data-end=\"1415\">\n<p data-start=\"1401\" data-end=\"1415\">andere Geschenke f\u00fcr die Mutterschaft<\/p>\n<\/li>\n<\/ul>\n<p data-start=\"1417\" data-end=\"1726\">Das von Ihnen hergestellte <strong data-start=\"1421\" data-end=\"1436\">Endprodukt<\/strong> muss den <strong data-start=\"1470\" data-end=\"1494\">Spielzeugrichtlinien<\/strong> entsprechen. Wir bieten die chemische Sicherheit des Holzes, aber wir k\u00f6nnen die <strong data-start=\"1558\" data-end=\"1584\">mechanische Sicherheit<\/strong> (die Konstruktion) nicht pr\u00fcfen. Das liegt daran, dass jede Kombination anders ist. Die Verantwortung daf\u00fcr liegt bei Ihnen als Hersteller.   <\/p>\n<p>Diese Bei\u00dffigur passt perfekt zu unseren Buchenperlen, Ringen und anderen Produkten in der Farbe Chestnut.<\/p>\n","protected":false},"excerpt":{"rendered":"<ul>\n<li>Form: Geschwollene Blume<\/li>\n<li>Farbe: Kastanie<\/li>\n<li>Hergestellt aus rohem Buchenholz (nicht lackiert, gebeizt oder ge\u00f6lt) und Silikonmaterial. Beides chemisch babysicher getestet nach EN-71, REACH und EU-Spielzeugrichtlinie.  BPA-frei!<\/li>\n<li>Bei\u00dffigur \/ Bei\u00dfring, bestimmt als Teil eines Bei\u00dfrings oder eines anderen Produkts.<\/li>\n<\/ul>\n<p>Weitere Informationen zur Verwendung finden Sie am Ende der Seite.<\/p>\n","protected":false},"featured_media":264207,"template":"","meta":[],"product_brand":[],"product_cat":[8308],"product_tag":[7510,7385,7562,7419,8047,8315,7901,8762,7394,7464,8046,8377,7597,7451,8317,7520,7211,9080,9068,8309,8105],"class_list":{"0":"post-240338","1":"product","2":"type-product","3":"status-publish","4":"has-post-thumbnail","6":"product_cat-beisringe-und-beismarken-aus-silikon-und-holz","7":"product_tag-baby-de","8":"product_tag-beisring","9":"product_tag-bisswunde","10":"product_tag-bpa-de","11":"product_tag-buche","12":"product_tag-durchkommend","13":"product_tag-en-71-de","14":"product_tag-gegenwart","15":"product_tag-geschenk-de","16":"product_tag-groshandel","17":"product_tag-holz-de","18":"product_tag-kastanie","19":"product_tag-kind-de","20":"product_tag-kostenlos","21":"product_tag-kuhlung","22":"product_tag-sicher","23":"product_tag-silikon","24":"product_tag-spielen","25":"product_tag-stand","26":"product_tag-zahne","27":"product_tag-zubehor","29":"first","30":"instock","31":"taxable","32":"shipping-taxable","33":"purchasable","34":"product-type-simple"},"bundled_by":[],"bundle_stock_status":"instock","bundle_stock_quantity":35,"bundle_virtual":false,"bundle_layout":"","bundle_add_to_cart_form_location":"","bundle_editable_in_cart":false,"bundle_sold_individually_context":"","bundle_item_grouping":"","bundle_min_size":"","bundle_max_size":"","bundle_price":[],"bundled_items":[],"bundle_sell_ids":[],"yoast_head":"<!-- This site is optimized with the Yoast SEO Premium plugin v27.6 (Yoast SEO v27.6) - https:\/\/yoast.com\/product\/yoast-seo-premium-wordpress\/ -->\n<title>Zahnungsfigur - Silikon und Holz - Blume - Kastanie<\/title>\n<meta name=\"description\" content=\"Bei\u00dfring Silikon und Holz in Form Blume Chestnut. Babysicher, bpa-frei. Das perfekte Babyzubeh\u00f6r als Umstandsgeschenk bei uns, DEM Gro\u00dfh\u00e4ndler.\" \/>\n<meta name=\"robots\" content=\"index, follow, max-snippet:-1, max-image-preview:large, max-video-preview:-1\" \/>\n<link rel=\"canonical\" href=\"https:\/\/www.jootjeshaakcadeautjes.nl\/de\/produkt\/zahnungsfigur-silikon-und-holz-blume-altrosa-kopie\/\" \/>\n<meta property=\"og:locale\" content=\"de_DE\" \/>\n<meta property=\"og:type\" content=\"article\" \/>\n<meta property=\"og:title\" content=\"Zahnungsfigur - Silikon und Holz - Puffy Flower - Kastanie\" \/>\n<meta property=\"og:description\" content=\"Bei\u00dfring Silikon und Holz in Form Blume Chestnut. Babysicher, bpa-frei. Das perfekte Babyzubeh\u00f6r als Umstandsgeschenk bei uns, DEM Gro\u00dfh\u00e4ndler.\" \/>\n<meta property=\"og:url\" content=\"https:\/\/www.jootjeshaakcadeautjes.nl\/de\/produkt\/zahnungsfigur-silikon-und-holz-blume-altrosa-kopie\/\" \/>\n<meta property=\"og:site_name\" content=\"Jootjes Haakcadeautjes\" \/>\n<meta property=\"article:modified_time\" content=\"2025-12-16T13:58:25+00:00\" \/>\n<meta property=\"og:image\" content=\"https:\/\/d1dyryakdmle7o.cloudfront.net\/wp-content\/uploads\/2025\/12\/Naamloos-1637-scaled.webp\" \/>\n\t<meta property=\"og:image:width\" content=\"2560\" \/>\n\t<meta property=\"og:image:height\" content=\"2560\" \/>\n\t<meta property=\"og:image:type\" content=\"image\/webp\" \/>\n<meta name=\"twitter:card\" content=\"summary_large_image\" \/>\n<meta name=\"twitter:label1\" content=\"Preis\" \/>\n\t<meta name=\"twitter:data1\" content=\"&euro;3.75 inkl. MwSt.\" \/>\n\t<meta name=\"twitter:label2\" content=\"Verf\u00fcgbarkeit\" \/>\n\t<meta name=\"twitter:data2\" content=\"Auf Lager\" \/>\n<script type=\"application\/ld+json\" class=\"yoast-schema-graph\">{\"@context\":\"https:\\\/\\\/schema.org\",\"@graph\":[{\"@type\":\"WebPage\",\"@id\":\"https:\\\/\\\/www.jootjeshaakcadeautjes.nl\\\/de\\\/produkt\\\/zahnungsfigur-silikon-und-holz-blume-altrosa-kopie\\\/\",\"url\":\"https:\\\/\\\/www.jootjeshaakcadeautjes.nl\\\/de\\\/produkt\\\/zahnungsfigur-silikon-und-holz-blume-altrosa-kopie\\\/\",\"name\":\"Zahnungsfigur - Silikon und Holz - Blume - Kastanie\",\"isPartOf\":{\"@id\":\"https:\\\/\\\/www.jootjeshaakcadeautjes.nl\\\/de\\\/#website\"},\"primaryImageOfPage\":{\"@id\":\"https:\\\/\\\/www.jootjeshaakcadeautjes.nl\\\/de\\\/produkt\\\/zahnungsfigur-silikon-und-holz-blume-altrosa-kopie\\\/#primaryimage\"},\"image\":{\"@id\":\"https:\\\/\\\/www.jootjeshaakcadeautjes.nl\\\/de\\\/produkt\\\/zahnungsfigur-silikon-und-holz-blume-altrosa-kopie\\\/#primaryimage\"},\"thumbnailUrl\":\"https:\\\/\\\/d1dyryakdmle7o.cloudfront.net\\\/wp-content\\\/uploads\\\/2025\\\/12\\\/Naamloos-1637-scaled.webp\",\"datePublished\":\"2025-12-14T14:14:12+00:00\",\"dateModified\":\"2025-12-16T13:58:25+00:00\",\"description\":\"Bei\u00dfring Silikon und Holz in Form Blume Chestnut. Babysicher, bpa-frei. Das perfekte Babyzubeh\u00f6r als Umstandsgeschenk bei uns, DEM Gro\u00dfh\u00e4ndler.\",\"breadcrumb\":{\"@id\":\"https:\\\/\\\/www.jootjeshaakcadeautjes.nl\\\/de\\\/produkt\\\/zahnungsfigur-silikon-und-holz-blume-altrosa-kopie\\\/#breadcrumb\"},\"inLanguage\":\"de\",\"potentialAction\":[{\"@type\":\"ReadAction\",\"target\":[\"https:\\\/\\\/www.jootjeshaakcadeautjes.nl\\\/de\\\/produkt\\\/zahnungsfigur-silikon-und-holz-blume-altrosa-kopie\\\/\"]}]},{\"@type\":\"ImageObject\",\"inLanguage\":\"de\",\"@id\":\"https:\\\/\\\/www.jootjeshaakcadeautjes.nl\\\/de\\\/produkt\\\/zahnungsfigur-silikon-und-holz-blume-altrosa-kopie\\\/#primaryimage\",\"url\":\"https:\\\/\\\/d1dyryakdmle7o.cloudfront.net\\\/wp-content\\\/uploads\\\/2025\\\/12\\\/Naamloos-1637-scaled.webp\",\"contentUrl\":\"https:\\\/\\\/d1dyryakdmle7o.cloudfront.net\\\/wp-content\\\/uploads\\\/2025\\\/12\\\/Naamloos-1637-scaled.webp\",\"width\":2560,\"height\":2560},{\"@type\":\"BreadcrumbList\",\"@id\":\"https:\\\/\\\/www.jootjeshaakcadeautjes.nl\\\/de\\\/produkt\\\/zahnungsfigur-silikon-und-holz-blume-altrosa-kopie\\\/#breadcrumb\",\"itemListElement\":[{\"@type\":\"ListItem\",\"position\":1,\"name\":\"Startseite\",\"item\":\"https:\\\/\\\/www.jootjeshaakcadeautjes.nl\\\/de\\\/\"},{\"@type\":\"ListItem\",\"position\":2,\"name\":\"Gro\u00dfhandel mit Silikonperlen &#8211; Business und Consumer\",\"item\":\"https:\\\/\\\/www.jootjeshaakcadeautjes.nl\\\/de\\\/shop\\\/\"},{\"@type\":\"ListItem\",\"position\":3,\"name\":\"Priv\u00e9: Zahnungsfigur &#8211; Silikon und Holz &#8211; Puffy Flower &#8211; Kastanie\"}]},{\"@type\":\"WebSite\",\"@id\":\"https:\\\/\\\/www.jootjeshaakcadeautjes.nl\\\/de\\\/#website\",\"url\":\"https:\\\/\\\/www.jootjeshaakcadeautjes.nl\\\/de\\\/\",\"name\":\"Jootjes Haakcadeautjes\",\"description\":\"Silikonperlen Gro\u00dfhandel \",\"publisher\":{\"@id\":\"https:\\\/\\\/www.jootjeshaakcadeautjes.nl\\\/de\\\/#organization\"},\"potentialAction\":[{\"@type\":\"SearchAction\",\"target\":{\"@type\":\"EntryPoint\",\"urlTemplate\":\"https:\\\/\\\/www.jootjeshaakcadeautjes.nl\\\/de\\\/?s={search_term_string}\"},\"query-input\":{\"@type\":\"PropertyValueSpecification\",\"valueRequired\":true,\"valueName\":\"search_term_string\"}}],\"inLanguage\":\"de\"},{\"@type\":\"Organization\",\"@id\":\"https:\\\/\\\/www.jootjeshaakcadeautjes.nl\\\/de\\\/#organization\",\"name\":\"Jootjes Haakcadeautjes\",\"url\":\"https:\\\/\\\/www.jootjeshaakcadeautjes.nl\\\/de\\\/\",\"logo\":{\"@type\":\"ImageObject\",\"inLanguage\":\"de\",\"@id\":\"https:\\\/\\\/www.jootjeshaakcadeautjes.nl\\\/de\\\/#\\\/schema\\\/logo\\\/image\\\/\",\"url\":\"https:\\\/\\\/d1dyryakdmle7o.cloudfront.net\\\/wp-content\\\/uploads\\\/2023\\\/05\\\/Logo-rond.png\",\"contentUrl\":\"https:\\\/\\\/d1dyryakdmle7o.cloudfront.net\\\/wp-content\\\/uploads\\\/2023\\\/05\\\/Logo-rond.png\",\"width\":1222,\"height\":1222,\"caption\":\"Jootjes Haakcadeautjes\"},\"image\":{\"@id\":\"https:\\\/\\\/www.jootjeshaakcadeautjes.nl\\\/de\\\/#\\\/schema\\\/logo\\\/image\\\/\"}}]}<\/script>\n<meta property=\"product:price:amount\" content=\"3.75\" \/>\n<meta property=\"product:price:currency\" content=\"EUR\" \/>\n<meta property=\"og:availability\" content=\"instock\" \/>\n<meta property=\"product:availability\" content=\"instock\" \/>\n<meta property=\"product:retailer_item_id\" content=\"SIL-BSH-KAS\" \/>\n<meta property=\"product:condition\" content=\"new\" \/>\n<!-- \/ Yoast SEO Premium plugin. -->","yoast_head_json":{"title":"Zahnungsfigur - Silikon und Holz - Blume - Kastanie","description":"Bei\u00dfring Silikon und Holz in Form Blume Chestnut. Babysicher, bpa-frei. Das perfekte Babyzubeh\u00f6r als Umstandsgeschenk bei uns, DEM Gro\u00dfh\u00e4ndler.","robots":{"index":"index","follow":"follow","max-snippet":"max-snippet:-1","max-image-preview":"max-image-preview:large","max-video-preview":"max-video-preview:-1"},"canonical":"https:\/\/www.jootjeshaakcadeautjes.nl\/de\/produkt\/zahnungsfigur-silikon-und-holz-blume-altrosa-kopie\/","og_locale":"de_DE","og_type":"article","og_title":"Zahnungsfigur - Silikon und Holz - Puffy Flower - Kastanie","og_description":"Bei\u00dfring Silikon und Holz in Form Blume Chestnut. Babysicher, bpa-frei. Das perfekte Babyzubeh\u00f6r als Umstandsgeschenk bei uns, DEM Gro\u00dfh\u00e4ndler.","og_url":"https:\/\/www.jootjeshaakcadeautjes.nl\/de\/produkt\/zahnungsfigur-silikon-und-holz-blume-altrosa-kopie\/","og_site_name":"Jootjes Haakcadeautjes","article_modified_time":"2025-12-16T13:58:25+00:00","og_image":[{"width":2560,"height":2560,"url":"https:\/\/d1dyryakdmle7o.cloudfront.net\/wp-content\/uploads\/2025\/12\/Naamloos-1637-scaled.webp","type":"image\/webp"}],"twitter_card":"summary_large_image","twitter_misc":{"Preis":"&euro;3.75 inkl. MwSt.","Verf\u00fcgbarkeit":"Auf Lager"},"schema":{"@context":"https:\/\/schema.org","@graph":[{"@type":"WebPage","@id":"https:\/\/www.jootjeshaakcadeautjes.nl\/de\/produkt\/zahnungsfigur-silikon-und-holz-blume-altrosa-kopie\/","url":"https:\/\/www.jootjeshaakcadeautjes.nl\/de\/produkt\/zahnungsfigur-silikon-und-holz-blume-altrosa-kopie\/","name":"Zahnungsfigur - Silikon und Holz - Blume - Kastanie","isPartOf":{"@id":"https:\/\/www.jootjeshaakcadeautjes.nl\/de\/#website"},"primaryImageOfPage":{"@id":"https:\/\/www.jootjeshaakcadeautjes.nl\/de\/produkt\/zahnungsfigur-silikon-und-holz-blume-altrosa-kopie\/#primaryimage"},"image":{"@id":"https:\/\/www.jootjeshaakcadeautjes.nl\/de\/produkt\/zahnungsfigur-silikon-und-holz-blume-altrosa-kopie\/#primaryimage"},"thumbnailUrl":"https:\/\/d1dyryakdmle7o.cloudfront.net\/wp-content\/uploads\/2025\/12\/Naamloos-1637-scaled.webp","datePublished":"2025-12-14T14:14:12+00:00","dateModified":"2025-12-16T13:58:25+00:00","description":"Bei\u00dfring Silikon und Holz in Form Blume Chestnut. Babysicher, bpa-frei. Das perfekte Babyzubeh\u00f6r als Umstandsgeschenk bei uns, DEM Gro\u00dfh\u00e4ndler.","breadcrumb":{"@id":"https:\/\/www.jootjeshaakcadeautjes.nl\/de\/produkt\/zahnungsfigur-silikon-und-holz-blume-altrosa-kopie\/#breadcrumb"},"inLanguage":"de","potentialAction":[{"@type":"ReadAction","target":["https:\/\/www.jootjeshaakcadeautjes.nl\/de\/produkt\/zahnungsfigur-silikon-und-holz-blume-altrosa-kopie\/"]}]},{"@type":"ImageObject","inLanguage":"de","@id":"https:\/\/www.jootjeshaakcadeautjes.nl\/de\/produkt\/zahnungsfigur-silikon-und-holz-blume-altrosa-kopie\/#primaryimage","url":"https:\/\/d1dyryakdmle7o.cloudfront.net\/wp-content\/uploads\/2025\/12\/Naamloos-1637-scaled.webp","contentUrl":"https:\/\/d1dyryakdmle7o.cloudfront.net\/wp-content\/uploads\/2025\/12\/Naamloos-1637-scaled.webp","width":2560,"height":2560},{"@type":"BreadcrumbList","@id":"https:\/\/www.jootjeshaakcadeautjes.nl\/de\/produkt\/zahnungsfigur-silikon-und-holz-blume-altrosa-kopie\/#breadcrumb","itemListElement":[{"@type":"ListItem","position":1,"name":"Startseite","item":"https:\/\/www.jootjeshaakcadeautjes.nl\/de\/"},{"@type":"ListItem","position":2,"name":"Gro\u00dfhandel mit Silikonperlen &#8211; Business und Consumer","item":"https:\/\/www.jootjeshaakcadeautjes.nl\/de\/shop\/"},{"@type":"ListItem","position":3,"name":"Priv\u00e9: Zahnungsfigur &#8211; Silikon und Holz &#8211; Puffy Flower &#8211; Kastanie"}]},{"@type":"WebSite","@id":"https:\/\/www.jootjeshaakcadeautjes.nl\/de\/#website","url":"https:\/\/www.jootjeshaakcadeautjes.nl\/de\/","name":"Jootjes Haakcadeautjes","description":"Silikonperlen Gro\u00dfhandel ","publisher":{"@id":"https:\/\/www.jootjeshaakcadeautjes.nl\/de\/#organization"},"potentialAction":[{"@type":"SearchAction","target":{"@type":"EntryPoint","urlTemplate":"https:\/\/www.jootjeshaakcadeautjes.nl\/de\/?s={search_term_string}"},"query-input":{"@type":"PropertyValueSpecification","valueRequired":true,"valueName":"search_term_string"}}],"inLanguage":"de"},{"@type":"Organization","@id":"https:\/\/www.jootjeshaakcadeautjes.nl\/de\/#organization","name":"Jootjes Haakcadeautjes","url":"https:\/\/www.jootjeshaakcadeautjes.nl\/de\/","logo":{"@type":"ImageObject","inLanguage":"de","@id":"https:\/\/www.jootjeshaakcadeautjes.nl\/de\/#\/schema\/logo\/image\/","url":"https:\/\/d1dyryakdmle7o.cloudfront.net\/wp-content\/uploads\/2023\/05\/Logo-rond.png","contentUrl":"https:\/\/d1dyryakdmle7o.cloudfront.net\/wp-content\/uploads\/2023\/05\/Logo-rond.png","width":1222,"height":1222,"caption":"Jootjes Haakcadeautjes"},"image":{"@id":"https:\/\/www.jootjeshaakcadeautjes.nl\/de\/#\/schema\/logo\/image\/"}}]},"product_price_amount":"3.75","product_price_currency":"EUR","og_availability":"instock","product_availability":"instock","product_retailer_item_id":"SIL-BSH-KAS","product_condition":"new"},"_links":{"self":[{"href":"https:\/\/www.jootjeshaakcadeautjes.nl\/de\/wp-json\/wp\/v2\/product\/240338","targetHints":{"allow":["GET"]}}],"collection":[{"href":"https:\/\/www.jootjeshaakcadeautjes.nl\/de\/wp-json\/wp\/v2\/product"}],"about":[{"href":"https:\/\/www.jootjeshaakcadeautjes.nl\/de\/wp-json\/wp\/v2\/types\/product"}],"version-history":[{"count":1,"href":"https:\/\/www.jootjeshaakcadeautjes.nl\/de\/wp-json\/wp\/v2\/product\/240338\/revisions"}],"predecessor-version":[{"id":264743,"href":"https:\/\/www.jootjeshaakcadeautjes.nl\/de\/wp-json\/wp\/v2\/product\/240338\/revisions\/264743"}],"wp:featuredmedia":[{"embeddable":true,"href":"https:\/\/www.jootjeshaakcadeautjes.nl\/de\/wp-json\/wp\/v2\/media\/264207"}],"wp:attachment":[{"href":"https:\/\/www.jootjeshaakcadeautjes.nl\/de\/wp-json\/wp\/v2\/media?parent=240338"}],"wp:term":[{"taxonomy":"product_brand","embeddable":true,"href":"https:\/\/www.jootjeshaakcadeautjes.nl\/de\/wp-json\/wp\/v2\/product_brand?post=240338"},{"taxonomy":"product_cat","embeddable":true,"href":"https:\/\/www.jootjeshaakcadeautjes.nl\/de\/wp-json\/wp\/v2\/product_cat?post=240338"},{"taxonomy":"product_tag","embeddable":true,"href":"https:\/\/www.jootjeshaakcadeautjes.nl\/de\/wp-json\/wp\/v2\/product_tag?post=240338"}],"curies":[{"name":"wp","href":"https:\/\/api.w.org\/{rel}","templated":true}]}}