{"id":240406,"date":"2025-07-18T11:46:14","date_gmt":"2025-07-18T09:46:14","guid":{"rendered":"https:\/\/www.jootjeshaakcadeautjes.nl\/?post_type=product&#038;p=240406"},"modified":"2026-04-20T11:22:00","modified_gmt":"2026-04-20T09:22:00","slug":"ringe-aus-buchenholz-7-cm-glatt-glanzend-und-unbehandelt-kopie","status":"publish","type":"product","link":"https:\/\/www.jootjeshaakcadeautjes.nl\/de\/produkt\/ringe-aus-buchenholz-7-cm-glatt-glanzend-und-unbehandelt-kopie\/","title":{"rendered":"Ringe aus Buchenholz &#8211; 6 cm &#8211; Glatt, gl\u00e4nzend und unbehandelt."},"content":{"rendered":"<h3><span style=\"color: #48046d;\">Buche Ringe 6 cm &#8211; Buche Holz Ring 6 cm gro\u00df &#8211; Machen Sie Ihre eigenen Holz Bei\u00dfring &#8211; Extra glatt und gl\u00e4nzend, aber unbehandelt.<\/span><\/h3>\n<p>M\u00f6chten Sie Holzringe kaufen, um einen Bei\u00dfring oder eine Rassel aus Holz f\u00fcr ein Baby oder Kleinkind herzustellen? Dann sind Sie bei JootjesHaakcadeautjes.nl an der richtigen Adresse!<\/p>\n<p>Auf unserer Website finden Sie alle Arten von Holz, Silikon und anderem Zubeh\u00f6r, um die sch\u00f6nsten Babyspielzeuge selbst herzustellen. Wir haben eine gro\u00dfe Auswahl an gro\u00dfen und kleinen Holzringen und Perlen. So k\u00f6nnen Sie alle Ihre Eink\u00e4ufe unter der gleichen Adresse t\u00e4tigen. Super s\u00fc\u00dfes Baby- oder Kleinkindspielzeug f\u00fcr Ihr eigenes Kleines. Dar\u00fcber hinaus eignen sich diese selbstgemachten Geschenke nat\u00fcrlich auch hervorragend als einzigartiges handgemachtes Mutterschaftsgeschenk. Mit dieser gro\u00dfen Auswahl k\u00f6nnen Sie schnell Ihre eigene Variante von Bei\u00dfring, Rassel, Kinderwagenschnur, Schnullerschnur oder Baby-Gym aus Holz zusammenstellen.<\/p>\n<h5><span style=\"color: #48046d;\">Kurze Zusammenfassung:<\/span><\/h5>\n<p><strong>Name: <\/strong>Unbehandelte\/blanke Buchenringe, 6 cm Durchmesser, glatt und gl\u00e4nzend, unbehandelt. Sichtbare Holzmaserung.<br \/>\n<strong>Material: <\/strong>Unbehandeltes, hochwertiges, nat\u00fcrliches Buchenholz. Geeignet f\u00fcr CE-zertifizierte Endprodukte. Im Gegensatz zu Vorhangringen und anderen minderwertigen Ringen werden sie ausschlie\u00dflich <span style=\"text-decoration: underline;\">ohne<\/span> chemische Zus\u00e4tze hergestellt.<br \/>\n<strong>Verarbeitung\/Gr\u00f6\u00dfe: <\/strong>Perfekt rund, 6 cm \/ 60 mm.<br \/>\n<strong>Auch bekannt als: <\/strong>Holzringe f\u00fcr Bei\u00dfring, Holzringe f\u00fcr Baby Gym oder Rassel. Rohe Vorhangringe.<br \/>\n<strong>H\u00e4ufig f\u00fcr die Herstellung verwendet: <\/strong>Selbstgemachtes Babyspielzeug, Rassel, Bei\u00dfring aus Holz oder Silikon, Kinderwagenschnur, Schnullerschnur, Babygymnastik aus Holz, Rassel h\u00e4keln<br \/>\n<strong>H\u00e4ufig verwendet in Kombination mit: <\/strong>Holzperlen rund\/oval\/geometrisch, Holzringe (Fisch, Elefant, Vogel, Igel, Anker, Ringkeks, Mickey Mouse) und Silikonperlen<\/p>\n<h4><span style=\"color: #48046d;\">Qualit\u00e4t und Sicherheit unserer Holzringe:<\/span><\/h4>\n<ul>\n<li>Chemisch sicher getestet; Geeignet f\u00fcr CE-zertifizierte Endprodukte<\/li>\n<li>Hergestellt aus unbehandeltem, hellem Buchenholz (keine Chemikalien bei der Herstellung verwendet)<\/li>\n<li>Hergestellt aus splitterfreiem Buchenholz. Die hohe H\u00e4rte der Buche macht Buchenholz ideal f\u00fcr die Herstellung von Kinderspielzeug.<br \/>\nLesen Sie mehr auf der Website der <a href=\"https:\/\/www.veiligheid.nl\/kinderveiligheid\/spelen\/binnen-spelen\/speelgoed\">Stiftung SafetyNL<\/a>.<\/li>\n<\/ul>\n<p>Die Holzringe sind ein Naturprodukt und k\u00f6nnen daher noch minimale Abweichungen aufweisen. Sobald wir eine \u00fcberm\u00e4\u00dfige Abweichung feststellen, wird das Produkt nicht verkauft, sondern recycelt. So k\u00f6nnen wir stets eine hohe Qualit\u00e4t unserer Produkte garantieren.<\/p>\n<p>Bei solchen Naturprodukten ist es immer sehr wichtig, den Verschlei\u00df im Auge zu behalten. Holzprodukte werden nicht routinem\u00e4\u00dfig in (Baby-\/Kinder-)Spielzeug verwendet. Weisen Sie also Eltern\/Gro\u00dfeltern\/Kunden an, sorgf\u00e4ltig auf Abnutzung zu achten. Au\u00dferdem raten wir, die Produkte nur unter Aufsicht von Erwachsenen zu verwenden.<br \/>\nAuch hier gilt: \u00dcberpr\u00fcfen Sie die Produkte regelm\u00e4\u00dfig auf Abnutzung und Verschlei\u00df.<\/p>\n<h4><span style=\"color: #48046d;\">Wie verwendet man die Holzringe mit 6 cm Durchmesser?<\/span><\/h4>\n<p>Die 6 cm langen Holzringe eignen sich besonders f\u00fcr die Herstellung eines <strong>geh\u00e4kelten Holzbei\u00dfringes<\/strong> (siehe Beispiel unten).<\/p>\n<p>Einen solchen Bei\u00dfring aus Holz stellt man her, indem man zun\u00e4chst einen Teil des Holzrings h\u00e4kelt. Daran kann man dann fast jeden beliebigen Kuschelkopf befestigen. Sie k\u00f6nnen auch verschiedene Muster f\u00fcr niedliche Kuschelk\u00f6pfe finden. Sind Sie ein H\u00e4kelanf\u00e4nger? Kein Problem, es gibt auch viele Anleitungen, die alle Schritte beschreiben, vom H\u00e4keln des Holzrings bis zum Kuschelkopf. Grunds\u00e4tzlich ist es also m\u00f6glich, jeden Kopf aus einem anderen H\u00e4kelmuster f\u00fcr ein geh\u00e4keltes Kuscheltier zu verwenden. Sobald Sie die allgemeine Auskleidung des Rings gemeistert haben? Sie k\u00f6nnen also nach Belieben kombinieren. Bitte beachten Sie, dass wir keinen geh\u00e4kelten Bei\u00dfring selbst zertifizieren lassen haben. Dies ist nicht m\u00f6glich, auch weil jeder etwas anderes macht. Wir geben daher keine Garantie, dass diese Kombination einen Spielzeugtest bestehen wird. In der Regel handelt es sich um Einzelanfertigungen, Verwendung auf eigene Gefahr, Austausch bei den ersten Anzeichen von Verschlei\u00df! F\u00fcr die Zertifizierung Ihres fertigen Produktes wenden Sie sich bitte an eine zertifizierte Pr\u00fcforganisation!    <\/p>\n<p>Die 7 cm langen Ringe sind eigentlich etwas zu gro\u00df, um<strong>Bei\u00dfringe<\/strong> <strong>aus Holz <\/strong><strong>mit Perlen<\/strong> oder <strong>Stillketten<\/strong> zu basteln. Je nach Gr\u00f6\u00dfe des Bei\u00dfrings, der Kinderwagenkette, der Stillkette, der Schnullerkordel oder der <a style=\"color: #333333;\" href=\"http:\/\/www.mysimplyspecial.com\/diy-babygym-tipi\/#more-21771\">Babygymnastik<\/a>, die Sie anfertigen m\u00f6chten, k\u00f6nnen Sie eine andere Kombination aus Holzperlen und Holzringen verwenden. Wenn Sie z. B. die 16- und 20-mm-Perlen verwenden, w\u00fcrde ich die <a style=\"color: #333333;\" href=\"https:\/\/www.jootjeshaakcadeautjes.nl\/product\/houten-ringen-4-5-cm\/\">4,5-cm-Holzringe<\/a> benutzen.<\/p>\n<p>&nbsp;<\/p>\n<p style=\"text-align: center;\">\n","protected":false},"excerpt":{"rendered":"<h4><span style=\"color: #48046d;\">Ringe aus Buchenholz 6,0 cm \/ 60 mm<\/span><\/h4>\n<ul>\n<li><span style=\"color: #000000;\">Ring aus Buchenholz.<\/span><\/li>\n<li><span style=\"color: #000000;\">Glatte und gl\u00e4nzende Oberfl\u00e4che mit sichtbarer Holzmaserung ohne Behandlung.<\/span><\/li>\n<li><span style=\"color: #000000;\">Naturprodukt  <\/span><\/li>\n<li><span style=\"color: #000000;\">Kinderfreundlich, keine Chemikalien.  <\/span><\/li>\n<li><span style=\"color: #000000;\">Zur Verwendung in Bei\u00dfringen aus Holz, Schnullerschn\u00fcren, Spielzeugschn\u00fcren, Kinderwagenschn\u00fcren oder Babygymnastik. Weitere Informationen \u00fcber die Verwendung dieser Ringe finden Sie weiter unten.<br \/>\n<\/span><\/li>\n<\/ul>\n<p><span style=\"color: #000000;\">Au\u00dfenma\u00df 7,0 cm\/70 mm<br \/>\nIdeale Gr\u00f6\u00dfe des Holzrings f\u00fcr die Herstellung <\/span><span style=\"color: #000000;\">eines geh\u00e4kelten Bei\u00dfringes aus Holz.<\/span><\/p>\n<p>&nbsp;<\/p>\n","protected":false},"featured_media":68919,"template":"","meta":[],"product_brand":[],"product_cat":[8071,7380,8072,7184,8070],"product_tag":[9838,18586,8088,8087,8079,7385,8090,7416,7890,8046,7196,7442,8083,8091,8078,8081,8089],"class_list":{"0":"post-240406","1":"product","2":"type-product","3":"status-publish","4":"has-post-thumbnail","6":"product_cat-beisringe-baby-silikon-und-holz","7":"product_cat-herstellung-von-baby-beisspielzeug-materialien-fur-schnuller-und-beisringe","8":"product_cat-holzringe-fur-macrame-und-crochet","9":"product_cat-neue-produkte","10":"product_cat-ringe-aus-holz","11":"product_tag-6-de","12":"product_tag-6-cm","13":"product_tag-baby-turnhalle","14":"product_tag-babygymnastik","15":"product_tag-beisen","16":"product_tag-beisring","17":"product_tag-gehakelter-ring","18":"product_tag-gummischnur","19":"product_tag-gummischnur-de","20":"product_tag-holz-de","21":"product_tag-holz","22":"product_tag-kinderwagenkette","23":"product_tag-klappern","24":"product_tag-klappern-de","25":"product_tag-ring-de","26":"product_tag-ringe","27":"product_tag-roh","29":"first","30":"instock","31":"taxable","32":"shipping-taxable","33":"purchasable","34":"product-type-simple"},"bundled_by":[],"bundle_stock_status":"instock","bundle_stock_quantity":104,"bundle_virtual":false,"bundle_layout":"","bundle_add_to_cart_form_location":"","bundle_editable_in_cart":false,"bundle_sold_individually_context":"","bundle_item_grouping":"","bundle_min_size":"","bundle_max_size":"","bundle_price":[],"bundled_items":[],"bundle_sell_ids":[],"yoast_head":"<!-- This site is optimized with the Yoast SEO Premium plugin v27.4 (Yoast SEO v27.5) - https:\/\/yoast.com\/product\/yoast-seo-premium-wordpress\/ -->\n<title>Holzringe 7 cm - Holzring 7 cm - Bei\u00dfring aus Holz selber machen<\/title>\n<meta name=\"description\" content=\"Suchen Sie Holzringe 7 cm f\u00fcr Ihren eigenen Bei\u00dfring aus Holz oder einen Holzring 70 mm f\u00fcr eine Holzrassel? Holzring 7 cm \u20ac0,80\/St\u00fcck!\" \/>\n<meta name=\"robots\" content=\"index, follow, max-snippet:-1, max-image-preview:large, max-video-preview:-1\" \/>\n<link rel=\"canonical\" href=\"https:\/\/www.jootjeshaakcadeautjes.nl\/de\/produkt\/ringe-aus-buchenholz-7-cm-glatt-glanzend-und-unbehandelt-kopie\/\" \/>\n<meta property=\"og:locale\" content=\"de_DE\" \/>\n<meta property=\"og:type\" content=\"article\" \/>\n<meta property=\"og:title\" content=\"Ringe aus Buchenholz - 6 cm - Glatt, gl\u00e4nzend und unbehandelt.\" \/>\n<meta property=\"og:description\" content=\"Suchen Sie Holzringe 7 cm f\u00fcr Ihren eigenen Bei\u00dfring aus Holz oder einen Holzring 70 mm f\u00fcr eine Holzrassel? Holzring 7 cm \u20ac0,80\/St\u00fcck!\" \/>\n<meta property=\"og:url\" content=\"https:\/\/www.jootjeshaakcadeautjes.nl\/de\/produkt\/ringe-aus-buchenholz-7-cm-glatt-glanzend-und-unbehandelt-kopie\/\" \/>\n<meta property=\"og:site_name\" content=\"Jootjes Haakcadeautjes\" \/>\n<meta property=\"article:modified_time\" content=\"2026-04-20T09:22:00+00:00\" \/>\n<meta property=\"og:image\" content=\"https:\/\/d1dyryakdmle7o.cloudfront.net\/wp-content\/uploads\/2020\/04\/20200410_120811.jpg\" \/>\n\t<meta property=\"og:image:width\" content=\"1321\" \/>\n\t<meta property=\"og:image:height\" content=\"1321\" \/>\n\t<meta property=\"og:image:type\" content=\"image\/jpeg\" \/>\n<meta name=\"twitter:card\" content=\"summary_large_image\" \/>\n<meta name=\"twitter:label1\" content=\"Preis\" \/>\n\t<meta name=\"twitter:data1\" content=\"&euro;1.05 inkl. MwSt.\" \/>\n\t<meta name=\"twitter:label2\" content=\"Verf\u00fcgbarkeit\" \/>\n\t<meta name=\"twitter:data2\" content=\"Auf Lager\" \/>\n<script type=\"application\/ld+json\" class=\"yoast-schema-graph\">{\"@context\":\"https:\\\/\\\/schema.org\",\"@graph\":[{\"@type\":\"WebPage\",\"@id\":\"https:\\\/\\\/www.jootjeshaakcadeautjes.nl\\\/de\\\/produkt\\\/ringe-aus-buchenholz-7-cm-glatt-glanzend-und-unbehandelt-kopie\\\/\",\"url\":\"https:\\\/\\\/www.jootjeshaakcadeautjes.nl\\\/de\\\/produkt\\\/ringe-aus-buchenholz-7-cm-glatt-glanzend-und-unbehandelt-kopie\\\/\",\"name\":\"Holzringe 7 cm - Holzring 7 cm - Bei\u00dfring aus Holz selber machen\",\"isPartOf\":{\"@id\":\"https:\\\/\\\/www.jootjeshaakcadeautjes.nl\\\/de\\\/#website\"},\"primaryImageOfPage\":{\"@id\":\"https:\\\/\\\/www.jootjeshaakcadeautjes.nl\\\/de\\\/produkt\\\/ringe-aus-buchenholz-7-cm-glatt-glanzend-und-unbehandelt-kopie\\\/#primaryimage\"},\"image\":{\"@id\":\"https:\\\/\\\/www.jootjeshaakcadeautjes.nl\\\/de\\\/produkt\\\/ringe-aus-buchenholz-7-cm-glatt-glanzend-und-unbehandelt-kopie\\\/#primaryimage\"},\"thumbnailUrl\":\"https:\\\/\\\/d1dyryakdmle7o.cloudfront.net\\\/wp-content\\\/uploads\\\/2020\\\/04\\\/20200410_120811.jpg\",\"datePublished\":\"2025-07-18T09:46:14+00:00\",\"dateModified\":\"2026-04-20T09:22:00+00:00\",\"description\":\"Suchen Sie Holzringe 7 cm f\u00fcr Ihren eigenen Bei\u00dfring aus Holz oder einen Holzring 70 mm f\u00fcr eine Holzrassel? Holzring 7 cm \u20ac0,80\\\/St\u00fcck!\",\"breadcrumb\":{\"@id\":\"https:\\\/\\\/www.jootjeshaakcadeautjes.nl\\\/de\\\/produkt\\\/ringe-aus-buchenholz-7-cm-glatt-glanzend-und-unbehandelt-kopie\\\/#breadcrumb\"},\"inLanguage\":\"de\",\"potentialAction\":[{\"@type\":\"ReadAction\",\"target\":[\"https:\\\/\\\/www.jootjeshaakcadeautjes.nl\\\/de\\\/produkt\\\/ringe-aus-buchenholz-7-cm-glatt-glanzend-und-unbehandelt-kopie\\\/\"]}]},{\"@type\":\"ImageObject\",\"inLanguage\":\"de\",\"@id\":\"https:\\\/\\\/www.jootjeshaakcadeautjes.nl\\\/de\\\/produkt\\\/ringe-aus-buchenholz-7-cm-glatt-glanzend-und-unbehandelt-kopie\\\/#primaryimage\",\"url\":\"https:\\\/\\\/d1dyryakdmle7o.cloudfront.net\\\/wp-content\\\/uploads\\\/2020\\\/04\\\/20200410_120811.jpg\",\"contentUrl\":\"https:\\\/\\\/d1dyryakdmle7o.cloudfront.net\\\/wp-content\\\/uploads\\\/2020\\\/04\\\/20200410_120811.jpg\",\"width\":1321,\"height\":1321,\"caption\":\"Ring aus Buche 7 cm glatt bearbeitet sichtbare Maserung\"},{\"@type\":\"BreadcrumbList\",\"@id\":\"https:\\\/\\\/www.jootjeshaakcadeautjes.nl\\\/de\\\/produkt\\\/ringe-aus-buchenholz-7-cm-glatt-glanzend-und-unbehandelt-kopie\\\/#breadcrumb\",\"itemListElement\":[{\"@type\":\"ListItem\",\"position\":1,\"name\":\"Startseite\",\"item\":\"https:\\\/\\\/www.jootjeshaakcadeautjes.nl\\\/de\\\/\"},{\"@type\":\"ListItem\",\"position\":2,\"name\":\"Gro\u00dfhandel mit Silikonperlen &#8211; Business und Consumer\",\"item\":\"https:\\\/\\\/www.jootjeshaakcadeautjes.nl\\\/de\\\/shop\\\/\"},{\"@type\":\"ListItem\",\"position\":3,\"name\":\"Ringe aus Buchenholz &#8211; 6 cm &#8211; Glatt, gl\u00e4nzend und unbehandelt.\"}]},{\"@type\":\"WebSite\",\"@id\":\"https:\\\/\\\/www.jootjeshaakcadeautjes.nl\\\/de\\\/#website\",\"url\":\"https:\\\/\\\/www.jootjeshaakcadeautjes.nl\\\/de\\\/\",\"name\":\"Jootjes Haakcadeautjes\",\"description\":\"Silikonperlen Gro\u00dfhandel \",\"publisher\":{\"@id\":\"https:\\\/\\\/www.jootjeshaakcadeautjes.nl\\\/de\\\/#organization\"},\"potentialAction\":[{\"@type\":\"SearchAction\",\"target\":{\"@type\":\"EntryPoint\",\"urlTemplate\":\"https:\\\/\\\/www.jootjeshaakcadeautjes.nl\\\/de\\\/?s={search_term_string}\"},\"query-input\":{\"@type\":\"PropertyValueSpecification\",\"valueRequired\":true,\"valueName\":\"search_term_string\"}}],\"inLanguage\":\"de\"},{\"@type\":\"Organization\",\"@id\":\"https:\\\/\\\/www.jootjeshaakcadeautjes.nl\\\/de\\\/#organization\",\"name\":\"Jootjes Haakcadeautjes\",\"url\":\"https:\\\/\\\/www.jootjeshaakcadeautjes.nl\\\/de\\\/\",\"logo\":{\"@type\":\"ImageObject\",\"inLanguage\":\"de\",\"@id\":\"https:\\\/\\\/www.jootjeshaakcadeautjes.nl\\\/de\\\/#\\\/schema\\\/logo\\\/image\\\/\",\"url\":\"https:\\\/\\\/jootjes-haakcadeautjes-media.s3.amazonaws.com\\\/wp-content\\\/uploads\\\/2023\\\/05\\\/Logo-rond.png\",\"contentUrl\":\"https:\\\/\\\/jootjes-haakcadeautjes-media.s3.amazonaws.com\\\/wp-content\\\/uploads\\\/2023\\\/05\\\/Logo-rond.png\",\"width\":1222,\"height\":1222,\"caption\":\"Jootjes Haakcadeautjes\"},\"image\":{\"@id\":\"https:\\\/\\\/www.jootjeshaakcadeautjes.nl\\\/de\\\/#\\\/schema\\\/logo\\\/image\\\/\"}}]}<\/script>\n<meta property=\"product:price:amount\" content=\"1.05\" \/>\n<meta property=\"product:price:currency\" content=\"EUR\" \/>\n<meta property=\"og:availability\" content=\"instock\" \/>\n<meta property=\"product:availability\" content=\"instock\" \/>\n<meta property=\"product:retailer_item_id\" content=\"RIN-BHO-060-1\" \/>\n<meta property=\"product:condition\" content=\"new\" \/>\n<!-- \/ Yoast SEO Premium plugin. -->","yoast_head_json":{"title":"Holzringe 7 cm - Holzring 7 cm - Bei\u00dfring aus Holz selber machen","description":"Suchen Sie Holzringe 7 cm f\u00fcr Ihren eigenen Bei\u00dfring aus Holz oder einen Holzring 70 mm f\u00fcr eine Holzrassel? Holzring 7 cm \u20ac0,80\/St\u00fcck!","robots":{"index":"index","follow":"follow","max-snippet":"max-snippet:-1","max-image-preview":"max-image-preview:large","max-video-preview":"max-video-preview:-1"},"canonical":"https:\/\/www.jootjeshaakcadeautjes.nl\/de\/produkt\/ringe-aus-buchenholz-7-cm-glatt-glanzend-und-unbehandelt-kopie\/","og_locale":"de_DE","og_type":"article","og_title":"Ringe aus Buchenholz - 6 cm - Glatt, gl\u00e4nzend und unbehandelt.","og_description":"Suchen Sie Holzringe 7 cm f\u00fcr Ihren eigenen Bei\u00dfring aus Holz oder einen Holzring 70 mm f\u00fcr eine Holzrassel? Holzring 7 cm \u20ac0,80\/St\u00fcck!","og_url":"https:\/\/www.jootjeshaakcadeautjes.nl\/de\/produkt\/ringe-aus-buchenholz-7-cm-glatt-glanzend-und-unbehandelt-kopie\/","og_site_name":"Jootjes Haakcadeautjes","article_modified_time":"2026-04-20T09:22:00+00:00","og_image":[{"width":1321,"height":1321,"url":"https:\/\/d1dyryakdmle7o.cloudfront.net\/wp-content\/uploads\/2020\/04\/20200410_120811.jpg","type":"image\/jpeg"}],"twitter_card":"summary_large_image","twitter_misc":{"Preis":"&euro;1.05 inkl. MwSt.","Verf\u00fcgbarkeit":"Auf Lager"},"schema":{"@context":"https:\/\/schema.org","@graph":[{"@type":"WebPage","@id":"https:\/\/www.jootjeshaakcadeautjes.nl\/de\/produkt\/ringe-aus-buchenholz-7-cm-glatt-glanzend-und-unbehandelt-kopie\/","url":"https:\/\/www.jootjeshaakcadeautjes.nl\/de\/produkt\/ringe-aus-buchenholz-7-cm-glatt-glanzend-und-unbehandelt-kopie\/","name":"Holzringe 7 cm - Holzring 7 cm - Bei\u00dfring aus Holz selber machen","isPartOf":{"@id":"https:\/\/www.jootjeshaakcadeautjes.nl\/de\/#website"},"primaryImageOfPage":{"@id":"https:\/\/www.jootjeshaakcadeautjes.nl\/de\/produkt\/ringe-aus-buchenholz-7-cm-glatt-glanzend-und-unbehandelt-kopie\/#primaryimage"},"image":{"@id":"https:\/\/www.jootjeshaakcadeautjes.nl\/de\/produkt\/ringe-aus-buchenholz-7-cm-glatt-glanzend-und-unbehandelt-kopie\/#primaryimage"},"thumbnailUrl":"https:\/\/d1dyryakdmle7o.cloudfront.net\/wp-content\/uploads\/2020\/04\/20200410_120811.jpg","datePublished":"2025-07-18T09:46:14+00:00","dateModified":"2026-04-20T09:22:00+00:00","description":"Suchen Sie Holzringe 7 cm f\u00fcr Ihren eigenen Bei\u00dfring aus Holz oder einen Holzring 70 mm f\u00fcr eine Holzrassel? Holzring 7 cm \u20ac0,80\/St\u00fcck!","breadcrumb":{"@id":"https:\/\/www.jootjeshaakcadeautjes.nl\/de\/produkt\/ringe-aus-buchenholz-7-cm-glatt-glanzend-und-unbehandelt-kopie\/#breadcrumb"},"inLanguage":"de","potentialAction":[{"@type":"ReadAction","target":["https:\/\/www.jootjeshaakcadeautjes.nl\/de\/produkt\/ringe-aus-buchenholz-7-cm-glatt-glanzend-und-unbehandelt-kopie\/"]}]},{"@type":"ImageObject","inLanguage":"de","@id":"https:\/\/www.jootjeshaakcadeautjes.nl\/de\/produkt\/ringe-aus-buchenholz-7-cm-glatt-glanzend-und-unbehandelt-kopie\/#primaryimage","url":"https:\/\/d1dyryakdmle7o.cloudfront.net\/wp-content\/uploads\/2020\/04\/20200410_120811.jpg","contentUrl":"https:\/\/d1dyryakdmle7o.cloudfront.net\/wp-content\/uploads\/2020\/04\/20200410_120811.jpg","width":1321,"height":1321,"caption":"Ring aus Buche 7 cm glatt bearbeitet sichtbare Maserung"},{"@type":"BreadcrumbList","@id":"https:\/\/www.jootjeshaakcadeautjes.nl\/de\/produkt\/ringe-aus-buchenholz-7-cm-glatt-glanzend-und-unbehandelt-kopie\/#breadcrumb","itemListElement":[{"@type":"ListItem","position":1,"name":"Startseite","item":"https:\/\/www.jootjeshaakcadeautjes.nl\/de\/"},{"@type":"ListItem","position":2,"name":"Gro\u00dfhandel mit Silikonperlen &#8211; Business und Consumer","item":"https:\/\/www.jootjeshaakcadeautjes.nl\/de\/shop\/"},{"@type":"ListItem","position":3,"name":"Ringe aus Buchenholz &#8211; 6 cm &#8211; Glatt, gl\u00e4nzend und unbehandelt."}]},{"@type":"WebSite","@id":"https:\/\/www.jootjeshaakcadeautjes.nl\/de\/#website","url":"https:\/\/www.jootjeshaakcadeautjes.nl\/de\/","name":"Jootjes Haakcadeautjes","description":"Silikonperlen Gro\u00dfhandel ","publisher":{"@id":"https:\/\/www.jootjeshaakcadeautjes.nl\/de\/#organization"},"potentialAction":[{"@type":"SearchAction","target":{"@type":"EntryPoint","urlTemplate":"https:\/\/www.jootjeshaakcadeautjes.nl\/de\/?s={search_term_string}"},"query-input":{"@type":"PropertyValueSpecification","valueRequired":true,"valueName":"search_term_string"}}],"inLanguage":"de"},{"@type":"Organization","@id":"https:\/\/www.jootjeshaakcadeautjes.nl\/de\/#organization","name":"Jootjes Haakcadeautjes","url":"https:\/\/www.jootjeshaakcadeautjes.nl\/de\/","logo":{"@type":"ImageObject","inLanguage":"de","@id":"https:\/\/www.jootjeshaakcadeautjes.nl\/de\/#\/schema\/logo\/image\/","url":"https:\/\/jootjes-haakcadeautjes-media.s3.amazonaws.com\/wp-content\/uploads\/2023\/05\/Logo-rond.png","contentUrl":"https:\/\/jootjes-haakcadeautjes-media.s3.amazonaws.com\/wp-content\/uploads\/2023\/05\/Logo-rond.png","width":1222,"height":1222,"caption":"Jootjes Haakcadeautjes"},"image":{"@id":"https:\/\/www.jootjeshaakcadeautjes.nl\/de\/#\/schema\/logo\/image\/"}}]},"product_price_amount":"1.05","product_price_currency":"EUR","og_availability":"instock","product_availability":"instock","product_retailer_item_id":"RIN-BHO-060-1","product_condition":"new"},"_links":{"self":[{"href":"https:\/\/www.jootjeshaakcadeautjes.nl\/de\/wp-json\/wp\/v2\/product\/240406","targetHints":{"allow":["GET"]}}],"collection":[{"href":"https:\/\/www.jootjeshaakcadeautjes.nl\/de\/wp-json\/wp\/v2\/product"}],"about":[{"href":"https:\/\/www.jootjeshaakcadeautjes.nl\/de\/wp-json\/wp\/v2\/types\/product"}],"version-history":[{"count":1,"href":"https:\/\/www.jootjeshaakcadeautjes.nl\/de\/wp-json\/wp\/v2\/product\/240406\/revisions"}],"predecessor-version":[{"id":279584,"href":"https:\/\/www.jootjeshaakcadeautjes.nl\/de\/wp-json\/wp\/v2\/product\/240406\/revisions\/279584"}],"wp:featuredmedia":[{"embeddable":true,"href":"https:\/\/www.jootjeshaakcadeautjes.nl\/de\/wp-json\/wp\/v2\/media\/68919"}],"wp:attachment":[{"href":"https:\/\/www.jootjeshaakcadeautjes.nl\/de\/wp-json\/wp\/v2\/media?parent=240406"}],"wp:term":[{"taxonomy":"product_brand","embeddable":true,"href":"https:\/\/www.jootjeshaakcadeautjes.nl\/de\/wp-json\/wp\/v2\/product_brand?post=240406"},{"taxonomy":"product_cat","embeddable":true,"href":"https:\/\/www.jootjeshaakcadeautjes.nl\/de\/wp-json\/wp\/v2\/product_cat?post=240406"},{"taxonomy":"product_tag","embeddable":true,"href":"https:\/\/www.jootjeshaakcadeautjes.nl\/de\/wp-json\/wp\/v2\/product_tag?post=240406"}],"curies":[{"name":"wp","href":"https:\/\/api.w.org\/{rel}","templated":true}]}}