{"id":241144,"date":"2025-07-31T11:26:23","date_gmt":"2025-07-31T09:26:23","guid":{"rendered":"https:\/\/www.jootjeshaakcadeautjes.nl\/?post_type=product&#038;p=241144"},"modified":"2026-04-20T11:22:00","modified_gmt":"2026-04-20T09:22:00","slug":"schlusselanhanger-clip-on-ring-with-twist-kupfer-kopie","status":"publish","type":"product","link":"https:\/\/www.jootjeshaakcadeautjes.nl\/de\/produkt\/schlusselanhanger-clip-on-ring-with-twist-kupfer-kopie\/","title":{"rendered":"Schl\u00fcsselanh\u00e4nger &#8211; Mini Clip on Ring mit Drehung &#8211; Champagner &#8211; 24 mm"},"content":{"rendered":"<h3>Schl\u00fcsselanh\u00e4nger &#8211; Clip on ring &#8211; mit Twist &#8211; Champagner<\/h3>\n<p>Diese Clip-on Ringe mit einer Verdrehung im Material in der Farbe Champagne werden z.B. als Zwischenteil zum Anklicken eines Motivs\/Tasten verwendet. Zum Beispiel Schl\u00fcsselanh\u00e4nger aus Holz- und Silikonperlen oder Taschenaufh\u00e4nger mit oder ohne Namen. Wenn man sie an einem Musketenhaken befestigt, kann man sie leicht an einer Tasche oder an einem Schl\u00fcsselbund aufh\u00e4ngen. Au\u00dferdem sind sie leicht herzustellen, so dass der gesamte Prozess nicht allzu viel Zeit in Anspruch nimmt.<\/p>\n<p>Diese Clip-on-Ringe werden auch h\u00e4ufig f\u00fcr geh\u00e4kelte Schl\u00fcsselanh\u00e4nger oder Taschenanh\u00e4nger aus Holz- und Silikonperlen verwendet. Daran kann dann auch ein kleines Pl\u00fcschtier befestigt werden, wie z. B. ein kleiner Pilz, geh\u00e4kelte Obstst\u00fccke (Kirschen oder andere) oder kleine geh\u00e4kelte Enten. Der Clip hat keinen Schalter, sondern wird einfach nur auf das Scharnier gedr\u00fcckt. Diese Clip-on-Ringe mit Drehung sind etwas gr\u00f6\u00dfer als unsere Clip-on-Ringe ohne Drehung. <\/p>\n","protected":false},"excerpt":{"rendered":"<p>Farbe: Champagner<br \/>\nGr\u00f6\u00dfe: 24 mm mit Twist<br \/>\nMaterial: Edelstahl<\/p>\n<p>Ideal zur Herstellung eines geh\u00e4kelten Schl\u00fcsselanh\u00e4ngers oder Gl\u00fccksbringers oder eines handgefertigten Schl\u00fcsselanh\u00e4ngers oder Taschenanh\u00e4ngers aus Holz- oder Silikonperlen mit oder ohne Namen. Zum Beispiel f\u00fcr einen Turnbeutel. <\/p>\n","protected":false},"featured_media":116511,"template":"","meta":[],"product_brand":[],"product_cat":[8247,8267,7184,8262],"product_tag":[9976,9753,14226,8139,18500,14223,7208,8268,8272,7549,7444,7945],"class_list":{"0":"post-241144","1":"product","2":"type-product","3":"status-publish","4":"has-post-thumbnail","6":"product_cat-bastelmaterial-hakelzubehor","7":"product_cat-lucky-dolls-diy-perlen-und-zubehor","8":"product_cat-neue-produkte","9":"product_cat-schlusselanhanger-und-haken","10":"product_tag-24-de","11":"product_tag-24-mm-de","12":"product_tag-anschnallen","13":"product_tag-champagner","14":"product_tag-clip-on-mit-twist-mini","15":"product_tag-drehung","16":"product_tag-gluckspuppe","17":"product_tag-hakchen","18":"product_tag-metall","19":"product_tag-mini-de","20":"product_tag-schlusselanhanger","21":"product_tag-taschenaufhanger-de","23":"first","24":"instock","25":"taxable","26":"shipping-taxable","27":"purchasable","28":"product-type-simple"},"bundled_by":["272772","272772","272772","272772","272785","272785","272785","272785","272785","272785","272801","272801","272801","272801","272801","272801","272801","272809","272809","272809","272809","272809","272809","272809","272813","272813","272813","272813","272813","272813","275613","275622","275622","275630","275630","275630","275638","275638","275638","275644","275644","275644","275671","275671","275671","275686","275686","275686","276196","276196","276196","276241","276241","276241","276252","276252","276252","276288","276288","276288","276304","276304","276304","276334","276334","276334","276342","276342","276342","276350","276350","276350"],"bundle_stock_status":"instock","bundle_stock_quantity":260,"bundle_virtual":false,"bundle_layout":"","bundle_add_to_cart_form_location":"","bundle_editable_in_cart":false,"bundle_sold_individually_context":"","bundle_item_grouping":"","bundle_min_size":"","bundle_max_size":"","bundle_price":[],"bundled_items":[],"bundle_sell_ids":[],"yoast_head":"<!-- This site is optimized with the Yoast SEO Premium plugin v27.4 (Yoast SEO v27.4) - https:\/\/yoast.com\/product\/yoast-seo-premium-wordpress\/ -->\n<title>Schl\u00fcsselanh\u00e4nger - Clip on ring with twist - Champagner - 24 mm<\/title>\n<meta name=\"description\" content=\"Schl\u00fcsselanh\u00e4nger mit Musketenhaken mini zur Herstellung von Gl\u00fccksbringern, geh\u00e4kelten Schl\u00fcsselanh\u00e4ngern, Schl\u00fcssel- oder Taschenanh\u00e4ngern aus Holz oder Silikon.\" \/>\n<meta name=\"robots\" content=\"index, follow, max-snippet:-1, max-image-preview:large, max-video-preview:-1\" \/>\n<link rel=\"canonical\" href=\"https:\/\/www.jootjeshaakcadeautjes.nl\/de\/produkt\/schlusselanhanger-clip-on-ring-with-twist-kupfer-kopie\/\" \/>\n<meta property=\"og:locale\" content=\"de_DE\" \/>\n<meta property=\"og:type\" content=\"article\" \/>\n<meta property=\"og:title\" content=\"Schl\u00fcsselanh\u00e4nger - Mini Clip on Ring mit Drehung - Champagner - 24 mm\" \/>\n<meta property=\"og:description\" content=\"Schl\u00fcsselanh\u00e4nger mit Musketenhaken mini zur Herstellung von Gl\u00fccksbringern, geh\u00e4kelten Schl\u00fcsselanh\u00e4ngern, Schl\u00fcssel- oder Taschenanh\u00e4ngern aus Holz oder Silikon.\" \/>\n<meta property=\"og:url\" content=\"https:\/\/www.jootjeshaakcadeautjes.nl\/de\/produkt\/schlusselanhanger-clip-on-ring-with-twist-kupfer-kopie\/\" \/>\n<meta property=\"og:site_name\" content=\"Jootjes Haakcadeautjes\" \/>\n<meta property=\"article:modified_time\" content=\"2026-04-20T09:22:00+00:00\" \/>\n<meta property=\"og:image\" content=\"https:\/\/d1dyryakdmle7o.cloudfront.net\/wp-content\/uploads\/2024\/02\/20240127_133639.jpg\" \/>\n\t<meta property=\"og:image:width\" content=\"2048\" \/>\n\t<meta property=\"og:image:height\" content=\"2048\" \/>\n\t<meta property=\"og:image:type\" content=\"image\/jpeg\" \/>\n<meta name=\"twitter:card\" content=\"summary_large_image\" \/>\n<meta name=\"twitter:label1\" content=\"Preis\" \/>\n\t<meta name=\"twitter:data1\" content=\"&euro;0.50 inkl. MwSt.\" \/>\n\t<meta name=\"twitter:label2\" content=\"Verf\u00fcgbarkeit\" \/>\n\t<meta name=\"twitter:data2\" content=\"Auf Lager\" \/>\n<script type=\"application\/ld+json\" class=\"yoast-schema-graph\">{\"@context\":\"https:\\\/\\\/schema.org\",\"@graph\":[{\"@type\":\"WebPage\",\"@id\":\"https:\\\/\\\/www.jootjeshaakcadeautjes.nl\\\/de\\\/produkt\\\/schlusselanhanger-clip-on-ring-with-twist-kupfer-kopie\\\/\",\"url\":\"https:\\\/\\\/www.jootjeshaakcadeautjes.nl\\\/de\\\/produkt\\\/schlusselanhanger-clip-on-ring-with-twist-kupfer-kopie\\\/\",\"name\":\"Schl\u00fcsselanh\u00e4nger - Clip on ring with twist - Champagner - 24 mm\",\"isPartOf\":{\"@id\":\"https:\\\/\\\/www.jootjeshaakcadeautjes.nl\\\/de\\\/#website\"},\"primaryImageOfPage\":{\"@id\":\"https:\\\/\\\/www.jootjeshaakcadeautjes.nl\\\/de\\\/produkt\\\/schlusselanhanger-clip-on-ring-with-twist-kupfer-kopie\\\/#primaryimage\"},\"image\":{\"@id\":\"https:\\\/\\\/www.jootjeshaakcadeautjes.nl\\\/de\\\/produkt\\\/schlusselanhanger-clip-on-ring-with-twist-kupfer-kopie\\\/#primaryimage\"},\"thumbnailUrl\":\"https:\\\/\\\/d1dyryakdmle7o.cloudfront.net\\\/wp-content\\\/uploads\\\/2024\\\/02\\\/20240127_133639.jpg\",\"datePublished\":\"2025-07-31T09:26:23+00:00\",\"dateModified\":\"2026-04-20T09:22:00+00:00\",\"description\":\"Schl\u00fcsselanh\u00e4nger mit Musketenhaken mini zur Herstellung von Gl\u00fccksbringern, geh\u00e4kelten Schl\u00fcsselanh\u00e4ngern, Schl\u00fcssel- oder Taschenanh\u00e4ngern aus Holz oder Silikon.\",\"breadcrumb\":{\"@id\":\"https:\\\/\\\/www.jootjeshaakcadeautjes.nl\\\/de\\\/produkt\\\/schlusselanhanger-clip-on-ring-with-twist-kupfer-kopie\\\/#breadcrumb\"},\"inLanguage\":\"de\",\"potentialAction\":[{\"@type\":\"ReadAction\",\"target\":[\"https:\\\/\\\/www.jootjeshaakcadeautjes.nl\\\/de\\\/produkt\\\/schlusselanhanger-clip-on-ring-with-twist-kupfer-kopie\\\/\"]}]},{\"@type\":\"ImageObject\",\"inLanguage\":\"de\",\"@id\":\"https:\\\/\\\/www.jootjeshaakcadeautjes.nl\\\/de\\\/produkt\\\/schlusselanhanger-clip-on-ring-with-twist-kupfer-kopie\\\/#primaryimage\",\"url\":\"https:\\\/\\\/d1dyryakdmle7o.cloudfront.net\\\/wp-content\\\/uploads\\\/2024\\\/02\\\/20240127_133639.jpg\",\"contentUrl\":\"https:\\\/\\\/d1dyryakdmle7o.cloudfront.net\\\/wp-content\\\/uploads\\\/2024\\\/02\\\/20240127_133639.jpg\",\"width\":2048,\"height\":2048,\"caption\":\"Twist Champagner\"},{\"@type\":\"BreadcrumbList\",\"@id\":\"https:\\\/\\\/www.jootjeshaakcadeautjes.nl\\\/de\\\/produkt\\\/schlusselanhanger-clip-on-ring-with-twist-kupfer-kopie\\\/#breadcrumb\",\"itemListElement\":[{\"@type\":\"ListItem\",\"position\":1,\"name\":\"Startseite\",\"item\":\"https:\\\/\\\/www.jootjeshaakcadeautjes.nl\\\/de\\\/\"},{\"@type\":\"ListItem\",\"position\":2,\"name\":\"Gro\u00dfhandel mit Silikonperlen &#8211; Business und Consumer\",\"item\":\"https:\\\/\\\/www.jootjeshaakcadeautjes.nl\\\/de\\\/shop\\\/\"},{\"@type\":\"ListItem\",\"position\":3,\"name\":\"Schl\u00fcsselanh\u00e4nger &#8211; Mini Clip on Ring mit Drehung &#8211; Champagner &#8211; 24 mm\"}]},{\"@type\":\"WebSite\",\"@id\":\"https:\\\/\\\/www.jootjeshaakcadeautjes.nl\\\/de\\\/#website\",\"url\":\"https:\\\/\\\/www.jootjeshaakcadeautjes.nl\\\/de\\\/\",\"name\":\"Jootjes Haakcadeautjes\",\"description\":\"Silikonperlen Gro\u00dfhandel \",\"publisher\":{\"@id\":\"https:\\\/\\\/www.jootjeshaakcadeautjes.nl\\\/de\\\/#organization\"},\"potentialAction\":[{\"@type\":\"SearchAction\",\"target\":{\"@type\":\"EntryPoint\",\"urlTemplate\":\"https:\\\/\\\/www.jootjeshaakcadeautjes.nl\\\/de\\\/?s={search_term_string}\"},\"query-input\":{\"@type\":\"PropertyValueSpecification\",\"valueRequired\":true,\"valueName\":\"search_term_string\"}}],\"inLanguage\":\"de\"},{\"@type\":\"Organization\",\"@id\":\"https:\\\/\\\/www.jootjeshaakcadeautjes.nl\\\/de\\\/#organization\",\"name\":\"Jootjes Haakcadeautjes\",\"url\":\"https:\\\/\\\/www.jootjeshaakcadeautjes.nl\\\/de\\\/\",\"logo\":{\"@type\":\"ImageObject\",\"inLanguage\":\"de\",\"@id\":\"https:\\\/\\\/www.jootjeshaakcadeautjes.nl\\\/de\\\/#\\\/schema\\\/logo\\\/image\\\/\",\"url\":\"https:\\\/\\\/jootjes-haakcadeautjes-media.s3.amazonaws.com\\\/wp-content\\\/uploads\\\/2023\\\/05\\\/Logo-rond.png\",\"contentUrl\":\"https:\\\/\\\/jootjes-haakcadeautjes-media.s3.amazonaws.com\\\/wp-content\\\/uploads\\\/2023\\\/05\\\/Logo-rond.png\",\"width\":1222,\"height\":1222,\"caption\":\"Jootjes Haakcadeautjes\"},\"image\":{\"@id\":\"https:\\\/\\\/www.jootjeshaakcadeautjes.nl\\\/de\\\/#\\\/schema\\\/logo\\\/image\\\/\"}}]}<\/script>\n<meta property=\"product:price:amount\" content=\"0.50\" \/>\n<meta property=\"product:price:currency\" content=\"EUR\" \/>\n<meta property=\"og:availability\" content=\"instock\" \/>\n<meta property=\"product:availability\" content=\"instock\" \/>\n<meta property=\"product:retailer_item_id\" content=\"SLE-COR-CH24\" \/>\n<meta property=\"product:condition\" content=\"new\" \/>\n<!-- \/ Yoast SEO Premium plugin. -->","yoast_head_json":{"title":"Schl\u00fcsselanh\u00e4nger - Clip on ring with twist - Champagner - 24 mm","description":"Schl\u00fcsselanh\u00e4nger mit Musketenhaken mini zur Herstellung von Gl\u00fccksbringern, geh\u00e4kelten Schl\u00fcsselanh\u00e4ngern, Schl\u00fcssel- oder Taschenanh\u00e4ngern aus Holz oder Silikon.","robots":{"index":"index","follow":"follow","max-snippet":"max-snippet:-1","max-image-preview":"max-image-preview:large","max-video-preview":"max-video-preview:-1"},"canonical":"https:\/\/www.jootjeshaakcadeautjes.nl\/de\/produkt\/schlusselanhanger-clip-on-ring-with-twist-kupfer-kopie\/","og_locale":"de_DE","og_type":"article","og_title":"Schl\u00fcsselanh\u00e4nger - Mini Clip on Ring mit Drehung - Champagner - 24 mm","og_description":"Schl\u00fcsselanh\u00e4nger mit Musketenhaken mini zur Herstellung von Gl\u00fccksbringern, geh\u00e4kelten Schl\u00fcsselanh\u00e4ngern, Schl\u00fcssel- oder Taschenanh\u00e4ngern aus Holz oder Silikon.","og_url":"https:\/\/www.jootjeshaakcadeautjes.nl\/de\/produkt\/schlusselanhanger-clip-on-ring-with-twist-kupfer-kopie\/","og_site_name":"Jootjes Haakcadeautjes","article_modified_time":"2026-04-20T09:22:00+00:00","og_image":[{"width":2048,"height":2048,"url":"https:\/\/d1dyryakdmle7o.cloudfront.net\/wp-content\/uploads\/2024\/02\/20240127_133639.jpg","type":"image\/jpeg"}],"twitter_card":"summary_large_image","twitter_misc":{"Preis":"&euro;0.50 inkl. MwSt.","Verf\u00fcgbarkeit":"Auf Lager"},"schema":{"@context":"https:\/\/schema.org","@graph":[{"@type":"WebPage","@id":"https:\/\/www.jootjeshaakcadeautjes.nl\/de\/produkt\/schlusselanhanger-clip-on-ring-with-twist-kupfer-kopie\/","url":"https:\/\/www.jootjeshaakcadeautjes.nl\/de\/produkt\/schlusselanhanger-clip-on-ring-with-twist-kupfer-kopie\/","name":"Schl\u00fcsselanh\u00e4nger - Clip on ring with twist - Champagner - 24 mm","isPartOf":{"@id":"https:\/\/www.jootjeshaakcadeautjes.nl\/de\/#website"},"primaryImageOfPage":{"@id":"https:\/\/www.jootjeshaakcadeautjes.nl\/de\/produkt\/schlusselanhanger-clip-on-ring-with-twist-kupfer-kopie\/#primaryimage"},"image":{"@id":"https:\/\/www.jootjeshaakcadeautjes.nl\/de\/produkt\/schlusselanhanger-clip-on-ring-with-twist-kupfer-kopie\/#primaryimage"},"thumbnailUrl":"https:\/\/d1dyryakdmle7o.cloudfront.net\/wp-content\/uploads\/2024\/02\/20240127_133639.jpg","datePublished":"2025-07-31T09:26:23+00:00","dateModified":"2026-04-20T09:22:00+00:00","description":"Schl\u00fcsselanh\u00e4nger mit Musketenhaken mini zur Herstellung von Gl\u00fccksbringern, geh\u00e4kelten Schl\u00fcsselanh\u00e4ngern, Schl\u00fcssel- oder Taschenanh\u00e4ngern aus Holz oder Silikon.","breadcrumb":{"@id":"https:\/\/www.jootjeshaakcadeautjes.nl\/de\/produkt\/schlusselanhanger-clip-on-ring-with-twist-kupfer-kopie\/#breadcrumb"},"inLanguage":"de","potentialAction":[{"@type":"ReadAction","target":["https:\/\/www.jootjeshaakcadeautjes.nl\/de\/produkt\/schlusselanhanger-clip-on-ring-with-twist-kupfer-kopie\/"]}]},{"@type":"ImageObject","inLanguage":"de","@id":"https:\/\/www.jootjeshaakcadeautjes.nl\/de\/produkt\/schlusselanhanger-clip-on-ring-with-twist-kupfer-kopie\/#primaryimage","url":"https:\/\/d1dyryakdmle7o.cloudfront.net\/wp-content\/uploads\/2024\/02\/20240127_133639.jpg","contentUrl":"https:\/\/d1dyryakdmle7o.cloudfront.net\/wp-content\/uploads\/2024\/02\/20240127_133639.jpg","width":2048,"height":2048,"caption":"Twist Champagner"},{"@type":"BreadcrumbList","@id":"https:\/\/www.jootjeshaakcadeautjes.nl\/de\/produkt\/schlusselanhanger-clip-on-ring-with-twist-kupfer-kopie\/#breadcrumb","itemListElement":[{"@type":"ListItem","position":1,"name":"Startseite","item":"https:\/\/www.jootjeshaakcadeautjes.nl\/de\/"},{"@type":"ListItem","position":2,"name":"Gro\u00dfhandel mit Silikonperlen &#8211; Business und Consumer","item":"https:\/\/www.jootjeshaakcadeautjes.nl\/de\/shop\/"},{"@type":"ListItem","position":3,"name":"Schl\u00fcsselanh\u00e4nger &#8211; Mini Clip on Ring mit Drehung &#8211; Champagner &#8211; 24 mm"}]},{"@type":"WebSite","@id":"https:\/\/www.jootjeshaakcadeautjes.nl\/de\/#website","url":"https:\/\/www.jootjeshaakcadeautjes.nl\/de\/","name":"Jootjes Haakcadeautjes","description":"Silikonperlen Gro\u00dfhandel ","publisher":{"@id":"https:\/\/www.jootjeshaakcadeautjes.nl\/de\/#organization"},"potentialAction":[{"@type":"SearchAction","target":{"@type":"EntryPoint","urlTemplate":"https:\/\/www.jootjeshaakcadeautjes.nl\/de\/?s={search_term_string}"},"query-input":{"@type":"PropertyValueSpecification","valueRequired":true,"valueName":"search_term_string"}}],"inLanguage":"de"},{"@type":"Organization","@id":"https:\/\/www.jootjeshaakcadeautjes.nl\/de\/#organization","name":"Jootjes Haakcadeautjes","url":"https:\/\/www.jootjeshaakcadeautjes.nl\/de\/","logo":{"@type":"ImageObject","inLanguage":"de","@id":"https:\/\/www.jootjeshaakcadeautjes.nl\/de\/#\/schema\/logo\/image\/","url":"https:\/\/jootjes-haakcadeautjes-media.s3.amazonaws.com\/wp-content\/uploads\/2023\/05\/Logo-rond.png","contentUrl":"https:\/\/jootjes-haakcadeautjes-media.s3.amazonaws.com\/wp-content\/uploads\/2023\/05\/Logo-rond.png","width":1222,"height":1222,"caption":"Jootjes Haakcadeautjes"},"image":{"@id":"https:\/\/www.jootjeshaakcadeautjes.nl\/de\/#\/schema\/logo\/image\/"}}]},"product_price_amount":"0.50","product_price_currency":"EUR","og_availability":"instock","product_availability":"instock","product_retailer_item_id":"SLE-COR-CH24","product_condition":"new"},"_links":{"self":[{"href":"https:\/\/www.jootjeshaakcadeautjes.nl\/de\/wp-json\/wp\/v2\/product\/241144","targetHints":{"allow":["GET"]}}],"collection":[{"href":"https:\/\/www.jootjeshaakcadeautjes.nl\/de\/wp-json\/wp\/v2\/product"}],"about":[{"href":"https:\/\/www.jootjeshaakcadeautjes.nl\/de\/wp-json\/wp\/v2\/types\/product"}],"version-history":[{"count":1,"href":"https:\/\/www.jootjeshaakcadeautjes.nl\/de\/wp-json\/wp\/v2\/product\/241144\/revisions"}],"predecessor-version":[{"id":279587,"href":"https:\/\/www.jootjeshaakcadeautjes.nl\/de\/wp-json\/wp\/v2\/product\/241144\/revisions\/279587"}],"wp:featuredmedia":[{"embeddable":true,"href":"https:\/\/www.jootjeshaakcadeautjes.nl\/de\/wp-json\/wp\/v2\/media\/116511"}],"wp:attachment":[{"href":"https:\/\/www.jootjeshaakcadeautjes.nl\/de\/wp-json\/wp\/v2\/media?parent=241144"}],"wp:term":[{"taxonomy":"product_brand","embeddable":true,"href":"https:\/\/www.jootjeshaakcadeautjes.nl\/de\/wp-json\/wp\/v2\/product_brand?post=241144"},{"taxonomy":"product_cat","embeddable":true,"href":"https:\/\/www.jootjeshaakcadeautjes.nl\/de\/wp-json\/wp\/v2\/product_cat?post=241144"},{"taxonomy":"product_tag","embeddable":true,"href":"https:\/\/www.jootjeshaakcadeautjes.nl\/de\/wp-json\/wp\/v2\/product_tag?post=241144"}],"curies":[{"name":"wp","href":"https:\/\/api.w.org\/{rel}","templated":true}]}}