{"id":243168,"date":"2026-02-11T09:53:47","date_gmt":"2026-02-11T08:53:47","guid":{"rendered":"https:\/\/www.jootjeshaakcadeautjes.nl\/?post_type=product&#038;p=243168"},"modified":"2026-04-20T11:18:21","modified_gmt":"2026-04-20T09:18:21","slug":"karabiner-taschenanhanger-rosa-kopie-kopie-kopie-kopie-kopie","status":"publish","type":"product","link":"https:\/\/www.jootjeshaakcadeautjes.nl\/de\/produkt\/karabiner-taschenanhanger-rosa-kopie-kopie-kopie-kopie-kopie\/","title":{"rendered":"Auff\u00e4delbar mit Karabinerverschlu\u00df &#8211; Kupfer"},"content":{"rendered":"<h1>Auff\u00e4delbar mit Karabinerverschlu\u00df &#8211; Kupfer<\/h1>\n<p>Auff\u00e4delbarer Riegel mit Karabinerverschluss. Eine kleinere Version unserer f\u00e4delbaren Stange. Perfekt f\u00fcr die Herstellung eines netten etwas kleineren Telefon Schmuckst\u00fcck.  <\/p>\n<p>Farbe: Kupfer<br \/>\nGr\u00f6\u00dfe: Auff\u00e4delbarer Teil 4,2 cm.<\/p>\n","protected":false},"excerpt":{"rendered":"<ul>\n<li>Farbe: Kupfer<\/li>\n<li>Gr\u00f6\u00dfe: Auff\u00e4delbarer Teil 4,2 cm.<\/li>\n<\/ul>\n<p>Auff\u00e4delbarer Riegel mit Karabinerverschluss. Eine kleinere Version unserer f\u00e4delbaren Stange. Perfekt f\u00fcr die Herstellung eines netten etwas kleineren Telefon Schmuckst\u00fcck.  <\/p>\n","protected":false},"featured_media":271453,"template":"","meta":[],"product_brand":[],"product_cat":[7194,8247,7184,8260],"product_tag":[7984,7226,8456,18465,7464,18463,18464,7214,7199,15845,7232,7444,9469,7651,7211,8275,7945,8430,14980],"class_list":{"0":"post-243168","1":"product","2":"type-product","3":"status-publish","4":"has-post-thumbnail","6":"product_cat-basteable-produkte-alle-basteable-produkte","7":"product_cat-bastelmaterial-hakelzubehor","8":"product_cat-neue-produkte","9":"product_cat-schlusselanhanger-mit-gewinde-diy-schlusselanhanger","10":"product_tag-anhanger","11":"product_tag-aufreihbar","12":"product_tag-dekoration-de","13":"product_tag-gem","14":"product_tag-groshandel","15":"product_tag-karabinerhaken","16":"product_tag-kleiner","17":"product_tag-machen","18":"product_tag-perlen","19":"product_tag-rostfreier-stahl-de","20":"product_tag-rostfreier-stahl","21":"product_tag-schlusselanhanger","22":"product_tag-schlusselanhanger-de-2","23":"product_tag-schwarz","24":"product_tag-silikon","25":"product_tag-stab","26":"product_tag-taschenaufhanger-de","27":"product_tag-telefon","28":"product_tag-telefon-anhanger","30":"first","31":"instock","32":"taxable","33":"shipping-taxable","34":"purchasable","35":"product-type-simple"},"bundled_by":["275432","275432","275542","275542","275555","275555","275570","275570","275578","275578","275588","275588","275604","275604","275604","275613","275613","275613","275613","275622","275622","275622","275622","275630","275630","275630","275630","275638","275638","275638","275638","275644","275644","275644","275644","275671","275671","275671","275671","275686","275686","275686","275686","276196","276196","276196","276196","276241","276241","276241","276241","276252","276252","276252","276252","276288","276288","276288","276288","276304","276304","276304","276304","276334","276334","276334","276334","276342","276342","276342","276342","276350","276350","276350","276350"],"bundle_stock_status":"instock","bundle_stock_quantity":38,"bundle_virtual":false,"bundle_layout":"","bundle_add_to_cart_form_location":"","bundle_editable_in_cart":false,"bundle_sold_individually_context":"","bundle_item_grouping":"","bundle_min_size":"","bundle_max_size":"","bundle_price":[],"bundled_items":[],"bundle_sell_ids":[],"yoast_head":"<!-- This site is optimized with the Yoast SEO Premium plugin v27.4 (Yoast SEO v27.4) - https:\/\/yoast.com\/product\/yoast-seo-premium-wordpress\/ -->\n<title>Auff\u00e4delbar mit Karabinerverschlu\u00df - Kupfer - | Jootjes<\/title>\n<meta name=\"description\" content=\"Auff\u00e4delbarer Stab mit Karabinerverschluss. Perfekt auff\u00e4delbar mit Silikonperlen. Kleinere Gr\u00f6\u00dfe f\u00fcr die Herstellung von Telefonanh\u00e4ngern. In Farbe Schwarz.\" \/>\n<meta name=\"robots\" content=\"index, follow, max-snippet:-1, max-image-preview:large, max-video-preview:-1\" \/>\n<link rel=\"canonical\" href=\"https:\/\/www.jootjeshaakcadeautjes.nl\/de\/produkt\/karabiner-taschenanhanger-rosa-kopie-kopie-kopie-kopie-kopie\/\" \/>\n<meta property=\"og:locale\" content=\"de_DE\" \/>\n<meta property=\"og:type\" content=\"article\" \/>\n<meta property=\"og:title\" content=\"Auff\u00e4delbar mit Karabinerverschlu\u00df - Kupfer\" \/>\n<meta property=\"og:description\" content=\"Auff\u00e4delbarer Stab mit Karabinerverschluss. Perfekt auff\u00e4delbar mit Silikonperlen. Kleinere Gr\u00f6\u00dfe f\u00fcr die Herstellung von Telefonanh\u00e4ngern. In Farbe Schwarz.\" \/>\n<meta property=\"og:url\" content=\"https:\/\/www.jootjeshaakcadeautjes.nl\/de\/produkt\/karabiner-taschenanhanger-rosa-kopie-kopie-kopie-kopie-kopie\/\" \/>\n<meta property=\"og:site_name\" content=\"Jootjes Haakcadeautjes\" \/>\n<meta property=\"article:modified_time\" content=\"2026-04-20T09:18:21+00:00\" \/>\n<meta property=\"og:image\" content=\"https:\/\/d1dyryakdmle7o.cloudfront.net\/wp-content\/uploads\/2026\/02\/Naamloos-1856-1.webp\" \/>\n\t<meta property=\"og:image:width\" content=\"2000\" \/>\n\t<meta property=\"og:image:height\" content=\"2000\" \/>\n\t<meta property=\"og:image:type\" content=\"image\/webp\" \/>\n<meta name=\"twitter:card\" content=\"summary_large_image\" \/>\n<meta name=\"twitter:label1\" content=\"Preis\" \/>\n\t<meta name=\"twitter:data1\" content=\"&euro;0.75 inkl. MwSt.\" \/>\n\t<meta name=\"twitter:label2\" content=\"Verf\u00fcgbarkeit\" \/>\n\t<meta name=\"twitter:data2\" content=\"Auf Lager\" \/>\n<script type=\"application\/ld+json\" class=\"yoast-schema-graph\">{\"@context\":\"https:\\\/\\\/schema.org\",\"@graph\":[{\"@type\":\"WebPage\",\"@id\":\"https:\\\/\\\/www.jootjeshaakcadeautjes.nl\\\/de\\\/produkt\\\/karabiner-taschenanhanger-rosa-kopie-kopie-kopie-kopie-kopie\\\/\",\"url\":\"https:\\\/\\\/www.jootjeshaakcadeautjes.nl\\\/de\\\/produkt\\\/karabiner-taschenanhanger-rosa-kopie-kopie-kopie-kopie-kopie\\\/\",\"name\":\"Auff\u00e4delbar mit Karabinerverschlu\u00df - Kupfer - | Jootjes\",\"isPartOf\":{\"@id\":\"https:\\\/\\\/www.jootjeshaakcadeautjes.nl\\\/de\\\/#website\"},\"primaryImageOfPage\":{\"@id\":\"https:\\\/\\\/www.jootjeshaakcadeautjes.nl\\\/de\\\/produkt\\\/karabiner-taschenanhanger-rosa-kopie-kopie-kopie-kopie-kopie\\\/#primaryimage\"},\"image\":{\"@id\":\"https:\\\/\\\/www.jootjeshaakcadeautjes.nl\\\/de\\\/produkt\\\/karabiner-taschenanhanger-rosa-kopie-kopie-kopie-kopie-kopie\\\/#primaryimage\"},\"thumbnailUrl\":\"https:\\\/\\\/d1dyryakdmle7o.cloudfront.net\\\/wp-content\\\/uploads\\\/2026\\\/02\\\/Naamloos-1856-1.webp\",\"datePublished\":\"2026-02-11T08:53:47+00:00\",\"dateModified\":\"2026-04-20T09:18:21+00:00\",\"description\":\"Auff\u00e4delbarer Stab mit Karabinerverschluss. Perfekt auff\u00e4delbar mit Silikonperlen. Kleinere Gr\u00f6\u00dfe f\u00fcr die Herstellung von Telefonanh\u00e4ngern. In Farbe Schwarz.\",\"breadcrumb\":{\"@id\":\"https:\\\/\\\/www.jootjeshaakcadeautjes.nl\\\/de\\\/produkt\\\/karabiner-taschenanhanger-rosa-kopie-kopie-kopie-kopie-kopie\\\/#breadcrumb\"},\"inLanguage\":\"de\",\"potentialAction\":[{\"@type\":\"ReadAction\",\"target\":[\"https:\\\/\\\/www.jootjeshaakcadeautjes.nl\\\/de\\\/produkt\\\/karabiner-taschenanhanger-rosa-kopie-kopie-kopie-kopie-kopie\\\/\"]}]},{\"@type\":\"ImageObject\",\"inLanguage\":\"de\",\"@id\":\"https:\\\/\\\/www.jootjeshaakcadeautjes.nl\\\/de\\\/produkt\\\/karabiner-taschenanhanger-rosa-kopie-kopie-kopie-kopie-kopie\\\/#primaryimage\",\"url\":\"https:\\\/\\\/d1dyryakdmle7o.cloudfront.net\\\/wp-content\\\/uploads\\\/2026\\\/02\\\/Naamloos-1856-1.webp\",\"contentUrl\":\"https:\\\/\\\/d1dyryakdmle7o.cloudfront.net\\\/wp-content\\\/uploads\\\/2026\\\/02\\\/Naamloos-1856-1.webp\",\"width\":2000,\"height\":2000},{\"@type\":\"BreadcrumbList\",\"@id\":\"https:\\\/\\\/www.jootjeshaakcadeautjes.nl\\\/de\\\/produkt\\\/karabiner-taschenanhanger-rosa-kopie-kopie-kopie-kopie-kopie\\\/#breadcrumb\",\"itemListElement\":[{\"@type\":\"ListItem\",\"position\":1,\"name\":\"Startseite\",\"item\":\"https:\\\/\\\/www.jootjeshaakcadeautjes.nl\\\/de\\\/\"},{\"@type\":\"ListItem\",\"position\":2,\"name\":\"Gro\u00dfhandel mit Silikonperlen &#8211; Business und Consumer\",\"item\":\"https:\\\/\\\/www.jootjeshaakcadeautjes.nl\\\/de\\\/shop\\\/\"},{\"@type\":\"ListItem\",\"position\":3,\"name\":\"Auff\u00e4delbar mit Karabinerverschlu\u00df &#8211; Kupfer\"}]},{\"@type\":\"WebSite\",\"@id\":\"https:\\\/\\\/www.jootjeshaakcadeautjes.nl\\\/de\\\/#website\",\"url\":\"https:\\\/\\\/www.jootjeshaakcadeautjes.nl\\\/de\\\/\",\"name\":\"Jootjes Haakcadeautjes\",\"description\":\"Silikonperlen Gro\u00dfhandel \",\"publisher\":{\"@id\":\"https:\\\/\\\/www.jootjeshaakcadeautjes.nl\\\/de\\\/#organization\"},\"potentialAction\":[{\"@type\":\"SearchAction\",\"target\":{\"@type\":\"EntryPoint\",\"urlTemplate\":\"https:\\\/\\\/www.jootjeshaakcadeautjes.nl\\\/de\\\/?s={search_term_string}\"},\"query-input\":{\"@type\":\"PropertyValueSpecification\",\"valueRequired\":true,\"valueName\":\"search_term_string\"}}],\"inLanguage\":\"de\"},{\"@type\":\"Organization\",\"@id\":\"https:\\\/\\\/www.jootjeshaakcadeautjes.nl\\\/de\\\/#organization\",\"name\":\"Jootjes Haakcadeautjes\",\"url\":\"https:\\\/\\\/www.jootjeshaakcadeautjes.nl\\\/de\\\/\",\"logo\":{\"@type\":\"ImageObject\",\"inLanguage\":\"de\",\"@id\":\"https:\\\/\\\/www.jootjeshaakcadeautjes.nl\\\/de\\\/#\\\/schema\\\/logo\\\/image\\\/\",\"url\":\"https:\\\/\\\/jootjes-haakcadeautjes-media.s3.amazonaws.com\\\/wp-content\\\/uploads\\\/2023\\\/05\\\/Logo-rond.png\",\"contentUrl\":\"https:\\\/\\\/jootjes-haakcadeautjes-media.s3.amazonaws.com\\\/wp-content\\\/uploads\\\/2023\\\/05\\\/Logo-rond.png\",\"width\":1222,\"height\":1222,\"caption\":\"Jootjes Haakcadeautjes\"},\"image\":{\"@id\":\"https:\\\/\\\/www.jootjeshaakcadeautjes.nl\\\/de\\\/#\\\/schema\\\/logo\\\/image\\\/\"}}]}<\/script>\n<meta property=\"product:price:amount\" content=\"0.75\" \/>\n<meta property=\"product:price:currency\" content=\"EUR\" \/>\n<meta property=\"og:availability\" content=\"instock\" \/>\n<meta property=\"product:availability\" content=\"instock\" \/>\n<meta property=\"product:retailer_item_id\" content=\"KBS-MST-KOP\" \/>\n<meta property=\"product:condition\" content=\"new\" \/>\n<!-- \/ Yoast SEO Premium plugin. -->","yoast_head_json":{"title":"Auff\u00e4delbar mit Karabinerverschlu\u00df - Kupfer - | Jootjes","description":"Auff\u00e4delbarer Stab mit Karabinerverschluss. Perfekt auff\u00e4delbar mit Silikonperlen. Kleinere Gr\u00f6\u00dfe f\u00fcr die Herstellung von Telefonanh\u00e4ngern. In Farbe Schwarz.","robots":{"index":"index","follow":"follow","max-snippet":"max-snippet:-1","max-image-preview":"max-image-preview:large","max-video-preview":"max-video-preview:-1"},"canonical":"https:\/\/www.jootjeshaakcadeautjes.nl\/de\/produkt\/karabiner-taschenanhanger-rosa-kopie-kopie-kopie-kopie-kopie\/","og_locale":"de_DE","og_type":"article","og_title":"Auff\u00e4delbar mit Karabinerverschlu\u00df - Kupfer","og_description":"Auff\u00e4delbarer Stab mit Karabinerverschluss. Perfekt auff\u00e4delbar mit Silikonperlen. Kleinere Gr\u00f6\u00dfe f\u00fcr die Herstellung von Telefonanh\u00e4ngern. In Farbe Schwarz.","og_url":"https:\/\/www.jootjeshaakcadeautjes.nl\/de\/produkt\/karabiner-taschenanhanger-rosa-kopie-kopie-kopie-kopie-kopie\/","og_site_name":"Jootjes Haakcadeautjes","article_modified_time":"2026-04-20T09:18:21+00:00","og_image":[{"width":2000,"height":2000,"url":"https:\/\/d1dyryakdmle7o.cloudfront.net\/wp-content\/uploads\/2026\/02\/Naamloos-1856-1.webp","type":"image\/webp"}],"twitter_card":"summary_large_image","twitter_misc":{"Preis":"&euro;0.75 inkl. MwSt.","Verf\u00fcgbarkeit":"Auf Lager"},"schema":{"@context":"https:\/\/schema.org","@graph":[{"@type":"WebPage","@id":"https:\/\/www.jootjeshaakcadeautjes.nl\/de\/produkt\/karabiner-taschenanhanger-rosa-kopie-kopie-kopie-kopie-kopie\/","url":"https:\/\/www.jootjeshaakcadeautjes.nl\/de\/produkt\/karabiner-taschenanhanger-rosa-kopie-kopie-kopie-kopie-kopie\/","name":"Auff\u00e4delbar mit Karabinerverschlu\u00df - Kupfer - | Jootjes","isPartOf":{"@id":"https:\/\/www.jootjeshaakcadeautjes.nl\/de\/#website"},"primaryImageOfPage":{"@id":"https:\/\/www.jootjeshaakcadeautjes.nl\/de\/produkt\/karabiner-taschenanhanger-rosa-kopie-kopie-kopie-kopie-kopie\/#primaryimage"},"image":{"@id":"https:\/\/www.jootjeshaakcadeautjes.nl\/de\/produkt\/karabiner-taschenanhanger-rosa-kopie-kopie-kopie-kopie-kopie\/#primaryimage"},"thumbnailUrl":"https:\/\/d1dyryakdmle7o.cloudfront.net\/wp-content\/uploads\/2026\/02\/Naamloos-1856-1.webp","datePublished":"2026-02-11T08:53:47+00:00","dateModified":"2026-04-20T09:18:21+00:00","description":"Auff\u00e4delbarer Stab mit Karabinerverschluss. Perfekt auff\u00e4delbar mit Silikonperlen. Kleinere Gr\u00f6\u00dfe f\u00fcr die Herstellung von Telefonanh\u00e4ngern. In Farbe Schwarz.","breadcrumb":{"@id":"https:\/\/www.jootjeshaakcadeautjes.nl\/de\/produkt\/karabiner-taschenanhanger-rosa-kopie-kopie-kopie-kopie-kopie\/#breadcrumb"},"inLanguage":"de","potentialAction":[{"@type":"ReadAction","target":["https:\/\/www.jootjeshaakcadeautjes.nl\/de\/produkt\/karabiner-taschenanhanger-rosa-kopie-kopie-kopie-kopie-kopie\/"]}]},{"@type":"ImageObject","inLanguage":"de","@id":"https:\/\/www.jootjeshaakcadeautjes.nl\/de\/produkt\/karabiner-taschenanhanger-rosa-kopie-kopie-kopie-kopie-kopie\/#primaryimage","url":"https:\/\/d1dyryakdmle7o.cloudfront.net\/wp-content\/uploads\/2026\/02\/Naamloos-1856-1.webp","contentUrl":"https:\/\/d1dyryakdmle7o.cloudfront.net\/wp-content\/uploads\/2026\/02\/Naamloos-1856-1.webp","width":2000,"height":2000},{"@type":"BreadcrumbList","@id":"https:\/\/www.jootjeshaakcadeautjes.nl\/de\/produkt\/karabiner-taschenanhanger-rosa-kopie-kopie-kopie-kopie-kopie\/#breadcrumb","itemListElement":[{"@type":"ListItem","position":1,"name":"Startseite","item":"https:\/\/www.jootjeshaakcadeautjes.nl\/de\/"},{"@type":"ListItem","position":2,"name":"Gro\u00dfhandel mit Silikonperlen &#8211; Business und Consumer","item":"https:\/\/www.jootjeshaakcadeautjes.nl\/de\/shop\/"},{"@type":"ListItem","position":3,"name":"Auff\u00e4delbar mit Karabinerverschlu\u00df &#8211; Kupfer"}]},{"@type":"WebSite","@id":"https:\/\/www.jootjeshaakcadeautjes.nl\/de\/#website","url":"https:\/\/www.jootjeshaakcadeautjes.nl\/de\/","name":"Jootjes Haakcadeautjes","description":"Silikonperlen Gro\u00dfhandel ","publisher":{"@id":"https:\/\/www.jootjeshaakcadeautjes.nl\/de\/#organization"},"potentialAction":[{"@type":"SearchAction","target":{"@type":"EntryPoint","urlTemplate":"https:\/\/www.jootjeshaakcadeautjes.nl\/de\/?s={search_term_string}"},"query-input":{"@type":"PropertyValueSpecification","valueRequired":true,"valueName":"search_term_string"}}],"inLanguage":"de"},{"@type":"Organization","@id":"https:\/\/www.jootjeshaakcadeautjes.nl\/de\/#organization","name":"Jootjes Haakcadeautjes","url":"https:\/\/www.jootjeshaakcadeautjes.nl\/de\/","logo":{"@type":"ImageObject","inLanguage":"de","@id":"https:\/\/www.jootjeshaakcadeautjes.nl\/de\/#\/schema\/logo\/image\/","url":"https:\/\/jootjes-haakcadeautjes-media.s3.amazonaws.com\/wp-content\/uploads\/2023\/05\/Logo-rond.png","contentUrl":"https:\/\/jootjes-haakcadeautjes-media.s3.amazonaws.com\/wp-content\/uploads\/2023\/05\/Logo-rond.png","width":1222,"height":1222,"caption":"Jootjes Haakcadeautjes"},"image":{"@id":"https:\/\/www.jootjeshaakcadeautjes.nl\/de\/#\/schema\/logo\/image\/"}}]},"product_price_amount":"0.75","product_price_currency":"EUR","og_availability":"instock","product_availability":"instock","product_retailer_item_id":"KBS-MST-KOP","product_condition":"new"},"_links":{"self":[{"href":"https:\/\/www.jootjeshaakcadeautjes.nl\/de\/wp-json\/wp\/v2\/product\/243168","targetHints":{"allow":["GET"]}}],"collection":[{"href":"https:\/\/www.jootjeshaakcadeautjes.nl\/de\/wp-json\/wp\/v2\/product"}],"about":[{"href":"https:\/\/www.jootjeshaakcadeautjes.nl\/de\/wp-json\/wp\/v2\/types\/product"}],"version-history":[{"count":1,"href":"https:\/\/www.jootjeshaakcadeautjes.nl\/de\/wp-json\/wp\/v2\/product\/243168\/revisions"}],"predecessor-version":[{"id":271870,"href":"https:\/\/www.jootjeshaakcadeautjes.nl\/de\/wp-json\/wp\/v2\/product\/243168\/revisions\/271870"}],"wp:featuredmedia":[{"embeddable":true,"href":"https:\/\/www.jootjeshaakcadeautjes.nl\/de\/wp-json\/wp\/v2\/media\/271453"}],"wp:attachment":[{"href":"https:\/\/www.jootjeshaakcadeautjes.nl\/de\/wp-json\/wp\/v2\/media?parent=243168"}],"wp:term":[{"taxonomy":"product_brand","embeddable":true,"href":"https:\/\/www.jootjeshaakcadeautjes.nl\/de\/wp-json\/wp\/v2\/product_brand?post=243168"},{"taxonomy":"product_cat","embeddable":true,"href":"https:\/\/www.jootjeshaakcadeautjes.nl\/de\/wp-json\/wp\/v2\/product_cat?post=243168"},{"taxonomy":"product_tag","embeddable":true,"href":"https:\/\/www.jootjeshaakcadeautjes.nl\/de\/wp-json\/wp\/v2\/product_tag?post=243168"}],"curies":[{"name":"wp","href":"https:\/\/api.w.org\/{rel}","templated":true}]}}