{"id":243786,"date":"2025-12-18T14:56:13","date_gmt":"2025-12-18T13:56:13","guid":{"rendered":"https:\/\/www.jootjeshaakcadeautjes.nl\/?post_type=product&#038;p=243786"},"modified":"2026-04-20T10:48:48","modified_gmt":"2026-04-20T08:48:48","slug":"musik-mobil-baby-somewhere-over-the-rainbow-kopie-kopie-kopie-kopie-kopie","status":"publish","type":"product","link":"https:\/\/www.jootjeshaakcadeautjes.nl\/de\/produkt\/musik-mobil-baby-somewhere-over-the-rainbow-kopie-kopie-kopie-kopie-kopie\/","title":{"rendered":"Musik-Mobil &#8211; Baby &#8211; Schlaf Baby Schlaf"},"content":{"rendered":"<h2>Musik-Mobil &#8211; Baby &#8211; Schlaf Baby Schlaf<\/h2>\n<p>Suchen Sie ein loses Musik- oder Laufgitter-Mobile f\u00fcr Ihr Baby? Bei uns finden Sie dieses wei\u00dfe Musikhandy mit Universalaufsatz. Dieses Baby-Musik-Mobile passt daher in die meisten Laufst\u00e4lle oder Kinderwagen. J-f\u00f6rmiger St\u00e4nder mit Spieluhr und vierbeinigem Kreuz auf der Spitze. Die Spieluhr enth\u00e4lt das angegebene Lied. Dies ist ein Deluxe-Boxmobile mit Start- und Stoppfunktion. Wenn Ihr Kind fest eingeschlafen ist, k\u00f6nnen Sie das Laufgittermobil auch manuell mit dem Schalter an der Box anhalten.<\/p>\n<p>An dem vierbeinigen Kreuz k\u00f6nnen Sie mit unserer Satinkordel Ihre eigenen Anh\u00e4nger anfertigen. Daran k\u00f6nnen Sie dann ganz einfach Silikon- und Luxusperlen, H\u00e4keltiere, Filztiere oder (eine Kombination aus) Holzperlen, Silikon- und Bei\u00dfringen aufh\u00e4ngen. Das vierbeinige Kreuz dreht sich beim Abspielen von Musik um 360 Grad.<\/p>\n<p>Hinweis: Der Haken an der Unterseite der Spieldose, an dem man das Kreuz aufh\u00e4ngen kann, scheint schief zu sein, aber das ist beabsichtigt. So bleibt das Musikmobil stabil und dreht sich gut. Die H\u00f6he des Musikhandyhalters betr\u00e4gt 66,5 cm. Das Musikmobil verf\u00fcgt \u00fcber einen Ein\/Aus-Schalter und wird mit dem Drehknopf aufgezogen.<\/p>\n","protected":false},"excerpt":{"rendered":"<p>Typ: Musik-Mobil Baby &#8211; zum Selbermachen Teile:<\/p>\n<ul>\n<li>Schraube zur Befestigung<\/li>\n<li>J-f\u00f6rmiger Halter<\/li>\n<li>Spieldose Somewhere over the Rainbow<\/li>\n<li>Start &#8211; Stopp<\/li>\n<li>Vierf\u00fc\u00dfiges Kreuz<\/li>\n<\/ul>\n<p>Farbe: Wei\u00df<\/p>\n","protected":false},"featured_media":82090,"template":"","meta":[],"product_brand":[],"product_cat":[8247,18369,7184],"product_tag":[8346,8305,8314,7510,8297,8334,8316,8301,8325,8349,7214,8344,18370,7218,8311,8323,8329,8348,8327],"class_list":{"0":"post-243786","1":"product","2":"type-product","3":"status-publish","4":"has-post-thumbnail","6":"product_cat-bastelmaterial-hakelzubehor","7":"product_cat-musik-mobil","8":"product_cat-neue-produkte","9":"product_tag-4-beinig","10":"product_tag-amigurumi-de","11":"product_tag-anhanger-de","12":"product_tag-baby-de","13":"product_tag-bestatigen","14":"product_tag-hand-de","15":"product_tag-klang","16":"product_tag-klein-de","17":"product_tag-kordelzug","18":"product_tag-kreuz","19":"product_tag-machen","20":"product_tag-musik-handy","21":"product_tag-schlaf-kind-schlaf","22":"product_tag-selbst","23":"product_tag-spieldose","24":"product_tag-spieluhr","25":"product_tag-spieluhr-de","26":"product_tag-vierbeiner","27":"product_tag-waschbar","28":"product_shipping_class-paketversand-erforderlich","30":"first","31":"instock","32":"taxable","33":"shipping-taxable","34":"purchasable","35":"product-type-simple"},"bundled_by":[],"bundle_stock_status":"instock","bundle_stock_quantity":16,"bundle_virtual":false,"bundle_layout":"","bundle_add_to_cart_form_location":"","bundle_editable_in_cart":false,"bundle_sold_individually_context":"","bundle_item_grouping":"","bundle_min_size":"","bundle_max_size":"","bundle_price":[],"bundled_items":[],"bundle_sell_ids":[],"yoast_head":"<!-- This site is optimized with the Yoast SEO Premium plugin v27.4 (Yoast SEO v27.5) - https:\/\/yoast.com\/product\/yoast-seo-premium-wordpress\/ -->\n<title>Musik-Mobil Baby - Selber machen - Schlaf Kind Schlaf |Jootjes<\/title>\n<meta name=\"description\" content=\"Musikmobile f\u00fcr Babys mit Spieluhr und mit vierbeinigem Kreuz zum Selbermachen von Anh\u00e4ngern f\u00fcr ein Baby-Mobile f\u00fcr Wiege oder Laufstall.\" \/>\n<meta name=\"robots\" content=\"index, follow, max-snippet:-1, max-image-preview:large, max-video-preview:-1\" \/>\n<link rel=\"canonical\" href=\"https:\/\/www.jootjeshaakcadeautjes.nl\/de\/produkt\/musik-mobil-baby-somewhere-over-the-rainbow-kopie-kopie-kopie-kopie-kopie\/\" \/>\n<meta property=\"og:locale\" content=\"de_DE\" \/>\n<meta property=\"og:type\" content=\"article\" \/>\n<meta property=\"og:title\" content=\"Musik-Mobil - Baby - Schlaf Baby Schlaf\" \/>\n<meta property=\"og:description\" content=\"Musikmobile f\u00fcr Babys mit Spieluhr und mit vierbeinigem Kreuz zum Selbermachen von Anh\u00e4ngern f\u00fcr ein Baby-Mobile f\u00fcr Wiege oder Laufstall.\" \/>\n<meta property=\"og:url\" content=\"https:\/\/www.jootjeshaakcadeautjes.nl\/de\/produkt\/musik-mobil-baby-somewhere-over-the-rainbow-kopie-kopie-kopie-kopie-kopie\/\" \/>\n<meta property=\"og:site_name\" content=\"Jootjes Haakcadeautjes\" \/>\n<meta property=\"article:modified_time\" content=\"2026-04-20T08:48:48+00:00\" \/>\n<meta property=\"og:image\" content=\"https:\/\/d1dyryakdmle7o.cloudfront.net\/wp-content\/uploads\/2022\/10\/Losse-muziekmobiel-houder.jpg\" \/>\n\t<meta property=\"og:image:width\" content=\"500\" \/>\n\t<meta property=\"og:image:height\" content=\"500\" \/>\n\t<meta property=\"og:image:type\" content=\"image\/jpeg\" \/>\n<meta name=\"twitter:card\" content=\"summary_large_image\" \/>\n<meta name=\"twitter:label1\" content=\"Preis\" \/>\n\t<meta name=\"twitter:data1\" content=\"&euro;15.95 inkl. MwSt.\" \/>\n\t<meta name=\"twitter:label2\" content=\"Verf\u00fcgbarkeit\" \/>\n\t<meta name=\"twitter:data2\" content=\"Auf Lager\" \/>\n<script type=\"application\/ld+json\" class=\"yoast-schema-graph\">{\"@context\":\"https:\\\/\\\/schema.org\",\"@graph\":[{\"@type\":\"WebPage\",\"@id\":\"https:\\\/\\\/www.jootjeshaakcadeautjes.nl\\\/de\\\/produkt\\\/musik-mobil-baby-somewhere-over-the-rainbow-kopie-kopie-kopie-kopie-kopie\\\/\",\"url\":\"https:\\\/\\\/www.jootjeshaakcadeautjes.nl\\\/de\\\/produkt\\\/musik-mobil-baby-somewhere-over-the-rainbow-kopie-kopie-kopie-kopie-kopie\\\/\",\"name\":\"Musik-Mobil Baby - Selber machen - Schlaf Kind Schlaf |Jootjes\",\"isPartOf\":{\"@id\":\"https:\\\/\\\/www.jootjeshaakcadeautjes.nl\\\/de\\\/#website\"},\"primaryImageOfPage\":{\"@id\":\"https:\\\/\\\/www.jootjeshaakcadeautjes.nl\\\/de\\\/produkt\\\/musik-mobil-baby-somewhere-over-the-rainbow-kopie-kopie-kopie-kopie-kopie\\\/#primaryimage\"},\"image\":{\"@id\":\"https:\\\/\\\/www.jootjeshaakcadeautjes.nl\\\/de\\\/produkt\\\/musik-mobil-baby-somewhere-over-the-rainbow-kopie-kopie-kopie-kopie-kopie\\\/#primaryimage\"},\"thumbnailUrl\":\"https:\\\/\\\/d1dyryakdmle7o.cloudfront.net\\\/wp-content\\\/uploads\\\/2022\\\/10\\\/Losse-muziekmobiel-houder.jpg\",\"datePublished\":\"2025-12-18T13:56:13+00:00\",\"dateModified\":\"2026-04-20T08:48:48+00:00\",\"description\":\"Musikmobile f\u00fcr Babys mit Spieluhr und mit vierbeinigem Kreuz zum Selbermachen von Anh\u00e4ngern f\u00fcr ein Baby-Mobile f\u00fcr Wiege oder Laufstall.\",\"breadcrumb\":{\"@id\":\"https:\\\/\\\/www.jootjeshaakcadeautjes.nl\\\/de\\\/produkt\\\/musik-mobil-baby-somewhere-over-the-rainbow-kopie-kopie-kopie-kopie-kopie\\\/#breadcrumb\"},\"inLanguage\":\"de\",\"potentialAction\":[{\"@type\":\"ReadAction\",\"target\":[\"https:\\\/\\\/www.jootjeshaakcadeautjes.nl\\\/de\\\/produkt\\\/musik-mobil-baby-somewhere-over-the-rainbow-kopie-kopie-kopie-kopie-kopie\\\/\"]}]},{\"@type\":\"ImageObject\",\"inLanguage\":\"de\",\"@id\":\"https:\\\/\\\/www.jootjeshaakcadeautjes.nl\\\/de\\\/produkt\\\/musik-mobil-baby-somewhere-over-the-rainbow-kopie-kopie-kopie-kopie-kopie\\\/#primaryimage\",\"url\":\"https:\\\/\\\/d1dyryakdmle7o.cloudfront.net\\\/wp-content\\\/uploads\\\/2022\\\/10\\\/Losse-muziekmobiel-houder.jpg\",\"contentUrl\":\"https:\\\/\\\/d1dyryakdmle7o.cloudfront.net\\\/wp-content\\\/uploads\\\/2022\\\/10\\\/Losse-muziekmobiel-houder.jpg\",\"width\":500,\"height\":500,\"caption\":\"Musik-Mobile Babyhalter Standard Box Musik mit Spieluhr und Kreuz\"},{\"@type\":\"BreadcrumbList\",\"@id\":\"https:\\\/\\\/www.jootjeshaakcadeautjes.nl\\\/de\\\/produkt\\\/musik-mobil-baby-somewhere-over-the-rainbow-kopie-kopie-kopie-kopie-kopie\\\/#breadcrumb\",\"itemListElement\":[{\"@type\":\"ListItem\",\"position\":1,\"name\":\"Startseite\",\"item\":\"https:\\\/\\\/www.jootjeshaakcadeautjes.nl\\\/de\\\/\"},{\"@type\":\"ListItem\",\"position\":2,\"name\":\"Gro\u00dfhandel mit Silikonperlen &#8211; Business und Consumer\",\"item\":\"https:\\\/\\\/www.jootjeshaakcadeautjes.nl\\\/de\\\/shop\\\/\"},{\"@type\":\"ListItem\",\"position\":3,\"name\":\"Musik-Mobil &#8211; Baby &#8211; Schlaf Baby Schlaf\"}]},{\"@type\":\"WebSite\",\"@id\":\"https:\\\/\\\/www.jootjeshaakcadeautjes.nl\\\/de\\\/#website\",\"url\":\"https:\\\/\\\/www.jootjeshaakcadeautjes.nl\\\/de\\\/\",\"name\":\"Jootjes Haakcadeautjes\",\"description\":\"Silikonperlen Gro\u00dfhandel \",\"publisher\":{\"@id\":\"https:\\\/\\\/www.jootjeshaakcadeautjes.nl\\\/de\\\/#organization\"},\"potentialAction\":[{\"@type\":\"SearchAction\",\"target\":{\"@type\":\"EntryPoint\",\"urlTemplate\":\"https:\\\/\\\/www.jootjeshaakcadeautjes.nl\\\/de\\\/?s={search_term_string}\"},\"query-input\":{\"@type\":\"PropertyValueSpecification\",\"valueRequired\":true,\"valueName\":\"search_term_string\"}}],\"inLanguage\":\"de\"},{\"@type\":\"Organization\",\"@id\":\"https:\\\/\\\/www.jootjeshaakcadeautjes.nl\\\/de\\\/#organization\",\"name\":\"Jootjes Haakcadeautjes\",\"url\":\"https:\\\/\\\/www.jootjeshaakcadeautjes.nl\\\/de\\\/\",\"logo\":{\"@type\":\"ImageObject\",\"inLanguage\":\"de\",\"@id\":\"https:\\\/\\\/www.jootjeshaakcadeautjes.nl\\\/de\\\/#\\\/schema\\\/logo\\\/image\\\/\",\"url\":\"https:\\\/\\\/jootjes-haakcadeautjes-media.s3.amazonaws.com\\\/wp-content\\\/uploads\\\/2023\\\/05\\\/Logo-rond.png\",\"contentUrl\":\"https:\\\/\\\/jootjes-haakcadeautjes-media.s3.amazonaws.com\\\/wp-content\\\/uploads\\\/2023\\\/05\\\/Logo-rond.png\",\"width\":1222,\"height\":1222,\"caption\":\"Jootjes Haakcadeautjes\"},\"image\":{\"@id\":\"https:\\\/\\\/www.jootjeshaakcadeautjes.nl\\\/de\\\/#\\\/schema\\\/logo\\\/image\\\/\"}}]}<\/script>\n<meta property=\"product:price:amount\" content=\"15.95\" \/>\n<meta property=\"product:price:currency\" content=\"EUR\" \/>\n<meta property=\"og:availability\" content=\"instock\" \/>\n<meta property=\"product:availability\" content=\"instock\" \/>\n<meta property=\"product:retailer_item_id\" content=\"MUZ-MOB-SKS\" \/>\n<meta property=\"product:condition\" content=\"new\" \/>\n<!-- \/ Yoast SEO Premium plugin. -->","yoast_head_json":{"title":"Musik-Mobil Baby - Selber machen - Schlaf Kind Schlaf |Jootjes","description":"Musikmobile f\u00fcr Babys mit Spieluhr und mit vierbeinigem Kreuz zum Selbermachen von Anh\u00e4ngern f\u00fcr ein Baby-Mobile f\u00fcr Wiege oder Laufstall.","robots":{"index":"index","follow":"follow","max-snippet":"max-snippet:-1","max-image-preview":"max-image-preview:large","max-video-preview":"max-video-preview:-1"},"canonical":"https:\/\/www.jootjeshaakcadeautjes.nl\/de\/produkt\/musik-mobil-baby-somewhere-over-the-rainbow-kopie-kopie-kopie-kopie-kopie\/","og_locale":"de_DE","og_type":"article","og_title":"Musik-Mobil - Baby - Schlaf Baby Schlaf","og_description":"Musikmobile f\u00fcr Babys mit Spieluhr und mit vierbeinigem Kreuz zum Selbermachen von Anh\u00e4ngern f\u00fcr ein Baby-Mobile f\u00fcr Wiege oder Laufstall.","og_url":"https:\/\/www.jootjeshaakcadeautjes.nl\/de\/produkt\/musik-mobil-baby-somewhere-over-the-rainbow-kopie-kopie-kopie-kopie-kopie\/","og_site_name":"Jootjes Haakcadeautjes","article_modified_time":"2026-04-20T08:48:48+00:00","og_image":[{"width":500,"height":500,"url":"https:\/\/d1dyryakdmle7o.cloudfront.net\/wp-content\/uploads\/2022\/10\/Losse-muziekmobiel-houder.jpg","type":"image\/jpeg"}],"twitter_card":"summary_large_image","twitter_misc":{"Preis":"&euro;15.95 inkl. MwSt.","Verf\u00fcgbarkeit":"Auf Lager"},"schema":{"@context":"https:\/\/schema.org","@graph":[{"@type":"WebPage","@id":"https:\/\/www.jootjeshaakcadeautjes.nl\/de\/produkt\/musik-mobil-baby-somewhere-over-the-rainbow-kopie-kopie-kopie-kopie-kopie\/","url":"https:\/\/www.jootjeshaakcadeautjes.nl\/de\/produkt\/musik-mobil-baby-somewhere-over-the-rainbow-kopie-kopie-kopie-kopie-kopie\/","name":"Musik-Mobil Baby - Selber machen - Schlaf Kind Schlaf |Jootjes","isPartOf":{"@id":"https:\/\/www.jootjeshaakcadeautjes.nl\/de\/#website"},"primaryImageOfPage":{"@id":"https:\/\/www.jootjeshaakcadeautjes.nl\/de\/produkt\/musik-mobil-baby-somewhere-over-the-rainbow-kopie-kopie-kopie-kopie-kopie\/#primaryimage"},"image":{"@id":"https:\/\/www.jootjeshaakcadeautjes.nl\/de\/produkt\/musik-mobil-baby-somewhere-over-the-rainbow-kopie-kopie-kopie-kopie-kopie\/#primaryimage"},"thumbnailUrl":"https:\/\/d1dyryakdmle7o.cloudfront.net\/wp-content\/uploads\/2022\/10\/Losse-muziekmobiel-houder.jpg","datePublished":"2025-12-18T13:56:13+00:00","dateModified":"2026-04-20T08:48:48+00:00","description":"Musikmobile f\u00fcr Babys mit Spieluhr und mit vierbeinigem Kreuz zum Selbermachen von Anh\u00e4ngern f\u00fcr ein Baby-Mobile f\u00fcr Wiege oder Laufstall.","breadcrumb":{"@id":"https:\/\/www.jootjeshaakcadeautjes.nl\/de\/produkt\/musik-mobil-baby-somewhere-over-the-rainbow-kopie-kopie-kopie-kopie-kopie\/#breadcrumb"},"inLanguage":"de","potentialAction":[{"@type":"ReadAction","target":["https:\/\/www.jootjeshaakcadeautjes.nl\/de\/produkt\/musik-mobil-baby-somewhere-over-the-rainbow-kopie-kopie-kopie-kopie-kopie\/"]}]},{"@type":"ImageObject","inLanguage":"de","@id":"https:\/\/www.jootjeshaakcadeautjes.nl\/de\/produkt\/musik-mobil-baby-somewhere-over-the-rainbow-kopie-kopie-kopie-kopie-kopie\/#primaryimage","url":"https:\/\/d1dyryakdmle7o.cloudfront.net\/wp-content\/uploads\/2022\/10\/Losse-muziekmobiel-houder.jpg","contentUrl":"https:\/\/d1dyryakdmle7o.cloudfront.net\/wp-content\/uploads\/2022\/10\/Losse-muziekmobiel-houder.jpg","width":500,"height":500,"caption":"Musik-Mobile Babyhalter Standard Box Musik mit Spieluhr und Kreuz"},{"@type":"BreadcrumbList","@id":"https:\/\/www.jootjeshaakcadeautjes.nl\/de\/produkt\/musik-mobil-baby-somewhere-over-the-rainbow-kopie-kopie-kopie-kopie-kopie\/#breadcrumb","itemListElement":[{"@type":"ListItem","position":1,"name":"Startseite","item":"https:\/\/www.jootjeshaakcadeautjes.nl\/de\/"},{"@type":"ListItem","position":2,"name":"Gro\u00dfhandel mit Silikonperlen &#8211; Business und Consumer","item":"https:\/\/www.jootjeshaakcadeautjes.nl\/de\/shop\/"},{"@type":"ListItem","position":3,"name":"Musik-Mobil &#8211; Baby &#8211; Schlaf Baby Schlaf"}]},{"@type":"WebSite","@id":"https:\/\/www.jootjeshaakcadeautjes.nl\/de\/#website","url":"https:\/\/www.jootjeshaakcadeautjes.nl\/de\/","name":"Jootjes Haakcadeautjes","description":"Silikonperlen Gro\u00dfhandel ","publisher":{"@id":"https:\/\/www.jootjeshaakcadeautjes.nl\/de\/#organization"},"potentialAction":[{"@type":"SearchAction","target":{"@type":"EntryPoint","urlTemplate":"https:\/\/www.jootjeshaakcadeautjes.nl\/de\/?s={search_term_string}"},"query-input":{"@type":"PropertyValueSpecification","valueRequired":true,"valueName":"search_term_string"}}],"inLanguage":"de"},{"@type":"Organization","@id":"https:\/\/www.jootjeshaakcadeautjes.nl\/de\/#organization","name":"Jootjes Haakcadeautjes","url":"https:\/\/www.jootjeshaakcadeautjes.nl\/de\/","logo":{"@type":"ImageObject","inLanguage":"de","@id":"https:\/\/www.jootjeshaakcadeautjes.nl\/de\/#\/schema\/logo\/image\/","url":"https:\/\/jootjes-haakcadeautjes-media.s3.amazonaws.com\/wp-content\/uploads\/2023\/05\/Logo-rond.png","contentUrl":"https:\/\/jootjes-haakcadeautjes-media.s3.amazonaws.com\/wp-content\/uploads\/2023\/05\/Logo-rond.png","width":1222,"height":1222,"caption":"Jootjes Haakcadeautjes"},"image":{"@id":"https:\/\/www.jootjeshaakcadeautjes.nl\/de\/#\/schema\/logo\/image\/"}}]},"product_price_amount":"15.95","product_price_currency":"EUR","og_availability":"instock","product_availability":"instock","product_retailer_item_id":"MUZ-MOB-SKS","product_condition":"new"},"_links":{"self":[{"href":"https:\/\/www.jootjeshaakcadeautjes.nl\/de\/wp-json\/wp\/v2\/product\/243786","targetHints":{"allow":["GET"]}}],"collection":[{"href":"https:\/\/www.jootjeshaakcadeautjes.nl\/de\/wp-json\/wp\/v2\/product"}],"about":[{"href":"https:\/\/www.jootjeshaakcadeautjes.nl\/de\/wp-json\/wp\/v2\/types\/product"}],"version-history":[{"count":1,"href":"https:\/\/www.jootjeshaakcadeautjes.nl\/de\/wp-json\/wp\/v2\/product\/243786\/revisions"}],"predecessor-version":[{"id":279055,"href":"https:\/\/www.jootjeshaakcadeautjes.nl\/de\/wp-json\/wp\/v2\/product\/243786\/revisions\/279055"}],"wp:featuredmedia":[{"embeddable":true,"href":"https:\/\/www.jootjeshaakcadeautjes.nl\/de\/wp-json\/wp\/v2\/media\/82090"}],"wp:attachment":[{"href":"https:\/\/www.jootjeshaakcadeautjes.nl\/de\/wp-json\/wp\/v2\/media?parent=243786"}],"wp:term":[{"taxonomy":"product_brand","embeddable":true,"href":"https:\/\/www.jootjeshaakcadeautjes.nl\/de\/wp-json\/wp\/v2\/product_brand?post=243786"},{"taxonomy":"product_cat","embeddable":true,"href":"https:\/\/www.jootjeshaakcadeautjes.nl\/de\/wp-json\/wp\/v2\/product_cat?post=243786"},{"taxonomy":"product_tag","embeddable":true,"href":"https:\/\/www.jootjeshaakcadeautjes.nl\/de\/wp-json\/wp\/v2\/product_tag?post=243786"}],"curies":[{"name":"wp","href":"https:\/\/api.w.org\/{rel}","templated":true}]}}