{"id":251064,"date":"2025-10-02T16:39:24","date_gmt":"2025-10-02T14:39:24","guid":{"rendered":"https:\/\/www.jootjeshaakcadeautjes.nl\/?post_type=product&#038;p=251064"},"modified":"2026-04-20T11:21:42","modified_gmt":"2026-04-20T09:21:42","slug":"silikonperlen-mattes-rot-nach-farbe-einkaufen-kopie-kopie-kopie-kopie-kopie-kopie-kopie-kopie-kopie-kopie","status":"publish","type":"product","link":"https:\/\/www.jootjeshaakcadeautjes.nl\/de\/produkt\/silikonperlen-mattes-rot-nach-farbe-einkaufen-kopie-kopie-kopie-kopie-kopie-kopie-kopie-kopie-kopie-kopie\/","title":{"rendered":"Silikonperlen &#8211; Copper Nugget Print &#8211; Nach Farbe einkaufen"},"content":{"rendered":"<h2>Einkaufen nach Farbe &#8211; Copper Nugget Print<\/h2>\n<p>In diesem Produktdisplay haben wir alle unsere Copper Nugget Print Perlen und das passende Zubeh\u00f6r in einem Produkt geb\u00fcndelt. So k\u00f6nnen Sie einfach und schnell alle Basisperlen und einfarbigen Luxusperlen in mattem Rot bestellen.  Das macht es viel einfacher, alle Ihre Lieblingsmust-haves aus Silikon in einer bestimmten Farbe zu kaufen.<\/p>\n","protected":false},"excerpt":{"rendered":"<p>Farbe: Copper Nugget Print<br \/>\nForm: W\u00e4hlen Sie die gew\u00fcnschte Form und Gr\u00f6\u00dfe.<br \/>\nMaterial: 100% babysicheres, bpa-freies Silikonmaterial, sicher getestet nach EN-71 Richtlinien und daher geeignet f\u00fcr CE-zertifizierte Fertigprodukte.<\/p>\n","protected":false},"featured_media":75406,"template":"","meta":[],"product_brand":[],"product_cat":[18106,18076,6991,7925],"product_tag":[7510,7385,7419,7928,7935,7464,7416,7950,7563,7442,7451,18058,7444,7520,7926,7945,7930],"class_list":{"0":"post-251064","1":"product","2":"type-product","3":"status-publish","4":"has-post-thumbnail","6":"product_cat-einkaufen-nach-thema-halloween","7":"product_cat-silikonperlen-basics-weihnachten","8":"product_cat-silikonperlen-bpa-frei-grosshandel","9":"product_cat-silikonperlen-einkaufen-nach-farbe","10":"product_tag-baby-de","11":"product_tag-beisring","12":"product_tag-bpa-de","13":"product_tag-einkaufen","14":"product_tag-flaschenoffner","15":"product_tag-groshandel","16":"product_tag-gummischnur","17":"product_tag-jaszipper-de","18":"product_tag-kaufen","19":"product_tag-kinderwagenkette","20":"product_tag-kostenlos","21":"product_tag-kupfer-nugget-druck","22":"product_tag-schlusselanhanger","23":"product_tag-sicher","24":"product_tag-silikonperlen","25":"product_tag-taschenaufhanger-de","26":"product_tag-weinkorken","28":"first","29":"instock","30":"taxable","31":"shipping-taxable","32":"product-type-grouped"},"bundled_by":[],"bundle_stock_status":"instock","bundle_stock_quantity":null,"bundle_virtual":false,"bundle_layout":"","bundle_add_to_cart_form_location":"","bundle_editable_in_cart":false,"bundle_sold_individually_context":"","bundle_item_grouping":"","bundle_min_size":"","bundle_max_size":"","bundle_price":[],"bundled_items":[],"bundle_sell_ids":[],"yoast_head":"<!-- This site is optimized with the Yoast SEO Premium plugin v27.4 (Yoast SEO v27.4) - https:\/\/yoast.com\/product\/yoast-seo-premium-wordpress\/ -->\n<title>Silikonperlen - Kupfer Nugget Druck | Jootjes<\/title>\n<meta name=\"description\" content=\"Kaufen Sie unsere Silikonperlen in der Farbe Copper Nugget Print zur Verwendung als Schnullerschnur, Bei\u00dfring, Kinderwagenschaukel, Schl\u00fcsselanh\u00e4nger und mehr.\" \/>\n<meta name=\"robots\" content=\"index, follow, max-snippet:-1, max-image-preview:large, max-video-preview:-1\" \/>\n<link rel=\"canonical\" href=\"https:\/\/www.jootjeshaakcadeautjes.nl\/de\/produkt\/silikonperlen-mattes-rot-nach-farbe-einkaufen-kopie-kopie-kopie-kopie-kopie-kopie-kopie-kopie-kopie-kopie\/\" \/>\n<meta property=\"og:locale\" content=\"de_DE\" \/>\n<meta property=\"og:type\" content=\"article\" \/>\n<meta property=\"og:title\" content=\"Silikonperlen - Copper Nugget Print - Nach Farbe einkaufen\" \/>\n<meta property=\"og:description\" content=\"Kaufen Sie unsere Silikonperlen in der Farbe Copper Nugget Print zur Verwendung als Schnullerschnur, Bei\u00dfring, Kinderwagenschaukel, Schl\u00fcsselanh\u00e4nger und mehr.\" \/>\n<meta property=\"og:url\" content=\"https:\/\/www.jootjeshaakcadeautjes.nl\/de\/produkt\/silikonperlen-mattes-rot-nach-farbe-einkaufen-kopie-kopie-kopie-kopie-kopie-kopie-kopie-kopie-kopie-kopie\/\" \/>\n<meta property=\"og:site_name\" content=\"Jootjes Haakcadeautjes\" \/>\n<meta property=\"article:modified_time\" content=\"2026-04-20T09:21:42+00:00\" \/>\n<meta property=\"og:image\" content=\"https:\/\/d1dyryakdmle7o.cloudfront.net\/wp-content\/uploads\/2021\/03\/20210214_231849.jpg\" \/>\n\t<meta property=\"og:image:width\" content=\"1211\" \/>\n\t<meta property=\"og:image:height\" content=\"1211\" \/>\n\t<meta property=\"og:image:type\" content=\"image\/jpeg\" \/>\n<meta name=\"twitter:card\" content=\"summary_large_image\" \/>\n<meta name=\"twitter:label1\" content=\"Verf\u00fcgbarkeit\" \/>\n\t<meta name=\"twitter:data1\" content=\"Auf Lager\" \/>\n<script type=\"application\/ld+json\" class=\"yoast-schema-graph\">{\"@context\":\"https:\\\/\\\/schema.org\",\"@graph\":[{\"@type\":\"WebPage\",\"@id\":\"https:\\\/\\\/www.jootjeshaakcadeautjes.nl\\\/de\\\/produkt\\\/silikonperlen-mattes-rot-nach-farbe-einkaufen-kopie-kopie-kopie-kopie-kopie-kopie-kopie-kopie-kopie-kopie\\\/\",\"url\":\"https:\\\/\\\/www.jootjeshaakcadeautjes.nl\\\/de\\\/produkt\\\/silikonperlen-mattes-rot-nach-farbe-einkaufen-kopie-kopie-kopie-kopie-kopie-kopie-kopie-kopie-kopie-kopie\\\/\",\"name\":\"Silikonperlen - Kupfer Nugget Druck | Jootjes\",\"isPartOf\":{\"@id\":\"https:\\\/\\\/www.jootjeshaakcadeautjes.nl\\\/de\\\/#website\"},\"primaryImageOfPage\":{\"@id\":\"https:\\\/\\\/www.jootjeshaakcadeautjes.nl\\\/de\\\/produkt\\\/silikonperlen-mattes-rot-nach-farbe-einkaufen-kopie-kopie-kopie-kopie-kopie-kopie-kopie-kopie-kopie-kopie\\\/#primaryimage\"},\"image\":{\"@id\":\"https:\\\/\\\/www.jootjeshaakcadeautjes.nl\\\/de\\\/produkt\\\/silikonperlen-mattes-rot-nach-farbe-einkaufen-kopie-kopie-kopie-kopie-kopie-kopie-kopie-kopie-kopie-kopie\\\/#primaryimage\"},\"thumbnailUrl\":\"https:\\\/\\\/d1dyryakdmle7o.cloudfront.net\\\/wp-content\\\/uploads\\\/2021\\\/03\\\/20210214_231849.jpg\",\"datePublished\":\"2025-10-02T14:39:24+00:00\",\"dateModified\":\"2026-04-20T09:21:42+00:00\",\"description\":\"Kaufen Sie unsere Silikonperlen in der Farbe Copper Nugget Print zur Verwendung als Schnullerschnur, Bei\u00dfring, Kinderwagenschaukel, Schl\u00fcsselanh\u00e4nger und mehr.\",\"breadcrumb\":{\"@id\":\"https:\\\/\\\/www.jootjeshaakcadeautjes.nl\\\/de\\\/produkt\\\/silikonperlen-mattes-rot-nach-farbe-einkaufen-kopie-kopie-kopie-kopie-kopie-kopie-kopie-kopie-kopie-kopie\\\/#breadcrumb\"},\"inLanguage\":\"de\",\"potentialAction\":[{\"@type\":\"ReadAction\",\"target\":[\"https:\\\/\\\/www.jootjeshaakcadeautjes.nl\\\/de\\\/produkt\\\/silikonperlen-mattes-rot-nach-farbe-einkaufen-kopie-kopie-kopie-kopie-kopie-kopie-kopie-kopie-kopie-kopie\\\/\"]}]},{\"@type\":\"ImageObject\",\"inLanguage\":\"de\",\"@id\":\"https:\\\/\\\/www.jootjeshaakcadeautjes.nl\\\/de\\\/produkt\\\/silikonperlen-mattes-rot-nach-farbe-einkaufen-kopie-kopie-kopie-kopie-kopie-kopie-kopie-kopie-kopie-kopie\\\/#primaryimage\",\"url\":\"https:\\\/\\\/d1dyryakdmle7o.cloudfront.net\\\/wp-content\\\/uploads\\\/2021\\\/03\\\/20210214_231849.jpg\",\"contentUrl\":\"https:\\\/\\\/d1dyryakdmle7o.cloudfront.net\\\/wp-content\\\/uploads\\\/2021\\\/03\\\/20210214_231849.jpg\",\"width\":1211,\"height\":1211,\"caption\":\"Kupfer-Nugget-Druck\"},{\"@type\":\"BreadcrumbList\",\"@id\":\"https:\\\/\\\/www.jootjeshaakcadeautjes.nl\\\/de\\\/produkt\\\/silikonperlen-mattes-rot-nach-farbe-einkaufen-kopie-kopie-kopie-kopie-kopie-kopie-kopie-kopie-kopie-kopie\\\/#breadcrumb\",\"itemListElement\":[{\"@type\":\"ListItem\",\"position\":1,\"name\":\"Startseite\",\"item\":\"https:\\\/\\\/www.jootjeshaakcadeautjes.nl\\\/de\\\/\"},{\"@type\":\"ListItem\",\"position\":2,\"name\":\"Gro\u00dfhandel mit Silikonperlen &#8211; Business und Consumer\",\"item\":\"https:\\\/\\\/www.jootjeshaakcadeautjes.nl\\\/de\\\/shop\\\/\"},{\"@type\":\"ListItem\",\"position\":3,\"name\":\"Silikonperlen &#8211; Copper Nugget Print &#8211; Nach Farbe einkaufen\"}]},{\"@type\":\"WebSite\",\"@id\":\"https:\\\/\\\/www.jootjeshaakcadeautjes.nl\\\/de\\\/#website\",\"url\":\"https:\\\/\\\/www.jootjeshaakcadeautjes.nl\\\/de\\\/\",\"name\":\"Jootjes Haakcadeautjes\",\"description\":\"Silikonperlen Gro\u00dfhandel \",\"publisher\":{\"@id\":\"https:\\\/\\\/www.jootjeshaakcadeautjes.nl\\\/de\\\/#organization\"},\"potentialAction\":[{\"@type\":\"SearchAction\",\"target\":{\"@type\":\"EntryPoint\",\"urlTemplate\":\"https:\\\/\\\/www.jootjeshaakcadeautjes.nl\\\/de\\\/?s={search_term_string}\"},\"query-input\":{\"@type\":\"PropertyValueSpecification\",\"valueRequired\":true,\"valueName\":\"search_term_string\"}}],\"inLanguage\":\"de\"},{\"@type\":\"Organization\",\"@id\":\"https:\\\/\\\/www.jootjeshaakcadeautjes.nl\\\/de\\\/#organization\",\"name\":\"Jootjes Haakcadeautjes\",\"url\":\"https:\\\/\\\/www.jootjeshaakcadeautjes.nl\\\/de\\\/\",\"logo\":{\"@type\":\"ImageObject\",\"inLanguage\":\"de\",\"@id\":\"https:\\\/\\\/www.jootjeshaakcadeautjes.nl\\\/de\\\/#\\\/schema\\\/logo\\\/image\\\/\",\"url\":\"https:\\\/\\\/jootjes-haakcadeautjes-media.s3.amazonaws.com\\\/wp-content\\\/uploads\\\/2023\\\/05\\\/Logo-rond.png\",\"contentUrl\":\"https:\\\/\\\/jootjes-haakcadeautjes-media.s3.amazonaws.com\\\/wp-content\\\/uploads\\\/2023\\\/05\\\/Logo-rond.png\",\"width\":1222,\"height\":1222,\"caption\":\"Jootjes Haakcadeautjes\"},\"image\":{\"@id\":\"https:\\\/\\\/www.jootjeshaakcadeautjes.nl\\\/de\\\/#\\\/schema\\\/logo\\\/image\\\/\"}}]}<\/script>\n<meta property=\"og:availability\" content=\"instock\" \/>\n<meta property=\"product:availability\" content=\"instock\" \/>\n<meta property=\"product:retailer_item_id\" content=\"SLK-KSK-CNP\" \/>\n<meta property=\"product:condition\" content=\"new\" \/>\n<!-- \/ Yoast SEO Premium plugin. -->","yoast_head_json":{"title":"Silikonperlen - Kupfer Nugget Druck | Jootjes","description":"Kaufen Sie unsere Silikonperlen in der Farbe Copper Nugget Print zur Verwendung als Schnullerschnur, Bei\u00dfring, Kinderwagenschaukel, Schl\u00fcsselanh\u00e4nger und mehr.","robots":{"index":"index","follow":"follow","max-snippet":"max-snippet:-1","max-image-preview":"max-image-preview:large","max-video-preview":"max-video-preview:-1"},"canonical":"https:\/\/www.jootjeshaakcadeautjes.nl\/de\/produkt\/silikonperlen-mattes-rot-nach-farbe-einkaufen-kopie-kopie-kopie-kopie-kopie-kopie-kopie-kopie-kopie-kopie\/","og_locale":"de_DE","og_type":"article","og_title":"Silikonperlen - Copper Nugget Print - Nach Farbe einkaufen","og_description":"Kaufen Sie unsere Silikonperlen in der Farbe Copper Nugget Print zur Verwendung als Schnullerschnur, Bei\u00dfring, Kinderwagenschaukel, Schl\u00fcsselanh\u00e4nger und mehr.","og_url":"https:\/\/www.jootjeshaakcadeautjes.nl\/de\/produkt\/silikonperlen-mattes-rot-nach-farbe-einkaufen-kopie-kopie-kopie-kopie-kopie-kopie-kopie-kopie-kopie-kopie\/","og_site_name":"Jootjes Haakcadeautjes","article_modified_time":"2026-04-20T09:21:42+00:00","og_image":[{"width":1211,"height":1211,"url":"https:\/\/d1dyryakdmle7o.cloudfront.net\/wp-content\/uploads\/2021\/03\/20210214_231849.jpg","type":"image\/jpeg"}],"twitter_card":"summary_large_image","twitter_misc":{"Verf\u00fcgbarkeit":"Auf Lager"},"schema":{"@context":"https:\/\/schema.org","@graph":[{"@type":"WebPage","@id":"https:\/\/www.jootjeshaakcadeautjes.nl\/de\/produkt\/silikonperlen-mattes-rot-nach-farbe-einkaufen-kopie-kopie-kopie-kopie-kopie-kopie-kopie-kopie-kopie-kopie\/","url":"https:\/\/www.jootjeshaakcadeautjes.nl\/de\/produkt\/silikonperlen-mattes-rot-nach-farbe-einkaufen-kopie-kopie-kopie-kopie-kopie-kopie-kopie-kopie-kopie-kopie\/","name":"Silikonperlen - Kupfer Nugget Druck | Jootjes","isPartOf":{"@id":"https:\/\/www.jootjeshaakcadeautjes.nl\/de\/#website"},"primaryImageOfPage":{"@id":"https:\/\/www.jootjeshaakcadeautjes.nl\/de\/produkt\/silikonperlen-mattes-rot-nach-farbe-einkaufen-kopie-kopie-kopie-kopie-kopie-kopie-kopie-kopie-kopie-kopie\/#primaryimage"},"image":{"@id":"https:\/\/www.jootjeshaakcadeautjes.nl\/de\/produkt\/silikonperlen-mattes-rot-nach-farbe-einkaufen-kopie-kopie-kopie-kopie-kopie-kopie-kopie-kopie-kopie-kopie\/#primaryimage"},"thumbnailUrl":"https:\/\/d1dyryakdmle7o.cloudfront.net\/wp-content\/uploads\/2021\/03\/20210214_231849.jpg","datePublished":"2025-10-02T14:39:24+00:00","dateModified":"2026-04-20T09:21:42+00:00","description":"Kaufen Sie unsere Silikonperlen in der Farbe Copper Nugget Print zur Verwendung als Schnullerschnur, Bei\u00dfring, Kinderwagenschaukel, Schl\u00fcsselanh\u00e4nger und mehr.","breadcrumb":{"@id":"https:\/\/www.jootjeshaakcadeautjes.nl\/de\/produkt\/silikonperlen-mattes-rot-nach-farbe-einkaufen-kopie-kopie-kopie-kopie-kopie-kopie-kopie-kopie-kopie-kopie\/#breadcrumb"},"inLanguage":"de","potentialAction":[{"@type":"ReadAction","target":["https:\/\/www.jootjeshaakcadeautjes.nl\/de\/produkt\/silikonperlen-mattes-rot-nach-farbe-einkaufen-kopie-kopie-kopie-kopie-kopie-kopie-kopie-kopie-kopie-kopie\/"]}]},{"@type":"ImageObject","inLanguage":"de","@id":"https:\/\/www.jootjeshaakcadeautjes.nl\/de\/produkt\/silikonperlen-mattes-rot-nach-farbe-einkaufen-kopie-kopie-kopie-kopie-kopie-kopie-kopie-kopie-kopie-kopie\/#primaryimage","url":"https:\/\/d1dyryakdmle7o.cloudfront.net\/wp-content\/uploads\/2021\/03\/20210214_231849.jpg","contentUrl":"https:\/\/d1dyryakdmle7o.cloudfront.net\/wp-content\/uploads\/2021\/03\/20210214_231849.jpg","width":1211,"height":1211,"caption":"Kupfer-Nugget-Druck"},{"@type":"BreadcrumbList","@id":"https:\/\/www.jootjeshaakcadeautjes.nl\/de\/produkt\/silikonperlen-mattes-rot-nach-farbe-einkaufen-kopie-kopie-kopie-kopie-kopie-kopie-kopie-kopie-kopie-kopie\/#breadcrumb","itemListElement":[{"@type":"ListItem","position":1,"name":"Startseite","item":"https:\/\/www.jootjeshaakcadeautjes.nl\/de\/"},{"@type":"ListItem","position":2,"name":"Gro\u00dfhandel mit Silikonperlen &#8211; Business und Consumer","item":"https:\/\/www.jootjeshaakcadeautjes.nl\/de\/shop\/"},{"@type":"ListItem","position":3,"name":"Silikonperlen &#8211; Copper Nugget Print &#8211; Nach Farbe einkaufen"}]},{"@type":"WebSite","@id":"https:\/\/www.jootjeshaakcadeautjes.nl\/de\/#website","url":"https:\/\/www.jootjeshaakcadeautjes.nl\/de\/","name":"Jootjes Haakcadeautjes","description":"Silikonperlen Gro\u00dfhandel ","publisher":{"@id":"https:\/\/www.jootjeshaakcadeautjes.nl\/de\/#organization"},"potentialAction":[{"@type":"SearchAction","target":{"@type":"EntryPoint","urlTemplate":"https:\/\/www.jootjeshaakcadeautjes.nl\/de\/?s={search_term_string}"},"query-input":{"@type":"PropertyValueSpecification","valueRequired":true,"valueName":"search_term_string"}}],"inLanguage":"de"},{"@type":"Organization","@id":"https:\/\/www.jootjeshaakcadeautjes.nl\/de\/#organization","name":"Jootjes Haakcadeautjes","url":"https:\/\/www.jootjeshaakcadeautjes.nl\/de\/","logo":{"@type":"ImageObject","inLanguage":"de","@id":"https:\/\/www.jootjeshaakcadeautjes.nl\/de\/#\/schema\/logo\/image\/","url":"https:\/\/jootjes-haakcadeautjes-media.s3.amazonaws.com\/wp-content\/uploads\/2023\/05\/Logo-rond.png","contentUrl":"https:\/\/jootjes-haakcadeautjes-media.s3.amazonaws.com\/wp-content\/uploads\/2023\/05\/Logo-rond.png","width":1222,"height":1222,"caption":"Jootjes Haakcadeautjes"},"image":{"@id":"https:\/\/www.jootjeshaakcadeautjes.nl\/de\/#\/schema\/logo\/image\/"}}]},"og_availability":"instock","product_availability":"instock","product_retailer_item_id":"SLK-KSK-CNP","product_condition":"new"},"_links":{"self":[{"href":"https:\/\/www.jootjeshaakcadeautjes.nl\/de\/wp-json\/wp\/v2\/product\/251064","targetHints":{"allow":["GET"]}}],"collection":[{"href":"https:\/\/www.jootjeshaakcadeautjes.nl\/de\/wp-json\/wp\/v2\/product"}],"about":[{"href":"https:\/\/www.jootjeshaakcadeautjes.nl\/de\/wp-json\/wp\/v2\/types\/product"}],"version-history":[{"count":1,"href":"https:\/\/www.jootjeshaakcadeautjes.nl\/de\/wp-json\/wp\/v2\/product\/251064\/revisions"}],"predecessor-version":[{"id":279573,"href":"https:\/\/www.jootjeshaakcadeautjes.nl\/de\/wp-json\/wp\/v2\/product\/251064\/revisions\/279573"}],"wp:featuredmedia":[{"embeddable":true,"href":"https:\/\/www.jootjeshaakcadeautjes.nl\/de\/wp-json\/wp\/v2\/media\/75406"}],"wp:attachment":[{"href":"https:\/\/www.jootjeshaakcadeautjes.nl\/de\/wp-json\/wp\/v2\/media?parent=251064"}],"wp:term":[{"taxonomy":"product_brand","embeddable":true,"href":"https:\/\/www.jootjeshaakcadeautjes.nl\/de\/wp-json\/wp\/v2\/product_brand?post=251064"},{"taxonomy":"product_cat","embeddable":true,"href":"https:\/\/www.jootjeshaakcadeautjes.nl\/de\/wp-json\/wp\/v2\/product_cat?post=251064"},{"taxonomy":"product_tag","embeddable":true,"href":"https:\/\/www.jootjeshaakcadeautjes.nl\/de\/wp-json\/wp\/v2\/product_tag?post=251064"}],"curies":[{"name":"wp","href":"https:\/\/api.w.org\/{rel}","templated":true}]}}