{"id":251336,"date":"2025-10-03T11:26:32","date_gmt":"2025-10-03T09:26:32","guid":{"rendered":"https:\/\/www.jootjeshaakcadeautjes.nl\/?post_type=product&#038;p=251336"},"modified":"2026-04-20T11:21:42","modified_gmt":"2026-04-20T09:21:42","slug":"umkehrnadel-fur-schnuller-littlejo-special-kopie","status":"publish","type":"product","link":"https:\/\/www.jootjeshaakcadeautjes.nl\/de\/produkt\/umkehrnadel-fur-schnuller-littlejo-special-kopie\/","title":{"rendered":"Umkehrnadel f\u00fcr Schl\u00fcsselanh\u00e4nger &#8211; LittleJo Special! &#8211; 18 cm"},"content":{"rendered":"<h2>Umkehrnadel f\u00fcr Schl\u00fcsselanh\u00e4nger &#8211; LittleJo Special! &#8211; 18 cm <\/h2>\n<p>F\u00e4deln Sie alle Silikonperlen auf die Umkehrnadel und ziehen Sie sie gleichzeitig mit einem Faden durch. So stellen Sie einfach und schnell eine Schnullerschnur her. Das ist unsere eigene Nadel im Heuhaufen. Es ist und bleibt eine Nadel im Heuhaufen. Heftnadeln sind offiziell zum Einf\u00e4deln von Stoffen, wie z. B. Gummib\u00e4ndern, gedacht und waren urspr\u00fcnglich nicht f\u00fcr die Herstellung von Schnurpuppen vorgesehen. Unsere eigenen Heftnadeln wurden jedoch speziell ausgew\u00e4hlt, um ein besseres Heften und leichteres Einf\u00e4deln zu erm\u00f6glichen als andere Heftnadeln. Dadurch sind diese Heftnadeln einfacher zu handhaben und langlebiger als andere Heftnadeln.<\/p>\n<p>Marke: LittleJo<br \/>\nL\u00e4nge: 18 cm<br \/>\nFarbe: Silber<\/p>\n","protected":false},"excerpt":{"rendered":"<p>Marke: LittleJo<br \/>\nL\u00e4nge: 18 cm<br \/>\nFarbe: Silber<\/p>\n<p>F\u00e4deln Sie alle Silikonperlen auf die Umkehrnadel und ziehen Sie sie gleichzeitig mit einem Faden durch. So stellen Sie einfach und schnell eine Schnullerschnur her. Diese Heftnadel wurde speziell von uns ausgew\u00e4hlt und f\u00e4delt leichter ein und zieht leichter durch als andere Heftnadeln nach dieser!<\/p>\n","protected":false},"featured_media":82097,"template":"","meta":[],"product_brand":[],"product_cat":[8276,9479,7380,7184,8279,7191],"product_tag":[7510,8571,7205,9485,7990,18187,8583,7214,7199,9481,8162,9482,7218,7520,7211,9484,7892],"class_list":{"0":"post-251336","1":"product","2":"type-product","3":"status-publish","4":"has-post-thumbnail","6":"product_cat-alle-werkzeuge-nadeln-kombizange-schere-alle","7":"product_cat-heften-wendenadel","8":"product_cat-herstellung-von-baby-beisspielzeug-materialien-fur-schnuller-und-beisringe","9":"product_cat-neue-produkte","10":"product_cat-tools-workmat-beadboard-schnullerkordel-beisring-und-mehr","11":"product_cat-vollstandige-palette","12":"product_tag-baby-de","13":"product_tag-beisspielzeug","14":"product_tag-diy-de","15":"product_tag-einfach","16":"product_tag-einfadeln","17":"product_tag-kurzgewindekanule","18":"product_tag-littlejo-de","19":"product_tag-machen","20":"product_tag-perlen","21":"product_tag-ruckfahrhaken","22":"product_tag-schlusselringe","23":"product_tag-schnuller-selbst-herstellen","24":"product_tag-selbst","25":"product_tag-sicher","26":"product_tag-silikon","27":"product_tag-wendenadel","28":"product_tag-zitze","30":"first","31":"instock","32":"taxable","33":"shipping-taxable","34":"purchasable","35":"product-type-simple"},"bundled_by":[],"bundle_stock_status":"instock","bundle_stock_quantity":139,"bundle_virtual":false,"bundle_layout":"","bundle_add_to_cart_form_location":"","bundle_editable_in_cart":false,"bundle_sold_individually_context":"","bundle_item_grouping":"","bundle_min_size":"","bundle_max_size":"","bundle_price":[],"bundled_items":[],"bundle_sell_ids":[],"yoast_head":"<!-- This site is optimized with the Yoast SEO Premium plugin v26.4 (Yoast SEO v27.3) - https:\/\/yoast.com\/product\/yoast-seo-premium-wordpress\/ -->\n<title>Umkehrnadel f\u00fcr Schl\u00fcsselanh\u00e4nger - LittleJo Special! - 18 cm - Dummy-Schnur herstellen<\/title>\n<meta name=\"description\" content=\"Umkehrnadel zur schnellen Herstellung von Schnurattrappen. Umkehrhaken Marke Prym. F\u00e4deln Sie Ihre Silikonperlen auf und stellen Sie im Handumdrehen eine Schnurattrappe her.\" \/>\n<meta name=\"robots\" content=\"index, follow, max-snippet:-1, max-image-preview:large, max-video-preview:-1\" \/>\n<link rel=\"canonical\" href=\"https:\/\/www.jootjeshaakcadeautjes.nl\/de\/produkt\/umkehrnadel-fur-schnuller-littlejo-special-kopie\/\" \/>\n<meta property=\"og:locale\" content=\"de_DE\" \/>\n<meta property=\"og:type\" content=\"article\" \/>\n<meta property=\"og:title\" content=\"Umkehrnadel f\u00fcr Schl\u00fcsselanh\u00e4nger - LittleJo Special! - 18 cm\" \/>\n<meta property=\"og:description\" content=\"Umkehrnadel zur schnellen Herstellung von Schnurattrappen. Umkehrhaken Marke Prym. F\u00e4deln Sie Ihre Silikonperlen auf und stellen Sie im Handumdrehen eine Schnurattrappe her.\" \/>\n<meta property=\"og:url\" content=\"https:\/\/www.jootjeshaakcadeautjes.nl\/de\/produkt\/umkehrnadel-fur-schnuller-littlejo-special-kopie\/\" \/>\n<meta property=\"og:site_name\" content=\"Jootjes Haakcadeautjes\" \/>\n<meta property=\"article:modified_time\" content=\"2026-04-20T09:21:42+00:00\" \/>\n<meta property=\"og:image\" content=\"https:\/\/d1dyryakdmle7o.cloudfront.net\/wp-content\/uploads\/2022\/10\/Categorieen-Copy-13-kopie-NaN-kopie-NaN-kopie-NaN-kopie-NaN-kopie-NaN-kopie-1.jpg\" \/>\n\t<meta property=\"og:image:width\" content=\"1080\" \/>\n\t<meta property=\"og:image:height\" content=\"1080\" \/>\n\t<meta property=\"og:image:type\" content=\"image\/jpeg\" \/>\n<meta name=\"twitter:card\" content=\"summary_large_image\" \/>\n<meta name=\"twitter:label1\" content=\"Preis\" \/>\n\t<meta name=\"twitter:data1\" content=\"&euro;2.50 inkl. MwSt.\" \/>\n\t<meta name=\"twitter:label2\" content=\"Verf\u00fcgbarkeit\" \/>\n\t<meta name=\"twitter:data2\" content=\"Auf Lager\" \/>\n<script type=\"application\/ld+json\" class=\"yoast-schema-graph\">{\"@context\":\"https:\\\/\\\/schema.org\",\"@graph\":[{\"@type\":\"WebPage\",\"@id\":\"https:\\\/\\\/www.jootjeshaakcadeautjes.nl\\\/de\\\/produkt\\\/umkehrnadel-fur-schnuller-littlejo-special-kopie\\\/\",\"url\":\"https:\\\/\\\/www.jootjeshaakcadeautjes.nl\\\/de\\\/produkt\\\/umkehrnadel-fur-schnuller-littlejo-special-kopie\\\/\",\"name\":\"Umkehrnadel f\u00fcr Schl\u00fcsselanh\u00e4nger - LittleJo Special! - 18 cm - Dummy-Schnur herstellen\",\"isPartOf\":{\"@id\":\"https:\\\/\\\/www.jootjeshaakcadeautjes.nl\\\/de\\\/#website\"},\"primaryImageOfPage\":{\"@id\":\"https:\\\/\\\/www.jootjeshaakcadeautjes.nl\\\/de\\\/produkt\\\/umkehrnadel-fur-schnuller-littlejo-special-kopie\\\/#primaryimage\"},\"image\":{\"@id\":\"https:\\\/\\\/www.jootjeshaakcadeautjes.nl\\\/de\\\/produkt\\\/umkehrnadel-fur-schnuller-littlejo-special-kopie\\\/#primaryimage\"},\"thumbnailUrl\":\"https:\\\/\\\/d1dyryakdmle7o.cloudfront.net\\\/wp-content\\\/uploads\\\/2022\\\/10\\\/Categorieen-Copy-13-kopie-NaN-kopie-NaN-kopie-NaN-kopie-NaN-kopie-NaN-kopie-1.jpg\",\"datePublished\":\"2025-10-03T09:26:32+00:00\",\"dateModified\":\"2026-04-20T09:21:42+00:00\",\"description\":\"Umkehrnadel zur schnellen Herstellung von Schnurattrappen. Umkehrhaken Marke Prym. F\u00e4deln Sie Ihre Silikonperlen auf und stellen Sie im Handumdrehen eine Schnurattrappe her.\",\"breadcrumb\":{\"@id\":\"https:\\\/\\\/www.jootjeshaakcadeautjes.nl\\\/de\\\/produkt\\\/umkehrnadel-fur-schnuller-littlejo-special-kopie\\\/#breadcrumb\"},\"inLanguage\":\"de\",\"potentialAction\":[{\"@type\":\"ReadAction\",\"target\":[\"https:\\\/\\\/www.jootjeshaakcadeautjes.nl\\\/de\\\/produkt\\\/umkehrnadel-fur-schnuller-littlejo-special-kopie\\\/\"]}]},{\"@type\":\"ImageObject\",\"inLanguage\":\"de\",\"@id\":\"https:\\\/\\\/www.jootjeshaakcadeautjes.nl\\\/de\\\/produkt\\\/umkehrnadel-fur-schnuller-littlejo-special-kopie\\\/#primaryimage\",\"url\":\"https:\\\/\\\/d1dyryakdmle7o.cloudfront.net\\\/wp-content\\\/uploads\\\/2022\\\/10\\\/Categorieen-Copy-13-kopie-NaN-kopie-NaN-kopie-NaN-kopie-NaN-kopie-NaN-kopie-1.jpg\",\"contentUrl\":\"https:\\\/\\\/d1dyryakdmle7o.cloudfront.net\\\/wp-content\\\/uploads\\\/2022\\\/10\\\/Categorieen-Copy-13-kopie-NaN-kopie-NaN-kopie-NaN-kopie-NaN-kopie-NaN-kopie-1.jpg\",\"width\":1080,\"height\":1080,\"caption\":\"Umkehrnadel speziell f\u00fcr Schnullerschn\u00fcre LittleJo Schnullerschnur selber machen\"},{\"@type\":\"BreadcrumbList\",\"@id\":\"https:\\\/\\\/www.jootjeshaakcadeautjes.nl\\\/de\\\/produkt\\\/umkehrnadel-fur-schnuller-littlejo-special-kopie\\\/#breadcrumb\",\"itemListElement\":[{\"@type\":\"ListItem\",\"position\":1,\"name\":\"Startseite\",\"item\":\"https:\\\/\\\/www.jootjeshaakcadeautjes.nl\\\/de\\\/\"},{\"@type\":\"ListItem\",\"position\":2,\"name\":\"Gro\u00dfhandel mit Silikonperlen &#8211; Business und Consumer\",\"item\":\"https:\\\/\\\/www.jootjeshaakcadeautjes.nl\\\/de\\\/shop\\\/\"},{\"@type\":\"ListItem\",\"position\":3,\"name\":\"Umkehrnadel f\u00fcr Schl\u00fcsselanh\u00e4nger &#8211; LittleJo Special! &#8211; 18 cm\"}]},{\"@type\":\"WebSite\",\"@id\":\"https:\\\/\\\/www.jootjeshaakcadeautjes.nl\\\/de\\\/#website\",\"url\":\"https:\\\/\\\/www.jootjeshaakcadeautjes.nl\\\/de\\\/\",\"name\":\"Jootjes Haakcadeautjes\",\"description\":\"Silikonperlen Gro\u00dfhandel \",\"publisher\":{\"@id\":\"https:\\\/\\\/www.jootjeshaakcadeautjes.nl\\\/de\\\/#organization\"},\"potentialAction\":[{\"@type\":\"SearchAction\",\"target\":{\"@type\":\"EntryPoint\",\"urlTemplate\":\"https:\\\/\\\/www.jootjeshaakcadeautjes.nl\\\/de\\\/?s={search_term_string}\"},\"query-input\":{\"@type\":\"PropertyValueSpecification\",\"valueRequired\":true,\"valueName\":\"search_term_string\"}}],\"inLanguage\":\"de\"},{\"@type\":\"Organization\",\"@id\":\"https:\\\/\\\/www.jootjeshaakcadeautjes.nl\\\/de\\\/#organization\",\"name\":\"Jootjes Haakcadeautjes\",\"url\":\"https:\\\/\\\/www.jootjeshaakcadeautjes.nl\\\/de\\\/\",\"logo\":{\"@type\":\"ImageObject\",\"inLanguage\":\"de\",\"@id\":\"https:\\\/\\\/www.jootjeshaakcadeautjes.nl\\\/de\\\/#\\\/schema\\\/logo\\\/image\\\/\",\"url\":\"https:\\\/\\\/jootjes-haakcadeautjes-media.s3.amazonaws.com\\\/wp-content\\\/uploads\\\/2023\\\/05\\\/Logo-rond.png\",\"contentUrl\":\"https:\\\/\\\/jootjes-haakcadeautjes-media.s3.amazonaws.com\\\/wp-content\\\/uploads\\\/2023\\\/05\\\/Logo-rond.png\",\"width\":1222,\"height\":1222,\"caption\":\"Jootjes Haakcadeautjes\"},\"image\":{\"@id\":\"https:\\\/\\\/www.jootjeshaakcadeautjes.nl\\\/de\\\/#\\\/schema\\\/logo\\\/image\\\/\"}}]}<\/script>\n<meta property=\"product:price:amount\" content=\"2.50\" \/>\n<meta property=\"product:price:currency\" content=\"EUR\" \/>\n<meta property=\"og:availability\" content=\"instock\" \/>\n<meta property=\"product:availability\" content=\"instock\" \/>\n<meta property=\"product:retailer_item_id\" content=\"LJO-OMK-SLH\" \/>\n<meta property=\"product:condition\" content=\"new\" \/>\n<!-- \/ Yoast SEO Premium plugin. -->","yoast_head_json":{"title":"Umkehrnadel f\u00fcr Schl\u00fcsselanh\u00e4nger - LittleJo Special! - 18 cm - Dummy-Schnur herstellen","description":"Umkehrnadel zur schnellen Herstellung von Schnurattrappen. Umkehrhaken Marke Prym. F\u00e4deln Sie Ihre Silikonperlen auf und stellen Sie im Handumdrehen eine Schnurattrappe her.","robots":{"index":"index","follow":"follow","max-snippet":"max-snippet:-1","max-image-preview":"max-image-preview:large","max-video-preview":"max-video-preview:-1"},"canonical":"https:\/\/www.jootjeshaakcadeautjes.nl\/de\/produkt\/umkehrnadel-fur-schnuller-littlejo-special-kopie\/","og_locale":"de_DE","og_type":"article","og_title":"Umkehrnadel f\u00fcr Schl\u00fcsselanh\u00e4nger - LittleJo Special! - 18 cm","og_description":"Umkehrnadel zur schnellen Herstellung von Schnurattrappen. Umkehrhaken Marke Prym. F\u00e4deln Sie Ihre Silikonperlen auf und stellen Sie im Handumdrehen eine Schnurattrappe her.","og_url":"https:\/\/www.jootjeshaakcadeautjes.nl\/de\/produkt\/umkehrnadel-fur-schnuller-littlejo-special-kopie\/","og_site_name":"Jootjes Haakcadeautjes","article_modified_time":"2026-04-20T09:21:42+00:00","og_image":[{"width":1080,"height":1080,"url":"https:\/\/d1dyryakdmle7o.cloudfront.net\/wp-content\/uploads\/2022\/10\/Categorieen-Copy-13-kopie-NaN-kopie-NaN-kopie-NaN-kopie-NaN-kopie-NaN-kopie-1.jpg","type":"image\/jpeg"}],"twitter_card":"summary_large_image","twitter_misc":{"Preis":"&euro;2.50 inkl. MwSt.","Verf\u00fcgbarkeit":"Auf Lager"},"schema":{"@context":"https:\/\/schema.org","@graph":[{"@type":"WebPage","@id":"https:\/\/www.jootjeshaakcadeautjes.nl\/de\/produkt\/umkehrnadel-fur-schnuller-littlejo-special-kopie\/","url":"https:\/\/www.jootjeshaakcadeautjes.nl\/de\/produkt\/umkehrnadel-fur-schnuller-littlejo-special-kopie\/","name":"Umkehrnadel f\u00fcr Schl\u00fcsselanh\u00e4nger - LittleJo Special! - 18 cm - Dummy-Schnur herstellen","isPartOf":{"@id":"https:\/\/www.jootjeshaakcadeautjes.nl\/de\/#website"},"primaryImageOfPage":{"@id":"https:\/\/www.jootjeshaakcadeautjes.nl\/de\/produkt\/umkehrnadel-fur-schnuller-littlejo-special-kopie\/#primaryimage"},"image":{"@id":"https:\/\/www.jootjeshaakcadeautjes.nl\/de\/produkt\/umkehrnadel-fur-schnuller-littlejo-special-kopie\/#primaryimage"},"thumbnailUrl":"https:\/\/d1dyryakdmle7o.cloudfront.net\/wp-content\/uploads\/2022\/10\/Categorieen-Copy-13-kopie-NaN-kopie-NaN-kopie-NaN-kopie-NaN-kopie-NaN-kopie-1.jpg","datePublished":"2025-10-03T09:26:32+00:00","dateModified":"2026-04-20T09:21:42+00:00","description":"Umkehrnadel zur schnellen Herstellung von Schnurattrappen. Umkehrhaken Marke Prym. F\u00e4deln Sie Ihre Silikonperlen auf und stellen Sie im Handumdrehen eine Schnurattrappe her.","breadcrumb":{"@id":"https:\/\/www.jootjeshaakcadeautjes.nl\/de\/produkt\/umkehrnadel-fur-schnuller-littlejo-special-kopie\/#breadcrumb"},"inLanguage":"de","potentialAction":[{"@type":"ReadAction","target":["https:\/\/www.jootjeshaakcadeautjes.nl\/de\/produkt\/umkehrnadel-fur-schnuller-littlejo-special-kopie\/"]}]},{"@type":"ImageObject","inLanguage":"de","@id":"https:\/\/www.jootjeshaakcadeautjes.nl\/de\/produkt\/umkehrnadel-fur-schnuller-littlejo-special-kopie\/#primaryimage","url":"https:\/\/d1dyryakdmle7o.cloudfront.net\/wp-content\/uploads\/2022\/10\/Categorieen-Copy-13-kopie-NaN-kopie-NaN-kopie-NaN-kopie-NaN-kopie-NaN-kopie-1.jpg","contentUrl":"https:\/\/d1dyryakdmle7o.cloudfront.net\/wp-content\/uploads\/2022\/10\/Categorieen-Copy-13-kopie-NaN-kopie-NaN-kopie-NaN-kopie-NaN-kopie-NaN-kopie-1.jpg","width":1080,"height":1080,"caption":"Umkehrnadel speziell f\u00fcr Schnullerschn\u00fcre LittleJo Schnullerschnur selber machen"},{"@type":"BreadcrumbList","@id":"https:\/\/www.jootjeshaakcadeautjes.nl\/de\/produkt\/umkehrnadel-fur-schnuller-littlejo-special-kopie\/#breadcrumb","itemListElement":[{"@type":"ListItem","position":1,"name":"Startseite","item":"https:\/\/www.jootjeshaakcadeautjes.nl\/de\/"},{"@type":"ListItem","position":2,"name":"Gro\u00dfhandel mit Silikonperlen &#8211; Business und Consumer","item":"https:\/\/www.jootjeshaakcadeautjes.nl\/de\/shop\/"},{"@type":"ListItem","position":3,"name":"Umkehrnadel f\u00fcr Schl\u00fcsselanh\u00e4nger &#8211; LittleJo Special! &#8211; 18 cm"}]},{"@type":"WebSite","@id":"https:\/\/www.jootjeshaakcadeautjes.nl\/de\/#website","url":"https:\/\/www.jootjeshaakcadeautjes.nl\/de\/","name":"Jootjes Haakcadeautjes","description":"Silikonperlen Gro\u00dfhandel ","publisher":{"@id":"https:\/\/www.jootjeshaakcadeautjes.nl\/de\/#organization"},"potentialAction":[{"@type":"SearchAction","target":{"@type":"EntryPoint","urlTemplate":"https:\/\/www.jootjeshaakcadeautjes.nl\/de\/?s={search_term_string}"},"query-input":{"@type":"PropertyValueSpecification","valueRequired":true,"valueName":"search_term_string"}}],"inLanguage":"de"},{"@type":"Organization","@id":"https:\/\/www.jootjeshaakcadeautjes.nl\/de\/#organization","name":"Jootjes Haakcadeautjes","url":"https:\/\/www.jootjeshaakcadeautjes.nl\/de\/","logo":{"@type":"ImageObject","inLanguage":"de","@id":"https:\/\/www.jootjeshaakcadeautjes.nl\/de\/#\/schema\/logo\/image\/","url":"https:\/\/jootjes-haakcadeautjes-media.s3.amazonaws.com\/wp-content\/uploads\/2023\/05\/Logo-rond.png","contentUrl":"https:\/\/jootjes-haakcadeautjes-media.s3.amazonaws.com\/wp-content\/uploads\/2023\/05\/Logo-rond.png","width":1222,"height":1222,"caption":"Jootjes Haakcadeautjes"},"image":{"@id":"https:\/\/www.jootjeshaakcadeautjes.nl\/de\/#\/schema\/logo\/image\/"}}]},"product_price_amount":"2.50","product_price_currency":"EUR","og_availability":"instock","product_availability":"instock","product_retailer_item_id":"LJO-OMK-SLH","product_condition":"new"},"_links":{"self":[{"href":"https:\/\/www.jootjeshaakcadeautjes.nl\/de\/wp-json\/wp\/v2\/product\/251336","targetHints":{"allow":["GET"]}}],"collection":[{"href":"https:\/\/www.jootjeshaakcadeautjes.nl\/de\/wp-json\/wp\/v2\/product"}],"about":[{"href":"https:\/\/www.jootjeshaakcadeautjes.nl\/de\/wp-json\/wp\/v2\/types\/product"}],"version-history":[{"count":1,"href":"https:\/\/www.jootjeshaakcadeautjes.nl\/de\/wp-json\/wp\/v2\/product\/251336\/revisions"}],"predecessor-version":[{"id":279577,"href":"https:\/\/www.jootjeshaakcadeautjes.nl\/de\/wp-json\/wp\/v2\/product\/251336\/revisions\/279577"}],"wp:featuredmedia":[{"embeddable":true,"href":"https:\/\/www.jootjeshaakcadeautjes.nl\/de\/wp-json\/wp\/v2\/media\/82097"}],"wp:attachment":[{"href":"https:\/\/www.jootjeshaakcadeautjes.nl\/de\/wp-json\/wp\/v2\/media?parent=251336"}],"wp:term":[{"taxonomy":"product_brand","embeddable":true,"href":"https:\/\/www.jootjeshaakcadeautjes.nl\/de\/wp-json\/wp\/v2\/product_brand?post=251336"},{"taxonomy":"product_cat","embeddable":true,"href":"https:\/\/www.jootjeshaakcadeautjes.nl\/de\/wp-json\/wp\/v2\/product_cat?post=251336"},{"taxonomy":"product_tag","embeddable":true,"href":"https:\/\/www.jootjeshaakcadeautjes.nl\/de\/wp-json\/wp\/v2\/product_tag?post=251336"}],"curies":[{"name":"wp","href":"https:\/\/api.w.org\/{rel}","templated":true}]}}