{"id":252122,"date":"2025-10-06T12:40:30","date_gmt":"2025-10-06T10:40:30","guid":{"rendered":"https:\/\/www.jootjeshaakcadeautjes.nl\/?post_type=product&#038;p=252122"},"modified":"2026-04-20T11:20:40","modified_gmt":"2026-04-20T09:20:40","slug":"silikonperlen-sechseck-14-mm-metallic-mauve-kopie-2","status":"publish","type":"product","link":"https:\/\/www.jootjeshaakcadeautjes.nl\/de\/produkt\/silikonperlen-sechseck-14-mm-metallic-mauve-kopie-2\/","title":{"rendered":"Silikonperlen &#8211; Sechseck &#8211; 14 mm &#8211; Hellgr\u00fcn"},"content":{"rendered":"<h1>Silikonperlen &#8211; Sechseck \/ Geometrisch &#8211; Hellgr\u00fcn &#8211; 14 mm<\/h1>\n<h3>Spezifikationen:<\/h3>\n<ul>\n<li>Auch bekannt als: Geometrische oder facettierte Perlen.<\/li>\n<li>Gr\u00f6\u00dfe: 14 mm<\/li>\n<\/ul>\n<p>Alle unsere Silikonkugeln sind 100% BPA-, blei-, toxin-, phthalat- und PVC-frei. Unsere Silikonkugeln sind daher von medizinischer Qualit\u00e4t und f\u00fcr die Verwendung in Kinderzahnspielzeug geeignet.  Die sechseckigen Perlen eignen sich unter anderem f\u00fcr Bei\u00dfringe, Schnullerketten, Stillketten, Taschenanh\u00e4nger oder Babygymnastikger\u00e4te.<\/p>\n<p>Den Rest unseres Silikonperlen-Sortiments finden Sie hier: <a href=\"https:\/\/www.jootjeshaakcadeautjes.nl\/de\/product-categorie\/herstellung-von-baby-beisspielzeug-materialien-fur-schnuller-und-beisringe\/silikonperlen-bpa-frei-grosshandel\/\">Silikonperlen<\/a>.<br \/>\nDie Holzperlen finden Sie hier: <a href=\"\/?product_cat=houten-kralen-kralen\">Holzperlen<\/a>.<\/p>\n<h3>Qualit\u00e4t und Sicherheit unserer Silikonperlen<\/h3>\n<p>Alle unsere Silikonperlen sind:<\/p>\n<ul>\n<li>BPA-frei<\/li>\n<li>Phthalat- und toxinfrei<\/li>\n<li>PVC-frei<\/li>\n<li>Bleifrei<\/li>\n<li>Geeignet f\u00fcr CE-zertifizierte Endprodukte<\/li>\n<li>Silikonperlen in medizinischer Qualit\u00e4t<\/li>\n<\/ul>\n<h4>Reparieren:<\/h4>\n<p>Die Silikonperlen lassen sich leicht auf eine Wachskordel oder Satinkordel auff\u00e4deln. Knoten Sie den sechseckigen Silikonperlen-Bei\u00dfring enorm gut und mehrmals. <\/p>\n<h4>Reinigung:<\/h4>\n<p>Diese sechseckigen Silikonperlen in der Farbe Metallic Mauve sind daher sowohl f\u00fcr Babys als auch f\u00fcr \u00e4ltere Kinder geeignet, die gerne in etwas hineinbei\u00dfen. Die Perlen sind f\u00fcr CE-zertifizierte Fertigprodukte geeignet und robust. Sie nutzen sich daher kaum ab. Dar\u00fcber hinaus sind die Perlen leicht zu reinigen. Diese Silikonperlen k\u00f6nnen einfach in die Sp\u00fclmaschine oder in Seifenwasser gelegt werden. Lassen Sie sie danach gut trocknen, bevor Sie sie wieder an Ihr Kind weitergeben. Die Silikonperlen k\u00f6nnen auch gek\u00fchlt werden. Das macht sie zu einer sehr angenehmen Schmerzlinderung beim Zahnen.      <\/p>\n<p><em>Befestigen Sie die Silikonperlen immer ordnungsgem\u00e4\u00df und \u00fcberpr\u00fcfen Sie Ihre Kreationen regelm\u00e4\u00dfig, z. B. auf Abnutzung und Verschlei\u00df. Hierf\u00fcr sind Sie selbst verantwortlich. Jootjes Haakcadeautjes kontrolliert Ihr fertiges Produkt nicht und kann daher keine Sch\u00e4den oder Lockerungen aufgrund von Abnutzung \u00fcbernehmen. Wir raten dazu, handgefertigtes Bei\u00dfspielzeug nur unter Aufsicht von Erwachsenen zu verwenden, um gef\u00e4hrliche Situationen zu vermeiden.   <\/em><\/p>\n<h3>Womit lassen sich diese Perlen gut kombinieren?<\/h3>\n<p>Alle unsere Perlen lassen sich gut miteinander kombinieren. Wir f\u00fchren so viele Perlenarten in den gleichen Farben wie m\u00f6glich.  Dies ist jedoch nicht immer m\u00f6glich. Dabei macht es auch Spa\u00df, Farben und Formen zu kombinieren. Dies hat eine stimulierende Wirkung auf die Entwicklung des Kindes. Je mutiger, desto besser.<\/p>\n<p>&nbsp;<\/p>\n<p>&nbsp;<\/p>\n<p>&nbsp;<\/p>\n","protected":false},"excerpt":{"rendered":"<p>Farbcode Hellgr\u00fcn<\/p>\n<p>&#8211; Typ: Silikonperlen sechseckig \/ geometrisch<br \/>\n&#8211; Gr\u00f6\u00dfe: 14 mm<br \/>\n&#8211; BPA-, Phthalate-, Blei-, PVC- und giftfrei<br \/>\n&#8211; Geeignet f\u00fcr CE-zertifiziertes Endprodukt<br \/>\n&#8211; Silikonperlen in medizinischer Qualit\u00e4t<\/p>\n","protected":false},"featured_media":99563,"template":"","meta":[],"product_brand":[],"product_cat":[7380,7184,6991,7388],"product_tag":[7459,7537,7385,7419,7410,7416,15142,7950,7442,7451,7397,7199,7434,7211,7945,15184],"class_list":{"0":"post-252122","1":"product","2":"type-product","3":"status-publish","4":"has-post-thumbnail","6":"product_cat-herstellung-von-baby-beisspielzeug-materialien-fur-schnuller-und-beisringe","7":"product_cat-neue-produkte","8":"product_cat-silikonperlen-bpa-frei-grosshandel","9":"product_cat-silikonperlen-sechseck-14-mm","10":"product_tag-14-de","11":"product_tag-14-mm-de","12":"product_tag-beisring","13":"product_tag-bpa-de","14":"product_tag-geometrisch-de","15":"product_tag-gummischnur","16":"product_tag-hellgrun-de","17":"product_tag-jaszipper-de","18":"product_tag-kinderwagenkette","19":"product_tag-kostenlos","20":"product_tag-mm-de","21":"product_tag-perlen","22":"product_tag-sechseck","23":"product_tag-silikon","24":"product_tag-taschenaufhanger-de","25":"product_tag-telefon-anhanger-de","27":"first","28":"outofstock","29":"taxable","30":"shipping-taxable","31":"purchasable","32":"product-type-simple"},"bundled_by":[],"bundle_stock_status":"outofstock","bundle_stock_quantity":0,"bundle_virtual":false,"bundle_layout":"","bundle_add_to_cart_form_location":"","bundle_editable_in_cart":false,"bundle_sold_individually_context":"","bundle_item_grouping":"","bundle_min_size":"","bundle_max_size":"","bundle_price":[],"bundled_items":[],"bundle_sell_ids":[],"yoast_head":"<!-- This site is optimized with the Yoast SEO Premium plugin v27.4 (Yoast SEO v27.4) - https:\/\/yoast.com\/product\/yoast-seo-premium-wordpress\/ -->\n<title>Jootjes Haakcadeautjes<\/title>\n<meta name=\"description\" content=\"Silikonperlen sechseckig in der Farbe Speckled Old Lace 14 mm, 100% BPA-, blei-, gift-, phthalat- und PVC-frei und CE-gekennzeichnet.\" \/>\n<meta name=\"robots\" content=\"index, follow, max-snippet:-1, max-image-preview:large, max-video-preview:-1\" \/>\n<link rel=\"canonical\" href=\"https:\/\/www.jootjeshaakcadeautjes.nl\/de\/produkt\/silikonperlen-sechseck-14-mm-metallic-mauve-kopie-2\/\" \/>\n<meta property=\"og:locale\" content=\"de_DE\" \/>\n<meta property=\"og:type\" content=\"article\" \/>\n<meta property=\"og:title\" content=\"Silikonperlen - Sechseck - 14 mm - Hellgr\u00fcn\" \/>\n<meta property=\"og:description\" content=\"Silikonperlen sechseckig in der Farbe Speckled Old Lace 14 mm, 100% BPA-, blei-, gift-, phthalat- und PVC-frei und CE-gekennzeichnet.\" \/>\n<meta property=\"og:url\" content=\"https:\/\/www.jootjeshaakcadeautjes.nl\/de\/produkt\/silikonperlen-sechseck-14-mm-metallic-mauve-kopie-2\/\" \/>\n<meta property=\"og:site_name\" content=\"Jootjes Haakcadeautjes\" \/>\n<meta property=\"article:modified_time\" content=\"2026-04-20T09:20:40+00:00\" \/>\n<meta property=\"og:image\" content=\"https:\/\/d1dyryakdmle7o.cloudfront.net\/wp-content\/uploads\/2023\/08\/Foto-volgt-1.jpg\" \/>\n\t<meta property=\"og:image:width\" content=\"1080\" \/>\n\t<meta property=\"og:image:height\" content=\"1080\" \/>\n\t<meta property=\"og:image:type\" content=\"image\/jpeg\" \/>\n<meta name=\"twitter:card\" content=\"summary_large_image\" \/>\n<meta name=\"twitter:label1\" content=\"Preis\" \/>\n\t<meta name=\"twitter:data1\" content=\"&euro;0.35 inkl. MwSt.\" \/>\n\t<meta name=\"twitter:label2\" content=\"Verf\u00fcgbarkeit\" \/>\n\t<meta name=\"twitter:data2\" content=\"ausverkauft\" \/>\n<script type=\"application\/ld+json\" class=\"yoast-schema-graph\">{\"@context\":\"https:\\\/\\\/schema.org\",\"@graph\":[{\"@type\":\"WebPage\",\"@id\":\"https:\\\/\\\/www.jootjeshaakcadeautjes.nl\\\/de\\\/produkt\\\/silikonperlen-sechseck-14-mm-metallic-mauve-kopie-2\\\/\",\"url\":\"https:\\\/\\\/www.jootjeshaakcadeautjes.nl\\\/de\\\/produkt\\\/silikonperlen-sechseck-14-mm-metallic-mauve-kopie-2\\\/\",\"name\":\"\",\"isPartOf\":{\"@id\":\"https:\\\/\\\/www.jootjeshaakcadeautjes.nl\\\/de\\\/#website\"},\"primaryImageOfPage\":{\"@id\":\"https:\\\/\\\/www.jootjeshaakcadeautjes.nl\\\/de\\\/produkt\\\/silikonperlen-sechseck-14-mm-metallic-mauve-kopie-2\\\/#primaryimage\"},\"image\":{\"@id\":\"https:\\\/\\\/www.jootjeshaakcadeautjes.nl\\\/de\\\/produkt\\\/silikonperlen-sechseck-14-mm-metallic-mauve-kopie-2\\\/#primaryimage\"},\"thumbnailUrl\":\"https:\\\/\\\/d1dyryakdmle7o.cloudfront.net\\\/wp-content\\\/uploads\\\/2023\\\/08\\\/Foto-volgt-1.jpg\",\"datePublished\":\"2025-10-06T10:40:30+00:00\",\"dateModified\":\"2026-04-20T09:20:40+00:00\",\"description\":\"Silikonperlen sechseckig in der Farbe Speckled Old Lace 14 mm, 100% BPA-, blei-, gift-, phthalat- und PVC-frei und CE-gekennzeichnet.\",\"breadcrumb\":{\"@id\":\"https:\\\/\\\/www.jootjeshaakcadeautjes.nl\\\/de\\\/produkt\\\/silikonperlen-sechseck-14-mm-metallic-mauve-kopie-2\\\/#breadcrumb\"},\"inLanguage\":\"de\",\"potentialAction\":[{\"@type\":\"ReadAction\",\"target\":[\"https:\\\/\\\/www.jootjeshaakcadeautjes.nl\\\/de\\\/produkt\\\/silikonperlen-sechseck-14-mm-metallic-mauve-kopie-2\\\/\"]}]},{\"@type\":\"ImageObject\",\"inLanguage\":\"de\",\"@id\":\"https:\\\/\\\/www.jootjeshaakcadeautjes.nl\\\/de\\\/produkt\\\/silikonperlen-sechseck-14-mm-metallic-mauve-kopie-2\\\/#primaryimage\",\"url\":\"https:\\\/\\\/d1dyryakdmle7o.cloudfront.net\\\/wp-content\\\/uploads\\\/2023\\\/08\\\/Foto-volgt-1.jpg\",\"contentUrl\":\"https:\\\/\\\/d1dyryakdmle7o.cloudfront.net\\\/wp-content\\\/uploads\\\/2023\\\/08\\\/Foto-volgt-1.jpg\",\"width\":1080,\"height\":1080,\"caption\":\"folgt\"},{\"@type\":\"BreadcrumbList\",\"@id\":\"https:\\\/\\\/www.jootjeshaakcadeautjes.nl\\\/de\\\/produkt\\\/silikonperlen-sechseck-14-mm-metallic-mauve-kopie-2\\\/#breadcrumb\",\"itemListElement\":[{\"@type\":\"ListItem\",\"position\":1,\"name\":\"Startseite\",\"item\":\"https:\\\/\\\/www.jootjeshaakcadeautjes.nl\\\/de\\\/\"},{\"@type\":\"ListItem\",\"position\":2,\"name\":\"Gro\u00dfhandel mit Silikonperlen &#8211; Business und Consumer\",\"item\":\"https:\\\/\\\/www.jootjeshaakcadeautjes.nl\\\/de\\\/shop\\\/\"},{\"@type\":\"ListItem\",\"position\":3,\"name\":\"Silikonperlen &#8211; Sechseck &#8211; 14 mm &#8211; Hellgr\u00fcn\"}]},{\"@type\":\"WebSite\",\"@id\":\"https:\\\/\\\/www.jootjeshaakcadeautjes.nl\\\/de\\\/#website\",\"url\":\"https:\\\/\\\/www.jootjeshaakcadeautjes.nl\\\/de\\\/\",\"name\":\"Jootjes Haakcadeautjes\",\"description\":\"Silikonperlen Gro\u00dfhandel \",\"publisher\":{\"@id\":\"https:\\\/\\\/www.jootjeshaakcadeautjes.nl\\\/de\\\/#organization\"},\"potentialAction\":[{\"@type\":\"SearchAction\",\"target\":{\"@type\":\"EntryPoint\",\"urlTemplate\":\"https:\\\/\\\/www.jootjeshaakcadeautjes.nl\\\/de\\\/?s={search_term_string}\"},\"query-input\":{\"@type\":\"PropertyValueSpecification\",\"valueRequired\":true,\"valueName\":\"search_term_string\"}}],\"inLanguage\":\"de\"},{\"@type\":\"Organization\",\"@id\":\"https:\\\/\\\/www.jootjeshaakcadeautjes.nl\\\/de\\\/#organization\",\"name\":\"Jootjes Haakcadeautjes\",\"url\":\"https:\\\/\\\/www.jootjeshaakcadeautjes.nl\\\/de\\\/\",\"logo\":{\"@type\":\"ImageObject\",\"inLanguage\":\"de\",\"@id\":\"https:\\\/\\\/www.jootjeshaakcadeautjes.nl\\\/de\\\/#\\\/schema\\\/logo\\\/image\\\/\",\"url\":\"https:\\\/\\\/jootjes-haakcadeautjes-media.s3.amazonaws.com\\\/wp-content\\\/uploads\\\/2023\\\/05\\\/Logo-rond.png\",\"contentUrl\":\"https:\\\/\\\/jootjes-haakcadeautjes-media.s3.amazonaws.com\\\/wp-content\\\/uploads\\\/2023\\\/05\\\/Logo-rond.png\",\"width\":1222,\"height\":1222,\"caption\":\"Jootjes Haakcadeautjes\"},\"image\":{\"@id\":\"https:\\\/\\\/www.jootjeshaakcadeautjes.nl\\\/de\\\/#\\\/schema\\\/logo\\\/image\\\/\"}}]}<\/script>\n<meta property=\"product:price:amount\" content=\"0.35\" \/>\n<meta property=\"product:price:currency\" content=\"EUR\" \/>\n<meta property=\"og:availability\" content=\"out of stock\" \/>\n<meta property=\"product:availability\" content=\"out of stock\" \/>\n<meta property=\"product:retailer_item_id\" content=\"SKR-H14-LIG\" \/>\n<meta property=\"product:condition\" content=\"new\" \/>\n<!-- \/ Yoast SEO Premium plugin. -->","yoast_head_json":{"title":"Jootjes Haakcadeautjes","description":"Silikonperlen sechseckig in der Farbe Speckled Old Lace 14 mm, 100% BPA-, blei-, gift-, phthalat- und PVC-frei und CE-gekennzeichnet.","robots":{"index":"index","follow":"follow","max-snippet":"max-snippet:-1","max-image-preview":"max-image-preview:large","max-video-preview":"max-video-preview:-1"},"canonical":"https:\/\/www.jootjeshaakcadeautjes.nl\/de\/produkt\/silikonperlen-sechseck-14-mm-metallic-mauve-kopie-2\/","og_locale":"de_DE","og_type":"article","og_title":"Silikonperlen - Sechseck - 14 mm - Hellgr\u00fcn","og_description":"Silikonperlen sechseckig in der Farbe Speckled Old Lace 14 mm, 100% BPA-, blei-, gift-, phthalat- und PVC-frei und CE-gekennzeichnet.","og_url":"https:\/\/www.jootjeshaakcadeautjes.nl\/de\/produkt\/silikonperlen-sechseck-14-mm-metallic-mauve-kopie-2\/","og_site_name":"Jootjes Haakcadeautjes","article_modified_time":"2026-04-20T09:20:40+00:00","og_image":[{"width":1080,"height":1080,"url":"https:\/\/d1dyryakdmle7o.cloudfront.net\/wp-content\/uploads\/2023\/08\/Foto-volgt-1.jpg","type":"image\/jpeg"}],"twitter_card":"summary_large_image","twitter_misc":{"Preis":"&euro;0.35 inkl. MwSt.","Verf\u00fcgbarkeit":"ausverkauft"},"schema":{"@context":"https:\/\/schema.org","@graph":[{"@type":"WebPage","@id":"https:\/\/www.jootjeshaakcadeautjes.nl\/de\/produkt\/silikonperlen-sechseck-14-mm-metallic-mauve-kopie-2\/","url":"https:\/\/www.jootjeshaakcadeautjes.nl\/de\/produkt\/silikonperlen-sechseck-14-mm-metallic-mauve-kopie-2\/","name":"","isPartOf":{"@id":"https:\/\/www.jootjeshaakcadeautjes.nl\/de\/#website"},"primaryImageOfPage":{"@id":"https:\/\/www.jootjeshaakcadeautjes.nl\/de\/produkt\/silikonperlen-sechseck-14-mm-metallic-mauve-kopie-2\/#primaryimage"},"image":{"@id":"https:\/\/www.jootjeshaakcadeautjes.nl\/de\/produkt\/silikonperlen-sechseck-14-mm-metallic-mauve-kopie-2\/#primaryimage"},"thumbnailUrl":"https:\/\/d1dyryakdmle7o.cloudfront.net\/wp-content\/uploads\/2023\/08\/Foto-volgt-1.jpg","datePublished":"2025-10-06T10:40:30+00:00","dateModified":"2026-04-20T09:20:40+00:00","description":"Silikonperlen sechseckig in der Farbe Speckled Old Lace 14 mm, 100% BPA-, blei-, gift-, phthalat- und PVC-frei und CE-gekennzeichnet.","breadcrumb":{"@id":"https:\/\/www.jootjeshaakcadeautjes.nl\/de\/produkt\/silikonperlen-sechseck-14-mm-metallic-mauve-kopie-2\/#breadcrumb"},"inLanguage":"de","potentialAction":[{"@type":"ReadAction","target":["https:\/\/www.jootjeshaakcadeautjes.nl\/de\/produkt\/silikonperlen-sechseck-14-mm-metallic-mauve-kopie-2\/"]}]},{"@type":"ImageObject","inLanguage":"de","@id":"https:\/\/www.jootjeshaakcadeautjes.nl\/de\/produkt\/silikonperlen-sechseck-14-mm-metallic-mauve-kopie-2\/#primaryimage","url":"https:\/\/d1dyryakdmle7o.cloudfront.net\/wp-content\/uploads\/2023\/08\/Foto-volgt-1.jpg","contentUrl":"https:\/\/d1dyryakdmle7o.cloudfront.net\/wp-content\/uploads\/2023\/08\/Foto-volgt-1.jpg","width":1080,"height":1080,"caption":"folgt"},{"@type":"BreadcrumbList","@id":"https:\/\/www.jootjeshaakcadeautjes.nl\/de\/produkt\/silikonperlen-sechseck-14-mm-metallic-mauve-kopie-2\/#breadcrumb","itemListElement":[{"@type":"ListItem","position":1,"name":"Startseite","item":"https:\/\/www.jootjeshaakcadeautjes.nl\/de\/"},{"@type":"ListItem","position":2,"name":"Gro\u00dfhandel mit Silikonperlen &#8211; Business und Consumer","item":"https:\/\/www.jootjeshaakcadeautjes.nl\/de\/shop\/"},{"@type":"ListItem","position":3,"name":"Silikonperlen &#8211; Sechseck &#8211; 14 mm &#8211; Hellgr\u00fcn"}]},{"@type":"WebSite","@id":"https:\/\/www.jootjeshaakcadeautjes.nl\/de\/#website","url":"https:\/\/www.jootjeshaakcadeautjes.nl\/de\/","name":"Jootjes Haakcadeautjes","description":"Silikonperlen Gro\u00dfhandel ","publisher":{"@id":"https:\/\/www.jootjeshaakcadeautjes.nl\/de\/#organization"},"potentialAction":[{"@type":"SearchAction","target":{"@type":"EntryPoint","urlTemplate":"https:\/\/www.jootjeshaakcadeautjes.nl\/de\/?s={search_term_string}"},"query-input":{"@type":"PropertyValueSpecification","valueRequired":true,"valueName":"search_term_string"}}],"inLanguage":"de"},{"@type":"Organization","@id":"https:\/\/www.jootjeshaakcadeautjes.nl\/de\/#organization","name":"Jootjes Haakcadeautjes","url":"https:\/\/www.jootjeshaakcadeautjes.nl\/de\/","logo":{"@type":"ImageObject","inLanguage":"de","@id":"https:\/\/www.jootjeshaakcadeautjes.nl\/de\/#\/schema\/logo\/image\/","url":"https:\/\/jootjes-haakcadeautjes-media.s3.amazonaws.com\/wp-content\/uploads\/2023\/05\/Logo-rond.png","contentUrl":"https:\/\/jootjes-haakcadeautjes-media.s3.amazonaws.com\/wp-content\/uploads\/2023\/05\/Logo-rond.png","width":1222,"height":1222,"caption":"Jootjes Haakcadeautjes"},"image":{"@id":"https:\/\/www.jootjeshaakcadeautjes.nl\/de\/#\/schema\/logo\/image\/"}}]},"product_price_amount":"0.35","product_price_currency":"EUR","og_availability":"out of stock","product_availability":"out of stock","product_retailer_item_id":"SKR-H14-LIG","product_condition":"new"},"_links":{"self":[{"href":"https:\/\/www.jootjeshaakcadeautjes.nl\/de\/wp-json\/wp\/v2\/product\/252122","targetHints":{"allow":["GET"]}}],"collection":[{"href":"https:\/\/www.jootjeshaakcadeautjes.nl\/de\/wp-json\/wp\/v2\/product"}],"about":[{"href":"https:\/\/www.jootjeshaakcadeautjes.nl\/de\/wp-json\/wp\/v2\/types\/product"}],"version-history":[{"count":1,"href":"https:\/\/www.jootjeshaakcadeautjes.nl\/de\/wp-json\/wp\/v2\/product\/252122\/revisions"}],"predecessor-version":[{"id":279508,"href":"https:\/\/www.jootjeshaakcadeautjes.nl\/de\/wp-json\/wp\/v2\/product\/252122\/revisions\/279508"}],"wp:featuredmedia":[{"embeddable":true,"href":"https:\/\/www.jootjeshaakcadeautjes.nl\/de\/wp-json\/wp\/v2\/media\/99563"}],"wp:attachment":[{"href":"https:\/\/www.jootjeshaakcadeautjes.nl\/de\/wp-json\/wp\/v2\/media?parent=252122"}],"wp:term":[{"taxonomy":"product_brand","embeddable":true,"href":"https:\/\/www.jootjeshaakcadeautjes.nl\/de\/wp-json\/wp\/v2\/product_brand?post=252122"},{"taxonomy":"product_cat","embeddable":true,"href":"https:\/\/www.jootjeshaakcadeautjes.nl\/de\/wp-json\/wp\/v2\/product_cat?post=252122"},{"taxonomy":"product_tag","embeddable":true,"href":"https:\/\/www.jootjeshaakcadeautjes.nl\/de\/wp-json\/wp\/v2\/product_tag?post=252122"}],"curies":[{"name":"wp","href":"https:\/\/api.w.org\/{rel}","templated":true}]}}