{"id":252127,"date":"2025-10-06T12:49:35","date_gmt":"2025-10-06T10:49:35","guid":{"rendered":"https:\/\/www.jootjeshaakcadeautjes.nl\/?post_type=product&#038;p=252127"},"modified":"2026-04-20T11:20:40","modified_gmt":"2026-04-20T09:20:40","slug":"silikonperlen-sechseck-17-mm-aqua-blau-kopie","status":"publish","type":"product","link":"https:\/\/www.jootjeshaakcadeautjes.nl\/de\/produkt\/silikonperlen-sechseck-17-mm-aqua-blau-kopie\/","title":{"rendered":"Silikonperlen &#8211; Sechseck &#8211; 17 mm &#8211; Hellgr\u00fcn"},"content":{"rendered":"<h1>Silikonperlen &#8211; Sechseck &#8211; Hellgr\u00fcn &#8211; 17 mm<\/h1>\n<h3>Spezifikationen:<\/h3>\n<ul>\n<li>Gr\u00f6\u00dfe: 17 mm<\/li>\n<li>Form: Sechseck<\/li>\n<li>Farbe: Hellgr\u00fcn<\/li>\n<\/ul>\n<h2>17-mm-Silikon-Sechskantperlen &#8211; sicher und langlebig<\/h2>\n<p><em>Sichere und langlebige Silikonperlen f\u00fcr verschiedene Anwendungen<\/em><\/p>\n<p>Unsere 17-mm-Silikon-Sechskantperlen sind die ideale Wahl f\u00fcr Babys und \u00e4ltere Kinder, die das Bed\u00fcrfnis haben, auf etwas zu kauen. Diese weichen und dennoch robusten Perlen sind f\u00fcr CE-zertifizierte Fertigprodukte geeignet. Die einzigartige sechseckige Form der Perlen sorgt daf\u00fcr, dass das Zahnfleisch gut massiert wird. Durch die eckige Form kann die Perle leicht zwischen die Z\u00e4hne und Backenz\u00e4hne gelangen, was sie ideal zur Schmerzlinderung beim Zahnen macht.   <\/p>\n<p>Diese sechseckigen 17-mm-Silikonperlen lassen sich perfekt mit dem Rest unseres Sortiments an <a href=\"\/?product_cat=siliconen-kralen-bpa-vrij-groothandel\">Silikonperlen<\/a> und <a href=\"https:\/\/www.jootjeshaakcadeautjes.nl\/de\/product-categorie\/herstellung-von-baby-beisspielzeug-materialien-fur-schnuller-und-beisringe\/holzperlen-schnullerband-und-beisring-alle-holzperlen\/\">Holzperlen<\/a> kombinieren.<\/p>\n<p>Unser Angebot an Silikonperlen finden Sie hier: <a href=\"\/?product_cat=siliconen-kralen-bpa-vrij-groothandel\">Silikonperlen<\/a><br \/>\nUnser Angebot an Holzperlen finden Sie hier: <a href=\"https:\/\/www.jootjeshaakcadeautjes.nl\/de\/product-categorie\/herstellung-von-baby-beisspielzeug-materialien-fur-schnuller-und-beisringe\/holzperlen-schnullerband-und-beisring-alle-holzperlen\/\">Holzperlen<\/a><br \/>\nUnser Angebot an gravierten Holzperlen finden Sie hier: <a href=\"https:\/\/www.jootjeshaakcadeautjes.nl\/de\/product-categorie\/lasergravieren-alle-produkte\/gravierte-holzperlen-fur-schnullerschnur-und-beisring\/\">Gravierte Holzperlen<\/a><\/p>\n<h3>Leicht zu reinigen und zu k\u00fchlen<\/h3>\n<p>Unsere Silikonkugeln sind leicht zu pflegen. Sie k\u00f6nnen zur gr\u00fcndlichen Reinigung in die Sp\u00fclmaschine (in der obersten Schublade) gegeben werden, was aber nur bei starker Verschmutzung notwendig ist. F\u00fcr den t\u00e4glichen Gebrauch reicht eine milde Seifenlauge aus. Achten Sie darauf, dass die Perlen vollst\u00e4ndig trocken sind, bevor Sie sie Ihrem Kind geben. Au\u00dferdem k\u00f6nnen Sie die Silikonkugeln im K\u00fchlschrank aufbewahren, was das Zahnen erleichtert.    <\/p>\n<h3>Sicherheit geht vor<\/h3>\n<p>Sicherheit ist unsere Priorit\u00e4t. Vergewissern Sie sich immer, dass die Silikonperlen sicher befestigt sind, und \u00fcberpr\u00fcfen Sie Ihre Kreationen regelm\u00e4\u00dfig auf Abnutzung und Verschlei\u00df. Bitte denken Sie daran, dass Sie f\u00fcr die von Ihnen hergestellten Produkte verantwortlich sind. Jootjes Haakcadeautjes kann keine Verantwortung f\u00fcr Sch\u00e4den oder Lockerungen aufgrund von Abnutzung und Verschlei\u00df \u00fcbernehmen. Wir empfehlen daher, handgefertigtes Bei\u00dfspielzeug nur unter Aufsicht von Erwachsenen zu verwenden, um die Risiken zu minimieren.    <\/p>\n<h3>Entdecken Sie die Vielseitigkeit und Sicherheit unserer sechseckigen Silikonperlen<\/h3>\n<p>Entdecken Sie jetzt die unbegrenzten M\u00f6glichkeiten unserer sechseckigen Silikonperlen und kreieren Sie mit Sicherheit die sch\u00f6nsten und haltbarsten handgefertigten St\u00fccke. Sicherheit, Langlebigkeit und Vielseitigkeit vereinen sich in unseren hochwertigen Perlen, die sich f\u00fcr eine Vielzahl von Anwendungen eignen. Ob Sie nun Bei\u00dfringe, Kinderwagenschnuller, Schnullerkabel oder (sensorische) Schl\u00fcsselanh\u00e4nger herstellen, diese Perlen sind ein Muss f\u00fcr Ihre Sammlung.  <\/p>\n<h3>Qualit\u00e4t und Sicherheit unserer Silikonperlen<\/h3>\n<p>Alle unsere Silikon- und Holzperlen sind:<\/p>\n<ul>\n<li>BPA-frei<\/li>\n<li>Phthalat- und toxinfrei<\/li>\n<li>PVC-frei<\/li>\n<li>Bleifrei<\/li>\n<li>Chemisch geeignet f\u00fcr CE-zertifiziertes Endprodukt<\/li>\n<li>Silikonperlen in medizinischer Qualit\u00e4t<\/li>\n<\/ul>\n<p>&nbsp;<\/p>\n<p>&nbsp;<\/p>\n","protected":false},"excerpt":{"rendered":"<p>Farbe: Hellgr\u00fcn<\/p>\n<p>&#8211; Typ: Silikonperlen, Sechseck<br \/>\n&#8211; Gr\u00f6\u00dfe: 17 mm<br \/>\n&#8211; Verkauft pro St\u00fcck<br \/>\n&#8211; BPA-, Phthalate-, Blei-, PVC- und Toxinfrei<br \/>\n&#8211; Geeignet f\u00fcr CE-zertifiziertes Endprodukt<br \/>\n&#8211; Silikonperlen in medizinischer Qualit\u00e4t<br \/>\n&#8211; Cool zum Zahnen<br \/>\n&#8211; Sp\u00fclmaschinenfest<br \/>\n&#8211; Leicht zu reinigen mit Mundwasser oder milder Seifenlauge<\/p>\n","protected":false},"featured_media":99563,"template":"","meta":[],"product_brand":[],"product_cat":[7380,6991,7888],"product_tag":[7902,7894,7385,7410,7416,7890,15142,7199,7434,7211],"class_list":{"0":"post-252127","1":"product","2":"type-product","3":"status-publish","4":"has-post-thumbnail","6":"product_cat-herstellung-von-baby-beisspielzeug-materialien-fur-schnuller-und-beisringe","7":"product_cat-silikonperlen-bpa-frei-grosshandel","8":"product_cat-silikonperlen-sechseck-17-mm","9":"product_tag-17-de","10":"product_tag-17-mm-de","11":"product_tag-beisring","12":"product_tag-geometrisch-de","13":"product_tag-gummischnur","14":"product_tag-gummischnur-de","15":"product_tag-hellgrun-de","16":"product_tag-perlen","17":"product_tag-sechseck","18":"product_tag-silikon","20":"first","21":"instock","22":"taxable","23":"shipping-taxable","24":"purchasable","25":"product-type-simple"},"bundled_by":[],"bundle_stock_status":"instock","bundle_stock_quantity":50,"bundle_virtual":false,"bundle_layout":"","bundle_add_to_cart_form_location":"","bundle_editable_in_cart":false,"bundle_sold_individually_context":"","bundle_item_grouping":"","bundle_min_size":"","bundle_max_size":"","bundle_price":[],"bundled_items":[],"bundle_sell_ids":[],"yoast_head":"<!-- This site is optimized with the Yoast SEO Premium plugin v27.4 (Yoast SEO v27.4) - https:\/\/yoast.com\/product\/yoast-seo-premium-wordpress\/ -->\n<title>Silikonperlen 17 mm Sechseck Hellgr\u00fcn Jootjes<\/title>\n<meta name=\"description\" content=\"Die sechseckigen Silikonperlen in der Farbe Schwarz mit einem Durchmesser von 17 mm sind 100% BPA-, blei-, toxin-, phthalat- und PVC-frei und mit dem CE-Zeichen versehen.\" \/>\n<meta name=\"robots\" content=\"index, follow, max-snippet:-1, max-image-preview:large, max-video-preview:-1\" \/>\n<link rel=\"canonical\" href=\"https:\/\/www.jootjeshaakcadeautjes.nl\/de\/produkt\/silikonperlen-sechseck-17-mm-aqua-blau-kopie\/\" \/>\n<meta property=\"og:locale\" content=\"de_DE\" \/>\n<meta property=\"og:type\" content=\"article\" \/>\n<meta property=\"og:title\" content=\"Silikonperlen - Sechseck - 17 mm - Hellgr\u00fcn\" \/>\n<meta property=\"og:description\" content=\"Die sechseckigen Silikonperlen in der Farbe Schwarz mit einem Durchmesser von 17 mm sind 100% BPA-, blei-, toxin-, phthalat- und PVC-frei und mit dem CE-Zeichen versehen.\" \/>\n<meta property=\"og:url\" content=\"https:\/\/www.jootjeshaakcadeautjes.nl\/de\/produkt\/silikonperlen-sechseck-17-mm-aqua-blau-kopie\/\" \/>\n<meta property=\"og:site_name\" content=\"Jootjes Haakcadeautjes\" \/>\n<meta property=\"article:modified_time\" content=\"2026-04-20T09:20:40+00:00\" \/>\n<meta property=\"og:image\" content=\"https:\/\/d1dyryakdmle7o.cloudfront.net\/wp-content\/uploads\/2023\/08\/Foto-volgt-1.jpg\" \/>\n\t<meta property=\"og:image:width\" content=\"1080\" \/>\n\t<meta property=\"og:image:height\" content=\"1080\" \/>\n\t<meta property=\"og:image:type\" content=\"image\/jpeg\" \/>\n<meta name=\"twitter:card\" content=\"summary_large_image\" \/>\n<meta name=\"twitter:label1\" content=\"Preis\" \/>\n\t<meta name=\"twitter:data1\" content=\"&euro;0.45 inkl. MwSt.\" \/>\n\t<meta name=\"twitter:label2\" content=\"Verf\u00fcgbarkeit\" \/>\n\t<meta name=\"twitter:data2\" content=\"Auf Lager\" \/>\n<script type=\"application\/ld+json\" class=\"yoast-schema-graph\">{\"@context\":\"https:\\\/\\\/schema.org\",\"@graph\":[{\"@type\":\"WebPage\",\"@id\":\"https:\\\/\\\/www.jootjeshaakcadeautjes.nl\\\/de\\\/produkt\\\/silikonperlen-sechseck-17-mm-aqua-blau-kopie\\\/\",\"url\":\"https:\\\/\\\/www.jootjeshaakcadeautjes.nl\\\/de\\\/produkt\\\/silikonperlen-sechseck-17-mm-aqua-blau-kopie\\\/\",\"name\":\"Silikonperlen 17 mm Sechseck Hellgr\u00fcn Jootjes\",\"isPartOf\":{\"@id\":\"https:\\\/\\\/www.jootjeshaakcadeautjes.nl\\\/de\\\/#website\"},\"primaryImageOfPage\":{\"@id\":\"https:\\\/\\\/www.jootjeshaakcadeautjes.nl\\\/de\\\/produkt\\\/silikonperlen-sechseck-17-mm-aqua-blau-kopie\\\/#primaryimage\"},\"image\":{\"@id\":\"https:\\\/\\\/www.jootjeshaakcadeautjes.nl\\\/de\\\/produkt\\\/silikonperlen-sechseck-17-mm-aqua-blau-kopie\\\/#primaryimage\"},\"thumbnailUrl\":\"https:\\\/\\\/d1dyryakdmle7o.cloudfront.net\\\/wp-content\\\/uploads\\\/2023\\\/08\\\/Foto-volgt-1.jpg\",\"datePublished\":\"2025-10-06T10:49:35+00:00\",\"dateModified\":\"2026-04-20T09:20:40+00:00\",\"description\":\"Die sechseckigen Silikonperlen in der Farbe Schwarz mit einem Durchmesser von 17 mm sind 100% BPA-, blei-, toxin-, phthalat- und PVC-frei und mit dem CE-Zeichen versehen.\",\"breadcrumb\":{\"@id\":\"https:\\\/\\\/www.jootjeshaakcadeautjes.nl\\\/de\\\/produkt\\\/silikonperlen-sechseck-17-mm-aqua-blau-kopie\\\/#breadcrumb\"},\"inLanguage\":\"de\",\"potentialAction\":[{\"@type\":\"ReadAction\",\"target\":[\"https:\\\/\\\/www.jootjeshaakcadeautjes.nl\\\/de\\\/produkt\\\/silikonperlen-sechseck-17-mm-aqua-blau-kopie\\\/\"]}]},{\"@type\":\"ImageObject\",\"inLanguage\":\"de\",\"@id\":\"https:\\\/\\\/www.jootjeshaakcadeautjes.nl\\\/de\\\/produkt\\\/silikonperlen-sechseck-17-mm-aqua-blau-kopie\\\/#primaryimage\",\"url\":\"https:\\\/\\\/d1dyryakdmle7o.cloudfront.net\\\/wp-content\\\/uploads\\\/2023\\\/08\\\/Foto-volgt-1.jpg\",\"contentUrl\":\"https:\\\/\\\/d1dyryakdmle7o.cloudfront.net\\\/wp-content\\\/uploads\\\/2023\\\/08\\\/Foto-volgt-1.jpg\",\"width\":1080,\"height\":1080,\"caption\":\"folgt\"},{\"@type\":\"BreadcrumbList\",\"@id\":\"https:\\\/\\\/www.jootjeshaakcadeautjes.nl\\\/de\\\/produkt\\\/silikonperlen-sechseck-17-mm-aqua-blau-kopie\\\/#breadcrumb\",\"itemListElement\":[{\"@type\":\"ListItem\",\"position\":1,\"name\":\"Startseite\",\"item\":\"https:\\\/\\\/www.jootjeshaakcadeautjes.nl\\\/de\\\/\"},{\"@type\":\"ListItem\",\"position\":2,\"name\":\"Gro\u00dfhandel mit Silikonperlen &#8211; Business und Consumer\",\"item\":\"https:\\\/\\\/www.jootjeshaakcadeautjes.nl\\\/de\\\/shop\\\/\"},{\"@type\":\"ListItem\",\"position\":3,\"name\":\"Silikonperlen &#8211; Sechseck &#8211; 17 mm &#8211; Hellgr\u00fcn\"}]},{\"@type\":\"WebSite\",\"@id\":\"https:\\\/\\\/www.jootjeshaakcadeautjes.nl\\\/de\\\/#website\",\"url\":\"https:\\\/\\\/www.jootjeshaakcadeautjes.nl\\\/de\\\/\",\"name\":\"Jootjes Haakcadeautjes\",\"description\":\"Silikonperlen Gro\u00dfhandel \",\"publisher\":{\"@id\":\"https:\\\/\\\/www.jootjeshaakcadeautjes.nl\\\/de\\\/#organization\"},\"potentialAction\":[{\"@type\":\"SearchAction\",\"target\":{\"@type\":\"EntryPoint\",\"urlTemplate\":\"https:\\\/\\\/www.jootjeshaakcadeautjes.nl\\\/de\\\/?s={search_term_string}\"},\"query-input\":{\"@type\":\"PropertyValueSpecification\",\"valueRequired\":true,\"valueName\":\"search_term_string\"}}],\"inLanguage\":\"de\"},{\"@type\":\"Organization\",\"@id\":\"https:\\\/\\\/www.jootjeshaakcadeautjes.nl\\\/de\\\/#organization\",\"name\":\"Jootjes Haakcadeautjes\",\"url\":\"https:\\\/\\\/www.jootjeshaakcadeautjes.nl\\\/de\\\/\",\"logo\":{\"@type\":\"ImageObject\",\"inLanguage\":\"de\",\"@id\":\"https:\\\/\\\/www.jootjeshaakcadeautjes.nl\\\/de\\\/#\\\/schema\\\/logo\\\/image\\\/\",\"url\":\"https:\\\/\\\/jootjes-haakcadeautjes-media.s3.amazonaws.com\\\/wp-content\\\/uploads\\\/2023\\\/05\\\/Logo-rond.png\",\"contentUrl\":\"https:\\\/\\\/jootjes-haakcadeautjes-media.s3.amazonaws.com\\\/wp-content\\\/uploads\\\/2023\\\/05\\\/Logo-rond.png\",\"width\":1222,\"height\":1222,\"caption\":\"Jootjes Haakcadeautjes\"},\"image\":{\"@id\":\"https:\\\/\\\/www.jootjeshaakcadeautjes.nl\\\/de\\\/#\\\/schema\\\/logo\\\/image\\\/\"}}]}<\/script>\n<meta property=\"product:price:amount\" content=\"0.45\" \/>\n<meta property=\"product:price:currency\" content=\"EUR\" \/>\n<meta property=\"og:availability\" content=\"instock\" \/>\n<meta property=\"product:availability\" content=\"instock\" \/>\n<meta property=\"product:retailer_item_id\" content=\"SKR-H17-LIG\" \/>\n<meta property=\"product:condition\" content=\"new\" \/>\n<!-- \/ Yoast SEO Premium plugin. -->","yoast_head_json":{"title":"Silikonperlen 17 mm Sechseck Hellgr\u00fcn Jootjes","description":"Die sechseckigen Silikonperlen in der Farbe Schwarz mit einem Durchmesser von 17 mm sind 100% BPA-, blei-, toxin-, phthalat- und PVC-frei und mit dem CE-Zeichen versehen.","robots":{"index":"index","follow":"follow","max-snippet":"max-snippet:-1","max-image-preview":"max-image-preview:large","max-video-preview":"max-video-preview:-1"},"canonical":"https:\/\/www.jootjeshaakcadeautjes.nl\/de\/produkt\/silikonperlen-sechseck-17-mm-aqua-blau-kopie\/","og_locale":"de_DE","og_type":"article","og_title":"Silikonperlen - Sechseck - 17 mm - Hellgr\u00fcn","og_description":"Die sechseckigen Silikonperlen in der Farbe Schwarz mit einem Durchmesser von 17 mm sind 100% BPA-, blei-, toxin-, phthalat- und PVC-frei und mit dem CE-Zeichen versehen.","og_url":"https:\/\/www.jootjeshaakcadeautjes.nl\/de\/produkt\/silikonperlen-sechseck-17-mm-aqua-blau-kopie\/","og_site_name":"Jootjes Haakcadeautjes","article_modified_time":"2026-04-20T09:20:40+00:00","og_image":[{"width":1080,"height":1080,"url":"https:\/\/d1dyryakdmle7o.cloudfront.net\/wp-content\/uploads\/2023\/08\/Foto-volgt-1.jpg","type":"image\/jpeg"}],"twitter_card":"summary_large_image","twitter_misc":{"Preis":"&euro;0.45 inkl. MwSt.","Verf\u00fcgbarkeit":"Auf Lager"},"schema":{"@context":"https:\/\/schema.org","@graph":[{"@type":"WebPage","@id":"https:\/\/www.jootjeshaakcadeautjes.nl\/de\/produkt\/silikonperlen-sechseck-17-mm-aqua-blau-kopie\/","url":"https:\/\/www.jootjeshaakcadeautjes.nl\/de\/produkt\/silikonperlen-sechseck-17-mm-aqua-blau-kopie\/","name":"Silikonperlen 17 mm Sechseck Hellgr\u00fcn Jootjes","isPartOf":{"@id":"https:\/\/www.jootjeshaakcadeautjes.nl\/de\/#website"},"primaryImageOfPage":{"@id":"https:\/\/www.jootjeshaakcadeautjes.nl\/de\/produkt\/silikonperlen-sechseck-17-mm-aqua-blau-kopie\/#primaryimage"},"image":{"@id":"https:\/\/www.jootjeshaakcadeautjes.nl\/de\/produkt\/silikonperlen-sechseck-17-mm-aqua-blau-kopie\/#primaryimage"},"thumbnailUrl":"https:\/\/d1dyryakdmle7o.cloudfront.net\/wp-content\/uploads\/2023\/08\/Foto-volgt-1.jpg","datePublished":"2025-10-06T10:49:35+00:00","dateModified":"2026-04-20T09:20:40+00:00","description":"Die sechseckigen Silikonperlen in der Farbe Schwarz mit einem Durchmesser von 17 mm sind 100% BPA-, blei-, toxin-, phthalat- und PVC-frei und mit dem CE-Zeichen versehen.","breadcrumb":{"@id":"https:\/\/www.jootjeshaakcadeautjes.nl\/de\/produkt\/silikonperlen-sechseck-17-mm-aqua-blau-kopie\/#breadcrumb"},"inLanguage":"de","potentialAction":[{"@type":"ReadAction","target":["https:\/\/www.jootjeshaakcadeautjes.nl\/de\/produkt\/silikonperlen-sechseck-17-mm-aqua-blau-kopie\/"]}]},{"@type":"ImageObject","inLanguage":"de","@id":"https:\/\/www.jootjeshaakcadeautjes.nl\/de\/produkt\/silikonperlen-sechseck-17-mm-aqua-blau-kopie\/#primaryimage","url":"https:\/\/d1dyryakdmle7o.cloudfront.net\/wp-content\/uploads\/2023\/08\/Foto-volgt-1.jpg","contentUrl":"https:\/\/d1dyryakdmle7o.cloudfront.net\/wp-content\/uploads\/2023\/08\/Foto-volgt-1.jpg","width":1080,"height":1080,"caption":"folgt"},{"@type":"BreadcrumbList","@id":"https:\/\/www.jootjeshaakcadeautjes.nl\/de\/produkt\/silikonperlen-sechseck-17-mm-aqua-blau-kopie\/#breadcrumb","itemListElement":[{"@type":"ListItem","position":1,"name":"Startseite","item":"https:\/\/www.jootjeshaakcadeautjes.nl\/de\/"},{"@type":"ListItem","position":2,"name":"Gro\u00dfhandel mit Silikonperlen &#8211; Business und Consumer","item":"https:\/\/www.jootjeshaakcadeautjes.nl\/de\/shop\/"},{"@type":"ListItem","position":3,"name":"Silikonperlen &#8211; Sechseck &#8211; 17 mm &#8211; Hellgr\u00fcn"}]},{"@type":"WebSite","@id":"https:\/\/www.jootjeshaakcadeautjes.nl\/de\/#website","url":"https:\/\/www.jootjeshaakcadeautjes.nl\/de\/","name":"Jootjes Haakcadeautjes","description":"Silikonperlen Gro\u00dfhandel ","publisher":{"@id":"https:\/\/www.jootjeshaakcadeautjes.nl\/de\/#organization"},"potentialAction":[{"@type":"SearchAction","target":{"@type":"EntryPoint","urlTemplate":"https:\/\/www.jootjeshaakcadeautjes.nl\/de\/?s={search_term_string}"},"query-input":{"@type":"PropertyValueSpecification","valueRequired":true,"valueName":"search_term_string"}}],"inLanguage":"de"},{"@type":"Organization","@id":"https:\/\/www.jootjeshaakcadeautjes.nl\/de\/#organization","name":"Jootjes Haakcadeautjes","url":"https:\/\/www.jootjeshaakcadeautjes.nl\/de\/","logo":{"@type":"ImageObject","inLanguage":"de","@id":"https:\/\/www.jootjeshaakcadeautjes.nl\/de\/#\/schema\/logo\/image\/","url":"https:\/\/jootjes-haakcadeautjes-media.s3.amazonaws.com\/wp-content\/uploads\/2023\/05\/Logo-rond.png","contentUrl":"https:\/\/jootjes-haakcadeautjes-media.s3.amazonaws.com\/wp-content\/uploads\/2023\/05\/Logo-rond.png","width":1222,"height":1222,"caption":"Jootjes Haakcadeautjes"},"image":{"@id":"https:\/\/www.jootjeshaakcadeautjes.nl\/de\/#\/schema\/logo\/image\/"}}]},"product_price_amount":"0.45","product_price_currency":"EUR","og_availability":"instock","product_availability":"instock","product_retailer_item_id":"SKR-H17-LIG","product_condition":"new"},"_links":{"self":[{"href":"https:\/\/www.jootjeshaakcadeautjes.nl\/de\/wp-json\/wp\/v2\/product\/252127","targetHints":{"allow":["GET"]}}],"collection":[{"href":"https:\/\/www.jootjeshaakcadeautjes.nl\/de\/wp-json\/wp\/v2\/product"}],"about":[{"href":"https:\/\/www.jootjeshaakcadeautjes.nl\/de\/wp-json\/wp\/v2\/types\/product"}],"version-history":[{"count":1,"href":"https:\/\/www.jootjeshaakcadeautjes.nl\/de\/wp-json\/wp\/v2\/product\/252127\/revisions"}],"predecessor-version":[{"id":279509,"href":"https:\/\/www.jootjeshaakcadeautjes.nl\/de\/wp-json\/wp\/v2\/product\/252127\/revisions\/279509"}],"wp:featuredmedia":[{"embeddable":true,"href":"https:\/\/www.jootjeshaakcadeautjes.nl\/de\/wp-json\/wp\/v2\/media\/99563"}],"wp:attachment":[{"href":"https:\/\/www.jootjeshaakcadeautjes.nl\/de\/wp-json\/wp\/v2\/media?parent=252127"}],"wp:term":[{"taxonomy":"product_brand","embeddable":true,"href":"https:\/\/www.jootjeshaakcadeautjes.nl\/de\/wp-json\/wp\/v2\/product_brand?post=252127"},{"taxonomy":"product_cat","embeddable":true,"href":"https:\/\/www.jootjeshaakcadeautjes.nl\/de\/wp-json\/wp\/v2\/product_cat?post=252127"},{"taxonomy":"product_tag","embeddable":true,"href":"https:\/\/www.jootjeshaakcadeautjes.nl\/de\/wp-json\/wp\/v2\/product_tag?post=252127"}],"curies":[{"name":"wp","href":"https:\/\/api.w.org\/{rel}","templated":true}]}}