{"id":252427,"date":"2026-02-11T14:43:24","date_gmt":"2026-02-11T13:43:24","guid":{"rendered":"https:\/\/www.jootjeshaakcadeautjes.nl\/product\/silikonperlen-himbeere-12-mm-gruener-tee\/"},"modified":"2026-02-12T03:26:23","modified_gmt":"2026-02-12T02:26:23","slug":"silikonperlen-himbeere-12-mm-gruener-tee","status":"publish","type":"product","link":"https:\/\/www.jootjeshaakcadeautjes.nl\/de\/produkt\/silikonperlen-himbeere-12-mm-gruener-tee\/","title":{"rendered":"Silikonperlen &#8211; Himbeere &#8211; 12 mm &#8211; Gr\u00fcner Tee"},"content":{"rendered":"<h2>Silikonperlen &#8211; Himbeere &#8211; 12 mm &#8211; Gr\u00fcner Tee<\/h2>\n<p>Farbe: Gr\u00fcner Tee<br \/>\nArt: Himbeere<br \/>\nGr\u00f6\u00dfe: 12 mm rund<br \/>\nMaterial: Gem\u00e4\u00df EN-71 Chemisch unbedenkliches, getestetes Silikon. Das bedeutet, dass sie frei von BPA, Phthalaten und anderen potenziell sch\u00e4dlichen Substanzen sind. Daher eignen sich diese Perlen in Bezug auf die Inhaltsstoffe f\u00fcr Produkte, die den europ\u00e4ischen Vorschriften entsprechen m\u00fcssen, wie z. B. Schnuller oder Bei\u00dfringe.<\/p>\n<p>Diese Himbeeren haben ein wundersch\u00f6nes Bommelmuster, das von den Kleinen erkundet werden kann und den Tastsinn und damit die Entwicklung f\u00f6rdert. Super sch\u00f6n zum Draufbei\u00dfen und Massieren des Zahnfleisches. F\u00fcr einen Bei\u00dfring empfehlen wir eine gr\u00f6\u00dfere Gr\u00f6\u00dfe als diese 12 mm. Andererseits lassen sich diese Himbeeren in 12 mm super mit der Schnullerschnur kombinieren, um zusammen mit dem Bei\u00dfring ein passendes Set zu bilden.<\/p>\n","protected":false},"excerpt":{"rendered":"<p>Farbe: Gr\u00fcner Tee<br \/>\nArt: Himbeere<br \/>\nGr\u00f6\u00dfe: 12 mm rund<br \/>\nMaterial: Nach EN-71 Chemisch unbedenkliches, getestetes Silikon.<\/p>\n<p>Weitere Informationen siehe unten.<\/p>\n","protected":false},"featured_media":270921,"template":"","meta":[],"product_brand":[],"product_cat":[7380,7184,6991,18039],"product_tag":[18052,7385,7419,18048,7901,9772,8721,18050,7915,7416,8010,7451,7199,7211,18054],"class_list":{"0":"post-252427","1":"product","2":"type-product","3":"status-publish","4":"has-post-thumbnail","6":"product_cat-herstellung-von-baby-beisspielzeug-materialien-fur-schnuller-und-beisringe","7":"product_cat-neue-produkte","8":"product_cat-silikonperlen-bpa-frei-grosshandel","9":"product_cat-silikonperlen-himbeeren-16-mm-de","10":"product_tag-ausbuchtung","11":"product_tag-beisring","12":"product_tag-bpa-de","13":"product_tag-chemie","14":"product_tag-en-71-de","15":"product_tag-erhohen","16":"product_tag-gerippt","17":"product_tag-getestet","18":"product_tag-gruner-tee","19":"product_tag-gummischnur","20":"product_tag-himbeere","21":"product_tag-kostenlos","22":"product_tag-perlen","23":"product_tag-silikon","24":"product_tag-zahnfleisch","26":"first","27":"instock","28":"taxable","29":"shipping-taxable","30":"purchasable","31":"product-type-simple"},"bundled_by":[],"bundle_stock_status":"instock","bundle_stock_quantity":978,"bundle_virtual":false,"bundle_layout":"","bundle_add_to_cart_form_location":"","bundle_editable_in_cart":false,"bundle_sold_individually_context":"","bundle_item_grouping":"","bundle_min_size":"","bundle_max_size":"","bundle_price":[],"bundled_items":[],"bundle_sell_ids":[],"yoast_head":"<!-- This site is optimized with the Yoast SEO Premium plugin v27.4 (Yoast SEO v27.4) - https:\/\/yoast.com\/product\/yoast-seo-premium-wordpress\/ -->\n<title>Silikonperlen Himbeeren 12 Mm Gr\u00fcner Tee Joots<\/title>\n<meta name=\"description\" content=\"Babysichere Silikonkugeln mit Rillen. evt Vorf\u00fctterungsschnur. Stimuliert die Entwicklung Ihres Kindes. In der Farbe Gr\u00fcner Tee 12 mm.\" \/>\n<meta name=\"robots\" content=\"index, follow, max-snippet:-1, max-image-preview:large, max-video-preview:-1\" \/>\n<link rel=\"canonical\" href=\"https:\/\/www.jootjeshaakcadeautjes.nl\/de\/produkt\/silikonperlen-himbeere-12-mm-gruener-tee\/\" \/>\n<meta property=\"og:locale\" content=\"de_DE\" \/>\n<meta property=\"og:type\" content=\"article\" \/>\n<meta property=\"og:title\" content=\"Silikonperlen - Himbeere - 12 mm - Gr\u00fcner Tee\" \/>\n<meta property=\"og:description\" content=\"Babysichere Silikonkugeln mit Rillen. evt Vorf\u00fctterungsschnur. Stimuliert die Entwicklung Ihres Kindes. In der Farbe Gr\u00fcner Tee 12 mm.\" \/>\n<meta property=\"og:url\" content=\"https:\/\/www.jootjeshaakcadeautjes.nl\/de\/produkt\/silikonperlen-himbeere-12-mm-gruener-tee\/\" \/>\n<meta property=\"og:site_name\" content=\"Jootjes Haakcadeautjes\" \/>\n<meta property=\"article:modified_time\" content=\"2026-02-12T02:26:23+00:00\" \/>\n<meta property=\"og:image\" content=\"https:\/\/d1dyryakdmle7o.cloudfront.net\/wp-content\/uploads\/2026\/02\/Naamloos-1828.webp\" \/>\n\t<meta property=\"og:image:width\" content=\"2000\" \/>\n\t<meta property=\"og:image:height\" content=\"2000\" \/>\n\t<meta property=\"og:image:type\" content=\"image\/webp\" \/>\n<meta name=\"twitter:card\" content=\"summary_large_image\" \/>\n<meta name=\"twitter:label1\" content=\"Preis\" \/>\n\t<meta name=\"twitter:data1\" content=\"&euro;0.32 inkl. MwSt.\" \/>\n\t<meta name=\"twitter:label2\" content=\"Verf\u00fcgbarkeit\" \/>\n\t<meta name=\"twitter:data2\" content=\"Auf Lager\" \/>\n<script type=\"application\/ld+json\" class=\"yoast-schema-graph\">{\"@context\":\"https:\\\/\\\/schema.org\",\"@graph\":[{\"@type\":\"WebPage\",\"@id\":\"https:\\\/\\\/www.jootjeshaakcadeautjes.nl\\\/de\\\/produkt\\\/silikonperlen-himbeere-12-mm-gruener-tee\\\/\",\"url\":\"https:\\\/\\\/www.jootjeshaakcadeautjes.nl\\\/de\\\/produkt\\\/silikonperlen-himbeere-12-mm-gruener-tee\\\/\",\"name\":\"Silikonperlen Himbeeren 12 Mm Gr\u00fcner Tee Joots\",\"isPartOf\":{\"@id\":\"https:\\\/\\\/www.jootjeshaakcadeautjes.nl\\\/de\\\/#website\"},\"primaryImageOfPage\":{\"@id\":\"https:\\\/\\\/www.jootjeshaakcadeautjes.nl\\\/de\\\/produkt\\\/silikonperlen-himbeere-12-mm-gruener-tee\\\/#primaryimage\"},\"image\":{\"@id\":\"https:\\\/\\\/www.jootjeshaakcadeautjes.nl\\\/de\\\/produkt\\\/silikonperlen-himbeere-12-mm-gruener-tee\\\/#primaryimage\"},\"thumbnailUrl\":\"https:\\\/\\\/d1dyryakdmle7o.cloudfront.net\\\/wp-content\\\/uploads\\\/2026\\\/02\\\/Naamloos-1828.webp\",\"datePublished\":\"2026-02-11T13:43:24+00:00\",\"dateModified\":\"2026-02-12T02:26:23+00:00\",\"description\":\"Babysichere Silikonkugeln mit Rillen. evt Vorf\u00fctterungsschnur. Stimuliert die Entwicklung Ihres Kindes. In der Farbe Gr\u00fcner Tee 12 mm.\",\"breadcrumb\":{\"@id\":\"https:\\\/\\\/www.jootjeshaakcadeautjes.nl\\\/de\\\/produkt\\\/silikonperlen-himbeere-12-mm-gruener-tee\\\/#breadcrumb\"},\"inLanguage\":\"de\",\"potentialAction\":[{\"@type\":\"ReadAction\",\"target\":[\"https:\\\/\\\/www.jootjeshaakcadeautjes.nl\\\/de\\\/produkt\\\/silikonperlen-himbeere-12-mm-gruener-tee\\\/\"]}]},{\"@type\":\"ImageObject\",\"inLanguage\":\"de\",\"@id\":\"https:\\\/\\\/www.jootjeshaakcadeautjes.nl\\\/de\\\/produkt\\\/silikonperlen-himbeere-12-mm-gruener-tee\\\/#primaryimage\",\"url\":\"https:\\\/\\\/d1dyryakdmle7o.cloudfront.net\\\/wp-content\\\/uploads\\\/2026\\\/02\\\/Naamloos-1828.webp\",\"contentUrl\":\"https:\\\/\\\/d1dyryakdmle7o.cloudfront.net\\\/wp-content\\\/uploads\\\/2026\\\/02\\\/Naamloos-1828.webp\",\"width\":2000,\"height\":2000},{\"@type\":\"BreadcrumbList\",\"@id\":\"https:\\\/\\\/www.jootjeshaakcadeautjes.nl\\\/de\\\/produkt\\\/silikonperlen-himbeere-12-mm-gruener-tee\\\/#breadcrumb\",\"itemListElement\":[{\"@type\":\"ListItem\",\"position\":1,\"name\":\"Startseite\",\"item\":\"https:\\\/\\\/www.jootjeshaakcadeautjes.nl\\\/de\\\/\"},{\"@type\":\"ListItem\",\"position\":2,\"name\":\"Gro\u00dfhandel mit Silikonperlen &#8211; Business und Consumer\",\"item\":\"https:\\\/\\\/www.jootjeshaakcadeautjes.nl\\\/de\\\/shop\\\/\"},{\"@type\":\"ListItem\",\"position\":3,\"name\":\"Priv\u00e9: Silikonperlen &#8211; Himbeere &#8211; 12 mm &#8211; Gr\u00fcner Tee\"}]},{\"@type\":\"WebSite\",\"@id\":\"https:\\\/\\\/www.jootjeshaakcadeautjes.nl\\\/de\\\/#website\",\"url\":\"https:\\\/\\\/www.jootjeshaakcadeautjes.nl\\\/de\\\/\",\"name\":\"Jootjes Haakcadeautjes\",\"description\":\"Silikonperlen Gro\u00dfhandel \",\"publisher\":{\"@id\":\"https:\\\/\\\/www.jootjeshaakcadeautjes.nl\\\/de\\\/#organization\"},\"potentialAction\":[{\"@type\":\"SearchAction\",\"target\":{\"@type\":\"EntryPoint\",\"urlTemplate\":\"https:\\\/\\\/www.jootjeshaakcadeautjes.nl\\\/de\\\/?s={search_term_string}\"},\"query-input\":{\"@type\":\"PropertyValueSpecification\",\"valueRequired\":true,\"valueName\":\"search_term_string\"}}],\"inLanguage\":\"de\"},{\"@type\":\"Organization\",\"@id\":\"https:\\\/\\\/www.jootjeshaakcadeautjes.nl\\\/de\\\/#organization\",\"name\":\"Jootjes Haakcadeautjes\",\"url\":\"https:\\\/\\\/www.jootjeshaakcadeautjes.nl\\\/de\\\/\",\"logo\":{\"@type\":\"ImageObject\",\"inLanguage\":\"de\",\"@id\":\"https:\\\/\\\/www.jootjeshaakcadeautjes.nl\\\/de\\\/#\\\/schema\\\/logo\\\/image\\\/\",\"url\":\"https:\\\/\\\/jootjes-haakcadeautjes-media.s3.amazonaws.com\\\/wp-content\\\/uploads\\\/2023\\\/05\\\/Logo-rond.png\",\"contentUrl\":\"https:\\\/\\\/jootjes-haakcadeautjes-media.s3.amazonaws.com\\\/wp-content\\\/uploads\\\/2023\\\/05\\\/Logo-rond.png\",\"width\":1222,\"height\":1222,\"caption\":\"Jootjes Haakcadeautjes\"},\"image\":{\"@id\":\"https:\\\/\\\/www.jootjeshaakcadeautjes.nl\\\/de\\\/#\\\/schema\\\/logo\\\/image\\\/\"}}]}<\/script>\n<meta property=\"product:price:amount\" content=\"0.32\" \/>\n<meta property=\"product:price:currency\" content=\"EUR\" \/>\n<meta property=\"og:availability\" content=\"instock\" \/>\n<meta property=\"product:availability\" content=\"instock\" \/>\n<meta property=\"product:retailer_item_id\" content=\"SKR-FRA-012-GRT\" \/>\n<meta property=\"product:condition\" content=\"new\" \/>\n<!-- \/ Yoast SEO Premium plugin. -->","yoast_head_json":{"title":"Silikonperlen Himbeeren 12 Mm Gr\u00fcner Tee Joots","description":"Babysichere Silikonkugeln mit Rillen. evt Vorf\u00fctterungsschnur. Stimuliert die Entwicklung Ihres Kindes. In der Farbe Gr\u00fcner Tee 12 mm.","robots":{"index":"index","follow":"follow","max-snippet":"max-snippet:-1","max-image-preview":"max-image-preview:large","max-video-preview":"max-video-preview:-1"},"canonical":"https:\/\/www.jootjeshaakcadeautjes.nl\/de\/produkt\/silikonperlen-himbeere-12-mm-gruener-tee\/","og_locale":"de_DE","og_type":"article","og_title":"Silikonperlen - Himbeere - 12 mm - Gr\u00fcner Tee","og_description":"Babysichere Silikonkugeln mit Rillen. evt Vorf\u00fctterungsschnur. Stimuliert die Entwicklung Ihres Kindes. In der Farbe Gr\u00fcner Tee 12 mm.","og_url":"https:\/\/www.jootjeshaakcadeautjes.nl\/de\/produkt\/silikonperlen-himbeere-12-mm-gruener-tee\/","og_site_name":"Jootjes Haakcadeautjes","article_modified_time":"2026-02-12T02:26:23+00:00","og_image":[{"width":2000,"height":2000,"url":"https:\/\/d1dyryakdmle7o.cloudfront.net\/wp-content\/uploads\/2026\/02\/Naamloos-1828.webp","type":"image\/webp"}],"twitter_card":"summary_large_image","twitter_misc":{"Preis":"&euro;0.32 inkl. MwSt.","Verf\u00fcgbarkeit":"Auf Lager"},"schema":{"@context":"https:\/\/schema.org","@graph":[{"@type":"WebPage","@id":"https:\/\/www.jootjeshaakcadeautjes.nl\/de\/produkt\/silikonperlen-himbeere-12-mm-gruener-tee\/","url":"https:\/\/www.jootjeshaakcadeautjes.nl\/de\/produkt\/silikonperlen-himbeere-12-mm-gruener-tee\/","name":"Silikonperlen Himbeeren 12 Mm Gr\u00fcner Tee Joots","isPartOf":{"@id":"https:\/\/www.jootjeshaakcadeautjes.nl\/de\/#website"},"primaryImageOfPage":{"@id":"https:\/\/www.jootjeshaakcadeautjes.nl\/de\/produkt\/silikonperlen-himbeere-12-mm-gruener-tee\/#primaryimage"},"image":{"@id":"https:\/\/www.jootjeshaakcadeautjes.nl\/de\/produkt\/silikonperlen-himbeere-12-mm-gruener-tee\/#primaryimage"},"thumbnailUrl":"https:\/\/d1dyryakdmle7o.cloudfront.net\/wp-content\/uploads\/2026\/02\/Naamloos-1828.webp","datePublished":"2026-02-11T13:43:24+00:00","dateModified":"2026-02-12T02:26:23+00:00","description":"Babysichere Silikonkugeln mit Rillen. evt Vorf\u00fctterungsschnur. Stimuliert die Entwicklung Ihres Kindes. In der Farbe Gr\u00fcner Tee 12 mm.","breadcrumb":{"@id":"https:\/\/www.jootjeshaakcadeautjes.nl\/de\/produkt\/silikonperlen-himbeere-12-mm-gruener-tee\/#breadcrumb"},"inLanguage":"de","potentialAction":[{"@type":"ReadAction","target":["https:\/\/www.jootjeshaakcadeautjes.nl\/de\/produkt\/silikonperlen-himbeere-12-mm-gruener-tee\/"]}]},{"@type":"ImageObject","inLanguage":"de","@id":"https:\/\/www.jootjeshaakcadeautjes.nl\/de\/produkt\/silikonperlen-himbeere-12-mm-gruener-tee\/#primaryimage","url":"https:\/\/d1dyryakdmle7o.cloudfront.net\/wp-content\/uploads\/2026\/02\/Naamloos-1828.webp","contentUrl":"https:\/\/d1dyryakdmle7o.cloudfront.net\/wp-content\/uploads\/2026\/02\/Naamloos-1828.webp","width":2000,"height":2000},{"@type":"BreadcrumbList","@id":"https:\/\/www.jootjeshaakcadeautjes.nl\/de\/produkt\/silikonperlen-himbeere-12-mm-gruener-tee\/#breadcrumb","itemListElement":[{"@type":"ListItem","position":1,"name":"Startseite","item":"https:\/\/www.jootjeshaakcadeautjes.nl\/de\/"},{"@type":"ListItem","position":2,"name":"Gro\u00dfhandel mit Silikonperlen &#8211; Business und Consumer","item":"https:\/\/www.jootjeshaakcadeautjes.nl\/de\/shop\/"},{"@type":"ListItem","position":3,"name":"Priv\u00e9: Silikonperlen &#8211; Himbeere &#8211; 12 mm &#8211; Gr\u00fcner Tee"}]},{"@type":"WebSite","@id":"https:\/\/www.jootjeshaakcadeautjes.nl\/de\/#website","url":"https:\/\/www.jootjeshaakcadeautjes.nl\/de\/","name":"Jootjes Haakcadeautjes","description":"Silikonperlen Gro\u00dfhandel ","publisher":{"@id":"https:\/\/www.jootjeshaakcadeautjes.nl\/de\/#organization"},"potentialAction":[{"@type":"SearchAction","target":{"@type":"EntryPoint","urlTemplate":"https:\/\/www.jootjeshaakcadeautjes.nl\/de\/?s={search_term_string}"},"query-input":{"@type":"PropertyValueSpecification","valueRequired":true,"valueName":"search_term_string"}}],"inLanguage":"de"},{"@type":"Organization","@id":"https:\/\/www.jootjeshaakcadeautjes.nl\/de\/#organization","name":"Jootjes Haakcadeautjes","url":"https:\/\/www.jootjeshaakcadeautjes.nl\/de\/","logo":{"@type":"ImageObject","inLanguage":"de","@id":"https:\/\/www.jootjeshaakcadeautjes.nl\/de\/#\/schema\/logo\/image\/","url":"https:\/\/jootjes-haakcadeautjes-media.s3.amazonaws.com\/wp-content\/uploads\/2023\/05\/Logo-rond.png","contentUrl":"https:\/\/jootjes-haakcadeautjes-media.s3.amazonaws.com\/wp-content\/uploads\/2023\/05\/Logo-rond.png","width":1222,"height":1222,"caption":"Jootjes Haakcadeautjes"},"image":{"@id":"https:\/\/www.jootjeshaakcadeautjes.nl\/de\/#\/schema\/logo\/image\/"}}]},"product_price_amount":"0.32","product_price_currency":"EUR","og_availability":"instock","product_availability":"instock","product_retailer_item_id":"SKR-FRA-012-GRT","product_condition":"new"},"_links":{"self":[{"href":"https:\/\/www.jootjeshaakcadeautjes.nl\/de\/wp-json\/wp\/v2\/product\/252427","targetHints":{"allow":["GET"]}}],"collection":[{"href":"https:\/\/www.jootjeshaakcadeautjes.nl\/de\/wp-json\/wp\/v2\/product"}],"about":[{"href":"https:\/\/www.jootjeshaakcadeautjes.nl\/de\/wp-json\/wp\/v2\/types\/product"}],"version-history":[{"count":1,"href":"https:\/\/www.jootjeshaakcadeautjes.nl\/de\/wp-json\/wp\/v2\/product\/252427\/revisions"}],"predecessor-version":[{"id":271671,"href":"https:\/\/www.jootjeshaakcadeautjes.nl\/de\/wp-json\/wp\/v2\/product\/252427\/revisions\/271671"}],"wp:featuredmedia":[{"embeddable":true,"href":"https:\/\/www.jootjeshaakcadeautjes.nl\/de\/wp-json\/wp\/v2\/media\/270921"}],"wp:attachment":[{"href":"https:\/\/www.jootjeshaakcadeautjes.nl\/de\/wp-json\/wp\/v2\/media?parent=252427"}],"wp:term":[{"taxonomy":"product_brand","embeddable":true,"href":"https:\/\/www.jootjeshaakcadeautjes.nl\/de\/wp-json\/wp\/v2\/product_brand?post=252427"},{"taxonomy":"product_cat","embeddable":true,"href":"https:\/\/www.jootjeshaakcadeautjes.nl\/de\/wp-json\/wp\/v2\/product_cat?post=252427"},{"taxonomy":"product_tag","embeddable":true,"href":"https:\/\/www.jootjeshaakcadeautjes.nl\/de\/wp-json\/wp\/v2\/product_tag?post=252427"}],"curies":[{"name":"wp","href":"https:\/\/api.w.org\/{rel}","templated":true}]}}