{"id":252561,"date":"2026-02-11T14:43:24","date_gmt":"2026-02-11T13:43:24","guid":{"rendered":"https:\/\/www.jootjeshaakcadeautjes.nl\/product\/silikonperlen-himbeere-16-mm-heller-pfirsich\/"},"modified":"2026-02-12T03:25:39","modified_gmt":"2026-02-12T02:25:39","slug":"silikonperlen-himbeere-16-mm-heller-pfirsich","status":"publish","type":"product","link":"https:\/\/www.jootjeshaakcadeautjes.nl\/de\/produkt\/silikonperlen-himbeere-16-mm-heller-pfirsich\/","title":{"rendered":"Silikonperlen &#8211; Himbeere &#8211; 16 mm &#8211; Heller Pfirsich"},"content":{"rendered":"<h2>Silikonperlen &#8211; Himbeere &#8211; 16 mm &#8211; Heller Pfirsich<\/h2>\n<p>Farbe: Light Peach<br \/>\nTyp: Himbeere<br \/>\nGr\u00f6\u00dfe: 16 mm rund<br \/>\nMaterial: Nach EN-71 Chemisch unbedenklich getestetes Silikon. Das bedeutet, dass sie frei von BPA, Phthalaten und anderen potenziell sch\u00e4dlichen Substanzen sind. Daher eignen sich diese Perlen in Bezug auf die Inhaltsstoffe f\u00fcr Produkte, die den europ\u00e4ischen Vorschriften entsprechen m\u00fcssen, wie z. B. Schnuller oder Bei\u00dfringe.<\/p>\n<p>Diese Himbeeren haben ein wundersch\u00f6nes Bommelmuster, das von den Kleinen erkundet werden kann und den Tastsinn und damit die Entwicklung f\u00f6rdert. Super sch\u00f6n zum Draufbei\u00dfen und Massieren des Zahnfleisches. F\u00fcr einen Bei\u00dfring empfehlen wir eine gr\u00f6\u00dfere Gr\u00f6\u00dfe als diese 16 mm Gr\u00f6\u00dfe. Andererseits lassen sich diese Himbeeren in 16 mm super mit der Schnullerschnur kombinieren, um zusammen mit dem Bei\u00dfring ein passendes Set zu bilden.<\/p>\n","protected":false},"excerpt":{"rendered":"<p>Farbe: Light Peach<br \/>\nTyp: Himbeere<br \/>\nGr\u00f6\u00dfe: 16 mm rund<br \/>\nMaterial: Gem\u00e4\u00df EN-71 Chemisch unbedenkliches, getestetes Silikon.<\/p>\n<p>Weitere Informationen siehe unten.<\/p>\n","protected":false},"featured_media":270933,"template":"","meta":[],"product_brand":[],"product_cat":[7191,7380,6991,7184,18036],"product_tag":[18052,7385,7419,18048,7901,9772,8721,18050,7416,8237,8010,7451,7199,7211,18054],"class_list":{"0":"post-252561","1":"product","2":"type-product","3":"status-publish","4":"has-post-thumbnail","6":"product_cat-vollstandige-palette","7":"product_cat-herstellung-von-baby-beisspielzeug-materialien-fur-schnuller-und-beisringe","8":"product_cat-silikonperlen-bpa-frei-grosshandel","9":"product_cat-neue-produkte","10":"product_cat-silikonperlen-himbeeren-16-mm","11":"product_tag-ausbuchtung","12":"product_tag-beisring","13":"product_tag-bpa-de","14":"product_tag-chemie","15":"product_tag-en-71-de","16":"product_tag-erhohen","17":"product_tag-gerippt","18":"product_tag-getestet","19":"product_tag-gummischnur","20":"product_tag-heller-pfirsich","21":"product_tag-himbeere","22":"product_tag-kostenlos","23":"product_tag-perlen","24":"product_tag-silikon","25":"product_tag-zahnfleisch","27":"first","28":"instock","29":"taxable","30":"shipping-taxable","31":"purchasable","32":"product-type-simple"},"bundled_by":["270555","272474"],"bundle_stock_status":"instock","bundle_stock_quantity":930,"bundle_virtual":false,"bundle_layout":"","bundle_add_to_cart_form_location":"","bundle_editable_in_cart":false,"bundle_sold_individually_context":"","bundle_item_grouping":"","bundle_min_size":"","bundle_max_size":"","bundle_price":[],"bundled_items":[],"bundle_sell_ids":[],"yoast_head":"<!-- This site is optimized with the Yoast SEO Premium plugin v26.4 (Yoast SEO v26.9) - https:\/\/yoast.com\/product\/yoast-seo-premium-wordpress\/ -->\n<title>Silikonperlen 16 Mm Hell Pfirsich | Jootjes<\/title>\n<meta name=\"description\" content=\"Babysichere Silikonperlen mit Rillen. Super f\u00fcr eine Schnullerschnur. F\u00f6rdert die Entwicklung. In der Farbe Hellpfirsich und der Gr\u00f6\u00dfe 16 mm.\" \/>\n<meta name=\"robots\" content=\"index, follow, max-snippet:-1, max-image-preview:large, max-video-preview:-1\" \/>\n<link rel=\"canonical\" href=\"https:\/\/www.jootjeshaakcadeautjes.nl\/de\/produkt\/silikonperlen-himbeere-16-mm-heller-pfirsich\/\" \/>\n<meta property=\"og:locale\" content=\"de_DE\" \/>\n<meta property=\"og:type\" content=\"article\" \/>\n<meta property=\"og:title\" content=\"Silikonperlen - Himbeere - 16 mm - Heller Pfirsich\" \/>\n<meta property=\"og:description\" content=\"Babysichere Silikonperlen mit Rillen. Super f\u00fcr eine Schnullerschnur. F\u00f6rdert die Entwicklung. In der Farbe Hellpfirsich und der Gr\u00f6\u00dfe 16 mm.\" \/>\n<meta property=\"og:url\" content=\"https:\/\/www.jootjeshaakcadeautjes.nl\/de\/produkt\/silikonperlen-himbeere-16-mm-heller-pfirsich\/\" \/>\n<meta property=\"og:site_name\" content=\"Jootjes Haakcadeautjes\" \/>\n<meta property=\"article:modified_time\" content=\"2026-02-12T02:25:39+00:00\" \/>\n<meta property=\"og:image\" content=\"https:\/\/d1dyryakdmle7o.cloudfront.net\/wp-content\/uploads\/2026\/02\/Naamloos-1824.webp\" \/>\n\t<meta property=\"og:image:width\" content=\"2000\" \/>\n\t<meta property=\"og:image:height\" content=\"2000\" \/>\n\t<meta property=\"og:image:type\" content=\"image\/webp\" \/>\n<meta name=\"twitter:card\" content=\"summary_large_image\" \/>\n<meta name=\"twitter:label1\" content=\"Preis\" \/>\n\t<meta name=\"twitter:data1\" content=\"&euro;0.42 inkl. MwSt.\" \/>\n\t<meta name=\"twitter:label2\" content=\"Verf\u00fcgbarkeit\" \/>\n\t<meta name=\"twitter:data2\" content=\"Auf Lager\" \/>\n<script type=\"application\/ld+json\" class=\"yoast-schema-graph\">{\"@context\":\"https:\/\/schema.org\",\"@graph\":[{\"@type\":\"WebPage\",\"@id\":\"https:\/\/www.jootjeshaakcadeautjes.nl\/de\/produkt\/silikonperlen-himbeere-16-mm-heller-pfirsich\/\",\"url\":\"https:\/\/www.jootjeshaakcadeautjes.nl\/de\/produkt\/silikonperlen-himbeere-16-mm-heller-pfirsich\/\",\"name\":\"Silikonperlen 16 Mm Hell Pfirsich | Jootjes\",\"isPartOf\":{\"@id\":\"https:\/\/www.jootjeshaakcadeautjes.nl\/de\/#website\"},\"primaryImageOfPage\":{\"@id\":\"https:\/\/www.jootjeshaakcadeautjes.nl\/de\/produkt\/silikonperlen-himbeere-16-mm-heller-pfirsich\/#primaryimage\"},\"image\":{\"@id\":\"https:\/\/www.jootjeshaakcadeautjes.nl\/de\/produkt\/silikonperlen-himbeere-16-mm-heller-pfirsich\/#primaryimage\"},\"thumbnailUrl\":\"https:\/\/d1dyryakdmle7o.cloudfront.net\/wp-content\/uploads\/2026\/02\/Naamloos-1824.webp\",\"datePublished\":\"2026-02-11T13:43:24+00:00\",\"dateModified\":\"2026-02-12T02:25:39+00:00\",\"description\":\"Babysichere Silikonperlen mit Rillen. Super f\u00fcr eine Schnullerschnur. F\u00f6rdert die Entwicklung. In der Farbe Hellpfirsich und der Gr\u00f6\u00dfe 16 mm.\",\"breadcrumb\":{\"@id\":\"https:\/\/www.jootjeshaakcadeautjes.nl\/de\/produkt\/silikonperlen-himbeere-16-mm-heller-pfirsich\/#breadcrumb\"},\"inLanguage\":\"de\",\"potentialAction\":[{\"@type\":\"ReadAction\",\"target\":[\"https:\/\/www.jootjeshaakcadeautjes.nl\/de\/produkt\/silikonperlen-himbeere-16-mm-heller-pfirsich\/\"]}]},{\"@type\":\"ImageObject\",\"inLanguage\":\"de\",\"@id\":\"https:\/\/www.jootjeshaakcadeautjes.nl\/de\/produkt\/silikonperlen-himbeere-16-mm-heller-pfirsich\/#primaryimage\",\"url\":\"https:\/\/d1dyryakdmle7o.cloudfront.net\/wp-content\/uploads\/2026\/02\/Naamloos-1824.webp\",\"contentUrl\":\"https:\/\/d1dyryakdmle7o.cloudfront.net\/wp-content\/uploads\/2026\/02\/Naamloos-1824.webp\",\"width\":2000,\"height\":2000},{\"@type\":\"BreadcrumbList\",\"@id\":\"https:\/\/www.jootjeshaakcadeautjes.nl\/de\/produkt\/silikonperlen-himbeere-16-mm-heller-pfirsich\/#breadcrumb\",\"itemListElement\":[{\"@type\":\"ListItem\",\"position\":1,\"name\":\"Startseite\",\"item\":\"https:\/\/www.jootjeshaakcadeautjes.nl\/de\/\"},{\"@type\":\"ListItem\",\"position\":2,\"name\":\"Gro\u00dfhandel mit Silikonperlen &#8211; Business und Consumer\",\"item\":\"https:\/\/www.jootjeshaakcadeautjes.nl\/de\/shop\/\"},{\"@type\":\"ListItem\",\"position\":3,\"name\":\"Priv\u00e9: Silikonperlen &#8211; Himbeere &#8211; 16 mm &#8211; Heller Pfirsich\"}]},{\"@type\":\"WebSite\",\"@id\":\"https:\/\/www.jootjeshaakcadeautjes.nl\/de\/#website\",\"url\":\"https:\/\/www.jootjeshaakcadeautjes.nl\/de\/\",\"name\":\"Jootjes Haakcadeautjes\",\"description\":\"Silikonperlen Gro\u00dfhandel \",\"publisher\":{\"@id\":\"https:\/\/www.jootjeshaakcadeautjes.nl\/de\/#organization\"},\"potentialAction\":[{\"@type\":\"SearchAction\",\"target\":{\"@type\":\"EntryPoint\",\"urlTemplate\":\"https:\/\/www.jootjeshaakcadeautjes.nl\/de\/?s={search_term_string}\"},\"query-input\":{\"@type\":\"PropertyValueSpecification\",\"valueRequired\":true,\"valueName\":\"search_term_string\"}}],\"inLanguage\":\"de\"},{\"@type\":\"Organization\",\"@id\":\"https:\/\/www.jootjeshaakcadeautjes.nl\/de\/#organization\",\"name\":\"Jootjes Haakcadeautjes\",\"url\":\"https:\/\/www.jootjeshaakcadeautjes.nl\/de\/\",\"logo\":{\"@type\":\"ImageObject\",\"inLanguage\":\"de\",\"@id\":\"https:\/\/www.jootjeshaakcadeautjes.nl\/de\/#\/schema\/logo\/image\/\",\"url\":\"https:\/\/jootjes-haakcadeautjes-media.s3.amazonaws.com\/wp-content\/uploads\/2023\/05\/Logo-rond.png\",\"contentUrl\":\"https:\/\/jootjes-haakcadeautjes-media.s3.amazonaws.com\/wp-content\/uploads\/2023\/05\/Logo-rond.png\",\"width\":1222,\"height\":1222,\"caption\":\"Jootjes Haakcadeautjes\"},\"image\":{\"@id\":\"https:\/\/www.jootjeshaakcadeautjes.nl\/de\/#\/schema\/logo\/image\/\"}}]}<\/script>\n<meta property=\"product:price:amount\" content=\"0.42\" \/>\n<meta property=\"product:price:currency\" content=\"EUR\" \/>\n<meta property=\"og:availability\" content=\"instock\" \/>\n<meta property=\"product:availability\" content=\"instock\" \/>\n<meta property=\"product:retailer_item_id\" content=\"SKR-FRA-016-LPE\" \/>\n<meta property=\"product:condition\" content=\"new\" \/>\n<!-- \/ Yoast SEO Premium plugin. -->","yoast_head_json":{"title":"Silikonperlen 16 Mm Hell Pfirsich | Jootjes","description":"Babysichere Silikonperlen mit Rillen. Super f\u00fcr eine Schnullerschnur. F\u00f6rdert die Entwicklung. In der Farbe Hellpfirsich und der Gr\u00f6\u00dfe 16 mm.","robots":{"index":"index","follow":"follow","max-snippet":"max-snippet:-1","max-image-preview":"max-image-preview:large","max-video-preview":"max-video-preview:-1"},"canonical":"https:\/\/www.jootjeshaakcadeautjes.nl\/de\/produkt\/silikonperlen-himbeere-16-mm-heller-pfirsich\/","og_locale":"de_DE","og_type":"article","og_title":"Silikonperlen - Himbeere - 16 mm - Heller Pfirsich","og_description":"Babysichere Silikonperlen mit Rillen. Super f\u00fcr eine Schnullerschnur. F\u00f6rdert die Entwicklung. In der Farbe Hellpfirsich und der Gr\u00f6\u00dfe 16 mm.","og_url":"https:\/\/www.jootjeshaakcadeautjes.nl\/de\/produkt\/silikonperlen-himbeere-16-mm-heller-pfirsich\/","og_site_name":"Jootjes Haakcadeautjes","article_modified_time":"2026-02-12T02:25:39+00:00","og_image":[{"width":2000,"height":2000,"url":"https:\/\/d1dyryakdmle7o.cloudfront.net\/wp-content\/uploads\/2026\/02\/Naamloos-1824.webp","type":"image\/webp"}],"twitter_card":"summary_large_image","twitter_misc":{"Preis":"&euro;0.42 inkl. MwSt.","Verf\u00fcgbarkeit":"Auf Lager"},"schema":{"@context":"https:\/\/schema.org","@graph":[{"@type":"WebPage","@id":"https:\/\/www.jootjeshaakcadeautjes.nl\/de\/produkt\/silikonperlen-himbeere-16-mm-heller-pfirsich\/","url":"https:\/\/www.jootjeshaakcadeautjes.nl\/de\/produkt\/silikonperlen-himbeere-16-mm-heller-pfirsich\/","name":"Silikonperlen 16 Mm Hell Pfirsich | Jootjes","isPartOf":{"@id":"https:\/\/www.jootjeshaakcadeautjes.nl\/de\/#website"},"primaryImageOfPage":{"@id":"https:\/\/www.jootjeshaakcadeautjes.nl\/de\/produkt\/silikonperlen-himbeere-16-mm-heller-pfirsich\/#primaryimage"},"image":{"@id":"https:\/\/www.jootjeshaakcadeautjes.nl\/de\/produkt\/silikonperlen-himbeere-16-mm-heller-pfirsich\/#primaryimage"},"thumbnailUrl":"https:\/\/d1dyryakdmle7o.cloudfront.net\/wp-content\/uploads\/2026\/02\/Naamloos-1824.webp","datePublished":"2026-02-11T13:43:24+00:00","dateModified":"2026-02-12T02:25:39+00:00","description":"Babysichere Silikonperlen mit Rillen. Super f\u00fcr eine Schnullerschnur. F\u00f6rdert die Entwicklung. In der Farbe Hellpfirsich und der Gr\u00f6\u00dfe 16 mm.","breadcrumb":{"@id":"https:\/\/www.jootjeshaakcadeautjes.nl\/de\/produkt\/silikonperlen-himbeere-16-mm-heller-pfirsich\/#breadcrumb"},"inLanguage":"de","potentialAction":[{"@type":"ReadAction","target":["https:\/\/www.jootjeshaakcadeautjes.nl\/de\/produkt\/silikonperlen-himbeere-16-mm-heller-pfirsich\/"]}]},{"@type":"ImageObject","inLanguage":"de","@id":"https:\/\/www.jootjeshaakcadeautjes.nl\/de\/produkt\/silikonperlen-himbeere-16-mm-heller-pfirsich\/#primaryimage","url":"https:\/\/d1dyryakdmle7o.cloudfront.net\/wp-content\/uploads\/2026\/02\/Naamloos-1824.webp","contentUrl":"https:\/\/d1dyryakdmle7o.cloudfront.net\/wp-content\/uploads\/2026\/02\/Naamloos-1824.webp","width":2000,"height":2000},{"@type":"BreadcrumbList","@id":"https:\/\/www.jootjeshaakcadeautjes.nl\/de\/produkt\/silikonperlen-himbeere-16-mm-heller-pfirsich\/#breadcrumb","itemListElement":[{"@type":"ListItem","position":1,"name":"Startseite","item":"https:\/\/www.jootjeshaakcadeautjes.nl\/de\/"},{"@type":"ListItem","position":2,"name":"Gro\u00dfhandel mit Silikonperlen &#8211; Business und Consumer","item":"https:\/\/www.jootjeshaakcadeautjes.nl\/de\/shop\/"},{"@type":"ListItem","position":3,"name":"Priv\u00e9: Silikonperlen &#8211; Himbeere &#8211; 16 mm &#8211; Heller Pfirsich"}]},{"@type":"WebSite","@id":"https:\/\/www.jootjeshaakcadeautjes.nl\/de\/#website","url":"https:\/\/www.jootjeshaakcadeautjes.nl\/de\/","name":"Jootjes Haakcadeautjes","description":"Silikonperlen Gro\u00dfhandel ","publisher":{"@id":"https:\/\/www.jootjeshaakcadeautjes.nl\/de\/#organization"},"potentialAction":[{"@type":"SearchAction","target":{"@type":"EntryPoint","urlTemplate":"https:\/\/www.jootjeshaakcadeautjes.nl\/de\/?s={search_term_string}"},"query-input":{"@type":"PropertyValueSpecification","valueRequired":true,"valueName":"search_term_string"}}],"inLanguage":"de"},{"@type":"Organization","@id":"https:\/\/www.jootjeshaakcadeautjes.nl\/de\/#organization","name":"Jootjes Haakcadeautjes","url":"https:\/\/www.jootjeshaakcadeautjes.nl\/de\/","logo":{"@type":"ImageObject","inLanguage":"de","@id":"https:\/\/www.jootjeshaakcadeautjes.nl\/de\/#\/schema\/logo\/image\/","url":"https:\/\/jootjes-haakcadeautjes-media.s3.amazonaws.com\/wp-content\/uploads\/2023\/05\/Logo-rond.png","contentUrl":"https:\/\/jootjes-haakcadeautjes-media.s3.amazonaws.com\/wp-content\/uploads\/2023\/05\/Logo-rond.png","width":1222,"height":1222,"caption":"Jootjes Haakcadeautjes"},"image":{"@id":"https:\/\/www.jootjeshaakcadeautjes.nl\/de\/#\/schema\/logo\/image\/"}}]},"product_price_amount":"0.42","product_price_currency":"EUR","og_availability":"instock","product_availability":"instock","product_retailer_item_id":"SKR-FRA-016-LPE","product_condition":"new"},"_links":{"self":[{"href":"https:\/\/www.jootjeshaakcadeautjes.nl\/de\/wp-json\/wp\/v2\/product\/252561","targetHints":{"allow":["GET"]}}],"collection":[{"href":"https:\/\/www.jootjeshaakcadeautjes.nl\/de\/wp-json\/wp\/v2\/product"}],"about":[{"href":"https:\/\/www.jootjeshaakcadeautjes.nl\/de\/wp-json\/wp\/v2\/types\/product"}],"version-history":[{"count":1,"href":"https:\/\/www.jootjeshaakcadeautjes.nl\/de\/wp-json\/wp\/v2\/product\/252561\/revisions"}],"predecessor-version":[{"id":271613,"href":"https:\/\/www.jootjeshaakcadeautjes.nl\/de\/wp-json\/wp\/v2\/product\/252561\/revisions\/271613"}],"wp:featuredmedia":[{"embeddable":true,"href":"https:\/\/www.jootjeshaakcadeautjes.nl\/de\/wp-json\/wp\/v2\/media\/270933"}],"wp:attachment":[{"href":"https:\/\/www.jootjeshaakcadeautjes.nl\/de\/wp-json\/wp\/v2\/media?parent=252561"}],"wp:term":[{"taxonomy":"product_brand","embeddable":true,"href":"https:\/\/www.jootjeshaakcadeautjes.nl\/de\/wp-json\/wp\/v2\/product_brand?post=252561"},{"taxonomy":"product_cat","embeddable":true,"href":"https:\/\/www.jootjeshaakcadeautjes.nl\/de\/wp-json\/wp\/v2\/product_cat?post=252561"},{"taxonomy":"product_tag","embeddable":true,"href":"https:\/\/www.jootjeshaakcadeautjes.nl\/de\/wp-json\/wp\/v2\/product_tag?post=252561"}],"curies":[{"name":"wp","href":"https:\/\/api.w.org\/{rel}","templated":true}]}}