{"id":255264,"date":"2025-12-15T20:00:26","date_gmt":"2025-12-15T18:00:26","guid":{"rendered":"https:\/\/www.jootjeshaakcadeautjes.nl\/product\/silikonperlen-flower-dots-14-x-5-mm-taupe\/"},"modified":"2025-12-16T14:55:34","modified_gmt":"2025-12-16T13:55:34","slug":"silikonperlen-flower-dots-14-x-5-mm-taupe","status":"publish","type":"product","link":"https:\/\/www.jootjeshaakcadeautjes.nl\/de\/produkt\/silikonperlen-flower-dots-14-x-5-mm-taupe\/","title":{"rendered":"Silikonperlen &#8211; Flower Dots &#8211; 14 x 5 mm &#8211; Taupe"},"content":{"rendered":"<h2>Silikonperlen &#8211; Flower Dots &#8211; 14 x 5 mm &#8211; Taupe<\/h2>\n<p>Farbe: Taupe<br \/>\nTyp: Flower Dot<br \/>\nGr\u00f6\u00dfe: 14 x 5 mm<br \/>\nMaterial: Gem\u00e4\u00df EN-71 Chemisch unbedenklich getestetes Silikon. Das hei\u00dft, sie sind frei von BPA, Phthalaten und anderen potenziell sch\u00e4dlichen Substanzen. Dadurch eignen sich diese Perlen in Bezug auf die Inhaltsstoffe f\u00fcr Produkte, die diesen europ\u00e4ischen Vorschriften entsprechen m\u00fcssen, wie z. B. Schnullerschn\u00fcre oder Bei\u00dfringe.  <\/p>\n<p data-start=\"299\" data-end=\"688\">Unsere blumenf\u00f6rmigen Silikonperlen haben ein sch\u00f6nes Bommelmuster, das wie kleine Blumen aussieht. Diese Silikonperlen mit Blasen sind ideal, um kreative Kombinationen herzustellen. Verwenden Sie mehrere in einer Reihe in verschiedenen Farben f\u00fcr einen verspielten und fr\u00f6hlichen Effekt. Die Punkte fallen sch\u00f6n zusammen und geben Ihnen einen einzigartigen und professionellen Look.   <\/p>\n<p data-start=\"690\" data-end=\"963\">Die Blumenpunkte passen perfekt zu unseren anderen Bommelperlen, wie den Mini-Punkten und den Himbeer-Punkten. Durch die Kombination verschiedener Formen und Texturen schaffen Sie ein verspieltes Ensemble, das nicht nur sch\u00f6n aussieht, sondern sich auch f\u00fcr die Kleinen angenehm anf\u00fchlt. <\/p>\n<p data-start=\"965\" data-end=\"1176\">Die weichen Unebenheiten stimulieren den Tastsinn und sind ideal zum Bei\u00dfen. Ideal w\u00e4hrend des Zahnens &#8211; sie helfen, das Zahnfleisch zu massieren und das Zahnen zu erleichtern. <\/p>\n","protected":false},"excerpt":{"rendered":"<p>Farbe: Taupe<br \/>\nTyp: Flower Dot<br \/>\nGr\u00f6\u00dfe: 14 x 5 mm<br \/>\nMaterial: Gem\u00e4\u00df EN-71 Chemisch unbedenklich getestetes Silikon. Das hei\u00dft, sie sind frei von BPA, Phthalaten und anderen potenziell sch\u00e4dlichen Substanzen. Dadurch eignen sich diese Perlen in Bezug auf die Inhaltsstoffe f\u00fcr Produkte, die diesen europ\u00e4ischen Vorschriften entsprechen m\u00fcssen, wie z. B. Schnullerschn\u00fcre oder Bei\u00dfringe.  <\/p>\n<p>Einzeln verkauft.<\/p>\n<p>F\u00fcr weitere Informationen lesen Sie bitte unten weiter.<\/p>\n","protected":false},"featured_media":264421,"template":"","meta":[],"product_brand":[],"product_cat":[7380,6991,18033],"product_tag":[18236,18052,7385,7981,18233,18231,17216,7901,7416,7444,7926,7896,7557],"class_list":{"0":"post-255264","1":"product","2":"type-product","3":"status-publish","4":"has-post-thumbnail","6":"product_cat-herstellung-von-baby-beisspielzeug-materialien-fur-schnuller-und-beisringe","7":"product_cat-silikonperlen-bpa-frei-grosshandel","8":"product_cat-silikonperlen-flower-dots","9":"product_tag-abstandshalter","10":"product_tag-ausbuchtung","11":"product_tag-beisring","12":"product_tag-blume","13":"product_tag-blumen-punkte","14":"product_tag-blumenpunkt","15":"product_tag-dots-de","16":"product_tag-en-71-de","17":"product_tag-gummischnur","18":"product_tag-schlusselanhanger","19":"product_tag-silikonperlen","20":"product_tag-taupe-de","21":"product_tag-teiler","23":"first","24":"instock","25":"taxable","26":"shipping-taxable","27":"purchasable","28":"product-type-simple"},"bundled_by":[],"bundle_stock_status":"instock","bundle_stock_quantity":674,"bundle_virtual":false,"bundle_layout":"","bundle_add_to_cart_form_location":"","bundle_editable_in_cart":false,"bundle_sold_individually_context":"","bundle_item_grouping":"","bundle_min_size":"","bundle_max_size":"","bundle_price":[],"bundled_items":[],"bundle_sell_ids":[],"yoast_head":"<!-- This site is optimized with the Yoast SEO Premium plugin v27.6 (Yoast SEO v27.6) - https:\/\/yoast.com\/product\/yoast-seo-premium-wordpress\/ -->\n<title>Silikonperlen - Blumenpunkte - Taupe | Jootjes<\/title>\n<meta name=\"description\" content=\"Silikonperlen-Abstandshalter mit Bommeln in Blumenform, in der Farbe Taupe. Sicher nach EN-71, geeignet f\u00fcr Schnullerschnur, Bei\u00dfring und Schl\u00fcsselanh\u00e4nger.\" \/>\n<meta name=\"robots\" content=\"index, follow, max-snippet:-1, max-image-preview:large, max-video-preview:-1\" \/>\n<link rel=\"canonical\" href=\"https:\/\/www.jootjeshaakcadeautjes.nl\/de\/produkt\/silikonperlen-flower-dots-14-x-5-mm-taupe\/\" \/>\n<meta property=\"og:locale\" content=\"de_DE\" \/>\n<meta property=\"og:type\" content=\"article\" \/>\n<meta property=\"og:title\" content=\"Silikonperlen - Flower Dots - 14 x 5 mm - Taupe\" \/>\n<meta property=\"og:description\" content=\"Silikonperlen-Abstandshalter mit Bommeln in Blumenform, in der Farbe Taupe. Sicher nach EN-71, geeignet f\u00fcr Schnullerschnur, Bei\u00dfring und Schl\u00fcsselanh\u00e4nger.\" \/>\n<meta property=\"og:url\" content=\"https:\/\/www.jootjeshaakcadeautjes.nl\/de\/produkt\/silikonperlen-flower-dots-14-x-5-mm-taupe\/\" \/>\n<meta property=\"og:site_name\" content=\"Jootjes Haakcadeautjes\" \/>\n<meta property=\"article:modified_time\" content=\"2025-12-16T13:55:34+00:00\" \/>\n<meta property=\"og:image\" content=\"https:\/\/d1dyryakdmle7o.cloudfront.net\/wp-content\/uploads\/2025\/12\/Naamloos-1735.webp\" \/>\n\t<meta property=\"og:image:width\" content=\"1600\" \/>\n\t<meta property=\"og:image:height\" content=\"1600\" \/>\n\t<meta property=\"og:image:type\" content=\"image\/webp\" \/>\n<meta name=\"twitter:card\" content=\"summary_large_image\" \/>\n<meta name=\"twitter:label1\" content=\"Preis\" \/>\n\t<meta name=\"twitter:data1\" content=\"&euro;0.32 inkl. MwSt.\" \/>\n\t<meta name=\"twitter:label2\" content=\"Verf\u00fcgbarkeit\" \/>\n\t<meta name=\"twitter:data2\" content=\"Auf Lager\" \/>\n<script type=\"application\/ld+json\" class=\"yoast-schema-graph\">{\"@context\":\"https:\\\/\\\/schema.org\",\"@graph\":[{\"@type\":\"WebPage\",\"@id\":\"https:\\\/\\\/www.jootjeshaakcadeautjes.nl\\\/de\\\/produkt\\\/silikonperlen-flower-dots-14-x-5-mm-taupe\\\/\",\"url\":\"https:\\\/\\\/www.jootjeshaakcadeautjes.nl\\\/de\\\/produkt\\\/silikonperlen-flower-dots-14-x-5-mm-taupe\\\/\",\"name\":\"Silikonperlen - Blumenpunkte - Taupe | Jootjes\",\"isPartOf\":{\"@id\":\"https:\\\/\\\/www.jootjeshaakcadeautjes.nl\\\/de\\\/#website\"},\"primaryImageOfPage\":{\"@id\":\"https:\\\/\\\/www.jootjeshaakcadeautjes.nl\\\/de\\\/produkt\\\/silikonperlen-flower-dots-14-x-5-mm-taupe\\\/#primaryimage\"},\"image\":{\"@id\":\"https:\\\/\\\/www.jootjeshaakcadeautjes.nl\\\/de\\\/produkt\\\/silikonperlen-flower-dots-14-x-5-mm-taupe\\\/#primaryimage\"},\"thumbnailUrl\":\"https:\\\/\\\/d1dyryakdmle7o.cloudfront.net\\\/wp-content\\\/uploads\\\/2025\\\/12\\\/Naamloos-1735.webp\",\"datePublished\":\"2025-12-15T18:00:26+00:00\",\"dateModified\":\"2025-12-16T13:55:34+00:00\",\"description\":\"Silikonperlen-Abstandshalter mit Bommeln in Blumenform, in der Farbe Taupe. Sicher nach EN-71, geeignet f\u00fcr Schnullerschnur, Bei\u00dfring und Schl\u00fcsselanh\u00e4nger.\",\"breadcrumb\":{\"@id\":\"https:\\\/\\\/www.jootjeshaakcadeautjes.nl\\\/de\\\/produkt\\\/silikonperlen-flower-dots-14-x-5-mm-taupe\\\/#breadcrumb\"},\"inLanguage\":\"de\",\"potentialAction\":[{\"@type\":\"ReadAction\",\"target\":[\"https:\\\/\\\/www.jootjeshaakcadeautjes.nl\\\/de\\\/produkt\\\/silikonperlen-flower-dots-14-x-5-mm-taupe\\\/\"]}]},{\"@type\":\"ImageObject\",\"inLanguage\":\"de\",\"@id\":\"https:\\\/\\\/www.jootjeshaakcadeautjes.nl\\\/de\\\/produkt\\\/silikonperlen-flower-dots-14-x-5-mm-taupe\\\/#primaryimage\",\"url\":\"https:\\\/\\\/d1dyryakdmle7o.cloudfront.net\\\/wp-content\\\/uploads\\\/2025\\\/12\\\/Naamloos-1735.webp\",\"contentUrl\":\"https:\\\/\\\/d1dyryakdmle7o.cloudfront.net\\\/wp-content\\\/uploads\\\/2025\\\/12\\\/Naamloos-1735.webp\",\"width\":1600,\"height\":1600},{\"@type\":\"BreadcrumbList\",\"@id\":\"https:\\\/\\\/www.jootjeshaakcadeautjes.nl\\\/de\\\/produkt\\\/silikonperlen-flower-dots-14-x-5-mm-taupe\\\/#breadcrumb\",\"itemListElement\":[{\"@type\":\"ListItem\",\"position\":1,\"name\":\"Startseite\",\"item\":\"https:\\\/\\\/www.jootjeshaakcadeautjes.nl\\\/de\\\/\"},{\"@type\":\"ListItem\",\"position\":2,\"name\":\"Gro\u00dfhandel mit Silikonperlen &#8211; Business und Consumer\",\"item\":\"https:\\\/\\\/www.jootjeshaakcadeautjes.nl\\\/de\\\/shop\\\/\"},{\"@type\":\"ListItem\",\"position\":3,\"name\":\"Priv\u00e9: Silikonperlen &#8211; Flower Dots &#8211; 14 x 5 mm &#8211; Taupe\"}]},{\"@type\":\"WebSite\",\"@id\":\"https:\\\/\\\/www.jootjeshaakcadeautjes.nl\\\/de\\\/#website\",\"url\":\"https:\\\/\\\/www.jootjeshaakcadeautjes.nl\\\/de\\\/\",\"name\":\"Jootjes Haakcadeautjes\",\"description\":\"Silikonperlen Gro\u00dfhandel \",\"publisher\":{\"@id\":\"https:\\\/\\\/www.jootjeshaakcadeautjes.nl\\\/de\\\/#organization\"},\"potentialAction\":[{\"@type\":\"SearchAction\",\"target\":{\"@type\":\"EntryPoint\",\"urlTemplate\":\"https:\\\/\\\/www.jootjeshaakcadeautjes.nl\\\/de\\\/?s={search_term_string}\"},\"query-input\":{\"@type\":\"PropertyValueSpecification\",\"valueRequired\":true,\"valueName\":\"search_term_string\"}}],\"inLanguage\":\"de\"},{\"@type\":\"Organization\",\"@id\":\"https:\\\/\\\/www.jootjeshaakcadeautjes.nl\\\/de\\\/#organization\",\"name\":\"Jootjes Haakcadeautjes\",\"url\":\"https:\\\/\\\/www.jootjeshaakcadeautjes.nl\\\/de\\\/\",\"logo\":{\"@type\":\"ImageObject\",\"inLanguage\":\"de\",\"@id\":\"https:\\\/\\\/www.jootjeshaakcadeautjes.nl\\\/de\\\/#\\\/schema\\\/logo\\\/image\\\/\",\"url\":\"https:\\\/\\\/d1dyryakdmle7o.cloudfront.net\\\/wp-content\\\/uploads\\\/2023\\\/05\\\/Logo-rond.png\",\"contentUrl\":\"https:\\\/\\\/d1dyryakdmle7o.cloudfront.net\\\/wp-content\\\/uploads\\\/2023\\\/05\\\/Logo-rond.png\",\"width\":1222,\"height\":1222,\"caption\":\"Jootjes Haakcadeautjes\"},\"image\":{\"@id\":\"https:\\\/\\\/www.jootjeshaakcadeautjes.nl\\\/de\\\/#\\\/schema\\\/logo\\\/image\\\/\"}}]}<\/script>\n<meta property=\"product:price:amount\" content=\"0.32\" \/>\n<meta property=\"product:price:currency\" content=\"EUR\" \/>\n<meta property=\"og:availability\" content=\"instock\" \/>\n<meta property=\"product:availability\" content=\"instock\" \/>\n<meta property=\"product:retailer_item_id\" content=\"SKR-FLD-TAU\" \/>\n<meta property=\"product:condition\" content=\"new\" \/>\n<!-- \/ Yoast SEO Premium plugin. -->","yoast_head_json":{"title":"Silikonperlen - Blumenpunkte - Taupe | Jootjes","description":"Silikonperlen-Abstandshalter mit Bommeln in Blumenform, in der Farbe Taupe. Sicher nach EN-71, geeignet f\u00fcr Schnullerschnur, Bei\u00dfring und Schl\u00fcsselanh\u00e4nger.","robots":{"index":"index","follow":"follow","max-snippet":"max-snippet:-1","max-image-preview":"max-image-preview:large","max-video-preview":"max-video-preview:-1"},"canonical":"https:\/\/www.jootjeshaakcadeautjes.nl\/de\/produkt\/silikonperlen-flower-dots-14-x-5-mm-taupe\/","og_locale":"de_DE","og_type":"article","og_title":"Silikonperlen - Flower Dots - 14 x 5 mm - Taupe","og_description":"Silikonperlen-Abstandshalter mit Bommeln in Blumenform, in der Farbe Taupe. Sicher nach EN-71, geeignet f\u00fcr Schnullerschnur, Bei\u00dfring und Schl\u00fcsselanh\u00e4nger.","og_url":"https:\/\/www.jootjeshaakcadeautjes.nl\/de\/produkt\/silikonperlen-flower-dots-14-x-5-mm-taupe\/","og_site_name":"Jootjes Haakcadeautjes","article_modified_time":"2025-12-16T13:55:34+00:00","og_image":[{"width":1600,"height":1600,"url":"https:\/\/d1dyryakdmle7o.cloudfront.net\/wp-content\/uploads\/2025\/12\/Naamloos-1735.webp","type":"image\/webp"}],"twitter_card":"summary_large_image","twitter_misc":{"Preis":"&euro;0.32 inkl. MwSt.","Verf\u00fcgbarkeit":"Auf Lager"},"schema":{"@context":"https:\/\/schema.org","@graph":[{"@type":"WebPage","@id":"https:\/\/www.jootjeshaakcadeautjes.nl\/de\/produkt\/silikonperlen-flower-dots-14-x-5-mm-taupe\/","url":"https:\/\/www.jootjeshaakcadeautjes.nl\/de\/produkt\/silikonperlen-flower-dots-14-x-5-mm-taupe\/","name":"Silikonperlen - Blumenpunkte - Taupe | Jootjes","isPartOf":{"@id":"https:\/\/www.jootjeshaakcadeautjes.nl\/de\/#website"},"primaryImageOfPage":{"@id":"https:\/\/www.jootjeshaakcadeautjes.nl\/de\/produkt\/silikonperlen-flower-dots-14-x-5-mm-taupe\/#primaryimage"},"image":{"@id":"https:\/\/www.jootjeshaakcadeautjes.nl\/de\/produkt\/silikonperlen-flower-dots-14-x-5-mm-taupe\/#primaryimage"},"thumbnailUrl":"https:\/\/d1dyryakdmle7o.cloudfront.net\/wp-content\/uploads\/2025\/12\/Naamloos-1735.webp","datePublished":"2025-12-15T18:00:26+00:00","dateModified":"2025-12-16T13:55:34+00:00","description":"Silikonperlen-Abstandshalter mit Bommeln in Blumenform, in der Farbe Taupe. Sicher nach EN-71, geeignet f\u00fcr Schnullerschnur, Bei\u00dfring und Schl\u00fcsselanh\u00e4nger.","breadcrumb":{"@id":"https:\/\/www.jootjeshaakcadeautjes.nl\/de\/produkt\/silikonperlen-flower-dots-14-x-5-mm-taupe\/#breadcrumb"},"inLanguage":"de","potentialAction":[{"@type":"ReadAction","target":["https:\/\/www.jootjeshaakcadeautjes.nl\/de\/produkt\/silikonperlen-flower-dots-14-x-5-mm-taupe\/"]}]},{"@type":"ImageObject","inLanguage":"de","@id":"https:\/\/www.jootjeshaakcadeautjes.nl\/de\/produkt\/silikonperlen-flower-dots-14-x-5-mm-taupe\/#primaryimage","url":"https:\/\/d1dyryakdmle7o.cloudfront.net\/wp-content\/uploads\/2025\/12\/Naamloos-1735.webp","contentUrl":"https:\/\/d1dyryakdmle7o.cloudfront.net\/wp-content\/uploads\/2025\/12\/Naamloos-1735.webp","width":1600,"height":1600},{"@type":"BreadcrumbList","@id":"https:\/\/www.jootjeshaakcadeautjes.nl\/de\/produkt\/silikonperlen-flower-dots-14-x-5-mm-taupe\/#breadcrumb","itemListElement":[{"@type":"ListItem","position":1,"name":"Startseite","item":"https:\/\/www.jootjeshaakcadeautjes.nl\/de\/"},{"@type":"ListItem","position":2,"name":"Gro\u00dfhandel mit Silikonperlen &#8211; Business und Consumer","item":"https:\/\/www.jootjeshaakcadeautjes.nl\/de\/shop\/"},{"@type":"ListItem","position":3,"name":"Priv\u00e9: Silikonperlen &#8211; Flower Dots &#8211; 14 x 5 mm &#8211; Taupe"}]},{"@type":"WebSite","@id":"https:\/\/www.jootjeshaakcadeautjes.nl\/de\/#website","url":"https:\/\/www.jootjeshaakcadeautjes.nl\/de\/","name":"Jootjes Haakcadeautjes","description":"Silikonperlen Gro\u00dfhandel ","publisher":{"@id":"https:\/\/www.jootjeshaakcadeautjes.nl\/de\/#organization"},"potentialAction":[{"@type":"SearchAction","target":{"@type":"EntryPoint","urlTemplate":"https:\/\/www.jootjeshaakcadeautjes.nl\/de\/?s={search_term_string}"},"query-input":{"@type":"PropertyValueSpecification","valueRequired":true,"valueName":"search_term_string"}}],"inLanguage":"de"},{"@type":"Organization","@id":"https:\/\/www.jootjeshaakcadeautjes.nl\/de\/#organization","name":"Jootjes Haakcadeautjes","url":"https:\/\/www.jootjeshaakcadeautjes.nl\/de\/","logo":{"@type":"ImageObject","inLanguage":"de","@id":"https:\/\/www.jootjeshaakcadeautjes.nl\/de\/#\/schema\/logo\/image\/","url":"https:\/\/d1dyryakdmle7o.cloudfront.net\/wp-content\/uploads\/2023\/05\/Logo-rond.png","contentUrl":"https:\/\/d1dyryakdmle7o.cloudfront.net\/wp-content\/uploads\/2023\/05\/Logo-rond.png","width":1222,"height":1222,"caption":"Jootjes Haakcadeautjes"},"image":{"@id":"https:\/\/www.jootjeshaakcadeautjes.nl\/de\/#\/schema\/logo\/image\/"}}]},"product_price_amount":"0.32","product_price_currency":"EUR","og_availability":"instock","product_availability":"instock","product_retailer_item_id":"SKR-FLD-TAU","product_condition":"new"},"_links":{"self":[{"href":"https:\/\/www.jootjeshaakcadeautjes.nl\/de\/wp-json\/wp\/v2\/product\/255264","targetHints":{"allow":["GET"]}}],"collection":[{"href":"https:\/\/www.jootjeshaakcadeautjes.nl\/de\/wp-json\/wp\/v2\/product"}],"about":[{"href":"https:\/\/www.jootjeshaakcadeautjes.nl\/de\/wp-json\/wp\/v2\/types\/product"}],"version-history":[{"count":1,"href":"https:\/\/www.jootjeshaakcadeautjes.nl\/de\/wp-json\/wp\/v2\/product\/255264\/revisions"}],"predecessor-version":[{"id":264660,"href":"https:\/\/www.jootjeshaakcadeautjes.nl\/de\/wp-json\/wp\/v2\/product\/255264\/revisions\/264660"}],"wp:featuredmedia":[{"embeddable":true,"href":"https:\/\/www.jootjeshaakcadeautjes.nl\/de\/wp-json\/wp\/v2\/media\/264421"}],"wp:attachment":[{"href":"https:\/\/www.jootjeshaakcadeautjes.nl\/de\/wp-json\/wp\/v2\/media?parent=255264"}],"wp:term":[{"taxonomy":"product_brand","embeddable":true,"href":"https:\/\/www.jootjeshaakcadeautjes.nl\/de\/wp-json\/wp\/v2\/product_brand?post=255264"},{"taxonomy":"product_cat","embeddable":true,"href":"https:\/\/www.jootjeshaakcadeautjes.nl\/de\/wp-json\/wp\/v2\/product_cat?post=255264"},{"taxonomy":"product_tag","embeddable":true,"href":"https:\/\/www.jootjeshaakcadeautjes.nl\/de\/wp-json\/wp\/v2\/product_tag?post=255264"}],"curies":[{"name":"wp","href":"https:\/\/api.w.org\/{rel}","templated":true}]}}