{"id":255794,"date":"2025-10-14T15:36:24","date_gmt":"2025-10-14T13:36:24","guid":{"rendered":"https:\/\/www.jootjeshaakcadeautjes.nl\/?post_type=product&#038;p=255794"},"modified":"2026-04-26T13:12:54","modified_gmt":"2026-04-26T11:12:54","slug":"silikonperle-blume-ganseblumchen-22-mm-blute-kokosnuss-kopie","status":"publish","type":"product","link":"https:\/\/www.jootjeshaakcadeautjes.nl\/de\/produkt\/silikonperle-blume-ganseblumchen-22-mm-blute-kokosnuss-kopie\/","title":{"rendered":"Silikonperle &#8211; Blume \/ G\u00e4nsebl\u00fcmchen &#8211; 30 mm &#8211; Bl\u00fcte \/ Kokosnuss"},"content":{"rendered":"<h3>Silikonperle &#8211; Blume \/ G\u00e4nsebl\u00fcmchen &#8211; 30 mm &#8211; Bl\u00fcte \/ Kokosnuss<\/h3>\n<p>Diese neue Silikonperle in Form einer Blume ist in diesem Sommer sehr beliebt. Das h\u00fcbsche Blumendesign und die weichen\/frischen, aber auch neutralen Farben machen diese Perlen perfekt f\u00fcr jede Schnullerschnur oder jeden Bei\u00dfring.<\/p>\n<p>Die Silikonperle in Form einer Blume ist aus BPA-freiem Silikon hergestellt. Das bedeutet, dass die Produkte als sicher f\u00fcr die Verwendung in Kinderspielzeug befunden wurden. Die Silikonanwendung enth\u00e4lt keine sch\u00e4dlichen Substanzen. Unsere Produkte erf\u00fcllen daher alle erforderlichen Zertifizierungen, damit Sie sicheres Kinderspielzeug herstellen k\u00f6nnen. Achten Sie jedoch stets auf die Abnutzung von Spielzeug und werfen Sie es gegebenenfalls weg. Dies gilt f\u00fcr jede Art von Babyspielzeug. Es ist leider so, dass alles irgendwann einmal abgenutzt sein kann und dann steht nat\u00fcrlich die Sicherheit der Kleinen an erster Stelle.<\/p>\n<p>&nbsp;<\/p>\n","protected":false},"excerpt":{"rendered":"<p>Variante: Blume \/ G\u00e4nsebl\u00fcmchen &#8211; 30 mm &#8211; Bl\u00fcte \/ Kokosnuss<\/p>\n<p>Hergestellt aus BPA-freiem Silikon. V\u00f6llig frei von sch\u00e4dlichen Chemikalien, wie von den europ\u00e4ischen EN-71 Testkriterien vorgeschrieben und daher 100% kindersicher. <\/p>\n<p>Weitere Informationen zur Verwendung finden Sie unter<br \/>\nam Ende der Seite.<\/p>\n","protected":false},"featured_media":226309,"template":"","meta":[],"product_brand":[],"product_cat":[7380,7184,7389,6991,7979],"product_tag":[7993,7510,7385,7981,8003,9703,7419,7990,8000,7464,7416,7992,7986,7442,8133,7451,7214,7397,7199,7520,7211,7988],"class_list":{"0":"post-255794","1":"product","2":"type-product","3":"status-publish","4":"has-post-thumbnail","6":"product_cat-herstellung-von-baby-beisspielzeug-materialien-fur-schnuller-und-beisringe","7":"product_cat-neue-produkte","8":"product_cat-silikonperlen-all-multicoloured-luxury-beads","9":"product_cat-silikonperlen-bpa-frei-grosshandel","10":"product_cat-silikonperlen-ganseblumchen-ganseblumchen-ganseblumchen","11":"product_tag-30-de","12":"product_tag-baby-de","13":"product_tag-beisring","14":"product_tag-blume","15":"product_tag-blume-de","16":"product_tag-blute-de","17":"product_tag-bpa-de","18":"product_tag-einfadeln","19":"product_tag-ganseblumchen","20":"product_tag-groshandel","21":"product_tag-gummischnur","22":"product_tag-kauschmuck","23":"product_tag-kindersicher","24":"product_tag-kinderwagenkette","25":"product_tag-kokosnuss","26":"product_tag-kostenlos","27":"product_tag-machen","28":"product_tag-mm-de","29":"product_tag-perlen","30":"product_tag-sicher","31":"product_tag-silikon","32":"product_tag-zertifiziert","34":"first","35":"instock","36":"taxable","37":"shipping-taxable","38":"purchasable","39":"product-type-simple"},"bundled_by":[],"bundle_stock_status":"instock","bundle_stock_quantity":864,"bundle_virtual":false,"bundle_layout":"","bundle_add_to_cart_form_location":"","bundle_editable_in_cart":false,"bundle_sold_individually_context":"","bundle_item_grouping":"","bundle_min_size":"","bundle_max_size":"","bundle_price":[],"bundled_items":[],"bundle_sell_ids":[],"yoast_head":"<!-- This site is optimized with the Yoast SEO Premium plugin v27.4 (Yoast SEO v27.4) - https:\/\/yoast.com\/product\/yoast-seo-premium-wordpress\/ -->\n<title>Silikonperle - Blume \/ G\u00e4nsebl\u00fcmchen - 30 mm - Bl\u00fcte \/ Kokosnuss - Biss-Figur -<\/title>\n<meta name=\"description\" content=\"Silikonfigur Monstera Leaf BPA-frei, 100% kindersicher. F\u00fcr Bei\u00dfring oder Schnullerschnur. CE-zertifiziert EN71. F\u00fcr Jungen und M\u00e4dchen\" \/>\n<meta name=\"robots\" content=\"index, follow, max-snippet:-1, max-image-preview:large, max-video-preview:-1\" \/>\n<link rel=\"canonical\" href=\"https:\/\/www.jootjeshaakcadeautjes.nl\/de\/produkt\/silikonperle-blume-ganseblumchen-22-mm-blute-kokosnuss-kopie\/\" \/>\n<meta property=\"og:locale\" content=\"de_DE\" \/>\n<meta property=\"og:type\" content=\"article\" \/>\n<meta property=\"og:title\" content=\"Silikonperle - Blume \/ G\u00e4nsebl\u00fcmchen - 30 mm - Bl\u00fcte \/ Kokosnuss\" \/>\n<meta property=\"og:description\" content=\"Silikonfigur Monstera Leaf BPA-frei, 100% kindersicher. F\u00fcr Bei\u00dfring oder Schnullerschnur. CE-zertifiziert EN71. F\u00fcr Jungen und M\u00e4dchen\" \/>\n<meta property=\"og:url\" content=\"https:\/\/www.jootjeshaakcadeautjes.nl\/de\/produkt\/silikonperle-blume-ganseblumchen-22-mm-blute-kokosnuss-kopie\/\" \/>\n<meta property=\"og:site_name\" content=\"Jootjes Haakcadeautjes\" \/>\n<meta property=\"article:modified_time\" content=\"2026-04-26T11:12:54+00:00\" \/>\n<meta property=\"og:image\" content=\"https:\/\/d1dyryakdmle7o.cloudfront.net\/wp-content\/uploads\/2025\/05\/Naamloos-1295.webp\" \/>\n\t<meta property=\"og:image:width\" content=\"2048\" \/>\n\t<meta property=\"og:image:height\" content=\"2048\" \/>\n\t<meta property=\"og:image:type\" content=\"image\/webp\" \/>\n<meta name=\"twitter:card\" content=\"summary_large_image\" \/>\n<meta name=\"twitter:label1\" content=\"Preis\" \/>\n\t<meta name=\"twitter:data1\" content=\"&euro;0.85 inkl. MwSt.\" \/>\n\t<meta name=\"twitter:label2\" content=\"Verf\u00fcgbarkeit\" \/>\n\t<meta name=\"twitter:data2\" content=\"Auf Lager\" \/>\n<script type=\"application\/ld+json\" class=\"yoast-schema-graph\">{\"@context\":\"https:\\\/\\\/schema.org\",\"@graph\":[{\"@type\":\"WebPage\",\"@id\":\"https:\\\/\\\/www.jootjeshaakcadeautjes.nl\\\/de\\\/produkt\\\/silikonperle-blume-ganseblumchen-22-mm-blute-kokosnuss-kopie\\\/\",\"url\":\"https:\\\/\\\/www.jootjeshaakcadeautjes.nl\\\/de\\\/produkt\\\/silikonperle-blume-ganseblumchen-22-mm-blute-kokosnuss-kopie\\\/\",\"name\":\"Silikonperle - Blume \\\/ G\u00e4nsebl\u00fcmchen - 30 mm - Bl\u00fcte \\\/ Kokosnuss - Biss-Figur -\",\"isPartOf\":{\"@id\":\"https:\\\/\\\/www.jootjeshaakcadeautjes.nl\\\/de\\\/#website\"},\"primaryImageOfPage\":{\"@id\":\"https:\\\/\\\/www.jootjeshaakcadeautjes.nl\\\/de\\\/produkt\\\/silikonperle-blume-ganseblumchen-22-mm-blute-kokosnuss-kopie\\\/#primaryimage\"},\"image\":{\"@id\":\"https:\\\/\\\/www.jootjeshaakcadeautjes.nl\\\/de\\\/produkt\\\/silikonperle-blume-ganseblumchen-22-mm-blute-kokosnuss-kopie\\\/#primaryimage\"},\"thumbnailUrl\":\"https:\\\/\\\/d1dyryakdmle7o.cloudfront.net\\\/wp-content\\\/uploads\\\/2025\\\/05\\\/Naamloos-1295.webp\",\"datePublished\":\"2025-10-14T13:36:24+00:00\",\"dateModified\":\"2026-04-26T11:12:54+00:00\",\"description\":\"Silikonfigur Monstera Leaf BPA-frei, 100% kindersicher. F\u00fcr Bei\u00dfring oder Schnullerschnur. CE-zertifiziert EN71. F\u00fcr Jungen und M\u00e4dchen\",\"breadcrumb\":{\"@id\":\"https:\\\/\\\/www.jootjeshaakcadeautjes.nl\\\/de\\\/produkt\\\/silikonperle-blume-ganseblumchen-22-mm-blute-kokosnuss-kopie\\\/#breadcrumb\"},\"inLanguage\":\"de\",\"potentialAction\":[{\"@type\":\"ReadAction\",\"target\":[\"https:\\\/\\\/www.jootjeshaakcadeautjes.nl\\\/de\\\/produkt\\\/silikonperle-blume-ganseblumchen-22-mm-blute-kokosnuss-kopie\\\/\"]}]},{\"@type\":\"ImageObject\",\"inLanguage\":\"de\",\"@id\":\"https:\\\/\\\/www.jootjeshaakcadeautjes.nl\\\/de\\\/produkt\\\/silikonperle-blume-ganseblumchen-22-mm-blute-kokosnuss-kopie\\\/#primaryimage\",\"url\":\"https:\\\/\\\/d1dyryakdmle7o.cloudfront.net\\\/wp-content\\\/uploads\\\/2025\\\/05\\\/Naamloos-1295.webp\",\"contentUrl\":\"https:\\\/\\\/d1dyryakdmle7o.cloudfront.net\\\/wp-content\\\/uploads\\\/2025\\\/05\\\/Naamloos-1295.webp\",\"width\":2048,\"height\":2048},{\"@type\":\"BreadcrumbList\",\"@id\":\"https:\\\/\\\/www.jootjeshaakcadeautjes.nl\\\/de\\\/produkt\\\/silikonperle-blume-ganseblumchen-22-mm-blute-kokosnuss-kopie\\\/#breadcrumb\",\"itemListElement\":[{\"@type\":\"ListItem\",\"position\":1,\"name\":\"Startseite\",\"item\":\"https:\\\/\\\/www.jootjeshaakcadeautjes.nl\\\/de\\\/\"},{\"@type\":\"ListItem\",\"position\":2,\"name\":\"Gro\u00dfhandel mit Silikonperlen &#8211; Business und Consumer\",\"item\":\"https:\\\/\\\/www.jootjeshaakcadeautjes.nl\\\/de\\\/shop\\\/\"},{\"@type\":\"ListItem\",\"position\":3,\"name\":\"Silikonperle &#8211; Blume \\\/ G\u00e4nsebl\u00fcmchen &#8211; 30 mm &#8211; Bl\u00fcte \\\/ Kokosnuss\"}]},{\"@type\":\"WebSite\",\"@id\":\"https:\\\/\\\/www.jootjeshaakcadeautjes.nl\\\/de\\\/#website\",\"url\":\"https:\\\/\\\/www.jootjeshaakcadeautjes.nl\\\/de\\\/\",\"name\":\"Jootjes Haakcadeautjes\",\"description\":\"Silikonperlen Gro\u00dfhandel \",\"publisher\":{\"@id\":\"https:\\\/\\\/www.jootjeshaakcadeautjes.nl\\\/de\\\/#organization\"},\"potentialAction\":[{\"@type\":\"SearchAction\",\"target\":{\"@type\":\"EntryPoint\",\"urlTemplate\":\"https:\\\/\\\/www.jootjeshaakcadeautjes.nl\\\/de\\\/?s={search_term_string}\"},\"query-input\":{\"@type\":\"PropertyValueSpecification\",\"valueRequired\":true,\"valueName\":\"search_term_string\"}}],\"inLanguage\":\"de\"},{\"@type\":\"Organization\",\"@id\":\"https:\\\/\\\/www.jootjeshaakcadeautjes.nl\\\/de\\\/#organization\",\"name\":\"Jootjes Haakcadeautjes\",\"url\":\"https:\\\/\\\/www.jootjeshaakcadeautjes.nl\\\/de\\\/\",\"logo\":{\"@type\":\"ImageObject\",\"inLanguage\":\"de\",\"@id\":\"https:\\\/\\\/www.jootjeshaakcadeautjes.nl\\\/de\\\/#\\\/schema\\\/logo\\\/image\\\/\",\"url\":\"https:\\\/\\\/jootjes-haakcadeautjes-media.s3.amazonaws.com\\\/wp-content\\\/uploads\\\/2023\\\/05\\\/Logo-rond.png\",\"contentUrl\":\"https:\\\/\\\/jootjes-haakcadeautjes-media.s3.amazonaws.com\\\/wp-content\\\/uploads\\\/2023\\\/05\\\/Logo-rond.png\",\"width\":1222,\"height\":1222,\"caption\":\"Jootjes Haakcadeautjes\"},\"image\":{\"@id\":\"https:\\\/\\\/www.jootjeshaakcadeautjes.nl\\\/de\\\/#\\\/schema\\\/logo\\\/image\\\/\"}}]}<\/script>\n<meta property=\"product:price:amount\" content=\"0.85\" \/>\n<meta property=\"product:price:currency\" content=\"EUR\" \/>\n<meta property=\"og:availability\" content=\"instock\" \/>\n<meta property=\"product:availability\" content=\"instock\" \/>\n<meta property=\"product:retailer_item_id\" content=\"SIL-BL30-BLK\" \/>\n<meta property=\"product:condition\" content=\"new\" \/>\n<!-- \/ Yoast SEO Premium plugin. -->","yoast_head_json":{"title":"Silikonperle - Blume \/ G\u00e4nsebl\u00fcmchen - 30 mm - Bl\u00fcte \/ Kokosnuss - Biss-Figur -","description":"Silikonfigur Monstera Leaf BPA-frei, 100% kindersicher. F\u00fcr Bei\u00dfring oder Schnullerschnur. CE-zertifiziert EN71. F\u00fcr Jungen und M\u00e4dchen","robots":{"index":"index","follow":"follow","max-snippet":"max-snippet:-1","max-image-preview":"max-image-preview:large","max-video-preview":"max-video-preview:-1"},"canonical":"https:\/\/www.jootjeshaakcadeautjes.nl\/de\/produkt\/silikonperle-blume-ganseblumchen-22-mm-blute-kokosnuss-kopie\/","og_locale":"de_DE","og_type":"article","og_title":"Silikonperle - Blume \/ G\u00e4nsebl\u00fcmchen - 30 mm - Bl\u00fcte \/ Kokosnuss","og_description":"Silikonfigur Monstera Leaf BPA-frei, 100% kindersicher. F\u00fcr Bei\u00dfring oder Schnullerschnur. CE-zertifiziert EN71. F\u00fcr Jungen und M\u00e4dchen","og_url":"https:\/\/www.jootjeshaakcadeautjes.nl\/de\/produkt\/silikonperle-blume-ganseblumchen-22-mm-blute-kokosnuss-kopie\/","og_site_name":"Jootjes Haakcadeautjes","article_modified_time":"2026-04-26T11:12:54+00:00","og_image":[{"width":2048,"height":2048,"url":"https:\/\/d1dyryakdmle7o.cloudfront.net\/wp-content\/uploads\/2025\/05\/Naamloos-1295.webp","type":"image\/webp"}],"twitter_card":"summary_large_image","twitter_misc":{"Preis":"&euro;0.85 inkl. MwSt.","Verf\u00fcgbarkeit":"Auf Lager"},"schema":{"@context":"https:\/\/schema.org","@graph":[{"@type":"WebPage","@id":"https:\/\/www.jootjeshaakcadeautjes.nl\/de\/produkt\/silikonperle-blume-ganseblumchen-22-mm-blute-kokosnuss-kopie\/","url":"https:\/\/www.jootjeshaakcadeautjes.nl\/de\/produkt\/silikonperle-blume-ganseblumchen-22-mm-blute-kokosnuss-kopie\/","name":"Silikonperle - Blume \/ G\u00e4nsebl\u00fcmchen - 30 mm - Bl\u00fcte \/ Kokosnuss - Biss-Figur -","isPartOf":{"@id":"https:\/\/www.jootjeshaakcadeautjes.nl\/de\/#website"},"primaryImageOfPage":{"@id":"https:\/\/www.jootjeshaakcadeautjes.nl\/de\/produkt\/silikonperle-blume-ganseblumchen-22-mm-blute-kokosnuss-kopie\/#primaryimage"},"image":{"@id":"https:\/\/www.jootjeshaakcadeautjes.nl\/de\/produkt\/silikonperle-blume-ganseblumchen-22-mm-blute-kokosnuss-kopie\/#primaryimage"},"thumbnailUrl":"https:\/\/d1dyryakdmle7o.cloudfront.net\/wp-content\/uploads\/2025\/05\/Naamloos-1295.webp","datePublished":"2025-10-14T13:36:24+00:00","dateModified":"2026-04-26T11:12:54+00:00","description":"Silikonfigur Monstera Leaf BPA-frei, 100% kindersicher. F\u00fcr Bei\u00dfring oder Schnullerschnur. CE-zertifiziert EN71. F\u00fcr Jungen und M\u00e4dchen","breadcrumb":{"@id":"https:\/\/www.jootjeshaakcadeautjes.nl\/de\/produkt\/silikonperle-blume-ganseblumchen-22-mm-blute-kokosnuss-kopie\/#breadcrumb"},"inLanguage":"de","potentialAction":[{"@type":"ReadAction","target":["https:\/\/www.jootjeshaakcadeautjes.nl\/de\/produkt\/silikonperle-blume-ganseblumchen-22-mm-blute-kokosnuss-kopie\/"]}]},{"@type":"ImageObject","inLanguage":"de","@id":"https:\/\/www.jootjeshaakcadeautjes.nl\/de\/produkt\/silikonperle-blume-ganseblumchen-22-mm-blute-kokosnuss-kopie\/#primaryimage","url":"https:\/\/d1dyryakdmle7o.cloudfront.net\/wp-content\/uploads\/2025\/05\/Naamloos-1295.webp","contentUrl":"https:\/\/d1dyryakdmle7o.cloudfront.net\/wp-content\/uploads\/2025\/05\/Naamloos-1295.webp","width":2048,"height":2048},{"@type":"BreadcrumbList","@id":"https:\/\/www.jootjeshaakcadeautjes.nl\/de\/produkt\/silikonperle-blume-ganseblumchen-22-mm-blute-kokosnuss-kopie\/#breadcrumb","itemListElement":[{"@type":"ListItem","position":1,"name":"Startseite","item":"https:\/\/www.jootjeshaakcadeautjes.nl\/de\/"},{"@type":"ListItem","position":2,"name":"Gro\u00dfhandel mit Silikonperlen &#8211; Business und Consumer","item":"https:\/\/www.jootjeshaakcadeautjes.nl\/de\/shop\/"},{"@type":"ListItem","position":3,"name":"Silikonperle &#8211; Blume \/ G\u00e4nsebl\u00fcmchen &#8211; 30 mm &#8211; Bl\u00fcte \/ Kokosnuss"}]},{"@type":"WebSite","@id":"https:\/\/www.jootjeshaakcadeautjes.nl\/de\/#website","url":"https:\/\/www.jootjeshaakcadeautjes.nl\/de\/","name":"Jootjes Haakcadeautjes","description":"Silikonperlen Gro\u00dfhandel ","publisher":{"@id":"https:\/\/www.jootjeshaakcadeautjes.nl\/de\/#organization"},"potentialAction":[{"@type":"SearchAction","target":{"@type":"EntryPoint","urlTemplate":"https:\/\/www.jootjeshaakcadeautjes.nl\/de\/?s={search_term_string}"},"query-input":{"@type":"PropertyValueSpecification","valueRequired":true,"valueName":"search_term_string"}}],"inLanguage":"de"},{"@type":"Organization","@id":"https:\/\/www.jootjeshaakcadeautjes.nl\/de\/#organization","name":"Jootjes Haakcadeautjes","url":"https:\/\/www.jootjeshaakcadeautjes.nl\/de\/","logo":{"@type":"ImageObject","inLanguage":"de","@id":"https:\/\/www.jootjeshaakcadeautjes.nl\/de\/#\/schema\/logo\/image\/","url":"https:\/\/jootjes-haakcadeautjes-media.s3.amazonaws.com\/wp-content\/uploads\/2023\/05\/Logo-rond.png","contentUrl":"https:\/\/jootjes-haakcadeautjes-media.s3.amazonaws.com\/wp-content\/uploads\/2023\/05\/Logo-rond.png","width":1222,"height":1222,"caption":"Jootjes Haakcadeautjes"},"image":{"@id":"https:\/\/www.jootjeshaakcadeautjes.nl\/de\/#\/schema\/logo\/image\/"}}]},"product_price_amount":"0.85","product_price_currency":"EUR","og_availability":"instock","product_availability":"instock","product_retailer_item_id":"SIL-BL30-BLK","product_condition":"new"},"_links":{"self":[{"href":"https:\/\/www.jootjeshaakcadeautjes.nl\/de\/wp-json\/wp\/v2\/product\/255794","targetHints":{"allow":["GET"]}}],"collection":[{"href":"https:\/\/www.jootjeshaakcadeautjes.nl\/de\/wp-json\/wp\/v2\/product"}],"about":[{"href":"https:\/\/www.jootjeshaakcadeautjes.nl\/de\/wp-json\/wp\/v2\/types\/product"}],"version-history":[{"count":1,"href":"https:\/\/www.jootjeshaakcadeautjes.nl\/de\/wp-json\/wp\/v2\/product\/255794\/revisions"}],"predecessor-version":[{"id":279493,"href":"https:\/\/www.jootjeshaakcadeautjes.nl\/de\/wp-json\/wp\/v2\/product\/255794\/revisions\/279493"}],"wp:featuredmedia":[{"embeddable":true,"href":"https:\/\/www.jootjeshaakcadeautjes.nl\/de\/wp-json\/wp\/v2\/media\/226309"}],"wp:attachment":[{"href":"https:\/\/www.jootjeshaakcadeautjes.nl\/de\/wp-json\/wp\/v2\/media?parent=255794"}],"wp:term":[{"taxonomy":"product_brand","embeddable":true,"href":"https:\/\/www.jootjeshaakcadeautjes.nl\/de\/wp-json\/wp\/v2\/product_brand?post=255794"},{"taxonomy":"product_cat","embeddable":true,"href":"https:\/\/www.jootjeshaakcadeautjes.nl\/de\/wp-json\/wp\/v2\/product_cat?post=255794"},{"taxonomy":"product_tag","embeddable":true,"href":"https:\/\/www.jootjeshaakcadeautjes.nl\/de\/wp-json\/wp\/v2\/product_tag?post=255794"}],"curies":[{"name":"wp","href":"https:\/\/api.w.org\/{rel}","templated":true}]}}