{"id":256202,"date":"2025-10-18T02:25:29","date_gmt":"2025-10-18T00:25:29","guid":{"rendered":"https:\/\/www.jootjeshaakcadeautjes.nl\/?post_type=product&#038;p=256202"},"modified":"2026-04-20T11:19:55","modified_gmt":"2026-04-20T09:19:55","slug":"silikonperle-graviert-sinterklaas-roter-nugget-20-mm-kopie-3","status":"publish","type":"product","link":"https:\/\/www.jootjeshaakcadeautjes.nl\/de\/produkt\/silikonperle-graviert-sinterklaas-roter-nugget-20-mm-kopie-3\/","title":{"rendered":"Silikonperle &#8211; Graviert &#8211; Pete &#8211; Silikon-Nuggets &#8211; Mehrere Farben"},"content":{"rendered":"<h1>Silikonperle &#8211; Graviert &#8211; Pete &#8211; Silikon-Nuggets &#8211; Mehrere Farben<\/h1>\n<ul>\n<li>Speziell angefertigte Silikonperlen &#8211; 20 mm<\/li>\n<li>Diese Perlen werden mit einer speziellen, einzigartigen Fertigungstechnik hergestellt!<\/li>\n<li>Nuggets in mehreren Farben: Rose Gold, Gold, Kupfer, Rot, Blau, Rose, Silber, Schwarz, Titan, Champagner<\/li>\n<li>Graviert mit einer Pietje<\/li>\n<li>Bohrung von oben nach unten<\/li>\n<li>Hochwertiges, babysicheres Silikon<\/li>\n<li>Unbedenklich gem\u00e4\u00df den chemischen Tests nach EN-71<\/li>\n<\/ul>\n<p>Perfekt f\u00fcr die Verwendung auf unseren Weinkorken, Schl\u00fcsselanh\u00e4ngern, Flaschen\u00f6ffnern, Kleiderb\u00fcgeln und mehr.<\/p>\n","protected":false},"excerpt":{"rendered":"<ul>\n<li>Speziell angefertigte Silikonperlen &#8211; 20 mm<\/li>\n<li>Diese Perlen werden mit einer speziellen, einzigartigen Fertigungstechnik hergestellt!<\/li>\n<li>Nuggets in mehreren Farben: Rose Gold, Gold, Kupfer, Rot, Blau, Rose, Silber, Schwarz, Titan, Champagner<\/li>\n<li>Graviert mit einer Pietje<\/li>\n<li>Bohrung von oben nach unten<\/li>\n<li>Hochwertiges, babysicheres Silikon<\/li>\n<li>Unbedenklich gem\u00e4\u00df den chemischen Tests nach EN-71<\/li>\n<\/ul>\n<p>Perfekt f\u00fcr die Verwendung auf unseren Weinkorken, Schl\u00fcsselanh\u00e4ngern, Flaschen\u00f6ffnern, Kleiderb\u00fcgeln und mehr.<\/p>\n","protected":false},"featured_media":256275,"template":"","meta":[],"product_brand":[],"product_cat":[16044,6995,7184,18290],"product_tag":[7226,8039,8048,16260,8041,8036,7400,8042,8032,8029,7935,8034,7919,16125,7950,8222,8345,8027,7199,7223,18326,8038,8043,7444,7211,9346,7425,8580,7945,7930,8040,8028],"class_list":{"0":"post-256202","1":"product","2":"type-product","3":"status-publish","4":"has-post-thumbnail","6":"product_cat-gravierte-silikonperlen-fur-schnullerschnur-und-beisring","7":"product_cat-lasergravieren-alle-produkte","8":"product_cat-neue-produkte","9":"product_cat-thema-sinterklaas","10":"product_tag-aufreihbar","11":"product_tag-benutzerdefinierte","12":"product_tag-bieroffner","13":"product_tag-briefoffner","14":"product_tag-eigene","15":"product_tag-eingraviert-de","16":"product_tag-eingraviert","17":"product_tag-entwurf","18":"product_tag-ferien","19":"product_tag-flasche","20":"product_tag-flaschenoffner","21":"product_tag-gelasert","22":"product_tag-grose","23":"product_tag-heftzwecken","24":"product_tag-jaszipper-de","25":"product_tag-kupfer","26":"product_tag-notizbuch","27":"product_tag-nugget-de","28":"product_tag-perlen","29":"product_tag-personalisierte","30":"product_tag-piet","31":"product_tag-prasentiert","32":"product_tag-roter-nugget","33":"product_tag-schlusselanhanger","34":"product_tag-silikon","35":"product_tag-sinterklaas-de","36":"product_tag-stift","37":"product_tag-stifte","38":"product_tag-taschenaufhanger-de","39":"product_tag-weinkorken","40":"product_tag-wunsch","41":"product_tag-zu","43":"first","44":"instock","45":"taxable","46":"shipping-taxable","47":"purchasable","48":"product-type-variable"},"bundled_by":[],"bundle_stock_status":"instock","bundle_stock_quantity":null,"bundle_virtual":false,"bundle_layout":"","bundle_add_to_cart_form_location":"","bundle_editable_in_cart":false,"bundle_sold_individually_context":"","bundle_item_grouping":"","bundle_min_size":"","bundle_max_size":"","bundle_price":[],"bundled_items":[],"bundle_sell_ids":[],"yoast_head":"<!-- This site is optimized with the Yoast SEO Premium plugin v27.4 (Yoast SEO v27.4) - https:\/\/yoast.com\/product\/yoast-seo-premium-wordpress\/ -->\n<title>Silikonperle - Gravur - Pete - 20 mm - Silikon<\/title>\n<meta name=\"description\" content=\"Gravierte Silikonperlen mit einem kleinen Pete oben drauf. Perfekt f\u00fcr einen Perlenstift, Weinstopper oder ein Notizbuch f\u00fcr Sinterklaas.\" \/>\n<meta name=\"robots\" content=\"index, follow, max-snippet:-1, max-image-preview:large, max-video-preview:-1\" \/>\n<link rel=\"canonical\" href=\"https:\/\/www.jootjeshaakcadeautjes.nl\/de\/produkt\/silikonperle-graviert-sinterklaas-roter-nugget-20-mm-kopie-3\/\" \/>\n<meta property=\"og:locale\" content=\"de_DE\" \/>\n<meta property=\"og:type\" content=\"article\" \/>\n<meta property=\"og:title\" content=\"Silikonperle - Graviert - Pete - Silikon-Nuggets - Mehrere Farben\" \/>\n<meta property=\"og:description\" content=\"Gravierte Silikonperlen mit einem kleinen Pete oben drauf. Perfekt f\u00fcr einen Perlenstift, Weinstopper oder ein Notizbuch f\u00fcr Sinterklaas.\" \/>\n<meta property=\"og:url\" content=\"https:\/\/www.jootjeshaakcadeautjes.nl\/de\/produkt\/silikonperle-graviert-sinterklaas-roter-nugget-20-mm-kopie-3\/\" \/>\n<meta property=\"og:site_name\" content=\"Jootjes Haakcadeautjes\" \/>\n<meta property=\"article:modified_time\" content=\"2026-04-20T09:19:55+00:00\" \/>\n<meta property=\"og:image\" content=\"https:\/\/d1dyryakdmle7o.cloudfront.net\/wp-content\/uploads\/2025\/10\/Pietjes_Grid_3x3_White-1.webp\" \/>\n\t<meta property=\"og:image:width\" content=\"2400\" \/>\n\t<meta property=\"og:image:height\" content=\"2400\" \/>\n\t<meta property=\"og:image:type\" content=\"image\/webp\" \/>\n<meta name=\"twitter:card\" content=\"summary_large_image\" \/>\n<meta name=\"twitter:label1\" content=\"Verf\u00fcgbarkeit\" \/>\n\t<meta name=\"twitter:data1\" content=\"Auf Lager\" \/>\n<script type=\"application\/ld+json\" class=\"yoast-schema-graph\">{\"@context\":\"https:\\\/\\\/schema.org\",\"@graph\":[{\"@type\":\"WebPage\",\"@id\":\"https:\\\/\\\/www.jootjeshaakcadeautjes.nl\\\/de\\\/produkt\\\/silikonperle-graviert-sinterklaas-roter-nugget-20-mm-kopie-3\\\/\",\"url\":\"https:\\\/\\\/www.jootjeshaakcadeautjes.nl\\\/de\\\/produkt\\\/silikonperle-graviert-sinterklaas-roter-nugget-20-mm-kopie-3\\\/\",\"name\":\"Silikonperle - Gravur - Pete - 20 mm - Silikon\",\"isPartOf\":{\"@id\":\"https:\\\/\\\/www.jootjeshaakcadeautjes.nl\\\/de\\\/#website\"},\"primaryImageOfPage\":{\"@id\":\"https:\\\/\\\/www.jootjeshaakcadeautjes.nl\\\/de\\\/produkt\\\/silikonperle-graviert-sinterklaas-roter-nugget-20-mm-kopie-3\\\/#primaryimage\"},\"image\":{\"@id\":\"https:\\\/\\\/www.jootjeshaakcadeautjes.nl\\\/de\\\/produkt\\\/silikonperle-graviert-sinterklaas-roter-nugget-20-mm-kopie-3\\\/#primaryimage\"},\"thumbnailUrl\":\"https:\\\/\\\/d1dyryakdmle7o.cloudfront.net\\\/wp-content\\\/uploads\\\/2025\\\/10\\\/Pietjes_Grid_3x3_White-1.webp\",\"datePublished\":\"2025-10-18T00:25:29+00:00\",\"dateModified\":\"2026-04-20T09:19:55+00:00\",\"description\":\"Gravierte Silikonperlen mit einem kleinen Pete oben drauf. Perfekt f\u00fcr einen Perlenstift, Weinstopper oder ein Notizbuch f\u00fcr Sinterklaas.\",\"breadcrumb\":{\"@id\":\"https:\\\/\\\/www.jootjeshaakcadeautjes.nl\\\/de\\\/produkt\\\/silikonperle-graviert-sinterklaas-roter-nugget-20-mm-kopie-3\\\/#breadcrumb\"},\"inLanguage\":\"de\",\"potentialAction\":[{\"@type\":\"ReadAction\",\"target\":[\"https:\\\/\\\/www.jootjeshaakcadeautjes.nl\\\/de\\\/produkt\\\/silikonperle-graviert-sinterklaas-roter-nugget-20-mm-kopie-3\\\/\"]}]},{\"@type\":\"ImageObject\",\"inLanguage\":\"de\",\"@id\":\"https:\\\/\\\/www.jootjeshaakcadeautjes.nl\\\/de\\\/produkt\\\/silikonperle-graviert-sinterklaas-roter-nugget-20-mm-kopie-3\\\/#primaryimage\",\"url\":\"https:\\\/\\\/d1dyryakdmle7o.cloudfront.net\\\/wp-content\\\/uploads\\\/2025\\\/10\\\/Pietjes_Grid_3x3_White-1.webp\",\"contentUrl\":\"https:\\\/\\\/d1dyryakdmle7o.cloudfront.net\\\/wp-content\\\/uploads\\\/2025\\\/10\\\/Pietjes_Grid_3x3_White-1.webp\",\"width\":2400,\"height\":2400},{\"@type\":\"BreadcrumbList\",\"@id\":\"https:\\\/\\\/www.jootjeshaakcadeautjes.nl\\\/de\\\/produkt\\\/silikonperle-graviert-sinterklaas-roter-nugget-20-mm-kopie-3\\\/#breadcrumb\",\"itemListElement\":[{\"@type\":\"ListItem\",\"position\":1,\"name\":\"Startseite\",\"item\":\"https:\\\/\\\/www.jootjeshaakcadeautjes.nl\\\/de\\\/\"},{\"@type\":\"ListItem\",\"position\":2,\"name\":\"Gro\u00dfhandel mit Silikonperlen &#8211; Business und Consumer\",\"item\":\"https:\\\/\\\/www.jootjeshaakcadeautjes.nl\\\/de\\\/shop\\\/\"},{\"@type\":\"ListItem\",\"position\":3,\"name\":\"Silikonperle &#8211; Graviert &#8211; Pete &#8211; Silikon-Nuggets &#8211; Mehrere Farben\"}]},{\"@type\":\"WebSite\",\"@id\":\"https:\\\/\\\/www.jootjeshaakcadeautjes.nl\\\/de\\\/#website\",\"url\":\"https:\\\/\\\/www.jootjeshaakcadeautjes.nl\\\/de\\\/\",\"name\":\"Jootjes Haakcadeautjes\",\"description\":\"Silikonperlen Gro\u00dfhandel \",\"publisher\":{\"@id\":\"https:\\\/\\\/www.jootjeshaakcadeautjes.nl\\\/de\\\/#organization\"},\"potentialAction\":[{\"@type\":\"SearchAction\",\"target\":{\"@type\":\"EntryPoint\",\"urlTemplate\":\"https:\\\/\\\/www.jootjeshaakcadeautjes.nl\\\/de\\\/?s={search_term_string}\"},\"query-input\":{\"@type\":\"PropertyValueSpecification\",\"valueRequired\":true,\"valueName\":\"search_term_string\"}}],\"inLanguage\":\"de\"},{\"@type\":\"Organization\",\"@id\":\"https:\\\/\\\/www.jootjeshaakcadeautjes.nl\\\/de\\\/#organization\",\"name\":\"Jootjes Haakcadeautjes\",\"url\":\"https:\\\/\\\/www.jootjeshaakcadeautjes.nl\\\/de\\\/\",\"logo\":{\"@type\":\"ImageObject\",\"inLanguage\":\"de\",\"@id\":\"https:\\\/\\\/www.jootjeshaakcadeautjes.nl\\\/de\\\/#\\\/schema\\\/logo\\\/image\\\/\",\"url\":\"https:\\\/\\\/jootjes-haakcadeautjes-media.s3.amazonaws.com\\\/wp-content\\\/uploads\\\/2023\\\/05\\\/Logo-rond.png\",\"contentUrl\":\"https:\\\/\\\/jootjes-haakcadeautjes-media.s3.amazonaws.com\\\/wp-content\\\/uploads\\\/2023\\\/05\\\/Logo-rond.png\",\"width\":1222,\"height\":1222,\"caption\":\"Jootjes Haakcadeautjes\"},\"image\":{\"@id\":\"https:\\\/\\\/www.jootjeshaakcadeautjes.nl\\\/de\\\/#\\\/schema\\\/logo\\\/image\\\/\"}}]}<\/script>\n<meta property=\"og:availability\" content=\"instock\" \/>\n<meta property=\"product:availability\" content=\"instock\" \/>\n<meta property=\"product:retailer_item_id\" content=\"GKRP-020\" \/>\n<meta property=\"product:condition\" content=\"new\" \/>\n<!-- \/ Yoast SEO Premium plugin. -->","yoast_head_json":{"title":"Silikonperle - Gravur - Pete - 20 mm - Silikon","description":"Gravierte Silikonperlen mit einem kleinen Pete oben drauf. Perfekt f\u00fcr einen Perlenstift, Weinstopper oder ein Notizbuch f\u00fcr Sinterklaas.","robots":{"index":"index","follow":"follow","max-snippet":"max-snippet:-1","max-image-preview":"max-image-preview:large","max-video-preview":"max-video-preview:-1"},"canonical":"https:\/\/www.jootjeshaakcadeautjes.nl\/de\/produkt\/silikonperle-graviert-sinterklaas-roter-nugget-20-mm-kopie-3\/","og_locale":"de_DE","og_type":"article","og_title":"Silikonperle - Graviert - Pete - Silikon-Nuggets - Mehrere Farben","og_description":"Gravierte Silikonperlen mit einem kleinen Pete oben drauf. Perfekt f\u00fcr einen Perlenstift, Weinstopper oder ein Notizbuch f\u00fcr Sinterklaas.","og_url":"https:\/\/www.jootjeshaakcadeautjes.nl\/de\/produkt\/silikonperle-graviert-sinterklaas-roter-nugget-20-mm-kopie-3\/","og_site_name":"Jootjes Haakcadeautjes","article_modified_time":"2026-04-20T09:19:55+00:00","og_image":[{"width":2400,"height":2400,"url":"https:\/\/d1dyryakdmle7o.cloudfront.net\/wp-content\/uploads\/2025\/10\/Pietjes_Grid_3x3_White-1.webp","type":"image\/webp"}],"twitter_card":"summary_large_image","twitter_misc":{"Verf\u00fcgbarkeit":"Auf Lager"},"schema":{"@context":"https:\/\/schema.org","@graph":[{"@type":"WebPage","@id":"https:\/\/www.jootjeshaakcadeautjes.nl\/de\/produkt\/silikonperle-graviert-sinterklaas-roter-nugget-20-mm-kopie-3\/","url":"https:\/\/www.jootjeshaakcadeautjes.nl\/de\/produkt\/silikonperle-graviert-sinterklaas-roter-nugget-20-mm-kopie-3\/","name":"Silikonperle - Gravur - Pete - 20 mm - Silikon","isPartOf":{"@id":"https:\/\/www.jootjeshaakcadeautjes.nl\/de\/#website"},"primaryImageOfPage":{"@id":"https:\/\/www.jootjeshaakcadeautjes.nl\/de\/produkt\/silikonperle-graviert-sinterklaas-roter-nugget-20-mm-kopie-3\/#primaryimage"},"image":{"@id":"https:\/\/www.jootjeshaakcadeautjes.nl\/de\/produkt\/silikonperle-graviert-sinterklaas-roter-nugget-20-mm-kopie-3\/#primaryimage"},"thumbnailUrl":"https:\/\/d1dyryakdmle7o.cloudfront.net\/wp-content\/uploads\/2025\/10\/Pietjes_Grid_3x3_White-1.webp","datePublished":"2025-10-18T00:25:29+00:00","dateModified":"2026-04-20T09:19:55+00:00","description":"Gravierte Silikonperlen mit einem kleinen Pete oben drauf. Perfekt f\u00fcr einen Perlenstift, Weinstopper oder ein Notizbuch f\u00fcr Sinterklaas.","breadcrumb":{"@id":"https:\/\/www.jootjeshaakcadeautjes.nl\/de\/produkt\/silikonperle-graviert-sinterklaas-roter-nugget-20-mm-kopie-3\/#breadcrumb"},"inLanguage":"de","potentialAction":[{"@type":"ReadAction","target":["https:\/\/www.jootjeshaakcadeautjes.nl\/de\/produkt\/silikonperle-graviert-sinterklaas-roter-nugget-20-mm-kopie-3\/"]}]},{"@type":"ImageObject","inLanguage":"de","@id":"https:\/\/www.jootjeshaakcadeautjes.nl\/de\/produkt\/silikonperle-graviert-sinterklaas-roter-nugget-20-mm-kopie-3\/#primaryimage","url":"https:\/\/d1dyryakdmle7o.cloudfront.net\/wp-content\/uploads\/2025\/10\/Pietjes_Grid_3x3_White-1.webp","contentUrl":"https:\/\/d1dyryakdmle7o.cloudfront.net\/wp-content\/uploads\/2025\/10\/Pietjes_Grid_3x3_White-1.webp","width":2400,"height":2400},{"@type":"BreadcrumbList","@id":"https:\/\/www.jootjeshaakcadeautjes.nl\/de\/produkt\/silikonperle-graviert-sinterklaas-roter-nugget-20-mm-kopie-3\/#breadcrumb","itemListElement":[{"@type":"ListItem","position":1,"name":"Startseite","item":"https:\/\/www.jootjeshaakcadeautjes.nl\/de\/"},{"@type":"ListItem","position":2,"name":"Gro\u00dfhandel mit Silikonperlen &#8211; Business und Consumer","item":"https:\/\/www.jootjeshaakcadeautjes.nl\/de\/shop\/"},{"@type":"ListItem","position":3,"name":"Silikonperle &#8211; Graviert &#8211; Pete &#8211; Silikon-Nuggets &#8211; Mehrere Farben"}]},{"@type":"WebSite","@id":"https:\/\/www.jootjeshaakcadeautjes.nl\/de\/#website","url":"https:\/\/www.jootjeshaakcadeautjes.nl\/de\/","name":"Jootjes Haakcadeautjes","description":"Silikonperlen Gro\u00dfhandel ","publisher":{"@id":"https:\/\/www.jootjeshaakcadeautjes.nl\/de\/#organization"},"potentialAction":[{"@type":"SearchAction","target":{"@type":"EntryPoint","urlTemplate":"https:\/\/www.jootjeshaakcadeautjes.nl\/de\/?s={search_term_string}"},"query-input":{"@type":"PropertyValueSpecification","valueRequired":true,"valueName":"search_term_string"}}],"inLanguage":"de"},{"@type":"Organization","@id":"https:\/\/www.jootjeshaakcadeautjes.nl\/de\/#organization","name":"Jootjes Haakcadeautjes","url":"https:\/\/www.jootjeshaakcadeautjes.nl\/de\/","logo":{"@type":"ImageObject","inLanguage":"de","@id":"https:\/\/www.jootjeshaakcadeautjes.nl\/de\/#\/schema\/logo\/image\/","url":"https:\/\/jootjes-haakcadeautjes-media.s3.amazonaws.com\/wp-content\/uploads\/2023\/05\/Logo-rond.png","contentUrl":"https:\/\/jootjes-haakcadeautjes-media.s3.amazonaws.com\/wp-content\/uploads\/2023\/05\/Logo-rond.png","width":1222,"height":1222,"caption":"Jootjes Haakcadeautjes"},"image":{"@id":"https:\/\/www.jootjeshaakcadeautjes.nl\/de\/#\/schema\/logo\/image\/"}}]},"og_availability":"instock","product_availability":"instock","product_retailer_item_id":"GKRP-020","product_condition":"new"},"_links":{"self":[{"href":"https:\/\/www.jootjeshaakcadeautjes.nl\/de\/wp-json\/wp\/v2\/product\/256202","targetHints":{"allow":["GET"]}}],"collection":[{"href":"https:\/\/www.jootjeshaakcadeautjes.nl\/de\/wp-json\/wp\/v2\/product"}],"about":[{"href":"https:\/\/www.jootjeshaakcadeautjes.nl\/de\/wp-json\/wp\/v2\/types\/product"}],"version-history":[{"count":1,"href":"https:\/\/www.jootjeshaakcadeautjes.nl\/de\/wp-json\/wp\/v2\/product\/256202\/revisions"}],"predecessor-version":[{"id":279466,"href":"https:\/\/www.jootjeshaakcadeautjes.nl\/de\/wp-json\/wp\/v2\/product\/256202\/revisions\/279466"}],"wp:featuredmedia":[{"embeddable":true,"href":"https:\/\/www.jootjeshaakcadeautjes.nl\/de\/wp-json\/wp\/v2\/media\/256275"}],"wp:attachment":[{"href":"https:\/\/www.jootjeshaakcadeautjes.nl\/de\/wp-json\/wp\/v2\/media?parent=256202"}],"wp:term":[{"taxonomy":"product_brand","embeddable":true,"href":"https:\/\/www.jootjeshaakcadeautjes.nl\/de\/wp-json\/wp\/v2\/product_brand?post=256202"},{"taxonomy":"product_cat","embeddable":true,"href":"https:\/\/www.jootjeshaakcadeautjes.nl\/de\/wp-json\/wp\/v2\/product_cat?post=256202"},{"taxonomy":"product_tag","embeddable":true,"href":"https:\/\/www.jootjeshaakcadeautjes.nl\/de\/wp-json\/wp\/v2\/product_tag?post=256202"}],"curies":[{"name":"wp","href":"https:\/\/api.w.org\/{rel}","templated":true}]}}