{"id":256725,"date":"2025-10-21T14:34:33","date_gmt":"2025-10-21T12:34:33","guid":{"rendered":"https:\/\/www.jootjeshaakcadeautjes.nl\/?post_type=product&#038;p=256725"},"modified":"2026-04-20T11:19:34","modified_gmt":"2026-04-20T09:19:34","slug":"silikonperlen-12-mm-rund-soft-purple-kopie","status":"publish","type":"product","link":"https:\/\/www.jootjeshaakcadeautjes.nl\/de\/produkt\/silikonperlen-12-mm-rund-soft-purple-kopie\/","title":{"rendered":"Silikonperlen 12 mm &#8211; Rund &#8211; Wicked Purple"},"content":{"rendered":"<h1>Silikonperlen 12 mm &#8211; Rund &#8211; Wicked Purple<\/h1>\n<h3>Spezifikationen:<\/h3>\n<ul>\n<li>Auch bekannt als: Silikonperlen f\u00fcr Bei\u00dfring<\/li>\n<li>Gr\u00f6\u00dfe: 12 mm<\/li>\n<li>Farbe: Wicked Purple<\/li>\n<\/ul>\n<p>Alle unsere Silikonkugeln sind 100% BPA-, blei-, toxin-, phthalat- und PVC-frei. Unsere Silikonkugeln sind daher von medizinischer Qualit\u00e4t und f\u00fcr die Verwendung in Kinderzahnspielzeug geeignet.  Die runden 20-mm-Perlen eignen sich u. a. f\u00fcr Bei\u00dfringe, Schnullerketten, Stillketten, Taschenanh\u00e4nger oder Babygymnastik.<\/p>\n<p>Den Rest unseres Silikonperlen-Sortiments finden Sie hier: <a href=\"https:\/\/www.jootjeshaakcadeautjes.nl\/de\/product-categorie\/herstellung-von-baby-beisspielzeug-materialien-fur-schnuller-und-beisringe\/silikonperlen-bpa-frei-grosshandel\/\">Silikonperlen<\/a>.<br \/>\nDie Holzperlen finden Sie hier: <a href=\"\/?product_cat=houten-kralen-kralen\">Holzperlen<\/a>.<\/p>\n<h3>Qualit\u00e4t und Sicherheit unserer Silikonperlen<\/h3>\n<p>Alle unsere Silikonperlen sind:<\/p>\n<ul>\n<li>BPA-frei<\/li>\n<li>Phthalat- und toxinfrei<\/li>\n<li>PVC-frei<\/li>\n<li>Bleifrei<\/li>\n<li>Geeignet f\u00fcr CE-zertifizierte Endprodukte<\/li>\n<li>Silikonperlen in medizinischer Qualit\u00e4t<\/li>\n<\/ul>\n<h4>Reparieren:<\/h4>\n<p>Die Silikonperlen lassen sich leicht auf eine Wachskordel oder Satinkordel auff\u00e4deln. Binden Sie den Silikonperlen-Bei\u00dfring enorm gut und mehrmals auf. <\/p>\n<h4>Reinigung:<\/h4>\n<p>Diese Silikonperlen in der Farbe Wicked Purple und der Gr\u00f6\u00dfe 12 mm rund sind daher sowohl f\u00fcr Babys als auch f\u00fcr \u00e4ltere Kinder geeignet, die gerne in etwas hineinbei\u00dfen. Die Perlen sind geeignet f\u00fcr CE-zertifizierte Fertigprodukte und sind robust. Daher nutzen sie sich kaum ab. Dar\u00fcber hinaus sind die Perlen leicht zu reinigen. Diese Silikonperlen k\u00f6nnen problemlos in die Sp\u00fclmaschine oder in Seifenwasser gegeben werden. Lassen Sie sie dann gr\u00fcndlich trocknen, bevor Sie sie wieder einem kleinen Kind geben. Die Silikonkugeln k\u00f6nnen auch im K\u00fchlschrank aufbewahrt werden.   Daher eignen sie sich sehr gut zur Schmerzlinderung beim Zahnen.<\/p>\n<p><em>Befestigen Sie die Silikonperlen immer ordnungsgem\u00e4\u00df und \u00fcberpr\u00fcfen Sie Ihre Kreationen regelm\u00e4\u00dfig, z. B. auf Abnutzung und Verschlei\u00df. Hierf\u00fcr sind Sie selbst verantwortlich.  Jootjes Haakcadeautjes pr\u00fcft Ihr fertiges Produkt nicht und kann daher keine Sch\u00e4den oder Lockerungen aufgrund von Abnutzung annehmen. Wir raten dazu, handgefertigtes Bei\u00dfspielzeug nur unter Aufsicht von Erwachsenen zu verwenden, um gef\u00e4hrliche Situationen zu vermeiden. <\/em><\/p>\n","protected":false},"excerpt":{"rendered":"<p>Farbcode Wicked Purple<\/p>\n<p>&#8211; Typ: Silikonperlen rund<br \/>\n&#8211; Gr\u00f6\u00dfe: 12 mm<br \/>\n&#8211; Verkauf pro St\u00fcck, nirgends billiger<br \/>\n&#8211; BPA-, Phthalate-, Blei-, PVC- und Toxinfrei<br \/>\n&#8211; Geeignet f\u00fcr CE-zertifiziertes Fertigprodukt<br \/>\n&#8211; Silikonperlen in medizinischer Qualit\u00e4t<br \/>\n&#8211; K\u00fchlbar im K\u00fchlschrank<br \/>\n&#8211; Sp\u00fclmaschinenfest<\/p>\n","protected":false},"featured_media":71364,"template":"","meta":[],"product_brand":[],"product_cat":[7380,7184,7524,6991,7191],"product_tag":[7531,7385,7419,7452,7464,7416,7442,7451,7397,7199,7574,7211,7483,7536,15146],"class_list":{"0":"post-256725","1":"product","2":"type-product","3":"status-publish","4":"has-post-thumbnail","6":"product_cat-herstellung-von-baby-beisspielzeug-materialien-fur-schnuller-und-beisringe","7":"product_cat-neue-produkte","8":"product_cat-silikonperlen-12-mm-rund","9":"product_cat-silikonperlen-bpa-frei-grosshandel","10":"product_cat-vollstandige-palette","11":"product_tag-12-de","12":"product_tag-beisring","13":"product_tag-bpa-de","14":"product_tag-bpa-frei","15":"product_tag-groshandel","16":"product_tag-gummischnur","17":"product_tag-kinderwagenkette","18":"product_tag-kostenlos","19":"product_tag-mm-de","20":"product_tag-perlen","21":"product_tag-perlen-de","22":"product_tag-silikon","23":"product_tag-silikon-de","24":"product_tag-um","25":"product_tag-verruchtes-lila","27":"first","28":"outofstock","29":"taxable","30":"shipping-taxable","31":"purchasable","32":"product-type-simple"},"bundled_by":[],"bundle_stock_status":"outofstock","bundle_stock_quantity":0,"bundle_virtual":false,"bundle_layout":"","bundle_add_to_cart_form_location":"","bundle_editable_in_cart":false,"bundle_sold_individually_context":"","bundle_item_grouping":"","bundle_min_size":"","bundle_max_size":"","bundle_price":[],"bundled_items":[],"bundle_sell_ids":[],"yoast_head":"<!-- This site is optimized with the Yoast SEO Premium plugin v26.4 (Yoast SEO v27.4) - https:\/\/yoast.com\/product\/yoast-seo-premium-wordpress\/ -->\n<title>Silikonperlen 12 mm - Rund - Wicked Purple - Jootjes Crochet pr\u00e4sentiert<\/title>\n<meta name=\"description\" content=\"Silikonperlen rund in der Farbe Soft Purple 12 mm, 100% BPA-, blei-, gift-, phthalat- und PVC-frei und CE-gekennzeichnet.\" \/>\n<meta name=\"robots\" content=\"index, follow, max-snippet:-1, max-image-preview:large, max-video-preview:-1\" \/>\n<link rel=\"canonical\" href=\"https:\/\/www.jootjeshaakcadeautjes.nl\/de\/produkt\/silikonperlen-12-mm-rund-soft-purple-kopie\/\" \/>\n<meta property=\"og:locale\" content=\"de_DE\" \/>\n<meta property=\"og:type\" content=\"article\" \/>\n<meta property=\"og:title\" content=\"Silikonperlen 12 mm - Rund - Wicked Purple\" \/>\n<meta property=\"og:description\" content=\"Silikonperlen rund in der Farbe Soft Purple 12 mm, 100% BPA-, blei-, gift-, phthalat- und PVC-frei und CE-gekennzeichnet.\" \/>\n<meta property=\"og:url\" content=\"https:\/\/www.jootjeshaakcadeautjes.nl\/de\/produkt\/silikonperlen-12-mm-rund-soft-purple-kopie\/\" \/>\n<meta property=\"og:site_name\" content=\"Jootjes Haakcadeautjes\" \/>\n<meta property=\"article:modified_time\" content=\"2026-04-20T09:19:34+00:00\" \/>\n<meta property=\"og:image\" content=\"https:\/\/d1dyryakdmle7o.cloudfront.net\/wp-content\/uploads\/2020\/08\/Siliconen-kralen-19-mm-bpa-vrij-baby-veilig-speenkoord-wicked-paars.jpg\" \/>\n\t<meta property=\"og:image:width\" content=\"1601\" \/>\n\t<meta property=\"og:image:height\" content=\"1601\" \/>\n\t<meta property=\"og:image:type\" content=\"image\/jpeg\" \/>\n<meta name=\"twitter:card\" content=\"summary_large_image\" \/>\n<meta name=\"twitter:label1\" content=\"Preis\" \/>\n\t<meta name=\"twitter:data1\" content=\"&euro;0.22 inkl. MwSt.\" \/>\n\t<meta name=\"twitter:label2\" content=\"Verf\u00fcgbarkeit\" \/>\n\t<meta name=\"twitter:data2\" content=\"ausverkauft\" \/>\n<script type=\"application\/ld+json\" class=\"yoast-schema-graph\">{\"@context\":\"https:\\\/\\\/schema.org\",\"@graph\":[{\"@type\":\"WebPage\",\"@id\":\"https:\\\/\\\/www.jootjeshaakcadeautjes.nl\\\/de\\\/produkt\\\/silikonperlen-12-mm-rund-soft-purple-kopie\\\/\",\"url\":\"https:\\\/\\\/www.jootjeshaakcadeautjes.nl\\\/de\\\/produkt\\\/silikonperlen-12-mm-rund-soft-purple-kopie\\\/\",\"name\":\"Silikonperlen 12 mm - Rund - Wicked Purple - Jootjes Crochet pr\u00e4sentiert\",\"isPartOf\":{\"@id\":\"https:\\\/\\\/www.jootjeshaakcadeautjes.nl\\\/de\\\/#website\"},\"primaryImageOfPage\":{\"@id\":\"https:\\\/\\\/www.jootjeshaakcadeautjes.nl\\\/de\\\/produkt\\\/silikonperlen-12-mm-rund-soft-purple-kopie\\\/#primaryimage\"},\"image\":{\"@id\":\"https:\\\/\\\/www.jootjeshaakcadeautjes.nl\\\/de\\\/produkt\\\/silikonperlen-12-mm-rund-soft-purple-kopie\\\/#primaryimage\"},\"thumbnailUrl\":\"https:\\\/\\\/d1dyryakdmle7o.cloudfront.net\\\/wp-content\\\/uploads\\\/2020\\\/08\\\/Siliconen-kralen-19-mm-bpa-vrij-baby-veilig-speenkoord-wicked-paars.jpg\",\"datePublished\":\"2025-10-21T12:34:33+00:00\",\"dateModified\":\"2026-04-20T09:19:34+00:00\",\"description\":\"Silikonperlen rund in der Farbe Soft Purple 12 mm, 100% BPA-, blei-, gift-, phthalat- und PVC-frei und CE-gekennzeichnet.\",\"breadcrumb\":{\"@id\":\"https:\\\/\\\/www.jootjeshaakcadeautjes.nl\\\/de\\\/produkt\\\/silikonperlen-12-mm-rund-soft-purple-kopie\\\/#breadcrumb\"},\"inLanguage\":\"de\",\"potentialAction\":[{\"@type\":\"ReadAction\",\"target\":[\"https:\\\/\\\/www.jootjeshaakcadeautjes.nl\\\/de\\\/produkt\\\/silikonperlen-12-mm-rund-soft-purple-kopie\\\/\"]}]},{\"@type\":\"ImageObject\",\"inLanguage\":\"de\",\"@id\":\"https:\\\/\\\/www.jootjeshaakcadeautjes.nl\\\/de\\\/produkt\\\/silikonperlen-12-mm-rund-soft-purple-kopie\\\/#primaryimage\",\"url\":\"https:\\\/\\\/d1dyryakdmle7o.cloudfront.net\\\/wp-content\\\/uploads\\\/2020\\\/08\\\/Siliconen-kralen-19-mm-bpa-vrij-baby-veilig-speenkoord-wicked-paars.jpg\",\"contentUrl\":\"https:\\\/\\\/d1dyryakdmle7o.cloudfront.net\\\/wp-content\\\/uploads\\\/2020\\\/08\\\/Siliconen-kralen-19-mm-bpa-vrij-baby-veilig-speenkoord-wicked-paars.jpg\",\"width\":1601,\"height\":1601,\"caption\":\"Silikon Perlen 19 mm bpa frei Baby sicher Schnuller Schnur b\u00f6se lila\"},{\"@type\":\"BreadcrumbList\",\"@id\":\"https:\\\/\\\/www.jootjeshaakcadeautjes.nl\\\/de\\\/produkt\\\/silikonperlen-12-mm-rund-soft-purple-kopie\\\/#breadcrumb\",\"itemListElement\":[{\"@type\":\"ListItem\",\"position\":1,\"name\":\"Startseite\",\"item\":\"https:\\\/\\\/www.jootjeshaakcadeautjes.nl\\\/de\\\/\"},{\"@type\":\"ListItem\",\"position\":2,\"name\":\"Gro\u00dfhandel mit Silikonperlen &#8211; Business und Consumer\",\"item\":\"https:\\\/\\\/www.jootjeshaakcadeautjes.nl\\\/de\\\/shop\\\/\"},{\"@type\":\"ListItem\",\"position\":3,\"name\":\"Silikonperlen 12 mm &#8211; Rund &#8211; Wicked Purple\"}]},{\"@type\":\"WebSite\",\"@id\":\"https:\\\/\\\/www.jootjeshaakcadeautjes.nl\\\/de\\\/#website\",\"url\":\"https:\\\/\\\/www.jootjeshaakcadeautjes.nl\\\/de\\\/\",\"name\":\"Jootjes Haakcadeautjes\",\"description\":\"Silikonperlen Gro\u00dfhandel \",\"publisher\":{\"@id\":\"https:\\\/\\\/www.jootjeshaakcadeautjes.nl\\\/de\\\/#organization\"},\"potentialAction\":[{\"@type\":\"SearchAction\",\"target\":{\"@type\":\"EntryPoint\",\"urlTemplate\":\"https:\\\/\\\/www.jootjeshaakcadeautjes.nl\\\/de\\\/?s={search_term_string}\"},\"query-input\":{\"@type\":\"PropertyValueSpecification\",\"valueRequired\":true,\"valueName\":\"search_term_string\"}}],\"inLanguage\":\"de\"},{\"@type\":\"Organization\",\"@id\":\"https:\\\/\\\/www.jootjeshaakcadeautjes.nl\\\/de\\\/#organization\",\"name\":\"Jootjes Haakcadeautjes\",\"url\":\"https:\\\/\\\/www.jootjeshaakcadeautjes.nl\\\/de\\\/\",\"logo\":{\"@type\":\"ImageObject\",\"inLanguage\":\"de\",\"@id\":\"https:\\\/\\\/www.jootjeshaakcadeautjes.nl\\\/de\\\/#\\\/schema\\\/logo\\\/image\\\/\",\"url\":\"https:\\\/\\\/jootjes-haakcadeautjes-media.s3.amazonaws.com\\\/wp-content\\\/uploads\\\/2023\\\/05\\\/Logo-rond.png\",\"contentUrl\":\"https:\\\/\\\/jootjes-haakcadeautjes-media.s3.amazonaws.com\\\/wp-content\\\/uploads\\\/2023\\\/05\\\/Logo-rond.png\",\"width\":1222,\"height\":1222,\"caption\":\"Jootjes Haakcadeautjes\"},\"image\":{\"@id\":\"https:\\\/\\\/www.jootjeshaakcadeautjes.nl\\\/de\\\/#\\\/schema\\\/logo\\\/image\\\/\"}}]}<\/script>\n<meta property=\"product:price:amount\" content=\"0.22\" \/>\n<meta property=\"product:price:currency\" content=\"EUR\" \/>\n<meta property=\"og:availability\" content=\"out of stock\" \/>\n<meta property=\"product:availability\" content=\"out of stock\" \/>\n<meta property=\"product:retailer_item_id\" content=\"SKR-012-WIP\" \/>\n<meta property=\"product:condition\" content=\"new\" \/>\n<!-- \/ Yoast SEO Premium plugin. -->","yoast_head_json":{"title":"Silikonperlen 12 mm - Rund - Wicked Purple - Jootjes Crochet pr\u00e4sentiert","description":"Silikonperlen rund in der Farbe Soft Purple 12 mm, 100% BPA-, blei-, gift-, phthalat- und PVC-frei und CE-gekennzeichnet.","robots":{"index":"index","follow":"follow","max-snippet":"max-snippet:-1","max-image-preview":"max-image-preview:large","max-video-preview":"max-video-preview:-1"},"canonical":"https:\/\/www.jootjeshaakcadeautjes.nl\/de\/produkt\/silikonperlen-12-mm-rund-soft-purple-kopie\/","og_locale":"de_DE","og_type":"article","og_title":"Silikonperlen 12 mm - Rund - Wicked Purple","og_description":"Silikonperlen rund in der Farbe Soft Purple 12 mm, 100% BPA-, blei-, gift-, phthalat- und PVC-frei und CE-gekennzeichnet.","og_url":"https:\/\/www.jootjeshaakcadeautjes.nl\/de\/produkt\/silikonperlen-12-mm-rund-soft-purple-kopie\/","og_site_name":"Jootjes Haakcadeautjes","article_modified_time":"2026-04-20T09:19:34+00:00","og_image":[{"width":1601,"height":1601,"url":"https:\/\/d1dyryakdmle7o.cloudfront.net\/wp-content\/uploads\/2020\/08\/Siliconen-kralen-19-mm-bpa-vrij-baby-veilig-speenkoord-wicked-paars.jpg","type":"image\/jpeg"}],"twitter_card":"summary_large_image","twitter_misc":{"Preis":"&euro;0.22 inkl. MwSt.","Verf\u00fcgbarkeit":"ausverkauft"},"schema":{"@context":"https:\/\/schema.org","@graph":[{"@type":"WebPage","@id":"https:\/\/www.jootjeshaakcadeautjes.nl\/de\/produkt\/silikonperlen-12-mm-rund-soft-purple-kopie\/","url":"https:\/\/www.jootjeshaakcadeautjes.nl\/de\/produkt\/silikonperlen-12-mm-rund-soft-purple-kopie\/","name":"Silikonperlen 12 mm - Rund - Wicked Purple - Jootjes Crochet pr\u00e4sentiert","isPartOf":{"@id":"https:\/\/www.jootjeshaakcadeautjes.nl\/de\/#website"},"primaryImageOfPage":{"@id":"https:\/\/www.jootjeshaakcadeautjes.nl\/de\/produkt\/silikonperlen-12-mm-rund-soft-purple-kopie\/#primaryimage"},"image":{"@id":"https:\/\/www.jootjeshaakcadeautjes.nl\/de\/produkt\/silikonperlen-12-mm-rund-soft-purple-kopie\/#primaryimage"},"thumbnailUrl":"https:\/\/d1dyryakdmle7o.cloudfront.net\/wp-content\/uploads\/2020\/08\/Siliconen-kralen-19-mm-bpa-vrij-baby-veilig-speenkoord-wicked-paars.jpg","datePublished":"2025-10-21T12:34:33+00:00","dateModified":"2026-04-20T09:19:34+00:00","description":"Silikonperlen rund in der Farbe Soft Purple 12 mm, 100% BPA-, blei-, gift-, phthalat- und PVC-frei und CE-gekennzeichnet.","breadcrumb":{"@id":"https:\/\/www.jootjeshaakcadeautjes.nl\/de\/produkt\/silikonperlen-12-mm-rund-soft-purple-kopie\/#breadcrumb"},"inLanguage":"de","potentialAction":[{"@type":"ReadAction","target":["https:\/\/www.jootjeshaakcadeautjes.nl\/de\/produkt\/silikonperlen-12-mm-rund-soft-purple-kopie\/"]}]},{"@type":"ImageObject","inLanguage":"de","@id":"https:\/\/www.jootjeshaakcadeautjes.nl\/de\/produkt\/silikonperlen-12-mm-rund-soft-purple-kopie\/#primaryimage","url":"https:\/\/d1dyryakdmle7o.cloudfront.net\/wp-content\/uploads\/2020\/08\/Siliconen-kralen-19-mm-bpa-vrij-baby-veilig-speenkoord-wicked-paars.jpg","contentUrl":"https:\/\/d1dyryakdmle7o.cloudfront.net\/wp-content\/uploads\/2020\/08\/Siliconen-kralen-19-mm-bpa-vrij-baby-veilig-speenkoord-wicked-paars.jpg","width":1601,"height":1601,"caption":"Silikon Perlen 19 mm bpa frei Baby sicher Schnuller Schnur b\u00f6se lila"},{"@type":"BreadcrumbList","@id":"https:\/\/www.jootjeshaakcadeautjes.nl\/de\/produkt\/silikonperlen-12-mm-rund-soft-purple-kopie\/#breadcrumb","itemListElement":[{"@type":"ListItem","position":1,"name":"Startseite","item":"https:\/\/www.jootjeshaakcadeautjes.nl\/de\/"},{"@type":"ListItem","position":2,"name":"Gro\u00dfhandel mit Silikonperlen &#8211; Business und Consumer","item":"https:\/\/www.jootjeshaakcadeautjes.nl\/de\/shop\/"},{"@type":"ListItem","position":3,"name":"Silikonperlen 12 mm &#8211; Rund &#8211; Wicked Purple"}]},{"@type":"WebSite","@id":"https:\/\/www.jootjeshaakcadeautjes.nl\/de\/#website","url":"https:\/\/www.jootjeshaakcadeautjes.nl\/de\/","name":"Jootjes Haakcadeautjes","description":"Silikonperlen Gro\u00dfhandel ","publisher":{"@id":"https:\/\/www.jootjeshaakcadeautjes.nl\/de\/#organization"},"potentialAction":[{"@type":"SearchAction","target":{"@type":"EntryPoint","urlTemplate":"https:\/\/www.jootjeshaakcadeautjes.nl\/de\/?s={search_term_string}"},"query-input":{"@type":"PropertyValueSpecification","valueRequired":true,"valueName":"search_term_string"}}],"inLanguage":"de"},{"@type":"Organization","@id":"https:\/\/www.jootjeshaakcadeautjes.nl\/de\/#organization","name":"Jootjes Haakcadeautjes","url":"https:\/\/www.jootjeshaakcadeautjes.nl\/de\/","logo":{"@type":"ImageObject","inLanguage":"de","@id":"https:\/\/www.jootjeshaakcadeautjes.nl\/de\/#\/schema\/logo\/image\/","url":"https:\/\/jootjes-haakcadeautjes-media.s3.amazonaws.com\/wp-content\/uploads\/2023\/05\/Logo-rond.png","contentUrl":"https:\/\/jootjes-haakcadeautjes-media.s3.amazonaws.com\/wp-content\/uploads\/2023\/05\/Logo-rond.png","width":1222,"height":1222,"caption":"Jootjes Haakcadeautjes"},"image":{"@id":"https:\/\/www.jootjeshaakcadeautjes.nl\/de\/#\/schema\/logo\/image\/"}}]},"product_price_amount":"0.22","product_price_currency":"EUR","og_availability":"out of stock","product_availability":"out of stock","product_retailer_item_id":"SKR-012-WIP","product_condition":"new"},"_links":{"self":[{"href":"https:\/\/www.jootjeshaakcadeautjes.nl\/de\/wp-json\/wp\/v2\/product\/256725","targetHints":{"allow":["GET"]}}],"collection":[{"href":"https:\/\/www.jootjeshaakcadeautjes.nl\/de\/wp-json\/wp\/v2\/product"}],"about":[{"href":"https:\/\/www.jootjeshaakcadeautjes.nl\/de\/wp-json\/wp\/v2\/types\/product"}],"version-history":[{"count":1,"href":"https:\/\/www.jootjeshaakcadeautjes.nl\/de\/wp-json\/wp\/v2\/product\/256725\/revisions"}],"predecessor-version":[{"id":279458,"href":"https:\/\/www.jootjeshaakcadeautjes.nl\/de\/wp-json\/wp\/v2\/product\/256725\/revisions\/279458"}],"wp:featuredmedia":[{"embeddable":true,"href":"https:\/\/www.jootjeshaakcadeautjes.nl\/de\/wp-json\/wp\/v2\/media\/71364"}],"wp:attachment":[{"href":"https:\/\/www.jootjeshaakcadeautjes.nl\/de\/wp-json\/wp\/v2\/media?parent=256725"}],"wp:term":[{"taxonomy":"product_brand","embeddable":true,"href":"https:\/\/www.jootjeshaakcadeautjes.nl\/de\/wp-json\/wp\/v2\/product_brand?post=256725"},{"taxonomy":"product_cat","embeddable":true,"href":"https:\/\/www.jootjeshaakcadeautjes.nl\/de\/wp-json\/wp\/v2\/product_cat?post=256725"},{"taxonomy":"product_tag","embeddable":true,"href":"https:\/\/www.jootjeshaakcadeautjes.nl\/de\/wp-json\/wp\/v2\/product_tag?post=256725"}],"curies":[{"name":"wp","href":"https:\/\/api.w.org\/{rel}","templated":true}]}}