{"id":257654,"date":"2025-06-22T20:43:47","date_gmt":"2025-06-22T18:43:47","guid":{"rendered":"https:\/\/www.jootjeshaakcadeautjes.nl\/?post_type=product&p=257654"},"modified":"2026-04-20T11:22:19","modified_gmt":"2026-04-20T09:22:19","slug":"perlen-aus-silikon-mini-dots-zwischenplatte-taupe","status":"publish","type":"product","link":"https:\/\/www.jootjeshaakcadeautjes.nl\/de\/produkt\/perlen-aus-silikon-mini-dots-zwischenplatte-taupe\/","title":{"rendered":"Perlen aus Silikon &#8211; Mini Dots &#8211; Zwischenplatte &#8211; Taupe"},"content":{"rendered":"<h1>Perlen aus Silikon &#8211; Mini Dots &#8211; Zwischenplatte &#8211; Taupe<\/h1>\n<h3>Sp\u00e9cifications :<\/h3>\n<ul>\n<li>Auch bekannt unter dem Namen : Entretoise en perles de silicone pour lettres et perles<\/li>\n<li>Couleur : Taupe<\/li>\n<\/ul>\n<p>Alle unsere Silikonkappen sind zu 100 % frei von BPA, Plomben, Toxinen, Phtalaten und PVC. Unsere Silikondr\u00e4hte sind daher von medizinischer Qualit\u00e4t und eignen sich f\u00fcr Kinderzahnspangen. Die Perlen eignen sich hervorragend f\u00fcr die Herstellung von Zahnputzbechern, Zahnschn\u00fcren, Tragegurten, Beuteln oder Kinderturnschuhen und vielem mehr.  <\/p>\n<p>Le reste de notre gamme de perles en silicone se trouve ici : <a href=\"https:\/\/www.jootjeshaakcadeautjes.nl\/de\/product-categorie\/herstellung-von-baby-beisspielzeug-materialien-fur-schnuller-und-beisringe\/silikonperlen-bpa-frei-grosshandel\/\">perles en silicone<\/a>.<br \/>\nLes perles en bois se trouvent ici : <a href=\"\/?product_cat=houten-kralen-kralen\">perles en bois.<\/a><\/p>\n<h3>Qualit\u00e4t und Sicherheit unserer Silikonperlen<\/h3>\n<p>Toutes nos perles en silicone sont :<\/p>\n<ul>\n<li>Ohne BPA<\/li>\n<li>Ohne Phthalate und Toxine<\/li>\n<li>Ohne PVC<\/li>\n<li>Sans plomb<\/li>\n<li>Zertifiziert CE<\/li>\n<li>Perlen aus Silikon von medizinischer Qualit\u00e4t<\/li>\n<\/ul>\n<h4>Fixierung :<\/h4>\n<p>Die Perlen aus Silikon lassen sich leicht auf einem Kordel- oder Satinband anbringen. Attachez l&#8217;anneau de dentition rond en silicone tr\u00e8s bien et plusieurs fois. Diese Perlen eignen sich gut f\u00fcr die Einf\u00fcgung zwischen den Buchstabenperlen. Diese Perlen sind nicht nur eine angenehme Abwechslung, sondern erm\u00f6glichen es auch, ein Gebiss, in dem Sie Buchstabenperlen verwenden m\u00f6chten, runder zu machen. Die Buchstabenperlen aus Silikon sind in der Tat karriert. Wenn Sie sie in einem Gebiss ohne Zwischenst\u00fcck verwenden, erhalten Sie ein Segment, das sich nicht mit Ihnen dreht, sondern nach oben gerichtet bleibt. Durch die Form der Zwischenscheiben l\u00e4sst sich dieses Segment wieder aufrichten. M\u00eame lorsqu&#8217;il est utilis\u00e9 dans un faux cordon, ce faux cordon reste plus souple.    <\/p>\n<h4>Nettoyage :<\/h4>\n<p>Diese Perlen aus Silikon eignen sich sowohl f\u00fcr kleine Kinder als auch f\u00fcr \u00e4ltere Kinder, die sich gerne in etwas einmischen m\u00f6chten. Die Perlen sind CE-zertifiziert und robust.  Par cons\u00e9quent, ils ne&#8217;s&#8217;usent pratiquement pas. Dar\u00fcber hinaus sind die Perlen leicht zu reinigen. Diese Silikonperlen k\u00f6nnen problemlos in eine Waschmaschine oder in das Wasser gegeben werden. Laissez-les ensuite s\u00e9cher compl\u00e8tement avant de les donner \u00e0 nouveau \u00e0 un enfant. Die Silikonperlen k\u00f6nnen auch im K\u00fchlschrank aufbewahrt werden. Sie sind daher sehr n\u00fctzlich, um den Schmerz w\u00e4hrend der Zahnbehandlungen zu lindern.  <\/p>\n<p><em>Befestigen Sie die Silikonperlen immer korrekt und kontrollieren Sie Ihre Kreationen regelm\u00e4\u00dfig, z. B. um sicherzustellen, dass sie nicht benutzt werden. Sie sind f\u00fcr sich selbst verantwortlich. Jootjes Haakcadeautjes hat keine Kontrolle \u00fcber das fertige Produkt und kann daher nicht f\u00fcr Sch\u00e4den oder R\u00fcckf\u00e4lle verantwortlich gemacht werden, die durch den Gebrauch entstanden sind. Wir raten Ihnen, die Zahnpasta nur unter der Aufsicht eines Erwachsenen zu benutzen, um eine gef\u00e4hrliche Situation zu vermeiden.   <\/em><\/p>\n<h3>Womit lassen sich diese Perlen gut kombinieren?<\/h3>\n<p>Toutes nos perles se combinent bien entre elles. Wir f\u00fchren die gleichen Farben in der gr\u00f6\u00dftm\u00f6glichen Anzahl von Perlenarten. Ce n&#8217;est pas toujours possible. Au\u00dferdem ist es am\u00fcsant, Farben und Formen zu kombinieren. Das stimuliert die Entwicklung des Kindes. Je bunter sie sind, desto besser ist es. Wie bereits erw\u00e4hnt, eignen sich diese Perlen sehr gut f\u00fcr eine Verwendung zusammen mit den Buchstabenperlen, sowohl in der Zahnpasta als auch in der Zahnschnur.     <\/p>\n<h4>Gegen die Entwicklung des Blicks eines Kindes ank\u00e4mpfen?<\/h4>\n<h4>C&#8217;est ainsi que se d\u00e9veloppe la vision d&#8217;un enfant:<\/h4>\n<p>Im Alter von einem Monat nimmt ein Baby vor allem den Netzkontrast zwischen Dunkelheit und Licht wahr. Die Konturen werden daraufhin sehr deutlich und die Farbprinzipien werden sichtbar. Am Anfang stehen die Farben Rot und Gr\u00fcn, sp\u00e4ter die Farben Blau und Jaune. Lange Zeit bleibt das Blau nur eine Nuance von Grau\/Noir. Die wirkliche Vision &#8220;bleue&#8221; entwickelt sich erst nach etwa sechs Monaten. Das hei\u00dft aber nicht, dass es keine angenehme Ver\u00e4nderung durch eine andere Farbperle gibt. Abgesehen von den Farben, beginnt ein Baby nach etwa zwei Monaten mit der Suche nach Details.    <\/p>\n<p>&nbsp;<\/p>\n<p>&nbsp;<\/p>\n<p>&nbsp;<\/p>\n","protected":false},"excerpt":{"rendered":"<p>Code couleur Taupe<\/p>\n<p>&#8211; Type : Perles d&#8217;espacement en silicone<br \/>\n&#8211; Vendu \u00e0 la pi\u00e8ce, nulle part moins cher<br \/>\n&#8211; Sans BPA, Phtalates, Plomb, PVC et poison<br \/>\n&#8211; Certifi\u00e9 CE<br \/>\n&#8211; Perles de silicone de qualit\u00e9 m\u00e9dicale<br \/>\n&#8211; Refroidissable au r\u00e9frig\u00e9rateur<br \/>\n&#8211; Lavable au lave-vaisselle<\/p>\n","protected":false},"featured_media":99563,"template":"","meta":[],"product_brand":[],"product_cat":[7380,7184,6991,17770],"product_tag":[7385,7419,7452,17216,7416,7442,7451,7549,17215,7397,7199,7490,7211,7483,7427,7499,7896,7557,7435],"class_list":{"0":"post-257654","1":"product","2":"type-product","3":"status-publish","4":"has-post-thumbnail","6":"product_cat-herstellung-von-baby-beisspielzeug-materialien-fur-schnuller-und-beisringe","7":"product_cat-neue-produkte","8":"product_cat-silikonperlen-bpa-frei-grosshandel","9":"product_cat-silikonperlen-mini-punkte-12-mm","10":"product_tag-beisring","11":"product_tag-bpa-de","12":"product_tag-bpa-frei","13":"product_tag-dots-de","14":"product_tag-gummischnur","15":"product_tag-kinderwagenkette","16":"product_tag-kostenlos","17":"product_tag-mini-de","18":"product_tag-mini-dots-de","19":"product_tag-mm-de","20":"product_tag-perlen","21":"product_tag-phthalate","22":"product_tag-silikon","23":"product_tag-silikon-de","24":"product_tag-still-halskette","25":"product_tag-taschenaufhanger","26":"product_tag-taupe-de","27":"product_tag-teiler","28":"product_tag-wulst","30":"first","31":"instock","32":"taxable","33":"shipping-taxable","34":"purchasable","35":"product-type-simple"},"bundled_by":[],"bundle_stock_status":"instock","bundle_stock_quantity":979,"bundle_virtual":false,"bundle_layout":"","bundle_add_to_cart_form_location":"","bundle_editable_in_cart":false,"bundle_sold_individually_context":"","bundle_item_grouping":"","bundle_min_size":"","bundle_max_size":"","bundle_price":[],"bundled_items":[],"bundle_sell_ids":[],"yoast_head":"<!-- This site is optimized with the Yoast SEO Premium plugin v27.4 (Yoast SEO v27.4) - https:\/\/yoast.com\/product\/yoast-seo-premium-wordpress\/ -->\n<title>Perlen aus Silikon - Mini Dots - Zwischenplatte - Taupe - JH | Sans BPA<\/title>\n<meta name=\"description\" content=\"Perle aus Silikon ovale Speckle alte Spitze 12 mm de diam\u00e8tre Sans BPA, sans plomb, sans toxins, sans phtalates et sans PVC, marqu\u00e9 CE.\" \/>\n<meta name=\"robots\" content=\"index, follow, max-snippet:-1, max-image-preview:large, max-video-preview:-1\" \/>\n<link rel=\"canonical\" href=\"https:\/\/www.jootjeshaakcadeautjes.nl\/de\/produkt\/perlen-aus-silikon-mini-dots-zwischenplatte-taupe\/\" \/>\n<meta property=\"og:locale\" content=\"de_DE\" \/>\n<meta property=\"og:type\" content=\"article\" \/>\n<meta property=\"og:title\" content=\"Perlen aus Silikon - Mini Dots - Zwischenplatte - Taupe\" \/>\n<meta property=\"og:description\" content=\"Perle aus Silikon ovale Speckle alte Spitze 12 mm de diam\u00e8tre Sans BPA, sans plomb, sans toxins, sans phtalates et sans PVC, marqu\u00e9 CE.\" \/>\n<meta property=\"og:url\" content=\"https:\/\/www.jootjeshaakcadeautjes.nl\/de\/produkt\/perlen-aus-silikon-mini-dots-zwischenplatte-taupe\/\" \/>\n<meta property=\"og:site_name\" content=\"Jootjes Haakcadeautjes\" \/>\n<meta property=\"article:modified_time\" content=\"2026-04-20T09:22:19+00:00\" \/>\n<meta property=\"og:image\" content=\"https:\/\/d1dyryakdmle7o.cloudfront.net\/wp-content\/uploads\/2023\/08\/Foto-volgt-1.jpg\" \/>\n\t<meta property=\"og:image:width\" content=\"1080\" \/>\n\t<meta property=\"og:image:height\" content=\"1080\" \/>\n\t<meta property=\"og:image:type\" content=\"image\/jpeg\" \/>\n<meta name=\"twitter:card\" content=\"summary_large_image\" \/>\n<meta name=\"twitter:label1\" content=\"Preis\" \/>\n\t<meta name=\"twitter:data1\" content=\"&euro;0.28 inkl. MwSt.\" \/>\n\t<meta name=\"twitter:label2\" content=\"Verf\u00fcgbarkeit\" \/>\n\t<meta name=\"twitter:data2\" content=\"Auf Lager\" \/>\n<script type=\"application\/ld+json\" class=\"yoast-schema-graph\">{\"@context\":\"https:\\\/\\\/schema.org\",\"@graph\":[{\"@type\":\"WebPage\",\"@id\":\"https:\\\/\\\/www.jootjeshaakcadeautjes.nl\\\/de\\\/produkt\\\/perlen-aus-silikon-mini-dots-zwischenplatte-taupe\\\/\",\"url\":\"https:\\\/\\\/www.jootjeshaakcadeautjes.nl\\\/de\\\/produkt\\\/perlen-aus-silikon-mini-dots-zwischenplatte-taupe\\\/\",\"name\":\"Perlen aus Silikon - Mini Dots - Zwischenplatte - Taupe - JH | Sans BPA\",\"isPartOf\":{\"@id\":\"https:\\\/\\\/www.jootjeshaakcadeautjes.nl\\\/de\\\/#website\"},\"primaryImageOfPage\":{\"@id\":\"https:\\\/\\\/www.jootjeshaakcadeautjes.nl\\\/de\\\/produkt\\\/perlen-aus-silikon-mini-dots-zwischenplatte-taupe\\\/#primaryimage\"},\"image\":{\"@id\":\"https:\\\/\\\/www.jootjeshaakcadeautjes.nl\\\/de\\\/produkt\\\/perlen-aus-silikon-mini-dots-zwischenplatte-taupe\\\/#primaryimage\"},\"thumbnailUrl\":\"https:\\\/\\\/d1dyryakdmle7o.cloudfront.net\\\/wp-content\\\/uploads\\\/2023\\\/08\\\/Foto-volgt-1.jpg\",\"datePublished\":\"2025-06-22T18:43:47+00:00\",\"dateModified\":\"2026-04-20T09:22:19+00:00\",\"description\":\"Perle aus Silikon ovale Speckle alte Spitze 12 mm de diam\u00e8tre Sans BPA, sans plomb, sans toxins, sans phtalates et sans PVC, marqu\u00e9 CE.\",\"breadcrumb\":{\"@id\":\"https:\\\/\\\/www.jootjeshaakcadeautjes.nl\\\/de\\\/produkt\\\/perlen-aus-silikon-mini-dots-zwischenplatte-taupe\\\/#breadcrumb\"},\"inLanguage\":\"de\",\"potentialAction\":[{\"@type\":\"ReadAction\",\"target\":[\"https:\\\/\\\/www.jootjeshaakcadeautjes.nl\\\/de\\\/produkt\\\/perlen-aus-silikon-mini-dots-zwischenplatte-taupe\\\/\"]}]},{\"@type\":\"ImageObject\",\"inLanguage\":\"de\",\"@id\":\"https:\\\/\\\/www.jootjeshaakcadeautjes.nl\\\/de\\\/produkt\\\/perlen-aus-silikon-mini-dots-zwischenplatte-taupe\\\/#primaryimage\",\"url\":\"https:\\\/\\\/d1dyryakdmle7o.cloudfront.net\\\/wp-content\\\/uploads\\\/2023\\\/08\\\/Foto-volgt-1.jpg\",\"contentUrl\":\"https:\\\/\\\/d1dyryakdmle7o.cloudfront.net\\\/wp-content\\\/uploads\\\/2023\\\/08\\\/Foto-volgt-1.jpg\",\"width\":1080,\"height\":1080,\"caption\":\"folgt\"},{\"@type\":\"BreadcrumbList\",\"@id\":\"https:\\\/\\\/www.jootjeshaakcadeautjes.nl\\\/de\\\/produkt\\\/perlen-aus-silikon-mini-dots-zwischenplatte-taupe\\\/#breadcrumb\",\"itemListElement\":[{\"@type\":\"ListItem\",\"position\":1,\"name\":\"Startseite\",\"item\":\"https:\\\/\\\/www.jootjeshaakcadeautjes.nl\\\/de\\\/\"},{\"@type\":\"ListItem\",\"position\":2,\"name\":\"Gro\u00dfhandel mit Silikonperlen &#8211; Business und Consumer\",\"item\":\"https:\\\/\\\/www.jootjeshaakcadeautjes.nl\\\/de\\\/shop\\\/\"},{\"@type\":\"ListItem\",\"position\":3,\"name\":\"Perlen aus Silikon &#8211; Mini Dots &#8211; Zwischenplatte &#8211; Taupe\"}]},{\"@type\":\"WebSite\",\"@id\":\"https:\\\/\\\/www.jootjeshaakcadeautjes.nl\\\/de\\\/#website\",\"url\":\"https:\\\/\\\/www.jootjeshaakcadeautjes.nl\\\/de\\\/\",\"name\":\"Jootjes Haakcadeautjes\",\"description\":\"Silikonperlen Gro\u00dfhandel \",\"publisher\":{\"@id\":\"https:\\\/\\\/www.jootjeshaakcadeautjes.nl\\\/de\\\/#organization\"},\"potentialAction\":[{\"@type\":\"SearchAction\",\"target\":{\"@type\":\"EntryPoint\",\"urlTemplate\":\"https:\\\/\\\/www.jootjeshaakcadeautjes.nl\\\/de\\\/?s={search_term_string}\"},\"query-input\":{\"@type\":\"PropertyValueSpecification\",\"valueRequired\":true,\"valueName\":\"search_term_string\"}}],\"inLanguage\":\"de\"},{\"@type\":\"Organization\",\"@id\":\"https:\\\/\\\/www.jootjeshaakcadeautjes.nl\\\/de\\\/#organization\",\"name\":\"Jootjes Haakcadeautjes\",\"url\":\"https:\\\/\\\/www.jootjeshaakcadeautjes.nl\\\/de\\\/\",\"logo\":{\"@type\":\"ImageObject\",\"inLanguage\":\"de\",\"@id\":\"https:\\\/\\\/www.jootjeshaakcadeautjes.nl\\\/de\\\/#\\\/schema\\\/logo\\\/image\\\/\",\"url\":\"https:\\\/\\\/jootjes-haakcadeautjes-media.s3.amazonaws.com\\\/wp-content\\\/uploads\\\/2023\\\/05\\\/Logo-rond.png\",\"contentUrl\":\"https:\\\/\\\/jootjes-haakcadeautjes-media.s3.amazonaws.com\\\/wp-content\\\/uploads\\\/2023\\\/05\\\/Logo-rond.png\",\"width\":1222,\"height\":1222,\"caption\":\"Jootjes Haakcadeautjes\"},\"image\":{\"@id\":\"https:\\\/\\\/www.jootjeshaakcadeautjes.nl\\\/de\\\/#\\\/schema\\\/logo\\\/image\\\/\"}}]}<\/script>\n<meta property=\"product:price:amount\" content=\"0.28\" \/>\n<meta property=\"product:price:currency\" content=\"EUR\" \/>\n<meta property=\"og:availability\" content=\"instock\" \/>\n<meta property=\"product:availability\" content=\"instock\" \/>\n<meta property=\"product:retailer_item_id\" content=\"SKR-MDO-TAU\" \/>\n<meta property=\"product:condition\" content=\"new\" \/>\n<!-- \/ Yoast SEO Premium plugin. -->","yoast_head_json":{"title":"Perlen aus Silikon - Mini Dots - Zwischenplatte - Taupe - JH | Sans BPA","description":"Perle aus Silikon ovale Speckle alte Spitze 12 mm de diam\u00e8tre Sans BPA, sans plomb, sans toxins, sans phtalates et sans PVC, marqu\u00e9 CE.","robots":{"index":"index","follow":"follow","max-snippet":"max-snippet:-1","max-image-preview":"max-image-preview:large","max-video-preview":"max-video-preview:-1"},"canonical":"https:\/\/www.jootjeshaakcadeautjes.nl\/de\/produkt\/perlen-aus-silikon-mini-dots-zwischenplatte-taupe\/","og_locale":"de_DE","og_type":"article","og_title":"Perlen aus Silikon - Mini Dots - Zwischenplatte - Taupe","og_description":"Perle aus Silikon ovale Speckle alte Spitze 12 mm de diam\u00e8tre Sans BPA, sans plomb, sans toxins, sans phtalates et sans PVC, marqu\u00e9 CE.","og_url":"https:\/\/www.jootjeshaakcadeautjes.nl\/de\/produkt\/perlen-aus-silikon-mini-dots-zwischenplatte-taupe\/","og_site_name":"Jootjes Haakcadeautjes","article_modified_time":"2026-04-20T09:22:19+00:00","og_image":[{"width":1080,"height":1080,"url":"https:\/\/d1dyryakdmle7o.cloudfront.net\/wp-content\/uploads\/2023\/08\/Foto-volgt-1.jpg","type":"image\/jpeg"}],"twitter_card":"summary_large_image","twitter_misc":{"Preis":"&euro;0.28 inkl. MwSt.","Verf\u00fcgbarkeit":"Auf Lager"},"schema":{"@context":"https:\/\/schema.org","@graph":[{"@type":"WebPage","@id":"https:\/\/www.jootjeshaakcadeautjes.nl\/de\/produkt\/perlen-aus-silikon-mini-dots-zwischenplatte-taupe\/","url":"https:\/\/www.jootjeshaakcadeautjes.nl\/de\/produkt\/perlen-aus-silikon-mini-dots-zwischenplatte-taupe\/","name":"Perlen aus Silikon - Mini Dots - Zwischenplatte - Taupe - JH | Sans BPA","isPartOf":{"@id":"https:\/\/www.jootjeshaakcadeautjes.nl\/de\/#website"},"primaryImageOfPage":{"@id":"https:\/\/www.jootjeshaakcadeautjes.nl\/de\/produkt\/perlen-aus-silikon-mini-dots-zwischenplatte-taupe\/#primaryimage"},"image":{"@id":"https:\/\/www.jootjeshaakcadeautjes.nl\/de\/produkt\/perlen-aus-silikon-mini-dots-zwischenplatte-taupe\/#primaryimage"},"thumbnailUrl":"https:\/\/d1dyryakdmle7o.cloudfront.net\/wp-content\/uploads\/2023\/08\/Foto-volgt-1.jpg","datePublished":"2025-06-22T18:43:47+00:00","dateModified":"2026-04-20T09:22:19+00:00","description":"Perle aus Silikon ovale Speckle alte Spitze 12 mm de diam\u00e8tre Sans BPA, sans plomb, sans toxins, sans phtalates et sans PVC, marqu\u00e9 CE.","breadcrumb":{"@id":"https:\/\/www.jootjeshaakcadeautjes.nl\/de\/produkt\/perlen-aus-silikon-mini-dots-zwischenplatte-taupe\/#breadcrumb"},"inLanguage":"de","potentialAction":[{"@type":"ReadAction","target":["https:\/\/www.jootjeshaakcadeautjes.nl\/de\/produkt\/perlen-aus-silikon-mini-dots-zwischenplatte-taupe\/"]}]},{"@type":"ImageObject","inLanguage":"de","@id":"https:\/\/www.jootjeshaakcadeautjes.nl\/de\/produkt\/perlen-aus-silikon-mini-dots-zwischenplatte-taupe\/#primaryimage","url":"https:\/\/d1dyryakdmle7o.cloudfront.net\/wp-content\/uploads\/2023\/08\/Foto-volgt-1.jpg","contentUrl":"https:\/\/d1dyryakdmle7o.cloudfront.net\/wp-content\/uploads\/2023\/08\/Foto-volgt-1.jpg","width":1080,"height":1080,"caption":"folgt"},{"@type":"BreadcrumbList","@id":"https:\/\/www.jootjeshaakcadeautjes.nl\/de\/produkt\/perlen-aus-silikon-mini-dots-zwischenplatte-taupe\/#breadcrumb","itemListElement":[{"@type":"ListItem","position":1,"name":"Startseite","item":"https:\/\/www.jootjeshaakcadeautjes.nl\/de\/"},{"@type":"ListItem","position":2,"name":"Gro\u00dfhandel mit Silikonperlen &#8211; Business und Consumer","item":"https:\/\/www.jootjeshaakcadeautjes.nl\/de\/shop\/"},{"@type":"ListItem","position":3,"name":"Perlen aus Silikon &#8211; Mini Dots &#8211; Zwischenplatte &#8211; Taupe"}]},{"@type":"WebSite","@id":"https:\/\/www.jootjeshaakcadeautjes.nl\/de\/#website","url":"https:\/\/www.jootjeshaakcadeautjes.nl\/de\/","name":"Jootjes Haakcadeautjes","description":"Silikonperlen Gro\u00dfhandel ","publisher":{"@id":"https:\/\/www.jootjeshaakcadeautjes.nl\/de\/#organization"},"potentialAction":[{"@type":"SearchAction","target":{"@type":"EntryPoint","urlTemplate":"https:\/\/www.jootjeshaakcadeautjes.nl\/de\/?s={search_term_string}"},"query-input":{"@type":"PropertyValueSpecification","valueRequired":true,"valueName":"search_term_string"}}],"inLanguage":"de"},{"@type":"Organization","@id":"https:\/\/www.jootjeshaakcadeautjes.nl\/de\/#organization","name":"Jootjes Haakcadeautjes","url":"https:\/\/www.jootjeshaakcadeautjes.nl\/de\/","logo":{"@type":"ImageObject","inLanguage":"de","@id":"https:\/\/www.jootjeshaakcadeautjes.nl\/de\/#\/schema\/logo\/image\/","url":"https:\/\/jootjes-haakcadeautjes-media.s3.amazonaws.com\/wp-content\/uploads\/2023\/05\/Logo-rond.png","contentUrl":"https:\/\/jootjes-haakcadeautjes-media.s3.amazonaws.com\/wp-content\/uploads\/2023\/05\/Logo-rond.png","width":1222,"height":1222,"caption":"Jootjes Haakcadeautjes"},"image":{"@id":"https:\/\/www.jootjeshaakcadeautjes.nl\/de\/#\/schema\/logo\/image\/"}}]},"product_price_amount":"0.28","product_price_currency":"EUR","og_availability":"instock","product_availability":"instock","product_retailer_item_id":"SKR-MDO-TAU","product_condition":"new"},"_links":{"self":[{"href":"https:\/\/www.jootjeshaakcadeautjes.nl\/de\/wp-json\/wp\/v2\/product\/257654","targetHints":{"allow":["GET"]}}],"collection":[{"href":"https:\/\/www.jootjeshaakcadeautjes.nl\/de\/wp-json\/wp\/v2\/product"}],"about":[{"href":"https:\/\/www.jootjeshaakcadeautjes.nl\/de\/wp-json\/wp\/v2\/types\/product"}],"version-history":[{"count":1,"href":"https:\/\/www.jootjeshaakcadeautjes.nl\/de\/wp-json\/wp\/v2\/product\/257654\/revisions"}],"predecessor-version":[{"id":279624,"href":"https:\/\/www.jootjeshaakcadeautjes.nl\/de\/wp-json\/wp\/v2\/product\/257654\/revisions\/279624"}],"wp:featuredmedia":[{"embeddable":true,"href":"https:\/\/www.jootjeshaakcadeautjes.nl\/de\/wp-json\/wp\/v2\/media\/99563"}],"wp:attachment":[{"href":"https:\/\/www.jootjeshaakcadeautjes.nl\/de\/wp-json\/wp\/v2\/media?parent=257654"}],"wp:term":[{"taxonomy":"product_brand","embeddable":true,"href":"https:\/\/www.jootjeshaakcadeautjes.nl\/de\/wp-json\/wp\/v2\/product_brand?post=257654"},{"taxonomy":"product_cat","embeddable":true,"href":"https:\/\/www.jootjeshaakcadeautjes.nl\/de\/wp-json\/wp\/v2\/product_cat?post=257654"},{"taxonomy":"product_tag","embeddable":true,"href":"https:\/\/www.jootjeshaakcadeautjes.nl\/de\/wp-json\/wp\/v2\/product_tag?post=257654"}],"curies":[{"name":"wp","href":"https:\/\/api.w.org\/{rel}","templated":true}]}}