{"id":263588,"date":"2025-12-14T16:59:19","date_gmt":"2025-12-14T15:59:19","guid":{"rendered":"https:\/\/www.jootjeshaakcadeautjes.nl\/?post_type=product&#038;p=263588"},"modified":"2026-04-20T11:19:16","modified_gmt":"2026-04-20T09:19:16","slug":"holzperle-30-mm-sechseck-buchenholz-kopie","status":"publish","type":"product","link":"https:\/\/www.jootjeshaakcadeautjes.nl\/de\/produkt\/holzperle-30-mm-sechseck-buchenholz-kopie\/","title":{"rendered":"Holzperle &#8211; 30 mm Sechskant &#8211; Buchenholz &#8211; gebohrt f\u00fcr Auff\u00e4delbaren Clip"},"content":{"rendered":"<h2><span style=\"color: #38002d\"><u>Buchen-Sechskant 30 mm &#8211; aufgebohrt f\u00fcr Heftklammer<\/u><\/span><\/h2>\n<p>Dieser 30-mm-Sechskant aus Buche ist speziell f\u00fcr die Verwendung mit unserem perlbaren Clip gebohrt. So k\u00f6nnen Sie im Handumdrehen einen sch\u00f6nen Fotohalter oder ein Namensschild herstellen. Zum Beispiel f\u00fcr den Esstisch.  <\/p>\n<p>Wie arbeiten Sie mit diesem Sechseck und den Perlenclips? Sie f\u00e4deln Ihre Perlen auf den Clip auf, geben etwas Fl\u00fcssigkleber in die Holzperle, am besten mit einer Hei\u00dfklebepistole, und stecken den Clip in das Loch. Der Block dient als Basis f\u00fcr diesen sch\u00f6nen Clip.  <\/p>\n<p>&nbsp;<\/p>\n","protected":false},"excerpt":{"rendered":"<p>Unbehandeltes, poliertes Buchenholz.<br \/>\nGeometrisch geschnittene Sechseckform.<br \/>\n30 mm Gr\u00f6\u00dfe.<\/p>\n<p>Achtung! Dieser Sechskant ist f\u00fcr die Verwendung mit unserem Beadable Clip aufgebohrt.<\/p>\n","protected":false},"featured_media":70062,"template":"","meta":[],"product_brand":[],"product_cat":[7380,9404,8045,9405,7184],"product_tag":[7993,8589,7385,9410,8047,8564,9406,7410,7416,7196,9341,7986,7442,7397,7199,8089,7434,7520,9408,9409],"class_list":{"0":"post-263588","1":"product","2":"type-product","3":"status-publish","4":"has-post-thumbnail","6":"product_cat-herstellung-von-baby-beisspielzeug-materialien-fur-schnuller-und-beisringe","7":"product_cat-holzperlen-buchenholz-schnullerschnur-und-beisring","8":"product_cat-holzperlen-schnullerband-und-beisring-alle-holzperlen","9":"product_cat-holzperlen-fur-makramee-und-hakeln","10":"product_cat-neue-produkte","11":"product_tag-30-de","12":"product_tag-30-mm-de","13":"product_tag-beisring","14":"product_tag-buche-de","15":"product_tag-buche","16":"product_tag-buchenholz-de","17":"product_tag-facette","18":"product_tag-geometrisch-de","19":"product_tag-gummischnur","20":"product_tag-holz","21":"product_tag-kinderfreundlich","22":"product_tag-kindersicher","23":"product_tag-kinderwagenkette","24":"product_tag-mm-de","25":"product_tag-perlen","26":"product_tag-roh","27":"product_tag-sechseck","28":"product_tag-sicher","29":"product_tag-unbehandelt","30":"product_tag-ungiftig","31":"product_shipping_class-paketversand-erforderlich","33":"first","34":"instock","35":"taxable","36":"shipping-taxable","37":"purchasable","38":"product-type-simple"},"bundled_by":["263744"],"bundle_stock_status":"instock","bundle_stock_quantity":223,"bundle_virtual":false,"bundle_layout":"","bundle_add_to_cart_form_location":"","bundle_editable_in_cart":false,"bundle_sold_individually_context":"","bundle_item_grouping":"","bundle_min_size":"","bundle_max_size":"","bundle_price":[],"bundled_items":[],"bundle_sell_ids":[],"yoast_head":"<!-- This site is optimized with the Yoast SEO Premium plugin v27.4 (Yoast SEO v27.4) - https:\/\/yoast.com\/product\/yoast-seo-premium-wordpress\/ -->\n<title>Buchenholz Perle Hexagon 20 mm - JootjesHaakcadeautjes - Gro\u00dfhandel<\/title>\n<meta name=\"description\" content=\"Buchenholzperlen Sechseck geometrisch 20 mm f\u00fcr Ihre Kinderwagenschnur, Bei\u00dfring oder Schnullerschnur. Sechseckige Perlen eignen sich hervorragend als Bei\u00dfspielzeug.\" \/>\n<meta name=\"robots\" content=\"index, follow, max-snippet:-1, max-image-preview:large, max-video-preview:-1\" \/>\n<link rel=\"canonical\" href=\"https:\/\/www.jootjeshaakcadeautjes.nl\/de\/produkt\/holzperle-30-mm-sechseck-buchenholz-kopie\/\" \/>\n<meta property=\"og:locale\" content=\"de_DE\" \/>\n<meta property=\"og:type\" content=\"article\" \/>\n<meta property=\"og:title\" content=\"Holzperle - 30 mm Sechskant - Buchenholz - gebohrt f\u00fcr Auff\u00e4delbaren Clip\" \/>\n<meta property=\"og:description\" content=\"Buchenholzperlen Sechseck geometrisch 20 mm f\u00fcr Ihre Kinderwagenschnur, Bei\u00dfring oder Schnullerschnur. Sechseckige Perlen eignen sich hervorragend als Bei\u00dfspielzeug.\" \/>\n<meta property=\"og:url\" content=\"https:\/\/www.jootjeshaakcadeautjes.nl\/de\/produkt\/holzperle-30-mm-sechseck-buchenholz-kopie\/\" \/>\n<meta property=\"og:site_name\" content=\"Jootjes Haakcadeautjes\" \/>\n<meta property=\"article:modified_time\" content=\"2026-04-20T09:19:16+00:00\" \/>\n<meta property=\"og:image\" content=\"https:\/\/d1dyryakdmle7o.cloudfront.net\/wp-content\/uploads\/2020\/06\/20200608_210105.jpg\" \/>\n\t<meta property=\"og:image:width\" content=\"726\" \/>\n\t<meta property=\"og:image:height\" content=\"725\" \/>\n\t<meta property=\"og:image:type\" content=\"image\/jpeg\" \/>\n<meta name=\"twitter:card\" content=\"summary_large_image\" \/>\n<meta name=\"twitter:label1\" content=\"Preis\" \/>\n\t<meta name=\"twitter:data1\" content=\"&euro;0.85 inkl. MwSt.\" \/>\n\t<meta name=\"twitter:label2\" content=\"Verf\u00fcgbarkeit\" \/>\n\t<meta name=\"twitter:data2\" content=\"Auf Lager\" \/>\n<script type=\"application\/ld+json\" class=\"yoast-schema-graph\">{\"@context\":\"https:\\\/\\\/schema.org\",\"@graph\":[{\"@type\":\"WebPage\",\"@id\":\"https:\\\/\\\/www.jootjeshaakcadeautjes.nl\\\/de\\\/produkt\\\/holzperle-30-mm-sechseck-buchenholz-kopie\\\/\",\"url\":\"https:\\\/\\\/www.jootjeshaakcadeautjes.nl\\\/de\\\/produkt\\\/holzperle-30-mm-sechseck-buchenholz-kopie\\\/\",\"name\":\"Buchenholz Perle Hexagon 20 mm - JootjesHaakcadeautjes - Gro\u00dfhandel\",\"isPartOf\":{\"@id\":\"https:\\\/\\\/www.jootjeshaakcadeautjes.nl\\\/de\\\/#website\"},\"primaryImageOfPage\":{\"@id\":\"https:\\\/\\\/www.jootjeshaakcadeautjes.nl\\\/de\\\/produkt\\\/holzperle-30-mm-sechseck-buchenholz-kopie\\\/#primaryimage\"},\"image\":{\"@id\":\"https:\\\/\\\/www.jootjeshaakcadeautjes.nl\\\/de\\\/produkt\\\/holzperle-30-mm-sechseck-buchenholz-kopie\\\/#primaryimage\"},\"thumbnailUrl\":\"https:\\\/\\\/d1dyryakdmle7o.cloudfront.net\\\/wp-content\\\/uploads\\\/2020\\\/06\\\/20200608_210105.jpg\",\"datePublished\":\"2025-12-14T15:59:19+00:00\",\"dateModified\":\"2026-04-20T09:19:16+00:00\",\"description\":\"Buchenholzperlen Sechseck geometrisch 20 mm f\u00fcr Ihre Kinderwagenschnur, Bei\u00dfring oder Schnullerschnur. Sechseckige Perlen eignen sich hervorragend als Bei\u00dfspielzeug.\",\"breadcrumb\":{\"@id\":\"https:\\\/\\\/www.jootjeshaakcadeautjes.nl\\\/de\\\/produkt\\\/holzperle-30-mm-sechseck-buchenholz-kopie\\\/#breadcrumb\"},\"inLanguage\":\"de\",\"potentialAction\":[{\"@type\":\"ReadAction\",\"target\":[\"https:\\\/\\\/www.jootjeshaakcadeautjes.nl\\\/de\\\/produkt\\\/holzperle-30-mm-sechseck-buchenholz-kopie\\\/\"]}]},{\"@type\":\"ImageObject\",\"inLanguage\":\"de\",\"@id\":\"https:\\\/\\\/www.jootjeshaakcadeautjes.nl\\\/de\\\/produkt\\\/holzperle-30-mm-sechseck-buchenholz-kopie\\\/#primaryimage\",\"url\":\"https:\\\/\\\/d1dyryakdmle7o.cloudfront.net\\\/wp-content\\\/uploads\\\/2020\\\/06\\\/20200608_210105.jpg\",\"contentUrl\":\"https:\\\/\\\/d1dyryakdmle7o.cloudfront.net\\\/wp-content\\\/uploads\\\/2020\\\/06\\\/20200608_210105.jpg\",\"width\":726,\"height\":725,\"caption\":\"Buche Holz Perle Sechseck 20 mm Baby Bei\u00dfspielzeug NEN CE sicher Baby Bei\u00dfring Kinderwagen Griff Schnuller Lanyard\"},{\"@type\":\"BreadcrumbList\",\"@id\":\"https:\\\/\\\/www.jootjeshaakcadeautjes.nl\\\/de\\\/produkt\\\/holzperle-30-mm-sechseck-buchenholz-kopie\\\/#breadcrumb\",\"itemListElement\":[{\"@type\":\"ListItem\",\"position\":1,\"name\":\"Startseite\",\"item\":\"https:\\\/\\\/www.jootjeshaakcadeautjes.nl\\\/de\\\/\"},{\"@type\":\"ListItem\",\"position\":2,\"name\":\"Gro\u00dfhandel mit Silikonperlen &#8211; Business und Consumer\",\"item\":\"https:\\\/\\\/www.jootjeshaakcadeautjes.nl\\\/de\\\/shop\\\/\"},{\"@type\":\"ListItem\",\"position\":3,\"name\":\"Holzperle &#8211; 30 mm Sechskant &#8211; Buchenholz &#8211; gebohrt f\u00fcr Auff\u00e4delbaren Clip\"}]},{\"@type\":\"WebSite\",\"@id\":\"https:\\\/\\\/www.jootjeshaakcadeautjes.nl\\\/de\\\/#website\",\"url\":\"https:\\\/\\\/www.jootjeshaakcadeautjes.nl\\\/de\\\/\",\"name\":\"Jootjes Haakcadeautjes\",\"description\":\"Silikonperlen Gro\u00dfhandel \",\"publisher\":{\"@id\":\"https:\\\/\\\/www.jootjeshaakcadeautjes.nl\\\/de\\\/#organization\"},\"potentialAction\":[{\"@type\":\"SearchAction\",\"target\":{\"@type\":\"EntryPoint\",\"urlTemplate\":\"https:\\\/\\\/www.jootjeshaakcadeautjes.nl\\\/de\\\/?s={search_term_string}\"},\"query-input\":{\"@type\":\"PropertyValueSpecification\",\"valueRequired\":true,\"valueName\":\"search_term_string\"}}],\"inLanguage\":\"de\"},{\"@type\":\"Organization\",\"@id\":\"https:\\\/\\\/www.jootjeshaakcadeautjes.nl\\\/de\\\/#organization\",\"name\":\"Jootjes Haakcadeautjes\",\"url\":\"https:\\\/\\\/www.jootjeshaakcadeautjes.nl\\\/de\\\/\",\"logo\":{\"@type\":\"ImageObject\",\"inLanguage\":\"de\",\"@id\":\"https:\\\/\\\/www.jootjeshaakcadeautjes.nl\\\/de\\\/#\\\/schema\\\/logo\\\/image\\\/\",\"url\":\"https:\\\/\\\/jootjes-haakcadeautjes-media.s3.amazonaws.com\\\/wp-content\\\/uploads\\\/2023\\\/05\\\/Logo-rond.png\",\"contentUrl\":\"https:\\\/\\\/jootjes-haakcadeautjes-media.s3.amazonaws.com\\\/wp-content\\\/uploads\\\/2023\\\/05\\\/Logo-rond.png\",\"width\":1222,\"height\":1222,\"caption\":\"Jootjes Haakcadeautjes\"},\"image\":{\"@id\":\"https:\\\/\\\/www.jootjeshaakcadeautjes.nl\\\/de\\\/#\\\/schema\\\/logo\\\/image\\\/\"}}]}<\/script>\n<meta property=\"product:price:amount\" content=\"0.85\" \/>\n<meta property=\"product:price:currency\" content=\"EUR\" \/>\n<meta property=\"og:availability\" content=\"instock\" \/>\n<meta property=\"product:availability\" content=\"instock\" \/>\n<meta property=\"product:retailer_item_id\" content=\"BHO-HEX-030-BCL\" \/>\n<meta property=\"product:condition\" content=\"new\" \/>\n<!-- \/ Yoast SEO Premium plugin. -->","yoast_head_json":{"title":"Buchenholz Perle Hexagon 20 mm - JootjesHaakcadeautjes - Gro\u00dfhandel","description":"Buchenholzperlen Sechseck geometrisch 20 mm f\u00fcr Ihre Kinderwagenschnur, Bei\u00dfring oder Schnullerschnur. Sechseckige Perlen eignen sich hervorragend als Bei\u00dfspielzeug.","robots":{"index":"index","follow":"follow","max-snippet":"max-snippet:-1","max-image-preview":"max-image-preview:large","max-video-preview":"max-video-preview:-1"},"canonical":"https:\/\/www.jootjeshaakcadeautjes.nl\/de\/produkt\/holzperle-30-mm-sechseck-buchenholz-kopie\/","og_locale":"de_DE","og_type":"article","og_title":"Holzperle - 30 mm Sechskant - Buchenholz - gebohrt f\u00fcr Auff\u00e4delbaren Clip","og_description":"Buchenholzperlen Sechseck geometrisch 20 mm f\u00fcr Ihre Kinderwagenschnur, Bei\u00dfring oder Schnullerschnur. Sechseckige Perlen eignen sich hervorragend als Bei\u00dfspielzeug.","og_url":"https:\/\/www.jootjeshaakcadeautjes.nl\/de\/produkt\/holzperle-30-mm-sechseck-buchenholz-kopie\/","og_site_name":"Jootjes Haakcadeautjes","article_modified_time":"2026-04-20T09:19:16+00:00","og_image":[{"width":726,"height":725,"url":"https:\/\/d1dyryakdmle7o.cloudfront.net\/wp-content\/uploads\/2020\/06\/20200608_210105.jpg","type":"image\/jpeg"}],"twitter_card":"summary_large_image","twitter_misc":{"Preis":"&euro;0.85 inkl. MwSt.","Verf\u00fcgbarkeit":"Auf Lager"},"schema":{"@context":"https:\/\/schema.org","@graph":[{"@type":"WebPage","@id":"https:\/\/www.jootjeshaakcadeautjes.nl\/de\/produkt\/holzperle-30-mm-sechseck-buchenholz-kopie\/","url":"https:\/\/www.jootjeshaakcadeautjes.nl\/de\/produkt\/holzperle-30-mm-sechseck-buchenholz-kopie\/","name":"Buchenholz Perle Hexagon 20 mm - JootjesHaakcadeautjes - Gro\u00dfhandel","isPartOf":{"@id":"https:\/\/www.jootjeshaakcadeautjes.nl\/de\/#website"},"primaryImageOfPage":{"@id":"https:\/\/www.jootjeshaakcadeautjes.nl\/de\/produkt\/holzperle-30-mm-sechseck-buchenholz-kopie\/#primaryimage"},"image":{"@id":"https:\/\/www.jootjeshaakcadeautjes.nl\/de\/produkt\/holzperle-30-mm-sechseck-buchenholz-kopie\/#primaryimage"},"thumbnailUrl":"https:\/\/d1dyryakdmle7o.cloudfront.net\/wp-content\/uploads\/2020\/06\/20200608_210105.jpg","datePublished":"2025-12-14T15:59:19+00:00","dateModified":"2026-04-20T09:19:16+00:00","description":"Buchenholzperlen Sechseck geometrisch 20 mm f\u00fcr Ihre Kinderwagenschnur, Bei\u00dfring oder Schnullerschnur. Sechseckige Perlen eignen sich hervorragend als Bei\u00dfspielzeug.","breadcrumb":{"@id":"https:\/\/www.jootjeshaakcadeautjes.nl\/de\/produkt\/holzperle-30-mm-sechseck-buchenholz-kopie\/#breadcrumb"},"inLanguage":"de","potentialAction":[{"@type":"ReadAction","target":["https:\/\/www.jootjeshaakcadeautjes.nl\/de\/produkt\/holzperle-30-mm-sechseck-buchenholz-kopie\/"]}]},{"@type":"ImageObject","inLanguage":"de","@id":"https:\/\/www.jootjeshaakcadeautjes.nl\/de\/produkt\/holzperle-30-mm-sechseck-buchenholz-kopie\/#primaryimage","url":"https:\/\/d1dyryakdmle7o.cloudfront.net\/wp-content\/uploads\/2020\/06\/20200608_210105.jpg","contentUrl":"https:\/\/d1dyryakdmle7o.cloudfront.net\/wp-content\/uploads\/2020\/06\/20200608_210105.jpg","width":726,"height":725,"caption":"Buche Holz Perle Sechseck 20 mm Baby Bei\u00dfspielzeug NEN CE sicher Baby Bei\u00dfring Kinderwagen Griff Schnuller Lanyard"},{"@type":"BreadcrumbList","@id":"https:\/\/www.jootjeshaakcadeautjes.nl\/de\/produkt\/holzperle-30-mm-sechseck-buchenholz-kopie\/#breadcrumb","itemListElement":[{"@type":"ListItem","position":1,"name":"Startseite","item":"https:\/\/www.jootjeshaakcadeautjes.nl\/de\/"},{"@type":"ListItem","position":2,"name":"Gro\u00dfhandel mit Silikonperlen &#8211; Business und Consumer","item":"https:\/\/www.jootjeshaakcadeautjes.nl\/de\/shop\/"},{"@type":"ListItem","position":3,"name":"Holzperle &#8211; 30 mm Sechskant &#8211; Buchenholz &#8211; gebohrt f\u00fcr Auff\u00e4delbaren Clip"}]},{"@type":"WebSite","@id":"https:\/\/www.jootjeshaakcadeautjes.nl\/de\/#website","url":"https:\/\/www.jootjeshaakcadeautjes.nl\/de\/","name":"Jootjes Haakcadeautjes","description":"Silikonperlen Gro\u00dfhandel ","publisher":{"@id":"https:\/\/www.jootjeshaakcadeautjes.nl\/de\/#organization"},"potentialAction":[{"@type":"SearchAction","target":{"@type":"EntryPoint","urlTemplate":"https:\/\/www.jootjeshaakcadeautjes.nl\/de\/?s={search_term_string}"},"query-input":{"@type":"PropertyValueSpecification","valueRequired":true,"valueName":"search_term_string"}}],"inLanguage":"de"},{"@type":"Organization","@id":"https:\/\/www.jootjeshaakcadeautjes.nl\/de\/#organization","name":"Jootjes Haakcadeautjes","url":"https:\/\/www.jootjeshaakcadeautjes.nl\/de\/","logo":{"@type":"ImageObject","inLanguage":"de","@id":"https:\/\/www.jootjeshaakcadeautjes.nl\/de\/#\/schema\/logo\/image\/","url":"https:\/\/jootjes-haakcadeautjes-media.s3.amazonaws.com\/wp-content\/uploads\/2023\/05\/Logo-rond.png","contentUrl":"https:\/\/jootjes-haakcadeautjes-media.s3.amazonaws.com\/wp-content\/uploads\/2023\/05\/Logo-rond.png","width":1222,"height":1222,"caption":"Jootjes Haakcadeautjes"},"image":{"@id":"https:\/\/www.jootjeshaakcadeautjes.nl\/de\/#\/schema\/logo\/image\/"}}]},"product_price_amount":"0.85","product_price_currency":"EUR","og_availability":"instock","product_availability":"instock","product_retailer_item_id":"BHO-HEX-030-BCL","product_condition":"new"},"_links":{"self":[{"href":"https:\/\/www.jootjeshaakcadeautjes.nl\/de\/wp-json\/wp\/v2\/product\/263588","targetHints":{"allow":["GET"]}}],"collection":[{"href":"https:\/\/www.jootjeshaakcadeautjes.nl\/de\/wp-json\/wp\/v2\/product"}],"about":[{"href":"https:\/\/www.jootjeshaakcadeautjes.nl\/de\/wp-json\/wp\/v2\/types\/product"}],"version-history":[{"count":2,"href":"https:\/\/www.jootjeshaakcadeautjes.nl\/de\/wp-json\/wp\/v2\/product\/263588\/revisions"}],"predecessor-version":[{"id":279438,"href":"https:\/\/www.jootjeshaakcadeautjes.nl\/de\/wp-json\/wp\/v2\/product\/263588\/revisions\/279438"}],"wp:featuredmedia":[{"embeddable":true,"href":"https:\/\/www.jootjeshaakcadeautjes.nl\/de\/wp-json\/wp\/v2\/media\/70062"}],"wp:attachment":[{"href":"https:\/\/www.jootjeshaakcadeautjes.nl\/de\/wp-json\/wp\/v2\/media?parent=263588"}],"wp:term":[{"taxonomy":"product_brand","embeddable":true,"href":"https:\/\/www.jootjeshaakcadeautjes.nl\/de\/wp-json\/wp\/v2\/product_brand?post=263588"},{"taxonomy":"product_cat","embeddable":true,"href":"https:\/\/www.jootjeshaakcadeautjes.nl\/de\/wp-json\/wp\/v2\/product_cat?post=263588"},{"taxonomy":"product_tag","embeddable":true,"href":"https:\/\/www.jootjeshaakcadeautjes.nl\/de\/wp-json\/wp\/v2\/product_tag?post=263588"}],"curies":[{"name":"wp","href":"https:\/\/api.w.org\/{rel}","templated":true}]}}