{"id":265250,"date":"2025-12-19T18:36:54","date_gmt":"2025-12-19T16:36:54","guid":{"rendered":"https:\/\/www.jootjeshaakcadeautjes.nl\/?post_type=product&#038;p=265250"},"modified":"2026-04-20T11:18:59","modified_gmt":"2026-04-20T09:18:59","slug":"graviertes-echophoto-plexiglas-led-kopie","status":"publish","type":"product","link":"https:\/\/www.jootjeshaakcadeautjes.nl\/de\/produkt\/graviertes-echophoto-plexiglas-led-kopie\/","title":{"rendered":"Ihr Logo &#8211; Graviert auf Plexiglas &#8211; LED"},"content":{"rendered":"<h2>Ihr Logo &#8211; Graviert auf Plexiglas &#8211; LED<\/h2>\n<p>Material: Plexiglas mit LED-St\u00e4nder, einstellbar in Hellwei\u00df und Warmwei\u00df.<br \/>\nWird mit USB-Kabel geliefert, ohne USB-Adapter.<\/p>\n<p data-start=\"0\" data-end=\"282\">Schaffen Sie einen echten Hingucker mit Ihrem Logo. Lassen Sie es auf eine wundersch\u00f6ne transparente Acrylplatte gravieren, die von einem <strong data-start=\"123\" data-end=\"140\">LED-St\u00e4nder<\/strong> wundersch\u00f6n beleuchtet wird. Dies ist ein echter Blickfang f\u00fcr jeden, der seine Materialien in den sozialen Medien verkauft. Verwenden Sie es in Ihren Fotos, Videos und auf Lives, um Ihre Marke und Ihre Produkte zu bewerben! Dies gibt eine solche schicke NEON Lichteffekt.    <\/p>\n<h3 data-start=\"284\" data-end=\"328\">Pers\u00f6nlich eingraviert, komplett individuell gestaltet<\/h3>\n<p data-start=\"329\" data-end=\"398\">Wir gravieren Ihr Design speziell f\u00fcr Sie. Senden Sie Ihr Logo per E-Mail an uns. <\/p>\n<h3 data-start=\"659\" data-end=\"692\">Was brauchen wir von Ihnen?<\/h3>\n<p>Wir gravieren gerne Texte und Logos, wobei wir uns an einige Richtlinien halten, um den Prozess reibungslos und klar zu gestalten.<\/p>\n<p>\u2705 <strong>Textgravur<\/strong>: Wir k\u00f6nnen Text in Standardschriftarten eingravieren, die auf jedem Computer verf\u00fcgbar sind. M\u00f6chten Sie eine bestimmte Schriftart, die nicht zum Standard geh\u00f6rt? Dann bitten wir Sie, diese Schriftart als Datei zu liefern.  <\/p>\n<p>\u2705 <strong>Logos und Bilder<\/strong>: Um ein Logo oder ein Bild zu gravieren, ben\u00f6tigen wir eine Schwarz-Wei\u00df-Datei (ohne Graut\u00f6ne oder Schatten). Dies gew\u00e4hrleistet die besten Ergebnisse. <\/p>\n<p>\ud83d\udd04 <strong>Kombination von Text und Bild<\/strong>: Sie haben einen Text und ein loses Logo oder Bild (z.B. einen B\u00e4ren)? Dann k\u00f6nnen wir diese zusammen formatieren und gravieren. Hier werden wir maximal 2 Anpassungen vornehmen und Text und Bild m\u00fcssen bekannt sein (bekannte Schriftart \/ Bilder werden mitgeliefert).  <\/p>\n<p data-start=\"851\" data-end=\"993\">&gt;&gt;  Wenn jedoch noch kein Logo vorhanden ist und wir es auf der Grundlage einer Beschreibung entwerfen m\u00fcssen, f\u00e4llt dies nicht in den Bereich der Gravur. Das Entwerfen eines Logos ist eine grafische Dienstleistung, die normalerweise 50 bis 100 \u20ac pro Entwurf kostet und in der Regel von einer Grafikagentur ausgef\u00fchrt wird. Je nach Ihren Anforderungen und gegen eine zus\u00e4tzliche Verg\u00fctung k\u00f6nnen wir diese Arbeit auch \u00fcbernehmen. Kontaktieren Sie uns im Voraus per E-Mail<a href=\"mailto:info@jootjeshaakcadeautjes.nl\">(info@jootjeshaakcadeautjes.nl)<\/a> f\u00fcr einen unverbindlichen Kostenvoranschlag.   <\/p>\n<h3 data-start=\"995\" data-end=\"1028\">Beleuchtungseinstellungen und Lieferung<\/h3>\n<ul data-start=\"1029\" data-end=\"1173\">\n<li data-start=\"1029\" data-end=\"1062\">\n<p data-start=\"1031\" data-end=\"1062\"><strong data-start=\"1031\" data-end=\"1062\">Plexiglas mit LED-St\u00e4nder<\/strong><\/p>\n<\/li>\n<li data-start=\"1063\" data-end=\"1119\">\n<p data-start=\"1065\" data-end=\"1119\">LED kann auf <strong data-start=\"1089\" data-end=\"1103\">Hellwei\u00df<\/strong> und <strong data-start=\"1107\" data-end=\"1119\">Warmwei\u00df<\/strong> eingestellt werden<\/p>\n<\/li>\n<li data-start=\"1120\" data-end=\"1148\">\n<p data-start=\"1122\" data-end=\"1148\">Wird mit <strong data-start=\"1135\" data-end=\"1148\">USB-Kabel<\/strong> geliefert<\/p>\n<\/li>\n<li data-start=\"1149\" data-end=\"1173\">\n<p data-start=\"1151\" data-end=\"1173\"><strong data-start=\"1151\" data-end=\"1173\">Ohne USB-Adapter<\/strong><\/p>\n<\/li>\n<\/ul>\n<h3 data-start=\"1175\" data-end=\"1215\">Datenlieferung nach Ihrer Bestellung<\/h3>\n<p data-start=\"1216\" data-end=\"1334\">Sie k\u00f6nnen die Daten nach der Bestellung digital \u00fcbermitteln. Senden Sie Ihre E-Mail an: <strong data-start=\"1301\" data-end=\"1334\"><a class=\"decorated-link cursor-pointer\" rel=\"noopener\" data-start=\"1303\" data-end=\"1332\">info@jootjeshaakcadeautjes.nl. <\/a><\/strong>  <\/p>\n","protected":false},"excerpt":{"rendered":"<p>Material: Plexiglas mit LED-St\u00e4nder, einstellbar in Hellwei\u00df und Warmwei\u00df.<br \/>\nLieferung mit USB-Kabel, ohne USB-Adapter.<\/p>\n<p>F\u00fcr weitere Informationen lesen Sie bitte unten auf der Seite weiter.<\/p>\n","protected":false},"featured_media":265259,"template":"","meta":[],"product_brand":[],"product_cat":[8227,7184],"product_tag":[8614,8039,8207,7400,19598,7394,8232,19593,19597,18879,18882,19596,8772,9157,7223,9054,19594,18881],"class_list":{"0":"post-265250","1":"product","2":"type-product","3":"status-publish","4":"has-post-thumbnail","6":"product_cat-lasergravur-nach-wunsch-eigener-text-bild-oder-marke","7":"product_cat-neue-produkte","8":"product_tag-acryl-de","9":"product_tag-benutzerdefinierte","10":"product_tag-benutzerdefinierte-de","11":"product_tag-eingraviert","12":"product_tag-gefuhrt","13":"product_tag-geschenk-de","14":"product_tag-gravur","15":"product_tag-ihr-logo","16":"product_tag-lebt","17":"product_tag-led-licht","18":"product_tag-led-stander","19":"product_tag-medien","20":"product_tag-namentlich","21":"product_tag-neon-de","22":"product_tag-personalisierte","23":"product_tag-personlich","24":"product_tag-sozial","25":"product_tag-usb","26":"product_shipping_class-paketversand-erforderlich","28":"first","29":"instock","30":"taxable","31":"shipping-taxable","32":"purchasable","33":"product-type-simple"},"bundled_by":[],"bundle_stock_status":"instock","bundle_stock_quantity":7,"bundle_virtual":false,"bundle_layout":"","bundle_add_to_cart_form_location":"","bundle_editable_in_cart":false,"bundle_sold_individually_context":"","bundle_item_grouping":"","bundle_min_size":"","bundle_max_size":"","bundle_price":[],"bundled_items":[],"bundle_sell_ids":[],"yoast_head":"<!-- This site is optimized with the Yoast SEO Premium plugin v27.4 (Yoast SEO v27.4) - https:\/\/yoast.com\/product\/yoast-seo-premium-wordpress\/ -->\n<title>Ihr Logo - Graviert auf Plexiglas - LED - Jootjes Haakcadeautjes<\/title>\n<meta name=\"description\" content=\"Ihr Logo eingraviert auf einer leuchtenden Plexiglasplatte! Der ultimative Marketingartikel f\u00fcr Ihre Fotos, Videos und Ihr Leben in den sozialen Medien! Mit LED-Holzsockel.\" \/>\n<meta name=\"robots\" content=\"index, follow, max-snippet:-1, max-image-preview:large, max-video-preview:-1\" \/>\n<link rel=\"canonical\" href=\"https:\/\/www.jootjeshaakcadeautjes.nl\/de\/produkt\/graviertes-echophoto-plexiglas-led-kopie\/\" \/>\n<meta property=\"og:locale\" content=\"de_DE\" \/>\n<meta property=\"og:type\" content=\"article\" \/>\n<meta property=\"og:title\" content=\"Ihr Logo - Graviert auf Plexiglas - LED\" \/>\n<meta property=\"og:description\" content=\"Ihr Logo eingraviert auf einer leuchtenden Plexiglasplatte! Der ultimative Marketingartikel f\u00fcr Ihre Fotos, Videos und Ihr Leben in den sozialen Medien! Mit LED-Holzsockel.\" \/>\n<meta property=\"og:url\" content=\"https:\/\/www.jootjeshaakcadeautjes.nl\/de\/produkt\/graviertes-echophoto-plexiglas-led-kopie\/\" \/>\n<meta property=\"og:site_name\" content=\"Jootjes Haakcadeautjes\" \/>\n<meta property=\"article:modified_time\" content=\"2026-04-20T09:18:59+00:00\" \/>\n<meta property=\"og:image\" content=\"https:\/\/d1dyryakdmle7o.cloudfront.net\/wp-content\/uploads\/2025\/12\/Jouw-logo-gegraveerd-ACRYL-LED.webp\" \/>\n\t<meta property=\"og:image:width\" content=\"2234\" \/>\n\t<meta property=\"og:image:height\" content=\"2234\" \/>\n\t<meta property=\"og:image:type\" content=\"image\/webp\" \/>\n<meta name=\"twitter:card\" content=\"summary_large_image\" \/>\n<meta name=\"twitter:label1\" content=\"Preis\" \/>\n\t<meta name=\"twitter:data1\" content=\"&euro;29.95 inkl. MwSt.\" \/>\n\t<meta name=\"twitter:label2\" content=\"Verf\u00fcgbarkeit\" \/>\n\t<meta name=\"twitter:data2\" content=\"Auf Lager\" \/>\n<script type=\"application\/ld+json\" class=\"yoast-schema-graph\">{\"@context\":\"https:\\\/\\\/schema.org\",\"@graph\":[{\"@type\":\"WebPage\",\"@id\":\"https:\\\/\\\/www.jootjeshaakcadeautjes.nl\\\/de\\\/produkt\\\/graviertes-echophoto-plexiglas-led-kopie\\\/\",\"url\":\"https:\\\/\\\/www.jootjeshaakcadeautjes.nl\\\/de\\\/produkt\\\/graviertes-echophoto-plexiglas-led-kopie\\\/\",\"name\":\"Ihr Logo - Graviert auf Plexiglas - LED - Jootjes Haakcadeautjes\",\"isPartOf\":{\"@id\":\"https:\\\/\\\/www.jootjeshaakcadeautjes.nl\\\/de\\\/#website\"},\"primaryImageOfPage\":{\"@id\":\"https:\\\/\\\/www.jootjeshaakcadeautjes.nl\\\/de\\\/produkt\\\/graviertes-echophoto-plexiglas-led-kopie\\\/#primaryimage\"},\"image\":{\"@id\":\"https:\\\/\\\/www.jootjeshaakcadeautjes.nl\\\/de\\\/produkt\\\/graviertes-echophoto-plexiglas-led-kopie\\\/#primaryimage\"},\"thumbnailUrl\":\"https:\\\/\\\/d1dyryakdmle7o.cloudfront.net\\\/wp-content\\\/uploads\\\/2025\\\/12\\\/Jouw-logo-gegraveerd-ACRYL-LED.webp\",\"datePublished\":\"2025-12-19T16:36:54+00:00\",\"dateModified\":\"2026-04-20T09:18:59+00:00\",\"description\":\"Ihr Logo eingraviert auf einer leuchtenden Plexiglasplatte! Der ultimative Marketingartikel f\u00fcr Ihre Fotos, Videos und Ihr Leben in den sozialen Medien! Mit LED-Holzsockel.\",\"breadcrumb\":{\"@id\":\"https:\\\/\\\/www.jootjeshaakcadeautjes.nl\\\/de\\\/produkt\\\/graviertes-echophoto-plexiglas-led-kopie\\\/#breadcrumb\"},\"inLanguage\":\"de\",\"potentialAction\":[{\"@type\":\"ReadAction\",\"target\":[\"https:\\\/\\\/www.jootjeshaakcadeautjes.nl\\\/de\\\/produkt\\\/graviertes-echophoto-plexiglas-led-kopie\\\/\"]}]},{\"@type\":\"ImageObject\",\"inLanguage\":\"de\",\"@id\":\"https:\\\/\\\/www.jootjeshaakcadeautjes.nl\\\/de\\\/produkt\\\/graviertes-echophoto-plexiglas-led-kopie\\\/#primaryimage\",\"url\":\"https:\\\/\\\/d1dyryakdmle7o.cloudfront.net\\\/wp-content\\\/uploads\\\/2025\\\/12\\\/Jouw-logo-gegraveerd-ACRYL-LED.webp\",\"contentUrl\":\"https:\\\/\\\/d1dyryakdmle7o.cloudfront.net\\\/wp-content\\\/uploads\\\/2025\\\/12\\\/Jouw-logo-gegraveerd-ACRYL-LED.webp\",\"width\":2234,\"height\":2234},{\"@type\":\"BreadcrumbList\",\"@id\":\"https:\\\/\\\/www.jootjeshaakcadeautjes.nl\\\/de\\\/produkt\\\/graviertes-echophoto-plexiglas-led-kopie\\\/#breadcrumb\",\"itemListElement\":[{\"@type\":\"ListItem\",\"position\":1,\"name\":\"Startseite\",\"item\":\"https:\\\/\\\/www.jootjeshaakcadeautjes.nl\\\/de\\\/\"},{\"@type\":\"ListItem\",\"position\":2,\"name\":\"Gro\u00dfhandel mit Silikonperlen &#8211; Business und Consumer\",\"item\":\"https:\\\/\\\/www.jootjeshaakcadeautjes.nl\\\/de\\\/shop\\\/\"},{\"@type\":\"ListItem\",\"position\":3,\"name\":\"Ihr Logo &#8211; Graviert auf Plexiglas &#8211; LED\"}]},{\"@type\":\"WebSite\",\"@id\":\"https:\\\/\\\/www.jootjeshaakcadeautjes.nl\\\/de\\\/#website\",\"url\":\"https:\\\/\\\/www.jootjeshaakcadeautjes.nl\\\/de\\\/\",\"name\":\"Jootjes Haakcadeautjes\",\"description\":\"Silikonperlen Gro\u00dfhandel \",\"publisher\":{\"@id\":\"https:\\\/\\\/www.jootjeshaakcadeautjes.nl\\\/de\\\/#organization\"},\"potentialAction\":[{\"@type\":\"SearchAction\",\"target\":{\"@type\":\"EntryPoint\",\"urlTemplate\":\"https:\\\/\\\/www.jootjeshaakcadeautjes.nl\\\/de\\\/?s={search_term_string}\"},\"query-input\":{\"@type\":\"PropertyValueSpecification\",\"valueRequired\":true,\"valueName\":\"search_term_string\"}}],\"inLanguage\":\"de\"},{\"@type\":\"Organization\",\"@id\":\"https:\\\/\\\/www.jootjeshaakcadeautjes.nl\\\/de\\\/#organization\",\"name\":\"Jootjes Haakcadeautjes\",\"url\":\"https:\\\/\\\/www.jootjeshaakcadeautjes.nl\\\/de\\\/\",\"logo\":{\"@type\":\"ImageObject\",\"inLanguage\":\"de\",\"@id\":\"https:\\\/\\\/www.jootjeshaakcadeautjes.nl\\\/de\\\/#\\\/schema\\\/logo\\\/image\\\/\",\"url\":\"https:\\\/\\\/jootjes-haakcadeautjes-media.s3.amazonaws.com\\\/wp-content\\\/uploads\\\/2023\\\/05\\\/Logo-rond.png\",\"contentUrl\":\"https:\\\/\\\/jootjes-haakcadeautjes-media.s3.amazonaws.com\\\/wp-content\\\/uploads\\\/2023\\\/05\\\/Logo-rond.png\",\"width\":1222,\"height\":1222,\"caption\":\"Jootjes Haakcadeautjes\"},\"image\":{\"@id\":\"https:\\\/\\\/www.jootjeshaakcadeautjes.nl\\\/de\\\/#\\\/schema\\\/logo\\\/image\\\/\"}}]}<\/script>\n<meta property=\"product:price:amount\" content=\"29.95\" \/>\n<meta property=\"product:price:currency\" content=\"EUR\" \/>\n<meta property=\"og:availability\" content=\"instock\" \/>\n<meta property=\"product:availability\" content=\"instock\" \/>\n<meta property=\"product:retailer_item_id\" content=\"ECH-GEG-CUS-1\" \/>\n<meta property=\"product:condition\" content=\"new\" \/>\n<!-- \/ Yoast SEO Premium plugin. -->","yoast_head_json":{"title":"Ihr Logo - Graviert auf Plexiglas - LED - Jootjes Haakcadeautjes","description":"Ihr Logo eingraviert auf einer leuchtenden Plexiglasplatte! Der ultimative Marketingartikel f\u00fcr Ihre Fotos, Videos und Ihr Leben in den sozialen Medien! Mit LED-Holzsockel.","robots":{"index":"index","follow":"follow","max-snippet":"max-snippet:-1","max-image-preview":"max-image-preview:large","max-video-preview":"max-video-preview:-1"},"canonical":"https:\/\/www.jootjeshaakcadeautjes.nl\/de\/produkt\/graviertes-echophoto-plexiglas-led-kopie\/","og_locale":"de_DE","og_type":"article","og_title":"Ihr Logo - Graviert auf Plexiglas - LED","og_description":"Ihr Logo eingraviert auf einer leuchtenden Plexiglasplatte! Der ultimative Marketingartikel f\u00fcr Ihre Fotos, Videos und Ihr Leben in den sozialen Medien! Mit LED-Holzsockel.","og_url":"https:\/\/www.jootjeshaakcadeautjes.nl\/de\/produkt\/graviertes-echophoto-plexiglas-led-kopie\/","og_site_name":"Jootjes Haakcadeautjes","article_modified_time":"2026-04-20T09:18:59+00:00","og_image":[{"width":2234,"height":2234,"url":"https:\/\/d1dyryakdmle7o.cloudfront.net\/wp-content\/uploads\/2025\/12\/Jouw-logo-gegraveerd-ACRYL-LED.webp","type":"image\/webp"}],"twitter_card":"summary_large_image","twitter_misc":{"Preis":"&euro;29.95 inkl. MwSt.","Verf\u00fcgbarkeit":"Auf Lager"},"schema":{"@context":"https:\/\/schema.org","@graph":[{"@type":"WebPage","@id":"https:\/\/www.jootjeshaakcadeautjes.nl\/de\/produkt\/graviertes-echophoto-plexiglas-led-kopie\/","url":"https:\/\/www.jootjeshaakcadeautjes.nl\/de\/produkt\/graviertes-echophoto-plexiglas-led-kopie\/","name":"Ihr Logo - Graviert auf Plexiglas - LED - Jootjes Haakcadeautjes","isPartOf":{"@id":"https:\/\/www.jootjeshaakcadeautjes.nl\/de\/#website"},"primaryImageOfPage":{"@id":"https:\/\/www.jootjeshaakcadeautjes.nl\/de\/produkt\/graviertes-echophoto-plexiglas-led-kopie\/#primaryimage"},"image":{"@id":"https:\/\/www.jootjeshaakcadeautjes.nl\/de\/produkt\/graviertes-echophoto-plexiglas-led-kopie\/#primaryimage"},"thumbnailUrl":"https:\/\/d1dyryakdmle7o.cloudfront.net\/wp-content\/uploads\/2025\/12\/Jouw-logo-gegraveerd-ACRYL-LED.webp","datePublished":"2025-12-19T16:36:54+00:00","dateModified":"2026-04-20T09:18:59+00:00","description":"Ihr Logo eingraviert auf einer leuchtenden Plexiglasplatte! Der ultimative Marketingartikel f\u00fcr Ihre Fotos, Videos und Ihr Leben in den sozialen Medien! Mit LED-Holzsockel.","breadcrumb":{"@id":"https:\/\/www.jootjeshaakcadeautjes.nl\/de\/produkt\/graviertes-echophoto-plexiglas-led-kopie\/#breadcrumb"},"inLanguage":"de","potentialAction":[{"@type":"ReadAction","target":["https:\/\/www.jootjeshaakcadeautjes.nl\/de\/produkt\/graviertes-echophoto-plexiglas-led-kopie\/"]}]},{"@type":"ImageObject","inLanguage":"de","@id":"https:\/\/www.jootjeshaakcadeautjes.nl\/de\/produkt\/graviertes-echophoto-plexiglas-led-kopie\/#primaryimage","url":"https:\/\/d1dyryakdmle7o.cloudfront.net\/wp-content\/uploads\/2025\/12\/Jouw-logo-gegraveerd-ACRYL-LED.webp","contentUrl":"https:\/\/d1dyryakdmle7o.cloudfront.net\/wp-content\/uploads\/2025\/12\/Jouw-logo-gegraveerd-ACRYL-LED.webp","width":2234,"height":2234},{"@type":"BreadcrumbList","@id":"https:\/\/www.jootjeshaakcadeautjes.nl\/de\/produkt\/graviertes-echophoto-plexiglas-led-kopie\/#breadcrumb","itemListElement":[{"@type":"ListItem","position":1,"name":"Startseite","item":"https:\/\/www.jootjeshaakcadeautjes.nl\/de\/"},{"@type":"ListItem","position":2,"name":"Gro\u00dfhandel mit Silikonperlen &#8211; Business und Consumer","item":"https:\/\/www.jootjeshaakcadeautjes.nl\/de\/shop\/"},{"@type":"ListItem","position":3,"name":"Ihr Logo &#8211; Graviert auf Plexiglas &#8211; LED"}]},{"@type":"WebSite","@id":"https:\/\/www.jootjeshaakcadeautjes.nl\/de\/#website","url":"https:\/\/www.jootjeshaakcadeautjes.nl\/de\/","name":"Jootjes Haakcadeautjes","description":"Silikonperlen Gro\u00dfhandel ","publisher":{"@id":"https:\/\/www.jootjeshaakcadeautjes.nl\/de\/#organization"},"potentialAction":[{"@type":"SearchAction","target":{"@type":"EntryPoint","urlTemplate":"https:\/\/www.jootjeshaakcadeautjes.nl\/de\/?s={search_term_string}"},"query-input":{"@type":"PropertyValueSpecification","valueRequired":true,"valueName":"search_term_string"}}],"inLanguage":"de"},{"@type":"Organization","@id":"https:\/\/www.jootjeshaakcadeautjes.nl\/de\/#organization","name":"Jootjes Haakcadeautjes","url":"https:\/\/www.jootjeshaakcadeautjes.nl\/de\/","logo":{"@type":"ImageObject","inLanguage":"de","@id":"https:\/\/www.jootjeshaakcadeautjes.nl\/de\/#\/schema\/logo\/image\/","url":"https:\/\/jootjes-haakcadeautjes-media.s3.amazonaws.com\/wp-content\/uploads\/2023\/05\/Logo-rond.png","contentUrl":"https:\/\/jootjes-haakcadeautjes-media.s3.amazonaws.com\/wp-content\/uploads\/2023\/05\/Logo-rond.png","width":1222,"height":1222,"caption":"Jootjes Haakcadeautjes"},"image":{"@id":"https:\/\/www.jootjeshaakcadeautjes.nl\/de\/#\/schema\/logo\/image\/"}}]},"product_price_amount":"29.95","product_price_currency":"EUR","og_availability":"instock","product_availability":"instock","product_retailer_item_id":"ECH-GEG-CUS-1","product_condition":"new"},"_links":{"self":[{"href":"https:\/\/www.jootjeshaakcadeautjes.nl\/de\/wp-json\/wp\/v2\/product\/265250","targetHints":{"allow":["GET"]}}],"collection":[{"href":"https:\/\/www.jootjeshaakcadeautjes.nl\/de\/wp-json\/wp\/v2\/product"}],"about":[{"href":"https:\/\/www.jootjeshaakcadeautjes.nl\/de\/wp-json\/wp\/v2\/types\/product"}],"version-history":[{"count":1,"href":"https:\/\/www.jootjeshaakcadeautjes.nl\/de\/wp-json\/wp\/v2\/product\/265250\/revisions"}],"predecessor-version":[{"id":279190,"href":"https:\/\/www.jootjeshaakcadeautjes.nl\/de\/wp-json\/wp\/v2\/product\/265250\/revisions\/279190"}],"wp:featuredmedia":[{"embeddable":true,"href":"https:\/\/www.jootjeshaakcadeautjes.nl\/de\/wp-json\/wp\/v2\/media\/265259"}],"wp:attachment":[{"href":"https:\/\/www.jootjeshaakcadeautjes.nl\/de\/wp-json\/wp\/v2\/media?parent=265250"}],"wp:term":[{"taxonomy":"product_brand","embeddable":true,"href":"https:\/\/www.jootjeshaakcadeautjes.nl\/de\/wp-json\/wp\/v2\/product_brand?post=265250"},{"taxonomy":"product_cat","embeddable":true,"href":"https:\/\/www.jootjeshaakcadeautjes.nl\/de\/wp-json\/wp\/v2\/product_cat?post=265250"},{"taxonomy":"product_tag","embeddable":true,"href":"https:\/\/www.jootjeshaakcadeautjes.nl\/de\/wp-json\/wp\/v2\/product_tag?post=265250"}],"curies":[{"name":"wp","href":"https:\/\/api.w.org\/{rel}","templated":true}]}}