{"id":265939,"date":"2026-01-08T14:05:13","date_gmt":"2026-01-08T12:05:13","guid":{"rendered":"https:\/\/www.jootjeshaakcadeautjes.nl\/?post_type=product&#038;p=265939"},"modified":"2026-04-20T11:18:59","modified_gmt":"2026-04-20T09:18:59","slug":"dauerhafte-koralle-farbe-221-holy-berry-kopie","status":"publish","type":"product","link":"https:\/\/www.jootjeshaakcadeautjes.nl\/de\/produkt\/dauerhafte-koralle-farbe-221-holy-berry-kopie\/","title":{"rendered":"Durable Coral &#8211; Farbe 2183 Eigelb"},"content":{"rendered":"<h1>Durable Coral &#8211; Farbe 2183 Eigelb<\/h1>\n<p>Durable Coral ist ein 100%iges mercerisiertes Baumwollgarn mit leichtem Glanz. Der seidige Look verleiht Ihren H\u00e4kel- und Strickwaren ein besonders luxuri\u00f6ses Gef\u00fchl. Die H\u00e4kelbaumwolle besteht aus 100% mercerisierter Baumwolle. Geeignet zum H\u00e4keln oder Stricken von Amigurumi \/ Kuscheltieren f\u00fcr Babys. Perfekt f\u00fcr die Herstellung von Geschenken f\u00fcr die Mutterschaft oder f\u00fcr die Babyparty.<\/p>\n<p>Farbe: 2183 Eigelb<\/p>\n","protected":false},"excerpt":{"rendered":"<p>Durable Coral &#8211; 2183 Egg Yolk<br \/>\n100% merzerisierte Baumwolle<\/p>\n<table border=\"0\">\n<tbody>\n<tr>\n<td>Material<\/td>\n<td>100% Baumwolle<\/td>\n<\/tr>\n<tr>\n<td>Gewicht<\/td>\n<td>50 Gramm<\/td>\n<\/tr>\n<tr>\n<td>L\u00e4nge<\/td>\n<td>ca. 125 Meter<\/td>\n<\/tr>\n<tr>\n<td>Empfohlene Nadel<\/td>\n<td>2,5 &#8211; 3 mm<\/td>\n<\/tr>\n<tr>\n<td>Maschenprobe 10 x 10 cm<\/td>\n<td>24 Stiche x 36 Nadeln<\/td>\n<\/tr>\n<tr>\n<td>Maschinenw\u00e4sche<\/td>\n<td>30 Grad<\/td>\n<\/tr>\n<\/tbody>\n<\/table>\n","protected":false},"featured_media":265944,"template":"","meta":[],"product_brand":[],"product_cat":[8247,8748,7184,8747],"product_tag":[19559,19562,8305,7510,8515,8755,19563,8751,8752,7464,8268,8754,8852,8864,8749,8753],"class_list":{"0":"post-265939","1":"product","2":"type-product","3":"status-publish","4":"has-post-thumbnail","6":"product_cat-bastelmaterial-hakelzubehor","7":"product_cat-durable-coral-wolle-und-garn-pluschtiere-und-amigurumi-baby","8":"product_cat-neue-produkte","9":"product_cat-wolle-und-garn","10":"product_tag-100-baumwolle","11":"product_tag-19562","12":"product_tag-amigurumi-de","13":"product_tag-baby-de","14":"product_tag-baumwolle","15":"product_tag-dauerhaft","16":"product_tag-eigelb-2","17":"product_tag-farbe","18":"product_tag-garn","19":"product_tag-groshandel","20":"product_tag-hakchen","21":"product_tag-hakeln-fur-baby","22":"product_tag-koralle-de-2","23":"product_tag-stechpalme","24":"product_tag-stricken","25":"product_tag-wolle","26":"product_shipping_class-paketversand-erforderlich","28":"first","29":"instock","30":"taxable","31":"shipping-taxable","32":"purchasable","33":"product-type-simple"},"bundled_by":[],"bundle_stock_status":"instock","bundle_stock_quantity":9,"bundle_virtual":false,"bundle_layout":"","bundle_add_to_cart_form_location":"","bundle_editable_in_cart":false,"bundle_sold_individually_context":"","bundle_item_grouping":"","bundle_min_size":"","bundle_max_size":"","bundle_price":[],"bundled_items":[],"bundle_sell_ids":[],"yoast_head":"<!-- This site is optimized with the Yoast SEO Premium plugin v27.4 (Yoast SEO v27.5) - https:\/\/yoast.com\/product\/yoast-seo-premium-wordpress\/ -->\n<title>Durable Coral - Farbe 2183 Eigelb - Jootjes Haakcadeautjes<\/title>\n<meta name=\"description\" content=\"Durable Coral Garn - Farbe 2183 Egg Yolk, direkt ab Lager lieferbar. Perfekt zum H\u00e4keln f\u00fcr Babys, z. B. Stofftiere\/Amigurumi und mehr.\" \/>\n<meta name=\"robots\" content=\"index, follow, max-snippet:-1, max-image-preview:large, max-video-preview:-1\" \/>\n<link rel=\"canonical\" href=\"https:\/\/www.jootjeshaakcadeautjes.nl\/de\/produkt\/dauerhafte-koralle-farbe-221-holy-berry-kopie\/\" \/>\n<meta property=\"og:locale\" content=\"de_DE\" \/>\n<meta property=\"og:type\" content=\"article\" \/>\n<meta property=\"og:title\" content=\"Durable Coral - Farbe 2183 Eigelb\" \/>\n<meta property=\"og:description\" content=\"Durable Coral Garn - Farbe 2183 Egg Yolk, direkt ab Lager lieferbar. Perfekt zum H\u00e4keln f\u00fcr Babys, z. B. Stofftiere\/Amigurumi und mehr.\" \/>\n<meta property=\"og:url\" content=\"https:\/\/www.jootjeshaakcadeautjes.nl\/de\/produkt\/dauerhafte-koralle-farbe-221-holy-berry-kopie\/\" \/>\n<meta property=\"og:site_name\" content=\"Jootjes Haakcadeautjes\" \/>\n<meta property=\"article:modified_time\" content=\"2026-04-20T09:18:59+00:00\" \/>\n<meta property=\"og:image\" content=\"https:\/\/d1dyryakdmle7o.cloudfront.net\/wp-content\/uploads\/2026\/01\/durable-coral-2183-egg-yolk.webp\" \/>\n\t<meta property=\"og:image:width\" content=\"700\" \/>\n\t<meta property=\"og:image:height\" content=\"700\" \/>\n\t<meta property=\"og:image:type\" content=\"image\/webp\" \/>\n<meta name=\"twitter:card\" content=\"summary_large_image\" \/>\n<meta name=\"twitter:label1\" content=\"Preis\" \/>\n\t<meta name=\"twitter:data1\" content=\"&euro;2.45 inkl. MwSt.\" \/>\n\t<meta name=\"twitter:label2\" content=\"Verf\u00fcgbarkeit\" \/>\n\t<meta name=\"twitter:data2\" content=\"Auf Lager\" \/>\n<script type=\"application\/ld+json\" class=\"yoast-schema-graph\">{\"@context\":\"https:\\\/\\\/schema.org\",\"@graph\":[{\"@type\":\"WebPage\",\"@id\":\"https:\\\/\\\/www.jootjeshaakcadeautjes.nl\\\/de\\\/produkt\\\/dauerhafte-koralle-farbe-221-holy-berry-kopie\\\/\",\"url\":\"https:\\\/\\\/www.jootjeshaakcadeautjes.nl\\\/de\\\/produkt\\\/dauerhafte-koralle-farbe-221-holy-berry-kopie\\\/\",\"name\":\"Durable Coral - Farbe 2183 Eigelb - Jootjes Haakcadeautjes\",\"isPartOf\":{\"@id\":\"https:\\\/\\\/www.jootjeshaakcadeautjes.nl\\\/de\\\/#website\"},\"primaryImageOfPage\":{\"@id\":\"https:\\\/\\\/www.jootjeshaakcadeautjes.nl\\\/de\\\/produkt\\\/dauerhafte-koralle-farbe-221-holy-berry-kopie\\\/#primaryimage\"},\"image\":{\"@id\":\"https:\\\/\\\/www.jootjeshaakcadeautjes.nl\\\/de\\\/produkt\\\/dauerhafte-koralle-farbe-221-holy-berry-kopie\\\/#primaryimage\"},\"thumbnailUrl\":\"https:\\\/\\\/d1dyryakdmle7o.cloudfront.net\\\/wp-content\\\/uploads\\\/2026\\\/01\\\/durable-coral-2183-egg-yolk.webp\",\"datePublished\":\"2026-01-08T12:05:13+00:00\",\"dateModified\":\"2026-04-20T09:18:59+00:00\",\"description\":\"Durable Coral Garn - Farbe 2183 Egg Yolk, direkt ab Lager lieferbar. Perfekt zum H\u00e4keln f\u00fcr Babys, z. B. Stofftiere\\\/Amigurumi und mehr.\",\"breadcrumb\":{\"@id\":\"https:\\\/\\\/www.jootjeshaakcadeautjes.nl\\\/de\\\/produkt\\\/dauerhafte-koralle-farbe-221-holy-berry-kopie\\\/#breadcrumb\"},\"inLanguage\":\"de\",\"potentialAction\":[{\"@type\":\"ReadAction\",\"target\":[\"https:\\\/\\\/www.jootjeshaakcadeautjes.nl\\\/de\\\/produkt\\\/dauerhafte-koralle-farbe-221-holy-berry-kopie\\\/\"]}]},{\"@type\":\"ImageObject\",\"inLanguage\":\"de\",\"@id\":\"https:\\\/\\\/www.jootjeshaakcadeautjes.nl\\\/de\\\/produkt\\\/dauerhafte-koralle-farbe-221-holy-berry-kopie\\\/#primaryimage\",\"url\":\"https:\\\/\\\/d1dyryakdmle7o.cloudfront.net\\\/wp-content\\\/uploads\\\/2026\\\/01\\\/durable-coral-2183-egg-yolk.webp\",\"contentUrl\":\"https:\\\/\\\/d1dyryakdmle7o.cloudfront.net\\\/wp-content\\\/uploads\\\/2026\\\/01\\\/durable-coral-2183-egg-yolk.webp\",\"width\":700,\"height\":700},{\"@type\":\"BreadcrumbList\",\"@id\":\"https:\\\/\\\/www.jootjeshaakcadeautjes.nl\\\/de\\\/produkt\\\/dauerhafte-koralle-farbe-221-holy-berry-kopie\\\/#breadcrumb\",\"itemListElement\":[{\"@type\":\"ListItem\",\"position\":1,\"name\":\"Startseite\",\"item\":\"https:\\\/\\\/www.jootjeshaakcadeautjes.nl\\\/de\\\/\"},{\"@type\":\"ListItem\",\"position\":2,\"name\":\"Gro\u00dfhandel mit Silikonperlen &#8211; Business und Consumer\",\"item\":\"https:\\\/\\\/www.jootjeshaakcadeautjes.nl\\\/de\\\/shop\\\/\"},{\"@type\":\"ListItem\",\"position\":3,\"name\":\"Durable Coral &#8211; Farbe 2183 Eigelb\"}]},{\"@type\":\"WebSite\",\"@id\":\"https:\\\/\\\/www.jootjeshaakcadeautjes.nl\\\/de\\\/#website\",\"url\":\"https:\\\/\\\/www.jootjeshaakcadeautjes.nl\\\/de\\\/\",\"name\":\"Jootjes Haakcadeautjes\",\"description\":\"Silikonperlen Gro\u00dfhandel \",\"publisher\":{\"@id\":\"https:\\\/\\\/www.jootjeshaakcadeautjes.nl\\\/de\\\/#organization\"},\"potentialAction\":[{\"@type\":\"SearchAction\",\"target\":{\"@type\":\"EntryPoint\",\"urlTemplate\":\"https:\\\/\\\/www.jootjeshaakcadeautjes.nl\\\/de\\\/?s={search_term_string}\"},\"query-input\":{\"@type\":\"PropertyValueSpecification\",\"valueRequired\":true,\"valueName\":\"search_term_string\"}}],\"inLanguage\":\"de\"},{\"@type\":\"Organization\",\"@id\":\"https:\\\/\\\/www.jootjeshaakcadeautjes.nl\\\/de\\\/#organization\",\"name\":\"Jootjes Haakcadeautjes\",\"url\":\"https:\\\/\\\/www.jootjeshaakcadeautjes.nl\\\/de\\\/\",\"logo\":{\"@type\":\"ImageObject\",\"inLanguage\":\"de\",\"@id\":\"https:\\\/\\\/www.jootjeshaakcadeautjes.nl\\\/de\\\/#\\\/schema\\\/logo\\\/image\\\/\",\"url\":\"https:\\\/\\\/jootjes-haakcadeautjes-media.s3.amazonaws.com\\\/wp-content\\\/uploads\\\/2023\\\/05\\\/Logo-rond.png\",\"contentUrl\":\"https:\\\/\\\/jootjes-haakcadeautjes-media.s3.amazonaws.com\\\/wp-content\\\/uploads\\\/2023\\\/05\\\/Logo-rond.png\",\"width\":1222,\"height\":1222,\"caption\":\"Jootjes Haakcadeautjes\"},\"image\":{\"@id\":\"https:\\\/\\\/www.jootjeshaakcadeautjes.nl\\\/de\\\/#\\\/schema\\\/logo\\\/image\\\/\"}}]}<\/script>\n<meta property=\"product:price:amount\" content=\"2.45\" \/>\n<meta property=\"product:price:currency\" content=\"EUR\" \/>\n<meta property=\"og:availability\" content=\"instock\" \/>\n<meta property=\"product:availability\" content=\"instock\" \/>\n<meta property=\"product:retailer_item_id\" content=\"DUR-COR-2183\" \/>\n<meta property=\"product:condition\" content=\"new\" \/>\n<!-- \/ Yoast SEO Premium plugin. -->","yoast_head_json":{"title":"Durable Coral - Farbe 2183 Eigelb - Jootjes Haakcadeautjes","description":"Durable Coral Garn - Farbe 2183 Egg Yolk, direkt ab Lager lieferbar. Perfekt zum H\u00e4keln f\u00fcr Babys, z. B. Stofftiere\/Amigurumi und mehr.","robots":{"index":"index","follow":"follow","max-snippet":"max-snippet:-1","max-image-preview":"max-image-preview:large","max-video-preview":"max-video-preview:-1"},"canonical":"https:\/\/www.jootjeshaakcadeautjes.nl\/de\/produkt\/dauerhafte-koralle-farbe-221-holy-berry-kopie\/","og_locale":"de_DE","og_type":"article","og_title":"Durable Coral - Farbe 2183 Eigelb","og_description":"Durable Coral Garn - Farbe 2183 Egg Yolk, direkt ab Lager lieferbar. Perfekt zum H\u00e4keln f\u00fcr Babys, z. B. Stofftiere\/Amigurumi und mehr.","og_url":"https:\/\/www.jootjeshaakcadeautjes.nl\/de\/produkt\/dauerhafte-koralle-farbe-221-holy-berry-kopie\/","og_site_name":"Jootjes Haakcadeautjes","article_modified_time":"2026-04-20T09:18:59+00:00","og_image":[{"width":700,"height":700,"url":"https:\/\/d1dyryakdmle7o.cloudfront.net\/wp-content\/uploads\/2026\/01\/durable-coral-2183-egg-yolk.webp","type":"image\/webp"}],"twitter_card":"summary_large_image","twitter_misc":{"Preis":"&euro;2.45 inkl. MwSt.","Verf\u00fcgbarkeit":"Auf Lager"},"schema":{"@context":"https:\/\/schema.org","@graph":[{"@type":"WebPage","@id":"https:\/\/www.jootjeshaakcadeautjes.nl\/de\/produkt\/dauerhafte-koralle-farbe-221-holy-berry-kopie\/","url":"https:\/\/www.jootjeshaakcadeautjes.nl\/de\/produkt\/dauerhafte-koralle-farbe-221-holy-berry-kopie\/","name":"Durable Coral - Farbe 2183 Eigelb - Jootjes Haakcadeautjes","isPartOf":{"@id":"https:\/\/www.jootjeshaakcadeautjes.nl\/de\/#website"},"primaryImageOfPage":{"@id":"https:\/\/www.jootjeshaakcadeautjes.nl\/de\/produkt\/dauerhafte-koralle-farbe-221-holy-berry-kopie\/#primaryimage"},"image":{"@id":"https:\/\/www.jootjeshaakcadeautjes.nl\/de\/produkt\/dauerhafte-koralle-farbe-221-holy-berry-kopie\/#primaryimage"},"thumbnailUrl":"https:\/\/d1dyryakdmle7o.cloudfront.net\/wp-content\/uploads\/2026\/01\/durable-coral-2183-egg-yolk.webp","datePublished":"2026-01-08T12:05:13+00:00","dateModified":"2026-04-20T09:18:59+00:00","description":"Durable Coral Garn - Farbe 2183 Egg Yolk, direkt ab Lager lieferbar. Perfekt zum H\u00e4keln f\u00fcr Babys, z. B. Stofftiere\/Amigurumi und mehr.","breadcrumb":{"@id":"https:\/\/www.jootjeshaakcadeautjes.nl\/de\/produkt\/dauerhafte-koralle-farbe-221-holy-berry-kopie\/#breadcrumb"},"inLanguage":"de","potentialAction":[{"@type":"ReadAction","target":["https:\/\/www.jootjeshaakcadeautjes.nl\/de\/produkt\/dauerhafte-koralle-farbe-221-holy-berry-kopie\/"]}]},{"@type":"ImageObject","inLanguage":"de","@id":"https:\/\/www.jootjeshaakcadeautjes.nl\/de\/produkt\/dauerhafte-koralle-farbe-221-holy-berry-kopie\/#primaryimage","url":"https:\/\/d1dyryakdmle7o.cloudfront.net\/wp-content\/uploads\/2026\/01\/durable-coral-2183-egg-yolk.webp","contentUrl":"https:\/\/d1dyryakdmle7o.cloudfront.net\/wp-content\/uploads\/2026\/01\/durable-coral-2183-egg-yolk.webp","width":700,"height":700},{"@type":"BreadcrumbList","@id":"https:\/\/www.jootjeshaakcadeautjes.nl\/de\/produkt\/dauerhafte-koralle-farbe-221-holy-berry-kopie\/#breadcrumb","itemListElement":[{"@type":"ListItem","position":1,"name":"Startseite","item":"https:\/\/www.jootjeshaakcadeautjes.nl\/de\/"},{"@type":"ListItem","position":2,"name":"Gro\u00dfhandel mit Silikonperlen &#8211; Business und Consumer","item":"https:\/\/www.jootjeshaakcadeautjes.nl\/de\/shop\/"},{"@type":"ListItem","position":3,"name":"Durable Coral &#8211; Farbe 2183 Eigelb"}]},{"@type":"WebSite","@id":"https:\/\/www.jootjeshaakcadeautjes.nl\/de\/#website","url":"https:\/\/www.jootjeshaakcadeautjes.nl\/de\/","name":"Jootjes Haakcadeautjes","description":"Silikonperlen Gro\u00dfhandel ","publisher":{"@id":"https:\/\/www.jootjeshaakcadeautjes.nl\/de\/#organization"},"potentialAction":[{"@type":"SearchAction","target":{"@type":"EntryPoint","urlTemplate":"https:\/\/www.jootjeshaakcadeautjes.nl\/de\/?s={search_term_string}"},"query-input":{"@type":"PropertyValueSpecification","valueRequired":true,"valueName":"search_term_string"}}],"inLanguage":"de"},{"@type":"Organization","@id":"https:\/\/www.jootjeshaakcadeautjes.nl\/de\/#organization","name":"Jootjes Haakcadeautjes","url":"https:\/\/www.jootjeshaakcadeautjes.nl\/de\/","logo":{"@type":"ImageObject","inLanguage":"de","@id":"https:\/\/www.jootjeshaakcadeautjes.nl\/de\/#\/schema\/logo\/image\/","url":"https:\/\/jootjes-haakcadeautjes-media.s3.amazonaws.com\/wp-content\/uploads\/2023\/05\/Logo-rond.png","contentUrl":"https:\/\/jootjes-haakcadeautjes-media.s3.amazonaws.com\/wp-content\/uploads\/2023\/05\/Logo-rond.png","width":1222,"height":1222,"caption":"Jootjes Haakcadeautjes"},"image":{"@id":"https:\/\/www.jootjeshaakcadeautjes.nl\/de\/#\/schema\/logo\/image\/"}}]},"product_price_amount":"2.45","product_price_currency":"EUR","og_availability":"instock","product_availability":"instock","product_retailer_item_id":"DUR-COR-2183","product_condition":"new"},"_links":{"self":[{"href":"https:\/\/www.jootjeshaakcadeautjes.nl\/de\/wp-json\/wp\/v2\/product\/265939","targetHints":{"allow":["GET"]}}],"collection":[{"href":"https:\/\/www.jootjeshaakcadeautjes.nl\/de\/wp-json\/wp\/v2\/product"}],"about":[{"href":"https:\/\/www.jootjeshaakcadeautjes.nl\/de\/wp-json\/wp\/v2\/types\/product"}],"version-history":[{"count":1,"href":"https:\/\/www.jootjeshaakcadeautjes.nl\/de\/wp-json\/wp\/v2\/product\/265939\/revisions"}],"predecessor-version":[{"id":279017,"href":"https:\/\/www.jootjeshaakcadeautjes.nl\/de\/wp-json\/wp\/v2\/product\/265939\/revisions\/279017"}],"wp:featuredmedia":[{"embeddable":true,"href":"https:\/\/www.jootjeshaakcadeautjes.nl\/de\/wp-json\/wp\/v2\/media\/265944"}],"wp:attachment":[{"href":"https:\/\/www.jootjeshaakcadeautjes.nl\/de\/wp-json\/wp\/v2\/media?parent=265939"}],"wp:term":[{"taxonomy":"product_brand","embeddable":true,"href":"https:\/\/www.jootjeshaakcadeautjes.nl\/de\/wp-json\/wp\/v2\/product_brand?post=265939"},{"taxonomy":"product_cat","embeddable":true,"href":"https:\/\/www.jootjeshaakcadeautjes.nl\/de\/wp-json\/wp\/v2\/product_cat?post=265939"},{"taxonomy":"product_tag","embeddable":true,"href":"https:\/\/www.jootjeshaakcadeautjes.nl\/de\/wp-json\/wp\/v2\/product_tag?post=265939"}],"curies":[{"name":"wp","href":"https:\/\/api.w.org\/{rel}","templated":true}]}}