{"id":266052,"date":"2026-01-09T13:39:05","date_gmt":"2026-01-09T11:39:05","guid":{"rendered":"https:\/\/www.jootjeshaakcadeautjes.nl\/?post_type=product&#038;p=266052"},"modified":"2026-04-20T11:18:59","modified_gmt":"2026-04-20T09:18:59","slug":"stickereischere-twister-gold-metallic-kopie","status":"publish","type":"product","link":"https:\/\/www.jootjeshaakcadeautjes.nl\/de\/produkt\/stickereischere-twister-gold-metallic-kopie\/","title":{"rendered":"Stickereischere Twister Champagne Metallic"},"content":{"rendered":"<h3>Stickereischere Twister Champagne Modern und Zeitgen\u00f6ssisch<\/h3>\n<p>Auf vielen Inspirations-Seiten sieht man niedliche Stickereischeren vorbeiziehen. Suchen Sie nach weiteren Bildern unserer Scheren? Sie tauchen auch regelm\u00e4\u00dfig auf unserer <a href=\"https:\/\/www.facebook.com\/JootjesHaakcadeautjes\/?ref=bookmarks\">Jootjes Haakcadeautjes Facebook-Seite<\/a>, <a href=\"https:\/\/www.instagram.com\/jootjeshaakcadeautjes\/\">Instagram<\/a> und <a href=\"https:\/\/nl.pinterest.com\/haakcadeautje\/\">Pinterest<\/a> auf. Mit lustigen Scheren macht das H\u00e4keln, Stricken, N\u00e4hen oder Quilten und andere Handarbeiten noch mehr Spa\u00df! Deshalb haben wir ein sch\u00f6nes Sortiment an Scheren zusammengestellt. Wenn Sie also eine Stickschere kaufen m\u00f6chten, sind Sie bei Jootjes Haakcadeautjes an der richtigen Adresse! Neben dieser sch\u00f6nen blauen Stickschere haben wir auch eine sch\u00f6ne <a href=\"https:\/\/www.jootjeshaakcadeautjes.nl\/de\/produkt\/stickereischere-vintage-kupfer\/\">antike Stahl\/Silber-Stickschere mit Pfirsichbl\u00fcte<\/a>.  Eine sch\u00f6ne antike Schere k\u00f6nnte eine sch\u00f6ne Erg\u00e4nzung zu Ihrer Sammlung oder ein sch\u00f6nes Geschenk f\u00fcr einen Bekannten sein, der sich f\u00fcr Handarbeiten interessiert.<\/p>\n<p>Sie sind H\u00e4kelanf\u00e4ngerin und suchen ein sch\u00f6nes Einsteigerset, mit dem Sie gleich loslegen k\u00f6nnen? Was Sie auf jeden Fall gebrauchen k\u00f6nnen, ist eine sch\u00f6ne Schere, <a href=\"https:\/\/www.jootjeshaakcadeautjes.nl\/product\/softgrip-haaknaalden-goedkope-megaset\/\">ein gro\u00dfes Mega-Set H\u00e4kelnadeln<\/a> und ein <a href=\"\/?product_cat=steekmarkeerder-toerenteller\">Satz Maschenmarkierer aus Plastik oder Metall<\/a>.<\/p>\n<h4>Qualit\u00e4t und Sicherheit unserer Stickereischeren<\/h4>\n<p>Hergestellt aus hochwertigem rostfreiem Stahl. Nutzt sich nicht ab, bleibt scharf. Auf diese Weise werden Sie lange Freude an Ihrer Stickschere haben.<\/p>\n<p>&nbsp;<\/p>\n","protected":false},"excerpt":{"rendered":"<p>Material: Hochwertige Edelstahl-Stickschere<br \/>\nFarbe: Champagner metallic<\/p>\n<p>Hochwertige Stickschere, bleibt lange scharf.<\/p>\n","protected":false},"featured_media":99563,"template":"","meta":[],"product_brand":[],"product_cat":[8247,7184,9639],"product_tag":[8139,8033,9387,8363,9642,9644],"class_list":{"0":"post-266052","1":"product","2":"type-product","3":"status-publish","4":"has-post-thumbnail","6":"product_cat-bastelmaterial-hakelzubehor","7":"product_cat-neue-produkte","8":"product_cat-stickereischere","9":"product_tag-champagner","10":"product_tag-metallisch","11":"product_tag-modern-de","12":"product_tag-schere-de","13":"product_tag-stickereischere","14":"product_tag-twister-de","16":"first","17":"instock","18":"taxable","19":"shipping-taxable","20":"purchasable","21":"product-type-simple"},"bundled_by":[],"bundle_stock_status":"instock","bundle_stock_quantity":1,"bundle_virtual":false,"bundle_layout":"","bundle_add_to_cart_form_location":"","bundle_editable_in_cart":false,"bundle_sold_individually_context":"","bundle_item_grouping":"","bundle_min_size":"","bundle_max_size":"","bundle_price":[],"bundled_items":[],"bundle_sell_ids":[],"yoast_head":"<!-- This site is optimized with the Yoast SEO Premium plugin v27.4 (Yoast SEO v27.5) - https:\/\/yoast.com\/product\/yoast-seo-premium-wordpress\/ -->\n<title>Stickereischeren Champagne - Sch\u00f6ne Scheren online kaufen<\/title>\n<meta name=\"description\" content=\"Mit dieser atemberaubend sch\u00f6nen Stickschere macht das Arbeiten mit Ihrem Hobby noch mehr Spa\u00df! Sie h\u00e4keln gerne und suchen nach einem sch\u00f6nen Geschenk f\u00fcr sich selbst? Dann werfen Sie einen kurzen Blick darauf.\" \/>\n<meta name=\"robots\" content=\"index, follow, max-snippet:-1, max-image-preview:large, max-video-preview:-1\" \/>\n<link rel=\"canonical\" href=\"https:\/\/www.jootjeshaakcadeautjes.nl\/de\/produkt\/stickereischere-twister-gold-metallic-kopie\/\" \/>\n<meta property=\"og:locale\" content=\"de_DE\" \/>\n<meta property=\"og:type\" content=\"article\" \/>\n<meta property=\"og:title\" content=\"Stickereischere Twister Champagne Metallic\" \/>\n<meta property=\"og:description\" content=\"Mit dieser atemberaubend sch\u00f6nen Stickschere macht das Arbeiten mit Ihrem Hobby noch mehr Spa\u00df! Sie h\u00e4keln gerne und suchen nach einem sch\u00f6nen Geschenk f\u00fcr sich selbst? Dann werfen Sie einen kurzen Blick darauf.\" \/>\n<meta property=\"og:url\" content=\"https:\/\/www.jootjeshaakcadeautjes.nl\/de\/produkt\/stickereischere-twister-gold-metallic-kopie\/\" \/>\n<meta property=\"og:site_name\" content=\"Jootjes Haakcadeautjes\" \/>\n<meta property=\"article:modified_time\" content=\"2026-04-20T09:18:59+00:00\" \/>\n<meta property=\"og:image\" content=\"https:\/\/d1dyryakdmle7o.cloudfront.net\/wp-content\/uploads\/2023\/08\/Foto-volgt-1.jpg\" \/>\n\t<meta property=\"og:image:width\" content=\"1080\" \/>\n\t<meta property=\"og:image:height\" content=\"1080\" \/>\n\t<meta property=\"og:image:type\" content=\"image\/jpeg\" \/>\n<meta name=\"twitter:card\" content=\"summary_large_image\" \/>\n<meta name=\"twitter:label1\" content=\"Preis\" \/>\n\t<meta name=\"twitter:data1\" content=\"&euro;5.95 inkl. MwSt.\" \/>\n\t<meta name=\"twitter:label2\" content=\"Verf\u00fcgbarkeit\" \/>\n\t<meta name=\"twitter:data2\" content=\"Auf Lager\" \/>\n<script type=\"application\/ld+json\" class=\"yoast-schema-graph\">{\"@context\":\"https:\\\/\\\/schema.org\",\"@graph\":[{\"@type\":\"WebPage\",\"@id\":\"https:\\\/\\\/www.jootjeshaakcadeautjes.nl\\\/de\\\/produkt\\\/stickereischere-twister-gold-metallic-kopie\\\/\",\"url\":\"https:\\\/\\\/www.jootjeshaakcadeautjes.nl\\\/de\\\/produkt\\\/stickereischere-twister-gold-metallic-kopie\\\/\",\"name\":\"Stickereischeren Champagne - Sch\u00f6ne Scheren online kaufen\",\"isPartOf\":{\"@id\":\"https:\\\/\\\/www.jootjeshaakcadeautjes.nl\\\/de\\\/#website\"},\"primaryImageOfPage\":{\"@id\":\"https:\\\/\\\/www.jootjeshaakcadeautjes.nl\\\/de\\\/produkt\\\/stickereischere-twister-gold-metallic-kopie\\\/#primaryimage\"},\"image\":{\"@id\":\"https:\\\/\\\/www.jootjeshaakcadeautjes.nl\\\/de\\\/produkt\\\/stickereischere-twister-gold-metallic-kopie\\\/#primaryimage\"},\"thumbnailUrl\":\"https:\\\/\\\/d1dyryakdmle7o.cloudfront.net\\\/wp-content\\\/uploads\\\/2023\\\/08\\\/Foto-volgt-1.jpg\",\"datePublished\":\"2026-01-09T11:39:05+00:00\",\"dateModified\":\"2026-04-20T09:18:59+00:00\",\"description\":\"Mit dieser atemberaubend sch\u00f6nen Stickschere macht das Arbeiten mit Ihrem Hobby noch mehr Spa\u00df! Sie h\u00e4keln gerne und suchen nach einem sch\u00f6nen Geschenk f\u00fcr sich selbst? Dann werfen Sie einen kurzen Blick darauf.\",\"breadcrumb\":{\"@id\":\"https:\\\/\\\/www.jootjeshaakcadeautjes.nl\\\/de\\\/produkt\\\/stickereischere-twister-gold-metallic-kopie\\\/#breadcrumb\"},\"inLanguage\":\"de\",\"potentialAction\":[{\"@type\":\"ReadAction\",\"target\":[\"https:\\\/\\\/www.jootjeshaakcadeautjes.nl\\\/de\\\/produkt\\\/stickereischere-twister-gold-metallic-kopie\\\/\"]}]},{\"@type\":\"ImageObject\",\"inLanguage\":\"de\",\"@id\":\"https:\\\/\\\/www.jootjeshaakcadeautjes.nl\\\/de\\\/produkt\\\/stickereischere-twister-gold-metallic-kopie\\\/#primaryimage\",\"url\":\"https:\\\/\\\/d1dyryakdmle7o.cloudfront.net\\\/wp-content\\\/uploads\\\/2023\\\/08\\\/Foto-volgt-1.jpg\",\"contentUrl\":\"https:\\\/\\\/d1dyryakdmle7o.cloudfront.net\\\/wp-content\\\/uploads\\\/2023\\\/08\\\/Foto-volgt-1.jpg\",\"width\":1080,\"height\":1080,\"caption\":\"folgt\"},{\"@type\":\"BreadcrumbList\",\"@id\":\"https:\\\/\\\/www.jootjeshaakcadeautjes.nl\\\/de\\\/produkt\\\/stickereischere-twister-gold-metallic-kopie\\\/#breadcrumb\",\"itemListElement\":[{\"@type\":\"ListItem\",\"position\":1,\"name\":\"Startseite\",\"item\":\"https:\\\/\\\/www.jootjeshaakcadeautjes.nl\\\/de\\\/\"},{\"@type\":\"ListItem\",\"position\":2,\"name\":\"Gro\u00dfhandel mit Silikonperlen &#8211; Business und Consumer\",\"item\":\"https:\\\/\\\/www.jootjeshaakcadeautjes.nl\\\/de\\\/shop\\\/\"},{\"@type\":\"ListItem\",\"position\":3,\"name\":\"Stickereischere Twister Champagne Metallic\"}]},{\"@type\":\"WebSite\",\"@id\":\"https:\\\/\\\/www.jootjeshaakcadeautjes.nl\\\/de\\\/#website\",\"url\":\"https:\\\/\\\/www.jootjeshaakcadeautjes.nl\\\/de\\\/\",\"name\":\"Jootjes Haakcadeautjes\",\"description\":\"Silikonperlen Gro\u00dfhandel \",\"publisher\":{\"@id\":\"https:\\\/\\\/www.jootjeshaakcadeautjes.nl\\\/de\\\/#organization\"},\"potentialAction\":[{\"@type\":\"SearchAction\",\"target\":{\"@type\":\"EntryPoint\",\"urlTemplate\":\"https:\\\/\\\/www.jootjeshaakcadeautjes.nl\\\/de\\\/?s={search_term_string}\"},\"query-input\":{\"@type\":\"PropertyValueSpecification\",\"valueRequired\":true,\"valueName\":\"search_term_string\"}}],\"inLanguage\":\"de\"},{\"@type\":\"Organization\",\"@id\":\"https:\\\/\\\/www.jootjeshaakcadeautjes.nl\\\/de\\\/#organization\",\"name\":\"Jootjes Haakcadeautjes\",\"url\":\"https:\\\/\\\/www.jootjeshaakcadeautjes.nl\\\/de\\\/\",\"logo\":{\"@type\":\"ImageObject\",\"inLanguage\":\"de\",\"@id\":\"https:\\\/\\\/www.jootjeshaakcadeautjes.nl\\\/de\\\/#\\\/schema\\\/logo\\\/image\\\/\",\"url\":\"https:\\\/\\\/jootjes-haakcadeautjes-media.s3.amazonaws.com\\\/wp-content\\\/uploads\\\/2023\\\/05\\\/Logo-rond.png\",\"contentUrl\":\"https:\\\/\\\/jootjes-haakcadeautjes-media.s3.amazonaws.com\\\/wp-content\\\/uploads\\\/2023\\\/05\\\/Logo-rond.png\",\"width\":1222,\"height\":1222,\"caption\":\"Jootjes Haakcadeautjes\"},\"image\":{\"@id\":\"https:\\\/\\\/www.jootjeshaakcadeautjes.nl\\\/de\\\/#\\\/schema\\\/logo\\\/image\\\/\"}}]}<\/script>\n<meta property=\"product:price:amount\" content=\"5.95\" \/>\n<meta property=\"product:price:currency\" content=\"EUR\" \/>\n<meta property=\"og:availability\" content=\"instock\" \/>\n<meta property=\"product:availability\" content=\"instock\" \/>\n<meta property=\"product:retailer_item_id\" content=\"BOR-SCH-TWC\" \/>\n<meta property=\"product:condition\" content=\"new\" \/>\n<!-- \/ Yoast SEO Premium plugin. -->","yoast_head_json":{"title":"Stickereischeren Champagne - Sch\u00f6ne Scheren online kaufen","description":"Mit dieser atemberaubend sch\u00f6nen Stickschere macht das Arbeiten mit Ihrem Hobby noch mehr Spa\u00df! Sie h\u00e4keln gerne und suchen nach einem sch\u00f6nen Geschenk f\u00fcr sich selbst? Dann werfen Sie einen kurzen Blick darauf.","robots":{"index":"index","follow":"follow","max-snippet":"max-snippet:-1","max-image-preview":"max-image-preview:large","max-video-preview":"max-video-preview:-1"},"canonical":"https:\/\/www.jootjeshaakcadeautjes.nl\/de\/produkt\/stickereischere-twister-gold-metallic-kopie\/","og_locale":"de_DE","og_type":"article","og_title":"Stickereischere Twister Champagne Metallic","og_description":"Mit dieser atemberaubend sch\u00f6nen Stickschere macht das Arbeiten mit Ihrem Hobby noch mehr Spa\u00df! Sie h\u00e4keln gerne und suchen nach einem sch\u00f6nen Geschenk f\u00fcr sich selbst? Dann werfen Sie einen kurzen Blick darauf.","og_url":"https:\/\/www.jootjeshaakcadeautjes.nl\/de\/produkt\/stickereischere-twister-gold-metallic-kopie\/","og_site_name":"Jootjes Haakcadeautjes","article_modified_time":"2026-04-20T09:18:59+00:00","og_image":[{"width":1080,"height":1080,"url":"https:\/\/d1dyryakdmle7o.cloudfront.net\/wp-content\/uploads\/2023\/08\/Foto-volgt-1.jpg","type":"image\/jpeg"}],"twitter_card":"summary_large_image","twitter_misc":{"Preis":"&euro;5.95 inkl. MwSt.","Verf\u00fcgbarkeit":"Auf Lager"},"schema":{"@context":"https:\/\/schema.org","@graph":[{"@type":"WebPage","@id":"https:\/\/www.jootjeshaakcadeautjes.nl\/de\/produkt\/stickereischere-twister-gold-metallic-kopie\/","url":"https:\/\/www.jootjeshaakcadeautjes.nl\/de\/produkt\/stickereischere-twister-gold-metallic-kopie\/","name":"Stickereischeren Champagne - Sch\u00f6ne Scheren online kaufen","isPartOf":{"@id":"https:\/\/www.jootjeshaakcadeautjes.nl\/de\/#website"},"primaryImageOfPage":{"@id":"https:\/\/www.jootjeshaakcadeautjes.nl\/de\/produkt\/stickereischere-twister-gold-metallic-kopie\/#primaryimage"},"image":{"@id":"https:\/\/www.jootjeshaakcadeautjes.nl\/de\/produkt\/stickereischere-twister-gold-metallic-kopie\/#primaryimage"},"thumbnailUrl":"https:\/\/d1dyryakdmle7o.cloudfront.net\/wp-content\/uploads\/2023\/08\/Foto-volgt-1.jpg","datePublished":"2026-01-09T11:39:05+00:00","dateModified":"2026-04-20T09:18:59+00:00","description":"Mit dieser atemberaubend sch\u00f6nen Stickschere macht das Arbeiten mit Ihrem Hobby noch mehr Spa\u00df! Sie h\u00e4keln gerne und suchen nach einem sch\u00f6nen Geschenk f\u00fcr sich selbst? Dann werfen Sie einen kurzen Blick darauf.","breadcrumb":{"@id":"https:\/\/www.jootjeshaakcadeautjes.nl\/de\/produkt\/stickereischere-twister-gold-metallic-kopie\/#breadcrumb"},"inLanguage":"de","potentialAction":[{"@type":"ReadAction","target":["https:\/\/www.jootjeshaakcadeautjes.nl\/de\/produkt\/stickereischere-twister-gold-metallic-kopie\/"]}]},{"@type":"ImageObject","inLanguage":"de","@id":"https:\/\/www.jootjeshaakcadeautjes.nl\/de\/produkt\/stickereischere-twister-gold-metallic-kopie\/#primaryimage","url":"https:\/\/d1dyryakdmle7o.cloudfront.net\/wp-content\/uploads\/2023\/08\/Foto-volgt-1.jpg","contentUrl":"https:\/\/d1dyryakdmle7o.cloudfront.net\/wp-content\/uploads\/2023\/08\/Foto-volgt-1.jpg","width":1080,"height":1080,"caption":"folgt"},{"@type":"BreadcrumbList","@id":"https:\/\/www.jootjeshaakcadeautjes.nl\/de\/produkt\/stickereischere-twister-gold-metallic-kopie\/#breadcrumb","itemListElement":[{"@type":"ListItem","position":1,"name":"Startseite","item":"https:\/\/www.jootjeshaakcadeautjes.nl\/de\/"},{"@type":"ListItem","position":2,"name":"Gro\u00dfhandel mit Silikonperlen &#8211; Business und Consumer","item":"https:\/\/www.jootjeshaakcadeautjes.nl\/de\/shop\/"},{"@type":"ListItem","position":3,"name":"Stickereischere Twister Champagne Metallic"}]},{"@type":"WebSite","@id":"https:\/\/www.jootjeshaakcadeautjes.nl\/de\/#website","url":"https:\/\/www.jootjeshaakcadeautjes.nl\/de\/","name":"Jootjes Haakcadeautjes","description":"Silikonperlen Gro\u00dfhandel ","publisher":{"@id":"https:\/\/www.jootjeshaakcadeautjes.nl\/de\/#organization"},"potentialAction":[{"@type":"SearchAction","target":{"@type":"EntryPoint","urlTemplate":"https:\/\/www.jootjeshaakcadeautjes.nl\/de\/?s={search_term_string}"},"query-input":{"@type":"PropertyValueSpecification","valueRequired":true,"valueName":"search_term_string"}}],"inLanguage":"de"},{"@type":"Organization","@id":"https:\/\/www.jootjeshaakcadeautjes.nl\/de\/#organization","name":"Jootjes Haakcadeautjes","url":"https:\/\/www.jootjeshaakcadeautjes.nl\/de\/","logo":{"@type":"ImageObject","inLanguage":"de","@id":"https:\/\/www.jootjeshaakcadeautjes.nl\/de\/#\/schema\/logo\/image\/","url":"https:\/\/jootjes-haakcadeautjes-media.s3.amazonaws.com\/wp-content\/uploads\/2023\/05\/Logo-rond.png","contentUrl":"https:\/\/jootjes-haakcadeautjes-media.s3.amazonaws.com\/wp-content\/uploads\/2023\/05\/Logo-rond.png","width":1222,"height":1222,"caption":"Jootjes Haakcadeautjes"},"image":{"@id":"https:\/\/www.jootjeshaakcadeautjes.nl\/de\/#\/schema\/logo\/image\/"}}]},"product_price_amount":"5.95","product_price_currency":"EUR","og_availability":"instock","product_availability":"instock","product_retailer_item_id":"BOR-SCH-TWC","product_condition":"new"},"_links":{"self":[{"href":"https:\/\/www.jootjeshaakcadeautjes.nl\/de\/wp-json\/wp\/v2\/product\/266052","targetHints":{"allow":["GET"]}}],"collection":[{"href":"https:\/\/www.jootjeshaakcadeautjes.nl\/de\/wp-json\/wp\/v2\/product"}],"about":[{"href":"https:\/\/www.jootjeshaakcadeautjes.nl\/de\/wp-json\/wp\/v2\/types\/product"}],"version-history":[{"count":2,"href":"https:\/\/www.jootjeshaakcadeautjes.nl\/de\/wp-json\/wp\/v2\/product\/266052\/revisions"}],"predecessor-version":[{"id":279436,"href":"https:\/\/www.jootjeshaakcadeautjes.nl\/de\/wp-json\/wp\/v2\/product\/266052\/revisions\/279436"}],"wp:featuredmedia":[{"embeddable":true,"href":"https:\/\/www.jootjeshaakcadeautjes.nl\/de\/wp-json\/wp\/v2\/media\/99563"}],"wp:attachment":[{"href":"https:\/\/www.jootjeshaakcadeautjes.nl\/de\/wp-json\/wp\/v2\/media?parent=266052"}],"wp:term":[{"taxonomy":"product_brand","embeddable":true,"href":"https:\/\/www.jootjeshaakcadeautjes.nl\/de\/wp-json\/wp\/v2\/product_brand?post=266052"},{"taxonomy":"product_cat","embeddable":true,"href":"https:\/\/www.jootjeshaakcadeautjes.nl\/de\/wp-json\/wp\/v2\/product_cat?post=266052"},{"taxonomy":"product_tag","embeddable":true,"href":"https:\/\/www.jootjeshaakcadeautjes.nl\/de\/wp-json\/wp\/v2\/product_tag?post=266052"}],"curies":[{"name":"wp","href":"https:\/\/api.w.org\/{rel}","templated":true}]}}