{"id":268106,"date":"2026-04-27T16:12:35","date_gmt":"2026-04-27T14:12:35","guid":{"rendered":"https:\/\/www.jootjeshaakcadeautjes.nl\/?post_type=product&#038;p=268106"},"modified":"2026-04-20T02:50:20","modified_gmt":"2026-04-20T00:50:20","slug":"silikon-buchstabenperlen-weis-mit-gold-12-mm-quadratisch-komplettes-alphabet-satz-mit-26-stuck-a-z-kopie","status":"publish","type":"product","link":"https:\/\/www.jootjeshaakcadeautjes.nl\/de\/produkt\/silikon-buchstabenperlen-weis-mit-gold-12-mm-quadratisch-komplettes-alphabet-satz-mit-26-stuck-a-z-kopie\/","title":{"rendered":"Silikon-Buchstabenperlen &#8211; Wei\u00df mit Gold &#8211; 10 mm &#8211; Quadratisch &#8211; Komplettes Alphabet &#8211; Satz mit 26 St\u00fcck A-Z"},"content":{"rendered":"<h2>Buchstabenperlen aus Silikon in Wei\u00df und Gold &#8211; quadratisch &#8211; 10 mm &#8211; Das komplette Alphabet<\/h2>\n<p><em>Produktspezifikationen:<\/em><\/p>\n<ul>\n<li><strong>Farbe:<\/strong> Wei\u00df mit goldenen Lettern<\/li>\n<li><strong>Gr\u00f6\u00dfe:<\/strong> 10 mm x 10 mm<\/li>\n<li><strong>Typ:<\/strong> Quadratische Silikonbuchstabenperle mit gepr\u00e4gten Silikonbuchstaben. Es handelt sich um einen in die Perle eingebetteten Buchstaben, nicht um einen Druck.<\/li>\n<li><strong>Sicherheit:<\/strong> BPA-, Phthalat-, PVC-, blei- und toxinfrei<\/li>\n<li><strong>Zertifizierung:<\/strong> Geeignet f\u00fcr CE-zertifizierte Endprodukte<\/li>\n<li><strong>Verf\u00fcgbarkeit:<\/strong> Die Buchstabenperlen sind in allen Buchstaben des Alphabets erh\u00e4ltlich. Dieser Artikelcode bezieht sich auf einen Satz f\u00fcr das gesamte Alphabet. Enth\u00e4lt alle Buchstaben A bis Z 1 x. Satz mit insgesamt 26 Teilen.<\/li>\n<\/ul>\n<p>Diese sch\u00f6nen quadratischen Buchstabenperlen aus Silikon bieten zahlreiche M\u00f6glichkeiten, Ihre handgefertigten Kreationen zu personalisieren. Diese Perlen eignen sich perfekt, um eine Schnullerschnur, einen Bei\u00dfring, einen Kinderwagenschieber oder eine Babygymnastik mit einem Namen zu versehen. Mit diesen Perlen ist es ganz einfach, ein einzigartiges und pers\u00f6nliches Geschenk f\u00fcr die Mutter zu kreieren oder Spielzeug f\u00fcr Ihr eigenes Kind herzustellen. Kombinieren Sie sie m\u00fchelos mit unseren sch\u00f6nen Holzperlen oder anderen Silikonperlen f\u00fcr endlose Gestaltungsm\u00f6glichkeiten.<\/p>\n<p>Die Buchstabenperlen aus Silikon lassen sich leicht in der Sp\u00fclmaschine reinigen und bei Zahnen im K\u00fchlschrank aufbewahren.<\/p>\n<h3>Qualit\u00e4t und Sicherheit sind unsere Priorit\u00e4t:<\/h3>\n<p>Wir nehmen die Sicherheit unserer Produkte ernst. Alle Silikonmaterialien in unserem Sortiment sind BPA-frei und frei von Phthalaten. Bei der Herstellung dieser Silikonbuchstabenkugeln werden keine sch\u00e4dlichen Stoffe verwendet. Sie sind sowohl f\u00fcr S\u00e4uglinge als auch f\u00fcr \u00e4ltere Kinder geeignet, die das Bed\u00fcrfnis haben, auf etwas zu bei\u00dfen.<\/p>\n<p>Unsere Buchstabenperlen aus Silikon sind alle:<\/p>\n<ul>\n<li><strong>BPA- und Phthalat-frei:<\/strong> Unsere Materialien sind garantiert frei von sch\u00e4dlichen Substanzen, so dass Sie sie bedenkenlos verwenden k\u00f6nnen, sogar f\u00fcr Babys.<\/li>\n<li><strong>CE-Zertifizierung:<\/strong> Diese Perlen sind f\u00fcr CE-zertifizierte Endprodukte geeignet, wodurch sichergestellt wird, dass Sie mit hochwertigen Materialien arbeiten.<\/li>\n<li><strong>Langlebigkeit:<\/strong> Die Perlen sind robust und nutzen sich kaum ab, so dass Ihre Kreationen lange Zeit halten.<\/li>\n<li><strong>Leicht zu reinigen:<\/strong> Diese Buchstabenperlen aus Silikon sind sp\u00fclmaschinenfest und zum K\u00fchlen beim Zahnen geeignet.<\/li>\n<\/ul>\n<h3>Warnung:<\/h3>\n<p>Obwohl unsere Perlen von hoher Qualit\u00e4t sind, ist es wichtig, dass Sie die Perlen immer sicher auff\u00e4deln und verknoten. \u00dcberpr\u00fcfen Sie Ihre handgefertigten Produkte regelm\u00e4\u00dfig auf Abnutzung und Verschlei\u00df. Jootjes Haakcadeautjes kontrolliert Ihre fertigen Produkte nicht und kann keine Verantwortung f\u00fcr Sch\u00e4den an den fertigen Produkten oder das L\u00f6sen von Teilen aufgrund von Verschlei\u00df \u00fcbernehmen. Wir empfehlen, handgefertigtes Bei\u00dfspielzeug nur unter Aufsicht von Erwachsenen zu verwenden, um gef\u00e4hrliche Situationen zu vermeiden.<\/p>\n","protected":false},"excerpt":{"rendered":"<ul>\n<li>Variante: Buchstabenperlen aus Silikon<\/li>\n<li>Farbe: Wei\u00dfe Silikonperlen mit goldener Beschriftung.<\/li>\n<li>Verkauft als Set mit dem gesamten Alphabet. Enth\u00e4lt alle Buchstaben A bis Z 1 x. Satz mit insgesamt 26 Teilen.<\/li>\n<li>BPA-, Phthalat-, PVC-, blei- und toxinfrei.<\/li>\n<li>Geeignet f\u00fcr CE-zertifizierte Endprodukte.<\/li>\n<li>Form und Gr\u00f6\u00dfe: Quadratisch, 10 mm x 10 mm, mit Buchstaben auf allen 4 Seiten.<\/li>\n<li>Die Buchstaben sind horizontal (die L\u00f6cher sind von links nach rechts).<\/li>\n<li>Mit milder Seifenlauge oder Nasentuch reinigen. Der Wulst selbst kann in der Sp\u00fclmaschine gereinigt werden.<\/li>\n<li>Cool zum Zahnen.<\/li>\n<\/ul>\n","protected":false},"featured_media":84928,"template":"","meta":[],"product_brand":[],"product_cat":[8505,8761,7380,7184,18290,18014],"product_tag":[8074,8767,8750,7385,7452,8742,8746,8284,8728,7416,7890,7442,7199,8744,8514,7211,7427,7632],"class_list":{"0":"post-268106","1":"product","2":"type-product","3":"status-publish","4":"has-post-thumbnail","6":"product_cat-buchstabenperlen-schnullerschnur-und-beisring","7":"product_cat-buchstabenperlen-aus-silikon-10-mm","8":"product_cat-herstellung-von-baby-beisspielzeug-materialien-fur-schnuller-und-beisringe","9":"product_cat-neue-produkte","10":"product_cat-thema-sinterklaas","11":"product_cat-siliconen-kralen-kerst-de","12":"product_tag-10-de","13":"product_tag-10mm-de","14":"product_tag-alphabet-de","15":"product_tag-beisring","16":"product_tag-bpa-frei","17":"product_tag-buchstabenperle","18":"product_tag-gesamtes-alphabet","19":"product_tag-gold-de","20":"product_tag-gold-de-3","21":"product_tag-gummischnur","22":"product_tag-gummischnur-de","23":"product_tag-kinderwagenkette","24":"product_tag-perlen","25":"product_tag-perlen-mit-buchstaben","26":"product_tag-platz","27":"product_tag-silikon","28":"product_tag-still-halskette","29":"product_tag-weis","31":"first","32":"instock","33":"taxable","34":"shipping-taxable","35":"purchasable","36":"product-type-simple"},"bundled_by":[],"bundle_stock_status":"instock","bundle_stock_quantity":50,"bundle_virtual":false,"bundle_layout":"","bundle_add_to_cart_form_location":"","bundle_editable_in_cart":false,"bundle_sold_individually_context":"","bundle_item_grouping":"","bundle_min_size":"","bundle_max_size":"","bundle_price":[],"bundled_items":[],"bundle_sell_ids":[],"yoast_head":"<!-- This site is optimized with the Yoast SEO Premium plugin v27.4 (Yoast SEO v27.5) - https:\/\/yoast.com\/product\/yoast-seo-premium-wordpress\/ -->\n<title>Buchstabenperlen aus Silikon - Wei\u00df mit Gold - 10 mm - Alphabet<\/title>\n<meta name=\"description\" content=\"Buchstabenperlen aus wei\u00dfem Silikon mit schwarzen Silikonbuchstaben. Wunderbar geeignet f\u00fcr eine Schnullerschnur, eine Kinderwagenschnur oder einen Bei\u00dfring.\" \/>\n<meta name=\"robots\" content=\"index, follow, max-snippet:-1, max-image-preview:large, max-video-preview:-1\" \/>\n<link rel=\"canonical\" href=\"https:\/\/www.jootjeshaakcadeautjes.nl\/de\/produkt\/silikon-buchstabenperlen-weis-mit-gold-12-mm-quadratisch-komplettes-alphabet-satz-mit-26-stuck-a-z-kopie\/\" \/>\n<meta property=\"og:locale\" content=\"de_DE\" \/>\n<meta property=\"og:type\" content=\"article\" \/>\n<meta property=\"og:title\" content=\"Silikon-Buchstabenperlen - Wei\u00df mit Gold - 10 mm - Quadratisch - Komplettes Alphabet - Satz mit 26 St\u00fcck A-Z\" \/>\n<meta property=\"og:description\" content=\"Buchstabenperlen aus wei\u00dfem Silikon mit schwarzen Silikonbuchstaben. Wunderbar geeignet f\u00fcr eine Schnullerschnur, eine Kinderwagenschnur oder einen Bei\u00dfring.\" \/>\n<meta property=\"og:url\" content=\"https:\/\/www.jootjeshaakcadeautjes.nl\/de\/produkt\/silikon-buchstabenperlen-weis-mit-gold-12-mm-quadratisch-komplettes-alphabet-satz-mit-26-stuck-a-z-kopie\/\" \/>\n<meta property=\"og:site_name\" content=\"Jootjes Haakcadeautjes\" \/>\n<meta property=\"og:image\" content=\"https:\/\/d1dyryakdmle7o.cloudfront.net\/wp-content\/uploads\/2022\/11\/20221107_125016.jpg\" \/>\n\t<meta property=\"og:image:width\" content=\"2048\" \/>\n\t<meta property=\"og:image:height\" content=\"2048\" \/>\n\t<meta property=\"og:image:type\" content=\"image\/jpeg\" \/>\n<meta name=\"twitter:card\" content=\"summary_large_image\" \/>\n<meta name=\"twitter:label1\" content=\"Preis\" \/>\n\t<meta name=\"twitter:data1\" content=\"&euro;7.80 inkl. MwSt.\" \/>\n\t<meta name=\"twitter:label2\" content=\"Verf\u00fcgbarkeit\" \/>\n\t<meta name=\"twitter:data2\" content=\"Auf Lager\" \/>\n<script type=\"application\/ld+json\" class=\"yoast-schema-graph\">{\"@context\":\"https:\\\/\\\/schema.org\",\"@graph\":[{\"@type\":\"WebPage\",\"@id\":\"https:\\\/\\\/www.jootjeshaakcadeautjes.nl\\\/de\\\/produkt\\\/silikon-buchstabenperlen-weis-mit-gold-12-mm-quadratisch-komplettes-alphabet-satz-mit-26-stuck-a-z-kopie\\\/\",\"url\":\"https:\\\/\\\/www.jootjeshaakcadeautjes.nl\\\/de\\\/produkt\\\/silikon-buchstabenperlen-weis-mit-gold-12-mm-quadratisch-komplettes-alphabet-satz-mit-26-stuck-a-z-kopie\\\/\",\"name\":\"Buchstabenperlen aus Silikon - Wei\u00df mit Gold - 10 mm - Alphabet\",\"isPartOf\":{\"@id\":\"https:\\\/\\\/www.jootjeshaakcadeautjes.nl\\\/de\\\/#website\"},\"primaryImageOfPage\":{\"@id\":\"https:\\\/\\\/www.jootjeshaakcadeautjes.nl\\\/de\\\/produkt\\\/silikon-buchstabenperlen-weis-mit-gold-12-mm-quadratisch-komplettes-alphabet-satz-mit-26-stuck-a-z-kopie\\\/#primaryimage\"},\"image\":{\"@id\":\"https:\\\/\\\/www.jootjeshaakcadeautjes.nl\\\/de\\\/produkt\\\/silikon-buchstabenperlen-weis-mit-gold-12-mm-quadratisch-komplettes-alphabet-satz-mit-26-stuck-a-z-kopie\\\/#primaryimage\"},\"thumbnailUrl\":\"https:\\\/\\\/d1dyryakdmle7o.cloudfront.net\\\/wp-content\\\/uploads\\\/2022\\\/11\\\/20221107_125016.jpg\",\"datePublished\":\"2026-04-27T14:12:35+00:00\",\"description\":\"Buchstabenperlen aus wei\u00dfem Silikon mit schwarzen Silikonbuchstaben. Wunderbar geeignet f\u00fcr eine Schnullerschnur, eine Kinderwagenschnur oder einen Bei\u00dfring.\",\"breadcrumb\":{\"@id\":\"https:\\\/\\\/www.jootjeshaakcadeautjes.nl\\\/de\\\/produkt\\\/silikon-buchstabenperlen-weis-mit-gold-12-mm-quadratisch-komplettes-alphabet-satz-mit-26-stuck-a-z-kopie\\\/#breadcrumb\"},\"inLanguage\":\"de\",\"potentialAction\":[{\"@type\":\"ReadAction\",\"target\":[\"https:\\\/\\\/www.jootjeshaakcadeautjes.nl\\\/de\\\/produkt\\\/silikon-buchstabenperlen-weis-mit-gold-12-mm-quadratisch-komplettes-alphabet-satz-mit-26-stuck-a-z-kopie\\\/\"]}]},{\"@type\":\"ImageObject\",\"inLanguage\":\"de\",\"@id\":\"https:\\\/\\\/www.jootjeshaakcadeautjes.nl\\\/de\\\/produkt\\\/silikon-buchstabenperlen-weis-mit-gold-12-mm-quadratisch-komplettes-alphabet-satz-mit-26-stuck-a-z-kopie\\\/#primaryimage\",\"url\":\"https:\\\/\\\/d1dyryakdmle7o.cloudfront.net\\\/wp-content\\\/uploads\\\/2022\\\/11\\\/20221107_125016.jpg\",\"contentUrl\":\"https:\\\/\\\/d1dyryakdmle7o.cloudfront.net\\\/wp-content\\\/uploads\\\/2022\\\/11\\\/20221107_125016.jpg\",\"width\":2048,\"height\":2048,\"caption\":\"Silikon Buchstaben Perlen wei\u00dfes Gold Alphabet Schnuller Schnur Bei\u00dfring bpa frei\"},{\"@type\":\"BreadcrumbList\",\"@id\":\"https:\\\/\\\/www.jootjeshaakcadeautjes.nl\\\/de\\\/produkt\\\/silikon-buchstabenperlen-weis-mit-gold-12-mm-quadratisch-komplettes-alphabet-satz-mit-26-stuck-a-z-kopie\\\/#breadcrumb\",\"itemListElement\":[{\"@type\":\"ListItem\",\"position\":1,\"name\":\"Startseite\",\"item\":\"https:\\\/\\\/www.jootjeshaakcadeautjes.nl\\\/de\\\/\"},{\"@type\":\"ListItem\",\"position\":2,\"name\":\"Gro\u00dfhandel mit Silikonperlen &#8211; Business und Consumer\",\"item\":\"https:\\\/\\\/www.jootjeshaakcadeautjes.nl\\\/de\\\/shop\\\/\"},{\"@type\":\"ListItem\",\"position\":3,\"name\":\"Priv\u00e9: Silikon-Buchstabenperlen &#8211; Wei\u00df mit Gold &#8211; 10 mm &#8211; Quadratisch &#8211; Komplettes Alphabet &#8211; Satz mit 26 St\u00fcck A-Z\"}]},{\"@type\":\"WebSite\",\"@id\":\"https:\\\/\\\/www.jootjeshaakcadeautjes.nl\\\/de\\\/#website\",\"url\":\"https:\\\/\\\/www.jootjeshaakcadeautjes.nl\\\/de\\\/\",\"name\":\"Jootjes Haakcadeautjes\",\"description\":\"Silikonperlen Gro\u00dfhandel \",\"publisher\":{\"@id\":\"https:\\\/\\\/www.jootjeshaakcadeautjes.nl\\\/de\\\/#organization\"},\"potentialAction\":[{\"@type\":\"SearchAction\",\"target\":{\"@type\":\"EntryPoint\",\"urlTemplate\":\"https:\\\/\\\/www.jootjeshaakcadeautjes.nl\\\/de\\\/?s={search_term_string}\"},\"query-input\":{\"@type\":\"PropertyValueSpecification\",\"valueRequired\":true,\"valueName\":\"search_term_string\"}}],\"inLanguage\":\"de\"},{\"@type\":\"Organization\",\"@id\":\"https:\\\/\\\/www.jootjeshaakcadeautjes.nl\\\/de\\\/#organization\",\"name\":\"Jootjes Haakcadeautjes\",\"url\":\"https:\\\/\\\/www.jootjeshaakcadeautjes.nl\\\/de\\\/\",\"logo\":{\"@type\":\"ImageObject\",\"inLanguage\":\"de\",\"@id\":\"https:\\\/\\\/www.jootjeshaakcadeautjes.nl\\\/de\\\/#\\\/schema\\\/logo\\\/image\\\/\",\"url\":\"https:\\\/\\\/jootjes-haakcadeautjes-media.s3.amazonaws.com\\\/wp-content\\\/uploads\\\/2023\\\/05\\\/Logo-rond.png\",\"contentUrl\":\"https:\\\/\\\/jootjes-haakcadeautjes-media.s3.amazonaws.com\\\/wp-content\\\/uploads\\\/2023\\\/05\\\/Logo-rond.png\",\"width\":1222,\"height\":1222,\"caption\":\"Jootjes Haakcadeautjes\"},\"image\":{\"@id\":\"https:\\\/\\\/www.jootjeshaakcadeautjes.nl\\\/de\\\/#\\\/schema\\\/logo\\\/image\\\/\"}}]}<\/script>\n<meta property=\"product:price:amount\" content=\"7.80\" \/>\n<meta property=\"product:price:currency\" content=\"EUR\" \/>\n<meta property=\"og:availability\" content=\"instock\" \/>\n<meta property=\"product:availability\" content=\"instock\" \/>\n<meta property=\"product:retailer_item_id\" content=\"SLK-G10-HAL\" \/>\n<meta property=\"product:condition\" content=\"new\" \/>\n<!-- \/ Yoast SEO Premium plugin. -->","yoast_head_json":{"title":"Buchstabenperlen aus Silikon - Wei\u00df mit Gold - 10 mm - Alphabet","description":"Buchstabenperlen aus wei\u00dfem Silikon mit schwarzen Silikonbuchstaben. Wunderbar geeignet f\u00fcr eine Schnullerschnur, eine Kinderwagenschnur oder einen Bei\u00dfring.","robots":{"index":"index","follow":"follow","max-snippet":"max-snippet:-1","max-image-preview":"max-image-preview:large","max-video-preview":"max-video-preview:-1"},"canonical":"https:\/\/www.jootjeshaakcadeautjes.nl\/de\/produkt\/silikon-buchstabenperlen-weis-mit-gold-12-mm-quadratisch-komplettes-alphabet-satz-mit-26-stuck-a-z-kopie\/","og_locale":"de_DE","og_type":"article","og_title":"Silikon-Buchstabenperlen - Wei\u00df mit Gold - 10 mm - Quadratisch - Komplettes Alphabet - Satz mit 26 St\u00fcck A-Z","og_description":"Buchstabenperlen aus wei\u00dfem Silikon mit schwarzen Silikonbuchstaben. Wunderbar geeignet f\u00fcr eine Schnullerschnur, eine Kinderwagenschnur oder einen Bei\u00dfring.","og_url":"https:\/\/www.jootjeshaakcadeautjes.nl\/de\/produkt\/silikon-buchstabenperlen-weis-mit-gold-12-mm-quadratisch-komplettes-alphabet-satz-mit-26-stuck-a-z-kopie\/","og_site_name":"Jootjes Haakcadeautjes","og_image":[{"width":2048,"height":2048,"url":"https:\/\/d1dyryakdmle7o.cloudfront.net\/wp-content\/uploads\/2022\/11\/20221107_125016.jpg","type":"image\/jpeg"}],"twitter_card":"summary_large_image","twitter_misc":{"Preis":"&euro;7.80 inkl. MwSt.","Verf\u00fcgbarkeit":"Auf Lager"},"schema":{"@context":"https:\/\/schema.org","@graph":[{"@type":"WebPage","@id":"https:\/\/www.jootjeshaakcadeautjes.nl\/de\/produkt\/silikon-buchstabenperlen-weis-mit-gold-12-mm-quadratisch-komplettes-alphabet-satz-mit-26-stuck-a-z-kopie\/","url":"https:\/\/www.jootjeshaakcadeautjes.nl\/de\/produkt\/silikon-buchstabenperlen-weis-mit-gold-12-mm-quadratisch-komplettes-alphabet-satz-mit-26-stuck-a-z-kopie\/","name":"Buchstabenperlen aus Silikon - Wei\u00df mit Gold - 10 mm - Alphabet","isPartOf":{"@id":"https:\/\/www.jootjeshaakcadeautjes.nl\/de\/#website"},"primaryImageOfPage":{"@id":"https:\/\/www.jootjeshaakcadeautjes.nl\/de\/produkt\/silikon-buchstabenperlen-weis-mit-gold-12-mm-quadratisch-komplettes-alphabet-satz-mit-26-stuck-a-z-kopie\/#primaryimage"},"image":{"@id":"https:\/\/www.jootjeshaakcadeautjes.nl\/de\/produkt\/silikon-buchstabenperlen-weis-mit-gold-12-mm-quadratisch-komplettes-alphabet-satz-mit-26-stuck-a-z-kopie\/#primaryimage"},"thumbnailUrl":"https:\/\/d1dyryakdmle7o.cloudfront.net\/wp-content\/uploads\/2022\/11\/20221107_125016.jpg","datePublished":"2026-04-27T14:12:35+00:00","description":"Buchstabenperlen aus wei\u00dfem Silikon mit schwarzen Silikonbuchstaben. Wunderbar geeignet f\u00fcr eine Schnullerschnur, eine Kinderwagenschnur oder einen Bei\u00dfring.","breadcrumb":{"@id":"https:\/\/www.jootjeshaakcadeautjes.nl\/de\/produkt\/silikon-buchstabenperlen-weis-mit-gold-12-mm-quadratisch-komplettes-alphabet-satz-mit-26-stuck-a-z-kopie\/#breadcrumb"},"inLanguage":"de","potentialAction":[{"@type":"ReadAction","target":["https:\/\/www.jootjeshaakcadeautjes.nl\/de\/produkt\/silikon-buchstabenperlen-weis-mit-gold-12-mm-quadratisch-komplettes-alphabet-satz-mit-26-stuck-a-z-kopie\/"]}]},{"@type":"ImageObject","inLanguage":"de","@id":"https:\/\/www.jootjeshaakcadeautjes.nl\/de\/produkt\/silikon-buchstabenperlen-weis-mit-gold-12-mm-quadratisch-komplettes-alphabet-satz-mit-26-stuck-a-z-kopie\/#primaryimage","url":"https:\/\/d1dyryakdmle7o.cloudfront.net\/wp-content\/uploads\/2022\/11\/20221107_125016.jpg","contentUrl":"https:\/\/d1dyryakdmle7o.cloudfront.net\/wp-content\/uploads\/2022\/11\/20221107_125016.jpg","width":2048,"height":2048,"caption":"Silikon Buchstaben Perlen wei\u00dfes Gold Alphabet Schnuller Schnur Bei\u00dfring bpa frei"},{"@type":"BreadcrumbList","@id":"https:\/\/www.jootjeshaakcadeautjes.nl\/de\/produkt\/silikon-buchstabenperlen-weis-mit-gold-12-mm-quadratisch-komplettes-alphabet-satz-mit-26-stuck-a-z-kopie\/#breadcrumb","itemListElement":[{"@type":"ListItem","position":1,"name":"Startseite","item":"https:\/\/www.jootjeshaakcadeautjes.nl\/de\/"},{"@type":"ListItem","position":2,"name":"Gro\u00dfhandel mit Silikonperlen &#8211; Business und Consumer","item":"https:\/\/www.jootjeshaakcadeautjes.nl\/de\/shop\/"},{"@type":"ListItem","position":3,"name":"Priv\u00e9: Silikon-Buchstabenperlen &#8211; Wei\u00df mit Gold &#8211; 10 mm &#8211; Quadratisch &#8211; Komplettes Alphabet &#8211; Satz mit 26 St\u00fcck A-Z"}]},{"@type":"WebSite","@id":"https:\/\/www.jootjeshaakcadeautjes.nl\/de\/#website","url":"https:\/\/www.jootjeshaakcadeautjes.nl\/de\/","name":"Jootjes Haakcadeautjes","description":"Silikonperlen Gro\u00dfhandel ","publisher":{"@id":"https:\/\/www.jootjeshaakcadeautjes.nl\/de\/#organization"},"potentialAction":[{"@type":"SearchAction","target":{"@type":"EntryPoint","urlTemplate":"https:\/\/www.jootjeshaakcadeautjes.nl\/de\/?s={search_term_string}"},"query-input":{"@type":"PropertyValueSpecification","valueRequired":true,"valueName":"search_term_string"}}],"inLanguage":"de"},{"@type":"Organization","@id":"https:\/\/www.jootjeshaakcadeautjes.nl\/de\/#organization","name":"Jootjes Haakcadeautjes","url":"https:\/\/www.jootjeshaakcadeautjes.nl\/de\/","logo":{"@type":"ImageObject","inLanguage":"de","@id":"https:\/\/www.jootjeshaakcadeautjes.nl\/de\/#\/schema\/logo\/image\/","url":"https:\/\/jootjes-haakcadeautjes-media.s3.amazonaws.com\/wp-content\/uploads\/2023\/05\/Logo-rond.png","contentUrl":"https:\/\/jootjes-haakcadeautjes-media.s3.amazonaws.com\/wp-content\/uploads\/2023\/05\/Logo-rond.png","width":1222,"height":1222,"caption":"Jootjes Haakcadeautjes"},"image":{"@id":"https:\/\/www.jootjeshaakcadeautjes.nl\/de\/#\/schema\/logo\/image\/"}}]},"product_price_amount":"7.80","product_price_currency":"EUR","og_availability":"instock","product_availability":"instock","product_retailer_item_id":"SLK-G10-HAL","product_condition":"new"},"_links":{"self":[{"href":"https:\/\/www.jootjeshaakcadeautjes.nl\/de\/wp-json\/wp\/v2\/product\/268106","targetHints":{"allow":["GET"]}}],"collection":[{"href":"https:\/\/www.jootjeshaakcadeautjes.nl\/de\/wp-json\/wp\/v2\/product"}],"about":[{"href":"https:\/\/www.jootjeshaakcadeautjes.nl\/de\/wp-json\/wp\/v2\/types\/product"}],"version-history":[{"count":1,"href":"https:\/\/www.jootjeshaakcadeautjes.nl\/de\/wp-json\/wp\/v2\/product\/268106\/revisions"}],"predecessor-version":[{"id":278635,"href":"https:\/\/www.jootjeshaakcadeautjes.nl\/de\/wp-json\/wp\/v2\/product\/268106\/revisions\/278635"}],"wp:featuredmedia":[{"embeddable":true,"href":"https:\/\/www.jootjeshaakcadeautjes.nl\/de\/wp-json\/wp\/v2\/media\/84928"}],"wp:attachment":[{"href":"https:\/\/www.jootjeshaakcadeautjes.nl\/de\/wp-json\/wp\/v2\/media?parent=268106"}],"wp:term":[{"taxonomy":"product_brand","embeddable":true,"href":"https:\/\/www.jootjeshaakcadeautjes.nl\/de\/wp-json\/wp\/v2\/product_brand?post=268106"},{"taxonomy":"product_cat","embeddable":true,"href":"https:\/\/www.jootjeshaakcadeautjes.nl\/de\/wp-json\/wp\/v2\/product_cat?post=268106"},{"taxonomy":"product_tag","embeddable":true,"href":"https:\/\/www.jootjeshaakcadeautjes.nl\/de\/wp-json\/wp\/v2\/product_tag?post=268106"}],"curies":[{"name":"wp","href":"https:\/\/api.w.org\/{rel}","templated":true}]}}