{"id":268246,"date":"2026-01-13T18:46:04","date_gmt":"2026-01-13T16:46:04","guid":{"rendered":"https:\/\/www.jootjeshaakcadeautjes.nl\/?post_type=product&#038;p=268246"},"modified":"2026-04-20T11:18:45","modified_gmt":"2026-04-20T09:18:45","slug":"silikonperlen-wabe-riffelung-16-mm-milchschokolade-kopie-kopie-kopie-kopie-kopie-kopie","status":"publish","type":"product","link":"https:\/\/www.jootjeshaakcadeautjes.nl\/de\/produkt\/silikonperlen-wabe-riffelung-16-mm-milchschokolade-kopie-kopie-kopie-kopie-kopie-kopie\/","title":{"rendered":"Silikonperlen &#8211; Wabe \/ Riffelung &#8211; 16 mm &#8211; Orchidee"},"content":{"rendered":"<h1>Silikonperlen &#8211; Wabe \/ Riffelung &#8211; 16 mm &#8211; Orchidee<\/h1>\n<h3>Spezifikationen:<\/h3>\n<ul>\n<li>Auch bekannt als: Gerippte Silikonperlen<\/li>\n<li>Gr\u00f6\u00dfe: 16 mm<\/li>\n<\/ul>\n<p>Alle unsere Silikonkugeln sind 100% BPA-, blei-, toxin-, phthalat- und PVC-frei. Unsere Silikonkugeln sind daher von medizinischer Qualit\u00e4t und f\u00fcr die Verwendung in Kinderzahnspielzeug geeignet.  Die runden 16-mm-Perlen eignen sich u. a. f\u00fcr Bei\u00dfringe, Schnullerketten, Stillketten, Taschenanh\u00e4nger oder Babygymnastik.<\/p>\n<p>Den Rest unseres Silikonperlen-Sortiments finden Sie hier: <a href=\"https:\/\/www.jootjeshaakcadeautjes.nl\/de\/product-categorie\/herstellung-von-baby-beisspielzeug-materialien-fur-schnuller-und-beisringe\/silikonperlen-bpa-frei-grosshandel\/\">Silikonperlen<\/a>.<br \/>\nDie Holzperlen finden Sie hier: <a href=\"\/?product_cat=houten-kralen-kralen\">Holzperlen<\/a>.<\/p>\n<h3>Qualit\u00e4t und Sicherheit unserer Silikonperlen<\/h3>\n<p>Alle unsere Silikonperlen sind:<\/p>\n<ul>\n<li>BPA-frei<\/li>\n<li>Phthalat- und toxinfrei<\/li>\n<li>PVC-frei<\/li>\n<li>Bleifrei<\/li>\n<li>Geeignet f\u00fcr CE-zertifizierte Endprodukte<\/li>\n<li>Silikonperlen in medizinischer Qualit\u00e4t<\/li>\n<\/ul>\n<h4>Reparieren:<\/h4>\n<p>Die Silikonperlen lassen sich leicht auf eine Wachskordel oder Satinkordel auff\u00e4deln. Binden Sie den Silikonperlen-Bei\u00dfring enorm gut und mehrmals auf. <\/p>\n<h4>Reinigung:<\/h4>\n<p>Diese wabenf\u00f6rmigen Silikonperlen sind daher sowohl f\u00fcr Babys als auch f\u00fcr \u00e4ltere Kinder geeignet, die gerne in etwas hineinbei\u00dfen. Die Perlen sind geeignet f\u00fcr CE-zertifizierte Fertigprodukte und sind robust. Daher nutzen sie sich kaum ab. Dar\u00fcber hinaus sind die Perlen leicht zu reinigen. Diese Silikonperlen k\u00f6nnen problemlos in die Sp\u00fclmaschine oder in Seifenwasser gegeben werden. Lassen Sie sie dann gr\u00fcndlich trocknen, bevor Sie sie wieder einem kleinen Kind geben. Die Silikonkugeln k\u00f6nnen auch im K\u00fchlschrank aufbewahrt werden.   Daher eignen sie sich sehr gut zur Schmerzlinderung beim Zahnen.<\/p>\n<p><em>Befestigen Sie die Silikonperlen immer ordnungsgem\u00e4\u00df und \u00fcberpr\u00fcfen Sie Ihre Kreationen regelm\u00e4\u00dfig, z. B. auf Abnutzung und Verschlei\u00df. Hierf\u00fcr sind Sie selbst verantwortlich.  Jootjes Haakcadeautjes pr\u00fcft Ihr fertiges Produkt nicht und kann daher keine Sch\u00e4den oder Lockerungen aufgrund von Abnutzung annehmen. Wir raten dazu, handgefertigtes Kinderspielzeug nur unter Aufsicht von Erwachsenen zu verwenden, um gef\u00e4hrliche Situationen zu vermeiden. <\/em><\/p>\n","protected":false},"excerpt":{"rendered":"<p>Farbcode Orchidee<\/p>\n<p>&#8211; Typ: Silikonperlen Wabe\/Ribbel<br \/>\n&#8211; Gr\u00f6\u00dfe: 16 mm<br \/>\n&#8211; Verkauf pro St\u00fcck, nirgends billiger<br \/>\n&#8211; BPA-, Phthalate-, Blei-, PVC- und Toxinfrei<br \/>\n&#8211; Geeignet f\u00fcr CE-zertifiziertes Fertigprodukt<br \/>\n&#8211; Silikonperlen in medizinischer Qualit\u00e4t<br \/>\n&#8211; K\u00fchlbar im K\u00fchlschrank<br \/>\n&#8211; Sp\u00fclmaschinenfest<\/p>\n","protected":false},"featured_media":271366,"template":"","meta":[],"product_brand":[],"product_cat":[7380,7184,8719,6991],"product_tag":[7886,7385,8720,7419,7452,8721,7416,7442,7451,7397,9505,7199,7490,7211,7483,7427,7499,7536,7435],"class_list":{"0":"post-268246","1":"product","2":"type-product","3":"status-publish","4":"has-post-thumbnail","6":"product_cat-herstellung-von-baby-beisspielzeug-materialien-fur-schnuller-und-beisringe","7":"product_cat-neue-produkte","8":"product_cat-silikonperlen-16-mm-wabe-ribbel","9":"product_cat-silikonperlen-bpa-frei-grosshandel","10":"product_tag-16mm-de","11":"product_tag-beisring","12":"product_tag-bienenwabe","13":"product_tag-bpa-de","14":"product_tag-bpa-frei","15":"product_tag-gerippt","16":"product_tag-gummischnur","17":"product_tag-kinderwagenkette","18":"product_tag-kostenlos","19":"product_tag-mm-de","20":"product_tag-orchidee","21":"product_tag-perlen","22":"product_tag-phthalate","23":"product_tag-silikon","24":"product_tag-silikon-de","25":"product_tag-still-halskette","26":"product_tag-taschenaufhanger","27":"product_tag-um","28":"product_tag-wulst","30":"first","31":"instock","32":"taxable","33":"shipping-taxable","34":"purchasable","35":"product-type-simple"},"bundled_by":[],"bundle_stock_status":"instock","bundle_stock_quantity":172,"bundle_virtual":false,"bundle_layout":"","bundle_add_to_cart_form_location":"","bundle_editable_in_cart":false,"bundle_sold_individually_context":"","bundle_item_grouping":"","bundle_min_size":"","bundle_max_size":"","bundle_price":[],"bundled_items":[],"bundle_sell_ids":[],"yoast_head":"<!-- This site is optimized with the Yoast SEO Premium plugin v27.4 (Yoast SEO v27.4) - https:\/\/yoast.com\/product\/yoast-seo-premium-wordpress\/ -->\n<title>Jootjes Haakcadeautjes<\/title>\n<meta name=\"description\" content=\"Silikonperlen Wabe\/Ribbel in Farbe Orchidee 16 mm Durchmesser sind BPA-, blei-, toxin-, phthalat- und PVC-frei, Yootjes\" \/>\n<meta name=\"robots\" content=\"index, follow, max-snippet:-1, max-image-preview:large, max-video-preview:-1\" \/>\n<link rel=\"canonical\" href=\"https:\/\/www.jootjeshaakcadeautjes.nl\/de\/produkt\/silikonperlen-wabe-riffelung-16-mm-milchschokolade-kopie-kopie-kopie-kopie-kopie-kopie\/\" \/>\n<meta property=\"og:locale\" content=\"de_DE\" \/>\n<meta property=\"og:type\" content=\"article\" \/>\n<meta property=\"og:title\" content=\"Silikonperlen - Wabe \/ Riffelung - 16 mm - Orchidee\" \/>\n<meta property=\"og:description\" content=\"Silikonperlen Wabe\/Ribbel in Farbe Orchidee 16 mm Durchmesser sind BPA-, blei-, toxin-, phthalat- und PVC-frei, Yootjes\" \/>\n<meta property=\"og:url\" content=\"https:\/\/www.jootjeshaakcadeautjes.nl\/de\/produkt\/silikonperlen-wabe-riffelung-16-mm-milchschokolade-kopie-kopie-kopie-kopie-kopie-kopie\/\" \/>\n<meta property=\"og:site_name\" content=\"Jootjes Haakcadeautjes\" \/>\n<meta property=\"article:modified_time\" content=\"2026-04-20T09:18:45+00:00\" \/>\n<meta property=\"og:image\" content=\"https:\/\/d1dyryakdmle7o.cloudfront.net\/wp-content\/uploads\/2026\/01\/20260131_170623.webp\" \/>\n\t<meta property=\"og:image:width\" content=\"2048\" \/>\n\t<meta property=\"og:image:height\" content=\"2048\" \/>\n\t<meta property=\"og:image:type\" content=\"image\/webp\" \/>\n<meta name=\"twitter:card\" content=\"summary_large_image\" \/>\n<meta name=\"twitter:label1\" content=\"Preis\" \/>\n\t<meta name=\"twitter:data1\" content=\"&euro;0.35 inkl. MwSt.\" \/>\n\t<meta name=\"twitter:label2\" content=\"Verf\u00fcgbarkeit\" \/>\n\t<meta name=\"twitter:data2\" content=\"Auf Lager\" \/>\n<script type=\"application\/ld+json\" class=\"yoast-schema-graph\">{\"@context\":\"https:\\\/\\\/schema.org\",\"@graph\":[{\"@type\":\"WebPage\",\"@id\":\"https:\\\/\\\/www.jootjeshaakcadeautjes.nl\\\/de\\\/produkt\\\/silikonperlen-wabe-riffelung-16-mm-milchschokolade-kopie-kopie-kopie-kopie-kopie-kopie\\\/\",\"url\":\"https:\\\/\\\/www.jootjeshaakcadeautjes.nl\\\/de\\\/produkt\\\/silikonperlen-wabe-riffelung-16-mm-milchschokolade-kopie-kopie-kopie-kopie-kopie-kopie\\\/\",\"name\":\"\",\"isPartOf\":{\"@id\":\"https:\\\/\\\/www.jootjeshaakcadeautjes.nl\\\/de\\\/#website\"},\"primaryImageOfPage\":{\"@id\":\"https:\\\/\\\/www.jootjeshaakcadeautjes.nl\\\/de\\\/produkt\\\/silikonperlen-wabe-riffelung-16-mm-milchschokolade-kopie-kopie-kopie-kopie-kopie-kopie\\\/#primaryimage\"},\"image\":{\"@id\":\"https:\\\/\\\/www.jootjeshaakcadeautjes.nl\\\/de\\\/produkt\\\/silikonperlen-wabe-riffelung-16-mm-milchschokolade-kopie-kopie-kopie-kopie-kopie-kopie\\\/#primaryimage\"},\"thumbnailUrl\":\"https:\\\/\\\/d1dyryakdmle7o.cloudfront.net\\\/wp-content\\\/uploads\\\/2026\\\/01\\\/20260131_170623.webp\",\"datePublished\":\"2026-01-13T16:46:04+00:00\",\"dateModified\":\"2026-04-20T09:18:45+00:00\",\"description\":\"Silikonperlen Wabe\\\/Ribbel in Farbe Orchidee 16 mm Durchmesser sind BPA-, blei-, toxin-, phthalat- und PVC-frei, Yootjes\",\"breadcrumb\":{\"@id\":\"https:\\\/\\\/www.jootjeshaakcadeautjes.nl\\\/de\\\/produkt\\\/silikonperlen-wabe-riffelung-16-mm-milchschokolade-kopie-kopie-kopie-kopie-kopie-kopie\\\/#breadcrumb\"},\"inLanguage\":\"de\",\"potentialAction\":[{\"@type\":\"ReadAction\",\"target\":[\"https:\\\/\\\/www.jootjeshaakcadeautjes.nl\\\/de\\\/produkt\\\/silikonperlen-wabe-riffelung-16-mm-milchschokolade-kopie-kopie-kopie-kopie-kopie-kopie\\\/\"]}]},{\"@type\":\"ImageObject\",\"inLanguage\":\"de\",\"@id\":\"https:\\\/\\\/www.jootjeshaakcadeautjes.nl\\\/de\\\/produkt\\\/silikonperlen-wabe-riffelung-16-mm-milchschokolade-kopie-kopie-kopie-kopie-kopie-kopie\\\/#primaryimage\",\"url\":\"https:\\\/\\\/d1dyryakdmle7o.cloudfront.net\\\/wp-content\\\/uploads\\\/2026\\\/01\\\/20260131_170623.webp\",\"contentUrl\":\"https:\\\/\\\/d1dyryakdmle7o.cloudfront.net\\\/wp-content\\\/uploads\\\/2026\\\/01\\\/20260131_170623.webp\",\"width\":2048,\"height\":2048},{\"@type\":\"BreadcrumbList\",\"@id\":\"https:\\\/\\\/www.jootjeshaakcadeautjes.nl\\\/de\\\/produkt\\\/silikonperlen-wabe-riffelung-16-mm-milchschokolade-kopie-kopie-kopie-kopie-kopie-kopie\\\/#breadcrumb\",\"itemListElement\":[{\"@type\":\"ListItem\",\"position\":1,\"name\":\"Startseite\",\"item\":\"https:\\\/\\\/www.jootjeshaakcadeautjes.nl\\\/de\\\/\"},{\"@type\":\"ListItem\",\"position\":2,\"name\":\"Gro\u00dfhandel mit Silikonperlen &#8211; Business und Consumer\",\"item\":\"https:\\\/\\\/www.jootjeshaakcadeautjes.nl\\\/de\\\/shop\\\/\"},{\"@type\":\"ListItem\",\"position\":3,\"name\":\"Silikonperlen &#8211; Wabe \\\/ Riffelung &#8211; 16 mm &#8211; Orchidee\"}]},{\"@type\":\"WebSite\",\"@id\":\"https:\\\/\\\/www.jootjeshaakcadeautjes.nl\\\/de\\\/#website\",\"url\":\"https:\\\/\\\/www.jootjeshaakcadeautjes.nl\\\/de\\\/\",\"name\":\"Jootjes Haakcadeautjes\",\"description\":\"Silikonperlen Gro\u00dfhandel \",\"publisher\":{\"@id\":\"https:\\\/\\\/www.jootjeshaakcadeautjes.nl\\\/de\\\/#organization\"},\"potentialAction\":[{\"@type\":\"SearchAction\",\"target\":{\"@type\":\"EntryPoint\",\"urlTemplate\":\"https:\\\/\\\/www.jootjeshaakcadeautjes.nl\\\/de\\\/?s={search_term_string}\"},\"query-input\":{\"@type\":\"PropertyValueSpecification\",\"valueRequired\":true,\"valueName\":\"search_term_string\"}}],\"inLanguage\":\"de\"},{\"@type\":\"Organization\",\"@id\":\"https:\\\/\\\/www.jootjeshaakcadeautjes.nl\\\/de\\\/#organization\",\"name\":\"Jootjes Haakcadeautjes\",\"url\":\"https:\\\/\\\/www.jootjeshaakcadeautjes.nl\\\/de\\\/\",\"logo\":{\"@type\":\"ImageObject\",\"inLanguage\":\"de\",\"@id\":\"https:\\\/\\\/www.jootjeshaakcadeautjes.nl\\\/de\\\/#\\\/schema\\\/logo\\\/image\\\/\",\"url\":\"https:\\\/\\\/jootjes-haakcadeautjes-media.s3.amazonaws.com\\\/wp-content\\\/uploads\\\/2023\\\/05\\\/Logo-rond.png\",\"contentUrl\":\"https:\\\/\\\/jootjes-haakcadeautjes-media.s3.amazonaws.com\\\/wp-content\\\/uploads\\\/2023\\\/05\\\/Logo-rond.png\",\"width\":1222,\"height\":1222,\"caption\":\"Jootjes Haakcadeautjes\"},\"image\":{\"@id\":\"https:\\\/\\\/www.jootjeshaakcadeautjes.nl\\\/de\\\/#\\\/schema\\\/logo\\\/image\\\/\"}}]}<\/script>\n<meta property=\"product:price:amount\" content=\"0.35\" \/>\n<meta property=\"product:price:currency\" content=\"EUR\" \/>\n<meta property=\"og:availability\" content=\"instock\" \/>\n<meta property=\"product:availability\" content=\"instock\" \/>\n<meta property=\"product:retailer_item_id\" content=\"SKR-HNG-ORC\" \/>\n<meta property=\"product:condition\" content=\"new\" \/>\n<!-- \/ Yoast SEO Premium plugin. -->","yoast_head_json":{"title":"Jootjes Haakcadeautjes","description":"Silikonperlen Wabe\/Ribbel in Farbe Orchidee 16 mm Durchmesser sind BPA-, blei-, toxin-, phthalat- und PVC-frei, Yootjes","robots":{"index":"index","follow":"follow","max-snippet":"max-snippet:-1","max-image-preview":"max-image-preview:large","max-video-preview":"max-video-preview:-1"},"canonical":"https:\/\/www.jootjeshaakcadeautjes.nl\/de\/produkt\/silikonperlen-wabe-riffelung-16-mm-milchschokolade-kopie-kopie-kopie-kopie-kopie-kopie\/","og_locale":"de_DE","og_type":"article","og_title":"Silikonperlen - Wabe \/ Riffelung - 16 mm - Orchidee","og_description":"Silikonperlen Wabe\/Ribbel in Farbe Orchidee 16 mm Durchmesser sind BPA-, blei-, toxin-, phthalat- und PVC-frei, Yootjes","og_url":"https:\/\/www.jootjeshaakcadeautjes.nl\/de\/produkt\/silikonperlen-wabe-riffelung-16-mm-milchschokolade-kopie-kopie-kopie-kopie-kopie-kopie\/","og_site_name":"Jootjes Haakcadeautjes","article_modified_time":"2026-04-20T09:18:45+00:00","og_image":[{"width":2048,"height":2048,"url":"https:\/\/d1dyryakdmle7o.cloudfront.net\/wp-content\/uploads\/2026\/01\/20260131_170623.webp","type":"image\/webp"}],"twitter_card":"summary_large_image","twitter_misc":{"Preis":"&euro;0.35 inkl. MwSt.","Verf\u00fcgbarkeit":"Auf Lager"},"schema":{"@context":"https:\/\/schema.org","@graph":[{"@type":"WebPage","@id":"https:\/\/www.jootjeshaakcadeautjes.nl\/de\/produkt\/silikonperlen-wabe-riffelung-16-mm-milchschokolade-kopie-kopie-kopie-kopie-kopie-kopie\/","url":"https:\/\/www.jootjeshaakcadeautjes.nl\/de\/produkt\/silikonperlen-wabe-riffelung-16-mm-milchschokolade-kopie-kopie-kopie-kopie-kopie-kopie\/","name":"","isPartOf":{"@id":"https:\/\/www.jootjeshaakcadeautjes.nl\/de\/#website"},"primaryImageOfPage":{"@id":"https:\/\/www.jootjeshaakcadeautjes.nl\/de\/produkt\/silikonperlen-wabe-riffelung-16-mm-milchschokolade-kopie-kopie-kopie-kopie-kopie-kopie\/#primaryimage"},"image":{"@id":"https:\/\/www.jootjeshaakcadeautjes.nl\/de\/produkt\/silikonperlen-wabe-riffelung-16-mm-milchschokolade-kopie-kopie-kopie-kopie-kopie-kopie\/#primaryimage"},"thumbnailUrl":"https:\/\/d1dyryakdmle7o.cloudfront.net\/wp-content\/uploads\/2026\/01\/20260131_170623.webp","datePublished":"2026-01-13T16:46:04+00:00","dateModified":"2026-04-20T09:18:45+00:00","description":"Silikonperlen Wabe\/Ribbel in Farbe Orchidee 16 mm Durchmesser sind BPA-, blei-, toxin-, phthalat- und PVC-frei, Yootjes","breadcrumb":{"@id":"https:\/\/www.jootjeshaakcadeautjes.nl\/de\/produkt\/silikonperlen-wabe-riffelung-16-mm-milchschokolade-kopie-kopie-kopie-kopie-kopie-kopie\/#breadcrumb"},"inLanguage":"de","potentialAction":[{"@type":"ReadAction","target":["https:\/\/www.jootjeshaakcadeautjes.nl\/de\/produkt\/silikonperlen-wabe-riffelung-16-mm-milchschokolade-kopie-kopie-kopie-kopie-kopie-kopie\/"]}]},{"@type":"ImageObject","inLanguage":"de","@id":"https:\/\/www.jootjeshaakcadeautjes.nl\/de\/produkt\/silikonperlen-wabe-riffelung-16-mm-milchschokolade-kopie-kopie-kopie-kopie-kopie-kopie\/#primaryimage","url":"https:\/\/d1dyryakdmle7o.cloudfront.net\/wp-content\/uploads\/2026\/01\/20260131_170623.webp","contentUrl":"https:\/\/d1dyryakdmle7o.cloudfront.net\/wp-content\/uploads\/2026\/01\/20260131_170623.webp","width":2048,"height":2048},{"@type":"BreadcrumbList","@id":"https:\/\/www.jootjeshaakcadeautjes.nl\/de\/produkt\/silikonperlen-wabe-riffelung-16-mm-milchschokolade-kopie-kopie-kopie-kopie-kopie-kopie\/#breadcrumb","itemListElement":[{"@type":"ListItem","position":1,"name":"Startseite","item":"https:\/\/www.jootjeshaakcadeautjes.nl\/de\/"},{"@type":"ListItem","position":2,"name":"Gro\u00dfhandel mit Silikonperlen &#8211; Business und Consumer","item":"https:\/\/www.jootjeshaakcadeautjes.nl\/de\/shop\/"},{"@type":"ListItem","position":3,"name":"Silikonperlen &#8211; Wabe \/ Riffelung &#8211; 16 mm &#8211; Orchidee"}]},{"@type":"WebSite","@id":"https:\/\/www.jootjeshaakcadeautjes.nl\/de\/#website","url":"https:\/\/www.jootjeshaakcadeautjes.nl\/de\/","name":"Jootjes Haakcadeautjes","description":"Silikonperlen Gro\u00dfhandel ","publisher":{"@id":"https:\/\/www.jootjeshaakcadeautjes.nl\/de\/#organization"},"potentialAction":[{"@type":"SearchAction","target":{"@type":"EntryPoint","urlTemplate":"https:\/\/www.jootjeshaakcadeautjes.nl\/de\/?s={search_term_string}"},"query-input":{"@type":"PropertyValueSpecification","valueRequired":true,"valueName":"search_term_string"}}],"inLanguage":"de"},{"@type":"Organization","@id":"https:\/\/www.jootjeshaakcadeautjes.nl\/de\/#organization","name":"Jootjes Haakcadeautjes","url":"https:\/\/www.jootjeshaakcadeautjes.nl\/de\/","logo":{"@type":"ImageObject","inLanguage":"de","@id":"https:\/\/www.jootjeshaakcadeautjes.nl\/de\/#\/schema\/logo\/image\/","url":"https:\/\/jootjes-haakcadeautjes-media.s3.amazonaws.com\/wp-content\/uploads\/2023\/05\/Logo-rond.png","contentUrl":"https:\/\/jootjes-haakcadeautjes-media.s3.amazonaws.com\/wp-content\/uploads\/2023\/05\/Logo-rond.png","width":1222,"height":1222,"caption":"Jootjes Haakcadeautjes"},"image":{"@id":"https:\/\/www.jootjeshaakcadeautjes.nl\/de\/#\/schema\/logo\/image\/"}}]},"product_price_amount":"0.35","product_price_currency":"EUR","og_availability":"instock","product_availability":"instock","product_retailer_item_id":"SKR-HNG-ORC","product_condition":"new"},"_links":{"self":[{"href":"https:\/\/www.jootjeshaakcadeautjes.nl\/de\/wp-json\/wp\/v2\/product\/268246","targetHints":{"allow":["GET"]}}],"collection":[{"href":"https:\/\/www.jootjeshaakcadeautjes.nl\/de\/wp-json\/wp\/v2\/product"}],"about":[{"href":"https:\/\/www.jootjeshaakcadeautjes.nl\/de\/wp-json\/wp\/v2\/types\/product"}],"version-history":[{"count":2,"href":"https:\/\/www.jootjeshaakcadeautjes.nl\/de\/wp-json\/wp\/v2\/product\/268246\/revisions"}],"predecessor-version":[{"id":279433,"href":"https:\/\/www.jootjeshaakcadeautjes.nl\/de\/wp-json\/wp\/v2\/product\/268246\/revisions\/279433"}],"wp:featuredmedia":[{"embeddable":true,"href":"https:\/\/www.jootjeshaakcadeautjes.nl\/de\/wp-json\/wp\/v2\/media\/271366"}],"wp:attachment":[{"href":"https:\/\/www.jootjeshaakcadeautjes.nl\/de\/wp-json\/wp\/v2\/media?parent=268246"}],"wp:term":[{"taxonomy":"product_brand","embeddable":true,"href":"https:\/\/www.jootjeshaakcadeautjes.nl\/de\/wp-json\/wp\/v2\/product_brand?post=268246"},{"taxonomy":"product_cat","embeddable":true,"href":"https:\/\/www.jootjeshaakcadeautjes.nl\/de\/wp-json\/wp\/v2\/product_cat?post=268246"},{"taxonomy":"product_tag","embeddable":true,"href":"https:\/\/www.jootjeshaakcadeautjes.nl\/de\/wp-json\/wp\/v2\/product_tag?post=268246"}],"curies":[{"name":"wp","href":"https:\/\/api.w.org\/{rel}","templated":true}]}}