{"id":268485,"date":"2026-02-11T16:51:42","date_gmt":"2026-02-11T14:51:42","guid":{"rendered":"https:\/\/www.jootjeshaakcadeautjes.nl\/?post_type=product&#038;p=268485"},"modified":"2026-04-20T11:18:05","modified_gmt":"2026-04-20T09:18:05","slug":"silikonperle-smiley-15-cm-knallgelb-kopie-kopie-2","status":"publish","type":"product","link":"https:\/\/www.jootjeshaakcadeautjes.nl\/de\/produkt\/silikonperle-smiley-15-cm-knallgelb-kopie-kopie-2\/","title":{"rendered":"Silikonperle &#8211; 3D Smiley &#8211; 1,5 cm &#8211; Schlagsahne\/Brownie"},"content":{"rendered":"<h3>Silikonperle &#8211; Smiley &#8211; 1,5 cm &#8211; Schlagsahne \/ Brownie<\/h3>\n<p>Die Silikonperle in Form eines Smileys &#8211; 1,5 cm &#8211; Whipped Cream\/Brownie ist aus BPA-freiem Silikon hergestellt. Das bedeutet, dass die Produkte als sicher f\u00fcr die Verwendung in Kinderspielzeug befunden wurden. Die Silikonanwendung enth\u00e4lt keine sch\u00e4dlichen Substanzen. Unsere Produkte erf\u00fcllen daher alle erforderlichen Zertifizierungen. Achten Sie immer auf die Abnutzung von Spielzeug und werfen Sie es gegebenenfalls weg. Dies gilt f\u00fcr jede Art von Babyspielzeug.<\/p>\n<p>Ein Kind lernt zun\u00e4chst viel mit seinen Sinnen. Deshalb ist es klug, nach den folgenden Punkten zu variieren: <\/p>\n<ul>\n<li>Material\n<ul>\n<li>Silikon<\/li>\n<li>H\u00f6lzernes<\/li>\n<li>Geh\u00e4keltes Garn.\n<ul>\n<li>In der Regel wird Baumwollgarn verwendet, da es weniger flauschig ist. Kinder bekommen dann keine Fasern davon. <\/li>\n<\/ul>\n<\/li>\n<\/ul>\n<\/li>\n<li>Textur\/Relief\n<ul>\n<li>Alle unsere Silikonprodukte haben ihr eigenes Relief, sowohl auf der Vorder- als auch auf der R\u00fcckseite.<\/li>\n<li>Holz, Silikon und Garn haben ohnehin alle ihre eigene Haptik und Textur.<\/li>\n<\/ul>\n<\/li>\n<li>Formen: rund, geometrisch, oval, verschiedene Tiere, Ringe.<\/li>\n<li>Visuell:\n<ul>\n<li>Verschiedene Formen<\/li>\n<li>Verschiedene Farben<\/li>\n<\/ul>\n<\/li>\n<\/ul>\n<p>Silikonapplikationen werden ebenso wie Holzapplikationen h\u00e4ufig f\u00fcr die Herstellung von handgefertigtem Babyspielzeug verwendet. Die Applikationen lassen sich gut mit unseren Silikonperlen kombinieren. <\/p>\n<p>&nbsp;<\/p>\n","protected":false},"excerpt":{"rendered":"<p>Variante: Smiley &#8211; 1,5 cm &#8211; Schlagsahne\/Brownie<\/p>\n<p>Hergestellt aus BPA-freiem Silikon. Vollst\u00e4ndig chemisch sicher, getestet nach EN-71, 100% kindersicher. <\/p>\n<p>Weitere Informationen zur Verwendung finden Sie am Ende der Seite.<\/p>\n","protected":false},"featured_media":271360,"template":"","meta":[],"product_brand":[],"product_cat":[7380,7184,7389,9030,6991,14591],"product_tag":[7385,7419,7928,7901,7464,7950,7992,7986,7442,7451,14224,19091,7211,9042,8065,7425,8580,7945,15184,7988],"class_list":{"0":"post-268485","1":"product","2":"type-product","3":"status-publish","4":"has-post-thumbnail","6":"product_cat-herstellung-von-baby-beisspielzeug-materialien-fur-schnuller-und-beisringe","7":"product_cat-neue-produkte","8":"product_cat-silikonperlen-all-multicoloured-luxury-beads","9":"product_cat-silikonperlen-bauernhof-haustiere","10":"product_cat-silikonperlen-bpa-frei-grosshandel","11":"product_cat-silikonperlen-mehrfarbig-mit-text","12":"product_tag-beisring","13":"product_tag-bpa-de","14":"product_tag-einkaufen","15":"product_tag-en-71-de","16":"product_tag-groshandel","17":"product_tag-jaszipper-de","18":"product_tag-kauschmuck","19":"product_tag-kindersicher","20":"product_tag-kinderwagenkette","21":"product_tag-kostenlos","22":"product_tag-leuchtendes-gelb","23":"product_tag-schlagsahne-brownie","24":"product_tag-silikon","25":"product_tag-smiley-de","26":"product_tag-spielerisch","27":"product_tag-stift","28":"product_tag-stifte","29":"product_tag-taschenaufhanger-de","30":"product_tag-telefon-anhanger-de","31":"product_tag-zertifiziert","33":"first","34":"outofstock","35":"taxable","36":"shipping-taxable","37":"purchasable","38":"product-type-simple"},"bundled_by":[],"bundle_stock_status":"outofstock","bundle_stock_quantity":0,"bundle_virtual":false,"bundle_layout":"","bundle_add_to_cart_form_location":"","bundle_editable_in_cart":false,"bundle_sold_individually_context":"","bundle_item_grouping":"","bundle_min_size":"","bundle_max_size":"","bundle_price":[],"bundled_items":[],"bundle_sell_ids":[],"yoast_head":"<!-- This site is optimized with the Yoast SEO Premium plugin v27.4 (Yoast SEO v27.4) - https:\/\/yoast.com\/product\/yoast-seo-premium-wordpress\/ -->\n<title>-<\/title>\n<meta name=\"description\" content=\"Silikonfigur Schlagsahne\/Brownie BPA-frei, 100% kindersicher. F\u00fcr Bei\u00dfring oder Schnullerschnur. EN71. F\u00fcr Jungen und M\u00e4dchen bei Ihrem Gro\u00dfh\u00e4ndler Jootjes.\" \/>\n<meta name=\"robots\" content=\"index, follow, max-snippet:-1, max-image-preview:large, max-video-preview:-1\" \/>\n<link rel=\"canonical\" href=\"https:\/\/www.jootjeshaakcadeautjes.nl\/de\/produkt\/silikonperle-smiley-15-cm-knallgelb-kopie-kopie-2\/\" \/>\n<meta property=\"og:locale\" content=\"de_DE\" \/>\n<meta property=\"og:type\" content=\"article\" \/>\n<meta property=\"og:title\" content=\"Silikonperle - 3D Smiley - 1,5 cm - Schlagsahne\/Brownie\" \/>\n<meta property=\"og:description\" content=\"Silikonfigur Schlagsahne\/Brownie BPA-frei, 100% kindersicher. F\u00fcr Bei\u00dfring oder Schnullerschnur. EN71. F\u00fcr Jungen und M\u00e4dchen bei Ihrem Gro\u00dfh\u00e4ndler Jootjes.\" \/>\n<meta property=\"og:url\" content=\"https:\/\/www.jootjeshaakcadeautjes.nl\/de\/produkt\/silikonperle-smiley-15-cm-knallgelb-kopie-kopie-2\/\" \/>\n<meta property=\"og:site_name\" content=\"Jootjes Haakcadeautjes\" \/>\n<meta property=\"article:modified_time\" content=\"2026-04-20T09:18:05+00:00\" \/>\n<meta property=\"og:image\" content=\"https:\/\/d1dyryakdmle7o.cloudfront.net\/wp-content\/uploads\/2026\/02\/Naamloos-1927.webp\" \/>\n\t<meta property=\"og:image:width\" content=\"2000\" \/>\n\t<meta property=\"og:image:height\" content=\"2000\" \/>\n\t<meta property=\"og:image:type\" content=\"image\/webp\" \/>\n<meta name=\"twitter:card\" content=\"summary_large_image\" \/>\n<meta name=\"twitter:label1\" content=\"Preis\" \/>\n\t<meta name=\"twitter:data1\" content=\"&euro;0.85 inkl. MwSt.\" \/>\n\t<meta name=\"twitter:label2\" content=\"Verf\u00fcgbarkeit\" \/>\n\t<meta name=\"twitter:data2\" content=\"ausverkauft\" \/>\n<script type=\"application\/ld+json\" class=\"yoast-schema-graph\">{\"@context\":\"https:\\\/\\\/schema.org\",\"@graph\":[{\"@type\":\"WebPage\",\"@id\":\"https:\\\/\\\/www.jootjeshaakcadeautjes.nl\\\/de\\\/produkt\\\/silikonperle-smiley-15-cm-knallgelb-kopie-kopie-2\\\/\",\"url\":\"https:\\\/\\\/www.jootjeshaakcadeautjes.nl\\\/de\\\/produkt\\\/silikonperle-smiley-15-cm-knallgelb-kopie-kopie-2\\\/\",\"name\":\"-\",\"isPartOf\":{\"@id\":\"https:\\\/\\\/www.jootjeshaakcadeautjes.nl\\\/de\\\/#website\"},\"primaryImageOfPage\":{\"@id\":\"https:\\\/\\\/www.jootjeshaakcadeautjes.nl\\\/de\\\/produkt\\\/silikonperle-smiley-15-cm-knallgelb-kopie-kopie-2\\\/#primaryimage\"},\"image\":{\"@id\":\"https:\\\/\\\/www.jootjeshaakcadeautjes.nl\\\/de\\\/produkt\\\/silikonperle-smiley-15-cm-knallgelb-kopie-kopie-2\\\/#primaryimage\"},\"thumbnailUrl\":\"https:\\\/\\\/d1dyryakdmle7o.cloudfront.net\\\/wp-content\\\/uploads\\\/2026\\\/02\\\/Naamloos-1927.webp\",\"datePublished\":\"2026-02-11T14:51:42+00:00\",\"dateModified\":\"2026-04-20T09:18:05+00:00\",\"description\":\"Silikonfigur Schlagsahne\\\/Brownie BPA-frei, 100% kindersicher. F\u00fcr Bei\u00dfring oder Schnullerschnur. EN71. F\u00fcr Jungen und M\u00e4dchen bei Ihrem Gro\u00dfh\u00e4ndler Jootjes.\",\"breadcrumb\":{\"@id\":\"https:\\\/\\\/www.jootjeshaakcadeautjes.nl\\\/de\\\/produkt\\\/silikonperle-smiley-15-cm-knallgelb-kopie-kopie-2\\\/#breadcrumb\"},\"inLanguage\":\"de\",\"potentialAction\":[{\"@type\":\"ReadAction\",\"target\":[\"https:\\\/\\\/www.jootjeshaakcadeautjes.nl\\\/de\\\/produkt\\\/silikonperle-smiley-15-cm-knallgelb-kopie-kopie-2\\\/\"]}]},{\"@type\":\"ImageObject\",\"inLanguage\":\"de\",\"@id\":\"https:\\\/\\\/www.jootjeshaakcadeautjes.nl\\\/de\\\/produkt\\\/silikonperle-smiley-15-cm-knallgelb-kopie-kopie-2\\\/#primaryimage\",\"url\":\"https:\\\/\\\/d1dyryakdmle7o.cloudfront.net\\\/wp-content\\\/uploads\\\/2026\\\/02\\\/Naamloos-1927.webp\",\"contentUrl\":\"https:\\\/\\\/d1dyryakdmle7o.cloudfront.net\\\/wp-content\\\/uploads\\\/2026\\\/02\\\/Naamloos-1927.webp\",\"width\":2000,\"height\":2000},{\"@type\":\"BreadcrumbList\",\"@id\":\"https:\\\/\\\/www.jootjeshaakcadeautjes.nl\\\/de\\\/produkt\\\/silikonperle-smiley-15-cm-knallgelb-kopie-kopie-2\\\/#breadcrumb\",\"itemListElement\":[{\"@type\":\"ListItem\",\"position\":1,\"name\":\"Startseite\",\"item\":\"https:\\\/\\\/www.jootjeshaakcadeautjes.nl\\\/de\\\/\"},{\"@type\":\"ListItem\",\"position\":2,\"name\":\"Gro\u00dfhandel mit Silikonperlen &#8211; Business und Consumer\",\"item\":\"https:\\\/\\\/www.jootjeshaakcadeautjes.nl\\\/de\\\/shop\\\/\"},{\"@type\":\"ListItem\",\"position\":3,\"name\":\"Silikonperle &#8211; 3D Smiley &#8211; 1,5 cm &#8211; Schlagsahne\\\/Brownie\"}]},{\"@type\":\"WebSite\",\"@id\":\"https:\\\/\\\/www.jootjeshaakcadeautjes.nl\\\/de\\\/#website\",\"url\":\"https:\\\/\\\/www.jootjeshaakcadeautjes.nl\\\/de\\\/\",\"name\":\"Jootjes Haakcadeautjes\",\"description\":\"Silikonperlen Gro\u00dfhandel \",\"publisher\":{\"@id\":\"https:\\\/\\\/www.jootjeshaakcadeautjes.nl\\\/de\\\/#organization\"},\"potentialAction\":[{\"@type\":\"SearchAction\",\"target\":{\"@type\":\"EntryPoint\",\"urlTemplate\":\"https:\\\/\\\/www.jootjeshaakcadeautjes.nl\\\/de\\\/?s={search_term_string}\"},\"query-input\":{\"@type\":\"PropertyValueSpecification\",\"valueRequired\":true,\"valueName\":\"search_term_string\"}}],\"inLanguage\":\"de\"},{\"@type\":\"Organization\",\"@id\":\"https:\\\/\\\/www.jootjeshaakcadeautjes.nl\\\/de\\\/#organization\",\"name\":\"Jootjes Haakcadeautjes\",\"url\":\"https:\\\/\\\/www.jootjeshaakcadeautjes.nl\\\/de\\\/\",\"logo\":{\"@type\":\"ImageObject\",\"inLanguage\":\"de\",\"@id\":\"https:\\\/\\\/www.jootjeshaakcadeautjes.nl\\\/de\\\/#\\\/schema\\\/logo\\\/image\\\/\",\"url\":\"https:\\\/\\\/jootjes-haakcadeautjes-media.s3.amazonaws.com\\\/wp-content\\\/uploads\\\/2023\\\/05\\\/Logo-rond.png\",\"contentUrl\":\"https:\\\/\\\/jootjes-haakcadeautjes-media.s3.amazonaws.com\\\/wp-content\\\/uploads\\\/2023\\\/05\\\/Logo-rond.png\",\"width\":1222,\"height\":1222,\"caption\":\"Jootjes Haakcadeautjes\"},\"image\":{\"@id\":\"https:\\\/\\\/www.jootjeshaakcadeautjes.nl\\\/de\\\/#\\\/schema\\\/logo\\\/image\\\/\"}}]}<\/script>\n<meta property=\"product:price:amount\" content=\"0.85\" \/>\n<meta property=\"product:price:currency\" content=\"EUR\" \/>\n<meta property=\"og:availability\" content=\"out of stock\" \/>\n<meta property=\"product:availability\" content=\"out of stock\" \/>\n<meta property=\"product:retailer_item_id\" content=\"SIL-KRL-SSLB\" \/>\n<meta property=\"product:condition\" content=\"new\" \/>\n<!-- \/ Yoast SEO Premium plugin. -->","yoast_head_json":{"title":"-","description":"Silikonfigur Schlagsahne\/Brownie BPA-frei, 100% kindersicher. F\u00fcr Bei\u00dfring oder Schnullerschnur. EN71. F\u00fcr Jungen und M\u00e4dchen bei Ihrem Gro\u00dfh\u00e4ndler Jootjes.","robots":{"index":"index","follow":"follow","max-snippet":"max-snippet:-1","max-image-preview":"max-image-preview:large","max-video-preview":"max-video-preview:-1"},"canonical":"https:\/\/www.jootjeshaakcadeautjes.nl\/de\/produkt\/silikonperle-smiley-15-cm-knallgelb-kopie-kopie-2\/","og_locale":"de_DE","og_type":"article","og_title":"Silikonperle - 3D Smiley - 1,5 cm - Schlagsahne\/Brownie","og_description":"Silikonfigur Schlagsahne\/Brownie BPA-frei, 100% kindersicher. F\u00fcr Bei\u00dfring oder Schnullerschnur. EN71. F\u00fcr Jungen und M\u00e4dchen bei Ihrem Gro\u00dfh\u00e4ndler Jootjes.","og_url":"https:\/\/www.jootjeshaakcadeautjes.nl\/de\/produkt\/silikonperle-smiley-15-cm-knallgelb-kopie-kopie-2\/","og_site_name":"Jootjes Haakcadeautjes","article_modified_time":"2026-04-20T09:18:05+00:00","og_image":[{"width":2000,"height":2000,"url":"https:\/\/d1dyryakdmle7o.cloudfront.net\/wp-content\/uploads\/2026\/02\/Naamloos-1927.webp","type":"image\/webp"}],"twitter_card":"summary_large_image","twitter_misc":{"Preis":"&euro;0.85 inkl. MwSt.","Verf\u00fcgbarkeit":"ausverkauft"},"schema":{"@context":"https:\/\/schema.org","@graph":[{"@type":"WebPage","@id":"https:\/\/www.jootjeshaakcadeautjes.nl\/de\/produkt\/silikonperle-smiley-15-cm-knallgelb-kopie-kopie-2\/","url":"https:\/\/www.jootjeshaakcadeautjes.nl\/de\/produkt\/silikonperle-smiley-15-cm-knallgelb-kopie-kopie-2\/","name":"-","isPartOf":{"@id":"https:\/\/www.jootjeshaakcadeautjes.nl\/de\/#website"},"primaryImageOfPage":{"@id":"https:\/\/www.jootjeshaakcadeautjes.nl\/de\/produkt\/silikonperle-smiley-15-cm-knallgelb-kopie-kopie-2\/#primaryimage"},"image":{"@id":"https:\/\/www.jootjeshaakcadeautjes.nl\/de\/produkt\/silikonperle-smiley-15-cm-knallgelb-kopie-kopie-2\/#primaryimage"},"thumbnailUrl":"https:\/\/d1dyryakdmle7o.cloudfront.net\/wp-content\/uploads\/2026\/02\/Naamloos-1927.webp","datePublished":"2026-02-11T14:51:42+00:00","dateModified":"2026-04-20T09:18:05+00:00","description":"Silikonfigur Schlagsahne\/Brownie BPA-frei, 100% kindersicher. F\u00fcr Bei\u00dfring oder Schnullerschnur. EN71. F\u00fcr Jungen und M\u00e4dchen bei Ihrem Gro\u00dfh\u00e4ndler Jootjes.","breadcrumb":{"@id":"https:\/\/www.jootjeshaakcadeautjes.nl\/de\/produkt\/silikonperle-smiley-15-cm-knallgelb-kopie-kopie-2\/#breadcrumb"},"inLanguage":"de","potentialAction":[{"@type":"ReadAction","target":["https:\/\/www.jootjeshaakcadeautjes.nl\/de\/produkt\/silikonperle-smiley-15-cm-knallgelb-kopie-kopie-2\/"]}]},{"@type":"ImageObject","inLanguage":"de","@id":"https:\/\/www.jootjeshaakcadeautjes.nl\/de\/produkt\/silikonperle-smiley-15-cm-knallgelb-kopie-kopie-2\/#primaryimage","url":"https:\/\/d1dyryakdmle7o.cloudfront.net\/wp-content\/uploads\/2026\/02\/Naamloos-1927.webp","contentUrl":"https:\/\/d1dyryakdmle7o.cloudfront.net\/wp-content\/uploads\/2026\/02\/Naamloos-1927.webp","width":2000,"height":2000},{"@type":"BreadcrumbList","@id":"https:\/\/www.jootjeshaakcadeautjes.nl\/de\/produkt\/silikonperle-smiley-15-cm-knallgelb-kopie-kopie-2\/#breadcrumb","itemListElement":[{"@type":"ListItem","position":1,"name":"Startseite","item":"https:\/\/www.jootjeshaakcadeautjes.nl\/de\/"},{"@type":"ListItem","position":2,"name":"Gro\u00dfhandel mit Silikonperlen &#8211; Business und Consumer","item":"https:\/\/www.jootjeshaakcadeautjes.nl\/de\/shop\/"},{"@type":"ListItem","position":3,"name":"Silikonperle &#8211; 3D Smiley &#8211; 1,5 cm &#8211; Schlagsahne\/Brownie"}]},{"@type":"WebSite","@id":"https:\/\/www.jootjeshaakcadeautjes.nl\/de\/#website","url":"https:\/\/www.jootjeshaakcadeautjes.nl\/de\/","name":"Jootjes Haakcadeautjes","description":"Silikonperlen Gro\u00dfhandel ","publisher":{"@id":"https:\/\/www.jootjeshaakcadeautjes.nl\/de\/#organization"},"potentialAction":[{"@type":"SearchAction","target":{"@type":"EntryPoint","urlTemplate":"https:\/\/www.jootjeshaakcadeautjes.nl\/de\/?s={search_term_string}"},"query-input":{"@type":"PropertyValueSpecification","valueRequired":true,"valueName":"search_term_string"}}],"inLanguage":"de"},{"@type":"Organization","@id":"https:\/\/www.jootjeshaakcadeautjes.nl\/de\/#organization","name":"Jootjes Haakcadeautjes","url":"https:\/\/www.jootjeshaakcadeautjes.nl\/de\/","logo":{"@type":"ImageObject","inLanguage":"de","@id":"https:\/\/www.jootjeshaakcadeautjes.nl\/de\/#\/schema\/logo\/image\/","url":"https:\/\/jootjes-haakcadeautjes-media.s3.amazonaws.com\/wp-content\/uploads\/2023\/05\/Logo-rond.png","contentUrl":"https:\/\/jootjes-haakcadeautjes-media.s3.amazonaws.com\/wp-content\/uploads\/2023\/05\/Logo-rond.png","width":1222,"height":1222,"caption":"Jootjes Haakcadeautjes"},"image":{"@id":"https:\/\/www.jootjeshaakcadeautjes.nl\/de\/#\/schema\/logo\/image\/"}}]},"product_price_amount":"0.85","product_price_currency":"EUR","og_availability":"out of stock","product_availability":"out of stock","product_retailer_item_id":"SIL-KRL-SSLB","product_condition":"new"},"_links":{"self":[{"href":"https:\/\/www.jootjeshaakcadeautjes.nl\/de\/wp-json\/wp\/v2\/product\/268485","targetHints":{"allow":["GET"]}}],"collection":[{"href":"https:\/\/www.jootjeshaakcadeautjes.nl\/de\/wp-json\/wp\/v2\/product"}],"about":[{"href":"https:\/\/www.jootjeshaakcadeautjes.nl\/de\/wp-json\/wp\/v2\/types\/product"}],"version-history":[{"count":1,"href":"https:\/\/www.jootjeshaakcadeautjes.nl\/de\/wp-json\/wp\/v2\/product\/268485\/revisions"}],"predecessor-version":[{"id":271742,"href":"https:\/\/www.jootjeshaakcadeautjes.nl\/de\/wp-json\/wp\/v2\/product\/268485\/revisions\/271742"}],"wp:featuredmedia":[{"embeddable":true,"href":"https:\/\/www.jootjeshaakcadeautjes.nl\/de\/wp-json\/wp\/v2\/media\/271360"}],"wp:attachment":[{"href":"https:\/\/www.jootjeshaakcadeautjes.nl\/de\/wp-json\/wp\/v2\/media?parent=268485"}],"wp:term":[{"taxonomy":"product_brand","embeddable":true,"href":"https:\/\/www.jootjeshaakcadeautjes.nl\/de\/wp-json\/wp\/v2\/product_brand?post=268485"},{"taxonomy":"product_cat","embeddable":true,"href":"https:\/\/www.jootjeshaakcadeautjes.nl\/de\/wp-json\/wp\/v2\/product_cat?post=268485"},{"taxonomy":"product_tag","embeddable":true,"href":"https:\/\/www.jootjeshaakcadeautjes.nl\/de\/wp-json\/wp\/v2\/product_tag?post=268485"}],"curies":[{"name":"wp","href":"https:\/\/api.w.org\/{rel}","templated":true}]}}