{"id":269070,"date":"2026-01-28T11:40:53","date_gmt":"2026-01-28T10:40:53","guid":{"rendered":"https:\/\/www.jootjeshaakcadeautjes.nl\/?post_type=product&#038;p=269070"},"modified":"2026-04-20T11:18:45","modified_gmt":"2026-04-20T09:18:45","slug":"satinkordel-2-mm-weis-per-10-meter-kopie","status":"publish","type":"product","link":"https:\/\/www.jootjeshaakcadeautjes.nl\/de\/produkt\/satinkordel-2-mm-weis-per-10-meter-kopie\/","title":{"rendered":"Satinkordel 2 mm &#8211; Kokosnuss &#8211; PER 10 METER"},"content":{"rendered":"<h1>Satinkordel 2 mm &#8211; 2 mm &#8211; Kokosnuss &#8211; Pro 10 Meter<\/h1>\n<p>Satinkordel pro Spule, Dicke 2 mm. Erh\u00e4ltlich pro Meter. Nirgendwo billiger f\u00fcr nur 0,30 Euro pro Meter. Wir liefern bewusst nicht als halben Meter, da dies f\u00fcr die meisten Projekte sehr knapp ist und auch zu Sicherheitsrisiken f\u00fchren kann. Verwenden Sie immer reichlich Satinkordel (hin und her) und kn\u00fcpfen Sie sie gut mit stabilen Knoten ab.<\/p>\n<p>Satinkordel ist eine sehr robuste und glatte Kordel. Die Art, wie der Faden gewebt ist, macht ihn sehr robust und widerstandsf\u00e4hig. Das Sch\u00f6ne an dieser Dicke ist, dass man gut durch die Perlen vor und zur\u00fcck gehen kann, so dass es m\u00f6glich ist, wiederholt und fest zu knoten.<\/p>\n<p>Satinkordel wird zur Herstellung von Kinderspielzeug wie Bei\u00dfringen, Babygymnastikger\u00e4ten, Mobiles, Schnullerkordeln oder Kinderwagenbannern verwendet.<\/p>\n","protected":false},"excerpt":{"rendered":"<ul>\n<li>  Satin-Kordel.<\/li>\n<li> Farbe: Kokosnuss<\/li>\n<li>  Dicke: 2 mm<\/li>\n<li>  Erh\u00e4ltlich als Meterware und jetzt auch als 10 Meterware<\/li>\n<\/ul>\n<p>Lesen Sie mehr \u00fcber die Anwendung von Satinkordel am Ende der Seite.<\/p>\n","protected":false},"featured_media":142317,"template":"","meta":[],"product_brand":[],"product_cat":[7184,9447],"product_tag":[7900,9600,7510,7385,7990,8133,9392,7397,18525,9453,9449,9451],"class_list":{"0":"post-269070","1":"product","2":"type-product","3":"status-publish","4":"has-post-thumbnail","6":"product_cat-neue-produkte","7":"product_cat-satinkordel-wachskordel-und-heftnadel","8":"product_tag-2-de","9":"product_tag-2-mm-de","10":"product_tag-baby-de","11":"product_tag-beisring","12":"product_tag-einfadeln","13":"product_tag-kokosnuss","14":"product_tag-kordel-de","15":"product_tag-mm-de","16":"product_tag-pro-10-meter","17":"product_tag-satiniert","18":"product_tag-satinkordel","19":"product_tag-wachskordel","21":"first","22":"instock","23":"taxable","24":"shipping-taxable","25":"purchasable","26":"product-type-simple"},"bundled_by":[],"bundle_stock_status":"instock","bundle_stock_quantity":203,"bundle_virtual":false,"bundle_layout":"","bundle_add_to_cart_form_location":"","bundle_editable_in_cart":false,"bundle_sold_individually_context":"","bundle_item_grouping":"","bundle_min_size":"","bundle_max_size":"","bundle_price":[],"bundled_items":[],"bundle_sell_ids":[],"yoast_head":"<!-- This site is optimized with the Yoast SEO Premium plugin v27.4 (Yoast SEO v27.5) - https:\/\/yoast.com\/product\/yoast-seo-premium-wordpress\/ -->\n<title>- Jootjes.nl<\/title>\n<meta name=\"description\" content=\"Satinkordel 2 mm Durchmesser zum Auff\u00e4deln von Bei\u00dfringen und Schnullerkordel in der Farbe Kokosnuss. Ab Lager lieferbar. Nur 0,30 Euro\/Meter Satinkordel.\" \/>\n<meta name=\"robots\" content=\"index, follow, max-snippet:-1, max-image-preview:large, max-video-preview:-1\" \/>\n<link rel=\"canonical\" href=\"https:\/\/www.jootjeshaakcadeautjes.nl\/de\/produkt\/satinkordel-2-mm-weis-per-10-meter-kopie\/\" \/>\n<meta property=\"og:locale\" content=\"de_DE\" \/>\n<meta property=\"og:type\" content=\"article\" \/>\n<meta property=\"og:title\" content=\"Satinkordel 2 mm - Kokosnuss - PER 10 METER\" \/>\n<meta property=\"og:description\" content=\"Satinkordel 2 mm Durchmesser zum Auff\u00e4deln von Bei\u00dfringen und Schnullerkordel in der Farbe Kokosnuss. Ab Lager lieferbar. Nur 0,30 Euro\/Meter Satinkordel.\" \/>\n<meta property=\"og:url\" content=\"https:\/\/www.jootjeshaakcadeautjes.nl\/de\/produkt\/satinkordel-2-mm-weis-per-10-meter-kopie\/\" \/>\n<meta property=\"og:site_name\" content=\"Jootjes Haakcadeautjes\" \/>\n<meta property=\"article:modified_time\" content=\"2026-04-20T09:18:45+00:00\" \/>\n<meta property=\"og:image\" content=\"https:\/\/d1dyryakdmle7o.cloudfront.net\/wp-content\/uploads\/2024\/03\/Naamloos-10.jpg\" \/>\n\t<meta property=\"og:image:width\" content=\"2048\" \/>\n\t<meta property=\"og:image:height\" content=\"2048\" \/>\n\t<meta property=\"og:image:type\" content=\"image\/jpeg\" \/>\n<meta name=\"twitter:card\" content=\"summary_large_image\" \/>\n<meta name=\"twitter:label1\" content=\"Preis\" \/>\n\t<meta name=\"twitter:data1\" content=\"&euro;2.60 inkl. MwSt.\" \/>\n\t<meta name=\"twitter:label2\" content=\"Verf\u00fcgbarkeit\" \/>\n\t<meta name=\"twitter:data2\" content=\"Auf Lager\" \/>\n<script type=\"application\/ld+json\" class=\"yoast-schema-graph\">{\"@context\":\"https:\\\/\\\/schema.org\",\"@graph\":[{\"@type\":\"WebPage\",\"@id\":\"https:\\\/\\\/www.jootjeshaakcadeautjes.nl\\\/de\\\/produkt\\\/satinkordel-2-mm-weis-per-10-meter-kopie\\\/\",\"url\":\"https:\\\/\\\/www.jootjeshaakcadeautjes.nl\\\/de\\\/produkt\\\/satinkordel-2-mm-weis-per-10-meter-kopie\\\/\",\"name\":\"- Jootjes.nl\",\"isPartOf\":{\"@id\":\"https:\\\/\\\/www.jootjeshaakcadeautjes.nl\\\/de\\\/#website\"},\"primaryImageOfPage\":{\"@id\":\"https:\\\/\\\/www.jootjeshaakcadeautjes.nl\\\/de\\\/produkt\\\/satinkordel-2-mm-weis-per-10-meter-kopie\\\/#primaryimage\"},\"image\":{\"@id\":\"https:\\\/\\\/www.jootjeshaakcadeautjes.nl\\\/de\\\/produkt\\\/satinkordel-2-mm-weis-per-10-meter-kopie\\\/#primaryimage\"},\"thumbnailUrl\":\"https:\\\/\\\/d1dyryakdmle7o.cloudfront.net\\\/wp-content\\\/uploads\\\/2024\\\/03\\\/Naamloos-10.jpg\",\"datePublished\":\"2026-01-28T10:40:53+00:00\",\"dateModified\":\"2026-04-20T09:18:45+00:00\",\"description\":\"Satinkordel 2 mm Durchmesser zum Auff\u00e4deln von Bei\u00dfringen und Schnullerkordel in der Farbe Kokosnuss. Ab Lager lieferbar. Nur 0,30 Euro\\\/Meter Satinkordel.\",\"breadcrumb\":{\"@id\":\"https:\\\/\\\/www.jootjeshaakcadeautjes.nl\\\/de\\\/produkt\\\/satinkordel-2-mm-weis-per-10-meter-kopie\\\/#breadcrumb\"},\"inLanguage\":\"de\",\"potentialAction\":[{\"@type\":\"ReadAction\",\"target\":[\"https:\\\/\\\/www.jootjeshaakcadeautjes.nl\\\/de\\\/produkt\\\/satinkordel-2-mm-weis-per-10-meter-kopie\\\/\"]}]},{\"@type\":\"ImageObject\",\"inLanguage\":\"de\",\"@id\":\"https:\\\/\\\/www.jootjeshaakcadeautjes.nl\\\/de\\\/produkt\\\/satinkordel-2-mm-weis-per-10-meter-kopie\\\/#primaryimage\",\"url\":\"https:\\\/\\\/d1dyryakdmle7o.cloudfront.net\\\/wp-content\\\/uploads\\\/2024\\\/03\\\/Naamloos-10.jpg\",\"contentUrl\":\"https:\\\/\\\/d1dyryakdmle7o.cloudfront.net\\\/wp-content\\\/uploads\\\/2024\\\/03\\\/Naamloos-10.jpg\",\"width\":2048,\"height\":2048,\"caption\":\"Satinschnur 2 mm Kokosnuss Bei\u00dfring Schnuller Lanyard Kinderwagenkette Schl\u00fcsselring Kinderwagenkette\"},{\"@type\":\"BreadcrumbList\",\"@id\":\"https:\\\/\\\/www.jootjeshaakcadeautjes.nl\\\/de\\\/produkt\\\/satinkordel-2-mm-weis-per-10-meter-kopie\\\/#breadcrumb\",\"itemListElement\":[{\"@type\":\"ListItem\",\"position\":1,\"name\":\"Startseite\",\"item\":\"https:\\\/\\\/www.jootjeshaakcadeautjes.nl\\\/de\\\/\"},{\"@type\":\"ListItem\",\"position\":2,\"name\":\"Gro\u00dfhandel mit Silikonperlen &#8211; Business und Consumer\",\"item\":\"https:\\\/\\\/www.jootjeshaakcadeautjes.nl\\\/de\\\/shop\\\/\"},{\"@type\":\"ListItem\",\"position\":3,\"name\":\"Satinkordel 2 mm &#8211; Kokosnuss &#8211; PER 10 METER\"}]},{\"@type\":\"WebSite\",\"@id\":\"https:\\\/\\\/www.jootjeshaakcadeautjes.nl\\\/de\\\/#website\",\"url\":\"https:\\\/\\\/www.jootjeshaakcadeautjes.nl\\\/de\\\/\",\"name\":\"Jootjes Haakcadeautjes\",\"description\":\"Silikonperlen Gro\u00dfhandel \",\"publisher\":{\"@id\":\"https:\\\/\\\/www.jootjeshaakcadeautjes.nl\\\/de\\\/#organization\"},\"potentialAction\":[{\"@type\":\"SearchAction\",\"target\":{\"@type\":\"EntryPoint\",\"urlTemplate\":\"https:\\\/\\\/www.jootjeshaakcadeautjes.nl\\\/de\\\/?s={search_term_string}\"},\"query-input\":{\"@type\":\"PropertyValueSpecification\",\"valueRequired\":true,\"valueName\":\"search_term_string\"}}],\"inLanguage\":\"de\"},{\"@type\":\"Organization\",\"@id\":\"https:\\\/\\\/www.jootjeshaakcadeautjes.nl\\\/de\\\/#organization\",\"name\":\"Jootjes Haakcadeautjes\",\"url\":\"https:\\\/\\\/www.jootjeshaakcadeautjes.nl\\\/de\\\/\",\"logo\":{\"@type\":\"ImageObject\",\"inLanguage\":\"de\",\"@id\":\"https:\\\/\\\/www.jootjeshaakcadeautjes.nl\\\/de\\\/#\\\/schema\\\/logo\\\/image\\\/\",\"url\":\"https:\\\/\\\/jootjes-haakcadeautjes-media.s3.amazonaws.com\\\/wp-content\\\/uploads\\\/2023\\\/05\\\/Logo-rond.png\",\"contentUrl\":\"https:\\\/\\\/jootjes-haakcadeautjes-media.s3.amazonaws.com\\\/wp-content\\\/uploads\\\/2023\\\/05\\\/Logo-rond.png\",\"width\":1222,\"height\":1222,\"caption\":\"Jootjes Haakcadeautjes\"},\"image\":{\"@id\":\"https:\\\/\\\/www.jootjeshaakcadeautjes.nl\\\/de\\\/#\\\/schema\\\/logo\\\/image\\\/\"}}]}<\/script>\n<meta property=\"product:price:amount\" content=\"2.60\" \/>\n<meta property=\"product:price:currency\" content=\"EUR\" \/>\n<meta property=\"og:availability\" content=\"instock\" \/>\n<meta property=\"product:availability\" content=\"instock\" \/>\n<meta property=\"product:retailer_item_id\" content=\"SAT-KO2-K10M\" \/>\n<meta property=\"product:condition\" content=\"new\" \/>\n<!-- \/ Yoast SEO Premium plugin. -->","yoast_head_json":{"title":"- Jootjes.nl","description":"Satinkordel 2 mm Durchmesser zum Auff\u00e4deln von Bei\u00dfringen und Schnullerkordel in der Farbe Kokosnuss. Ab Lager lieferbar. Nur 0,30 Euro\/Meter Satinkordel.","robots":{"index":"index","follow":"follow","max-snippet":"max-snippet:-1","max-image-preview":"max-image-preview:large","max-video-preview":"max-video-preview:-1"},"canonical":"https:\/\/www.jootjeshaakcadeautjes.nl\/de\/produkt\/satinkordel-2-mm-weis-per-10-meter-kopie\/","og_locale":"de_DE","og_type":"article","og_title":"Satinkordel 2 mm - Kokosnuss - PER 10 METER","og_description":"Satinkordel 2 mm Durchmesser zum Auff\u00e4deln von Bei\u00dfringen und Schnullerkordel in der Farbe Kokosnuss. Ab Lager lieferbar. Nur 0,30 Euro\/Meter Satinkordel.","og_url":"https:\/\/www.jootjeshaakcadeautjes.nl\/de\/produkt\/satinkordel-2-mm-weis-per-10-meter-kopie\/","og_site_name":"Jootjes Haakcadeautjes","article_modified_time":"2026-04-20T09:18:45+00:00","og_image":[{"width":2048,"height":2048,"url":"https:\/\/d1dyryakdmle7o.cloudfront.net\/wp-content\/uploads\/2024\/03\/Naamloos-10.jpg","type":"image\/jpeg"}],"twitter_card":"summary_large_image","twitter_misc":{"Preis":"&euro;2.60 inkl. MwSt.","Verf\u00fcgbarkeit":"Auf Lager"},"schema":{"@context":"https:\/\/schema.org","@graph":[{"@type":"WebPage","@id":"https:\/\/www.jootjeshaakcadeautjes.nl\/de\/produkt\/satinkordel-2-mm-weis-per-10-meter-kopie\/","url":"https:\/\/www.jootjeshaakcadeautjes.nl\/de\/produkt\/satinkordel-2-mm-weis-per-10-meter-kopie\/","name":"- Jootjes.nl","isPartOf":{"@id":"https:\/\/www.jootjeshaakcadeautjes.nl\/de\/#website"},"primaryImageOfPage":{"@id":"https:\/\/www.jootjeshaakcadeautjes.nl\/de\/produkt\/satinkordel-2-mm-weis-per-10-meter-kopie\/#primaryimage"},"image":{"@id":"https:\/\/www.jootjeshaakcadeautjes.nl\/de\/produkt\/satinkordel-2-mm-weis-per-10-meter-kopie\/#primaryimage"},"thumbnailUrl":"https:\/\/d1dyryakdmle7o.cloudfront.net\/wp-content\/uploads\/2024\/03\/Naamloos-10.jpg","datePublished":"2026-01-28T10:40:53+00:00","dateModified":"2026-04-20T09:18:45+00:00","description":"Satinkordel 2 mm Durchmesser zum Auff\u00e4deln von Bei\u00dfringen und Schnullerkordel in der Farbe Kokosnuss. Ab Lager lieferbar. Nur 0,30 Euro\/Meter Satinkordel.","breadcrumb":{"@id":"https:\/\/www.jootjeshaakcadeautjes.nl\/de\/produkt\/satinkordel-2-mm-weis-per-10-meter-kopie\/#breadcrumb"},"inLanguage":"de","potentialAction":[{"@type":"ReadAction","target":["https:\/\/www.jootjeshaakcadeautjes.nl\/de\/produkt\/satinkordel-2-mm-weis-per-10-meter-kopie\/"]}]},{"@type":"ImageObject","inLanguage":"de","@id":"https:\/\/www.jootjeshaakcadeautjes.nl\/de\/produkt\/satinkordel-2-mm-weis-per-10-meter-kopie\/#primaryimage","url":"https:\/\/d1dyryakdmle7o.cloudfront.net\/wp-content\/uploads\/2024\/03\/Naamloos-10.jpg","contentUrl":"https:\/\/d1dyryakdmle7o.cloudfront.net\/wp-content\/uploads\/2024\/03\/Naamloos-10.jpg","width":2048,"height":2048,"caption":"Satinschnur 2 mm Kokosnuss Bei\u00dfring Schnuller Lanyard Kinderwagenkette Schl\u00fcsselring Kinderwagenkette"},{"@type":"BreadcrumbList","@id":"https:\/\/www.jootjeshaakcadeautjes.nl\/de\/produkt\/satinkordel-2-mm-weis-per-10-meter-kopie\/#breadcrumb","itemListElement":[{"@type":"ListItem","position":1,"name":"Startseite","item":"https:\/\/www.jootjeshaakcadeautjes.nl\/de\/"},{"@type":"ListItem","position":2,"name":"Gro\u00dfhandel mit Silikonperlen &#8211; Business und Consumer","item":"https:\/\/www.jootjeshaakcadeautjes.nl\/de\/shop\/"},{"@type":"ListItem","position":3,"name":"Satinkordel 2 mm &#8211; Kokosnuss &#8211; PER 10 METER"}]},{"@type":"WebSite","@id":"https:\/\/www.jootjeshaakcadeautjes.nl\/de\/#website","url":"https:\/\/www.jootjeshaakcadeautjes.nl\/de\/","name":"Jootjes Haakcadeautjes","description":"Silikonperlen Gro\u00dfhandel ","publisher":{"@id":"https:\/\/www.jootjeshaakcadeautjes.nl\/de\/#organization"},"potentialAction":[{"@type":"SearchAction","target":{"@type":"EntryPoint","urlTemplate":"https:\/\/www.jootjeshaakcadeautjes.nl\/de\/?s={search_term_string}"},"query-input":{"@type":"PropertyValueSpecification","valueRequired":true,"valueName":"search_term_string"}}],"inLanguage":"de"},{"@type":"Organization","@id":"https:\/\/www.jootjeshaakcadeautjes.nl\/de\/#organization","name":"Jootjes Haakcadeautjes","url":"https:\/\/www.jootjeshaakcadeautjes.nl\/de\/","logo":{"@type":"ImageObject","inLanguage":"de","@id":"https:\/\/www.jootjeshaakcadeautjes.nl\/de\/#\/schema\/logo\/image\/","url":"https:\/\/jootjes-haakcadeautjes-media.s3.amazonaws.com\/wp-content\/uploads\/2023\/05\/Logo-rond.png","contentUrl":"https:\/\/jootjes-haakcadeautjes-media.s3.amazonaws.com\/wp-content\/uploads\/2023\/05\/Logo-rond.png","width":1222,"height":1222,"caption":"Jootjes Haakcadeautjes"},"image":{"@id":"https:\/\/www.jootjeshaakcadeautjes.nl\/de\/#\/schema\/logo\/image\/"}}]},"product_price_amount":"2.60","product_price_currency":"EUR","og_availability":"instock","product_availability":"instock","product_retailer_item_id":"SAT-KO2-K10M","product_condition":"new"},"_links":{"self":[{"href":"https:\/\/www.jootjeshaakcadeautjes.nl\/de\/wp-json\/wp\/v2\/product\/269070","targetHints":{"allow":["GET"]}}],"collection":[{"href":"https:\/\/www.jootjeshaakcadeautjes.nl\/de\/wp-json\/wp\/v2\/product"}],"about":[{"href":"https:\/\/www.jootjeshaakcadeautjes.nl\/de\/wp-json\/wp\/v2\/types\/product"}],"version-history":[{"count":1,"href":"https:\/\/www.jootjeshaakcadeautjes.nl\/de\/wp-json\/wp\/v2\/product\/269070\/revisions"}],"predecessor-version":[{"id":279094,"href":"https:\/\/www.jootjeshaakcadeautjes.nl\/de\/wp-json\/wp\/v2\/product\/269070\/revisions\/279094"}],"wp:featuredmedia":[{"embeddable":true,"href":"https:\/\/www.jootjeshaakcadeautjes.nl\/de\/wp-json\/wp\/v2\/media\/142317"}],"wp:attachment":[{"href":"https:\/\/www.jootjeshaakcadeautjes.nl\/de\/wp-json\/wp\/v2\/media?parent=269070"}],"wp:term":[{"taxonomy":"product_brand","embeddable":true,"href":"https:\/\/www.jootjeshaakcadeautjes.nl\/de\/wp-json\/wp\/v2\/product_brand?post=269070"},{"taxonomy":"product_cat","embeddable":true,"href":"https:\/\/www.jootjeshaakcadeautjes.nl\/de\/wp-json\/wp\/v2\/product_cat?post=269070"},{"taxonomy":"product_tag","embeddable":true,"href":"https:\/\/www.jootjeshaakcadeautjes.nl\/de\/wp-json\/wp\/v2\/product_tag?post=269070"}],"curies":[{"name":"wp","href":"https:\/\/api.w.org\/{rel}","templated":true}]}}