{"id":269573,"date":"2026-02-11T10:31:26","date_gmt":"2026-02-11T08:31:26","guid":{"rendered":"https:\/\/www.jootjeshaakcadeautjes.nl\/?post_type=product&#038;p=269573"},"modified":"2026-04-20T11:18:21","modified_gmt":"2026-04-20T09:18:21","slug":"pompon-perlen-20-mm-hellgrau-kopie","status":"publish","type":"product","link":"https:\/\/www.jootjeshaakcadeautjes.nl\/de\/produkt\/pompon-perlen-20-mm-hellgrau-kopie\/","title":{"rendered":"Pompon-Perlen &#8211; 20 mm &#8211; Blush"},"content":{"rendered":"<h2>Pompon-Perlen &#8211; 20 mm &#8211; Blush<\/h2>\n<p>Material: Synthetik, Pompon, flauschig<br \/>\nGr\u00f6\u00dfe: 20 mm<br \/>\nFarbe: Err\u00f6ten<\/p>\n<p>Diese Pomponperlen haben die perfekte Gr\u00f6\u00dfe f\u00fcr die Unterseite eines Schl\u00fcsselanh\u00e4ngers und lassen sich sehr leicht auff\u00e4deln. Dabei spielt es keine Rolle, ob Sie Schnur oder eines unserer Produkte zum Heften verwenden. Diese Perlen passen perfekt dazu! Diese Pompom-Perlen werden in Schl\u00fcsselanh\u00e4ngern und Ansteckern oft mit Luxusperlen wie z.B. unseren gravierten Perlen oder Holz-\/Silikon-Gl\u00fcckspuppen, aber auch mit Acrylperlen wie den Acrylperlen mit Steinen und anderen Luxusperlen kombiniert.<\/p>\n","protected":false},"excerpt":{"rendered":"<p>Material: Synthetik, Pompon, flauschig<br \/>\nGr\u00f6\u00dfe: 20 mm<br \/>\nFarbe: Blush<\/p>\n","protected":false},"featured_media":271264,"template":"","meta":[],"product_brand":[],"product_cat":[8247,7184,9041],"product_tag":[7529,7519,7226,7385,8980,8008,8519,7208,7464,7416,7196,7214,7397,7199,7432,9043,8004,7444,8625,14329,7218,7211,9042,7425,7435],"class_list":{"0":"post-269573","1":"product","2":"type-product","3":"status-publish","4":"has-post-thumbnail","6":"product_cat-bastelmaterial-hakelzubehor","7":"product_cat-neue-produkte","8":"product_cat-pompons-fur-schlusselanhanger","9":"product_tag-20-de","10":"product_tag-20-mm-de","11":"product_tag-aufreihbar","12":"product_tag-beisring","13":"product_tag-erroten","14":"product_tag-gluck-de","15":"product_tag-gluckspuppe-de-2","16":"product_tag-gluckspuppe","17":"product_tag-groshandel","18":"product_tag-gummischnur","19":"product_tag-holz","20":"product_tag-machen","21":"product_tag-mm-de","22":"product_tag-perlen","23":"product_tag-perlenstift","24":"product_tag-pompon-de","25":"product_tag-puppe","26":"product_tag-schlusselanhanger","27":"product_tag-schmuck","28":"product_tag-schmuck-de","29":"product_tag-selbst","30":"product_tag-silikon","31":"product_tag-smiley-de","32":"product_tag-stift","33":"product_tag-wulst","35":"first","36":"instock","37":"taxable","38":"shipping-taxable","39":"purchasable","40":"product-type-simple"},"bundled_by":["157349"],"bundle_stock_status":"instock","bundle_stock_quantity":248,"bundle_virtual":false,"bundle_layout":"","bundle_add_to_cart_form_location":"","bundle_editable_in_cart":false,"bundle_sold_individually_context":"","bundle_item_grouping":"","bundle_min_size":"","bundle_max_size":"","bundle_price":[],"bundled_items":[],"bundle_sell_ids":[],"yoast_head":"<!-- This site is optimized with the Yoast SEO Premium plugin v27.4 (Yoast SEO v27.5) - https:\/\/yoast.com\/product\/yoast-seo-premium-wordpress\/ -->\n<title>Pompon Perlen in Blush 20 mm jootjeshaakcadeauts<\/title>\n<meta name=\"description\" content=\"Pompon-Perlen in Blush 20 mm. Wird h\u00e4ufig f\u00fcr Schl\u00fcsselanh\u00e4nger und mehr verwendet. Zum Beispiel in Kombination mit Silikon-Gl\u00fcckspuppen.\" \/>\n<meta name=\"robots\" content=\"index, follow, max-snippet:-1, max-image-preview:large, max-video-preview:-1\" \/>\n<link rel=\"canonical\" href=\"https:\/\/www.jootjeshaakcadeautjes.nl\/de\/produkt\/pompon-perlen-20-mm-hellgrau-kopie\/\" \/>\n<meta property=\"og:locale\" content=\"de_DE\" \/>\n<meta property=\"og:type\" content=\"article\" \/>\n<meta property=\"og:title\" content=\"Pompon-Perlen - 20 mm - Blush\" \/>\n<meta property=\"og:description\" content=\"Pompon-Perlen in Blush 20 mm. Wird h\u00e4ufig f\u00fcr Schl\u00fcsselanh\u00e4nger und mehr verwendet. Zum Beispiel in Kombination mit Silikon-Gl\u00fcckspuppen.\" \/>\n<meta property=\"og:url\" content=\"https:\/\/www.jootjeshaakcadeautjes.nl\/de\/produkt\/pompon-perlen-20-mm-hellgrau-kopie\/\" \/>\n<meta property=\"og:site_name\" content=\"Jootjes Haakcadeautjes\" \/>\n<meta property=\"article:modified_time\" content=\"2026-04-20T09:18:21+00:00\" \/>\n<meta property=\"og:image\" content=\"https:\/\/d1dyryakdmle7o.cloudfront.net\/wp-content\/uploads\/2026\/02\/Naamloos-1938.webp\" \/>\n\t<meta property=\"og:image:width\" content=\"2000\" \/>\n\t<meta property=\"og:image:height\" content=\"2000\" \/>\n\t<meta property=\"og:image:type\" content=\"image\/webp\" \/>\n<meta name=\"twitter:card\" content=\"summary_large_image\" \/>\n<meta name=\"twitter:label1\" content=\"Preis\" \/>\n\t<meta name=\"twitter:data1\" content=\"&euro;0.40 inkl. MwSt.\" \/>\n\t<meta name=\"twitter:label2\" content=\"Verf\u00fcgbarkeit\" \/>\n\t<meta name=\"twitter:data2\" content=\"Auf Lager\" \/>\n<script type=\"application\/ld+json\" class=\"yoast-schema-graph\">{\"@context\":\"https:\\\/\\\/schema.org\",\"@graph\":[{\"@type\":\"WebPage\",\"@id\":\"https:\\\/\\\/www.jootjeshaakcadeautjes.nl\\\/de\\\/produkt\\\/pompon-perlen-20-mm-hellgrau-kopie\\\/\",\"url\":\"https:\\\/\\\/www.jootjeshaakcadeautjes.nl\\\/de\\\/produkt\\\/pompon-perlen-20-mm-hellgrau-kopie\\\/\",\"name\":\"Pompon Perlen in Blush 20 mm jootjeshaakcadeauts\",\"isPartOf\":{\"@id\":\"https:\\\/\\\/www.jootjeshaakcadeautjes.nl\\\/de\\\/#website\"},\"primaryImageOfPage\":{\"@id\":\"https:\\\/\\\/www.jootjeshaakcadeautjes.nl\\\/de\\\/produkt\\\/pompon-perlen-20-mm-hellgrau-kopie\\\/#primaryimage\"},\"image\":{\"@id\":\"https:\\\/\\\/www.jootjeshaakcadeautjes.nl\\\/de\\\/produkt\\\/pompon-perlen-20-mm-hellgrau-kopie\\\/#primaryimage\"},\"thumbnailUrl\":\"https:\\\/\\\/d1dyryakdmle7o.cloudfront.net\\\/wp-content\\\/uploads\\\/2026\\\/02\\\/Naamloos-1938.webp\",\"datePublished\":\"2026-02-11T08:31:26+00:00\",\"dateModified\":\"2026-04-20T09:18:21+00:00\",\"description\":\"Pompon-Perlen in Blush 20 mm. Wird h\u00e4ufig f\u00fcr Schl\u00fcsselanh\u00e4nger und mehr verwendet. Zum Beispiel in Kombination mit Silikon-Gl\u00fcckspuppen.\",\"breadcrumb\":{\"@id\":\"https:\\\/\\\/www.jootjeshaakcadeautjes.nl\\\/de\\\/produkt\\\/pompon-perlen-20-mm-hellgrau-kopie\\\/#breadcrumb\"},\"inLanguage\":\"de\",\"potentialAction\":[{\"@type\":\"ReadAction\",\"target\":[\"https:\\\/\\\/www.jootjeshaakcadeautjes.nl\\\/de\\\/produkt\\\/pompon-perlen-20-mm-hellgrau-kopie\\\/\"]}]},{\"@type\":\"ImageObject\",\"inLanguage\":\"de\",\"@id\":\"https:\\\/\\\/www.jootjeshaakcadeautjes.nl\\\/de\\\/produkt\\\/pompon-perlen-20-mm-hellgrau-kopie\\\/#primaryimage\",\"url\":\"https:\\\/\\\/d1dyryakdmle7o.cloudfront.net\\\/wp-content\\\/uploads\\\/2026\\\/02\\\/Naamloos-1938.webp\",\"contentUrl\":\"https:\\\/\\\/d1dyryakdmle7o.cloudfront.net\\\/wp-content\\\/uploads\\\/2026\\\/02\\\/Naamloos-1938.webp\",\"width\":2000,\"height\":2000},{\"@type\":\"BreadcrumbList\",\"@id\":\"https:\\\/\\\/www.jootjeshaakcadeautjes.nl\\\/de\\\/produkt\\\/pompon-perlen-20-mm-hellgrau-kopie\\\/#breadcrumb\",\"itemListElement\":[{\"@type\":\"ListItem\",\"position\":1,\"name\":\"Startseite\",\"item\":\"https:\\\/\\\/www.jootjeshaakcadeautjes.nl\\\/de\\\/\"},{\"@type\":\"ListItem\",\"position\":2,\"name\":\"Gro\u00dfhandel mit Silikonperlen &#8211; Business und Consumer\",\"item\":\"https:\\\/\\\/www.jootjeshaakcadeautjes.nl\\\/de\\\/shop\\\/\"},{\"@type\":\"ListItem\",\"position\":3,\"name\":\"Pompon-Perlen &#8211; 20 mm &#8211; Blush\"}]},{\"@type\":\"WebSite\",\"@id\":\"https:\\\/\\\/www.jootjeshaakcadeautjes.nl\\\/de\\\/#website\",\"url\":\"https:\\\/\\\/www.jootjeshaakcadeautjes.nl\\\/de\\\/\",\"name\":\"Jootjes Haakcadeautjes\",\"description\":\"Silikonperlen Gro\u00dfhandel \",\"publisher\":{\"@id\":\"https:\\\/\\\/www.jootjeshaakcadeautjes.nl\\\/de\\\/#organization\"},\"potentialAction\":[{\"@type\":\"SearchAction\",\"target\":{\"@type\":\"EntryPoint\",\"urlTemplate\":\"https:\\\/\\\/www.jootjeshaakcadeautjes.nl\\\/de\\\/?s={search_term_string}\"},\"query-input\":{\"@type\":\"PropertyValueSpecification\",\"valueRequired\":true,\"valueName\":\"search_term_string\"}}],\"inLanguage\":\"de\"},{\"@type\":\"Organization\",\"@id\":\"https:\\\/\\\/www.jootjeshaakcadeautjes.nl\\\/de\\\/#organization\",\"name\":\"Jootjes Haakcadeautjes\",\"url\":\"https:\\\/\\\/www.jootjeshaakcadeautjes.nl\\\/de\\\/\",\"logo\":{\"@type\":\"ImageObject\",\"inLanguage\":\"de\",\"@id\":\"https:\\\/\\\/www.jootjeshaakcadeautjes.nl\\\/de\\\/#\\\/schema\\\/logo\\\/image\\\/\",\"url\":\"https:\\\/\\\/jootjes-haakcadeautjes-media.s3.amazonaws.com\\\/wp-content\\\/uploads\\\/2023\\\/05\\\/Logo-rond.png\",\"contentUrl\":\"https:\\\/\\\/jootjes-haakcadeautjes-media.s3.amazonaws.com\\\/wp-content\\\/uploads\\\/2023\\\/05\\\/Logo-rond.png\",\"width\":1222,\"height\":1222,\"caption\":\"Jootjes Haakcadeautjes\"},\"image\":{\"@id\":\"https:\\\/\\\/www.jootjeshaakcadeautjes.nl\\\/de\\\/#\\\/schema\\\/logo\\\/image\\\/\"}}]}<\/script>\n<meta property=\"product:price:amount\" content=\"0.40\" \/>\n<meta property=\"product:price:currency\" content=\"EUR\" \/>\n<meta property=\"og:availability\" content=\"instock\" \/>\n<meta property=\"product:availability\" content=\"instock\" \/>\n<meta property=\"product:retailer_item_id\" content=\"POM-PNKR-BLU\" \/>\n<meta property=\"product:condition\" content=\"new\" \/>\n<!-- \/ Yoast SEO Premium plugin. -->","yoast_head_json":{"title":"Pompon Perlen in Blush 20 mm jootjeshaakcadeauts","description":"Pompon-Perlen in Blush 20 mm. Wird h\u00e4ufig f\u00fcr Schl\u00fcsselanh\u00e4nger und mehr verwendet. Zum Beispiel in Kombination mit Silikon-Gl\u00fcckspuppen.","robots":{"index":"index","follow":"follow","max-snippet":"max-snippet:-1","max-image-preview":"max-image-preview:large","max-video-preview":"max-video-preview:-1"},"canonical":"https:\/\/www.jootjeshaakcadeautjes.nl\/de\/produkt\/pompon-perlen-20-mm-hellgrau-kopie\/","og_locale":"de_DE","og_type":"article","og_title":"Pompon-Perlen - 20 mm - Blush","og_description":"Pompon-Perlen in Blush 20 mm. Wird h\u00e4ufig f\u00fcr Schl\u00fcsselanh\u00e4nger und mehr verwendet. Zum Beispiel in Kombination mit Silikon-Gl\u00fcckspuppen.","og_url":"https:\/\/www.jootjeshaakcadeautjes.nl\/de\/produkt\/pompon-perlen-20-mm-hellgrau-kopie\/","og_site_name":"Jootjes Haakcadeautjes","article_modified_time":"2026-04-20T09:18:21+00:00","og_image":[{"width":2000,"height":2000,"url":"https:\/\/d1dyryakdmle7o.cloudfront.net\/wp-content\/uploads\/2026\/02\/Naamloos-1938.webp","type":"image\/webp"}],"twitter_card":"summary_large_image","twitter_misc":{"Preis":"&euro;0.40 inkl. MwSt.","Verf\u00fcgbarkeit":"Auf Lager"},"schema":{"@context":"https:\/\/schema.org","@graph":[{"@type":"WebPage","@id":"https:\/\/www.jootjeshaakcadeautjes.nl\/de\/produkt\/pompon-perlen-20-mm-hellgrau-kopie\/","url":"https:\/\/www.jootjeshaakcadeautjes.nl\/de\/produkt\/pompon-perlen-20-mm-hellgrau-kopie\/","name":"Pompon Perlen in Blush 20 mm jootjeshaakcadeauts","isPartOf":{"@id":"https:\/\/www.jootjeshaakcadeautjes.nl\/de\/#website"},"primaryImageOfPage":{"@id":"https:\/\/www.jootjeshaakcadeautjes.nl\/de\/produkt\/pompon-perlen-20-mm-hellgrau-kopie\/#primaryimage"},"image":{"@id":"https:\/\/www.jootjeshaakcadeautjes.nl\/de\/produkt\/pompon-perlen-20-mm-hellgrau-kopie\/#primaryimage"},"thumbnailUrl":"https:\/\/d1dyryakdmle7o.cloudfront.net\/wp-content\/uploads\/2026\/02\/Naamloos-1938.webp","datePublished":"2026-02-11T08:31:26+00:00","dateModified":"2026-04-20T09:18:21+00:00","description":"Pompon-Perlen in Blush 20 mm. Wird h\u00e4ufig f\u00fcr Schl\u00fcsselanh\u00e4nger und mehr verwendet. Zum Beispiel in Kombination mit Silikon-Gl\u00fcckspuppen.","breadcrumb":{"@id":"https:\/\/www.jootjeshaakcadeautjes.nl\/de\/produkt\/pompon-perlen-20-mm-hellgrau-kopie\/#breadcrumb"},"inLanguage":"de","potentialAction":[{"@type":"ReadAction","target":["https:\/\/www.jootjeshaakcadeautjes.nl\/de\/produkt\/pompon-perlen-20-mm-hellgrau-kopie\/"]}]},{"@type":"ImageObject","inLanguage":"de","@id":"https:\/\/www.jootjeshaakcadeautjes.nl\/de\/produkt\/pompon-perlen-20-mm-hellgrau-kopie\/#primaryimage","url":"https:\/\/d1dyryakdmle7o.cloudfront.net\/wp-content\/uploads\/2026\/02\/Naamloos-1938.webp","contentUrl":"https:\/\/d1dyryakdmle7o.cloudfront.net\/wp-content\/uploads\/2026\/02\/Naamloos-1938.webp","width":2000,"height":2000},{"@type":"BreadcrumbList","@id":"https:\/\/www.jootjeshaakcadeautjes.nl\/de\/produkt\/pompon-perlen-20-mm-hellgrau-kopie\/#breadcrumb","itemListElement":[{"@type":"ListItem","position":1,"name":"Startseite","item":"https:\/\/www.jootjeshaakcadeautjes.nl\/de\/"},{"@type":"ListItem","position":2,"name":"Gro\u00dfhandel mit Silikonperlen &#8211; Business und Consumer","item":"https:\/\/www.jootjeshaakcadeautjes.nl\/de\/shop\/"},{"@type":"ListItem","position":3,"name":"Pompon-Perlen &#8211; 20 mm &#8211; Blush"}]},{"@type":"WebSite","@id":"https:\/\/www.jootjeshaakcadeautjes.nl\/de\/#website","url":"https:\/\/www.jootjeshaakcadeautjes.nl\/de\/","name":"Jootjes Haakcadeautjes","description":"Silikonperlen Gro\u00dfhandel ","publisher":{"@id":"https:\/\/www.jootjeshaakcadeautjes.nl\/de\/#organization"},"potentialAction":[{"@type":"SearchAction","target":{"@type":"EntryPoint","urlTemplate":"https:\/\/www.jootjeshaakcadeautjes.nl\/de\/?s={search_term_string}"},"query-input":{"@type":"PropertyValueSpecification","valueRequired":true,"valueName":"search_term_string"}}],"inLanguage":"de"},{"@type":"Organization","@id":"https:\/\/www.jootjeshaakcadeautjes.nl\/de\/#organization","name":"Jootjes Haakcadeautjes","url":"https:\/\/www.jootjeshaakcadeautjes.nl\/de\/","logo":{"@type":"ImageObject","inLanguage":"de","@id":"https:\/\/www.jootjeshaakcadeautjes.nl\/de\/#\/schema\/logo\/image\/","url":"https:\/\/jootjes-haakcadeautjes-media.s3.amazonaws.com\/wp-content\/uploads\/2023\/05\/Logo-rond.png","contentUrl":"https:\/\/jootjes-haakcadeautjes-media.s3.amazonaws.com\/wp-content\/uploads\/2023\/05\/Logo-rond.png","width":1222,"height":1222,"caption":"Jootjes Haakcadeautjes"},"image":{"@id":"https:\/\/www.jootjeshaakcadeautjes.nl\/de\/#\/schema\/logo\/image\/"}}]},"product_price_amount":"0.40","product_price_currency":"EUR","og_availability":"instock","product_availability":"instock","product_retailer_item_id":"POM-PNKR-BLU","product_condition":"new"},"_links":{"self":[{"href":"https:\/\/www.jootjeshaakcadeautjes.nl\/de\/wp-json\/wp\/v2\/product\/269573","targetHints":{"allow":["GET"]}}],"collection":[{"href":"https:\/\/www.jootjeshaakcadeautjes.nl\/de\/wp-json\/wp\/v2\/product"}],"about":[{"href":"https:\/\/www.jootjeshaakcadeautjes.nl\/de\/wp-json\/wp\/v2\/types\/product"}],"version-history":[{"count":1,"href":"https:\/\/www.jootjeshaakcadeautjes.nl\/de\/wp-json\/wp\/v2\/product\/269573\/revisions"}],"predecessor-version":[{"id":271988,"href":"https:\/\/www.jootjeshaakcadeautjes.nl\/de\/wp-json\/wp\/v2\/product\/269573\/revisions\/271988"}],"wp:featuredmedia":[{"embeddable":true,"href":"https:\/\/www.jootjeshaakcadeautjes.nl\/de\/wp-json\/wp\/v2\/media\/271264"}],"wp:attachment":[{"href":"https:\/\/www.jootjeshaakcadeautjes.nl\/de\/wp-json\/wp\/v2\/media?parent=269573"}],"wp:term":[{"taxonomy":"product_brand","embeddable":true,"href":"https:\/\/www.jootjeshaakcadeautjes.nl\/de\/wp-json\/wp\/v2\/product_brand?post=269573"},{"taxonomy":"product_cat","embeddable":true,"href":"https:\/\/www.jootjeshaakcadeautjes.nl\/de\/wp-json\/wp\/v2\/product_cat?post=269573"},{"taxonomy":"product_tag","embeddable":true,"href":"https:\/\/www.jootjeshaakcadeautjes.nl\/de\/wp-json\/wp\/v2\/product_tag?post=269573"}],"curies":[{"name":"wp","href":"https:\/\/api.w.org\/{rel}","templated":true}]}}