{"id":269652,"date":"2026-02-05T17:18:56","date_gmt":"2026-02-05T15:18:56","guid":{"rendered":"https:\/\/www.jootjeshaakcadeautjes.nl\/?post_type=product&#038;p=269652"},"modified":"2026-04-20T11:18:37","modified_gmt":"2026-04-20T09:18:37","slug":"silikonperlen-rose-20-mm-aqua-blau-kopie","status":"publish","type":"product","link":"https:\/\/www.jootjeshaakcadeautjes.nl\/de\/produkt\/silikonperlen-rose-20-mm-aqua-blau-kopie\/","title":{"rendered":"Silikonperlen &#8211; Rose &#8211; 20 mm &#8211; Blutrot"},"content":{"rendered":"<h2>Silikonperle &#8211; Rose &#8211; 20 mm &#8211; Blutrot<\/h2>\n<p><strong>Material:<\/strong> Silikon, BPA-frei, phthalatfrei, PVC-frei, bleifrei, cadmiumfrei, aluminiumfrei, bleifrei und mehr. Insgesamt giftfrei, basierend auf der EN-71 Zertifizierung f\u00fcr Baby- und Kinderspielzeug. <\/p>\n<p>Z<strong>ertifizierung:<\/strong> FDA, EN 71 (EN71-1, 2 und 3; mechanische und physikalische Eigenschaften, Entflammbarkeit und keine Elementmigration).<\/p>\n<p><strong>Gr\u00f6\u00dfe: <\/strong>20 mm x 19 mm<\/p>\n<p><strong>Farbcode: Blutrot<\/strong><\/p>\n<p><strong>Verwendung: <\/strong>Die rosafarbenen Silikonperlen k\u00f6nnen leicht in Schnullerkordeln, Bei\u00dfringen, Kinderwagenketten, Schl\u00fcsselanh\u00e4ngern, Kinderwagenketten, Anh\u00e4ngern, Laufstallmobile, Babygymnastik und mehr verwendet werden.<\/p>\n<p><em>Alle Produkte von Jootjes Haakcadeautjes sind kindergesichert. Bitte beachten Sie, dass Fertigprodukte (Bei\u00dfringe, Schnullerschn\u00fcre, Kinderwagenschnuller usw.) eigene Sicherheitskriterien haben, die sie erf\u00fcllen m\u00fcssen. Jootjes Haakcadeautjes garantiert nur f\u00fcr die Materialien und nicht f\u00fcr das fertige Endprodukt. Jootjes Haakcadeautjes haftet daher in keiner Weise f\u00fcr Sch\u00e4den, die sich aus der Verwendung des Endprodukts ergeben. Verwenden Sie niemals lose Perlen. Kontrollieren Sie das Endprodukt regelm\u00e4\u00dfig auf seine Sicherheit. Nur unter Aufsicht von Erwachsenen verwenden. Lassen Sie kleine Kinder damit nicht unbeaufsichtigt und schlafen Sie nicht damit.      <\/em><\/p>\n","protected":false},"excerpt":{"rendered":"<p><strong>Rose<\/strong> Blutrot<\/p>\n<p><strong>Material:<\/strong> Silikon, BPA-frei, phthalatfrei, PVC-frei, bleifrei, cadmiumfrei, aluminiumfrei, bleifrei und mehr. Insgesamt giftfrei, basierend auf der EN-71 Zertifizierung f\u00fcr Baby- und Kinderspielzeug.<br \/>\n<strong>Zertifizierung:<\/strong> FDA, EN 71<br \/>\n<strong>Gr\u00f6\u00dfe: <\/strong>20 x 20 x 10 mm<br \/>\n<strong>Farbcode: Blutrot<\/strong><\/p>\n<p>F\u00fcr weitere Informationen lesen Sie bitte unten auf der Seite weiter.<\/p>\n","protected":false},"featured_media":271406,"template":"","meta":[],"product_brand":[],"product_cat":[7380,7184,7389,6991,9126],"product_tag":[7510,7385,9805,7419,7901,8751,8335,7464,7416,7950,7597,7442,7451,8338,7199,8396,7444,9469,7520,7211,8598,7945,14980,8101,7435,7988],"class_list":{"0":"post-269652","1":"product","2":"type-product","3":"status-publish","4":"has-post-thumbnail","6":"product_cat-herstellung-von-baby-beisspielzeug-materialien-fur-schnuller-und-beisringe","7":"product_cat-neue-produkte","8":"product_cat-silikonperlen-all-multicoloured-luxury-beads","9":"product_cat-silikonperlen-bpa-frei-grosshandel","10":"product_cat-silikonperlen-rosen","11":"product_tag-baby-de","12":"product_tag-beisring","13":"product_tag-blutrot-de","14":"product_tag-bpa-de","15":"product_tag-en-71-de","16":"product_tag-farbe","17":"product_tag-fda-de","18":"product_tag-groshandel","19":"product_tag-gummischnur","20":"product_tag-jaszipper-de","21":"product_tag-kind-de","22":"product_tag-kinderwagenkette","23":"product_tag-kostenlos","24":"product_tag-laufstall-mobil","25":"product_tag-perlen","26":"product_tag-rose-de-2","27":"product_tag-schlusselanhanger","28":"product_tag-schlusselanhanger-de-2","29":"product_tag-sicher","30":"product_tag-silikon","31":"product_tag-stockaufhanger","32":"product_tag-taschenaufhanger-de","33":"product_tag-telefon-anhanger","34":"product_tag-waggonaufhanger","35":"product_tag-wulst","36":"product_tag-zertifiziert","38":"first","39":"instock","40":"taxable","41":"shipping-taxable","42":"purchasable","43":"product-type-simple"},"bundled_by":[],"bundle_stock_status":"instock","bundle_stock_quantity":47,"bundle_virtual":false,"bundle_layout":"","bundle_add_to_cart_form_location":"","bundle_editable_in_cart":false,"bundle_sold_individually_context":"","bundle_item_grouping":"","bundle_min_size":"","bundle_max_size":"","bundle_price":[],"bundled_items":[],"bundle_sell_ids":[],"yoast_head":"<!-- This site is optimized with the Yoast SEO Premium plugin v27.4 (Yoast SEO v27.4) - https:\/\/yoast.com\/product\/yoast-seo-premium-wordpress\/ -->\n<title>Silikonperlen - Rose - 20 mm - Blutrot - Babysafe<\/title>\n<meta name=\"description\" content=\"Silikonperle Rose Farbe Blutrot. F\u00fcr Kinderwagenkette, Laufstallmobil oder Kinderwagenaufh\u00e4nger. BPA-frei, CE- und FDA-zertifiziert EN-71.\" \/>\n<meta name=\"robots\" content=\"index, follow, max-snippet:-1, max-image-preview:large, max-video-preview:-1\" \/>\n<link rel=\"canonical\" href=\"https:\/\/www.jootjeshaakcadeautjes.nl\/de\/produkt\/silikonperlen-rose-20-mm-aqua-blau-kopie\/\" \/>\n<meta property=\"og:locale\" content=\"de_DE\" \/>\n<meta property=\"og:type\" content=\"article\" \/>\n<meta property=\"og:title\" content=\"Silikonperlen - Rose - 20 mm - Blutrot\" \/>\n<meta property=\"og:description\" content=\"Silikonperle Rose Farbe Blutrot. F\u00fcr Kinderwagenkette, Laufstallmobil oder Kinderwagenaufh\u00e4nger. BPA-frei, CE- und FDA-zertifiziert EN-71.\" \/>\n<meta property=\"og:url\" content=\"https:\/\/www.jootjeshaakcadeautjes.nl\/de\/produkt\/silikonperlen-rose-20-mm-aqua-blau-kopie\/\" \/>\n<meta property=\"og:site_name\" content=\"Jootjes Haakcadeautjes\" \/>\n<meta property=\"article:modified_time\" content=\"2026-04-20T09:18:37+00:00\" \/>\n<meta property=\"og:image\" content=\"https:\/\/d1dyryakdmle7o.cloudfront.net\/wp-content\/uploads\/2026\/02\/Naamloos-1937.webp\" \/>\n\t<meta property=\"og:image:width\" content=\"2000\" \/>\n\t<meta property=\"og:image:height\" content=\"2000\" \/>\n\t<meta property=\"og:image:type\" content=\"image\/webp\" \/>\n<meta name=\"twitter:card\" content=\"summary_large_image\" \/>\n<meta name=\"twitter:label1\" content=\"Preis\" \/>\n\t<meta name=\"twitter:data1\" content=\"&euro;0.40 inkl. MwSt.\" \/>\n\t<meta name=\"twitter:label2\" content=\"Verf\u00fcgbarkeit\" \/>\n\t<meta name=\"twitter:data2\" content=\"Auf Lager\" \/>\n<script type=\"application\/ld+json\" class=\"yoast-schema-graph\">{\"@context\":\"https:\\\/\\\/schema.org\",\"@graph\":[{\"@type\":\"WebPage\",\"@id\":\"https:\\\/\\\/www.jootjeshaakcadeautjes.nl\\\/de\\\/produkt\\\/silikonperlen-rose-20-mm-aqua-blau-kopie\\\/\",\"url\":\"https:\\\/\\\/www.jootjeshaakcadeautjes.nl\\\/de\\\/produkt\\\/silikonperlen-rose-20-mm-aqua-blau-kopie\\\/\",\"name\":\"Silikonperlen - Rose - 20 mm - Blutrot - Babysafe\",\"isPartOf\":{\"@id\":\"https:\\\/\\\/www.jootjeshaakcadeautjes.nl\\\/de\\\/#website\"},\"primaryImageOfPage\":{\"@id\":\"https:\\\/\\\/www.jootjeshaakcadeautjes.nl\\\/de\\\/produkt\\\/silikonperlen-rose-20-mm-aqua-blau-kopie\\\/#primaryimage\"},\"image\":{\"@id\":\"https:\\\/\\\/www.jootjeshaakcadeautjes.nl\\\/de\\\/produkt\\\/silikonperlen-rose-20-mm-aqua-blau-kopie\\\/#primaryimage\"},\"thumbnailUrl\":\"https:\\\/\\\/d1dyryakdmle7o.cloudfront.net\\\/wp-content\\\/uploads\\\/2026\\\/02\\\/Naamloos-1937.webp\",\"datePublished\":\"2026-02-05T15:18:56+00:00\",\"dateModified\":\"2026-04-20T09:18:37+00:00\",\"description\":\"Silikonperle Rose Farbe Blutrot. F\u00fcr Kinderwagenkette, Laufstallmobil oder Kinderwagenaufh\u00e4nger. BPA-frei, CE- und FDA-zertifiziert EN-71.\",\"breadcrumb\":{\"@id\":\"https:\\\/\\\/www.jootjeshaakcadeautjes.nl\\\/de\\\/produkt\\\/silikonperlen-rose-20-mm-aqua-blau-kopie\\\/#breadcrumb\"},\"inLanguage\":\"de\",\"potentialAction\":[{\"@type\":\"ReadAction\",\"target\":[\"https:\\\/\\\/www.jootjeshaakcadeautjes.nl\\\/de\\\/produkt\\\/silikonperlen-rose-20-mm-aqua-blau-kopie\\\/\"]}]},{\"@type\":\"ImageObject\",\"inLanguage\":\"de\",\"@id\":\"https:\\\/\\\/www.jootjeshaakcadeautjes.nl\\\/de\\\/produkt\\\/silikonperlen-rose-20-mm-aqua-blau-kopie\\\/#primaryimage\",\"url\":\"https:\\\/\\\/d1dyryakdmle7o.cloudfront.net\\\/wp-content\\\/uploads\\\/2026\\\/02\\\/Naamloos-1937.webp\",\"contentUrl\":\"https:\\\/\\\/d1dyryakdmle7o.cloudfront.net\\\/wp-content\\\/uploads\\\/2026\\\/02\\\/Naamloos-1937.webp\",\"width\":2000,\"height\":2000},{\"@type\":\"BreadcrumbList\",\"@id\":\"https:\\\/\\\/www.jootjeshaakcadeautjes.nl\\\/de\\\/produkt\\\/silikonperlen-rose-20-mm-aqua-blau-kopie\\\/#breadcrumb\",\"itemListElement\":[{\"@type\":\"ListItem\",\"position\":1,\"name\":\"Startseite\",\"item\":\"https:\\\/\\\/www.jootjeshaakcadeautjes.nl\\\/de\\\/\"},{\"@type\":\"ListItem\",\"position\":2,\"name\":\"Gro\u00dfhandel mit Silikonperlen &#8211; Business und Consumer\",\"item\":\"https:\\\/\\\/www.jootjeshaakcadeautjes.nl\\\/de\\\/shop\\\/\"},{\"@type\":\"ListItem\",\"position\":3,\"name\":\"Silikonperlen &#8211; Rose &#8211; 20 mm &#8211; Blutrot\"}]},{\"@type\":\"WebSite\",\"@id\":\"https:\\\/\\\/www.jootjeshaakcadeautjes.nl\\\/de\\\/#website\",\"url\":\"https:\\\/\\\/www.jootjeshaakcadeautjes.nl\\\/de\\\/\",\"name\":\"Jootjes Haakcadeautjes\",\"description\":\"Silikonperlen Gro\u00dfhandel \",\"publisher\":{\"@id\":\"https:\\\/\\\/www.jootjeshaakcadeautjes.nl\\\/de\\\/#organization\"},\"potentialAction\":[{\"@type\":\"SearchAction\",\"target\":{\"@type\":\"EntryPoint\",\"urlTemplate\":\"https:\\\/\\\/www.jootjeshaakcadeautjes.nl\\\/de\\\/?s={search_term_string}\"},\"query-input\":{\"@type\":\"PropertyValueSpecification\",\"valueRequired\":true,\"valueName\":\"search_term_string\"}}],\"inLanguage\":\"de\"},{\"@type\":\"Organization\",\"@id\":\"https:\\\/\\\/www.jootjeshaakcadeautjes.nl\\\/de\\\/#organization\",\"name\":\"Jootjes Haakcadeautjes\",\"url\":\"https:\\\/\\\/www.jootjeshaakcadeautjes.nl\\\/de\\\/\",\"logo\":{\"@type\":\"ImageObject\",\"inLanguage\":\"de\",\"@id\":\"https:\\\/\\\/www.jootjeshaakcadeautjes.nl\\\/de\\\/#\\\/schema\\\/logo\\\/image\\\/\",\"url\":\"https:\\\/\\\/jootjes-haakcadeautjes-media.s3.amazonaws.com\\\/wp-content\\\/uploads\\\/2023\\\/05\\\/Logo-rond.png\",\"contentUrl\":\"https:\\\/\\\/jootjes-haakcadeautjes-media.s3.amazonaws.com\\\/wp-content\\\/uploads\\\/2023\\\/05\\\/Logo-rond.png\",\"width\":1222,\"height\":1222,\"caption\":\"Jootjes Haakcadeautjes\"},\"image\":{\"@id\":\"https:\\\/\\\/www.jootjeshaakcadeautjes.nl\\\/de\\\/#\\\/schema\\\/logo\\\/image\\\/\"}}]}<\/script>\n<meta property=\"product:price:amount\" content=\"0.40\" \/>\n<meta property=\"product:price:currency\" content=\"EUR\" \/>\n<meta property=\"og:availability\" content=\"instock\" \/>\n<meta property=\"product:availability\" content=\"instock\" \/>\n<meta property=\"product:retailer_item_id\" content=\"SIL-R20-ROD\" \/>\n<meta property=\"product:condition\" content=\"new\" \/>\n<!-- \/ Yoast SEO Premium plugin. -->","yoast_head_json":{"title":"Silikonperlen - Rose - 20 mm - Blutrot - Babysafe","description":"Silikonperle Rose Farbe Blutrot. F\u00fcr Kinderwagenkette, Laufstallmobil oder Kinderwagenaufh\u00e4nger. BPA-frei, CE- und FDA-zertifiziert EN-71.","robots":{"index":"index","follow":"follow","max-snippet":"max-snippet:-1","max-image-preview":"max-image-preview:large","max-video-preview":"max-video-preview:-1"},"canonical":"https:\/\/www.jootjeshaakcadeautjes.nl\/de\/produkt\/silikonperlen-rose-20-mm-aqua-blau-kopie\/","og_locale":"de_DE","og_type":"article","og_title":"Silikonperlen - Rose - 20 mm - Blutrot","og_description":"Silikonperle Rose Farbe Blutrot. F\u00fcr Kinderwagenkette, Laufstallmobil oder Kinderwagenaufh\u00e4nger. BPA-frei, CE- und FDA-zertifiziert EN-71.","og_url":"https:\/\/www.jootjeshaakcadeautjes.nl\/de\/produkt\/silikonperlen-rose-20-mm-aqua-blau-kopie\/","og_site_name":"Jootjes Haakcadeautjes","article_modified_time":"2026-04-20T09:18:37+00:00","og_image":[{"width":2000,"height":2000,"url":"https:\/\/d1dyryakdmle7o.cloudfront.net\/wp-content\/uploads\/2026\/02\/Naamloos-1937.webp","type":"image\/webp"}],"twitter_card":"summary_large_image","twitter_misc":{"Preis":"&euro;0.40 inkl. MwSt.","Verf\u00fcgbarkeit":"Auf Lager"},"schema":{"@context":"https:\/\/schema.org","@graph":[{"@type":"WebPage","@id":"https:\/\/www.jootjeshaakcadeautjes.nl\/de\/produkt\/silikonperlen-rose-20-mm-aqua-blau-kopie\/","url":"https:\/\/www.jootjeshaakcadeautjes.nl\/de\/produkt\/silikonperlen-rose-20-mm-aqua-blau-kopie\/","name":"Silikonperlen - Rose - 20 mm - Blutrot - Babysafe","isPartOf":{"@id":"https:\/\/www.jootjeshaakcadeautjes.nl\/de\/#website"},"primaryImageOfPage":{"@id":"https:\/\/www.jootjeshaakcadeautjes.nl\/de\/produkt\/silikonperlen-rose-20-mm-aqua-blau-kopie\/#primaryimage"},"image":{"@id":"https:\/\/www.jootjeshaakcadeautjes.nl\/de\/produkt\/silikonperlen-rose-20-mm-aqua-blau-kopie\/#primaryimage"},"thumbnailUrl":"https:\/\/d1dyryakdmle7o.cloudfront.net\/wp-content\/uploads\/2026\/02\/Naamloos-1937.webp","datePublished":"2026-02-05T15:18:56+00:00","dateModified":"2026-04-20T09:18:37+00:00","description":"Silikonperle Rose Farbe Blutrot. F\u00fcr Kinderwagenkette, Laufstallmobil oder Kinderwagenaufh\u00e4nger. BPA-frei, CE- und FDA-zertifiziert EN-71.","breadcrumb":{"@id":"https:\/\/www.jootjeshaakcadeautjes.nl\/de\/produkt\/silikonperlen-rose-20-mm-aqua-blau-kopie\/#breadcrumb"},"inLanguage":"de","potentialAction":[{"@type":"ReadAction","target":["https:\/\/www.jootjeshaakcadeautjes.nl\/de\/produkt\/silikonperlen-rose-20-mm-aqua-blau-kopie\/"]}]},{"@type":"ImageObject","inLanguage":"de","@id":"https:\/\/www.jootjeshaakcadeautjes.nl\/de\/produkt\/silikonperlen-rose-20-mm-aqua-blau-kopie\/#primaryimage","url":"https:\/\/d1dyryakdmle7o.cloudfront.net\/wp-content\/uploads\/2026\/02\/Naamloos-1937.webp","contentUrl":"https:\/\/d1dyryakdmle7o.cloudfront.net\/wp-content\/uploads\/2026\/02\/Naamloos-1937.webp","width":2000,"height":2000},{"@type":"BreadcrumbList","@id":"https:\/\/www.jootjeshaakcadeautjes.nl\/de\/produkt\/silikonperlen-rose-20-mm-aqua-blau-kopie\/#breadcrumb","itemListElement":[{"@type":"ListItem","position":1,"name":"Startseite","item":"https:\/\/www.jootjeshaakcadeautjes.nl\/de\/"},{"@type":"ListItem","position":2,"name":"Gro\u00dfhandel mit Silikonperlen &#8211; Business und Consumer","item":"https:\/\/www.jootjeshaakcadeautjes.nl\/de\/shop\/"},{"@type":"ListItem","position":3,"name":"Silikonperlen &#8211; Rose &#8211; 20 mm &#8211; Blutrot"}]},{"@type":"WebSite","@id":"https:\/\/www.jootjeshaakcadeautjes.nl\/de\/#website","url":"https:\/\/www.jootjeshaakcadeautjes.nl\/de\/","name":"Jootjes Haakcadeautjes","description":"Silikonperlen Gro\u00dfhandel ","publisher":{"@id":"https:\/\/www.jootjeshaakcadeautjes.nl\/de\/#organization"},"potentialAction":[{"@type":"SearchAction","target":{"@type":"EntryPoint","urlTemplate":"https:\/\/www.jootjeshaakcadeautjes.nl\/de\/?s={search_term_string}"},"query-input":{"@type":"PropertyValueSpecification","valueRequired":true,"valueName":"search_term_string"}}],"inLanguage":"de"},{"@type":"Organization","@id":"https:\/\/www.jootjeshaakcadeautjes.nl\/de\/#organization","name":"Jootjes Haakcadeautjes","url":"https:\/\/www.jootjeshaakcadeautjes.nl\/de\/","logo":{"@type":"ImageObject","inLanguage":"de","@id":"https:\/\/www.jootjeshaakcadeautjes.nl\/de\/#\/schema\/logo\/image\/","url":"https:\/\/jootjes-haakcadeautjes-media.s3.amazonaws.com\/wp-content\/uploads\/2023\/05\/Logo-rond.png","contentUrl":"https:\/\/jootjes-haakcadeautjes-media.s3.amazonaws.com\/wp-content\/uploads\/2023\/05\/Logo-rond.png","width":1222,"height":1222,"caption":"Jootjes Haakcadeautjes"},"image":{"@id":"https:\/\/www.jootjeshaakcadeautjes.nl\/de\/#\/schema\/logo\/image\/"}}]},"product_price_amount":"0.40","product_price_currency":"EUR","og_availability":"instock","product_availability":"instock","product_retailer_item_id":"SIL-R20-ROD","product_condition":"new"},"_links":{"self":[{"href":"https:\/\/www.jootjeshaakcadeautjes.nl\/de\/wp-json\/wp\/v2\/product\/269652","targetHints":{"allow":["GET"]}}],"collection":[{"href":"https:\/\/www.jootjeshaakcadeautjes.nl\/de\/wp-json\/wp\/v2\/product"}],"about":[{"href":"https:\/\/www.jootjeshaakcadeautjes.nl\/de\/wp-json\/wp\/v2\/types\/product"}],"version-history":[{"count":1,"href":"https:\/\/www.jootjeshaakcadeautjes.nl\/de\/wp-json\/wp\/v2\/product\/269652\/revisions"}],"predecessor-version":[{"id":271761,"href":"https:\/\/www.jootjeshaakcadeautjes.nl\/de\/wp-json\/wp\/v2\/product\/269652\/revisions\/271761"}],"wp:featuredmedia":[{"embeddable":true,"href":"https:\/\/www.jootjeshaakcadeautjes.nl\/de\/wp-json\/wp\/v2\/media\/271406"}],"wp:attachment":[{"href":"https:\/\/www.jootjeshaakcadeautjes.nl\/de\/wp-json\/wp\/v2\/media?parent=269652"}],"wp:term":[{"taxonomy":"product_brand","embeddable":true,"href":"https:\/\/www.jootjeshaakcadeautjes.nl\/de\/wp-json\/wp\/v2\/product_brand?post=269652"},{"taxonomy":"product_cat","embeddable":true,"href":"https:\/\/www.jootjeshaakcadeautjes.nl\/de\/wp-json\/wp\/v2\/product_cat?post=269652"},{"taxonomy":"product_tag","embeddable":true,"href":"https:\/\/www.jootjeshaakcadeautjes.nl\/de\/wp-json\/wp\/v2\/product_tag?post=269652"}],"curies":[{"name":"wp","href":"https:\/\/api.w.org\/{rel}","templated":true}]}}