{"id":270121,"date":"2026-02-07T16:06:31","date_gmt":"2026-02-07T14:06:31","guid":{"rendered":"https:\/\/www.jootjeshaakcadeautjes.nl\/?post_type=product&#038;p=270121"},"modified":"2026-04-20T11:18:32","modified_gmt":"2026-04-20T09:18:32","slug":"silikonperle-gruskarte-gravur-lehrer-mit-blumendruck-kopie-kopie-2","status":"publish","type":"product","link":"https:\/\/www.jootjeshaakcadeautjes.nl\/de\/produkt\/silikonperle-gruskarte-gravur-lehrer-mit-blumendruck-kopie-kopie-2\/","title":{"rendered":"Silikonperle &#8211; Gru\u00dfkarte &#8211; Gravur &#8211; Teddyb\u00e4r"},"content":{"rendered":"<h1>Silikonperle &#8211; Gru\u00dfkarte &#8211; Gravur &#8211; Teddyb\u00e4r<\/h1>\n<ul>\n<li>Gravur: Teddyb\u00e4r<\/li>\n<li>Gru\u00dfm\u00fcnze von 30 mm &#8211; Einzigartiges Design! &#8211; Design registriert <\/li>\n<li>Speziell angefertigte Silikonperlen<\/li>\n<li>Diese Perlen werden mit einer speziellen, einzigartigen Fertigungstechnik hergestellt!<\/li>\n<li>Mehrere Nugget-Farben zur Auswahl.<\/li>\n<li>Bohrung von oben nach unten<\/li>\n<li>Hochwertiges, babysicheres Silikon<\/li>\n<li>Unbedenklich nach EN-71 chemischen Tests!<\/li>\n<\/ul>\n<p>Perfekt geeignet f\u00fcr unsere Weinstopper, Schl\u00fcsselanh\u00e4nger, Flaschen\u00f6ffner, Kleiderb\u00fcgel, Notizb\u00fccher und vieles mehr.<\/p>\n","protected":false},"excerpt":{"rendered":"<ul>\n<li>Gravur: Teddyb\u00e4r<\/li>\n<li>Gru\u00dfm\u00fcnze von 30 mm &#8211; Einzigartiges Design! &#8211; Design registriert <\/li>\n<li>Speziell angefertigte Silikonperlen<\/li>\n<li>Diese Perlen werden mit einer speziellen, einzigartigen Fertigungstechnik hergestellt!<\/li>\n<li>Mehrere Nugget-Farben zur Auswahl.<\/li>\n<li>Bohrung von oben nach unten<\/li>\n<li>Hochwertiges, babysicheres Silikon<\/li>\n<li>Unbedenklich nach EN-71 chemischen Tests!<\/li>\n<\/ul>\n<p>Perfekt geeignet f\u00fcr unsere Weinstopper, Schl\u00fcsselanh\u00e4nger, Flaschen\u00f6ffner, Kleiderb\u00fcgel, Notizb\u00fccher und vieles mehr.<\/p>\n","protected":false},"featured_media":270193,"template":"","meta":[],"product_brand":[],"product_cat":[6995,7184,17738],"product_tag":[7226,8039,8048,16260,8041,7400,8036,8042,8032,8029,7935,8766,8034,7919,16125,7950,7673,8345,8027,7199,7223,8038,7444,7211,7425,8580,7945,19111,8513,7930,8040,8028],"class_list":{"0":"post-270121","1":"product","2":"type-product","3":"status-publish","4":"has-post-thumbnail","6":"product_cat-lasergravieren-alle-produkte","7":"product_cat-neue-produkte","8":"product_cat-silikonperlen-gruskarten","9":"product_tag-aufreihbar","10":"product_tag-benutzerdefinierte","11":"product_tag-bieroffner","12":"product_tag-briefoffner","13":"product_tag-eigene","14":"product_tag-eingraviert","15":"product_tag-eingraviert-de","16":"product_tag-entwurf","17":"product_tag-ferien","18":"product_tag-flasche","19":"product_tag-flaschenoffner","20":"product_tag-fraulein","21":"product_tag-gelasert","22":"product_tag-grose","23":"product_tag-heftzwecken","24":"product_tag-jaszipper-de","25":"product_tag-liebe","26":"product_tag-notizbuch","27":"product_tag-nugget-de","28":"product_tag-perlen","29":"product_tag-personalisierte","30":"product_tag-prasentiert","31":"product_tag-schlusselanhanger","32":"product_tag-silikon","33":"product_tag-stift","34":"product_tag-stifte","35":"product_tag-taschenaufhanger-de","36":"product_tag-teddybar-2","37":"product_tag-umarmung","38":"product_tag-weinkorken","39":"product_tag-wunsch","40":"product_tag-zu","42":"first","43":"instock","44":"taxable","45":"shipping-taxable","46":"purchasable","47":"product-type-variable"},"bundled_by":["270527"],"bundle_stock_status":"instock","bundle_stock_quantity":null,"bundle_virtual":false,"bundle_layout":"","bundle_add_to_cart_form_location":"","bundle_editable_in_cart":false,"bundle_sold_individually_context":"","bundle_item_grouping":"","bundle_min_size":"","bundle_max_size":"","bundle_price":[],"bundled_items":[],"bundle_sell_ids":[],"yoast_head":"<!-- This site is optimized with the Yoast SEO Premium plugin v27.4 (Yoast SEO v27.5) - https:\/\/yoast.com\/product\/yoast-seo-premium-wordpress\/ -->\n<title>Silikonperle - Wunschzettel - Teddyb\u00e4r | Jootjes<\/title>\n<meta name=\"description\" content=\"Gravierte Silikonperlen in Form einer Wunschm\u00fcnze mit einem s\u00fc\u00dfen Teddyb\u00e4r. Super s\u00fc\u00df f\u00fcr die Herstellung eigener Schl\u00fcsselanh\u00e4nger.\" \/>\n<meta name=\"robots\" content=\"index, follow, max-snippet:-1, max-image-preview:large, max-video-preview:-1\" \/>\n<link rel=\"canonical\" href=\"https:\/\/www.jootjeshaakcadeautjes.nl\/de\/produkt\/silikonperle-gruskarte-gravur-lehrer-mit-blumendruck-kopie-kopie-2\/\" \/>\n<meta property=\"og:locale\" content=\"de_DE\" \/>\n<meta property=\"og:type\" content=\"article\" \/>\n<meta property=\"og:title\" content=\"Silikonperle - Gru\u00dfkarte - Gravur - Teddyb\u00e4r\" \/>\n<meta property=\"og:description\" content=\"Gravierte Silikonperlen in Form einer Wunschm\u00fcnze mit einem s\u00fc\u00dfen Teddyb\u00e4r. Super s\u00fc\u00df f\u00fcr die Herstellung eigener Schl\u00fcsselanh\u00e4nger.\" \/>\n<meta property=\"og:url\" content=\"https:\/\/www.jootjeshaakcadeautjes.nl\/de\/produkt\/silikonperle-gruskarte-gravur-lehrer-mit-blumendruck-kopie-kopie-2\/\" \/>\n<meta property=\"og:site_name\" content=\"Jootjes Haakcadeautjes\" \/>\n<meta property=\"article:modified_time\" content=\"2026-04-20T09:18:32+00:00\" \/>\n<meta property=\"og:image\" content=\"https:\/\/d1dyryakdmle7o.cloudfront.net\/wp-content\/uploads\/2026\/02\/instagram_grid_matched_teddy.webp\" \/>\n\t<meta property=\"og:image:width\" content=\"1080\" \/>\n\t<meta property=\"og:image:height\" content=\"1080\" \/>\n\t<meta property=\"og:image:type\" content=\"image\/webp\" \/>\n<meta name=\"twitter:card\" content=\"summary_large_image\" \/>\n<meta name=\"twitter:label1\" content=\"Verf\u00fcgbarkeit\" \/>\n\t<meta name=\"twitter:data1\" content=\"Auf Lager\" \/>\n<script type=\"application\/ld+json\" class=\"yoast-schema-graph\">{\"@context\":\"https:\\\/\\\/schema.org\",\"@graph\":[{\"@type\":\"WebPage\",\"@id\":\"https:\\\/\\\/www.jootjeshaakcadeautjes.nl\\\/de\\\/produkt\\\/silikonperle-gruskarte-gravur-lehrer-mit-blumendruck-kopie-kopie-2\\\/\",\"url\":\"https:\\\/\\\/www.jootjeshaakcadeautjes.nl\\\/de\\\/produkt\\\/silikonperle-gruskarte-gravur-lehrer-mit-blumendruck-kopie-kopie-2\\\/\",\"name\":\"Silikonperle - Wunschzettel - Teddyb\u00e4r | Jootjes\",\"isPartOf\":{\"@id\":\"https:\\\/\\\/www.jootjeshaakcadeautjes.nl\\\/de\\\/#website\"},\"primaryImageOfPage\":{\"@id\":\"https:\\\/\\\/www.jootjeshaakcadeautjes.nl\\\/de\\\/produkt\\\/silikonperle-gruskarte-gravur-lehrer-mit-blumendruck-kopie-kopie-2\\\/#primaryimage\"},\"image\":{\"@id\":\"https:\\\/\\\/www.jootjeshaakcadeautjes.nl\\\/de\\\/produkt\\\/silikonperle-gruskarte-gravur-lehrer-mit-blumendruck-kopie-kopie-2\\\/#primaryimage\"},\"thumbnailUrl\":\"https:\\\/\\\/d1dyryakdmle7o.cloudfront.net\\\/wp-content\\\/uploads\\\/2026\\\/02\\\/instagram_grid_matched_teddy.webp\",\"datePublished\":\"2026-02-07T14:06:31+00:00\",\"dateModified\":\"2026-04-20T09:18:32+00:00\",\"description\":\"Gravierte Silikonperlen in Form einer Wunschm\u00fcnze mit einem s\u00fc\u00dfen Teddyb\u00e4r. Super s\u00fc\u00df f\u00fcr die Herstellung eigener Schl\u00fcsselanh\u00e4nger.\",\"breadcrumb\":{\"@id\":\"https:\\\/\\\/www.jootjeshaakcadeautjes.nl\\\/de\\\/produkt\\\/silikonperle-gruskarte-gravur-lehrer-mit-blumendruck-kopie-kopie-2\\\/#breadcrumb\"},\"inLanguage\":\"de\",\"potentialAction\":[{\"@type\":\"ReadAction\",\"target\":[\"https:\\\/\\\/www.jootjeshaakcadeautjes.nl\\\/de\\\/produkt\\\/silikonperle-gruskarte-gravur-lehrer-mit-blumendruck-kopie-kopie-2\\\/\"]}]},{\"@type\":\"ImageObject\",\"inLanguage\":\"de\",\"@id\":\"https:\\\/\\\/www.jootjeshaakcadeautjes.nl\\\/de\\\/produkt\\\/silikonperle-gruskarte-gravur-lehrer-mit-blumendruck-kopie-kopie-2\\\/#primaryimage\",\"url\":\"https:\\\/\\\/d1dyryakdmle7o.cloudfront.net\\\/wp-content\\\/uploads\\\/2026\\\/02\\\/instagram_grid_matched_teddy.webp\",\"contentUrl\":\"https:\\\/\\\/d1dyryakdmle7o.cloudfront.net\\\/wp-content\\\/uploads\\\/2026\\\/02\\\/instagram_grid_matched_teddy.webp\",\"width\":1080,\"height\":1080},{\"@type\":\"BreadcrumbList\",\"@id\":\"https:\\\/\\\/www.jootjeshaakcadeautjes.nl\\\/de\\\/produkt\\\/silikonperle-gruskarte-gravur-lehrer-mit-blumendruck-kopie-kopie-2\\\/#breadcrumb\",\"itemListElement\":[{\"@type\":\"ListItem\",\"position\":1,\"name\":\"Startseite\",\"item\":\"https:\\\/\\\/www.jootjeshaakcadeautjes.nl\\\/de\\\/\"},{\"@type\":\"ListItem\",\"position\":2,\"name\":\"Gro\u00dfhandel mit Silikonperlen &#8211; Business und Consumer\",\"item\":\"https:\\\/\\\/www.jootjeshaakcadeautjes.nl\\\/de\\\/shop\\\/\"},{\"@type\":\"ListItem\",\"position\":3,\"name\":\"Silikonperle &#8211; Gru\u00dfkarte &#8211; Gravur &#8211; Teddyb\u00e4r\"}]},{\"@type\":\"WebSite\",\"@id\":\"https:\\\/\\\/www.jootjeshaakcadeautjes.nl\\\/de\\\/#website\",\"url\":\"https:\\\/\\\/www.jootjeshaakcadeautjes.nl\\\/de\\\/\",\"name\":\"Jootjes Haakcadeautjes\",\"description\":\"Silikonperlen Gro\u00dfhandel \",\"publisher\":{\"@id\":\"https:\\\/\\\/www.jootjeshaakcadeautjes.nl\\\/de\\\/#organization\"},\"potentialAction\":[{\"@type\":\"SearchAction\",\"target\":{\"@type\":\"EntryPoint\",\"urlTemplate\":\"https:\\\/\\\/www.jootjeshaakcadeautjes.nl\\\/de\\\/?s={search_term_string}\"},\"query-input\":{\"@type\":\"PropertyValueSpecification\",\"valueRequired\":true,\"valueName\":\"search_term_string\"}}],\"inLanguage\":\"de\"},{\"@type\":\"Organization\",\"@id\":\"https:\\\/\\\/www.jootjeshaakcadeautjes.nl\\\/de\\\/#organization\",\"name\":\"Jootjes Haakcadeautjes\",\"url\":\"https:\\\/\\\/www.jootjeshaakcadeautjes.nl\\\/de\\\/\",\"logo\":{\"@type\":\"ImageObject\",\"inLanguage\":\"de\",\"@id\":\"https:\\\/\\\/www.jootjeshaakcadeautjes.nl\\\/de\\\/#\\\/schema\\\/logo\\\/image\\\/\",\"url\":\"https:\\\/\\\/jootjes-haakcadeautjes-media.s3.amazonaws.com\\\/wp-content\\\/uploads\\\/2023\\\/05\\\/Logo-rond.png\",\"contentUrl\":\"https:\\\/\\\/jootjes-haakcadeautjes-media.s3.amazonaws.com\\\/wp-content\\\/uploads\\\/2023\\\/05\\\/Logo-rond.png\",\"width\":1222,\"height\":1222,\"caption\":\"Jootjes Haakcadeautjes\"},\"image\":{\"@id\":\"https:\\\/\\\/www.jootjeshaakcadeautjes.nl\\\/de\\\/#\\\/schema\\\/logo\\\/image\\\/\"}}]}<\/script>\n<meta property=\"og:availability\" content=\"instock\" \/>\n<meta property=\"product:availability\" content=\"instock\" \/>\n<meta property=\"product:retailer_item_id\" content=\"GWENS-TEDDY\" \/>\n<meta property=\"product:condition\" content=\"new\" \/>\n<!-- \/ Yoast SEO Premium plugin. -->","yoast_head_json":{"title":"Silikonperle - Wunschzettel - Teddyb\u00e4r | Jootjes","description":"Gravierte Silikonperlen in Form einer Wunschm\u00fcnze mit einem s\u00fc\u00dfen Teddyb\u00e4r. Super s\u00fc\u00df f\u00fcr die Herstellung eigener Schl\u00fcsselanh\u00e4nger.","robots":{"index":"index","follow":"follow","max-snippet":"max-snippet:-1","max-image-preview":"max-image-preview:large","max-video-preview":"max-video-preview:-1"},"canonical":"https:\/\/www.jootjeshaakcadeautjes.nl\/de\/produkt\/silikonperle-gruskarte-gravur-lehrer-mit-blumendruck-kopie-kopie-2\/","og_locale":"de_DE","og_type":"article","og_title":"Silikonperle - Gru\u00dfkarte - Gravur - Teddyb\u00e4r","og_description":"Gravierte Silikonperlen in Form einer Wunschm\u00fcnze mit einem s\u00fc\u00dfen Teddyb\u00e4r. Super s\u00fc\u00df f\u00fcr die Herstellung eigener Schl\u00fcsselanh\u00e4nger.","og_url":"https:\/\/www.jootjeshaakcadeautjes.nl\/de\/produkt\/silikonperle-gruskarte-gravur-lehrer-mit-blumendruck-kopie-kopie-2\/","og_site_name":"Jootjes Haakcadeautjes","article_modified_time":"2026-04-20T09:18:32+00:00","og_image":[{"width":1080,"height":1080,"url":"https:\/\/d1dyryakdmle7o.cloudfront.net\/wp-content\/uploads\/2026\/02\/instagram_grid_matched_teddy.webp","type":"image\/webp"}],"twitter_card":"summary_large_image","twitter_misc":{"Verf\u00fcgbarkeit":"Auf Lager"},"schema":{"@context":"https:\/\/schema.org","@graph":[{"@type":"WebPage","@id":"https:\/\/www.jootjeshaakcadeautjes.nl\/de\/produkt\/silikonperle-gruskarte-gravur-lehrer-mit-blumendruck-kopie-kopie-2\/","url":"https:\/\/www.jootjeshaakcadeautjes.nl\/de\/produkt\/silikonperle-gruskarte-gravur-lehrer-mit-blumendruck-kopie-kopie-2\/","name":"Silikonperle - Wunschzettel - Teddyb\u00e4r | Jootjes","isPartOf":{"@id":"https:\/\/www.jootjeshaakcadeautjes.nl\/de\/#website"},"primaryImageOfPage":{"@id":"https:\/\/www.jootjeshaakcadeautjes.nl\/de\/produkt\/silikonperle-gruskarte-gravur-lehrer-mit-blumendruck-kopie-kopie-2\/#primaryimage"},"image":{"@id":"https:\/\/www.jootjeshaakcadeautjes.nl\/de\/produkt\/silikonperle-gruskarte-gravur-lehrer-mit-blumendruck-kopie-kopie-2\/#primaryimage"},"thumbnailUrl":"https:\/\/d1dyryakdmle7o.cloudfront.net\/wp-content\/uploads\/2026\/02\/instagram_grid_matched_teddy.webp","datePublished":"2026-02-07T14:06:31+00:00","dateModified":"2026-04-20T09:18:32+00:00","description":"Gravierte Silikonperlen in Form einer Wunschm\u00fcnze mit einem s\u00fc\u00dfen Teddyb\u00e4r. Super s\u00fc\u00df f\u00fcr die Herstellung eigener Schl\u00fcsselanh\u00e4nger.","breadcrumb":{"@id":"https:\/\/www.jootjeshaakcadeautjes.nl\/de\/produkt\/silikonperle-gruskarte-gravur-lehrer-mit-blumendruck-kopie-kopie-2\/#breadcrumb"},"inLanguage":"de","potentialAction":[{"@type":"ReadAction","target":["https:\/\/www.jootjeshaakcadeautjes.nl\/de\/produkt\/silikonperle-gruskarte-gravur-lehrer-mit-blumendruck-kopie-kopie-2\/"]}]},{"@type":"ImageObject","inLanguage":"de","@id":"https:\/\/www.jootjeshaakcadeautjes.nl\/de\/produkt\/silikonperle-gruskarte-gravur-lehrer-mit-blumendruck-kopie-kopie-2\/#primaryimage","url":"https:\/\/d1dyryakdmle7o.cloudfront.net\/wp-content\/uploads\/2026\/02\/instagram_grid_matched_teddy.webp","contentUrl":"https:\/\/d1dyryakdmle7o.cloudfront.net\/wp-content\/uploads\/2026\/02\/instagram_grid_matched_teddy.webp","width":1080,"height":1080},{"@type":"BreadcrumbList","@id":"https:\/\/www.jootjeshaakcadeautjes.nl\/de\/produkt\/silikonperle-gruskarte-gravur-lehrer-mit-blumendruck-kopie-kopie-2\/#breadcrumb","itemListElement":[{"@type":"ListItem","position":1,"name":"Startseite","item":"https:\/\/www.jootjeshaakcadeautjes.nl\/de\/"},{"@type":"ListItem","position":2,"name":"Gro\u00dfhandel mit Silikonperlen &#8211; Business und Consumer","item":"https:\/\/www.jootjeshaakcadeautjes.nl\/de\/shop\/"},{"@type":"ListItem","position":3,"name":"Silikonperle &#8211; Gru\u00dfkarte &#8211; Gravur &#8211; Teddyb\u00e4r"}]},{"@type":"WebSite","@id":"https:\/\/www.jootjeshaakcadeautjes.nl\/de\/#website","url":"https:\/\/www.jootjeshaakcadeautjes.nl\/de\/","name":"Jootjes Haakcadeautjes","description":"Silikonperlen Gro\u00dfhandel ","publisher":{"@id":"https:\/\/www.jootjeshaakcadeautjes.nl\/de\/#organization"},"potentialAction":[{"@type":"SearchAction","target":{"@type":"EntryPoint","urlTemplate":"https:\/\/www.jootjeshaakcadeautjes.nl\/de\/?s={search_term_string}"},"query-input":{"@type":"PropertyValueSpecification","valueRequired":true,"valueName":"search_term_string"}}],"inLanguage":"de"},{"@type":"Organization","@id":"https:\/\/www.jootjeshaakcadeautjes.nl\/de\/#organization","name":"Jootjes Haakcadeautjes","url":"https:\/\/www.jootjeshaakcadeautjes.nl\/de\/","logo":{"@type":"ImageObject","inLanguage":"de","@id":"https:\/\/www.jootjeshaakcadeautjes.nl\/de\/#\/schema\/logo\/image\/","url":"https:\/\/jootjes-haakcadeautjes-media.s3.amazonaws.com\/wp-content\/uploads\/2023\/05\/Logo-rond.png","contentUrl":"https:\/\/jootjes-haakcadeautjes-media.s3.amazonaws.com\/wp-content\/uploads\/2023\/05\/Logo-rond.png","width":1222,"height":1222,"caption":"Jootjes Haakcadeautjes"},"image":{"@id":"https:\/\/www.jootjeshaakcadeautjes.nl\/de\/#\/schema\/logo\/image\/"}}]},"og_availability":"instock","product_availability":"instock","product_retailer_item_id":"GWENS-TEDDY","product_condition":"new"},"_links":{"self":[{"href":"https:\/\/www.jootjeshaakcadeautjes.nl\/de\/wp-json\/wp\/v2\/product\/270121","targetHints":{"allow":["GET"]}}],"collection":[{"href":"https:\/\/www.jootjeshaakcadeautjes.nl\/de\/wp-json\/wp\/v2\/product"}],"about":[{"href":"https:\/\/www.jootjeshaakcadeautjes.nl\/de\/wp-json\/wp\/v2\/types\/product"}],"version-history":[{"count":1,"href":"https:\/\/www.jootjeshaakcadeautjes.nl\/de\/wp-json\/wp\/v2\/product\/270121\/revisions"}],"predecessor-version":[{"id":271780,"href":"https:\/\/www.jootjeshaakcadeautjes.nl\/de\/wp-json\/wp\/v2\/product\/270121\/revisions\/271780"}],"wp:featuredmedia":[{"embeddable":true,"href":"https:\/\/www.jootjeshaakcadeautjes.nl\/de\/wp-json\/wp\/v2\/media\/270193"}],"wp:attachment":[{"href":"https:\/\/www.jootjeshaakcadeautjes.nl\/de\/wp-json\/wp\/v2\/media?parent=270121"}],"wp:term":[{"taxonomy":"product_brand","embeddable":true,"href":"https:\/\/www.jootjeshaakcadeautjes.nl\/de\/wp-json\/wp\/v2\/product_brand?post=270121"},{"taxonomy":"product_cat","embeddable":true,"href":"https:\/\/www.jootjeshaakcadeautjes.nl\/de\/wp-json\/wp\/v2\/product_cat?post=270121"},{"taxonomy":"product_tag","embeddable":true,"href":"https:\/\/www.jootjeshaakcadeautjes.nl\/de\/wp-json\/wp\/v2\/product_tag?post=270121"}],"curies":[{"name":"wp","href":"https:\/\/api.w.org\/{rel}","templated":true}]}}