{"id":273055,"date":"2026-02-19T15:42:47","date_gmt":"2026-02-19T13:42:47","guid":{"rendered":"https:\/\/www.jootjeshaakcadeautjes.nl\/?post_type=product&#038;p=273055"},"modified":"2026-04-20T11:17:56","modified_gmt":"2026-04-20T09:17:56","slug":"flaschenoffner-bieroffner-ruderbar-kopie-kopie-kopie-kopie-kopie","status":"publish","type":"product","link":"https:\/\/www.jootjeshaakcadeautjes.nl\/de\/produkt\/flaschenoffner-bieroffner-ruderbar-kopie-kopie-kopie-kopie-kopie\/","title":{"rendered":"Auff\u00e4delbarer Kamm &#8211; Baby\/Kleinkind &#8211; Alte Spitze"},"content":{"rendered":"<h2>Auff\u00e4delbarer Kamm &#8211; Baby Kleinkind &#8211; Alte Spitze<\/h2>\n<p>Dieser Bastelkamm ist ein perfektes Geschenk f\u00fcr die Feiertage oder die Geburt. Von Silikonperlen \u00fcber Holzperlen bis hin zu eingravierten Perlen mit spezieller Botschaft k\u00f6nnen Sie die ganze Vielfalt erleben. Tolle Geschenke f\u00fcr V\u00e4ter, M\u00fctter, Opas und Omas, aber auch f\u00fcr Kollegen, Weihnachten, Urlaub und mehr!<\/p>\n","protected":false},"excerpt":{"rendered":"<p>Typ: Auff\u00e4delbarer Kamm &#8211; Baby Kleinkind &#8211; Alte Spitze<br \/>\nAlle Perlen passen zu diesem Auff\u00e4delbaren Kamm &#8211; Baby Kleinkind &#8211; Alte Spitze<\/p>\n","protected":false},"featured_media":273356,"template":"","meta":[],"product_brand":[],"product_cat":[7194,8247,18094,7184,7191,7186],"product_tag":[8483,7226,7510,8762,9050,9058,9056,7919,9470,8250,8373,8562,8050,7199,7229,9054,7211,9055],"class_list":{"0":"post-273055","1":"product","2":"type-product","3":"status-publish","4":"has-post-thumbnail","6":"product_cat-basteable-produkte-alle-basteable-produkte","7":"product_cat-bastelmaterial-hakelzubehor","8":"product_cat-beadables-und-diy-artikel-weihnachten","9":"product_cat-neue-produkte","10":"product_cat-vollstandige-palette","11":"product_cat-weinkorken-und-flaschenoffner-mit-gewinde","12":"product_tag-alte-spitze","13":"product_tag-aufreihbar","14":"product_tag-baby-de","15":"product_tag-gegenwart","16":"product_tag-gegenwart-de","17":"product_tag-gelaserte-perlen","18":"product_tag-gemacht","19":"product_tag-grose","20":"product_tag-heften","21":"product_tag-holzperlen","22":"product_tag-kamm","23":"product_tag-kleinkind","24":"product_tag-offner","25":"product_tag-perlen","26":"product_tag-personalisierung","27":"product_tag-personlich","28":"product_tag-silikon","29":"product_tag-unter-de","31":"first","32":"instock","33":"taxable","34":"shipping-taxable","35":"purchasable","36":"product-type-simple"},"bundled_by":[],"bundle_stock_status":"instock","bundle_stock_quantity":269,"bundle_virtual":false,"bundle_layout":"","bundle_add_to_cart_form_location":"","bundle_editable_in_cart":false,"bundle_sold_individually_context":"","bundle_item_grouping":"","bundle_min_size":"","bundle_max_size":"","bundle_price":[],"bundled_items":[],"bundle_sell_ids":[],"yoast_head":"<!-- This site is optimized with the Yoast SEO Premium plugin v26.4 (Yoast SEO v27.4) - https:\/\/yoast.com\/product\/yoast-seo-premium-wordpress\/ -->\n<title>Auff\u00e4delbarer Kamm - Baby\/Kleinkind - Alte Spitze - Jootjes Haakcadeautjes<\/title>\n<meta name=\"description\" content=\"Auff\u00e4delbarer Kamm - Baby Toddler - Old Lace zum Verzieren mit Silikon und Holzperlen. Das Geschenk von heute! Ein Geschenk nach Ma\u00df!\" \/>\n<meta name=\"robots\" content=\"index, follow, max-snippet:-1, max-image-preview:large, max-video-preview:-1\" \/>\n<link rel=\"canonical\" href=\"https:\/\/www.jootjeshaakcadeautjes.nl\/de\/produkt\/flaschenoffner-bieroffner-ruderbar-kopie-kopie-kopie-kopie-kopie\/\" \/>\n<meta property=\"og:locale\" content=\"de_DE\" \/>\n<meta property=\"og:type\" content=\"article\" \/>\n<meta property=\"og:title\" content=\"Auff\u00e4delbarer Kamm - Baby\/Kleinkind - Alte Spitze\" \/>\n<meta property=\"og:description\" content=\"Auff\u00e4delbarer Kamm - Baby Toddler - Old Lace zum Verzieren mit Silikon und Holzperlen. Das Geschenk von heute! Ein Geschenk nach Ma\u00df!\" \/>\n<meta property=\"og:url\" content=\"https:\/\/www.jootjeshaakcadeautjes.nl\/de\/produkt\/flaschenoffner-bieroffner-ruderbar-kopie-kopie-kopie-kopie-kopie\/\" \/>\n<meta property=\"og:site_name\" content=\"Jootjes Haakcadeautjes\" \/>\n<meta property=\"article:modified_time\" content=\"2026-04-20T09:17:56+00:00\" \/>\n<meta property=\"og:image\" content=\"https:\/\/d1dyryakdmle7o.cloudfront.net\/wp-content\/uploads\/2026\/02\/20260222_185503.webp\" \/>\n\t<meta property=\"og:image:width\" content=\"1622\" \/>\n\t<meta property=\"og:image:height\" content=\"1622\" \/>\n\t<meta property=\"og:image:type\" content=\"image\/webp\" \/>\n<meta name=\"twitter:card\" content=\"summary_large_image\" \/>\n<meta name=\"twitter:label1\" content=\"Preis\" \/>\n\t<meta name=\"twitter:data1\" content=\"&euro;0.99 inkl. MwSt.\" \/>\n\t<meta name=\"twitter:label2\" content=\"Verf\u00fcgbarkeit\" \/>\n\t<meta name=\"twitter:data2\" content=\"Auf Lager\" \/>\n<script type=\"application\/ld+json\" class=\"yoast-schema-graph\">{\"@context\":\"https:\\\/\\\/schema.org\",\"@graph\":[{\"@type\":\"WebPage\",\"@id\":\"https:\\\/\\\/www.jootjeshaakcadeautjes.nl\\\/de\\\/produkt\\\/flaschenoffner-bieroffner-ruderbar-kopie-kopie-kopie-kopie-kopie\\\/\",\"url\":\"https:\\\/\\\/www.jootjeshaakcadeautjes.nl\\\/de\\\/produkt\\\/flaschenoffner-bieroffner-ruderbar-kopie-kopie-kopie-kopie-kopie\\\/\",\"name\":\"Auff\u00e4delbarer Kamm - Baby\\\/Kleinkind - Alte Spitze - Jootjes Haakcadeautjes\",\"isPartOf\":{\"@id\":\"https:\\\/\\\/www.jootjeshaakcadeautjes.nl\\\/de\\\/#website\"},\"primaryImageOfPage\":{\"@id\":\"https:\\\/\\\/www.jootjeshaakcadeautjes.nl\\\/de\\\/produkt\\\/flaschenoffner-bieroffner-ruderbar-kopie-kopie-kopie-kopie-kopie\\\/#primaryimage\"},\"image\":{\"@id\":\"https:\\\/\\\/www.jootjeshaakcadeautjes.nl\\\/de\\\/produkt\\\/flaschenoffner-bieroffner-ruderbar-kopie-kopie-kopie-kopie-kopie\\\/#primaryimage\"},\"thumbnailUrl\":\"https:\\\/\\\/d1dyryakdmle7o.cloudfront.net\\\/wp-content\\\/uploads\\\/2026\\\/02\\\/20260222_185503.webp\",\"datePublished\":\"2026-02-19T13:42:47+00:00\",\"dateModified\":\"2026-04-20T09:17:56+00:00\",\"description\":\"Auff\u00e4delbarer Kamm - Baby Toddler - Old Lace zum Verzieren mit Silikon und Holzperlen. Das Geschenk von heute! Ein Geschenk nach Ma\u00df!\",\"breadcrumb\":{\"@id\":\"https:\\\/\\\/www.jootjeshaakcadeautjes.nl\\\/de\\\/produkt\\\/flaschenoffner-bieroffner-ruderbar-kopie-kopie-kopie-kopie-kopie\\\/#breadcrumb\"},\"inLanguage\":\"de\",\"potentialAction\":[{\"@type\":\"ReadAction\",\"target\":[\"https:\\\/\\\/www.jootjeshaakcadeautjes.nl\\\/de\\\/produkt\\\/flaschenoffner-bieroffner-ruderbar-kopie-kopie-kopie-kopie-kopie\\\/\"]}]},{\"@type\":\"ImageObject\",\"inLanguage\":\"de\",\"@id\":\"https:\\\/\\\/www.jootjeshaakcadeautjes.nl\\\/de\\\/produkt\\\/flaschenoffner-bieroffner-ruderbar-kopie-kopie-kopie-kopie-kopie\\\/#primaryimage\",\"url\":\"https:\\\/\\\/d1dyryakdmle7o.cloudfront.net\\\/wp-content\\\/uploads\\\/2026\\\/02\\\/20260222_185503.webp\",\"contentUrl\":\"https:\\\/\\\/d1dyryakdmle7o.cloudfront.net\\\/wp-content\\\/uploads\\\/2026\\\/02\\\/20260222_185503.webp\",\"width\":1622,\"height\":1622},{\"@type\":\"BreadcrumbList\",\"@id\":\"https:\\\/\\\/www.jootjeshaakcadeautjes.nl\\\/de\\\/produkt\\\/flaschenoffner-bieroffner-ruderbar-kopie-kopie-kopie-kopie-kopie\\\/#breadcrumb\",\"itemListElement\":[{\"@type\":\"ListItem\",\"position\":1,\"name\":\"Startseite\",\"item\":\"https:\\\/\\\/www.jootjeshaakcadeautjes.nl\\\/de\\\/\"},{\"@type\":\"ListItem\",\"position\":2,\"name\":\"Gro\u00dfhandel mit Silikonperlen &#8211; Business und Consumer\",\"item\":\"https:\\\/\\\/www.jootjeshaakcadeautjes.nl\\\/de\\\/shop\\\/\"},{\"@type\":\"ListItem\",\"position\":3,\"name\":\"Auff\u00e4delbarer Kamm &#8211; Baby\\\/Kleinkind &#8211; Alte Spitze\"}]},{\"@type\":\"WebSite\",\"@id\":\"https:\\\/\\\/www.jootjeshaakcadeautjes.nl\\\/de\\\/#website\",\"url\":\"https:\\\/\\\/www.jootjeshaakcadeautjes.nl\\\/de\\\/\",\"name\":\"Jootjes Haakcadeautjes\",\"description\":\"Silikonperlen Gro\u00dfhandel \",\"publisher\":{\"@id\":\"https:\\\/\\\/www.jootjeshaakcadeautjes.nl\\\/de\\\/#organization\"},\"potentialAction\":[{\"@type\":\"SearchAction\",\"target\":{\"@type\":\"EntryPoint\",\"urlTemplate\":\"https:\\\/\\\/www.jootjeshaakcadeautjes.nl\\\/de\\\/?s={search_term_string}\"},\"query-input\":{\"@type\":\"PropertyValueSpecification\",\"valueRequired\":true,\"valueName\":\"search_term_string\"}}],\"inLanguage\":\"de\"},{\"@type\":\"Organization\",\"@id\":\"https:\\\/\\\/www.jootjeshaakcadeautjes.nl\\\/de\\\/#organization\",\"name\":\"Jootjes Haakcadeautjes\",\"url\":\"https:\\\/\\\/www.jootjeshaakcadeautjes.nl\\\/de\\\/\",\"logo\":{\"@type\":\"ImageObject\",\"inLanguage\":\"de\",\"@id\":\"https:\\\/\\\/www.jootjeshaakcadeautjes.nl\\\/de\\\/#\\\/schema\\\/logo\\\/image\\\/\",\"url\":\"https:\\\/\\\/jootjes-haakcadeautjes-media.s3.amazonaws.com\\\/wp-content\\\/uploads\\\/2023\\\/05\\\/Logo-rond.png\",\"contentUrl\":\"https:\\\/\\\/jootjes-haakcadeautjes-media.s3.amazonaws.com\\\/wp-content\\\/uploads\\\/2023\\\/05\\\/Logo-rond.png\",\"width\":1222,\"height\":1222,\"caption\":\"Jootjes Haakcadeautjes\"},\"image\":{\"@id\":\"https:\\\/\\\/www.jootjeshaakcadeautjes.nl\\\/de\\\/#\\\/schema\\\/logo\\\/image\\\/\"}}]}<\/script>\n<meta property=\"product:price:amount\" content=\"0.99\" \/>\n<meta property=\"product:price:currency\" content=\"EUR\" \/>\n<meta property=\"og:availability\" content=\"instock\" \/>\n<meta property=\"product:availability\" content=\"instock\" \/>\n<meta property=\"product:retailer_item_id\" content=\"RGB-KAM-OLL\" \/>\n<meta property=\"product:condition\" content=\"new\" \/>\n<!-- \/ Yoast SEO Premium plugin. -->","yoast_head_json":{"title":"Auff\u00e4delbarer Kamm - Baby\/Kleinkind - Alte Spitze - Jootjes Haakcadeautjes","description":"Auff\u00e4delbarer Kamm - Baby Toddler - Old Lace zum Verzieren mit Silikon und Holzperlen. Das Geschenk von heute! Ein Geschenk nach Ma\u00df!","robots":{"index":"index","follow":"follow","max-snippet":"max-snippet:-1","max-image-preview":"max-image-preview:large","max-video-preview":"max-video-preview:-1"},"canonical":"https:\/\/www.jootjeshaakcadeautjes.nl\/de\/produkt\/flaschenoffner-bieroffner-ruderbar-kopie-kopie-kopie-kopie-kopie\/","og_locale":"de_DE","og_type":"article","og_title":"Auff\u00e4delbarer Kamm - Baby\/Kleinkind - Alte Spitze","og_description":"Auff\u00e4delbarer Kamm - Baby Toddler - Old Lace zum Verzieren mit Silikon und Holzperlen. Das Geschenk von heute! Ein Geschenk nach Ma\u00df!","og_url":"https:\/\/www.jootjeshaakcadeautjes.nl\/de\/produkt\/flaschenoffner-bieroffner-ruderbar-kopie-kopie-kopie-kopie-kopie\/","og_site_name":"Jootjes Haakcadeautjes","article_modified_time":"2026-04-20T09:17:56+00:00","og_image":[{"width":1622,"height":1622,"url":"https:\/\/d1dyryakdmle7o.cloudfront.net\/wp-content\/uploads\/2026\/02\/20260222_185503.webp","type":"image\/webp"}],"twitter_card":"summary_large_image","twitter_misc":{"Preis":"&euro;0.99 inkl. MwSt.","Verf\u00fcgbarkeit":"Auf Lager"},"schema":{"@context":"https:\/\/schema.org","@graph":[{"@type":"WebPage","@id":"https:\/\/www.jootjeshaakcadeautjes.nl\/de\/produkt\/flaschenoffner-bieroffner-ruderbar-kopie-kopie-kopie-kopie-kopie\/","url":"https:\/\/www.jootjeshaakcadeautjes.nl\/de\/produkt\/flaschenoffner-bieroffner-ruderbar-kopie-kopie-kopie-kopie-kopie\/","name":"Auff\u00e4delbarer Kamm - Baby\/Kleinkind - Alte Spitze - Jootjes Haakcadeautjes","isPartOf":{"@id":"https:\/\/www.jootjeshaakcadeautjes.nl\/de\/#website"},"primaryImageOfPage":{"@id":"https:\/\/www.jootjeshaakcadeautjes.nl\/de\/produkt\/flaschenoffner-bieroffner-ruderbar-kopie-kopie-kopie-kopie-kopie\/#primaryimage"},"image":{"@id":"https:\/\/www.jootjeshaakcadeautjes.nl\/de\/produkt\/flaschenoffner-bieroffner-ruderbar-kopie-kopie-kopie-kopie-kopie\/#primaryimage"},"thumbnailUrl":"https:\/\/d1dyryakdmle7o.cloudfront.net\/wp-content\/uploads\/2026\/02\/20260222_185503.webp","datePublished":"2026-02-19T13:42:47+00:00","dateModified":"2026-04-20T09:17:56+00:00","description":"Auff\u00e4delbarer Kamm - Baby Toddler - Old Lace zum Verzieren mit Silikon und Holzperlen. Das Geschenk von heute! Ein Geschenk nach Ma\u00df!","breadcrumb":{"@id":"https:\/\/www.jootjeshaakcadeautjes.nl\/de\/produkt\/flaschenoffner-bieroffner-ruderbar-kopie-kopie-kopie-kopie-kopie\/#breadcrumb"},"inLanguage":"de","potentialAction":[{"@type":"ReadAction","target":["https:\/\/www.jootjeshaakcadeautjes.nl\/de\/produkt\/flaschenoffner-bieroffner-ruderbar-kopie-kopie-kopie-kopie-kopie\/"]}]},{"@type":"ImageObject","inLanguage":"de","@id":"https:\/\/www.jootjeshaakcadeautjes.nl\/de\/produkt\/flaschenoffner-bieroffner-ruderbar-kopie-kopie-kopie-kopie-kopie\/#primaryimage","url":"https:\/\/d1dyryakdmle7o.cloudfront.net\/wp-content\/uploads\/2026\/02\/20260222_185503.webp","contentUrl":"https:\/\/d1dyryakdmle7o.cloudfront.net\/wp-content\/uploads\/2026\/02\/20260222_185503.webp","width":1622,"height":1622},{"@type":"BreadcrumbList","@id":"https:\/\/www.jootjeshaakcadeautjes.nl\/de\/produkt\/flaschenoffner-bieroffner-ruderbar-kopie-kopie-kopie-kopie-kopie\/#breadcrumb","itemListElement":[{"@type":"ListItem","position":1,"name":"Startseite","item":"https:\/\/www.jootjeshaakcadeautjes.nl\/de\/"},{"@type":"ListItem","position":2,"name":"Gro\u00dfhandel mit Silikonperlen &#8211; Business und Consumer","item":"https:\/\/www.jootjeshaakcadeautjes.nl\/de\/shop\/"},{"@type":"ListItem","position":3,"name":"Auff\u00e4delbarer Kamm &#8211; Baby\/Kleinkind &#8211; Alte Spitze"}]},{"@type":"WebSite","@id":"https:\/\/www.jootjeshaakcadeautjes.nl\/de\/#website","url":"https:\/\/www.jootjeshaakcadeautjes.nl\/de\/","name":"Jootjes Haakcadeautjes","description":"Silikonperlen Gro\u00dfhandel ","publisher":{"@id":"https:\/\/www.jootjeshaakcadeautjes.nl\/de\/#organization"},"potentialAction":[{"@type":"SearchAction","target":{"@type":"EntryPoint","urlTemplate":"https:\/\/www.jootjeshaakcadeautjes.nl\/de\/?s={search_term_string}"},"query-input":{"@type":"PropertyValueSpecification","valueRequired":true,"valueName":"search_term_string"}}],"inLanguage":"de"},{"@type":"Organization","@id":"https:\/\/www.jootjeshaakcadeautjes.nl\/de\/#organization","name":"Jootjes Haakcadeautjes","url":"https:\/\/www.jootjeshaakcadeautjes.nl\/de\/","logo":{"@type":"ImageObject","inLanguage":"de","@id":"https:\/\/www.jootjeshaakcadeautjes.nl\/de\/#\/schema\/logo\/image\/","url":"https:\/\/jootjes-haakcadeautjes-media.s3.amazonaws.com\/wp-content\/uploads\/2023\/05\/Logo-rond.png","contentUrl":"https:\/\/jootjes-haakcadeautjes-media.s3.amazonaws.com\/wp-content\/uploads\/2023\/05\/Logo-rond.png","width":1222,"height":1222,"caption":"Jootjes Haakcadeautjes"},"image":{"@id":"https:\/\/www.jootjeshaakcadeautjes.nl\/de\/#\/schema\/logo\/image\/"}}]},"product_price_amount":"0.99","product_price_currency":"EUR","og_availability":"instock","product_availability":"instock","product_retailer_item_id":"RGB-KAM-OLL","product_condition":"new"},"_links":{"self":[{"href":"https:\/\/www.jootjeshaakcadeautjes.nl\/de\/wp-json\/wp\/v2\/product\/273055","targetHints":{"allow":["GET"]}}],"collection":[{"href":"https:\/\/www.jootjeshaakcadeautjes.nl\/de\/wp-json\/wp\/v2\/product"}],"about":[{"href":"https:\/\/www.jootjeshaakcadeautjes.nl\/de\/wp-json\/wp\/v2\/types\/product"}],"version-history":[{"count":1,"href":"https:\/\/www.jootjeshaakcadeautjes.nl\/de\/wp-json\/wp\/v2\/product\/273055\/revisions"}],"predecessor-version":[{"id":279173,"href":"https:\/\/www.jootjeshaakcadeautjes.nl\/de\/wp-json\/wp\/v2\/product\/273055\/revisions\/279173"}],"wp:featuredmedia":[{"embeddable":true,"href":"https:\/\/www.jootjeshaakcadeautjes.nl\/de\/wp-json\/wp\/v2\/media\/273356"}],"wp:attachment":[{"href":"https:\/\/www.jootjeshaakcadeautjes.nl\/de\/wp-json\/wp\/v2\/media?parent=273055"}],"wp:term":[{"taxonomy":"product_brand","embeddable":true,"href":"https:\/\/www.jootjeshaakcadeautjes.nl\/de\/wp-json\/wp\/v2\/product_brand?post=273055"},{"taxonomy":"product_cat","embeddable":true,"href":"https:\/\/www.jootjeshaakcadeautjes.nl\/de\/wp-json\/wp\/v2\/product_cat?post=273055"},{"taxonomy":"product_tag","embeddable":true,"href":"https:\/\/www.jootjeshaakcadeautjes.nl\/de\/wp-json\/wp\/v2\/product_tag?post=273055"}],"curies":[{"name":"wp","href":"https:\/\/api.w.org\/{rel}","templated":true}]}}