{"id":274021,"date":"2026-03-05T17:40:06","date_gmt":"2026-03-05T16:40:06","guid":{"rendered":"https:\/\/www.jootjeshaakcadeautjes.nl\/?post_type=product&#038;p=274021"},"modified":"2026-04-20T11:17:52","modified_gmt":"2026-04-20T09:17:52","slug":"schlusselanhanger-clip-on-ring-18-mm-silber-kopie-3","status":"publish","type":"product","link":"https:\/\/www.jootjeshaakcadeautjes.nl\/de\/produkt\/schlusselanhanger-clip-on-ring-18-mm-silber-kopie-3\/","title":{"rendered":"Schl\u00fcsselanh\u00e4nger &#8211; Clip on ring &#8211; 18 mm &#8211; Gold"},"content":{"rendered":"<h3>Schl\u00fcsselanh\u00e4nger &#8211; Clip on ring &#8211; Gold<\/h3>\n<p>Spezifikationen:<\/p>\n<ul>\n<li>\u00c4u\u00dfere Abmessungen: 18 mm<\/li>\n<li>Innenma\u00df: 10 mm<\/li>\n<\/ul>\n<h3>Verwendung:<\/h3>\n<p>Diese Clip-on Ringe in der Farbe Gold sind weit verbreitet, z.B. als Zwischenst\u00fcck f\u00fcr Clip-on Design\/Schl\u00fcssel. Zum Beispiel Schl\u00fcsselanh\u00e4nger aus Holz- und Silikonperlen oder Taschenaufh\u00e4nger mit oder ohne Namen. Wenn man sie an einem Musketenhaken befestigt, kann man sie leicht an einer Tasche oder an einem Schl\u00fcsselbund aufh\u00e4ngen. Au\u00dferdem sind sie leicht herzustellen, so dass der gesamte Prozess nicht allzu viel Zeit in Anspruch nimmt.<\/p>\n<p>Diese Clip-on-Ringe werden auch h\u00e4ufig f\u00fcr geh\u00e4kelte Schl\u00fcsselanh\u00e4nger oder Taschenanh\u00e4nger aus Holz- und Silikonperlen verwendet. Daran kann dann auch ein kleines Pl\u00fcschtier befestigt werden, wie z. B. ein kleiner Pilz, geh\u00e4kelte Obstst\u00fccke (Kirschen oder andere) oder kleine geh\u00e4kelte Enten. Der Clip hat keinen Schalter, sondern wird einfach nur auf das Scharnier gedr\u00fcckt.<\/p>\n","protected":false},"excerpt":{"rendered":"<p>Farbe: Gold<\/p>\n<p>Format:<\/p>\n<p>18 mm Au\u00dfenma\u00df,<\/p>\n<p>10 mm Innenma\u00df.<\/p>\n<p>Material: rostfreier Stahl<\/p>\n<p>Ideal zur Herstellung eines geh\u00e4kelten Schl\u00fcsselanh\u00e4ngers oder Gl\u00fccksbringers oder eines handgefertigten Schl\u00fcsselanh\u00e4ngers oder Taschenanh\u00e4ngers aus Holz- oder Silikonperlen mit oder ohne Namen. Zum Beispiel f\u00fcr eine Sporttasche.<\/p>\n","protected":false},"featured_media":99563,"template":"","meta":[],"product_brand":[],"product_cat":[8247,8267,8262],"product_tag":[8763,9735,14226,7208,8284,8268,8272,8285,8278,7444,8275,14228,14980],"class_list":{"0":"post-274021","1":"product","2":"type-product","3":"status-publish","4":"has-post-thumbnail","6":"product_cat-bastelmaterial-hakelzubehor","7":"product_cat-lucky-dolls-diy-perlen-und-zubehor","8":"product_cat-schlusselanhanger-und-haken","9":"product_tag-10-mm-de","10":"product_tag-18-mm-de","11":"product_tag-anschnallen","12":"product_tag-gluckspuppe","13":"product_tag-gold-de","14":"product_tag-hakchen","15":"product_tag-metall","16":"product_tag-musketenhaken","17":"product_tag-musketeon","18":"product_tag-schlusselanhanger","19":"product_tag-stab","20":"product_tag-taschen-de","21":"product_tag-telefon-anhanger","23":"first","24":"instock","25":"taxable","26":"shipping-taxable","27":"purchasable","28":"product-type-simple"},"bundled_by":["220870","221050","229918","220812"],"bundle_stock_status":"instock","bundle_stock_quantity":362,"bundle_virtual":false,"bundle_layout":"","bundle_add_to_cart_form_location":"","bundle_editable_in_cart":false,"bundle_sold_individually_context":"","bundle_item_grouping":"","bundle_min_size":"","bundle_max_size":"","bundle_price":[],"bundled_items":[],"bundle_sell_ids":[],"yoast_head":"<!-- This site is optimized with the Yoast SEO Premium plugin v27.4 (Yoast SEO v27.5) - https:\/\/yoast.com\/product\/yoast-seo-premium-wordpress\/ -->\n<title>Schl\u00fcsselanh\u00e4nger - Clip on ring - Gold |Jootjes<\/title>\n<meta name=\"description\" content=\"Schl\u00fcsselanh\u00e4nger mit Musketenhaken mini zur Herstellung von Gl\u00fccksbringern, geh\u00e4kelten Schl\u00fcsselanh\u00e4ngern, Schl\u00fcssel- oder Taschenanh\u00e4ngern aus Holz oder Silikon.\" \/>\n<meta name=\"robots\" content=\"index, follow, max-snippet:-1, max-image-preview:large, max-video-preview:-1\" \/>\n<link rel=\"canonical\" href=\"https:\/\/www.jootjeshaakcadeautjes.nl\/de\/produkt\/schlusselanhanger-clip-on-ring-18-mm-silber-kopie-3\/\" \/>\n<meta property=\"og:locale\" content=\"de_DE\" \/>\n<meta property=\"og:type\" content=\"article\" \/>\n<meta property=\"og:title\" content=\"Schl\u00fcsselanh\u00e4nger - Clip on ring - 18 mm - Gold\" \/>\n<meta property=\"og:description\" content=\"Schl\u00fcsselanh\u00e4nger mit Musketenhaken mini zur Herstellung von Gl\u00fccksbringern, geh\u00e4kelten Schl\u00fcsselanh\u00e4ngern, Schl\u00fcssel- oder Taschenanh\u00e4ngern aus Holz oder Silikon.\" \/>\n<meta property=\"og:url\" content=\"https:\/\/www.jootjeshaakcadeautjes.nl\/de\/produkt\/schlusselanhanger-clip-on-ring-18-mm-silber-kopie-3\/\" \/>\n<meta property=\"og:site_name\" content=\"Jootjes Haakcadeautjes\" \/>\n<meta property=\"article:modified_time\" content=\"2026-04-20T09:17:52+00:00\" \/>\n<meta property=\"og:image\" content=\"https:\/\/d1dyryakdmle7o.cloudfront.net\/wp-content\/uploads\/2023\/08\/Foto-volgt-1.jpg\" \/>\n\t<meta property=\"og:image:width\" content=\"1080\" \/>\n\t<meta property=\"og:image:height\" content=\"1080\" \/>\n\t<meta property=\"og:image:type\" content=\"image\/jpeg\" \/>\n<meta name=\"twitter:card\" content=\"summary_large_image\" \/>\n<meta name=\"twitter:label1\" content=\"Preis\" \/>\n\t<meta name=\"twitter:data1\" content=\"&euro;0.35 inkl. MwSt.\" \/>\n\t<meta name=\"twitter:label2\" content=\"Verf\u00fcgbarkeit\" \/>\n\t<meta name=\"twitter:data2\" content=\"Auf Lager\" \/>\n<script type=\"application\/ld+json\" class=\"yoast-schema-graph\">{\"@context\":\"https:\\\/\\\/schema.org\",\"@graph\":[{\"@type\":\"WebPage\",\"@id\":\"https:\\\/\\\/www.jootjeshaakcadeautjes.nl\\\/de\\\/produkt\\\/schlusselanhanger-clip-on-ring-18-mm-silber-kopie-3\\\/\",\"url\":\"https:\\\/\\\/www.jootjeshaakcadeautjes.nl\\\/de\\\/produkt\\\/schlusselanhanger-clip-on-ring-18-mm-silber-kopie-3\\\/\",\"name\":\"Schl\u00fcsselanh\u00e4nger - Clip on ring - Gold |Jootjes\",\"isPartOf\":{\"@id\":\"https:\\\/\\\/www.jootjeshaakcadeautjes.nl\\\/de\\\/#website\"},\"primaryImageOfPage\":{\"@id\":\"https:\\\/\\\/www.jootjeshaakcadeautjes.nl\\\/de\\\/produkt\\\/schlusselanhanger-clip-on-ring-18-mm-silber-kopie-3\\\/#primaryimage\"},\"image\":{\"@id\":\"https:\\\/\\\/www.jootjeshaakcadeautjes.nl\\\/de\\\/produkt\\\/schlusselanhanger-clip-on-ring-18-mm-silber-kopie-3\\\/#primaryimage\"},\"thumbnailUrl\":\"https:\\\/\\\/d1dyryakdmle7o.cloudfront.net\\\/wp-content\\\/uploads\\\/2023\\\/08\\\/Foto-volgt-1.jpg\",\"datePublished\":\"2026-03-05T16:40:06+00:00\",\"dateModified\":\"2026-04-20T09:17:52+00:00\",\"description\":\"Schl\u00fcsselanh\u00e4nger mit Musketenhaken mini zur Herstellung von Gl\u00fccksbringern, geh\u00e4kelten Schl\u00fcsselanh\u00e4ngern, Schl\u00fcssel- oder Taschenanh\u00e4ngern aus Holz oder Silikon.\",\"breadcrumb\":{\"@id\":\"https:\\\/\\\/www.jootjeshaakcadeautjes.nl\\\/de\\\/produkt\\\/schlusselanhanger-clip-on-ring-18-mm-silber-kopie-3\\\/#breadcrumb\"},\"inLanguage\":\"de\",\"potentialAction\":[{\"@type\":\"ReadAction\",\"target\":[\"https:\\\/\\\/www.jootjeshaakcadeautjes.nl\\\/de\\\/produkt\\\/schlusselanhanger-clip-on-ring-18-mm-silber-kopie-3\\\/\"]}]},{\"@type\":\"ImageObject\",\"inLanguage\":\"de\",\"@id\":\"https:\\\/\\\/www.jootjeshaakcadeautjes.nl\\\/de\\\/produkt\\\/schlusselanhanger-clip-on-ring-18-mm-silber-kopie-3\\\/#primaryimage\",\"url\":\"https:\\\/\\\/d1dyryakdmle7o.cloudfront.net\\\/wp-content\\\/uploads\\\/2023\\\/08\\\/Foto-volgt-1.jpg\",\"contentUrl\":\"https:\\\/\\\/d1dyryakdmle7o.cloudfront.net\\\/wp-content\\\/uploads\\\/2023\\\/08\\\/Foto-volgt-1.jpg\",\"width\":1080,\"height\":1080,\"caption\":\"folgt\"},{\"@type\":\"BreadcrumbList\",\"@id\":\"https:\\\/\\\/www.jootjeshaakcadeautjes.nl\\\/de\\\/produkt\\\/schlusselanhanger-clip-on-ring-18-mm-silber-kopie-3\\\/#breadcrumb\",\"itemListElement\":[{\"@type\":\"ListItem\",\"position\":1,\"name\":\"Startseite\",\"item\":\"https:\\\/\\\/www.jootjeshaakcadeautjes.nl\\\/de\\\/\"},{\"@type\":\"ListItem\",\"position\":2,\"name\":\"Gro\u00dfhandel mit Silikonperlen &#8211; Business und Consumer\",\"item\":\"https:\\\/\\\/www.jootjeshaakcadeautjes.nl\\\/de\\\/shop\\\/\"},{\"@type\":\"ListItem\",\"position\":3,\"name\":\"Schl\u00fcsselanh\u00e4nger &#8211; Clip on ring &#8211; 18 mm &#8211; Gold\"}]},{\"@type\":\"WebSite\",\"@id\":\"https:\\\/\\\/www.jootjeshaakcadeautjes.nl\\\/de\\\/#website\",\"url\":\"https:\\\/\\\/www.jootjeshaakcadeautjes.nl\\\/de\\\/\",\"name\":\"Jootjes Haakcadeautjes\",\"description\":\"Silikonperlen Gro\u00dfhandel \",\"publisher\":{\"@id\":\"https:\\\/\\\/www.jootjeshaakcadeautjes.nl\\\/de\\\/#organization\"},\"potentialAction\":[{\"@type\":\"SearchAction\",\"target\":{\"@type\":\"EntryPoint\",\"urlTemplate\":\"https:\\\/\\\/www.jootjeshaakcadeautjes.nl\\\/de\\\/?s={search_term_string}\"},\"query-input\":{\"@type\":\"PropertyValueSpecification\",\"valueRequired\":true,\"valueName\":\"search_term_string\"}}],\"inLanguage\":\"de\"},{\"@type\":\"Organization\",\"@id\":\"https:\\\/\\\/www.jootjeshaakcadeautjes.nl\\\/de\\\/#organization\",\"name\":\"Jootjes Haakcadeautjes\",\"url\":\"https:\\\/\\\/www.jootjeshaakcadeautjes.nl\\\/de\\\/\",\"logo\":{\"@type\":\"ImageObject\",\"inLanguage\":\"de\",\"@id\":\"https:\\\/\\\/www.jootjeshaakcadeautjes.nl\\\/de\\\/#\\\/schema\\\/logo\\\/image\\\/\",\"url\":\"https:\\\/\\\/jootjes-haakcadeautjes-media.s3.amazonaws.com\\\/wp-content\\\/uploads\\\/2023\\\/05\\\/Logo-rond.png\",\"contentUrl\":\"https:\\\/\\\/jootjes-haakcadeautjes-media.s3.amazonaws.com\\\/wp-content\\\/uploads\\\/2023\\\/05\\\/Logo-rond.png\",\"width\":1222,\"height\":1222,\"caption\":\"Jootjes Haakcadeautjes\"},\"image\":{\"@id\":\"https:\\\/\\\/www.jootjeshaakcadeautjes.nl\\\/de\\\/#\\\/schema\\\/logo\\\/image\\\/\"}}]}<\/script>\n<meta property=\"product:price:amount\" content=\"0.35\" \/>\n<meta property=\"product:price:currency\" content=\"EUR\" \/>\n<meta property=\"og:availability\" content=\"instock\" \/>\n<meta property=\"product:availability\" content=\"instock\" \/>\n<meta property=\"product:retailer_item_id\" content=\"SLE-COR-18GD\" \/>\n<meta property=\"product:condition\" content=\"new\" \/>\n<!-- \/ Yoast SEO Premium plugin. -->","yoast_head_json":{"title":"Schl\u00fcsselanh\u00e4nger - Clip on ring - Gold |Jootjes","description":"Schl\u00fcsselanh\u00e4nger mit Musketenhaken mini zur Herstellung von Gl\u00fccksbringern, geh\u00e4kelten Schl\u00fcsselanh\u00e4ngern, Schl\u00fcssel- oder Taschenanh\u00e4ngern aus Holz oder Silikon.","robots":{"index":"index","follow":"follow","max-snippet":"max-snippet:-1","max-image-preview":"max-image-preview:large","max-video-preview":"max-video-preview:-1"},"canonical":"https:\/\/www.jootjeshaakcadeautjes.nl\/de\/produkt\/schlusselanhanger-clip-on-ring-18-mm-silber-kopie-3\/","og_locale":"de_DE","og_type":"article","og_title":"Schl\u00fcsselanh\u00e4nger - Clip on ring - 18 mm - Gold","og_description":"Schl\u00fcsselanh\u00e4nger mit Musketenhaken mini zur Herstellung von Gl\u00fccksbringern, geh\u00e4kelten Schl\u00fcsselanh\u00e4ngern, Schl\u00fcssel- oder Taschenanh\u00e4ngern aus Holz oder Silikon.","og_url":"https:\/\/www.jootjeshaakcadeautjes.nl\/de\/produkt\/schlusselanhanger-clip-on-ring-18-mm-silber-kopie-3\/","og_site_name":"Jootjes Haakcadeautjes","article_modified_time":"2026-04-20T09:17:52+00:00","og_image":[{"width":1080,"height":1080,"url":"https:\/\/d1dyryakdmle7o.cloudfront.net\/wp-content\/uploads\/2023\/08\/Foto-volgt-1.jpg","type":"image\/jpeg"}],"twitter_card":"summary_large_image","twitter_misc":{"Preis":"&euro;0.35 inkl. MwSt.","Verf\u00fcgbarkeit":"Auf Lager"},"schema":{"@context":"https:\/\/schema.org","@graph":[{"@type":"WebPage","@id":"https:\/\/www.jootjeshaakcadeautjes.nl\/de\/produkt\/schlusselanhanger-clip-on-ring-18-mm-silber-kopie-3\/","url":"https:\/\/www.jootjeshaakcadeautjes.nl\/de\/produkt\/schlusselanhanger-clip-on-ring-18-mm-silber-kopie-3\/","name":"Schl\u00fcsselanh\u00e4nger - Clip on ring - Gold |Jootjes","isPartOf":{"@id":"https:\/\/www.jootjeshaakcadeautjes.nl\/de\/#website"},"primaryImageOfPage":{"@id":"https:\/\/www.jootjeshaakcadeautjes.nl\/de\/produkt\/schlusselanhanger-clip-on-ring-18-mm-silber-kopie-3\/#primaryimage"},"image":{"@id":"https:\/\/www.jootjeshaakcadeautjes.nl\/de\/produkt\/schlusselanhanger-clip-on-ring-18-mm-silber-kopie-3\/#primaryimage"},"thumbnailUrl":"https:\/\/d1dyryakdmle7o.cloudfront.net\/wp-content\/uploads\/2023\/08\/Foto-volgt-1.jpg","datePublished":"2026-03-05T16:40:06+00:00","dateModified":"2026-04-20T09:17:52+00:00","description":"Schl\u00fcsselanh\u00e4nger mit Musketenhaken mini zur Herstellung von Gl\u00fccksbringern, geh\u00e4kelten Schl\u00fcsselanh\u00e4ngern, Schl\u00fcssel- oder Taschenanh\u00e4ngern aus Holz oder Silikon.","breadcrumb":{"@id":"https:\/\/www.jootjeshaakcadeautjes.nl\/de\/produkt\/schlusselanhanger-clip-on-ring-18-mm-silber-kopie-3\/#breadcrumb"},"inLanguage":"de","potentialAction":[{"@type":"ReadAction","target":["https:\/\/www.jootjeshaakcadeautjes.nl\/de\/produkt\/schlusselanhanger-clip-on-ring-18-mm-silber-kopie-3\/"]}]},{"@type":"ImageObject","inLanguage":"de","@id":"https:\/\/www.jootjeshaakcadeautjes.nl\/de\/produkt\/schlusselanhanger-clip-on-ring-18-mm-silber-kopie-3\/#primaryimage","url":"https:\/\/d1dyryakdmle7o.cloudfront.net\/wp-content\/uploads\/2023\/08\/Foto-volgt-1.jpg","contentUrl":"https:\/\/d1dyryakdmle7o.cloudfront.net\/wp-content\/uploads\/2023\/08\/Foto-volgt-1.jpg","width":1080,"height":1080,"caption":"folgt"},{"@type":"BreadcrumbList","@id":"https:\/\/www.jootjeshaakcadeautjes.nl\/de\/produkt\/schlusselanhanger-clip-on-ring-18-mm-silber-kopie-3\/#breadcrumb","itemListElement":[{"@type":"ListItem","position":1,"name":"Startseite","item":"https:\/\/www.jootjeshaakcadeautjes.nl\/de\/"},{"@type":"ListItem","position":2,"name":"Gro\u00dfhandel mit Silikonperlen &#8211; Business und Consumer","item":"https:\/\/www.jootjeshaakcadeautjes.nl\/de\/shop\/"},{"@type":"ListItem","position":3,"name":"Schl\u00fcsselanh\u00e4nger &#8211; Clip on ring &#8211; 18 mm &#8211; Gold"}]},{"@type":"WebSite","@id":"https:\/\/www.jootjeshaakcadeautjes.nl\/de\/#website","url":"https:\/\/www.jootjeshaakcadeautjes.nl\/de\/","name":"Jootjes Haakcadeautjes","description":"Silikonperlen Gro\u00dfhandel ","publisher":{"@id":"https:\/\/www.jootjeshaakcadeautjes.nl\/de\/#organization"},"potentialAction":[{"@type":"SearchAction","target":{"@type":"EntryPoint","urlTemplate":"https:\/\/www.jootjeshaakcadeautjes.nl\/de\/?s={search_term_string}"},"query-input":{"@type":"PropertyValueSpecification","valueRequired":true,"valueName":"search_term_string"}}],"inLanguage":"de"},{"@type":"Organization","@id":"https:\/\/www.jootjeshaakcadeautjes.nl\/de\/#organization","name":"Jootjes Haakcadeautjes","url":"https:\/\/www.jootjeshaakcadeautjes.nl\/de\/","logo":{"@type":"ImageObject","inLanguage":"de","@id":"https:\/\/www.jootjeshaakcadeautjes.nl\/de\/#\/schema\/logo\/image\/","url":"https:\/\/jootjes-haakcadeautjes-media.s3.amazonaws.com\/wp-content\/uploads\/2023\/05\/Logo-rond.png","contentUrl":"https:\/\/jootjes-haakcadeautjes-media.s3.amazonaws.com\/wp-content\/uploads\/2023\/05\/Logo-rond.png","width":1222,"height":1222,"caption":"Jootjes Haakcadeautjes"},"image":{"@id":"https:\/\/www.jootjeshaakcadeautjes.nl\/de\/#\/schema\/logo\/image\/"}}]},"product_price_amount":"0.35","product_price_currency":"EUR","og_availability":"instock","product_availability":"instock","product_retailer_item_id":"SLE-COR-18GD","product_condition":"new"},"_links":{"self":[{"href":"https:\/\/www.jootjeshaakcadeautjes.nl\/de\/wp-json\/wp\/v2\/product\/274021","targetHints":{"allow":["GET"]}}],"collection":[{"href":"https:\/\/www.jootjeshaakcadeautjes.nl\/de\/wp-json\/wp\/v2\/product"}],"about":[{"href":"https:\/\/www.jootjeshaakcadeautjes.nl\/de\/wp-json\/wp\/v2\/types\/product"}],"version-history":[{"count":1,"href":"https:\/\/www.jootjeshaakcadeautjes.nl\/de\/wp-json\/wp\/v2\/product\/274021\/revisions"}],"predecessor-version":[{"id":278678,"href":"https:\/\/www.jootjeshaakcadeautjes.nl\/de\/wp-json\/wp\/v2\/product\/274021\/revisions\/278678"}],"wp:featuredmedia":[{"embeddable":true,"href":"https:\/\/www.jootjeshaakcadeautjes.nl\/de\/wp-json\/wp\/v2\/media\/99563"}],"wp:attachment":[{"href":"https:\/\/www.jootjeshaakcadeautjes.nl\/de\/wp-json\/wp\/v2\/media?parent=274021"}],"wp:term":[{"taxonomy":"product_brand","embeddable":true,"href":"https:\/\/www.jootjeshaakcadeautjes.nl\/de\/wp-json\/wp\/v2\/product_brand?post=274021"},{"taxonomy":"product_cat","embeddable":true,"href":"https:\/\/www.jootjeshaakcadeautjes.nl\/de\/wp-json\/wp\/v2\/product_cat?post=274021"},{"taxonomy":"product_tag","embeddable":true,"href":"https:\/\/www.jootjeshaakcadeautjes.nl\/de\/wp-json\/wp\/v2\/product_tag?post=274021"}],"curies":[{"name":"wp","href":"https:\/\/api.w.org\/{rel}","templated":true}]}}