{"id":274786,"date":"2026-03-18T15:01:58","date_gmt":"2026-03-18T13:01:58","guid":{"rendered":"https:\/\/www.jootjeshaakcadeautjes.nl\/?post_type=product&#038;p=274786"},"modified":"2026-04-20T11:17:48","modified_gmt":"2026-04-20T09:17:48","slug":"sonnenbrille-erwachsene-uv400-littlejo-thymian-kopie-kopie","status":"publish","type":"product","link":"https:\/\/www.jootjeshaakcadeautjes.nl\/de\/produkt\/sonnenbrille-erwachsene-uv400-littlejo-thymian-kopie-kopie\/","title":{"rendered":"Sonnenbrille &#8211; Erwachsene &#8211; UV400 &#8211; LittleJo &#8211; Eiche dunkel"},"content":{"rendered":"<h2>Sonnenbrille &#8211; Erwachsene &#8211; UV400 &#8211; LittleJo &#8211; Eiche dunkel<\/h2>\n<p>Marke: LittleJo<br \/>\nFarbbezeichnung: Dark Oak<br \/>\nQualit\u00e4t\/Klasse: UV400<br \/>\nGeeignet f\u00fcr Erwachsene. Passende Sonnenbrille f\u00fcr Mama\/Papa.<\/p>\n","protected":false},"excerpt":{"rendered":"<p>Marke: LittleJo Farbe: Thymian Qualit\u00e4t\/Klasse: UV400 Geeignet f\u00fcr Erwachsene. Passende Sonnenbrille f\u00fcr Mama\/Papa.<\/p>\n","protected":false},"featured_media":80619,"template":"","meta":[],"product_brand":[],"product_cat":[8184,9506],"product_tag":[7510,9523,7969,9512,7597,9507,9526,8562,9529,9532,9107,9552,9196,9527,7520,9510,9446,9514,9521,9515,9516,9518,7988,8105],"class_list":{"0":"post-274786","1":"product","2":"type-product","3":"status-publish","4":"has-post-thumbnail","6":"product_cat-baby-zubehor","7":"product_cat-sonnenbrillen-kleinkinder-kinder-littlejo","8":"product_tag-baby-de","9":"product_tag-baby-de-2","10":"product_tag-eiche-dunkel","11":"product_tag-fur-kinder","12":"product_tag-kind-de","13":"product_tag-kleidung","14":"product_tag-kleines","15":"product_tag-kleinkind","16":"product_tag-mode-de","17":"product_tag-modell","18":"product_tag-mutter-de","19":"product_tag-mutti-de","20":"product_tag-papa-de-2","21":"product_tag-passend-zu-de","22":"product_tag-sicher","23":"product_tag-sonnenbrille","24":"product_tag-stil","25":"product_tag-uv-de","26":"product_tag-uv-strahlung","27":"product_tag-uv400-de","28":"product_tag-uva-de","29":"product_tag-uvb-de","30":"product_tag-zertifiziert","31":"product_tag-zubehor","33":"first","34":"instock","35":"taxable","36":"shipping-taxable","37":"purchasable","38":"product-type-simple"},"bundled_by":[],"bundle_stock_status":"instock","bundle_stock_quantity":10,"bundle_virtual":false,"bundle_layout":"","bundle_add_to_cart_form_location":"","bundle_editable_in_cart":false,"bundle_sold_individually_context":"","bundle_item_grouping":"","bundle_min_size":"","bundle_max_size":"","bundle_price":[],"bundled_items":[],"bundle_sell_ids":[],"yoast_head":"<!-- This site is optimized with the Yoast SEO Premium plugin v27.4 (Yoast SEO v27.5) - https:\/\/yoast.com\/product\/yoast-seo-premium-wordpress\/ -->\n<title>Sonnenbrille - Erwachsene - UV400 - LittleJo - Eiche dunkel - Jootjes Haakcadeautjes<\/title>\n<meta name=\"description\" content=\"Passende Sonnenbrille f\u00fcr Sie und Ihr Kind in der Farbe Dark Oak. CE-zertifizierte Sonnenbrille, die gem\u00e4\u00df UV400-Bewertung sicher ist.\" \/>\n<meta name=\"robots\" content=\"index, follow, max-snippet:-1, max-image-preview:large, max-video-preview:-1\" \/>\n<link rel=\"canonical\" href=\"https:\/\/www.jootjeshaakcadeautjes.nl\/de\/produkt\/sonnenbrille-erwachsene-uv400-littlejo-thymian-kopie-kopie\/\" \/>\n<meta property=\"og:locale\" content=\"de_DE\" \/>\n<meta property=\"og:type\" content=\"article\" \/>\n<meta property=\"og:title\" content=\"Sonnenbrille - Erwachsene - UV400 - LittleJo - Eiche dunkel\" \/>\n<meta property=\"og:description\" content=\"Passende Sonnenbrille f\u00fcr Sie und Ihr Kind in der Farbe Dark Oak. CE-zertifizierte Sonnenbrille, die gem\u00e4\u00df UV400-Bewertung sicher ist.\" \/>\n<meta property=\"og:url\" content=\"https:\/\/www.jootjeshaakcadeautjes.nl\/de\/produkt\/sonnenbrille-erwachsene-uv400-littlejo-thymian-kopie-kopie\/\" \/>\n<meta property=\"og:site_name\" content=\"Jootjes Haakcadeautjes\" \/>\n<meta property=\"article:modified_time\" content=\"2026-04-20T09:17:48+00:00\" \/>\n<meta property=\"og:image\" content=\"https:\/\/d1dyryakdmle7o.cloudfront.net\/wp-content\/uploads\/2022\/05\/20220526_175140-2.jpg\" \/>\n\t<meta property=\"og:image:width\" content=\"2048\" \/>\n\t<meta property=\"og:image:height\" content=\"2048\" \/>\n\t<meta property=\"og:image:type\" content=\"image\/jpeg\" \/>\n<meta name=\"twitter:card\" content=\"summary_large_image\" \/>\n<meta name=\"twitter:label1\" content=\"Preis\" \/>\n\t<meta name=\"twitter:data1\" content=\"&euro;8.95 inkl. MwSt.\" \/>\n\t<meta name=\"twitter:label2\" content=\"Verf\u00fcgbarkeit\" \/>\n\t<meta name=\"twitter:data2\" content=\"Auf Lager\" \/>\n<script type=\"application\/ld+json\" class=\"yoast-schema-graph\">{\"@context\":\"https:\\\/\\\/schema.org\",\"@graph\":[{\"@type\":\"WebPage\",\"@id\":\"https:\\\/\\\/www.jootjeshaakcadeautjes.nl\\\/de\\\/produkt\\\/sonnenbrille-erwachsene-uv400-littlejo-thymian-kopie-kopie\\\/\",\"url\":\"https:\\\/\\\/www.jootjeshaakcadeautjes.nl\\\/de\\\/produkt\\\/sonnenbrille-erwachsene-uv400-littlejo-thymian-kopie-kopie\\\/\",\"name\":\"Sonnenbrille - Erwachsene - UV400 - LittleJo - Eiche dunkel - Jootjes Haakcadeautjes\",\"isPartOf\":{\"@id\":\"https:\\\/\\\/www.jootjeshaakcadeautjes.nl\\\/de\\\/#website\"},\"primaryImageOfPage\":{\"@id\":\"https:\\\/\\\/www.jootjeshaakcadeautjes.nl\\\/de\\\/produkt\\\/sonnenbrille-erwachsene-uv400-littlejo-thymian-kopie-kopie\\\/#primaryimage\"},\"image\":{\"@id\":\"https:\\\/\\\/www.jootjeshaakcadeautjes.nl\\\/de\\\/produkt\\\/sonnenbrille-erwachsene-uv400-littlejo-thymian-kopie-kopie\\\/#primaryimage\"},\"thumbnailUrl\":\"https:\\\/\\\/d1dyryakdmle7o.cloudfront.net\\\/wp-content\\\/uploads\\\/2022\\\/05\\\/20220526_175140-2.jpg\",\"datePublished\":\"2026-03-18T13:01:58+00:00\",\"dateModified\":\"2026-04-20T09:17:48+00:00\",\"description\":\"Passende Sonnenbrille f\u00fcr Sie und Ihr Kind in der Farbe Dark Oak. CE-zertifizierte Sonnenbrille, die gem\u00e4\u00df UV400-Bewertung sicher ist.\",\"breadcrumb\":{\"@id\":\"https:\\\/\\\/www.jootjeshaakcadeautjes.nl\\\/de\\\/produkt\\\/sonnenbrille-erwachsene-uv400-littlejo-thymian-kopie-kopie\\\/#breadcrumb\"},\"inLanguage\":\"de\",\"potentialAction\":[{\"@type\":\"ReadAction\",\"target\":[\"https:\\\/\\\/www.jootjeshaakcadeautjes.nl\\\/de\\\/produkt\\\/sonnenbrille-erwachsene-uv400-littlejo-thymian-kopie-kopie\\\/\"]}]},{\"@type\":\"ImageObject\",\"inLanguage\":\"de\",\"@id\":\"https:\\\/\\\/www.jootjeshaakcadeautjes.nl\\\/de\\\/produkt\\\/sonnenbrille-erwachsene-uv400-littlejo-thymian-kopie-kopie\\\/#primaryimage\",\"url\":\"https:\\\/\\\/d1dyryakdmle7o.cloudfront.net\\\/wp-content\\\/uploads\\\/2022\\\/05\\\/20220526_175140-2.jpg\",\"contentUrl\":\"https:\\\/\\\/d1dyryakdmle7o.cloudfront.net\\\/wp-content\\\/uploads\\\/2022\\\/05\\\/20220526_175140-2.jpg\",\"width\":2048,\"height\":2048,\"caption\":\"Kleinkind-Sonnenbrille Kinder UV400 Sonnenbrille Gro\u00dfhandel Kaufen Dark Oak\"},{\"@type\":\"BreadcrumbList\",\"@id\":\"https:\\\/\\\/www.jootjeshaakcadeautjes.nl\\\/de\\\/produkt\\\/sonnenbrille-erwachsene-uv400-littlejo-thymian-kopie-kopie\\\/#breadcrumb\",\"itemListElement\":[{\"@type\":\"ListItem\",\"position\":1,\"name\":\"Startseite\",\"item\":\"https:\\\/\\\/www.jootjeshaakcadeautjes.nl\\\/de\\\/\"},{\"@type\":\"ListItem\",\"position\":2,\"name\":\"Gro\u00dfhandel mit Silikonperlen &#8211; Business und Consumer\",\"item\":\"https:\\\/\\\/www.jootjeshaakcadeautjes.nl\\\/de\\\/shop\\\/\"},{\"@type\":\"ListItem\",\"position\":3,\"name\":\"Sonnenbrille &#8211; Erwachsene &#8211; UV400 &#8211; LittleJo &#8211; Eiche dunkel\"}]},{\"@type\":\"WebSite\",\"@id\":\"https:\\\/\\\/www.jootjeshaakcadeautjes.nl\\\/de\\\/#website\",\"url\":\"https:\\\/\\\/www.jootjeshaakcadeautjes.nl\\\/de\\\/\",\"name\":\"Jootjes Haakcadeautjes\",\"description\":\"Silikonperlen Gro\u00dfhandel \",\"publisher\":{\"@id\":\"https:\\\/\\\/www.jootjeshaakcadeautjes.nl\\\/de\\\/#organization\"},\"potentialAction\":[{\"@type\":\"SearchAction\",\"target\":{\"@type\":\"EntryPoint\",\"urlTemplate\":\"https:\\\/\\\/www.jootjeshaakcadeautjes.nl\\\/de\\\/?s={search_term_string}\"},\"query-input\":{\"@type\":\"PropertyValueSpecification\",\"valueRequired\":true,\"valueName\":\"search_term_string\"}}],\"inLanguage\":\"de\"},{\"@type\":\"Organization\",\"@id\":\"https:\\\/\\\/www.jootjeshaakcadeautjes.nl\\\/de\\\/#organization\",\"name\":\"Jootjes Haakcadeautjes\",\"url\":\"https:\\\/\\\/www.jootjeshaakcadeautjes.nl\\\/de\\\/\",\"logo\":{\"@type\":\"ImageObject\",\"inLanguage\":\"de\",\"@id\":\"https:\\\/\\\/www.jootjeshaakcadeautjes.nl\\\/de\\\/#\\\/schema\\\/logo\\\/image\\\/\",\"url\":\"https:\\\/\\\/jootjes-haakcadeautjes-media.s3.amazonaws.com\\\/wp-content\\\/uploads\\\/2023\\\/05\\\/Logo-rond.png\",\"contentUrl\":\"https:\\\/\\\/jootjes-haakcadeautjes-media.s3.amazonaws.com\\\/wp-content\\\/uploads\\\/2023\\\/05\\\/Logo-rond.png\",\"width\":1222,\"height\":1222,\"caption\":\"Jootjes Haakcadeautjes\"},\"image\":{\"@id\":\"https:\\\/\\\/www.jootjeshaakcadeautjes.nl\\\/de\\\/#\\\/schema\\\/logo\\\/image\\\/\"}}]}<\/script>\n<meta property=\"product:price:amount\" content=\"8.95\" \/>\n<meta property=\"product:price:currency\" content=\"EUR\" \/>\n<meta property=\"og:availability\" content=\"instock\" \/>\n<meta property=\"product:availability\" content=\"instock\" \/>\n<meta property=\"product:retailer_item_id\" content=\"PEU-ZON-DOA-ADU\" \/>\n<meta property=\"product:condition\" content=\"new\" \/>\n<!-- \/ Yoast SEO Premium plugin. -->","yoast_head_json":{"title":"Sonnenbrille - Erwachsene - UV400 - LittleJo - Eiche dunkel - Jootjes Haakcadeautjes","description":"Passende Sonnenbrille f\u00fcr Sie und Ihr Kind in der Farbe Dark Oak. CE-zertifizierte Sonnenbrille, die gem\u00e4\u00df UV400-Bewertung sicher ist.","robots":{"index":"index","follow":"follow","max-snippet":"max-snippet:-1","max-image-preview":"max-image-preview:large","max-video-preview":"max-video-preview:-1"},"canonical":"https:\/\/www.jootjeshaakcadeautjes.nl\/de\/produkt\/sonnenbrille-erwachsene-uv400-littlejo-thymian-kopie-kopie\/","og_locale":"de_DE","og_type":"article","og_title":"Sonnenbrille - Erwachsene - UV400 - LittleJo - Eiche dunkel","og_description":"Passende Sonnenbrille f\u00fcr Sie und Ihr Kind in der Farbe Dark Oak. CE-zertifizierte Sonnenbrille, die gem\u00e4\u00df UV400-Bewertung sicher ist.","og_url":"https:\/\/www.jootjeshaakcadeautjes.nl\/de\/produkt\/sonnenbrille-erwachsene-uv400-littlejo-thymian-kopie-kopie\/","og_site_name":"Jootjes Haakcadeautjes","article_modified_time":"2026-04-20T09:17:48+00:00","og_image":[{"width":2048,"height":2048,"url":"https:\/\/d1dyryakdmle7o.cloudfront.net\/wp-content\/uploads\/2022\/05\/20220526_175140-2.jpg","type":"image\/jpeg"}],"twitter_card":"summary_large_image","twitter_misc":{"Preis":"&euro;8.95 inkl. MwSt.","Verf\u00fcgbarkeit":"Auf Lager"},"schema":{"@context":"https:\/\/schema.org","@graph":[{"@type":"WebPage","@id":"https:\/\/www.jootjeshaakcadeautjes.nl\/de\/produkt\/sonnenbrille-erwachsene-uv400-littlejo-thymian-kopie-kopie\/","url":"https:\/\/www.jootjeshaakcadeautjes.nl\/de\/produkt\/sonnenbrille-erwachsene-uv400-littlejo-thymian-kopie-kopie\/","name":"Sonnenbrille - Erwachsene - UV400 - LittleJo - Eiche dunkel - Jootjes Haakcadeautjes","isPartOf":{"@id":"https:\/\/www.jootjeshaakcadeautjes.nl\/de\/#website"},"primaryImageOfPage":{"@id":"https:\/\/www.jootjeshaakcadeautjes.nl\/de\/produkt\/sonnenbrille-erwachsene-uv400-littlejo-thymian-kopie-kopie\/#primaryimage"},"image":{"@id":"https:\/\/www.jootjeshaakcadeautjes.nl\/de\/produkt\/sonnenbrille-erwachsene-uv400-littlejo-thymian-kopie-kopie\/#primaryimage"},"thumbnailUrl":"https:\/\/d1dyryakdmle7o.cloudfront.net\/wp-content\/uploads\/2022\/05\/20220526_175140-2.jpg","datePublished":"2026-03-18T13:01:58+00:00","dateModified":"2026-04-20T09:17:48+00:00","description":"Passende Sonnenbrille f\u00fcr Sie und Ihr Kind in der Farbe Dark Oak. CE-zertifizierte Sonnenbrille, die gem\u00e4\u00df UV400-Bewertung sicher ist.","breadcrumb":{"@id":"https:\/\/www.jootjeshaakcadeautjes.nl\/de\/produkt\/sonnenbrille-erwachsene-uv400-littlejo-thymian-kopie-kopie\/#breadcrumb"},"inLanguage":"de","potentialAction":[{"@type":"ReadAction","target":["https:\/\/www.jootjeshaakcadeautjes.nl\/de\/produkt\/sonnenbrille-erwachsene-uv400-littlejo-thymian-kopie-kopie\/"]}]},{"@type":"ImageObject","inLanguage":"de","@id":"https:\/\/www.jootjeshaakcadeautjes.nl\/de\/produkt\/sonnenbrille-erwachsene-uv400-littlejo-thymian-kopie-kopie\/#primaryimage","url":"https:\/\/d1dyryakdmle7o.cloudfront.net\/wp-content\/uploads\/2022\/05\/20220526_175140-2.jpg","contentUrl":"https:\/\/d1dyryakdmle7o.cloudfront.net\/wp-content\/uploads\/2022\/05\/20220526_175140-2.jpg","width":2048,"height":2048,"caption":"Kleinkind-Sonnenbrille Kinder UV400 Sonnenbrille Gro\u00dfhandel Kaufen Dark Oak"},{"@type":"BreadcrumbList","@id":"https:\/\/www.jootjeshaakcadeautjes.nl\/de\/produkt\/sonnenbrille-erwachsene-uv400-littlejo-thymian-kopie-kopie\/#breadcrumb","itemListElement":[{"@type":"ListItem","position":1,"name":"Startseite","item":"https:\/\/www.jootjeshaakcadeautjes.nl\/de\/"},{"@type":"ListItem","position":2,"name":"Gro\u00dfhandel mit Silikonperlen &#8211; Business und Consumer","item":"https:\/\/www.jootjeshaakcadeautjes.nl\/de\/shop\/"},{"@type":"ListItem","position":3,"name":"Sonnenbrille &#8211; Erwachsene &#8211; UV400 &#8211; LittleJo &#8211; Eiche dunkel"}]},{"@type":"WebSite","@id":"https:\/\/www.jootjeshaakcadeautjes.nl\/de\/#website","url":"https:\/\/www.jootjeshaakcadeautjes.nl\/de\/","name":"Jootjes Haakcadeautjes","description":"Silikonperlen Gro\u00dfhandel ","publisher":{"@id":"https:\/\/www.jootjeshaakcadeautjes.nl\/de\/#organization"},"potentialAction":[{"@type":"SearchAction","target":{"@type":"EntryPoint","urlTemplate":"https:\/\/www.jootjeshaakcadeautjes.nl\/de\/?s={search_term_string}"},"query-input":{"@type":"PropertyValueSpecification","valueRequired":true,"valueName":"search_term_string"}}],"inLanguage":"de"},{"@type":"Organization","@id":"https:\/\/www.jootjeshaakcadeautjes.nl\/de\/#organization","name":"Jootjes Haakcadeautjes","url":"https:\/\/www.jootjeshaakcadeautjes.nl\/de\/","logo":{"@type":"ImageObject","inLanguage":"de","@id":"https:\/\/www.jootjeshaakcadeautjes.nl\/de\/#\/schema\/logo\/image\/","url":"https:\/\/jootjes-haakcadeautjes-media.s3.amazonaws.com\/wp-content\/uploads\/2023\/05\/Logo-rond.png","contentUrl":"https:\/\/jootjes-haakcadeautjes-media.s3.amazonaws.com\/wp-content\/uploads\/2023\/05\/Logo-rond.png","width":1222,"height":1222,"caption":"Jootjes Haakcadeautjes"},"image":{"@id":"https:\/\/www.jootjeshaakcadeautjes.nl\/de\/#\/schema\/logo\/image\/"}}]},"product_price_amount":"8.95","product_price_currency":"EUR","og_availability":"instock","product_availability":"instock","product_retailer_item_id":"PEU-ZON-DOA-ADU","product_condition":"new"},"_links":{"self":[{"href":"https:\/\/www.jootjeshaakcadeautjes.nl\/de\/wp-json\/wp\/v2\/product\/274786","targetHints":{"allow":["GET"]}}],"collection":[{"href":"https:\/\/www.jootjeshaakcadeautjes.nl\/de\/wp-json\/wp\/v2\/product"}],"about":[{"href":"https:\/\/www.jootjeshaakcadeautjes.nl\/de\/wp-json\/wp\/v2\/types\/product"}],"version-history":[{"count":1,"href":"https:\/\/www.jootjeshaakcadeautjes.nl\/de\/wp-json\/wp\/v2\/product\/274786\/revisions"}],"predecessor-version":[{"id":278722,"href":"https:\/\/www.jootjeshaakcadeautjes.nl\/de\/wp-json\/wp\/v2\/product\/274786\/revisions\/278722"}],"wp:featuredmedia":[{"embeddable":true,"href":"https:\/\/www.jootjeshaakcadeautjes.nl\/de\/wp-json\/wp\/v2\/media\/80619"}],"wp:attachment":[{"href":"https:\/\/www.jootjeshaakcadeautjes.nl\/de\/wp-json\/wp\/v2\/media?parent=274786"}],"wp:term":[{"taxonomy":"product_brand","embeddable":true,"href":"https:\/\/www.jootjeshaakcadeautjes.nl\/de\/wp-json\/wp\/v2\/product_brand?post=274786"},{"taxonomy":"product_cat","embeddable":true,"href":"https:\/\/www.jootjeshaakcadeautjes.nl\/de\/wp-json\/wp\/v2\/product_cat?post=274786"},{"taxonomy":"product_tag","embeddable":true,"href":"https:\/\/www.jootjeshaakcadeautjes.nl\/de\/wp-json\/wp\/v2\/product_tag?post=274786"}],"curies":[{"name":"wp","href":"https:\/\/api.w.org\/{rel}","templated":true}]}}