{"id":277755,"date":"2026-04-19T15:32:50","date_gmt":"2026-04-19T13:32:50","guid":{"rendered":"https:\/\/www.jootjeshaakcadeautjes.nl\/?post_type=product&#038;p=277755"},"modified":"2026-04-20T11:17:44","modified_gmt":"2026-04-20T09:17:44","slug":"kinderwagen-clip-hydrophiler-tuch-clip-swaddle-clip-kopie","status":"publish","type":"product","link":"https:\/\/www.jootjeshaakcadeautjes.nl\/de\/produkt\/kinderwagen-clip-hydrophiler-tuch-clip-swaddle-clip-kopie\/","title":{"rendered":"Kinderwagenklammer \/ hydrophile Tuchklammer &#8211; Swaddle clip &#8211; Grau"},"content":{"rendered":"<h1><span style=\"color: #48046d;\">Kinderwagenklammer &#8211; Kinderwagenklammern &#8211; Kinderwagenklammern &#8211; Grau<\/span><\/h1>\n<p>Diese superpraktischen Mehrzweckclips d\u00fcrfen in keiner Wickeltasche fehlen. Man kann sie f\u00fcr so viele Dinge verwenden. Mit diesen multifunktionalen Clips, die auch als Kinderwagenclips bekannt sind, k\u00f6nnen Sie ein hydrophiles Multituch oder ein Tragetuch\/eine Wickelunterlage ganz einfach am Maxi Cosi oder am Kinderwagen befestigen. Au\u00dferdem sind diese Clips auch eine gute Alternative zu Schnullerclips, Spielzeugclips oder Spielzeugringen.<\/p>\n<h4><span style=\"color: #48046d;\">Wie kann man diese multifunktionalen Kinderwagenklammern verwenden?<\/span><\/h4>\n<p>Schnullerclips sind nicht immer einfach an einem Maxi Cosi, Kinderwagen, Buggy, Autositz usw. zu befestigen. Das h\u00e4ngt wirklich vom Modell ab. Eine praktische Alternative ist dieser Trolley-Clip\/Kinderwagen-Clip. Da der Clip ein sch\u00f6nes Befestigungsloch an einem der Beine hat, k\u00f6nnen Sie ganz einfach Spielzeug oder eine Schnullerschnur am Clip befestigen. Daher wird dieser Trolley-Clip, wie bereits erw\u00e4hnt, h\u00e4ufig als Alternative f\u00fcr Schnuller, Kinderwagenschn\u00fcre, Maxi Cosi-Anh\u00e4nger und andere verwendet. Beachten Sie, dass eine Schnullerschnur oder ein Maxi-Cosi-Anh\u00e4nger grunds\u00e4tzlich maximal 20 cm lang sein sollte. Wenn die Schnullerschnur l\u00e4nger als 20 cm ist, besteht die Gefahr des Erstickens.<\/p>\n<p>Sie k\u00f6nnen diese Clips auch ganz einfach an den bereits vorhandenen Kinderspielzeugen befestigen. Auf diese Weise verlieren Sie unterwegs nichts! Dar\u00fcber hinaus ist die Form des Clips auch ideal f\u00fcr die Befestigung von Spielzeug an einem Laufstall. Dar\u00fcber hinaus werden diese multifunktionalen Kinderwagenklammern h\u00e4ufig zum Festklemmen von hydrophilen T\u00fcchern an Maxi Cosi oder Kinderwagen verwendet. Damit sch\u00fctzen Sie Ihr Kind vor Reizen und Wettereinfl\u00fcssen. Das ist m\u00f6glich, aber hier muss man genau aufpassen. Ein hydrophiles Tuch sch\u00fctzt nicht vor ultravioletter Strahlung. Die locker gewebte Struktur l\u00e4sst die UV-Strahlung durchdringen. Verwenden Sie daher nur T\u00fccher, die daf\u00fcr geeignet sind und einen UV-Schutz bieten. Niemals vollst\u00e4ndig abdecken. Das vollst\u00e4ndige Abdecken mit einem hydrophilen Tuch erh\u00f6ht die Temperatur in der Babytragetasche um 7 Grad! Achten Sie daher immer auf eine ausreichende Luftzirkulation, um eine \u00dcberhitzung zu vermeiden!<\/p>\n<p>Die Trolleyklemme ist derzeit nur in der Farbe Grau (Carbon) erh\u00e4ltlich.<\/p>\n<h4><span style=\"color: #48046d;\">Qualit\u00e4t und Sicherheit spielen Schnur Ring \/ Wagen Haken, swaddle Clip<\/span><\/h4>\n<p>Die Trolley-Klemme\/Hydrofolienklemme ist aus hochwertigem und stabilem Kunststoff gefertigt. Dieser Kunststoff ist BPA-frei und frei von Weichmachern. Die Kinderwagenklammern enthalten daher keine sch\u00e4dlichen Chemikalien. Das Material ist glatt und l\u00e4sst sich sehr leicht mit einem feuchten Tuch reinigen. F\u00fcr das von Ihnen geschaffene Endprodukt sind Sie stets selbst verantwortlich. Wir raten daher, fertige Produkte nur unter Aufsicht von Erwachsenen zu verwenden.<\/p>\n<h5><span style=\"color: #48046d;\">Kurze Zusammenfassung:<\/span><\/h5>\n<p><strong>Name: <\/strong>Kinderwagenklammer, Kinderwagenklammer, Kinderwagenklammer<br \/>\n<strong>Farbe: <\/strong>Grau, Schwarz, Hellgelb, Pfirsichrosa, Mintgr\u00fcn, Wei\u00df, Indigo, Hellblau und Orange<br \/>\n<strong>Verarbeitung\/Gr\u00f6\u00dfe: <\/strong>75 mm x 48 mm x 25 mm, glatte Oberfl\u00e4che.<br \/>\n<strong>Auch bekannt als: <\/strong>Swaddle-Clip, Pram-Clip, Trolley-Clip, Trolley-Clip, Laufstall-Clip, Trolley-Clip, hydrophiler Tuch-Clip, Wickeltuch\/Swaddle-Clip, Mehrzweck-Clip oder Clip, Schnuller-Clip oder Kinderwagen-Clip.<br \/>\n<strong>H\u00e4ufig verwendet f\u00fcr die Herstellung eigener <\/strong>Schnuller<strong>: <\/strong>geh\u00e4kelte Schnullerschn\u00fcre, handgefertigte Schnullerschn\u00fcre aus Silikon, handgefertigte Schnullerschn\u00fcre aus Holz, Schnullerclips, geh\u00e4kelte Kinderwagen-Hosentr\u00e4ger aus Silikon oder Holzprodukten, Mehrzweckklammern f\u00fcr Spielzeug oder hydrophiles Multituch oder Handtuch.<br \/>\n<strong>Weit verbreitet in Kombination mit all unseren anderen <a href=\"https:\/\/www.jootjeshaakcadeautjes.nl\/de\/product-categorie\/herstellung-von-baby-beisspielzeug-materialien-fur-schnuller-und-beisringe\/\">Materialien f\u00fcr Baby-Zahnspielzeug<\/a>.<\/strong><\/p>\n","protected":false},"excerpt":{"rendered":"<ul>\n<li>Farbe: Grau<\/li>\n<li>75 mm x 48 mm x 25 mm<\/li>\n<li>Swaddle-Clip<\/li>\n<li>BPA-frei<\/li>\n<li>Hochwertiger Kunststoff<\/li>\n<\/ul>\n","protected":false},"featured_media":78784,"template":"","meta":[],"product_brand":[],"product_cat":[9869,7889,7191],"product_tag":[8805,7899,7416,8813,9870,9873,9424,9875,19437,19438,19439],"class_list":{"0":"post-277755","1":"product","2":"type-product","3":"status-publish","4":"has-post-thumbnail","6":"product_cat-kinderwagenklammer-hydrophile-tuchklammer","7":"product_cat-silikonperlen-und-babyzubehor-verkauf","8":"product_cat-vollstandige-palette","9":"product_tag-box-de-2","10":"product_tag-grau","11":"product_tag-gummischnur","12":"product_tag-kinderwagen-de","13":"product_tag-kinderwagenklammer","14":"product_tag-klammer-aus-hydrophilem-stoff","15":"product_tag-maxi-cosi-de","16":"product_tag-swaddle-clip-de","17":"product_tag-wagenklammer","18":"product_tag-wickeldecke","19":"product_tag-wickeln","21":"first","22":"outofstock","23":"taxable","24":"shipping-taxable","25":"purchasable","26":"product-type-simple"},"bundled_by":[],"bundle_stock_status":"outofstock","bundle_stock_quantity":0,"bundle_virtual":false,"bundle_layout":"","bundle_add_to_cart_form_location":"","bundle_editable_in_cart":false,"bundle_sold_individually_context":"","bundle_item_grouping":"","bundle_min_size":"","bundle_max_size":"","bundle_price":[],"bundled_items":[],"bundle_sell_ids":[],"yoast_head":"<!-- This site is optimized with the Yoast SEO Premium plugin v26.4 (Yoast SEO v27.4) - https:\/\/yoast.com\/product\/yoast-seo-premium-wordpress\/ -->\n<title>Kinderwagenklammer \/ hydrophile Tuchklammer - Swaddle clip - Grau<\/title>\n<meta name=\"description\" content=\"Multifunktionale Kinderwagenklammer in Grau. Unentbehrlich bei der Verwendung eines Swaddles, Swaddles oder hydrophilen Tuchs an einem Maxi-Cosi oder Kinderwagen.\" \/>\n<meta name=\"robots\" content=\"index, follow, max-snippet:-1, max-image-preview:large, max-video-preview:-1\" \/>\n<link rel=\"canonical\" href=\"https:\/\/www.jootjeshaakcadeautjes.nl\/de\/produkt\/kinderwagen-clip-hydrophiler-tuch-clip-swaddle-clip-kopie\/\" \/>\n<meta property=\"og:locale\" content=\"de_DE\" \/>\n<meta property=\"og:type\" content=\"article\" \/>\n<meta property=\"og:title\" content=\"Kinderwagenklammer \/ hydrophile Tuchklammer - Swaddle clip - Grau\" \/>\n<meta property=\"og:description\" content=\"Multifunktionale Kinderwagenklammer in Grau. Unentbehrlich bei der Verwendung eines Swaddles, Swaddles oder hydrophilen Tuchs an einem Maxi-Cosi oder Kinderwagen.\" \/>\n<meta property=\"og:url\" content=\"https:\/\/www.jootjeshaakcadeautjes.nl\/de\/produkt\/kinderwagen-clip-hydrophiler-tuch-clip-swaddle-clip-kopie\/\" \/>\n<meta property=\"og:site_name\" content=\"Jootjes Haakcadeautjes\" \/>\n<meta property=\"article:modified_time\" content=\"2026-04-20T09:17:44+00:00\" \/>\n<meta property=\"og:image\" content=\"https:\/\/d1dyryakdmle7o.cloudfront.net\/wp-content\/uploads\/2021\/12\/20211003_013823.jpg\" \/>\n\t<meta property=\"og:image:width\" content=\"2048\" \/>\n\t<meta property=\"og:image:height\" content=\"2048\" \/>\n\t<meta property=\"og:image:type\" content=\"image\/jpeg\" \/>\n<meta name=\"twitter:card\" content=\"summary_large_image\" \/>\n<meta name=\"twitter:label1\" content=\"Preis\" \/>\n\t<meta name=\"twitter:data1\" content=\"&euro;1.50 inkl. MwSt.\" \/>\n\t<meta name=\"twitter:label2\" content=\"Verf\u00fcgbarkeit\" \/>\n\t<meta name=\"twitter:data2\" content=\"ausverkauft\" \/>\n<script type=\"application\/ld+json\" class=\"yoast-schema-graph\">{\"@context\":\"https:\\\/\\\/schema.org\",\"@graph\":[{\"@type\":\"WebPage\",\"@id\":\"https:\\\/\\\/www.jootjeshaakcadeautjes.nl\\\/de\\\/produkt\\\/kinderwagen-clip-hydrophiler-tuch-clip-swaddle-clip-kopie\\\/\",\"url\":\"https:\\\/\\\/www.jootjeshaakcadeautjes.nl\\\/de\\\/produkt\\\/kinderwagen-clip-hydrophiler-tuch-clip-swaddle-clip-kopie\\\/\",\"name\":\"Kinderwagenklammer \\\/ hydrophile Tuchklammer - Swaddle clip - Grau\",\"isPartOf\":{\"@id\":\"https:\\\/\\\/www.jootjeshaakcadeautjes.nl\\\/de\\\/#website\"},\"primaryImageOfPage\":{\"@id\":\"https:\\\/\\\/www.jootjeshaakcadeautjes.nl\\\/de\\\/produkt\\\/kinderwagen-clip-hydrophiler-tuch-clip-swaddle-clip-kopie\\\/#primaryimage\"},\"image\":{\"@id\":\"https:\\\/\\\/www.jootjeshaakcadeautjes.nl\\\/de\\\/produkt\\\/kinderwagen-clip-hydrophiler-tuch-clip-swaddle-clip-kopie\\\/#primaryimage\"},\"thumbnailUrl\":\"https:\\\/\\\/d1dyryakdmle7o.cloudfront.net\\\/wp-content\\\/uploads\\\/2021\\\/12\\\/20211003_013823.jpg\",\"datePublished\":\"2026-04-19T13:32:50+00:00\",\"dateModified\":\"2026-04-20T09:17:44+00:00\",\"description\":\"Multifunktionale Kinderwagenklammer in Grau. Unentbehrlich bei der Verwendung eines Swaddles, Swaddles oder hydrophilen Tuchs an einem Maxi-Cosi oder Kinderwagen.\",\"breadcrumb\":{\"@id\":\"https:\\\/\\\/www.jootjeshaakcadeautjes.nl\\\/de\\\/produkt\\\/kinderwagen-clip-hydrophiler-tuch-clip-swaddle-clip-kopie\\\/#breadcrumb\"},\"inLanguage\":\"de\",\"potentialAction\":[{\"@type\":\"ReadAction\",\"target\":[\"https:\\\/\\\/www.jootjeshaakcadeautjes.nl\\\/de\\\/produkt\\\/kinderwagen-clip-hydrophiler-tuch-clip-swaddle-clip-kopie\\\/\"]}]},{\"@type\":\"ImageObject\",\"inLanguage\":\"de\",\"@id\":\"https:\\\/\\\/www.jootjeshaakcadeautjes.nl\\\/de\\\/produkt\\\/kinderwagen-clip-hydrophiler-tuch-clip-swaddle-clip-kopie\\\/#primaryimage\",\"url\":\"https:\\\/\\\/d1dyryakdmle7o.cloudfront.net\\\/wp-content\\\/uploads\\\/2021\\\/12\\\/20211003_013823.jpg\",\"contentUrl\":\"https:\\\/\\\/d1dyryakdmle7o.cloudfront.net\\\/wp-content\\\/uploads\\\/2021\\\/12\\\/20211003_013823.jpg\",\"width\":2048,\"height\":2048,\"caption\":\"Wagenklammer hydrophiles Tuch Clip grau Gro\u00dfhandel Baby\"},{\"@type\":\"BreadcrumbList\",\"@id\":\"https:\\\/\\\/www.jootjeshaakcadeautjes.nl\\\/de\\\/produkt\\\/kinderwagen-clip-hydrophiler-tuch-clip-swaddle-clip-kopie\\\/#breadcrumb\",\"itemListElement\":[{\"@type\":\"ListItem\",\"position\":1,\"name\":\"Startseite\",\"item\":\"https:\\\/\\\/www.jootjeshaakcadeautjes.nl\\\/de\\\/\"},{\"@type\":\"ListItem\",\"position\":2,\"name\":\"Gro\u00dfhandel mit Silikonperlen &#8211; Business und Consumer\",\"item\":\"https:\\\/\\\/www.jootjeshaakcadeautjes.nl\\\/de\\\/shop\\\/\"},{\"@type\":\"ListItem\",\"position\":3,\"name\":\"Kinderwagenklammer \\\/ hydrophile Tuchklammer &#8211; Swaddle clip &#8211; Grau\"}]},{\"@type\":\"WebSite\",\"@id\":\"https:\\\/\\\/www.jootjeshaakcadeautjes.nl\\\/de\\\/#website\",\"url\":\"https:\\\/\\\/www.jootjeshaakcadeautjes.nl\\\/de\\\/\",\"name\":\"Jootjes Haakcadeautjes\",\"description\":\"Silikonperlen Gro\u00dfhandel \",\"publisher\":{\"@id\":\"https:\\\/\\\/www.jootjeshaakcadeautjes.nl\\\/de\\\/#organization\"},\"potentialAction\":[{\"@type\":\"SearchAction\",\"target\":{\"@type\":\"EntryPoint\",\"urlTemplate\":\"https:\\\/\\\/www.jootjeshaakcadeautjes.nl\\\/de\\\/?s={search_term_string}\"},\"query-input\":{\"@type\":\"PropertyValueSpecification\",\"valueRequired\":true,\"valueName\":\"search_term_string\"}}],\"inLanguage\":\"de\"},{\"@type\":\"Organization\",\"@id\":\"https:\\\/\\\/www.jootjeshaakcadeautjes.nl\\\/de\\\/#organization\",\"name\":\"Jootjes Haakcadeautjes\",\"url\":\"https:\\\/\\\/www.jootjeshaakcadeautjes.nl\\\/de\\\/\",\"logo\":{\"@type\":\"ImageObject\",\"inLanguage\":\"de\",\"@id\":\"https:\\\/\\\/www.jootjeshaakcadeautjes.nl\\\/de\\\/#\\\/schema\\\/logo\\\/image\\\/\",\"url\":\"https:\\\/\\\/jootjes-haakcadeautjes-media.s3.amazonaws.com\\\/wp-content\\\/uploads\\\/2023\\\/05\\\/Logo-rond.png\",\"contentUrl\":\"https:\\\/\\\/jootjes-haakcadeautjes-media.s3.amazonaws.com\\\/wp-content\\\/uploads\\\/2023\\\/05\\\/Logo-rond.png\",\"width\":1222,\"height\":1222,\"caption\":\"Jootjes Haakcadeautjes\"},\"image\":{\"@id\":\"https:\\\/\\\/www.jootjeshaakcadeautjes.nl\\\/de\\\/#\\\/schema\\\/logo\\\/image\\\/\"}}]}<\/script>\n<meta property=\"product:price:amount\" content=\"1.50\" \/>\n<meta property=\"product:price:currency\" content=\"EUR\" \/>\n<meta property=\"og:availability\" content=\"out of stock\" \/>\n<meta property=\"product:availability\" content=\"out of stock\" \/>\n<meta property=\"product:retailer_item_id\" content=\"KWA-HYD-KLM-GRY\" \/>\n<meta property=\"product:condition\" content=\"new\" \/>\n<!-- \/ Yoast SEO Premium plugin. -->","yoast_head_json":{"title":"Kinderwagenklammer \/ hydrophile Tuchklammer - Swaddle clip - Grau","description":"Multifunktionale Kinderwagenklammer in Grau. Unentbehrlich bei der Verwendung eines Swaddles, Swaddles oder hydrophilen Tuchs an einem Maxi-Cosi oder Kinderwagen.","robots":{"index":"index","follow":"follow","max-snippet":"max-snippet:-1","max-image-preview":"max-image-preview:large","max-video-preview":"max-video-preview:-1"},"canonical":"https:\/\/www.jootjeshaakcadeautjes.nl\/de\/produkt\/kinderwagen-clip-hydrophiler-tuch-clip-swaddle-clip-kopie\/","og_locale":"de_DE","og_type":"article","og_title":"Kinderwagenklammer \/ hydrophile Tuchklammer - Swaddle clip - Grau","og_description":"Multifunktionale Kinderwagenklammer in Grau. Unentbehrlich bei der Verwendung eines Swaddles, Swaddles oder hydrophilen Tuchs an einem Maxi-Cosi oder Kinderwagen.","og_url":"https:\/\/www.jootjeshaakcadeautjes.nl\/de\/produkt\/kinderwagen-clip-hydrophiler-tuch-clip-swaddle-clip-kopie\/","og_site_name":"Jootjes Haakcadeautjes","article_modified_time":"2026-04-20T09:17:44+00:00","og_image":[{"width":2048,"height":2048,"url":"https:\/\/d1dyryakdmle7o.cloudfront.net\/wp-content\/uploads\/2021\/12\/20211003_013823.jpg","type":"image\/jpeg"}],"twitter_card":"summary_large_image","twitter_misc":{"Preis":"&euro;1.50 inkl. MwSt.","Verf\u00fcgbarkeit":"ausverkauft"},"schema":{"@context":"https:\/\/schema.org","@graph":[{"@type":"WebPage","@id":"https:\/\/www.jootjeshaakcadeautjes.nl\/de\/produkt\/kinderwagen-clip-hydrophiler-tuch-clip-swaddle-clip-kopie\/","url":"https:\/\/www.jootjeshaakcadeautjes.nl\/de\/produkt\/kinderwagen-clip-hydrophiler-tuch-clip-swaddle-clip-kopie\/","name":"Kinderwagenklammer \/ hydrophile Tuchklammer - Swaddle clip - Grau","isPartOf":{"@id":"https:\/\/www.jootjeshaakcadeautjes.nl\/de\/#website"},"primaryImageOfPage":{"@id":"https:\/\/www.jootjeshaakcadeautjes.nl\/de\/produkt\/kinderwagen-clip-hydrophiler-tuch-clip-swaddle-clip-kopie\/#primaryimage"},"image":{"@id":"https:\/\/www.jootjeshaakcadeautjes.nl\/de\/produkt\/kinderwagen-clip-hydrophiler-tuch-clip-swaddle-clip-kopie\/#primaryimage"},"thumbnailUrl":"https:\/\/d1dyryakdmle7o.cloudfront.net\/wp-content\/uploads\/2021\/12\/20211003_013823.jpg","datePublished":"2026-04-19T13:32:50+00:00","dateModified":"2026-04-20T09:17:44+00:00","description":"Multifunktionale Kinderwagenklammer in Grau. Unentbehrlich bei der Verwendung eines Swaddles, Swaddles oder hydrophilen Tuchs an einem Maxi-Cosi oder Kinderwagen.","breadcrumb":{"@id":"https:\/\/www.jootjeshaakcadeautjes.nl\/de\/produkt\/kinderwagen-clip-hydrophiler-tuch-clip-swaddle-clip-kopie\/#breadcrumb"},"inLanguage":"de","potentialAction":[{"@type":"ReadAction","target":["https:\/\/www.jootjeshaakcadeautjes.nl\/de\/produkt\/kinderwagen-clip-hydrophiler-tuch-clip-swaddle-clip-kopie\/"]}]},{"@type":"ImageObject","inLanguage":"de","@id":"https:\/\/www.jootjeshaakcadeautjes.nl\/de\/produkt\/kinderwagen-clip-hydrophiler-tuch-clip-swaddle-clip-kopie\/#primaryimage","url":"https:\/\/d1dyryakdmle7o.cloudfront.net\/wp-content\/uploads\/2021\/12\/20211003_013823.jpg","contentUrl":"https:\/\/d1dyryakdmle7o.cloudfront.net\/wp-content\/uploads\/2021\/12\/20211003_013823.jpg","width":2048,"height":2048,"caption":"Wagenklammer hydrophiles Tuch Clip grau Gro\u00dfhandel Baby"},{"@type":"BreadcrumbList","@id":"https:\/\/www.jootjeshaakcadeautjes.nl\/de\/produkt\/kinderwagen-clip-hydrophiler-tuch-clip-swaddle-clip-kopie\/#breadcrumb","itemListElement":[{"@type":"ListItem","position":1,"name":"Startseite","item":"https:\/\/www.jootjeshaakcadeautjes.nl\/de\/"},{"@type":"ListItem","position":2,"name":"Gro\u00dfhandel mit Silikonperlen &#8211; Business und Consumer","item":"https:\/\/www.jootjeshaakcadeautjes.nl\/de\/shop\/"},{"@type":"ListItem","position":3,"name":"Kinderwagenklammer \/ hydrophile Tuchklammer &#8211; Swaddle clip &#8211; Grau"}]},{"@type":"WebSite","@id":"https:\/\/www.jootjeshaakcadeautjes.nl\/de\/#website","url":"https:\/\/www.jootjeshaakcadeautjes.nl\/de\/","name":"Jootjes Haakcadeautjes","description":"Silikonperlen Gro\u00dfhandel ","publisher":{"@id":"https:\/\/www.jootjeshaakcadeautjes.nl\/de\/#organization"},"potentialAction":[{"@type":"SearchAction","target":{"@type":"EntryPoint","urlTemplate":"https:\/\/www.jootjeshaakcadeautjes.nl\/de\/?s={search_term_string}"},"query-input":{"@type":"PropertyValueSpecification","valueRequired":true,"valueName":"search_term_string"}}],"inLanguage":"de"},{"@type":"Organization","@id":"https:\/\/www.jootjeshaakcadeautjes.nl\/de\/#organization","name":"Jootjes Haakcadeautjes","url":"https:\/\/www.jootjeshaakcadeautjes.nl\/de\/","logo":{"@type":"ImageObject","inLanguage":"de","@id":"https:\/\/www.jootjeshaakcadeautjes.nl\/de\/#\/schema\/logo\/image\/","url":"https:\/\/jootjes-haakcadeautjes-media.s3.amazonaws.com\/wp-content\/uploads\/2023\/05\/Logo-rond.png","contentUrl":"https:\/\/jootjes-haakcadeautjes-media.s3.amazonaws.com\/wp-content\/uploads\/2023\/05\/Logo-rond.png","width":1222,"height":1222,"caption":"Jootjes Haakcadeautjes"},"image":{"@id":"https:\/\/www.jootjeshaakcadeautjes.nl\/de\/#\/schema\/logo\/image\/"}}]},"product_price_amount":"1.50","product_price_currency":"EUR","og_availability":"out of stock","product_availability":"out of stock","product_retailer_item_id":"KWA-HYD-KLM-GRY","product_condition":"new"},"_links":{"self":[{"href":"https:\/\/www.jootjeshaakcadeautjes.nl\/de\/wp-json\/wp\/v2\/product\/277755","targetHints":{"allow":["GET"]}}],"collection":[{"href":"https:\/\/www.jootjeshaakcadeautjes.nl\/de\/wp-json\/wp\/v2\/product"}],"about":[{"href":"https:\/\/www.jootjeshaakcadeautjes.nl\/de\/wp-json\/wp\/v2\/types\/product"}],"version-history":[{"count":2,"href":"https:\/\/www.jootjeshaakcadeautjes.nl\/de\/wp-json\/wp\/v2\/product\/277755\/revisions"}],"predecessor-version":[{"id":279415,"href":"https:\/\/www.jootjeshaakcadeautjes.nl\/de\/wp-json\/wp\/v2\/product\/277755\/revisions\/279415"}],"wp:featuredmedia":[{"embeddable":true,"href":"https:\/\/www.jootjeshaakcadeautjes.nl\/de\/wp-json\/wp\/v2\/media\/78784"}],"wp:attachment":[{"href":"https:\/\/www.jootjeshaakcadeautjes.nl\/de\/wp-json\/wp\/v2\/media?parent=277755"}],"wp:term":[{"taxonomy":"product_brand","embeddable":true,"href":"https:\/\/www.jootjeshaakcadeautjes.nl\/de\/wp-json\/wp\/v2\/product_brand?post=277755"},{"taxonomy":"product_cat","embeddable":true,"href":"https:\/\/www.jootjeshaakcadeautjes.nl\/de\/wp-json\/wp\/v2\/product_cat?post=277755"},{"taxonomy":"product_tag","embeddable":true,"href":"https:\/\/www.jootjeshaakcadeautjes.nl\/de\/wp-json\/wp\/v2\/product_tag?post=277755"}],"curies":[{"name":"wp","href":"https:\/\/api.w.org\/{rel}","templated":true}]}}