{"id":277988,"date":"2026-04-19T22:32:41","date_gmt":"2026-04-19T20:32:41","guid":{"rendered":"https:\/\/www.jootjeshaakcadeautjes.nl\/?post_type=product&#038;p=277988"},"modified":"2026-04-20T11:17:44","modified_gmt":"2026-04-20T09:17:44","slug":"luxus-schlusselanhanger-silber-rosegold-glanzendes-gold-mattes-schwarz-und-schwarz-kopie","status":"publish","type":"product","link":"https:\/\/www.jootjeshaakcadeautjes.nl\/de\/produkt\/luxus-schlusselanhanger-silber-rosegold-glanzendes-gold-mattes-schwarz-und-schwarz-kopie\/","title":{"rendered":"Luxus-Schl\u00fcsselanh\u00e4nger &#8211; Kupfer"},"content":{"rendered":"<h2>Luxus-Schl\u00fcsselanh\u00e4nger &#8211; Kupfer<\/h2>\n<p>Diese Schl\u00fcsselanh\u00e4nger sind perfekt f\u00fcr besonders luxuri\u00f6se Taschenaufh\u00e4nger oder Schl\u00fcsselketten. Das macht die Schl\u00fcsselanh\u00e4nger zur perfekten Variante f\u00fcr die luxuri\u00f6seren Taschenaufh\u00e4nger, nicht f\u00fcr die Kleinen, sondern f\u00fcr die Gro\u00dfen. Denn genau wie Sie denken wir, dass die flei\u00dfigen und f\u00fcrsorglichen M\u00fctter, Omas, V\u00e4ter, Opas, Tanten, Onkel, Lehrer, Meister und mehr auch etwas Spa\u00df verdient haben! <\/p>\n<p>Gr\u00f6\u00dfe Ring 29 mm.<br \/>\nGr\u00f6\u00dfe Musketenhaken 20 mm breit.<\/p>\n","protected":false},"excerpt":{"rendered":"<ul>\n<li>Typ: Luxus-Schl\u00fcsselanh\u00e4nger<\/li>\n<li>Farbe: Kupfer<\/li>\n<li>Mit einem Schl\u00fcsselring und einer Kette zur Befestigung<\/li>\n<li>Gro\u00dfe Ringe, Gr\u00f6\u00dfe 29 mm.<\/li>\n<li>Gr\u00f6\u00dferer Musketenhaken als der Standard-Musketenhaken-Schl\u00fcsselring, Gr\u00f6\u00dfe 20 mm.<\/li>\n<\/ul>\n","protected":false},"featured_media":78469,"template":"","meta":[],"product_brand":[],"product_cat":[8247,8267,8262],"product_tag":[19446,8444,7991,8278,8366,9657,8078,9459,7444,14984,9568,8162,7499],"class_list":{"0":"post-277988","1":"product","2":"type-product","3":"status-publish","4":"has-post-thumbnail","6":"product_cat-bastelmaterial-hakelzubehor","7":"product_cat-lucky-dolls-diy-perlen-und-zubehor","8":"product_cat-schlusselanhanger-und-haken","9":"product_tag-diy-schlusselanhanger","10":"product_tag-kupfer-de","11":"product_tag-luxus","12":"product_tag-musketeon","13":"product_tag-mutter","14":"product_tag-mutti-de-2","15":"product_tag-ring-de","16":"product_tag-schlusselanhanger-de","17":"product_tag-schlusselanhanger","18":"product_tag-schlusselanhanger-herstellen","19":"product_tag-schlusselanhanger-mit-namen","20":"product_tag-schlusselringe","21":"product_tag-taschenaufhanger","23":"first","24":"instock","25":"taxable","26":"shipping-taxable","27":"purchasable","28":"product-type-simple"},"bundled_by":[],"bundle_stock_status":"instock","bundle_stock_quantity":267,"bundle_virtual":false,"bundle_layout":"","bundle_add_to_cart_form_location":"","bundle_editable_in_cart":false,"bundle_sold_individually_context":"","bundle_item_grouping":"","bundle_min_size":"","bundle_max_size":"","bundle_price":[],"bundled_items":[],"bundle_sell_ids":[],"yoast_head":"<!-- This site is optimized with the Yoast SEO Premium plugin v27.4 (Yoast SEO v27.5) - https:\/\/yoast.com\/product\/yoast-seo-premium-wordpress\/ -->\n<title>Luxus-Schl\u00fcsselanh\u00e4nger - Kupfer - Edelstahl - Selbermachen<\/title>\n<meta name=\"description\" content=\"Luxuri\u00f6ser Schl\u00fcsselanh\u00e4nger in der Farbe Kupfer. Speziell f\u00fcr flei\u00dfige &amp; f\u00fcrsorgliche M\u00fctter, Gro\u00dfm\u00fctter und mehr. Kreieren Sie einen sch\u00f6nen Schl\u00fcssel- oder Taschenanh\u00e4nger.\" \/>\n<meta name=\"robots\" content=\"index, follow, max-snippet:-1, max-image-preview:large, max-video-preview:-1\" \/>\n<link rel=\"canonical\" href=\"https:\/\/www.jootjeshaakcadeautjes.nl\/de\/produkt\/luxus-schlusselanhanger-silber-rosegold-glanzendes-gold-mattes-schwarz-und-schwarz-kopie\/\" \/>\n<meta property=\"og:locale\" content=\"de_DE\" \/>\n<meta property=\"og:type\" content=\"article\" \/>\n<meta property=\"og:title\" content=\"Luxus-Schl\u00fcsselanh\u00e4nger - Kupfer\" \/>\n<meta property=\"og:description\" content=\"Luxuri\u00f6ser Schl\u00fcsselanh\u00e4nger in der Farbe Kupfer. Speziell f\u00fcr flei\u00dfige &amp; f\u00fcrsorgliche M\u00fctter, Gro\u00dfm\u00fctter und mehr. Kreieren Sie einen sch\u00f6nen Schl\u00fcssel- oder Taschenanh\u00e4nger.\" \/>\n<meta property=\"og:url\" content=\"https:\/\/www.jootjeshaakcadeautjes.nl\/de\/produkt\/luxus-schlusselanhanger-silber-rosegold-glanzendes-gold-mattes-schwarz-und-schwarz-kopie\/\" \/>\n<meta property=\"og:site_name\" content=\"Jootjes Haakcadeautjes\" \/>\n<meta property=\"article:modified_time\" content=\"2026-04-20T09:17:44+00:00\" \/>\n<meta property=\"og:image\" content=\"https:\/\/d1dyryakdmle7o.cloudfront.net\/wp-content\/uploads\/2021\/12\/20211128_110729.jpg\" \/>\n\t<meta property=\"og:image:width\" content=\"2048\" \/>\n\t<meta property=\"og:image:height\" content=\"2048\" \/>\n\t<meta property=\"og:image:type\" content=\"image\/jpeg\" \/>\n<meta name=\"twitter:card\" content=\"summary_large_image\" \/>\n<meta name=\"twitter:label1\" content=\"Preis\" \/>\n\t<meta name=\"twitter:data1\" content=\"&euro;0.60 inkl. MwSt.\" \/>\n\t<meta name=\"twitter:label2\" content=\"Verf\u00fcgbarkeit\" \/>\n\t<meta name=\"twitter:data2\" content=\"Auf Lager\" \/>\n<script type=\"application\/ld+json\" class=\"yoast-schema-graph\">{\"@context\":\"https:\\\/\\\/schema.org\",\"@graph\":[{\"@type\":\"WebPage\",\"@id\":\"https:\\\/\\\/www.jootjeshaakcadeautjes.nl\\\/de\\\/produkt\\\/luxus-schlusselanhanger-silber-rosegold-glanzendes-gold-mattes-schwarz-und-schwarz-kopie\\\/\",\"url\":\"https:\\\/\\\/www.jootjeshaakcadeautjes.nl\\\/de\\\/produkt\\\/luxus-schlusselanhanger-silber-rosegold-glanzendes-gold-mattes-schwarz-und-schwarz-kopie\\\/\",\"name\":\"Luxus-Schl\u00fcsselanh\u00e4nger - Kupfer - Edelstahl - Selbermachen\",\"isPartOf\":{\"@id\":\"https:\\\/\\\/www.jootjeshaakcadeautjes.nl\\\/de\\\/#website\"},\"primaryImageOfPage\":{\"@id\":\"https:\\\/\\\/www.jootjeshaakcadeautjes.nl\\\/de\\\/produkt\\\/luxus-schlusselanhanger-silber-rosegold-glanzendes-gold-mattes-schwarz-und-schwarz-kopie\\\/#primaryimage\"},\"image\":{\"@id\":\"https:\\\/\\\/www.jootjeshaakcadeautjes.nl\\\/de\\\/produkt\\\/luxus-schlusselanhanger-silber-rosegold-glanzendes-gold-mattes-schwarz-und-schwarz-kopie\\\/#primaryimage\"},\"thumbnailUrl\":\"https:\\\/\\\/d1dyryakdmle7o.cloudfront.net\\\/wp-content\\\/uploads\\\/2021\\\/12\\\/20211128_110729.jpg\",\"datePublished\":\"2026-04-19T20:32:41+00:00\",\"dateModified\":\"2026-04-20T09:17:44+00:00\",\"description\":\"Luxuri\u00f6ser Schl\u00fcsselanh\u00e4nger in der Farbe Kupfer. Speziell f\u00fcr flei\u00dfige & f\u00fcrsorgliche M\u00fctter, Gro\u00dfm\u00fctter und mehr. Kreieren Sie einen sch\u00f6nen Schl\u00fcssel- oder Taschenanh\u00e4nger.\",\"breadcrumb\":{\"@id\":\"https:\\\/\\\/www.jootjeshaakcadeautjes.nl\\\/de\\\/produkt\\\/luxus-schlusselanhanger-silber-rosegold-glanzendes-gold-mattes-schwarz-und-schwarz-kopie\\\/#breadcrumb\"},\"inLanguage\":\"de\",\"potentialAction\":[{\"@type\":\"ReadAction\",\"target\":[\"https:\\\/\\\/www.jootjeshaakcadeautjes.nl\\\/de\\\/produkt\\\/luxus-schlusselanhanger-silber-rosegold-glanzendes-gold-mattes-schwarz-und-schwarz-kopie\\\/\"]}]},{\"@type\":\"ImageObject\",\"inLanguage\":\"de\",\"@id\":\"https:\\\/\\\/www.jootjeshaakcadeautjes.nl\\\/de\\\/produkt\\\/luxus-schlusselanhanger-silber-rosegold-glanzendes-gold-mattes-schwarz-und-schwarz-kopie\\\/#primaryimage\",\"url\":\"https:\\\/\\\/d1dyryakdmle7o.cloudfront.net\\\/wp-content\\\/uploads\\\/2021\\\/12\\\/20211128_110729.jpg\",\"contentUrl\":\"https:\\\/\\\/d1dyryakdmle7o.cloudfront.net\\\/wp-content\\\/uploads\\\/2021\\\/12\\\/20211128_110729.jpg\",\"width\":2048,\"height\":2048,\"caption\":\"Luxus Schl\u00fcsselanh\u00e4nger Kupfer\"},{\"@type\":\"BreadcrumbList\",\"@id\":\"https:\\\/\\\/www.jootjeshaakcadeautjes.nl\\\/de\\\/produkt\\\/luxus-schlusselanhanger-silber-rosegold-glanzendes-gold-mattes-schwarz-und-schwarz-kopie\\\/#breadcrumb\",\"itemListElement\":[{\"@type\":\"ListItem\",\"position\":1,\"name\":\"Startseite\",\"item\":\"https:\\\/\\\/www.jootjeshaakcadeautjes.nl\\\/de\\\/\"},{\"@type\":\"ListItem\",\"position\":2,\"name\":\"Gro\u00dfhandel mit Silikonperlen &#8211; Business und Consumer\",\"item\":\"https:\\\/\\\/www.jootjeshaakcadeautjes.nl\\\/de\\\/shop\\\/\"},{\"@type\":\"ListItem\",\"position\":3,\"name\":\"Luxus-Schl\u00fcsselanh\u00e4nger &#8211; Kupfer\"}]},{\"@type\":\"WebSite\",\"@id\":\"https:\\\/\\\/www.jootjeshaakcadeautjes.nl\\\/de\\\/#website\",\"url\":\"https:\\\/\\\/www.jootjeshaakcadeautjes.nl\\\/de\\\/\",\"name\":\"Jootjes Haakcadeautjes\",\"description\":\"Silikonperlen Gro\u00dfhandel \",\"publisher\":{\"@id\":\"https:\\\/\\\/www.jootjeshaakcadeautjes.nl\\\/de\\\/#organization\"},\"potentialAction\":[{\"@type\":\"SearchAction\",\"target\":{\"@type\":\"EntryPoint\",\"urlTemplate\":\"https:\\\/\\\/www.jootjeshaakcadeautjes.nl\\\/de\\\/?s={search_term_string}\"},\"query-input\":{\"@type\":\"PropertyValueSpecification\",\"valueRequired\":true,\"valueName\":\"search_term_string\"}}],\"inLanguage\":\"de\"},{\"@type\":\"Organization\",\"@id\":\"https:\\\/\\\/www.jootjeshaakcadeautjes.nl\\\/de\\\/#organization\",\"name\":\"Jootjes Haakcadeautjes\",\"url\":\"https:\\\/\\\/www.jootjeshaakcadeautjes.nl\\\/de\\\/\",\"logo\":{\"@type\":\"ImageObject\",\"inLanguage\":\"de\",\"@id\":\"https:\\\/\\\/www.jootjeshaakcadeautjes.nl\\\/de\\\/#\\\/schema\\\/logo\\\/image\\\/\",\"url\":\"https:\\\/\\\/jootjes-haakcadeautjes-media.s3.amazonaws.com\\\/wp-content\\\/uploads\\\/2023\\\/05\\\/Logo-rond.png\",\"contentUrl\":\"https:\\\/\\\/jootjes-haakcadeautjes-media.s3.amazonaws.com\\\/wp-content\\\/uploads\\\/2023\\\/05\\\/Logo-rond.png\",\"width\":1222,\"height\":1222,\"caption\":\"Jootjes Haakcadeautjes\"},\"image\":{\"@id\":\"https:\\\/\\\/www.jootjeshaakcadeautjes.nl\\\/de\\\/#\\\/schema\\\/logo\\\/image\\\/\"}}]}<\/script>\n<meta property=\"product:price:amount\" content=\"0.60\" \/>\n<meta property=\"product:price:currency\" content=\"EUR\" \/>\n<meta property=\"og:availability\" content=\"instock\" \/>\n<meta property=\"product:availability\" content=\"instock\" \/>\n<meta property=\"product:retailer_item_id\" content=\"LUX-SLH-KOP\" \/>\n<meta property=\"product:condition\" content=\"new\" \/>\n<!-- \/ Yoast SEO Premium plugin. -->","yoast_head_json":{"title":"Luxus-Schl\u00fcsselanh\u00e4nger - Kupfer - Edelstahl - Selbermachen","description":"Luxuri\u00f6ser Schl\u00fcsselanh\u00e4nger in der Farbe Kupfer. Speziell f\u00fcr flei\u00dfige & f\u00fcrsorgliche M\u00fctter, Gro\u00dfm\u00fctter und mehr. Kreieren Sie einen sch\u00f6nen Schl\u00fcssel- oder Taschenanh\u00e4nger.","robots":{"index":"index","follow":"follow","max-snippet":"max-snippet:-1","max-image-preview":"max-image-preview:large","max-video-preview":"max-video-preview:-1"},"canonical":"https:\/\/www.jootjeshaakcadeautjes.nl\/de\/produkt\/luxus-schlusselanhanger-silber-rosegold-glanzendes-gold-mattes-schwarz-und-schwarz-kopie\/","og_locale":"de_DE","og_type":"article","og_title":"Luxus-Schl\u00fcsselanh\u00e4nger - Kupfer","og_description":"Luxuri\u00f6ser Schl\u00fcsselanh\u00e4nger in der Farbe Kupfer. Speziell f\u00fcr flei\u00dfige & f\u00fcrsorgliche M\u00fctter, Gro\u00dfm\u00fctter und mehr. Kreieren Sie einen sch\u00f6nen Schl\u00fcssel- oder Taschenanh\u00e4nger.","og_url":"https:\/\/www.jootjeshaakcadeautjes.nl\/de\/produkt\/luxus-schlusselanhanger-silber-rosegold-glanzendes-gold-mattes-schwarz-und-schwarz-kopie\/","og_site_name":"Jootjes Haakcadeautjes","article_modified_time":"2026-04-20T09:17:44+00:00","og_image":[{"width":2048,"height":2048,"url":"https:\/\/d1dyryakdmle7o.cloudfront.net\/wp-content\/uploads\/2021\/12\/20211128_110729.jpg","type":"image\/jpeg"}],"twitter_card":"summary_large_image","twitter_misc":{"Preis":"&euro;0.60 inkl. MwSt.","Verf\u00fcgbarkeit":"Auf Lager"},"schema":{"@context":"https:\/\/schema.org","@graph":[{"@type":"WebPage","@id":"https:\/\/www.jootjeshaakcadeautjes.nl\/de\/produkt\/luxus-schlusselanhanger-silber-rosegold-glanzendes-gold-mattes-schwarz-und-schwarz-kopie\/","url":"https:\/\/www.jootjeshaakcadeautjes.nl\/de\/produkt\/luxus-schlusselanhanger-silber-rosegold-glanzendes-gold-mattes-schwarz-und-schwarz-kopie\/","name":"Luxus-Schl\u00fcsselanh\u00e4nger - Kupfer - Edelstahl - Selbermachen","isPartOf":{"@id":"https:\/\/www.jootjeshaakcadeautjes.nl\/de\/#website"},"primaryImageOfPage":{"@id":"https:\/\/www.jootjeshaakcadeautjes.nl\/de\/produkt\/luxus-schlusselanhanger-silber-rosegold-glanzendes-gold-mattes-schwarz-und-schwarz-kopie\/#primaryimage"},"image":{"@id":"https:\/\/www.jootjeshaakcadeautjes.nl\/de\/produkt\/luxus-schlusselanhanger-silber-rosegold-glanzendes-gold-mattes-schwarz-und-schwarz-kopie\/#primaryimage"},"thumbnailUrl":"https:\/\/d1dyryakdmle7o.cloudfront.net\/wp-content\/uploads\/2021\/12\/20211128_110729.jpg","datePublished":"2026-04-19T20:32:41+00:00","dateModified":"2026-04-20T09:17:44+00:00","description":"Luxuri\u00f6ser Schl\u00fcsselanh\u00e4nger in der Farbe Kupfer. Speziell f\u00fcr flei\u00dfige & f\u00fcrsorgliche M\u00fctter, Gro\u00dfm\u00fctter und mehr. Kreieren Sie einen sch\u00f6nen Schl\u00fcssel- oder Taschenanh\u00e4nger.","breadcrumb":{"@id":"https:\/\/www.jootjeshaakcadeautjes.nl\/de\/produkt\/luxus-schlusselanhanger-silber-rosegold-glanzendes-gold-mattes-schwarz-und-schwarz-kopie\/#breadcrumb"},"inLanguage":"de","potentialAction":[{"@type":"ReadAction","target":["https:\/\/www.jootjeshaakcadeautjes.nl\/de\/produkt\/luxus-schlusselanhanger-silber-rosegold-glanzendes-gold-mattes-schwarz-und-schwarz-kopie\/"]}]},{"@type":"ImageObject","inLanguage":"de","@id":"https:\/\/www.jootjeshaakcadeautjes.nl\/de\/produkt\/luxus-schlusselanhanger-silber-rosegold-glanzendes-gold-mattes-schwarz-und-schwarz-kopie\/#primaryimage","url":"https:\/\/d1dyryakdmle7o.cloudfront.net\/wp-content\/uploads\/2021\/12\/20211128_110729.jpg","contentUrl":"https:\/\/d1dyryakdmle7o.cloudfront.net\/wp-content\/uploads\/2021\/12\/20211128_110729.jpg","width":2048,"height":2048,"caption":"Luxus Schl\u00fcsselanh\u00e4nger Kupfer"},{"@type":"BreadcrumbList","@id":"https:\/\/www.jootjeshaakcadeautjes.nl\/de\/produkt\/luxus-schlusselanhanger-silber-rosegold-glanzendes-gold-mattes-schwarz-und-schwarz-kopie\/#breadcrumb","itemListElement":[{"@type":"ListItem","position":1,"name":"Startseite","item":"https:\/\/www.jootjeshaakcadeautjes.nl\/de\/"},{"@type":"ListItem","position":2,"name":"Gro\u00dfhandel mit Silikonperlen &#8211; Business und Consumer","item":"https:\/\/www.jootjeshaakcadeautjes.nl\/de\/shop\/"},{"@type":"ListItem","position":3,"name":"Luxus-Schl\u00fcsselanh\u00e4nger &#8211; Kupfer"}]},{"@type":"WebSite","@id":"https:\/\/www.jootjeshaakcadeautjes.nl\/de\/#website","url":"https:\/\/www.jootjeshaakcadeautjes.nl\/de\/","name":"Jootjes Haakcadeautjes","description":"Silikonperlen Gro\u00dfhandel ","publisher":{"@id":"https:\/\/www.jootjeshaakcadeautjes.nl\/de\/#organization"},"potentialAction":[{"@type":"SearchAction","target":{"@type":"EntryPoint","urlTemplate":"https:\/\/www.jootjeshaakcadeautjes.nl\/de\/?s={search_term_string}"},"query-input":{"@type":"PropertyValueSpecification","valueRequired":true,"valueName":"search_term_string"}}],"inLanguage":"de"},{"@type":"Organization","@id":"https:\/\/www.jootjeshaakcadeautjes.nl\/de\/#organization","name":"Jootjes Haakcadeautjes","url":"https:\/\/www.jootjeshaakcadeautjes.nl\/de\/","logo":{"@type":"ImageObject","inLanguage":"de","@id":"https:\/\/www.jootjeshaakcadeautjes.nl\/de\/#\/schema\/logo\/image\/","url":"https:\/\/jootjes-haakcadeautjes-media.s3.amazonaws.com\/wp-content\/uploads\/2023\/05\/Logo-rond.png","contentUrl":"https:\/\/jootjes-haakcadeautjes-media.s3.amazonaws.com\/wp-content\/uploads\/2023\/05\/Logo-rond.png","width":1222,"height":1222,"caption":"Jootjes Haakcadeautjes"},"image":{"@id":"https:\/\/www.jootjeshaakcadeautjes.nl\/de\/#\/schema\/logo\/image\/"}}]},"product_price_amount":"0.60","product_price_currency":"EUR","og_availability":"instock","product_availability":"instock","product_retailer_item_id":"LUX-SLH-KOP","product_condition":"new"},"_links":{"self":[{"href":"https:\/\/www.jootjeshaakcadeautjes.nl\/de\/wp-json\/wp\/v2\/product\/277988","targetHints":{"allow":["GET"]}}],"collection":[{"href":"https:\/\/www.jootjeshaakcadeautjes.nl\/de\/wp-json\/wp\/v2\/product"}],"about":[{"href":"https:\/\/www.jootjeshaakcadeautjes.nl\/de\/wp-json\/wp\/v2\/types\/product"}],"version-history":[{"count":1,"href":"https:\/\/www.jootjeshaakcadeautjes.nl\/de\/wp-json\/wp\/v2\/product\/277988\/revisions"}],"predecessor-version":[{"id":278638,"href":"https:\/\/www.jootjeshaakcadeautjes.nl\/de\/wp-json\/wp\/v2\/product\/277988\/revisions\/278638"}],"wp:featuredmedia":[{"embeddable":true,"href":"https:\/\/www.jootjeshaakcadeautjes.nl\/de\/wp-json\/wp\/v2\/media\/78469"}],"wp:attachment":[{"href":"https:\/\/www.jootjeshaakcadeautjes.nl\/de\/wp-json\/wp\/v2\/media?parent=277988"}],"wp:term":[{"taxonomy":"product_brand","embeddable":true,"href":"https:\/\/www.jootjeshaakcadeautjes.nl\/de\/wp-json\/wp\/v2\/product_brand?post=277988"},{"taxonomy":"product_cat","embeddable":true,"href":"https:\/\/www.jootjeshaakcadeautjes.nl\/de\/wp-json\/wp\/v2\/product_cat?post=277988"},{"taxonomy":"product_tag","embeddable":true,"href":"https:\/\/www.jootjeshaakcadeautjes.nl\/de\/wp-json\/wp\/v2\/product_tag?post=277988"}],"curies":[{"name":"wp","href":"https:\/\/api.w.org\/{rel}","templated":true}]}}