{"id":282184,"date":"2026-05-02T18:50:15","date_gmt":"2026-05-02T16:50:15","guid":{"rendered":"https:\/\/www.jootjeshaakcadeautjes.nl\/?post_type=product&#038;p=282184"},"modified":"2026-05-08T16:00:17","modified_gmt":"2026-05-08T14:00:17","slug":"zebra-silikonperlen-12-und-16-mm-rund-14-und-17-mm-sechseckig-kopie-3","status":"publish","type":"product","link":"https:\/\/www.jootjeshaakcadeautjes.nl\/de\/produkt\/zebra-silikonperlen-12-und-16-mm-rund-14-und-17-mm-sechseckig-kopie-3\/","title":{"rendered":"Silikonperlen &#8211; 14 mm &#8211; Sechseck &#8211; Zebradruck"},"content":{"rendered":"<h3>Silikonperlen &#8211; 14 mm Sechseck &#8211; Zebradruck<\/h3>\n<h3>Spezifikationen:<\/h3>\n<ul>\n<li>Variante: Zebra<\/li>\n<li>Form: 14 mm Sechskant<\/li>\n<li>BPA-frei<\/li>\n<li>Geeignet f\u00fcr CE-zertifizierte Endprodukte<\/li>\n<\/ul>\n<h2>Qualit\u00e4t und Sicherheit:<\/h2>\n<p>Alle unsere Silikonmaterialien sind BPA- und Phthalat-frei. Au\u00dferdem werden nat\u00fcrlich keine anderen sch\u00e4dlichen Stoffe bei der Herstellung dieser Silikonperlen verwendet. Die Perlen sind daher sowohl f\u00fcr Babys als auch f\u00fcr \u00e4ltere Kinder geeignet, die gerne in etwas hineinbei\u00dfen. Die Perlen sind f\u00fcr das CE-zertifizierte Endprodukt geeignet und sind robust. Sie nutzen sich daher kaum ab. Dar\u00fcber hinaus sind die Perlen leicht zu reinigen.     <\/p>\n<p><em>Befestigen Sie die Silikonperlen immer ordnungsgem\u00e4\u00df und \u00fcberpr\u00fcfen Sie Ihre Kreationen regelm\u00e4\u00dfig, z. B. auf Abnutzung und Verschlei\u00df. Hierf\u00fcr sind Sie selbst verantwortlich.  Jootjes Haakcadeautjes pr\u00fcft Ihr fertiges Produkt nicht und kann daher keine Sch\u00e4den oder Lockerungen aufgrund von Abnutzung annehmen. Wir raten, handgefertigtes Bei\u00dfspielzeug nur unter Aufsicht von Erwachsenen zu verwenden, um gef\u00e4hrliche Situationen zu vermeiden. <\/em><\/p>\n","protected":false},"excerpt":{"rendered":"<ul>\n<li>Variante mit Zebradruck<\/li>\n<li>Gr\u00f6\u00dfe: 14 mm Sechskant<\/li>\n<li>BPA-frei<\/li>\n<li>Geeignet f\u00fcr CE-zertifizierte Endprodukte<\/li>\n<li>Cool zum Zahnen<\/li>\n<\/ul>\n<p>Sie sind in verschiedenen Formen erh\u00e4ltlich und k\u00f6nnen so nach Belieben zusammengesetzt werden.<\/p>\n","protected":false},"featured_media":282192,"template":"","meta":[],"product_brand":[],"product_cat":[7380,8386,6991,8018,7889],"product_tag":[7510,7385,7419,7565,7464,7416,7451,7397,7199,7905,7434,7520,7211,9647,7536,8101,8176,9650],"class_list":{"0":"post-282184","1":"product","2":"type-product","3":"status-publish","4":"has-post-thumbnail","6":"product_cat-herstellung-von-baby-beisspielzeug-materialien-fur-schnuller-und-beisringe","7":"product_cat-silikonperlen-animal-prints","8":"product_cat-silikonperlen-bpa-frei-grosshandel","9":"product_cat-silikonperlen-mit-druck-alle-drucke-leopard-panther-giraffe-zebra-rosen-blatter-und-mehr","10":"product_cat-silikonperlen-und-babyzubehor-verkauf","11":"product_tag-baby-de","12":"product_tag-beisring","13":"product_tag-bpa-de","14":"product_tag-drucken","15":"product_tag-groshandel","16":"product_tag-gummischnur","17":"product_tag-kostenlos","18":"product_tag-mm-de","19":"product_tag-perlen","20":"product_tag-phthalat","21":"product_tag-sechseck","22":"product_tag-sicher","23":"product_tag-silikon","24":"product_tag-tierprint","25":"product_tag-um","26":"product_tag-waggonaufhanger","27":"product_tag-zebra-de","28":"product_tag-zebradruck","30":"first","31":"instock","32":"taxable","33":"shipping-taxable","34":"purchasable","35":"product-type-simple"},"bundled_by":[],"bundle_stock_status":"instock","bundle_stock_quantity":337,"bundle_virtual":false,"bundle_layout":"","bundle_add_to_cart_form_location":"","bundle_editable_in_cart":false,"bundle_sold_individually_context":"","bundle_item_grouping":"","bundle_min_size":"","bundle_max_size":"","bundle_price":[],"bundled_items":[],"bundle_sell_ids":[],"yoast_head":"<!-- This site is optimized with the Yoast SEO Premium plugin v27.4 (Yoast SEO v27.5) - https:\/\/yoast.com\/product\/yoast-seo-premium-wordpress\/ -->\n<title>Jootjes Haakcadeautjes<\/title>\n<meta name=\"description\" content=\"Silikonperlen mit Zebra-Aufdruck. Gr\u00f6\u00dfe 14 mm Sechseck. Geeignet f\u00fcr baby-safe Schnuller Schn\u00fcre und Bei\u00dfringe. Sofort verf\u00fcgbar.\" \/>\n<meta name=\"robots\" content=\"index, follow, max-snippet:-1, max-image-preview:large, max-video-preview:-1\" \/>\n<link rel=\"canonical\" href=\"https:\/\/www.jootjeshaakcadeautjes.nl\/de\/produkt\/zebra-silikonperlen-12-und-16-mm-rund-14-und-17-mm-sechseckig-kopie-3\/\" \/>\n<meta property=\"og:locale\" content=\"de_DE\" \/>\n<meta property=\"og:type\" content=\"article\" \/>\n<meta property=\"og:title\" content=\"Silikonperlen - 14 mm - Sechseck - Zebradruck\" \/>\n<meta property=\"og:description\" content=\"Silikonperlen mit Zebra-Aufdruck. Gr\u00f6\u00dfe 14 mm Sechseck. Geeignet f\u00fcr baby-safe Schnuller Schn\u00fcre und Bei\u00dfringe. Sofort verf\u00fcgbar.\" \/>\n<meta property=\"og:url\" content=\"https:\/\/www.jootjeshaakcadeautjes.nl\/de\/produkt\/zebra-silikonperlen-12-und-16-mm-rund-14-und-17-mm-sechseckig-kopie-3\/\" \/>\n<meta property=\"og:site_name\" content=\"Jootjes Haakcadeautjes\" \/>\n<meta property=\"article:modified_time\" content=\"2026-05-08T14:00:17+00:00\" \/>\n<meta property=\"og:image\" content=\"https:\/\/d1dyryakdmle7o.cloudfront.net\/wp-content\/uploads\/2020\/11\/20201025_211351.jpg\" \/>\n\t<meta property=\"og:image:width\" content=\"1477\" \/>\n\t<meta property=\"og:image:height\" content=\"1477\" \/>\n\t<meta property=\"og:image:type\" content=\"image\/jpeg\" \/>\n<meta name=\"twitter:card\" content=\"summary_large_image\" \/>\n<meta name=\"twitter:label1\" content=\"Preis\" \/>\n\t<meta name=\"twitter:data1\" content=\"&euro;0.50 inkl. MwSt.\" \/>\n\t<meta name=\"twitter:label2\" content=\"Verf\u00fcgbarkeit\" \/>\n\t<meta name=\"twitter:data2\" content=\"Auf Lager\" \/>\n<script type=\"application\/ld+json\" class=\"yoast-schema-graph\">{\"@context\":\"https:\\\/\\\/schema.org\",\"@graph\":[{\"@type\":\"WebPage\",\"@id\":\"https:\\\/\\\/www.jootjeshaakcadeautjes.nl\\\/de\\\/produkt\\\/zebra-silikonperlen-12-und-16-mm-rund-14-und-17-mm-sechseckig-kopie-3\\\/\",\"url\":\"https:\\\/\\\/www.jootjeshaakcadeautjes.nl\\\/de\\\/produkt\\\/zebra-silikonperlen-12-und-16-mm-rund-14-und-17-mm-sechseckig-kopie-3\\\/\",\"name\":\"\",\"isPartOf\":{\"@id\":\"https:\\\/\\\/www.jootjeshaakcadeautjes.nl\\\/de\\\/#website\"},\"primaryImageOfPage\":{\"@id\":\"https:\\\/\\\/www.jootjeshaakcadeautjes.nl\\\/de\\\/produkt\\\/zebra-silikonperlen-12-und-16-mm-rund-14-und-17-mm-sechseckig-kopie-3\\\/#primaryimage\"},\"image\":{\"@id\":\"https:\\\/\\\/www.jootjeshaakcadeautjes.nl\\\/de\\\/produkt\\\/zebra-silikonperlen-12-und-16-mm-rund-14-und-17-mm-sechseckig-kopie-3\\\/#primaryimage\"},\"thumbnailUrl\":\"https:\\\/\\\/d1dyryakdmle7o.cloudfront.net\\\/wp-content\\\/uploads\\\/2020\\\/11\\\/20201025_211351.jpg\",\"datePublished\":\"2026-05-02T16:50:15+00:00\",\"dateModified\":\"2026-05-08T14:00:17+00:00\",\"description\":\"Silikonperlen mit Zebra-Aufdruck. Gr\u00f6\u00dfe 14 mm Sechseck. Geeignet f\u00fcr baby-safe Schnuller Schn\u00fcre und Bei\u00dfringe. Sofort verf\u00fcgbar.\",\"breadcrumb\":{\"@id\":\"https:\\\/\\\/www.jootjeshaakcadeautjes.nl\\\/de\\\/produkt\\\/zebra-silikonperlen-12-und-16-mm-rund-14-und-17-mm-sechseckig-kopie-3\\\/#breadcrumb\"},\"inLanguage\":\"de\",\"potentialAction\":[{\"@type\":\"ReadAction\",\"target\":[\"https:\\\/\\\/www.jootjeshaakcadeautjes.nl\\\/de\\\/produkt\\\/zebra-silikonperlen-12-und-16-mm-rund-14-und-17-mm-sechseckig-kopie-3\\\/\"]}]},{\"@type\":\"ImageObject\",\"inLanguage\":\"de\",\"@id\":\"https:\\\/\\\/www.jootjeshaakcadeautjes.nl\\\/de\\\/produkt\\\/zebra-silikonperlen-12-und-16-mm-rund-14-und-17-mm-sechseckig-kopie-3\\\/#primaryimage\",\"url\":\"https:\\\/\\\/d1dyryakdmle7o.cloudfront.net\\\/wp-content\\\/uploads\\\/2020\\\/11\\\/20201025_211351.jpg\",\"contentUrl\":\"https:\\\/\\\/d1dyryakdmle7o.cloudfront.net\\\/wp-content\\\/uploads\\\/2020\\\/11\\\/20201025_211351.jpg\",\"width\":1477,\"height\":1477,\"caption\":\"Silikonperlen Sechseck Zebra 14 mm bpa frei Gro\u00dfhandel Baby sicher\"},{\"@type\":\"BreadcrumbList\",\"@id\":\"https:\\\/\\\/www.jootjeshaakcadeautjes.nl\\\/de\\\/produkt\\\/zebra-silikonperlen-12-und-16-mm-rund-14-und-17-mm-sechseckig-kopie-3\\\/#breadcrumb\",\"itemListElement\":[{\"@type\":\"ListItem\",\"position\":1,\"name\":\"Startseite\",\"item\":\"https:\\\/\\\/www.jootjeshaakcadeautjes.nl\\\/de\\\/\"},{\"@type\":\"ListItem\",\"position\":2,\"name\":\"Gro\u00dfhandel mit Silikonperlen &#8211; Business und Consumer\",\"item\":\"https:\\\/\\\/www.jootjeshaakcadeautjes.nl\\\/de\\\/shop\\\/\"},{\"@type\":\"ListItem\",\"position\":3,\"name\":\"Silikonperlen &#8211; 14 mm &#8211; Sechseck &#8211; Zebradruck\"}]},{\"@type\":\"WebSite\",\"@id\":\"https:\\\/\\\/www.jootjeshaakcadeautjes.nl\\\/de\\\/#website\",\"url\":\"https:\\\/\\\/www.jootjeshaakcadeautjes.nl\\\/de\\\/\",\"name\":\"Jootjes Haakcadeautjes\",\"description\":\"Silikonperlen Gro\u00dfhandel \",\"publisher\":{\"@id\":\"https:\\\/\\\/www.jootjeshaakcadeautjes.nl\\\/de\\\/#organization\"},\"potentialAction\":[{\"@type\":\"SearchAction\",\"target\":{\"@type\":\"EntryPoint\",\"urlTemplate\":\"https:\\\/\\\/www.jootjeshaakcadeautjes.nl\\\/de\\\/?s={search_term_string}\"},\"query-input\":{\"@type\":\"PropertyValueSpecification\",\"valueRequired\":true,\"valueName\":\"search_term_string\"}}],\"inLanguage\":\"de\"},{\"@type\":\"Organization\",\"@id\":\"https:\\\/\\\/www.jootjeshaakcadeautjes.nl\\\/de\\\/#organization\",\"name\":\"Jootjes Haakcadeautjes\",\"url\":\"https:\\\/\\\/www.jootjeshaakcadeautjes.nl\\\/de\\\/\",\"logo\":{\"@type\":\"ImageObject\",\"inLanguage\":\"de\",\"@id\":\"https:\\\/\\\/www.jootjeshaakcadeautjes.nl\\\/de\\\/#\\\/schema\\\/logo\\\/image\\\/\",\"url\":\"https:\\\/\\\/jootjes-haakcadeautjes-media.s3.amazonaws.com\\\/wp-content\\\/uploads\\\/2023\\\/05\\\/Logo-rond.png\",\"contentUrl\":\"https:\\\/\\\/jootjes-haakcadeautjes-media.s3.amazonaws.com\\\/wp-content\\\/uploads\\\/2023\\\/05\\\/Logo-rond.png\",\"width\":1222,\"height\":1222,\"caption\":\"Jootjes Haakcadeautjes\"},\"image\":{\"@id\":\"https:\\\/\\\/www.jootjeshaakcadeautjes.nl\\\/de\\\/#\\\/schema\\\/logo\\\/image\\\/\"}}]}<\/script>\n<meta property=\"product:price:amount\" content=\"0.50\" \/>\n<meta property=\"product:price:currency\" content=\"EUR\" \/>\n<meta property=\"og:availability\" content=\"instock\" \/>\n<meta property=\"product:availability\" content=\"instock\" \/>\n<meta property=\"product:retailer_item_id\" content=\"SKR-ZEB-H14\" \/>\n<meta property=\"product:condition\" content=\"new\" \/>\n<!-- \/ Yoast SEO Premium plugin. -->","yoast_head_json":{"title":"Jootjes Haakcadeautjes","description":"Silikonperlen mit Zebra-Aufdruck. Gr\u00f6\u00dfe 14 mm Sechseck. Geeignet f\u00fcr baby-safe Schnuller Schn\u00fcre und Bei\u00dfringe. Sofort verf\u00fcgbar.","robots":{"index":"index","follow":"follow","max-snippet":"max-snippet:-1","max-image-preview":"max-image-preview:large","max-video-preview":"max-video-preview:-1"},"canonical":"https:\/\/www.jootjeshaakcadeautjes.nl\/de\/produkt\/zebra-silikonperlen-12-und-16-mm-rund-14-und-17-mm-sechseckig-kopie-3\/","og_locale":"de_DE","og_type":"article","og_title":"Silikonperlen - 14 mm - Sechseck - Zebradruck","og_description":"Silikonperlen mit Zebra-Aufdruck. Gr\u00f6\u00dfe 14 mm Sechseck. Geeignet f\u00fcr baby-safe Schnuller Schn\u00fcre und Bei\u00dfringe. Sofort verf\u00fcgbar.","og_url":"https:\/\/www.jootjeshaakcadeautjes.nl\/de\/produkt\/zebra-silikonperlen-12-und-16-mm-rund-14-und-17-mm-sechseckig-kopie-3\/","og_site_name":"Jootjes Haakcadeautjes","article_modified_time":"2026-05-08T14:00:17+00:00","og_image":[{"width":1477,"height":1477,"url":"https:\/\/d1dyryakdmle7o.cloudfront.net\/wp-content\/uploads\/2020\/11\/20201025_211351.jpg","type":"image\/jpeg"}],"twitter_card":"summary_large_image","twitter_misc":{"Preis":"&euro;0.50 inkl. MwSt.","Verf\u00fcgbarkeit":"Auf Lager"},"schema":{"@context":"https:\/\/schema.org","@graph":[{"@type":"WebPage","@id":"https:\/\/www.jootjeshaakcadeautjes.nl\/de\/produkt\/zebra-silikonperlen-12-und-16-mm-rund-14-und-17-mm-sechseckig-kopie-3\/","url":"https:\/\/www.jootjeshaakcadeautjes.nl\/de\/produkt\/zebra-silikonperlen-12-und-16-mm-rund-14-und-17-mm-sechseckig-kopie-3\/","name":"","isPartOf":{"@id":"https:\/\/www.jootjeshaakcadeautjes.nl\/de\/#website"},"primaryImageOfPage":{"@id":"https:\/\/www.jootjeshaakcadeautjes.nl\/de\/produkt\/zebra-silikonperlen-12-und-16-mm-rund-14-und-17-mm-sechseckig-kopie-3\/#primaryimage"},"image":{"@id":"https:\/\/www.jootjeshaakcadeautjes.nl\/de\/produkt\/zebra-silikonperlen-12-und-16-mm-rund-14-und-17-mm-sechseckig-kopie-3\/#primaryimage"},"thumbnailUrl":"https:\/\/d1dyryakdmle7o.cloudfront.net\/wp-content\/uploads\/2020\/11\/20201025_211351.jpg","datePublished":"2026-05-02T16:50:15+00:00","dateModified":"2026-05-08T14:00:17+00:00","description":"Silikonperlen mit Zebra-Aufdruck. Gr\u00f6\u00dfe 14 mm Sechseck. Geeignet f\u00fcr baby-safe Schnuller Schn\u00fcre und Bei\u00dfringe. Sofort verf\u00fcgbar.","breadcrumb":{"@id":"https:\/\/www.jootjeshaakcadeautjes.nl\/de\/produkt\/zebra-silikonperlen-12-und-16-mm-rund-14-und-17-mm-sechseckig-kopie-3\/#breadcrumb"},"inLanguage":"de","potentialAction":[{"@type":"ReadAction","target":["https:\/\/www.jootjeshaakcadeautjes.nl\/de\/produkt\/zebra-silikonperlen-12-und-16-mm-rund-14-und-17-mm-sechseckig-kopie-3\/"]}]},{"@type":"ImageObject","inLanguage":"de","@id":"https:\/\/www.jootjeshaakcadeautjes.nl\/de\/produkt\/zebra-silikonperlen-12-und-16-mm-rund-14-und-17-mm-sechseckig-kopie-3\/#primaryimage","url":"https:\/\/d1dyryakdmle7o.cloudfront.net\/wp-content\/uploads\/2020\/11\/20201025_211351.jpg","contentUrl":"https:\/\/d1dyryakdmle7o.cloudfront.net\/wp-content\/uploads\/2020\/11\/20201025_211351.jpg","width":1477,"height":1477,"caption":"Silikonperlen Sechseck Zebra 14 mm bpa frei Gro\u00dfhandel Baby sicher"},{"@type":"BreadcrumbList","@id":"https:\/\/www.jootjeshaakcadeautjes.nl\/de\/produkt\/zebra-silikonperlen-12-und-16-mm-rund-14-und-17-mm-sechseckig-kopie-3\/#breadcrumb","itemListElement":[{"@type":"ListItem","position":1,"name":"Startseite","item":"https:\/\/www.jootjeshaakcadeautjes.nl\/de\/"},{"@type":"ListItem","position":2,"name":"Gro\u00dfhandel mit Silikonperlen &#8211; Business und Consumer","item":"https:\/\/www.jootjeshaakcadeautjes.nl\/de\/shop\/"},{"@type":"ListItem","position":3,"name":"Silikonperlen &#8211; 14 mm &#8211; Sechseck &#8211; Zebradruck"}]},{"@type":"WebSite","@id":"https:\/\/www.jootjeshaakcadeautjes.nl\/de\/#website","url":"https:\/\/www.jootjeshaakcadeautjes.nl\/de\/","name":"Jootjes Haakcadeautjes","description":"Silikonperlen Gro\u00dfhandel ","publisher":{"@id":"https:\/\/www.jootjeshaakcadeautjes.nl\/de\/#organization"},"potentialAction":[{"@type":"SearchAction","target":{"@type":"EntryPoint","urlTemplate":"https:\/\/www.jootjeshaakcadeautjes.nl\/de\/?s={search_term_string}"},"query-input":{"@type":"PropertyValueSpecification","valueRequired":true,"valueName":"search_term_string"}}],"inLanguage":"de"},{"@type":"Organization","@id":"https:\/\/www.jootjeshaakcadeautjes.nl\/de\/#organization","name":"Jootjes Haakcadeautjes","url":"https:\/\/www.jootjeshaakcadeautjes.nl\/de\/","logo":{"@type":"ImageObject","inLanguage":"de","@id":"https:\/\/www.jootjeshaakcadeautjes.nl\/de\/#\/schema\/logo\/image\/","url":"https:\/\/jootjes-haakcadeautjes-media.s3.amazonaws.com\/wp-content\/uploads\/2023\/05\/Logo-rond.png","contentUrl":"https:\/\/jootjes-haakcadeautjes-media.s3.amazonaws.com\/wp-content\/uploads\/2023\/05\/Logo-rond.png","width":1222,"height":1222,"caption":"Jootjes Haakcadeautjes"},"image":{"@id":"https:\/\/www.jootjeshaakcadeautjes.nl\/de\/#\/schema\/logo\/image\/"}}]},"product_price_amount":"0.50","product_price_currency":"EUR","og_availability":"instock","product_availability":"instock","product_retailer_item_id":"SKR-ZEB-H14","product_condition":"new"},"_links":{"self":[{"href":"https:\/\/www.jootjeshaakcadeautjes.nl\/de\/wp-json\/wp\/v2\/product\/282184","targetHints":{"allow":["GET"]}}],"collection":[{"href":"https:\/\/www.jootjeshaakcadeautjes.nl\/de\/wp-json\/wp\/v2\/product"}],"about":[{"href":"https:\/\/www.jootjeshaakcadeautjes.nl\/de\/wp-json\/wp\/v2\/types\/product"}],"version-history":[{"count":2,"href":"https:\/\/www.jootjeshaakcadeautjes.nl\/de\/wp-json\/wp\/v2\/product\/282184\/revisions"}],"predecessor-version":[{"id":287020,"href":"https:\/\/www.jootjeshaakcadeautjes.nl\/de\/wp-json\/wp\/v2\/product\/282184\/revisions\/287020"}],"wp:featuredmedia":[{"embeddable":true,"href":"https:\/\/www.jootjeshaakcadeautjes.nl\/de\/wp-json\/wp\/v2\/media\/282192"}],"wp:attachment":[{"href":"https:\/\/www.jootjeshaakcadeautjes.nl\/de\/wp-json\/wp\/v2\/media?parent=282184"}],"wp:term":[{"taxonomy":"product_brand","embeddable":true,"href":"https:\/\/www.jootjeshaakcadeautjes.nl\/de\/wp-json\/wp\/v2\/product_brand?post=282184"},{"taxonomy":"product_cat","embeddable":true,"href":"https:\/\/www.jootjeshaakcadeautjes.nl\/de\/wp-json\/wp\/v2\/product_cat?post=282184"},{"taxonomy":"product_tag","embeddable":true,"href":"https:\/\/www.jootjeshaakcadeautjes.nl\/de\/wp-json\/wp\/v2\/product_tag?post=282184"}],"curies":[{"name":"wp","href":"https:\/\/api.w.org\/{rel}","templated":true}]}}