{"id":124385,"date":"2023-12-08T11:59:28","date_gmt":"2023-12-08T10:59:28","guid":{"rendered":"https:\/\/www.jootjeshaakcadeautjes.nl\/product\/diy-silicone-beads-set-keychain-on-a-granny\/"},"modified":"2026-05-15T19:46:28","modified_gmt":"2026-05-15T17:46:28","slug":"diy-siliconen-kralen-set-sleutelhanger-opa-oma","status":"publish","type":"product","link":"https:\/\/www.jootjeshaakcadeautjes.nl\/en\/product\/diy-siliconen-kralen-set-sleutelhanger-opa-oma\/","title":{"rendered":"DIY Siliconen Kralen Pakket &#8211; Sleutelhanger &#8211; Opa &amp; Oma"},"content":{"rendered":"<h1>DIY Siliconen Kralen Pakket &#8211; Sleutelhanger &#8211; Opa &amp; Oma<\/h1>\n<p>Materialen: Siliconen kralen, Acryl kraal met steentjes, pompon en zilveren sleutelhanger<br \/>\nMoeilijkheidsgraad: Simpel &#8211; Met wat tips \ud83d\ude42<\/p>\n<p>Dit setje bevat alle benodigdheden voor het kunnen maken van twee zelfgemaakte sleutelhangers. \u00c9\u00e9n in model Opa en \u00e9\u00e9n in model Oma. Wij benoemen hieronder ook alle materialen uit dit setje. Mocht je een item willen vervangen, zoals misschien een ander lijfje voor oma (een witte met steentjes) of misschien een andere kleur mini abacus dan kan deze benodigdheden lijst je hiermee helpen. De items in deze lijst kun je ook zoeken via de &#8220;zoekbar&#8221; of in de bijbehorende productcategorie en dan zelf in je winkelwagen doen maar dan met jouw eigen aanpassingen.\u00a0 De Hoofdjes en Lijfjes vindt je onder de luxe kralen de afdeling Gelukspoppetjes \/ LuckyJo Hoofdjes en Lijfjes.<\/p>\n<p>De materialen:<\/p>\n<ul>\n<li>2x Rijgbare Sleutelhanger Zilver<\/li>\n<li>1x Abacus 14 mm Licht Grijs<\/li>\n<li>3x Mini Abacus Wood<\/li>\n<li>3x 9 mm licht Grijs<\/li>\n<li>1x Lucky Jo Oma<\/li>\n<li>1x LuckyJo Opa<\/li>\n<li>1x Acryl met Steentjes Champagne<\/li>\n<li>1x Mannenpak Brownie<\/li>\n<li>1x Pompon Ruche &#8211; Grey<\/li>\n<\/ul>\n<p>Deze sleutelhangers zijn heel eenvoudig te maken. De bolletjes boven en onder zijn los te schroeven. Nadat je \u00e9\u00e9n van beide zijden hebt los gedraaid rijg je hierop de kralen. Vervolgens druk je deze goed aan op het staafje (het gehele schroefdraad moet vrij blijven) en hou dit goed vast in \u00e9\u00e9n hand. Draai met de andere hand het bolletje er weer op.<\/p>\n<p>TIP: Sommige combinaties zijn wat &#8220;voller&#8221;. Druk hierbij eerst goed aan op het staafje zodat je makkelijk het bolletje kan aandraaien. Doe je dit niet, dan drukken de siliconen kralen soms al vrij snel op het bolletje, ondanks dat deze nog maar een klein stukje op het schroefdraad zit aangedraaid. Dit kan slecht zijn voor de kwaliteit voor de schroefdraad.<\/p>\n<p>TIP2: Je zult zien in de benodigdheden lijst dat wij 3x een 9 mm licht grijs hebben aangegeven. Op de afbeelding zie je er in eerste instantie maar 2. We hebben onder de oma pompon een licht grijze 9 mm geplaatst. Dit om de pompon wat meer aan te drukken \/ stevigheid te bieden. Omdat er ook aan de onderkant van de pompon ruches zitten kun je die daarmee omhoog drukken. Probeer ze zoveel mogelijk al direct om de 9 mm te laten vallen. Na het maken en vastdraaien kun je deze er ook voorzichtig tussen uit halen. Zo blijft de pompon prachtig in vorm en maskeer je de 9 mm kraal.<\/p>\n","protected":false},"excerpt":{"rendered":"<p>Dit setje bevat alle benodigdheden voor maar liefst 2 sleutelhangers in koppel Opa en Oma.<\/p>\n<p>De benodigdheden:<\/p>\n<ul>\n<li>2x Rijgbare Sleutelhanger Zilver<\/li>\n<li>1x Abacus 14 mm Licht Grijs<\/li>\n<li>3x Mini Abacus Wood<\/li>\n<li>3x 9 mm licht Grijs<\/li>\n<li>1x Lucky Jo Oma<\/li>\n<li>1x LuckyJo Opa<\/li>\n<li>1x Acryl met Steentjes Champagne<\/li>\n<li>1x Mannenpak Brownie<\/li>\n<li>1x Pompon Ruche &#8211; Grey<\/li>\n<\/ul>\n","protected":false},"featured_media":111359,"template":"","meta":[],"product_brand":[],"product_cat":[19409,19374,10628,7353,6990,10384],"product_tag":[7187,10395,7429,7198,10391,10394,7760,10397,10396,10392,10393,7201,10387,7207,10390,10385,7216,7808,7204,10389,10398,7367,10386,7210],"class_list":{"0":"post-124385","1":"product","2":"type-product","3":"status-publish","4":"has-post-thumbnail","6":"product_cat-diy-sets-fathers-day","7":"product_cat-diy-sets-mothersday","8":"product_cat-happiness-dolls-homemade-beads-and-supplies","9":"product_cat-making-baby-teething-toys-pacifier-cord-teething-ring-materials","10":"product_cat-silicone-beads-bpa-free-wholesale","11":"product_cat-silicone-beads-project-packages-starter-sets","12":"product_tag-beads-en","13":"product_tag-body-en","14":"product_tag-christmas-en","15":"product_tag-diy-en","16":"product_tag-doll","17":"product_tag-dollop-of-luck","18":"product_tag-from","19":"product_tag-gift-en","20":"product_tag-girl","21":"product_tag-happiness","22":"product_tag-lucky-doll-en","23":"product_tag-lucky-doll","24":"product_tag-luxury","25":"product_tag-make","26":"product_tag-package","27":"product_tag-pendant","28":"product_tag-personalized","29":"product_tag-red-en-2","30":"product_tag-silicone-en","31":"product_tag-starter-en","32":"product_tag-starter-pack","33":"product_tag-wholesale-en","34":"product_tag-wine-en","35":"product_tag-yourself","37":"first","38":"instock","39":"virtual","40":"taxable","41":"purchasable","42":"product-type-bundle"},"bundled_by":[],"bundle_stock_status":"instock","bundle_stock_quantity":43,"bundle_virtual":false,"bundle_layout":"default","bundle_add_to_cart_form_location":"default","bundle_editable_in_cart":false,"bundle_sold_individually_context":"product","bundle_item_grouping":"parent","bundle_min_size":"","bundle_max_size":"","bundle_price":{"price":{"min":{"incl_tax":"11.34","excl_tax":"9.38"},"max":{"incl_tax":"11.34","excl_tax":"9.38"}},"regular_price":{"min":{"incl_tax":"11.4","excl_tax":"9.43"},"max":{"incl_tax":"11.4","excl_tax":"9.43"}}},"bundled_items":[{"bundled_item_id":6172,"product_id":126388,"menu_order":0,"quantity_min":2,"quantity_max":2,"quantity_default":2,"priced_individually":true,"shipped_individually":false,"override_title":false,"title":"Threaded Keychain &#8211; Rod &#8211; Silver","override_description":true,"description":"","optional":false,"hide_thumbnail":false,"discount":"","override_variations":false,"allowed_variations":[""],"override_default_variation_attributes":false,"default_variation_attributes":[],"single_product_visibility":"visible","cart_visibility":"visible","order_visibility":"visible","single_product_price_visibility":"visible","cart_price_visibility":"visible","order_price_visibility":"visible","stock_status":"in_stock"},{"bundled_item_id":6173,"product_id":127181,"menu_order":1,"quantity_min":1,"quantity_max":1,"quantity_default":1,"priced_individually":true,"shipped_individually":false,"override_title":false,"title":"Silicone beads &#8211; Abacus &#8211; 14 mm &#8211; Light Gray","override_description":true,"description":"","optional":false,"hide_thumbnail":false,"discount":"","override_variations":false,"allowed_variations":[""],"override_default_variation_attributes":false,"default_variation_attributes":[],"single_product_visibility":"visible","cart_visibility":"visible","order_visibility":"visible","single_product_price_visibility":"visible","cart_price_visibility":"visible","order_price_visibility":"visible","stock_status":"in_stock"},{"bundled_item_id":6174,"product_id":125792,"menu_order":2,"quantity_min":3,"quantity_max":3,"quantity_default":3,"priced_individually":true,"shipped_individually":false,"override_title":false,"title":"Silicone beads &#8211; Mini Abacus &#8211; 12 x 4 mm &#8211; Excluding Jootjes Design &#8211; Wood","override_description":true,"description":"","optional":false,"hide_thumbnail":false,"discount":"","override_variations":false,"allowed_variations":[""],"override_default_variation_attributes":false,"default_variation_attributes":[],"single_product_visibility":"visible","cart_visibility":"visible","order_visibility":"visible","single_product_price_visibility":"visible","cart_price_visibility":"visible","order_price_visibility":"visible","stock_status":"in_stock"},{"bundled_item_id":6175,"product_id":128364,"menu_order":3,"quantity_min":3,"quantity_max":3,"quantity_default":3,"priced_individually":true,"shipped_individually":false,"override_title":false,"title":"Silicone beads 9 mm &#8211; Round &#8211; Light Gray","override_description":true,"description":"","optional":false,"hide_thumbnail":false,"discount":"","override_variations":false,"allowed_variations":[""],"override_default_variation_attributes":false,"default_variation_attributes":[],"single_product_visibility":"visible","cart_visibility":"visible","order_visibility":"visible","single_product_price_visibility":"visible","cart_price_visibility":"visible","order_price_visibility":"visible","stock_status":"in_stock"},{"bundled_item_id":6176,"product_id":124730,"menu_order":4,"quantity_min":1,"quantity_max":1,"quantity_default":1,"priced_individually":true,"shipped_individually":false,"override_title":false,"title":"Silicone beads &#8211; 20 mm &#8211; Face\/Lucky doll &#8211; Granny\/Girl\/Wife Astilbe\/Marble Gray","override_description":true,"description":"","optional":false,"hide_thumbnail":false,"discount":"","override_variations":false,"allowed_variations":[""],"override_default_variation_attributes":false,"default_variation_attributes":[],"single_product_visibility":"visible","cart_visibility":"visible","order_visibility":"visible","single_product_price_visibility":"visible","cart_price_visibility":"visible","order_price_visibility":"visible","stock_status":"in_stock"},{"bundled_item_id":6177,"product_id":124770,"menu_order":5,"quantity_min":1,"quantity_max":1,"quantity_default":1,"priced_individually":true,"shipped_individually":false,"override_title":false,"title":"Silicone beads &#8211; 20 mm &#8211; Face\/Lucky doll &#8211; Grandpa\/Man\/Boy &#8211; Astilbe\/Marble Gray","override_description":true,"description":"","optional":false,"hide_thumbnail":false,"discount":"","override_variations":false,"allowed_variations":[""],"override_default_variation_attributes":false,"default_variation_attributes":[],"single_product_visibility":"visible","cart_visibility":"visible","order_visibility":"visible","single_product_price_visibility":"visible","cart_price_visibility":"visible","order_price_visibility":"visible","stock_status":"in_stock"},{"bundled_item_id":6178,"product_id":124751,"menu_order":6,"quantity_min":1,"quantity_max":1,"quantity_default":1,"priced_individually":true,"shipped_individually":false,"override_title":false,"title":"Silicone beads &#8211; Lucky doll &#8211; Men&#8217;s Suit\/Costume &#8211; Astilbe\/Brownie\/Taupe","override_description":true,"description":"","optional":false,"hide_thumbnail":false,"discount":"","override_variations":false,"allowed_variations":[""],"override_default_variation_attributes":false,"default_variation_attributes":[],"single_product_visibility":"visible","cart_visibility":"visible","order_visibility":"visible","single_product_price_visibility":"visible","cart_price_visibility":"visible","order_price_visibility":"visible","stock_status":"in_stock"},{"bundled_item_id":6179,"product_id":156620,"menu_order":7,"quantity_min":1,"quantity_max":1,"quantity_default":1,"priced_individually":true,"shipped_individually":false,"override_title":false,"title":"Acrylic Beads with Stones &#8211; 20 mm &#8211; Champagne","override_description":true,"description":"","optional":false,"hide_thumbnail":false,"discount":"","override_variations":false,"allowed_variations":[""],"override_default_variation_attributes":false,"default_variation_attributes":[],"single_product_visibility":"visible","cart_visibility":"visible","order_visibility":"visible","single_product_price_visibility":"visible","cart_price_visibility":"visible","order_price_visibility":"visible","stock_status":"in_stock"},{"bundled_item_id":6180,"product_id":125745,"menu_order":8,"quantity_min":1,"quantity_max":1,"quantity_default":1,"priced_individually":true,"shipped_individually":false,"override_title":false,"title":"Pompon Ruffles 30 mm &#8211; Fossil Grey \/ Fossil Grey","override_description":true,"description":"","optional":false,"hide_thumbnail":false,"discount":"","override_variations":false,"allowed_variations":[""],"override_default_variation_attributes":false,"default_variation_attributes":[],"single_product_visibility":"visible","cart_visibility":"visible","order_visibility":"visible","single_product_price_visibility":"visible","cart_price_visibility":"visible","order_price_visibility":"visible","stock_status":"in_stock"}],"bundle_sell_ids":[],"yoast_head":"<!-- This site is optimized with the Yoast SEO Premium plugin v27.6 (Yoast SEO v27.6) - https:\/\/yoast.com\/product\/yoast-seo-premium-wordpress\/ -->\n<title>DIY Siliconen Kralen Pakket - Sleutelhanger - Opa &amp; Oma<\/title>\n<meta name=\"description\" content=\"Deze siliconen kralen set bevat alle materialen voor het zelf maken van een opa en oma sleutelhanger. Koop hier jouw DIY pakket siliconen kralen.\" \/>\n<meta name=\"robots\" content=\"index, follow, max-snippet:-1, max-image-preview:large, max-video-preview:-1\" \/>\n<link rel=\"canonical\" href=\"https:\/\/www.jootjeshaakcadeautjes.nl\/en\/product\/diy-siliconen-kralen-set-sleutelhanger-opa-oma\/\" \/>\n<meta property=\"og:locale\" content=\"en_US\" \/>\n<meta property=\"og:type\" content=\"article\" \/>\n<meta property=\"og:title\" content=\"DIY Siliconen Kralen Pakket - Sleutelhanger - Opa &amp; Oma\" \/>\n<meta property=\"og:description\" content=\"Deze siliconen kralen set bevat alle materialen voor het zelf maken van een opa en oma sleutelhanger. Koop hier jouw DIY pakket siliconen kralen.\" \/>\n<meta property=\"og:url\" content=\"https:\/\/www.jootjeshaakcadeautjes.nl\/en\/product\/diy-siliconen-kralen-set-sleutelhanger-opa-oma\/\" \/>\n<meta property=\"og:site_name\" content=\"Jootjes Haakcadeautjes\" \/>\n<meta property=\"article:modified_time\" content=\"2026-05-15T17:46:28+00:00\" \/>\n<meta property=\"og:image\" content=\"https:\/\/d1dyryakdmle7o.cloudfront.net\/wp-content\/uploads\/2023\/12\/Untitled-2-2.jpg\" \/>\n\t<meta property=\"og:image:width\" content=\"2048\" \/>\n\t<meta property=\"og:image:height\" content=\"2048\" \/>\n\t<meta property=\"og:image:type\" content=\"image\/jpeg\" \/>\n<meta name=\"twitter:card\" content=\"summary_large_image\" \/>\n<meta name=\"twitter:label1\" content=\"Price\" \/>\n\t<meta name=\"twitter:data1\" content=\"&euro;0.00 incl. VAT\" \/>\n\t<meta name=\"twitter:label2\" content=\"Availability\" \/>\n\t<meta name=\"twitter:data2\" content=\"In stock\" \/>\n<script type=\"application\/ld+json\" class=\"yoast-schema-graph\">{\"@context\":\"https:\\\/\\\/schema.org\",\"@graph\":[{\"@type\":\"WebPage\",\"@id\":\"https:\\\/\\\/www.jootjeshaakcadeautjes.nl\\\/en\\\/product\\\/diy-siliconen-kralen-set-sleutelhanger-opa-oma\\\/\",\"url\":\"https:\\\/\\\/www.jootjeshaakcadeautjes.nl\\\/en\\\/product\\\/diy-siliconen-kralen-set-sleutelhanger-opa-oma\\\/\",\"name\":\"DIY Siliconen Kralen Pakket - Sleutelhanger - Opa &amp; Oma\",\"isPartOf\":{\"@id\":\"https:\\\/\\\/www.jootjeshaakcadeautjes.nl\\\/en\\\/#website\"},\"primaryImageOfPage\":{\"@id\":\"https:\\\/\\\/www.jootjeshaakcadeautjes.nl\\\/en\\\/product\\\/diy-siliconen-kralen-set-sleutelhanger-opa-oma\\\/#primaryimage\"},\"image\":{\"@id\":\"https:\\\/\\\/www.jootjeshaakcadeautjes.nl\\\/en\\\/product\\\/diy-siliconen-kralen-set-sleutelhanger-opa-oma\\\/#primaryimage\"},\"thumbnailUrl\":\"https:\\\/\\\/d1dyryakdmle7o.cloudfront.net\\\/wp-content\\\/uploads\\\/2023\\\/12\\\/Untitled-2-2.jpg\",\"datePublished\":\"2023-12-08T10:59:28+00:00\",\"dateModified\":\"2026-05-15T17:46:28+00:00\",\"description\":\"Deze siliconen kralen set bevat alle materialen voor het zelf maken van een opa en oma sleutelhanger. Koop hier jouw DIY pakket siliconen kralen.\",\"breadcrumb\":{\"@id\":\"https:\\\/\\\/www.jootjeshaakcadeautjes.nl\\\/en\\\/product\\\/diy-siliconen-kralen-set-sleutelhanger-opa-oma\\\/#breadcrumb\"},\"inLanguage\":\"en-US\",\"potentialAction\":[{\"@type\":\"ReadAction\",\"target\":[\"https:\\\/\\\/www.jootjeshaakcadeautjes.nl\\\/en\\\/product\\\/diy-siliconen-kralen-set-sleutelhanger-opa-oma\\\/\"]}]},{\"@type\":\"ImageObject\",\"inLanguage\":\"en-US\",\"@id\":\"https:\\\/\\\/www.jootjeshaakcadeautjes.nl\\\/en\\\/product\\\/diy-siliconen-kralen-set-sleutelhanger-opa-oma\\\/#primaryimage\",\"url\":\"https:\\\/\\\/d1dyryakdmle7o.cloudfront.net\\\/wp-content\\\/uploads\\\/2023\\\/12\\\/Untitled-2-2.jpg\",\"contentUrl\":\"https:\\\/\\\/d1dyryakdmle7o.cloudfront.net\\\/wp-content\\\/uploads\\\/2023\\\/12\\\/Untitled-2-2.jpg\",\"width\":2048,\"height\":2048,\"caption\":\"Silicone beads package gift grandpa grandma DIY make yourself keychain beads\"},{\"@type\":\"BreadcrumbList\",\"@id\":\"https:\\\/\\\/www.jootjeshaakcadeautjes.nl\\\/en\\\/product\\\/diy-siliconen-kralen-set-sleutelhanger-opa-oma\\\/#breadcrumb\",\"itemListElement\":[{\"@type\":\"ListItem\",\"position\":1,\"name\":\"Accueil\",\"item\":\"https:\\\/\\\/www.jootjeshaakcadeautjes.nl\\\/en\\\/\"},{\"@type\":\"ListItem\",\"position\":2,\"name\":\"Wholesale Silicone Beads &#8211; Business and Consumer\",\"item\":\"https:\\\/\\\/www.jootjeshaakcadeautjes.nl\\\/en\\\/shop\\\/\"},{\"@type\":\"ListItem\",\"position\":3,\"name\":\"DIY Siliconen Kralen Pakket &#8211; Sleutelhanger &#8211; Opa &amp; Oma\"}]},{\"@type\":\"WebSite\",\"@id\":\"https:\\\/\\\/www.jootjeshaakcadeautjes.nl\\\/en\\\/#website\",\"url\":\"https:\\\/\\\/www.jootjeshaakcadeautjes.nl\\\/en\\\/\",\"name\":\"Jootjes Haakcadeautjes\",\"description\":\"Wholesale of silicone beads\",\"publisher\":{\"@id\":\"https:\\\/\\\/www.jootjeshaakcadeautjes.nl\\\/en\\\/#organization\"},\"potentialAction\":[{\"@type\":\"SearchAction\",\"target\":{\"@type\":\"EntryPoint\",\"urlTemplate\":\"https:\\\/\\\/www.jootjeshaakcadeautjes.nl\\\/en\\\/?s={search_term_string}\"},\"query-input\":{\"@type\":\"PropertyValueSpecification\",\"valueRequired\":true,\"valueName\":\"search_term_string\"}}],\"inLanguage\":\"en-US\"},{\"@type\":\"Organization\",\"@id\":\"https:\\\/\\\/www.jootjeshaakcadeautjes.nl\\\/en\\\/#organization\",\"name\":\"Jootjes Haakcadeautjes\",\"url\":\"https:\\\/\\\/www.jootjeshaakcadeautjes.nl\\\/en\\\/\",\"logo\":{\"@type\":\"ImageObject\",\"inLanguage\":\"en-US\",\"@id\":\"https:\\\/\\\/www.jootjeshaakcadeautjes.nl\\\/en\\\/#\\\/schema\\\/logo\\\/image\\\/\",\"url\":\"https:\\\/\\\/d1dyryakdmle7o.cloudfront.net\\\/wp-content\\\/uploads\\\/2023\\\/05\\\/Logo-rond.png\",\"contentUrl\":\"https:\\\/\\\/d1dyryakdmle7o.cloudfront.net\\\/wp-content\\\/uploads\\\/2023\\\/05\\\/Logo-rond.png\",\"width\":1222,\"height\":1222,\"caption\":\"Jootjes Haakcadeautjes\"},\"image\":{\"@id\":\"https:\\\/\\\/www.jootjeshaakcadeautjes.nl\\\/en\\\/#\\\/schema\\\/logo\\\/image\\\/\"}}]}<\/script>\n<meta property=\"product:price:amount\" content=\"0.00\" \/>\n<meta property=\"product:price:currency\" content=\"EUR\" \/>\n<meta property=\"og:availability\" content=\"instock\" \/>\n<meta property=\"product:availability\" content=\"instock\" \/>\n<meta property=\"product:retailer_item_id\" content=\"DIY-STP-SHOPOM\" \/>\n<meta property=\"product:condition\" content=\"new\" \/>\n<!-- \/ Yoast SEO Premium plugin. -->","yoast_head_json":{"title":"DIY Siliconen Kralen Pakket - Sleutelhanger - Opa &amp; Oma","description":"Deze siliconen kralen set bevat alle materialen voor het zelf maken van een opa en oma sleutelhanger. Koop hier jouw DIY pakket siliconen kralen.","robots":{"index":"index","follow":"follow","max-snippet":"max-snippet:-1","max-image-preview":"max-image-preview:large","max-video-preview":"max-video-preview:-1"},"canonical":"https:\/\/www.jootjeshaakcadeautjes.nl\/en\/product\/diy-siliconen-kralen-set-sleutelhanger-opa-oma\/","og_locale":"en_US","og_type":"article","og_title":"DIY Siliconen Kralen Pakket - Sleutelhanger - Opa &amp; Oma","og_description":"Deze siliconen kralen set bevat alle materialen voor het zelf maken van een opa en oma sleutelhanger. Koop hier jouw DIY pakket siliconen kralen.","og_url":"https:\/\/www.jootjeshaakcadeautjes.nl\/en\/product\/diy-siliconen-kralen-set-sleutelhanger-opa-oma\/","og_site_name":"Jootjes Haakcadeautjes","article_modified_time":"2026-05-15T17:46:28+00:00","og_image":[{"width":2048,"height":2048,"url":"https:\/\/d1dyryakdmle7o.cloudfront.net\/wp-content\/uploads\/2023\/12\/Untitled-2-2.jpg","type":"image\/jpeg"}],"twitter_card":"summary_large_image","twitter_misc":{"Price":"&euro;0.00 incl. VAT","Availability":"In stock"},"schema":{"@context":"https:\/\/schema.org","@graph":[{"@type":"WebPage","@id":"https:\/\/www.jootjeshaakcadeautjes.nl\/en\/product\/diy-siliconen-kralen-set-sleutelhanger-opa-oma\/","url":"https:\/\/www.jootjeshaakcadeautjes.nl\/en\/product\/diy-siliconen-kralen-set-sleutelhanger-opa-oma\/","name":"DIY Siliconen Kralen Pakket - Sleutelhanger - Opa &amp; Oma","isPartOf":{"@id":"https:\/\/www.jootjeshaakcadeautjes.nl\/en\/#website"},"primaryImageOfPage":{"@id":"https:\/\/www.jootjeshaakcadeautjes.nl\/en\/product\/diy-siliconen-kralen-set-sleutelhanger-opa-oma\/#primaryimage"},"image":{"@id":"https:\/\/www.jootjeshaakcadeautjes.nl\/en\/product\/diy-siliconen-kralen-set-sleutelhanger-opa-oma\/#primaryimage"},"thumbnailUrl":"https:\/\/d1dyryakdmle7o.cloudfront.net\/wp-content\/uploads\/2023\/12\/Untitled-2-2.jpg","datePublished":"2023-12-08T10:59:28+00:00","dateModified":"2026-05-15T17:46:28+00:00","description":"Deze siliconen kralen set bevat alle materialen voor het zelf maken van een opa en oma sleutelhanger. Koop hier jouw DIY pakket siliconen kralen.","breadcrumb":{"@id":"https:\/\/www.jootjeshaakcadeautjes.nl\/en\/product\/diy-siliconen-kralen-set-sleutelhanger-opa-oma\/#breadcrumb"},"inLanguage":"en-US","potentialAction":[{"@type":"ReadAction","target":["https:\/\/www.jootjeshaakcadeautjes.nl\/en\/product\/diy-siliconen-kralen-set-sleutelhanger-opa-oma\/"]}]},{"@type":"ImageObject","inLanguage":"en-US","@id":"https:\/\/www.jootjeshaakcadeautjes.nl\/en\/product\/diy-siliconen-kralen-set-sleutelhanger-opa-oma\/#primaryimage","url":"https:\/\/d1dyryakdmle7o.cloudfront.net\/wp-content\/uploads\/2023\/12\/Untitled-2-2.jpg","contentUrl":"https:\/\/d1dyryakdmle7o.cloudfront.net\/wp-content\/uploads\/2023\/12\/Untitled-2-2.jpg","width":2048,"height":2048,"caption":"Silicone beads package gift grandpa grandma DIY make yourself keychain beads"},{"@type":"BreadcrumbList","@id":"https:\/\/www.jootjeshaakcadeautjes.nl\/en\/product\/diy-siliconen-kralen-set-sleutelhanger-opa-oma\/#breadcrumb","itemListElement":[{"@type":"ListItem","position":1,"name":"Accueil","item":"https:\/\/www.jootjeshaakcadeautjes.nl\/en\/"},{"@type":"ListItem","position":2,"name":"Wholesale Silicone Beads &#8211; Business and Consumer","item":"https:\/\/www.jootjeshaakcadeautjes.nl\/en\/shop\/"},{"@type":"ListItem","position":3,"name":"DIY Siliconen Kralen Pakket &#8211; Sleutelhanger &#8211; Opa &amp; Oma"}]},{"@type":"WebSite","@id":"https:\/\/www.jootjeshaakcadeautjes.nl\/en\/#website","url":"https:\/\/www.jootjeshaakcadeautjes.nl\/en\/","name":"Jootjes Haakcadeautjes","description":"Wholesale of silicone beads","publisher":{"@id":"https:\/\/www.jootjeshaakcadeautjes.nl\/en\/#organization"},"potentialAction":[{"@type":"SearchAction","target":{"@type":"EntryPoint","urlTemplate":"https:\/\/www.jootjeshaakcadeautjes.nl\/en\/?s={search_term_string}"},"query-input":{"@type":"PropertyValueSpecification","valueRequired":true,"valueName":"search_term_string"}}],"inLanguage":"en-US"},{"@type":"Organization","@id":"https:\/\/www.jootjeshaakcadeautjes.nl\/en\/#organization","name":"Jootjes Haakcadeautjes","url":"https:\/\/www.jootjeshaakcadeautjes.nl\/en\/","logo":{"@type":"ImageObject","inLanguage":"en-US","@id":"https:\/\/www.jootjeshaakcadeautjes.nl\/en\/#\/schema\/logo\/image\/","url":"https:\/\/d1dyryakdmle7o.cloudfront.net\/wp-content\/uploads\/2023\/05\/Logo-rond.png","contentUrl":"https:\/\/d1dyryakdmle7o.cloudfront.net\/wp-content\/uploads\/2023\/05\/Logo-rond.png","width":1222,"height":1222,"caption":"Jootjes Haakcadeautjes"},"image":{"@id":"https:\/\/www.jootjeshaakcadeautjes.nl\/en\/#\/schema\/logo\/image\/"}}]},"product_price_amount":"0.00","product_price_currency":"EUR","og_availability":"instock","product_availability":"instock","product_retailer_item_id":"DIY-STP-SHOPOM","product_condition":"new"},"_links":{"self":[{"href":"https:\/\/www.jootjeshaakcadeautjes.nl\/en\/wp-json\/wp\/v2\/product\/124385","targetHints":{"allow":["GET"]}}],"collection":[{"href":"https:\/\/www.jootjeshaakcadeautjes.nl\/en\/wp-json\/wp\/v2\/product"}],"about":[{"href":"https:\/\/www.jootjeshaakcadeautjes.nl\/en\/wp-json\/wp\/v2\/types\/product"}],"version-history":[{"count":2,"href":"https:\/\/www.jootjeshaakcadeautjes.nl\/en\/wp-json\/wp\/v2\/product\/124385\/revisions"}],"predecessor-version":[{"id":278410,"href":"https:\/\/www.jootjeshaakcadeautjes.nl\/en\/wp-json\/wp\/v2\/product\/124385\/revisions\/278410"}],"wp:featuredmedia":[{"embeddable":true,"href":"https:\/\/www.jootjeshaakcadeautjes.nl\/en\/wp-json\/wp\/v2\/media\/111359"}],"wp:attachment":[{"href":"https:\/\/www.jootjeshaakcadeautjes.nl\/en\/wp-json\/wp\/v2\/media?parent=124385"}],"wp:term":[{"taxonomy":"product_brand","embeddable":true,"href":"https:\/\/www.jootjeshaakcadeautjes.nl\/en\/wp-json\/wp\/v2\/product_brand?post=124385"},{"taxonomy":"product_cat","embeddable":true,"href":"https:\/\/www.jootjeshaakcadeautjes.nl\/en\/wp-json\/wp\/v2\/product_cat?post=124385"},{"taxonomy":"product_tag","embeddable":true,"href":"https:\/\/www.jootjeshaakcadeautjes.nl\/en\/wp-json\/wp\/v2\/product_tag?post=124385"}],"curies":[{"name":"wp","href":"https:\/\/api.w.org\/{rel}","templated":true}]}}