{"id":147194,"date":"2024-04-25T11:32:44","date_gmt":"2024-04-25T09:32:44","guid":{"rendered":"https:\/\/www.jootjeshaakcadeautjes.nl\/?post_type=product&#038;p=147194"},"modified":"2026-04-20T01:09:17","modified_gmt":"2026-04-19T23:09:17","slug":"diy-siliconen-kralen-pakket-setje-moederdag-h1","status":"publish","type":"product","link":"https:\/\/www.jootjeshaakcadeautjes.nl\/en\/product\/diy-siliconen-kralen-pakket-setje-moederdag-h1\/","title":{"rendered":"DIY Siliconen Kralen Pakket \u2013 Setje Moederdag High Tea 1"},"content":{"rendered":"<h1>DIY Siliconen Kralen Pakket \u2013 Setje Moederdag High Tea 1<\/h1>\n<p>Materialen: Siliconen kralen &amp; Metalen Hanger<br \/>\nMoeilijkheidsgraad: Simpel<\/p>\n<p>Dit setje bevat alle benodigdheden voor het kunnen maken van een zelfgemaakte hanger van siliconen kralen. In dit geval specifiek het Setje Moederdag High Tea 1. Super leuk om voor jezelf te maken en cadeau te geven aan je eigen moeder op Moederdag of voor op jouw stand op de braderie.<\/p>\n<p>Wij benoemen hierboven ook alle materialen uit dit setje. Mocht je een item willen vervangen dan kun je deze zelf samenstellen.<\/p>\n<h3>Hoe maak je deze set?<\/h3>\n<p>De theelepel heeft een bolletje aan de bovenzijde. Deze kun je losdraaien. Daarna kun je eenvoudig alle siliconen kralen hierop rijgen.<\/p>\n<p>Voor de hanger aan de thee diffuser doe je als volgt. Je legt de draad dubbel. Je hebt dan \u00e9\u00e9n zijde met een bocht en \u00e9\u00e9n zijde met twee uiteinden. Je haalt het deel met bocht een stukje door het bovenste oog van de thee diffuser. Vervolgens pak je vanaf het andere uiteinde de twee losse eindjes en deze haal je hier vervolgens doorheen. Zo cre\u00eber je een lus. Je legt na enkele cm (afhankelijk van jouw wens hoe lang) een dubbel knoopje. Vervolgens rijg je drie kralen dubbeldraads door. Je pakt hierna 1 draad en rijgt de laatste kralen door. Je pakt het houten schijfje en rijgt ook deze door met het touw. Je rijgt vervolgens twee kralen terug zodat je beide uiteinden weer bij elkaar hebt. Je trekt dit strak en legt hier vervolgens een dubbele knoop. De uiteinden rijg je nogmaals aan en trek je twee kralen terug om hoog. Daar knip je de uiteinden tussen de kralen af, zo dicht mogelijk op de kraal. Met kort wat draaien aan de kralen, zie je de uiteinden niet meer zitten. Klaar is je hanger! \ud83d\ude42<\/p>\n","protected":false},"excerpt":{"rendered":"<p>Dit setje bevat alle benodigdheden voor het DIY setje voor Moederdag, High Tea type 1. Super leuk voor op de braderie of voor je eigen moeder met Moederdag!<\/p>\n<p>Je vindt de omschrijving over het in elkaar zetten hieronder bij de uitgebreidere beschrijving.<\/p>\n","protected":false},"featured_media":147188,"template":"","meta":[],"product_brand":[],"product_cat":[19374,7181,7353,7178,6990,10384],"product_tag":[7187,11607,11269,7737,7198,14505,11442,14520,14502,14518,10387,7207,7801,7264,10618,11613,11656,14525,14527,14524,10390,10385,10669,7216,11027,7204,14528,10389,10398,14522,10978,14248,14238,7367,7210],"class_list":{"0":"post-147194","1":"product","2":"type-product","3":"status-publish","4":"has-post-thumbnail","6":"product_cat-diy-set-moederdag","7":"product_cat-full-range","8":"product_cat-making-baby-teething-toys-pacifier-cord-teething-ring-materials","9":"product_cat-new-products","10":"product_cat-silicone-beads-bpa-free-wholesale","11":"product_cat-silicone-beads-project-packages-starter-sets","12":"product_tag-beads-en","13":"product_tag-coffee-en-2","14":"product_tag-dearest-en","15":"product_tag-dearest","16":"product_tag-diy-en","17":"product_tag-fair-en","18":"product_tag-gift-en-2","19":"product_tag-happy-mothers-day-en","20":"product_tag-hello","21":"product_tag-high-en-2","22":"product_tag-luxury","23":"product_tag-make","24":"product_tag-make-it-yourself","25":"product_tag-market","26":"product_tag-mom-en","27":"product_tag-mother","28":"product_tag-mothers-day","29":"product_tag-mothers-day-gift-en","30":"product_tag-mothers-day-gift-en-2","31":"product_tag-mothers-day-gift","32":"product_tag-package","33":"product_tag-pendant","34":"product_tag-pendants","35":"product_tag-personalized","36":"product_tag-present-en","37":"product_tag-silicone-en","38":"product_tag-spoon","39":"product_tag-starter-en","40":"product_tag-starter-pack","41":"product_tag-tea-en-2","42":"product_tag-tea-en","43":"product_tag-tea-diffuser","44":"product_tag-teaspoon","45":"product_tag-wholesale-en","46":"product_tag-yourself","48":"first","49":"outofstock","50":"virtual","51":"taxable","52":"purchasable","53":"product-type-bundle"},"bundled_by":[],"bundle_stock_status":"outofstock","bundle_stock_quantity":0,"bundle_virtual":false,"bundle_layout":"default","bundle_add_to_cart_form_location":"default","bundle_editable_in_cart":false,"bundle_sold_individually_context":"product","bundle_item_grouping":"parent","bundle_min_size":"","bundle_max_size":"","bundle_price":{"price":{"min":{"incl_tax":"12.6","excl_tax":"10.42"},"max":{"incl_tax":"12.6","excl_tax":"10.42"}},"regular_price":{"min":{"incl_tax":"13","excl_tax":"10.75"},"max":{"incl_tax":"13","excl_tax":"10.75"}}},"bundled_items":[{"bundled_item_id":1840,"product_id":140215,"menu_order":0,"quantity_min":1,"quantity_max":1,"quantity_default":1,"priced_individually":true,"shipped_individually":false,"override_title":false,"title":"Teaspoon &#8211; Rowable","override_description":true,"description":"","optional":false,"hide_thumbnail":false,"discount":"","override_variations":false,"allowed_variations":[""],"override_default_variation_attributes":false,"default_variation_attributes":[],"single_product_visibility":"visible","cart_visibility":"visible","order_visibility":"visible","single_product_price_visibility":"visible","cart_price_visibility":"visible","order_price_visibility":"visible","stock_status":"in_stock"},{"bundled_item_id":1841,"product_id":125265,"menu_order":1,"quantity_min":2,"quantity_max":2,"quantity_default":2,"priced_individually":true,"shipped_individually":false,"override_title":false,"title":"Silicone Beads &#8211; Mini Abacus &#8211; 12 x 4 mm &#8211; Exclusive Jootjes Design &#8211; Peach Pink","override_description":true,"description":"","optional":false,"hide_thumbnail":false,"discount":"","override_variations":false,"allowed_variations":[""],"override_default_variation_attributes":false,"default_variation_attributes":[],"single_product_visibility":"visible","cart_visibility":"visible","order_visibility":"visible","single_product_price_visibility":"visible","cart_price_visibility":"visible","order_price_visibility":"visible","stock_status":"in_stock"},{"bundled_item_id":1842,"product_id":147088,"menu_order":2,"quantity_min":1,"quantity_max":1,"quantity_default":1,"priced_individually":true,"shipped_individually":false,"override_title":false,"title":"Silicone beads &#8211; Happy Mother&#8217;s day","override_description":true,"description":"","optional":false,"hide_thumbnail":false,"discount":"","override_variations":false,"allowed_variations":[""],"override_default_variation_attributes":false,"default_variation_attributes":[],"single_product_visibility":"visible","cart_visibility":"visible","order_visibility":"visible","single_product_price_visibility":"visible","cart_price_visibility":"visible","order_price_visibility":"visible","stock_status":"in_stock"},{"bundled_item_id":1843,"product_id":124565,"menu_order":3,"quantity_min":4,"quantity_max":4,"quantity_default":4,"priced_individually":true,"shipped_individually":false,"override_title":false,"title":"Silicone Beads 14 mm &#8211; Abacus &#8211; Rock &#8216;n Roses Print","override_description":true,"description":"","optional":false,"hide_thumbnail":false,"discount":"","override_variations":false,"allowed_variations":[""],"override_default_variation_attributes":false,"default_variation_attributes":[],"single_product_visibility":"visible","cart_visibility":"visible","order_visibility":"visible","single_product_price_visibility":"visible","cart_price_visibility":"visible","order_price_visibility":"visible","stock_status":"in_stock"},{"bundled_item_id":1844,"product_id":125930,"menu_order":4,"quantity_min":2,"quantity_max":2,"quantity_default":2,"priced_individually":true,"shipped_individually":false,"override_title":false,"title":"Silicone beads &#8211; Oval &#8211; 12 mm &#8211; Paradise Blue Pearl Print","override_description":true,"description":"","optional":false,"hide_thumbnail":false,"discount":"","override_variations":false,"allowed_variations":[""],"override_default_variation_attributes":false,"default_variation_attributes":[],"single_product_visibility":"visible","cart_visibility":"visible","order_visibility":"visible","single_product_price_visibility":"visible","cart_price_visibility":"visible","order_price_visibility":"visible","stock_status":"in_stock"},{"bundled_item_id":1845,"product_id":140224,"menu_order":5,"quantity_min":2,"quantity_max":2,"quantity_default":2,"priced_individually":true,"shipped_individually":false,"override_title":false,"title":"Tea diffuser","override_description":true,"description":"","optional":false,"hide_thumbnail":false,"discount":"","override_variations":false,"allowed_variations":[""],"override_default_variation_attributes":false,"default_variation_attributes":[],"single_product_visibility":"visible","cart_visibility":"visible","order_visibility":"visible","single_product_price_visibility":"visible","cart_price_visibility":"visible","order_price_visibility":"visible","stock_status":"out_of_stock"},{"bundled_item_id":1846,"product_id":129693,"menu_order":6,"quantity_min":2,"quantity_max":2,"quantity_default":2,"priced_individually":true,"shipped_individually":false,"override_title":false,"title":"Satin Cord 1.5 mm &#8211; Light Pink &#8211; per meter","override_description":true,"description":"","optional":false,"hide_thumbnail":false,"discount":"","override_variations":false,"allowed_variations":[""],"override_default_variation_attributes":false,"default_variation_attributes":[],"single_product_visibility":"visible","cart_visibility":"visible","order_visibility":"visible","single_product_price_visibility":"visible","cart_price_visibility":"visible","order_price_visibility":"visible","stock_status":"in_stock"},{"bundled_item_id":1847,"product_id":129726,"menu_order":7,"quantity_min":2,"quantity_max":2,"quantity_default":2,"priced_individually":true,"shipped_individually":false,"override_title":false,"title":"Silicone beads &#8211; Oval &#8211; 12 mm &#8211; Peach Pink","override_description":true,"description":"","optional":false,"hide_thumbnail":false,"discount":"","override_variations":false,"allowed_variations":[""],"override_default_variation_attributes":false,"default_variation_attributes":[],"single_product_visibility":"visible","cart_visibility":"visible","order_visibility":"visible","single_product_price_visibility":"visible","cart_price_visibility":"visible","order_price_visibility":"visible","stock_status":"out_of_stock"},{"bundled_item_id":1848,"product_id":144158,"menu_order":8,"quantity_min":1,"quantity_max":1,"quantity_default":1,"priced_individually":true,"shipped_individually":false,"override_title":false,"title":"Acrylic beads with Sugar Dip &#8211; 20 mm &#8211; Pink","override_description":true,"description":"","optional":false,"hide_thumbnail":false,"discount":"","override_variations":false,"allowed_variations":[""],"override_default_variation_attributes":false,"default_variation_attributes":[],"single_product_visibility":"visible","cart_visibility":"visible","order_visibility":"visible","single_product_price_visibility":"visible","cart_price_visibility":"visible","order_price_visibility":"visible","stock_status":"in_stock"},{"bundled_item_id":1849,"product_id":125659,"menu_order":9,"quantity_min":2,"quantity_max":2,"quantity_default":2,"priced_individually":true,"shipped_individually":false,"override_title":false,"title":"Beechwood Disc &#8211; Engraved &#8211; Dearest Mama &#8211; 36 mm","override_description":true,"description":"","optional":false,"hide_thumbnail":false,"discount":"","override_variations":false,"allowed_variations":[""],"override_default_variation_attributes":false,"default_variation_attributes":[],"single_product_visibility":"visible","cart_visibility":"visible","order_visibility":"visible","single_product_price_visibility":"visible","cart_price_visibility":"visible","order_price_visibility":"visible","stock_status":"in_stock"}],"bundle_sell_ids":[],"yoast_head":"<!-- This site is optimized with the Yoast SEO Premium plugin v26.4 (Yoast SEO v27.3) - https:\/\/yoast.com\/product\/yoast-seo-premium-wordpress\/ -->\n<title>DIY Siliconen kralen Set voor Moederdag - High Tea 1<\/title>\n<meta name=\"description\" content=\"Dit setje bevat alle benodigdheden voor het zelf maken van een theelepel en thee diffuser met hanger als cadeautje voor Moederdag \/ High Tea.\" \/>\n<meta name=\"robots\" content=\"index, follow, max-snippet:-1, max-image-preview:large, max-video-preview:-1\" \/>\n<link rel=\"canonical\" href=\"https:\/\/www.jootjeshaakcadeautjes.nl\/en\/product\/diy-siliconen-kralen-pakket-setje-moederdag-h1\/\" \/>\n<meta property=\"og:locale\" content=\"en_US\" \/>\n<meta property=\"og:type\" content=\"article\" \/>\n<meta property=\"og:title\" content=\"DIY Siliconen Kralen Pakket \u2013 Setje Moederdag High Tea 1\" \/>\n<meta property=\"og:description\" content=\"Dit setje bevat alle benodigdheden voor het zelf maken van een theelepel en thee diffuser met hanger als cadeautje voor Moederdag \/ High Tea.\" \/>\n<meta property=\"og:url\" content=\"https:\/\/www.jootjeshaakcadeautjes.nl\/en\/product\/diy-siliconen-kralen-pakket-setje-moederdag-h1\/\" \/>\n<meta property=\"og:site_name\" content=\"Jootjes Haakcadeautjes\" \/>\n<meta property=\"article:modified_time\" content=\"2026-04-19T23:09:17+00:00\" \/>\n<meta property=\"og:image\" content=\"https:\/\/d1dyryakdmle7o.cloudfront.net\/wp-content\/uploads\/2024\/04\/20240425_100754.jpg\" \/>\n\t<meta property=\"og:image:width\" content=\"2048\" \/>\n\t<meta property=\"og:image:height\" content=\"2048\" \/>\n\t<meta property=\"og:image:type\" content=\"image\/jpeg\" \/>\n<meta name=\"twitter:card\" content=\"summary_large_image\" \/>\n<meta name=\"twitter:label1\" content=\"Price\" \/>\n\t<meta name=\"twitter:data1\" content=\"&euro;0.00 incl. VAT\" \/>\n\t<meta name=\"twitter:label2\" content=\"Availability\" \/>\n\t<meta name=\"twitter:data2\" content=\"Out of stock\" \/>\n<script type=\"application\/ld+json\" class=\"yoast-schema-graph\">{\"@context\":\"https:\\\/\\\/schema.org\",\"@graph\":[{\"@type\":\"WebPage\",\"@id\":\"https:\\\/\\\/www.jootjeshaakcadeautjes.nl\\\/en\\\/product\\\/diy-siliconen-kralen-pakket-setje-moederdag-h1\\\/\",\"url\":\"https:\\\/\\\/www.jootjeshaakcadeautjes.nl\\\/en\\\/product\\\/diy-siliconen-kralen-pakket-setje-moederdag-h1\\\/\",\"name\":\"DIY Siliconen kralen Set voor Moederdag - High Tea 1\",\"isPartOf\":{\"@id\":\"https:\\\/\\\/www.jootjeshaakcadeautjes.nl\\\/en\\\/#website\"},\"primaryImageOfPage\":{\"@id\":\"https:\\\/\\\/www.jootjeshaakcadeautjes.nl\\\/en\\\/product\\\/diy-siliconen-kralen-pakket-setje-moederdag-h1\\\/#primaryimage\"},\"image\":{\"@id\":\"https:\\\/\\\/www.jootjeshaakcadeautjes.nl\\\/en\\\/product\\\/diy-siliconen-kralen-pakket-setje-moederdag-h1\\\/#primaryimage\"},\"thumbnailUrl\":\"https:\\\/\\\/d1dyryakdmle7o.cloudfront.net\\\/wp-content\\\/uploads\\\/2024\\\/04\\\/20240425_100754.jpg\",\"datePublished\":\"2024-04-25T09:32:44+00:00\",\"dateModified\":\"2026-04-19T23:09:17+00:00\",\"description\":\"Dit setje bevat alle benodigdheden voor het zelf maken van een theelepel en thee diffuser met hanger als cadeautje voor Moederdag \\\/ High Tea.\",\"breadcrumb\":{\"@id\":\"https:\\\/\\\/www.jootjeshaakcadeautjes.nl\\\/en\\\/product\\\/diy-siliconen-kralen-pakket-setje-moederdag-h1\\\/#breadcrumb\"},\"inLanguage\":\"en-US\",\"potentialAction\":[{\"@type\":\"ReadAction\",\"target\":[\"https:\\\/\\\/www.jootjeshaakcadeautjes.nl\\\/en\\\/product\\\/diy-siliconen-kralen-pakket-setje-moederdag-h1\\\/\"]}]},{\"@type\":\"ImageObject\",\"inLanguage\":\"en-US\",\"@id\":\"https:\\\/\\\/www.jootjeshaakcadeautjes.nl\\\/en\\\/product\\\/diy-siliconen-kralen-pakket-setje-moederdag-h1\\\/#primaryimage\",\"url\":\"https:\\\/\\\/d1dyryakdmle7o.cloudfront.net\\\/wp-content\\\/uploads\\\/2024\\\/04\\\/20240425_100754.jpg\",\"contentUrl\":\"https:\\\/\\\/d1dyryakdmle7o.cloudfront.net\\\/wp-content\\\/uploads\\\/2024\\\/04\\\/20240425_100754.jpg\",\"width\":2048,\"height\":2048,\"caption\":\"set of Mother's Day High tea 1\"},{\"@type\":\"BreadcrumbList\",\"@id\":\"https:\\\/\\\/www.jootjeshaakcadeautjes.nl\\\/en\\\/product\\\/diy-siliconen-kralen-pakket-setje-moederdag-h1\\\/#breadcrumb\",\"itemListElement\":[{\"@type\":\"ListItem\",\"position\":1,\"name\":\"Home\",\"item\":\"https:\\\/\\\/www.jootjeshaakcadeautjes.nl\\\/en\\\/\"},{\"@type\":\"ListItem\",\"position\":2,\"name\":\"Wholesale Silicone Beads &#8211; Business and Consumer\",\"item\":\"https:\\\/\\\/www.jootjeshaakcadeautjes.nl\\\/en\\\/shop\\\/\"},{\"@type\":\"ListItem\",\"position\":3,\"name\":\"DIY Siliconen Kralen Pakket \u2013 Setje Moederdag High Tea 1\"}]},{\"@type\":\"WebSite\",\"@id\":\"https:\\\/\\\/www.jootjeshaakcadeautjes.nl\\\/en\\\/#website\",\"url\":\"https:\\\/\\\/www.jootjeshaakcadeautjes.nl\\\/en\\\/\",\"name\":\"Jootjes Haakcadeautjes\",\"description\":\"Wholesale of silicone beads\",\"publisher\":{\"@id\":\"https:\\\/\\\/www.jootjeshaakcadeautjes.nl\\\/en\\\/#organization\"},\"potentialAction\":[{\"@type\":\"SearchAction\",\"target\":{\"@type\":\"EntryPoint\",\"urlTemplate\":\"https:\\\/\\\/www.jootjeshaakcadeautjes.nl\\\/en\\\/?s={search_term_string}\"},\"query-input\":{\"@type\":\"PropertyValueSpecification\",\"valueRequired\":true,\"valueName\":\"search_term_string\"}}],\"inLanguage\":\"en-US\"},{\"@type\":\"Organization\",\"@id\":\"https:\\\/\\\/www.jootjeshaakcadeautjes.nl\\\/en\\\/#organization\",\"name\":\"Jootjes Haakcadeautjes\",\"url\":\"https:\\\/\\\/www.jootjeshaakcadeautjes.nl\\\/en\\\/\",\"logo\":{\"@type\":\"ImageObject\",\"inLanguage\":\"en-US\",\"@id\":\"https:\\\/\\\/www.jootjeshaakcadeautjes.nl\\\/en\\\/#\\\/schema\\\/logo\\\/image\\\/\",\"url\":\"https:\\\/\\\/jootjes-haakcadeautjes-media.s3.amazonaws.com\\\/wp-content\\\/uploads\\\/2023\\\/05\\\/Logo-rond.png\",\"contentUrl\":\"https:\\\/\\\/jootjes-haakcadeautjes-media.s3.amazonaws.com\\\/wp-content\\\/uploads\\\/2023\\\/05\\\/Logo-rond.png\",\"width\":1222,\"height\":1222,\"caption\":\"Jootjes Haakcadeautjes\"},\"image\":{\"@id\":\"https:\\\/\\\/www.jootjeshaakcadeautjes.nl\\\/en\\\/#\\\/schema\\\/logo\\\/image\\\/\"}}]}<\/script>\n<meta property=\"product:price:amount\" content=\"0.00\" \/>\n<meta property=\"product:price:currency\" content=\"EUR\" \/>\n<meta property=\"og:availability\" content=\"out of stock\" \/>\n<meta property=\"product:availability\" content=\"out of stock\" \/>\n<meta property=\"product:retailer_item_id\" content=\"DIY-HTE-MOD1\" \/>\n<meta property=\"product:condition\" content=\"new\" \/>\n<!-- \/ Yoast SEO Premium plugin. -->","yoast_head_json":{"title":"DIY Siliconen kralen Set voor Moederdag - High Tea 1","description":"Dit setje bevat alle benodigdheden voor het zelf maken van een theelepel en thee diffuser met hanger als cadeautje voor Moederdag \/ High Tea.","robots":{"index":"index","follow":"follow","max-snippet":"max-snippet:-1","max-image-preview":"max-image-preview:large","max-video-preview":"max-video-preview:-1"},"canonical":"https:\/\/www.jootjeshaakcadeautjes.nl\/en\/product\/diy-siliconen-kralen-pakket-setje-moederdag-h1\/","og_locale":"en_US","og_type":"article","og_title":"DIY Siliconen Kralen Pakket \u2013 Setje Moederdag High Tea 1","og_description":"Dit setje bevat alle benodigdheden voor het zelf maken van een theelepel en thee diffuser met hanger als cadeautje voor Moederdag \/ High Tea.","og_url":"https:\/\/www.jootjeshaakcadeautjes.nl\/en\/product\/diy-siliconen-kralen-pakket-setje-moederdag-h1\/","og_site_name":"Jootjes Haakcadeautjes","article_modified_time":"2026-04-19T23:09:17+00:00","og_image":[{"width":2048,"height":2048,"url":"https:\/\/d1dyryakdmle7o.cloudfront.net\/wp-content\/uploads\/2024\/04\/20240425_100754.jpg","type":"image\/jpeg"}],"twitter_card":"summary_large_image","twitter_misc":{"Price":"&euro;0.00 incl. VAT","Availability":"Out of stock"},"schema":{"@context":"https:\/\/schema.org","@graph":[{"@type":"WebPage","@id":"https:\/\/www.jootjeshaakcadeautjes.nl\/en\/product\/diy-siliconen-kralen-pakket-setje-moederdag-h1\/","url":"https:\/\/www.jootjeshaakcadeautjes.nl\/en\/product\/diy-siliconen-kralen-pakket-setje-moederdag-h1\/","name":"DIY Siliconen kralen Set voor Moederdag - High Tea 1","isPartOf":{"@id":"https:\/\/www.jootjeshaakcadeautjes.nl\/en\/#website"},"primaryImageOfPage":{"@id":"https:\/\/www.jootjeshaakcadeautjes.nl\/en\/product\/diy-siliconen-kralen-pakket-setje-moederdag-h1\/#primaryimage"},"image":{"@id":"https:\/\/www.jootjeshaakcadeautjes.nl\/en\/product\/diy-siliconen-kralen-pakket-setje-moederdag-h1\/#primaryimage"},"thumbnailUrl":"https:\/\/d1dyryakdmle7o.cloudfront.net\/wp-content\/uploads\/2024\/04\/20240425_100754.jpg","datePublished":"2024-04-25T09:32:44+00:00","dateModified":"2026-04-19T23:09:17+00:00","description":"Dit setje bevat alle benodigdheden voor het zelf maken van een theelepel en thee diffuser met hanger als cadeautje voor Moederdag \/ High Tea.","breadcrumb":{"@id":"https:\/\/www.jootjeshaakcadeautjes.nl\/en\/product\/diy-siliconen-kralen-pakket-setje-moederdag-h1\/#breadcrumb"},"inLanguage":"en-US","potentialAction":[{"@type":"ReadAction","target":["https:\/\/www.jootjeshaakcadeautjes.nl\/en\/product\/diy-siliconen-kralen-pakket-setje-moederdag-h1\/"]}]},{"@type":"ImageObject","inLanguage":"en-US","@id":"https:\/\/www.jootjeshaakcadeautjes.nl\/en\/product\/diy-siliconen-kralen-pakket-setje-moederdag-h1\/#primaryimage","url":"https:\/\/d1dyryakdmle7o.cloudfront.net\/wp-content\/uploads\/2024\/04\/20240425_100754.jpg","contentUrl":"https:\/\/d1dyryakdmle7o.cloudfront.net\/wp-content\/uploads\/2024\/04\/20240425_100754.jpg","width":2048,"height":2048,"caption":"set of Mother's Day High tea 1"},{"@type":"BreadcrumbList","@id":"https:\/\/www.jootjeshaakcadeautjes.nl\/en\/product\/diy-siliconen-kralen-pakket-setje-moederdag-h1\/#breadcrumb","itemListElement":[{"@type":"ListItem","position":1,"name":"Home","item":"https:\/\/www.jootjeshaakcadeautjes.nl\/en\/"},{"@type":"ListItem","position":2,"name":"Wholesale Silicone Beads &#8211; Business and Consumer","item":"https:\/\/www.jootjeshaakcadeautjes.nl\/en\/shop\/"},{"@type":"ListItem","position":3,"name":"DIY Siliconen Kralen Pakket \u2013 Setje Moederdag High Tea 1"}]},{"@type":"WebSite","@id":"https:\/\/www.jootjeshaakcadeautjes.nl\/en\/#website","url":"https:\/\/www.jootjeshaakcadeautjes.nl\/en\/","name":"Jootjes Haakcadeautjes","description":"Wholesale of silicone beads","publisher":{"@id":"https:\/\/www.jootjeshaakcadeautjes.nl\/en\/#organization"},"potentialAction":[{"@type":"SearchAction","target":{"@type":"EntryPoint","urlTemplate":"https:\/\/www.jootjeshaakcadeautjes.nl\/en\/?s={search_term_string}"},"query-input":{"@type":"PropertyValueSpecification","valueRequired":true,"valueName":"search_term_string"}}],"inLanguage":"en-US"},{"@type":"Organization","@id":"https:\/\/www.jootjeshaakcadeautjes.nl\/en\/#organization","name":"Jootjes Haakcadeautjes","url":"https:\/\/www.jootjeshaakcadeautjes.nl\/en\/","logo":{"@type":"ImageObject","inLanguage":"en-US","@id":"https:\/\/www.jootjeshaakcadeautjes.nl\/en\/#\/schema\/logo\/image\/","url":"https:\/\/jootjes-haakcadeautjes-media.s3.amazonaws.com\/wp-content\/uploads\/2023\/05\/Logo-rond.png","contentUrl":"https:\/\/jootjes-haakcadeautjes-media.s3.amazonaws.com\/wp-content\/uploads\/2023\/05\/Logo-rond.png","width":1222,"height":1222,"caption":"Jootjes Haakcadeautjes"},"image":{"@id":"https:\/\/www.jootjeshaakcadeautjes.nl\/en\/#\/schema\/logo\/image\/"}}]},"product_price_amount":"0.00","product_price_currency":"EUR","og_availability":"out of stock","product_availability":"out of stock","product_retailer_item_id":"DIY-HTE-MOD1","product_condition":"new"},"_links":{"self":[{"href":"https:\/\/www.jootjeshaakcadeautjes.nl\/en\/wp-json\/wp\/v2\/product\/147194","targetHints":{"allow":["GET"]}}],"collection":[{"href":"https:\/\/www.jootjeshaakcadeautjes.nl\/en\/wp-json\/wp\/v2\/product"}],"about":[{"href":"https:\/\/www.jootjeshaakcadeautjes.nl\/en\/wp-json\/wp\/v2\/types\/product"}],"version-history":[{"count":1,"href":"https:\/\/www.jootjeshaakcadeautjes.nl\/en\/wp-json\/wp\/v2\/product\/147194\/revisions"}],"predecessor-version":[{"id":276823,"href":"https:\/\/www.jootjeshaakcadeautjes.nl\/en\/wp-json\/wp\/v2\/product\/147194\/revisions\/276823"}],"wp:featuredmedia":[{"embeddable":true,"href":"https:\/\/www.jootjeshaakcadeautjes.nl\/en\/wp-json\/wp\/v2\/media\/147188"}],"wp:attachment":[{"href":"https:\/\/www.jootjeshaakcadeautjes.nl\/en\/wp-json\/wp\/v2\/media?parent=147194"}],"wp:term":[{"taxonomy":"product_brand","embeddable":true,"href":"https:\/\/www.jootjeshaakcadeautjes.nl\/en\/wp-json\/wp\/v2\/product_brand?post=147194"},{"taxonomy":"product_cat","embeddable":true,"href":"https:\/\/www.jootjeshaakcadeautjes.nl\/en\/wp-json\/wp\/v2\/product_cat?post=147194"},{"taxonomy":"product_tag","embeddable":true,"href":"https:\/\/www.jootjeshaakcadeautjes.nl\/en\/wp-json\/wp\/v2\/product_tag?post=147194"}],"curies":[{"name":"wp","href":"https:\/\/api.w.org\/{rel}","templated":true}]}}