{"id":224772,"date":"2025-05-13T23:10:42","date_gmt":"2025-05-13T21:10:42","guid":{"rendered":"https:\/\/www.jootjeshaakcadeautjes.nl\/?post_type=product&#038;p=224772"},"modified":"2026-04-20T02:22:15","modified_gmt":"2026-04-20T00:22:15","slug":"diy-wristlet-paradijs-blauw-acryl-iris-blauw","status":"publish","type":"product","link":"https:\/\/www.jootjeshaakcadeautjes.nl\/en\/product\/diy-wristlet-paradijs-blauw-acryl-iris-blauw\/","title":{"rendered":"DIY Wristlet &#8211; Paradijs Blauw &#8211; Acryl Iris Blauw"},"content":{"rendered":"<h1>DIY Wristlet &#8211; Paradijs Blauw &#8211; Acryl Iris Blauw<\/h1>\n<p>Materialen: Siliconen kralen en acryl \/metaal<br \/>\nMoeilijkheidsgraad: Simpel<\/p>\n<p>Dit setje bevat alle benodigdheden voor het kunnen maken van een zelfgemaakte Wristlet van siliconen kralen. In dit geval specifiek het type met de kleuren Paradijs Blauw &#8211; Acryl Iris Blauw. Wij benoemen hierboven ook alle materialen uit dit setje. Mocht je er zelf een wil samenstellen kijk dan welke kralen we gebruiken en kies dan je eigen kleur creatie. Je kunt bij alle items op het pijltje klikken en daarmee doorklikken naar de pagina van het product zelf.<\/p>\n<p>Een Wristlet zoals deze is super eenvoudig om te maken. Hoe moet dit dan? Om het simpel te maken verwijzen we je naar onze handleiding voor het maken van bijtringen. Deze vindt je hier bij onze <a href=\"https:\/\/www.jootjeshaakcadeautjes.nl\/en\/making-baby-toys-tutorials\/teething-ring-making-diy-manual\/\">&#8220;Bijtring Tutorial&#8221;<\/a>. Een Wristlet rijg je op eenzelfde manier. Je doet alle kralen aan je koord, en rijgt daarbij ook het metalen sleutelhanger onderdeel aan. Vervolgens kun je de ring gaan knopen. Daar waar je bij een bijtring ook nog een keer terug rijgt. Is dit bij een Wristlet niet strikt noodzakelijk. Dit gezien het g\u00e9\u00e9n speelgoed product is en een Wristlet vaak na \u00e9\u00e9n keer rondrijgen ook al mega goed vast zit. Je mag deze uiteraard ook nog een tweede keer rondrijgen. Wil je nu niet zo een stevige ronde Wristlet maar m\u00e9\u00e9r een elastische Wristlet? De Wristlet is ook te maken met ons elastische koord. Wij maken ze normaal gesproken met satijnkoord. Vandaar dat wij deze bijvoegen in de setjes, maar je kunt eenvoudig wat van ons elastische koord bijbestellen. In dat geval raden wij aan om het koordje meermaals door te rijgen en vervolgens goed te knopen. Na het knopen knip je af, dit staat ook in de bijtring tutorial en kl\u00e1\u00e1r is je Wristlet! Veel plezier met cre\u00ebren.<\/p>\n<p>&nbsp;<\/p>\n<p>&nbsp;<\/p>\n","protected":false},"excerpt":{"rendered":"<p>Dit setje bevat alle benodigdheden voor het kunnen maken van een zelfgemaakte Wristlet van siliconen kralen. In dit geval specifiek het type met de kleuren Paradijs Blauw &#8211; Acryl Iris Blauw.<\/p>\n","protected":false},"featured_media":227408,"template":"","meta":[],"product_brand":[],"product_cat":[19421,7181,7353,7178,6990,10384],"product_tag":[7187,7198,10397,7604,7207,7801,7216,7204,7796,10389,10398,17206,15205,14975,7367,17205,7210],"class_list":{"0":"post-224772","1":"product","2":"type-product","3":"status-publish","4":"has-post-thumbnail","6":"product_cat-diy-setjes-wristlets","7":"product_cat-full-range","8":"product_cat-making-baby-teething-toys-pacifier-cord-teething-ring-materials","9":"product_cat-new-products","10":"product_cat-silicone-beads-bpa-free-wholesale","11":"product_cat-silicone-beads-project-packages-starter-sets","12":"product_tag-beads-en","13":"product_tag-diy-en","14":"product_tag-gift-en","15":"product_tag-key-ring","16":"product_tag-make","17":"product_tag-make-it-yourself","18":"product_tag-personalized","19":"product_tag-silicone-en","20":"product_tag-silicone-beads","21":"product_tag-starter-en","22":"product_tag-starter-pack","23":"product_tag-starter-set","24":"product_tag-telephone-pendant-en","25":"product_tag-telephone-pendant","26":"product_tag-wholesale-en","27":"product_tag-wristlet-en-2","28":"product_tag-yourself","30":"first","31":"instock","32":"virtual","33":"taxable","34":"purchasable","35":"product-type-bundle"},"bundled_by":[],"bundle_stock_status":"instock","bundle_stock_quantity":6,"bundle_virtual":false,"bundle_layout":"default","bundle_add_to_cart_form_location":"default","bundle_editable_in_cart":false,"bundle_sold_individually_context":"product","bundle_item_grouping":"parent","bundle_min_size":"","bundle_max_size":"","bundle_price":{"price":{"min":{"incl_tax":"7.16","excl_tax":"5.92"},"max":{"incl_tax":"7.16","excl_tax":"5.92"}},"regular_price":{"min":{"incl_tax":"7.32","excl_tax":"6.04"},"max":{"incl_tax":"7.32","excl_tax":"6.04"}}},"bundled_items":[{"bundled_item_id":17025,"product_id":130149,"menu_order":1,"quantity_min":4,"quantity_max":4,"quantity_default":4,"priced_individually":true,"shipped_individually":false,"override_title":false,"title":"Silicone beads 20 mm &#8211; Round &#8211; Paradise Blue","override_description":true,"description":"","optional":false,"hide_thumbnail":false,"discount":"","override_variations":false,"allowed_variations":[""],"override_default_variation_attributes":false,"default_variation_attributes":[],"single_product_visibility":"visible","cart_visibility":"visible","order_visibility":"visible","single_product_price_visibility":"visible","cart_price_visibility":"visible","order_price_visibility":"visible","stock_status":"in_stock"},{"bundled_item_id":17026,"product_id":130133,"menu_order":2,"quantity_min":4,"quantity_max":4,"quantity_default":4,"priced_individually":true,"shipped_individually":false,"override_title":false,"title":"Silicone beads 20 mm &#8211; Round &#8211; Emerald Green","override_description":true,"description":"","optional":false,"hide_thumbnail":false,"discount":"","override_variations":false,"allowed_variations":[""],"override_default_variation_attributes":false,"default_variation_attributes":[],"single_product_visibility":"visible","cart_visibility":"visible","order_visibility":"visible","single_product_price_visibility":"visible","cart_price_visibility":"visible","order_price_visibility":"visible","stock_status":"in_stock"},{"bundled_item_id":17027,"product_id":125965,"menu_order":3,"quantity_min":4,"quantity_max":4,"quantity_default":4,"priced_individually":true,"shipped_individually":false,"override_title":false,"title":"Silicone Beads 20 mm &#8211; Round &#8211; Emerald Green Pearl Print","override_description":true,"description":"","optional":false,"hide_thumbnail":false,"discount":"","override_variations":false,"allowed_variations":[""],"override_default_variation_attributes":false,"default_variation_attributes":[],"single_product_visibility":"visible","cart_visibility":"visible","order_visibility":"visible","single_product_price_visibility":"visible","cart_price_visibility":"visible","order_price_visibility":"visible","stock_status":"in_stock"},{"bundled_item_id":17028,"product_id":156572,"menu_order":4,"quantity_min":4,"quantity_max":4,"quantity_default":4,"priced_individually":true,"shipped_individually":false,"override_title":false,"title":"Acrylic beads with Stones &#8211; 20 mm &#8211; Iris Blue","override_description":true,"description":"","optional":false,"hide_thumbnail":false,"discount":"","override_variations":false,"allowed_variations":[""],"override_default_variation_attributes":false,"default_variation_attributes":[],"single_product_visibility":"visible","cart_visibility":"visible","order_visibility":"visible","single_product_price_visibility":"visible","cart_price_visibility":"visible","order_price_visibility":"visible","stock_status":"in_stock"}],"bundle_sell_ids":[],"yoast_head":"<!-- This site is optimized with the Yoast SEO Premium plugin v26.4 (Yoast SEO v27.3) - https:\/\/yoast.com\/product\/yoast-seo-premium-wordpress\/ -->\n<title>DIY Wristlet Paradijs Blauw - Acryl Iris Blauw | Jootjes<\/title>\n<meta name=\"description\" content=\"Deze DIY set bevat alle items voor jouw eigen Wristlet siliconen kralen in het Thema Paradijs Blauw - Acryl Iris Blauw | Jootjes\" \/>\n<meta name=\"robots\" content=\"index, follow, max-snippet:-1, max-image-preview:large, max-video-preview:-1\" \/>\n<link rel=\"canonical\" href=\"https:\/\/www.jootjeshaakcadeautjes.nl\/en\/product\/diy-wristlet-paradijs-blauw-acryl-iris-blauw\/\" \/>\n<meta property=\"og:locale\" content=\"en_US\" \/>\n<meta property=\"og:type\" content=\"article\" \/>\n<meta property=\"og:title\" content=\"DIY Wristlet - Paradijs Blauw - Acryl Iris Blauw\" \/>\n<meta property=\"og:description\" content=\"Deze DIY set bevat alle items voor jouw eigen Wristlet siliconen kralen in het Thema Paradijs Blauw - Acryl Iris Blauw | Jootjes\" \/>\n<meta property=\"og:url\" content=\"https:\/\/www.jootjeshaakcadeautjes.nl\/en\/product\/diy-wristlet-paradijs-blauw-acryl-iris-blauw\/\" \/>\n<meta property=\"og:site_name\" content=\"Jootjes Haakcadeautjes\" \/>\n<meta property=\"article:modified_time\" content=\"2026-04-20T00:22:15+00:00\" \/>\n<meta property=\"og:image\" content=\"https:\/\/d1dyryakdmle7o.cloudfront.net\/wp-content\/uploads\/2025\/05\/20241102_171714.webp\" \/>\n\t<meta property=\"og:image:width\" content=\"2048\" \/>\n\t<meta property=\"og:image:height\" content=\"2048\" \/>\n\t<meta property=\"og:image:type\" content=\"image\/webp\" \/>\n<meta name=\"twitter:card\" content=\"summary_large_image\" \/>\n<meta name=\"twitter:label1\" content=\"Price\" \/>\n\t<meta name=\"twitter:data1\" content=\"&euro;0.00 incl. VAT\" \/>\n\t<meta name=\"twitter:label2\" content=\"Availability\" \/>\n\t<meta name=\"twitter:data2\" content=\"In stock\" \/>\n<script type=\"application\/ld+json\" class=\"yoast-schema-graph\">{\"@context\":\"https:\\\/\\\/schema.org\",\"@graph\":[{\"@type\":\"WebPage\",\"@id\":\"https:\\\/\\\/www.jootjeshaakcadeautjes.nl\\\/en\\\/product\\\/diy-wristlet-paradijs-blauw-acryl-iris-blauw\\\/\",\"url\":\"https:\\\/\\\/www.jootjeshaakcadeautjes.nl\\\/en\\\/product\\\/diy-wristlet-paradijs-blauw-acryl-iris-blauw\\\/\",\"name\":\"DIY Wristlet Paradijs Blauw - Acryl Iris Blauw | Jootjes\",\"isPartOf\":{\"@id\":\"https:\\\/\\\/www.jootjeshaakcadeautjes.nl\\\/en\\\/#website\"},\"primaryImageOfPage\":{\"@id\":\"https:\\\/\\\/www.jootjeshaakcadeautjes.nl\\\/en\\\/product\\\/diy-wristlet-paradijs-blauw-acryl-iris-blauw\\\/#primaryimage\"},\"image\":{\"@id\":\"https:\\\/\\\/www.jootjeshaakcadeautjes.nl\\\/en\\\/product\\\/diy-wristlet-paradijs-blauw-acryl-iris-blauw\\\/#primaryimage\"},\"thumbnailUrl\":\"https:\\\/\\\/d1dyryakdmle7o.cloudfront.net\\\/wp-content\\\/uploads\\\/2025\\\/05\\\/20241102_171714.webp\",\"datePublished\":\"2025-05-13T21:10:42+00:00\",\"dateModified\":\"2026-04-20T00:22:15+00:00\",\"description\":\"Deze DIY set bevat alle items voor jouw eigen Wristlet siliconen kralen in het Thema Paradijs Blauw - Acryl Iris Blauw | Jootjes\",\"breadcrumb\":{\"@id\":\"https:\\\/\\\/www.jootjeshaakcadeautjes.nl\\\/en\\\/product\\\/diy-wristlet-paradijs-blauw-acryl-iris-blauw\\\/#breadcrumb\"},\"inLanguage\":\"en-US\",\"potentialAction\":[{\"@type\":\"ReadAction\",\"target\":[\"https:\\\/\\\/www.jootjeshaakcadeautjes.nl\\\/en\\\/product\\\/diy-wristlet-paradijs-blauw-acryl-iris-blauw\\\/\"]}]},{\"@type\":\"ImageObject\",\"inLanguage\":\"en-US\",\"@id\":\"https:\\\/\\\/www.jootjeshaakcadeautjes.nl\\\/en\\\/product\\\/diy-wristlet-paradijs-blauw-acryl-iris-blauw\\\/#primaryimage\",\"url\":\"https:\\\/\\\/d1dyryakdmle7o.cloudfront.net\\\/wp-content\\\/uploads\\\/2025\\\/05\\\/20241102_171714.webp\",\"contentUrl\":\"https:\\\/\\\/d1dyryakdmle7o.cloudfront.net\\\/wp-content\\\/uploads\\\/2025\\\/05\\\/20241102_171714.webp\",\"width\":2048,\"height\":2048},{\"@type\":\"BreadcrumbList\",\"@id\":\"https:\\\/\\\/www.jootjeshaakcadeautjes.nl\\\/en\\\/product\\\/diy-wristlet-paradijs-blauw-acryl-iris-blauw\\\/#breadcrumb\",\"itemListElement\":[{\"@type\":\"ListItem\",\"position\":1,\"name\":\"Home\",\"item\":\"https:\\\/\\\/www.jootjeshaakcadeautjes.nl\\\/en\\\/\"},{\"@type\":\"ListItem\",\"position\":2,\"name\":\"Wholesale Silicone Beads &#8211; Business and Consumer\",\"item\":\"https:\\\/\\\/www.jootjeshaakcadeautjes.nl\\\/en\\\/shop\\\/\"},{\"@type\":\"ListItem\",\"position\":3,\"name\":\"DIY Wristlet &#8211; Paradijs Blauw &#8211; Acryl Iris Blauw\"}]},{\"@type\":\"WebSite\",\"@id\":\"https:\\\/\\\/www.jootjeshaakcadeautjes.nl\\\/en\\\/#website\",\"url\":\"https:\\\/\\\/www.jootjeshaakcadeautjes.nl\\\/en\\\/\",\"name\":\"Jootjes Haakcadeautjes\",\"description\":\"Wholesale of silicone beads\",\"publisher\":{\"@id\":\"https:\\\/\\\/www.jootjeshaakcadeautjes.nl\\\/en\\\/#organization\"},\"potentialAction\":[{\"@type\":\"SearchAction\",\"target\":{\"@type\":\"EntryPoint\",\"urlTemplate\":\"https:\\\/\\\/www.jootjeshaakcadeautjes.nl\\\/en\\\/?s={search_term_string}\"},\"query-input\":{\"@type\":\"PropertyValueSpecification\",\"valueRequired\":true,\"valueName\":\"search_term_string\"}}],\"inLanguage\":\"en-US\"},{\"@type\":\"Organization\",\"@id\":\"https:\\\/\\\/www.jootjeshaakcadeautjes.nl\\\/en\\\/#organization\",\"name\":\"Jootjes Haakcadeautjes\",\"url\":\"https:\\\/\\\/www.jootjeshaakcadeautjes.nl\\\/en\\\/\",\"logo\":{\"@type\":\"ImageObject\",\"inLanguage\":\"en-US\",\"@id\":\"https:\\\/\\\/www.jootjeshaakcadeautjes.nl\\\/en\\\/#\\\/schema\\\/logo\\\/image\\\/\",\"url\":\"https:\\\/\\\/jootjes-haakcadeautjes-media.s3.amazonaws.com\\\/wp-content\\\/uploads\\\/2023\\\/05\\\/Logo-rond.png\",\"contentUrl\":\"https:\\\/\\\/jootjes-haakcadeautjes-media.s3.amazonaws.com\\\/wp-content\\\/uploads\\\/2023\\\/05\\\/Logo-rond.png\",\"width\":1222,\"height\":1222,\"caption\":\"Jootjes Haakcadeautjes\"},\"image\":{\"@id\":\"https:\\\/\\\/www.jootjeshaakcadeautjes.nl\\\/en\\\/#\\\/schema\\\/logo\\\/image\\\/\"}}]}<\/script>\n<meta property=\"product:price:amount\" content=\"0.00\" \/>\n<meta property=\"product:price:currency\" content=\"EUR\" \/>\n<meta property=\"og:availability\" content=\"instock\" \/>\n<meta property=\"product:availability\" content=\"instock\" \/>\n<meta property=\"product:retailer_item_id\" content=\"DIY-WRST-AIB\" \/>\n<meta property=\"product:condition\" content=\"new\" \/>\n<!-- \/ Yoast SEO Premium plugin. -->","yoast_head_json":{"title":"DIY Wristlet Paradijs Blauw - Acryl Iris Blauw | Jootjes","description":"Deze DIY set bevat alle items voor jouw eigen Wristlet siliconen kralen in het Thema Paradijs Blauw - Acryl Iris Blauw | Jootjes","robots":{"index":"index","follow":"follow","max-snippet":"max-snippet:-1","max-image-preview":"max-image-preview:large","max-video-preview":"max-video-preview:-1"},"canonical":"https:\/\/www.jootjeshaakcadeautjes.nl\/en\/product\/diy-wristlet-paradijs-blauw-acryl-iris-blauw\/","og_locale":"en_US","og_type":"article","og_title":"DIY Wristlet - Paradijs Blauw - Acryl Iris Blauw","og_description":"Deze DIY set bevat alle items voor jouw eigen Wristlet siliconen kralen in het Thema Paradijs Blauw - Acryl Iris Blauw | Jootjes","og_url":"https:\/\/www.jootjeshaakcadeautjes.nl\/en\/product\/diy-wristlet-paradijs-blauw-acryl-iris-blauw\/","og_site_name":"Jootjes Haakcadeautjes","article_modified_time":"2026-04-20T00:22:15+00:00","og_image":[{"width":2048,"height":2048,"url":"https:\/\/d1dyryakdmle7o.cloudfront.net\/wp-content\/uploads\/2025\/05\/20241102_171714.webp","type":"image\/webp"}],"twitter_card":"summary_large_image","twitter_misc":{"Price":"&euro;0.00 incl. VAT","Availability":"In stock"},"schema":{"@context":"https:\/\/schema.org","@graph":[{"@type":"WebPage","@id":"https:\/\/www.jootjeshaakcadeautjes.nl\/en\/product\/diy-wristlet-paradijs-blauw-acryl-iris-blauw\/","url":"https:\/\/www.jootjeshaakcadeautjes.nl\/en\/product\/diy-wristlet-paradijs-blauw-acryl-iris-blauw\/","name":"DIY Wristlet Paradijs Blauw - Acryl Iris Blauw | Jootjes","isPartOf":{"@id":"https:\/\/www.jootjeshaakcadeautjes.nl\/en\/#website"},"primaryImageOfPage":{"@id":"https:\/\/www.jootjeshaakcadeautjes.nl\/en\/product\/diy-wristlet-paradijs-blauw-acryl-iris-blauw\/#primaryimage"},"image":{"@id":"https:\/\/www.jootjeshaakcadeautjes.nl\/en\/product\/diy-wristlet-paradijs-blauw-acryl-iris-blauw\/#primaryimage"},"thumbnailUrl":"https:\/\/d1dyryakdmle7o.cloudfront.net\/wp-content\/uploads\/2025\/05\/20241102_171714.webp","datePublished":"2025-05-13T21:10:42+00:00","dateModified":"2026-04-20T00:22:15+00:00","description":"Deze DIY set bevat alle items voor jouw eigen Wristlet siliconen kralen in het Thema Paradijs Blauw - Acryl Iris Blauw | Jootjes","breadcrumb":{"@id":"https:\/\/www.jootjeshaakcadeautjes.nl\/en\/product\/diy-wristlet-paradijs-blauw-acryl-iris-blauw\/#breadcrumb"},"inLanguage":"en-US","potentialAction":[{"@type":"ReadAction","target":["https:\/\/www.jootjeshaakcadeautjes.nl\/en\/product\/diy-wristlet-paradijs-blauw-acryl-iris-blauw\/"]}]},{"@type":"ImageObject","inLanguage":"en-US","@id":"https:\/\/www.jootjeshaakcadeautjes.nl\/en\/product\/diy-wristlet-paradijs-blauw-acryl-iris-blauw\/#primaryimage","url":"https:\/\/d1dyryakdmle7o.cloudfront.net\/wp-content\/uploads\/2025\/05\/20241102_171714.webp","contentUrl":"https:\/\/d1dyryakdmle7o.cloudfront.net\/wp-content\/uploads\/2025\/05\/20241102_171714.webp","width":2048,"height":2048},{"@type":"BreadcrumbList","@id":"https:\/\/www.jootjeshaakcadeautjes.nl\/en\/product\/diy-wristlet-paradijs-blauw-acryl-iris-blauw\/#breadcrumb","itemListElement":[{"@type":"ListItem","position":1,"name":"Home","item":"https:\/\/www.jootjeshaakcadeautjes.nl\/en\/"},{"@type":"ListItem","position":2,"name":"Wholesale Silicone Beads &#8211; Business and Consumer","item":"https:\/\/www.jootjeshaakcadeautjes.nl\/en\/shop\/"},{"@type":"ListItem","position":3,"name":"DIY Wristlet &#8211; Paradijs Blauw &#8211; Acryl Iris Blauw"}]},{"@type":"WebSite","@id":"https:\/\/www.jootjeshaakcadeautjes.nl\/en\/#website","url":"https:\/\/www.jootjeshaakcadeautjes.nl\/en\/","name":"Jootjes Haakcadeautjes","description":"Wholesale of silicone beads","publisher":{"@id":"https:\/\/www.jootjeshaakcadeautjes.nl\/en\/#organization"},"potentialAction":[{"@type":"SearchAction","target":{"@type":"EntryPoint","urlTemplate":"https:\/\/www.jootjeshaakcadeautjes.nl\/en\/?s={search_term_string}"},"query-input":{"@type":"PropertyValueSpecification","valueRequired":true,"valueName":"search_term_string"}}],"inLanguage":"en-US"},{"@type":"Organization","@id":"https:\/\/www.jootjeshaakcadeautjes.nl\/en\/#organization","name":"Jootjes Haakcadeautjes","url":"https:\/\/www.jootjeshaakcadeautjes.nl\/en\/","logo":{"@type":"ImageObject","inLanguage":"en-US","@id":"https:\/\/www.jootjeshaakcadeautjes.nl\/en\/#\/schema\/logo\/image\/","url":"https:\/\/jootjes-haakcadeautjes-media.s3.amazonaws.com\/wp-content\/uploads\/2023\/05\/Logo-rond.png","contentUrl":"https:\/\/jootjes-haakcadeautjes-media.s3.amazonaws.com\/wp-content\/uploads\/2023\/05\/Logo-rond.png","width":1222,"height":1222,"caption":"Jootjes Haakcadeautjes"},"image":{"@id":"https:\/\/www.jootjeshaakcadeautjes.nl\/en\/#\/schema\/logo\/image\/"}}]},"product_price_amount":"0.00","product_price_currency":"EUR","og_availability":"instock","product_availability":"instock","product_retailer_item_id":"DIY-WRST-AIB","product_condition":"new"},"_links":{"self":[{"href":"https:\/\/www.jootjeshaakcadeautjes.nl\/en\/wp-json\/wp\/v2\/product\/224772","targetHints":{"allow":["GET"]}}],"collection":[{"href":"https:\/\/www.jootjeshaakcadeautjes.nl\/en\/wp-json\/wp\/v2\/product"}],"about":[{"href":"https:\/\/www.jootjeshaakcadeautjes.nl\/en\/wp-json\/wp\/v2\/types\/product"}],"version-history":[{"count":1,"href":"https:\/\/www.jootjeshaakcadeautjes.nl\/en\/wp-json\/wp\/v2\/product\/224772\/revisions"}],"predecessor-version":[{"id":275910,"href":"https:\/\/www.jootjeshaakcadeautjes.nl\/en\/wp-json\/wp\/v2\/product\/224772\/revisions\/275910"}],"wp:featuredmedia":[{"embeddable":true,"href":"https:\/\/www.jootjeshaakcadeautjes.nl\/en\/wp-json\/wp\/v2\/media\/227408"}],"wp:attachment":[{"href":"https:\/\/www.jootjeshaakcadeautjes.nl\/en\/wp-json\/wp\/v2\/media?parent=224772"}],"wp:term":[{"taxonomy":"product_brand","embeddable":true,"href":"https:\/\/www.jootjeshaakcadeautjes.nl\/en\/wp-json\/wp\/v2\/product_brand?post=224772"},{"taxonomy":"product_cat","embeddable":true,"href":"https:\/\/www.jootjeshaakcadeautjes.nl\/en\/wp-json\/wp\/v2\/product_cat?post=224772"},{"taxonomy":"product_tag","embeddable":true,"href":"https:\/\/www.jootjeshaakcadeautjes.nl\/en\/wp-json\/wp\/v2\/product_tag?post=224772"}],"curies":[{"name":"wp","href":"https:\/\/api.w.org\/{rel}","templated":true}]}}