{"id":257659,"date":"2025-06-22T20:43:47","date_gmt":"2025-06-22T18:43:47","guid":{"rendered":"https:\/\/www.jootjeshaakcadeautjes.nl\/?post_type=product&p=257659"},"modified":"2026-04-20T11:09:18","modified_gmt":"2026-04-20T09:09:18","slug":"perles-en-silicone-mini-dots-disque-intermediaire-taupe","status":"publish","type":"product","link":"https:\/\/www.jootjeshaakcadeautjes.nl\/en\/product\/perles-en-silicone-mini-dots-disque-intermediaire-taupe\/","title":{"rendered":"Perles en silicone &#8211; Mini Dots &#8211; Disque interm\u00e9diaire &#8211; Taupe"},"content":{"rendered":"<h1>Perles en silicone &#8211; Mini Dots &#8211; Disque interm\u00e9diaire &#8211; Taupe<\/h1>\n<h3>Sp\u00e9cifications :<\/h3>\n<ul>\n<li>\u00c9galement connues sous le nom de : Entretoise en perles de silicone pour lettres et perles<\/li>\n<li>Couleur : Taupe<\/li>\n<\/ul>\n<p>Toutes nos billes de silicone sont 100 % exemptes de BPA, de plomb, de toxines, de phtalates et de PVC. Nos billes de silicone sont donc de qualit\u00e9 m\u00e9dicale et conviennent aux jouets de dentition pour enfants. Les perles sont parfaites pour fabriquer des anneaux de dentition, des cordons de t\u00e9tine, des colliers d&#8217;allaitement, des pendentifs de sac ou des gymnases pour b\u00e9b\u00e9s, entre autres.  <\/p>\n<p>Le reste de notre gamme de perles en silicone se trouve ici : <a href=\"https:\/\/www.jootjeshaakcadeautjes.nl\/en\/product-categorie\/making-baby-teething-toys-pacifier-cord-teething-ring-materials\/silicone-beads-bpa-free-wholesale\/\">perles en silicone<\/a>.<br \/>\nLes perles en bois se trouvent ici : <a href=\"\/?product_cat=houten-kralen-kralen\">perles en bois.<\/a><\/p>\n<h3>Qualit\u00e9 et s\u00e9curit\u00e9 de nos perles de silicone<\/h3>\n<p>Toutes nos perles en silicone sont :<\/p>\n<ul>\n<li>Sans BPA<\/li>\n<li>Sans phtalates ni toxins<\/li>\n<li>Sans PVC<\/li>\n<li>Sans plomb<\/li>\n<li>Certifi\u00e9 CE<\/li>\n<li>Perles de silicone de qualit\u00e9 m\u00e9dicale<\/li>\n<\/ul>\n<h4>Fixation :<\/h4>\n<p>Les perles en silicone sont faciles \u00e0 enfiler sur un cordon de cire ou de satin. Attachez l&#8217;anneau de dentition rond en silicone tr\u00e8s bien et plusieurs fois. Ces perles se pr\u00eatent bien \u00e0 l&#8217;intercalation entre les perles de lettres. Ces perles ne sont pas seulement un changement agr\u00e9able, elles permettent aussi de rendre plus rond un anneau de dentition dans lequel vous voulez utiliser des perles de lettres. En effet, les perles de lettres en silicone sont carr\u00e9es. En les utilisant dans des anneaux de dentition sans entretoise, vous obtenez un segment qui ne se plie pas avec vous mais qui veut rester droit. Les disques interm\u00e9diaires ronds, de par leur forme, permettent \u00e0 ce segment de se plier \u00e0 nouveau. M\u00eame lorsqu&#8217;il est utilis\u00e9 dans un faux cordon, ce faux cordon reste plus souple.    <\/p>\n<h4>Nettoyage :<\/h4>\n<p>Ces perles rondes en silicone conviennent donc aussi bien aux b\u00e9b\u00e9s qu&#8217;aux enfants plus \u00e2g\u00e9s qui aiment mordre dans quelque chose. Les perles sont certifi\u00e9es CE et sont robustes.  Par cons\u00e9quent, ils ne s&#8217;usent pratiquement pas. En outre, les perles sont faciles \u00e0 nettoyer. Ces perles de silicone peuvent facilement passer au lave-vaisselle ou \u00e0 l&#8217;eau savonneuse. Laissez-les ensuite s\u00e9cher compl\u00e8tement avant de les donner \u00e0 nouveau \u00e0 un enfant. Les perles de silicone peuvent \u00e9galement \u00eatre conserv\u00e9es au r\u00e9frig\u00e9rateur. Ils sont donc tr\u00e8s utiles pour soulager la douleur lors des pouss\u00e9es dentaires.  <\/p>\n<p><em>Fixez toujours correctement les perles de silicone et contr\u00f4lez r\u00e9guli\u00e8rement vos cr\u00e9ations, par exemple pour v\u00e9rifier qu&#8217;elles ne s&#8217;usent pas. Vous en \u00eates vous-m\u00eame responsable. Jootjes Haakcadeautjes ne contr\u00f4le pas le produit fini et ne peut donc pas assumer les dommages ou le rel\u00e2chement dus \u00e0 l&#8217;usure. Nous vous conseillons de n&#8217;utiliser les jouets de dentition faits \u00e0 la main que sous la surveillance d&#8217;un adulte afin d&#8217;\u00e9viter toute situation dangereuse.   <\/em><\/p>\n<h3>Avec quoi ces perles se combinent-elles bien ?<\/h3>\n<p>Toutes nos perles se combinent bien entre elles. Nous stockons les m\u00eames couleurs dans le plus grand nombre possible de types de perles. Ce n&#8217;est pas toujours possible. En outre, il est amusant de combiner les couleurs et les formes. Cela stimule le d\u00e9veloppement de l&#8217;enfant. Plus elles sont color\u00e9es, mieux c&#8217;est. Comme indiqu\u00e9 ci-dessus, ces perles se pr\u00eatent bien \u00e0 une utilisation avec les perles de lettres, \u00e0 la fois dans l&#8217;anneau de dentition et dans le cordon de la t\u00e9tine.     <\/p>\n<h4>R\u00e9agir \u00e0 l&#8217;\u00e9volution de la vue d&#8217;un b\u00e9b\u00e9 ?<\/h4>\n<h4>C&#8217;est ainsi que se d\u00e9veloppe la vision d&#8217;un enfant :<\/h4>\n<p>Vers l &#8221; \u00e2ge d&#8217;un mois, un b\u00e9b\u00e9 per\u00e7oit principalement des contrastes nets entre l&#8217;obscurit\u00e9 et la lumi\u00e8re. Les contours se dessinent ensuite tr\u00e8s lentement et les principes de la couleur deviennent visibles. Cela commence par les couleurs rouge et verte, et seulement plus tard les couleurs bleue et jaune. Pendant longtemps, le bleu reste plut\u00f4t une nuance de gris\/noir. La v\u00e9ritable vision &#8220;bleue&#8221; ne se d\u00e9veloppe qu &#8221; \u00e0 partir de six mois environ. Cela ne veut pas dire, bien s\u00fbr, qu&#8217;il n&#8217;y a pas de changement agr\u00e9able avec une perle de couleur diff\u00e9rente. Outre les couleurs, un b\u00e9b\u00e9 commence \u00e0 rechercher des d\u00e9tails \u00e0 partir de deux mois environ.    <\/p>\n<p>&nbsp;<\/p>\n<p>&nbsp;<\/p>\n<p>&nbsp;<\/p>\n","protected":false},"excerpt":{"rendered":"<p>Code couleur Taupe<\/p>\n<p>&#8211; Type : Perles d&#8217;espacement en silicone<br \/>\n&#8211; Vendu \u00e0 la pi\u00e8ce, nulle part moins cher<br \/>\n&#8211; Sans BPA, Phtalates, Plomb, PVC et poison<br \/>\n&#8211; Certifi\u00e9 CE<br \/>\n&#8211; Perles de silicone de qualit\u00e9 m\u00e9dicale<br \/>\n&#8211; Refroidissable au r\u00e9frig\u00e9rateur<br \/>\n&#8211; Lavable au lave-vaisselle<\/p>\n","protected":false},"featured_media":99561,"template":"","meta":[],"product_brand":[],"product_cat":[7353,7178,6990,17769],"product_tag":[7414,7391,7187,7359,7358,7381,17214,7364,7399,17213,7355,7362,7405,7365,7204,7423,7363,7793,7356],"class_list":{"0":"post-257659","1":"product","2":"type-product","3":"status-publish","4":"has-post-thumbnail","6":"product_cat-making-baby-teething-toys-pacifier-cord-teething-ring-materials","7":"product_cat-new-products","8":"product_cat-silicone-beads-bpa-free-wholesale","9":"product_cat-silicone-beads-mini-dots-12-mm","10":"product_tag-bag-hanger","11":"product_tag-bead","12":"product_tag-beads-en","13":"product_tag-bpa-en","14":"product_tag-bpa-free","15":"product_tag-breastfeeding-necklace","16":"product_tag-dots-en","17":"product_tag-free","18":"product_tag-mini-en","19":"product_tag-mini-dots-en","20":"product_tag-mm-en","21":"product_tag-pacifier-cord","22":"product_tag-phthalates","23":"product_tag-silicone-en-2","24":"product_tag-silicone-en","25":"product_tag-spacer","26":"product_tag-stroller","27":"product_tag-taupe-en","28":"product_tag-teething-ring","30":"first","31":"instock","32":"taxable","33":"shipping-taxable","34":"purchasable","35":"product-type-simple"},"bundled_by":[],"bundle_stock_status":"instock","bundle_stock_quantity":979,"bundle_virtual":false,"bundle_layout":"","bundle_add_to_cart_form_location":"","bundle_editable_in_cart":false,"bundle_sold_individually_context":"","bundle_item_grouping":"","bundle_min_size":"","bundle_max_size":"","bundle_price":[],"bundled_items":[],"bundle_sell_ids":[],"yoast_head":"<!-- This site is optimized with the Yoast SEO Premium plugin v27.4 (Yoast SEO v27.4) - https:\/\/yoast.com\/product\/yoast-seo-premium-wordpress\/ -->\n<title>Perles en silicone - Mini Dots - Disque interm\u00e9diaire - Taupe - JH | Sans BPA<\/title>\n<meta name=\"description\" content=\"Perle de silicone ovale Speckle old lace 12 mm de diam\u00e8tre Sans BPA, sans plomb, sans toxins, sans phtalates et sans PVC, marqu\u00e9 CE.\" \/>\n<meta name=\"robots\" content=\"index, follow, max-snippet:-1, max-image-preview:large, max-video-preview:-1\" \/>\n<link rel=\"canonical\" href=\"https:\/\/www.jootjeshaakcadeautjes.nl\/en\/product\/perles-en-silicone-mini-dots-disque-intermediaire-taupe\/\" \/>\n<meta property=\"og:locale\" content=\"en_US\" \/>\n<meta property=\"og:type\" content=\"article\" \/>\n<meta property=\"og:title\" content=\"Perles en silicone - Mini Dots - Disque interm\u00e9diaire - Taupe\" \/>\n<meta property=\"og:description\" content=\"Perle de silicone ovale Speckle old lace 12 mm de diam\u00e8tre Sans BPA, sans plomb, sans toxins, sans phtalates et sans PVC, marqu\u00e9 CE.\" \/>\n<meta property=\"og:url\" content=\"https:\/\/www.jootjeshaakcadeautjes.nl\/en\/product\/perles-en-silicone-mini-dots-disque-intermediaire-taupe\/\" \/>\n<meta property=\"og:site_name\" content=\"Jootjes Haakcadeautjes\" \/>\n<meta property=\"article:modified_time\" content=\"2026-04-20T09:09:18+00:00\" \/>\n<meta property=\"og:image\" content=\"https:\/\/d1dyryakdmle7o.cloudfront.net\/wp-content\/uploads\/2023\/08\/Foto-volgt-1.jpg\" \/>\n\t<meta property=\"og:image:width\" content=\"1080\" \/>\n\t<meta property=\"og:image:height\" content=\"1080\" \/>\n\t<meta property=\"og:image:type\" content=\"image\/jpeg\" \/>\n<meta name=\"twitter:card\" content=\"summary_large_image\" \/>\n<meta name=\"twitter:label1\" content=\"Price\" \/>\n\t<meta name=\"twitter:data1\" content=\"&euro;0.28 incl. VAT\" \/>\n\t<meta name=\"twitter:label2\" content=\"Availability\" \/>\n\t<meta name=\"twitter:data2\" content=\"In stock\" \/>\n<script type=\"application\/ld+json\" class=\"yoast-schema-graph\">{\"@context\":\"https:\\\/\\\/schema.org\",\"@graph\":[{\"@type\":\"WebPage\",\"@id\":\"https:\\\/\\\/www.jootjeshaakcadeautjes.nl\\\/en\\\/product\\\/perles-en-silicone-mini-dots-disque-intermediaire-taupe\\\/\",\"url\":\"https:\\\/\\\/www.jootjeshaakcadeautjes.nl\\\/en\\\/product\\\/perles-en-silicone-mini-dots-disque-intermediaire-taupe\\\/\",\"name\":\"Perles en silicone - Mini Dots - Disque interm\u00e9diaire - Taupe - JH | Sans BPA\",\"isPartOf\":{\"@id\":\"https:\\\/\\\/www.jootjeshaakcadeautjes.nl\\\/en\\\/#website\"},\"primaryImageOfPage\":{\"@id\":\"https:\\\/\\\/www.jootjeshaakcadeautjes.nl\\\/en\\\/product\\\/perles-en-silicone-mini-dots-disque-intermediaire-taupe\\\/#primaryimage\"},\"image\":{\"@id\":\"https:\\\/\\\/www.jootjeshaakcadeautjes.nl\\\/en\\\/product\\\/perles-en-silicone-mini-dots-disque-intermediaire-taupe\\\/#primaryimage\"},\"thumbnailUrl\":\"https:\\\/\\\/d1dyryakdmle7o.cloudfront.net\\\/wp-content\\\/uploads\\\/2023\\\/08\\\/Foto-volgt-1.jpg\",\"datePublished\":\"2025-06-22T18:43:47+00:00\",\"dateModified\":\"2026-04-20T09:09:18+00:00\",\"description\":\"Perle de silicone ovale Speckle old lace 12 mm de diam\u00e8tre Sans BPA, sans plomb, sans toxins, sans phtalates et sans PVC, marqu\u00e9 CE.\",\"breadcrumb\":{\"@id\":\"https:\\\/\\\/www.jootjeshaakcadeautjes.nl\\\/en\\\/product\\\/perles-en-silicone-mini-dots-disque-intermediaire-taupe\\\/#breadcrumb\"},\"inLanguage\":\"en-US\",\"potentialAction\":[{\"@type\":\"ReadAction\",\"target\":[\"https:\\\/\\\/www.jootjeshaakcadeautjes.nl\\\/en\\\/product\\\/perles-en-silicone-mini-dots-disque-intermediaire-taupe\\\/\"]}]},{\"@type\":\"ImageObject\",\"inLanguage\":\"en-US\",\"@id\":\"https:\\\/\\\/www.jootjeshaakcadeautjes.nl\\\/en\\\/product\\\/perles-en-silicone-mini-dots-disque-intermediaire-taupe\\\/#primaryimage\",\"url\":\"https:\\\/\\\/d1dyryakdmle7o.cloudfront.net\\\/wp-content\\\/uploads\\\/2023\\\/08\\\/Foto-volgt-1.jpg\",\"contentUrl\":\"https:\\\/\\\/d1dyryakdmle7o.cloudfront.net\\\/wp-content\\\/uploads\\\/2023\\\/08\\\/Foto-volgt-1.jpg\",\"width\":1080,\"height\":1080,\"caption\":\"follows\"},{\"@type\":\"BreadcrumbList\",\"@id\":\"https:\\\/\\\/www.jootjeshaakcadeautjes.nl\\\/en\\\/product\\\/perles-en-silicone-mini-dots-disque-intermediaire-taupe\\\/#breadcrumb\",\"itemListElement\":[{\"@type\":\"ListItem\",\"position\":1,\"name\":\"Home\",\"item\":\"https:\\\/\\\/www.jootjeshaakcadeautjes.nl\\\/en\\\/\"},{\"@type\":\"ListItem\",\"position\":2,\"name\":\"Wholesale Silicone Beads &#8211; Business and Consumer\",\"item\":\"https:\\\/\\\/www.jootjeshaakcadeautjes.nl\\\/en\\\/shop\\\/\"},{\"@type\":\"ListItem\",\"position\":3,\"name\":\"Perles en silicone &#8211; Mini Dots &#8211; Disque interm\u00e9diaire &#8211; Taupe\"}]},{\"@type\":\"WebSite\",\"@id\":\"https:\\\/\\\/www.jootjeshaakcadeautjes.nl\\\/en\\\/#website\",\"url\":\"https:\\\/\\\/www.jootjeshaakcadeautjes.nl\\\/en\\\/\",\"name\":\"Jootjes Haakcadeautjes\",\"description\":\"Wholesale of silicone beads\",\"publisher\":{\"@id\":\"https:\\\/\\\/www.jootjeshaakcadeautjes.nl\\\/en\\\/#organization\"},\"potentialAction\":[{\"@type\":\"SearchAction\",\"target\":{\"@type\":\"EntryPoint\",\"urlTemplate\":\"https:\\\/\\\/www.jootjeshaakcadeautjes.nl\\\/en\\\/?s={search_term_string}\"},\"query-input\":{\"@type\":\"PropertyValueSpecification\",\"valueRequired\":true,\"valueName\":\"search_term_string\"}}],\"inLanguage\":\"en-US\"},{\"@type\":\"Organization\",\"@id\":\"https:\\\/\\\/www.jootjeshaakcadeautjes.nl\\\/en\\\/#organization\",\"name\":\"Jootjes Haakcadeautjes\",\"url\":\"https:\\\/\\\/www.jootjeshaakcadeautjes.nl\\\/en\\\/\",\"logo\":{\"@type\":\"ImageObject\",\"inLanguage\":\"en-US\",\"@id\":\"https:\\\/\\\/www.jootjeshaakcadeautjes.nl\\\/en\\\/#\\\/schema\\\/logo\\\/image\\\/\",\"url\":\"https:\\\/\\\/jootjes-haakcadeautjes-media.s3.amazonaws.com\\\/wp-content\\\/uploads\\\/2023\\\/05\\\/Logo-rond.png\",\"contentUrl\":\"https:\\\/\\\/jootjes-haakcadeautjes-media.s3.amazonaws.com\\\/wp-content\\\/uploads\\\/2023\\\/05\\\/Logo-rond.png\",\"width\":1222,\"height\":1222,\"caption\":\"Jootjes Haakcadeautjes\"},\"image\":{\"@id\":\"https:\\\/\\\/www.jootjeshaakcadeautjes.nl\\\/en\\\/#\\\/schema\\\/logo\\\/image\\\/\"}}]}<\/script>\n<meta property=\"product:price:amount\" content=\"0.28\" \/>\n<meta property=\"product:price:currency\" content=\"EUR\" \/>\n<meta property=\"og:availability\" content=\"instock\" \/>\n<meta property=\"product:availability\" content=\"instock\" \/>\n<meta property=\"product:retailer_item_id\" content=\"SKR-MDO-TAU\" \/>\n<meta property=\"product:condition\" content=\"new\" \/>\n<!-- \/ Yoast SEO Premium plugin. -->","yoast_head_json":{"title":"Perles en silicone - Mini Dots - Disque interm\u00e9diaire - Taupe - JH | Sans BPA","description":"Perle de silicone ovale Speckle old lace 12 mm de diam\u00e8tre Sans BPA, sans plomb, sans toxins, sans phtalates et sans PVC, marqu\u00e9 CE.","robots":{"index":"index","follow":"follow","max-snippet":"max-snippet:-1","max-image-preview":"max-image-preview:large","max-video-preview":"max-video-preview:-1"},"canonical":"https:\/\/www.jootjeshaakcadeautjes.nl\/en\/product\/perles-en-silicone-mini-dots-disque-intermediaire-taupe\/","og_locale":"en_US","og_type":"article","og_title":"Perles en silicone - Mini Dots - Disque interm\u00e9diaire - Taupe","og_description":"Perle de silicone ovale Speckle old lace 12 mm de diam\u00e8tre Sans BPA, sans plomb, sans toxins, sans phtalates et sans PVC, marqu\u00e9 CE.","og_url":"https:\/\/www.jootjeshaakcadeautjes.nl\/en\/product\/perles-en-silicone-mini-dots-disque-intermediaire-taupe\/","og_site_name":"Jootjes Haakcadeautjes","article_modified_time":"2026-04-20T09:09:18+00:00","og_image":[{"width":1080,"height":1080,"url":"https:\/\/d1dyryakdmle7o.cloudfront.net\/wp-content\/uploads\/2023\/08\/Foto-volgt-1.jpg","type":"image\/jpeg"}],"twitter_card":"summary_large_image","twitter_misc":{"Price":"&euro;0.28 incl. VAT","Availability":"In stock"},"schema":{"@context":"https:\/\/schema.org","@graph":[{"@type":"WebPage","@id":"https:\/\/www.jootjeshaakcadeautjes.nl\/en\/product\/perles-en-silicone-mini-dots-disque-intermediaire-taupe\/","url":"https:\/\/www.jootjeshaakcadeautjes.nl\/en\/product\/perles-en-silicone-mini-dots-disque-intermediaire-taupe\/","name":"Perles en silicone - Mini Dots - Disque interm\u00e9diaire - Taupe - JH | Sans BPA","isPartOf":{"@id":"https:\/\/www.jootjeshaakcadeautjes.nl\/en\/#website"},"primaryImageOfPage":{"@id":"https:\/\/www.jootjeshaakcadeautjes.nl\/en\/product\/perles-en-silicone-mini-dots-disque-intermediaire-taupe\/#primaryimage"},"image":{"@id":"https:\/\/www.jootjeshaakcadeautjes.nl\/en\/product\/perles-en-silicone-mini-dots-disque-intermediaire-taupe\/#primaryimage"},"thumbnailUrl":"https:\/\/d1dyryakdmle7o.cloudfront.net\/wp-content\/uploads\/2023\/08\/Foto-volgt-1.jpg","datePublished":"2025-06-22T18:43:47+00:00","dateModified":"2026-04-20T09:09:18+00:00","description":"Perle de silicone ovale Speckle old lace 12 mm de diam\u00e8tre Sans BPA, sans plomb, sans toxins, sans phtalates et sans PVC, marqu\u00e9 CE.","breadcrumb":{"@id":"https:\/\/www.jootjeshaakcadeautjes.nl\/en\/product\/perles-en-silicone-mini-dots-disque-intermediaire-taupe\/#breadcrumb"},"inLanguage":"en-US","potentialAction":[{"@type":"ReadAction","target":["https:\/\/www.jootjeshaakcadeautjes.nl\/en\/product\/perles-en-silicone-mini-dots-disque-intermediaire-taupe\/"]}]},{"@type":"ImageObject","inLanguage":"en-US","@id":"https:\/\/www.jootjeshaakcadeautjes.nl\/en\/product\/perles-en-silicone-mini-dots-disque-intermediaire-taupe\/#primaryimage","url":"https:\/\/d1dyryakdmle7o.cloudfront.net\/wp-content\/uploads\/2023\/08\/Foto-volgt-1.jpg","contentUrl":"https:\/\/d1dyryakdmle7o.cloudfront.net\/wp-content\/uploads\/2023\/08\/Foto-volgt-1.jpg","width":1080,"height":1080,"caption":"follows"},{"@type":"BreadcrumbList","@id":"https:\/\/www.jootjeshaakcadeautjes.nl\/en\/product\/perles-en-silicone-mini-dots-disque-intermediaire-taupe\/#breadcrumb","itemListElement":[{"@type":"ListItem","position":1,"name":"Home","item":"https:\/\/www.jootjeshaakcadeautjes.nl\/en\/"},{"@type":"ListItem","position":2,"name":"Wholesale Silicone Beads &#8211; Business and Consumer","item":"https:\/\/www.jootjeshaakcadeautjes.nl\/en\/shop\/"},{"@type":"ListItem","position":3,"name":"Perles en silicone &#8211; Mini Dots &#8211; Disque interm\u00e9diaire &#8211; Taupe"}]},{"@type":"WebSite","@id":"https:\/\/www.jootjeshaakcadeautjes.nl\/en\/#website","url":"https:\/\/www.jootjeshaakcadeautjes.nl\/en\/","name":"Jootjes Haakcadeautjes","description":"Wholesale of silicone beads","publisher":{"@id":"https:\/\/www.jootjeshaakcadeautjes.nl\/en\/#organization"},"potentialAction":[{"@type":"SearchAction","target":{"@type":"EntryPoint","urlTemplate":"https:\/\/www.jootjeshaakcadeautjes.nl\/en\/?s={search_term_string}"},"query-input":{"@type":"PropertyValueSpecification","valueRequired":true,"valueName":"search_term_string"}}],"inLanguage":"en-US"},{"@type":"Organization","@id":"https:\/\/www.jootjeshaakcadeautjes.nl\/en\/#organization","name":"Jootjes Haakcadeautjes","url":"https:\/\/www.jootjeshaakcadeautjes.nl\/en\/","logo":{"@type":"ImageObject","inLanguage":"en-US","@id":"https:\/\/www.jootjeshaakcadeautjes.nl\/en\/#\/schema\/logo\/image\/","url":"https:\/\/jootjes-haakcadeautjes-media.s3.amazonaws.com\/wp-content\/uploads\/2023\/05\/Logo-rond.png","contentUrl":"https:\/\/jootjes-haakcadeautjes-media.s3.amazonaws.com\/wp-content\/uploads\/2023\/05\/Logo-rond.png","width":1222,"height":1222,"caption":"Jootjes Haakcadeautjes"},"image":{"@id":"https:\/\/www.jootjeshaakcadeautjes.nl\/en\/#\/schema\/logo\/image\/"}}]},"product_price_amount":"0.28","product_price_currency":"EUR","og_availability":"instock","product_availability":"instock","product_retailer_item_id":"SKR-MDO-TAU","product_condition":"new"},"_links":{"self":[{"href":"https:\/\/www.jootjeshaakcadeautjes.nl\/en\/wp-json\/wp\/v2\/product\/257659","targetHints":{"allow":["GET"]}}],"collection":[{"href":"https:\/\/www.jootjeshaakcadeautjes.nl\/en\/wp-json\/wp\/v2\/product"}],"about":[{"href":"https:\/\/www.jootjeshaakcadeautjes.nl\/en\/wp-json\/wp\/v2\/types\/product"}],"version-history":[{"count":1,"href":"https:\/\/www.jootjeshaakcadeautjes.nl\/en\/wp-json\/wp\/v2\/product\/257659\/revisions"}],"predecessor-version":[{"id":279401,"href":"https:\/\/www.jootjeshaakcadeautjes.nl\/en\/wp-json\/wp\/v2\/product\/257659\/revisions\/279401"}],"wp:featuredmedia":[{"embeddable":true,"href":"https:\/\/www.jootjeshaakcadeautjes.nl\/en\/wp-json\/wp\/v2\/media\/99561"}],"wp:attachment":[{"href":"https:\/\/www.jootjeshaakcadeautjes.nl\/en\/wp-json\/wp\/v2\/media?parent=257659"}],"wp:term":[{"taxonomy":"product_brand","embeddable":true,"href":"https:\/\/www.jootjeshaakcadeautjes.nl\/en\/wp-json\/wp\/v2\/product_brand?post=257659"},{"taxonomy":"product_cat","embeddable":true,"href":"https:\/\/www.jootjeshaakcadeautjes.nl\/en\/wp-json\/wp\/v2\/product_cat?post=257659"},{"taxonomy":"product_tag","embeddable":true,"href":"https:\/\/www.jootjeshaakcadeautjes.nl\/en\/wp-json\/wp\/v2\/product_tag?post=257659"}],"curies":[{"name":"wp","href":"https:\/\/api.w.org\/{rel}","templated":true}]}}