{"id":112338,"date":"2015-09-19T18:17:36","date_gmt":"2015-09-19T16:17:36","guid":{"rendered":"https:\/\/www.jootjeshaakcadeautjes.nl\/contact\/"},"modified":"2023-12-13T14:03:51","modified_gmt":"2023-12-13T13:03:51","slug":"contact","status":"publish","type":"page","link":"https:\/\/www.jootjeshaakcadeautjes.nl\/fr\/contact\/","title":{"rendered":"Contact"},"content":{"rendered":"\t\t<div data-elementor-type=\"wp-page\" data-elementor-id=\"112338\" class=\"elementor elementor-112338 elementor-74\" data-elementor-post-type=\"page\">\n\t\t\t\t\t\t<section class=\"elementor-section elementor-top-section elementor-element elementor-element-67b028a0 elementor-section-boxed elementor-section-height-default elementor-section-height-default\" data-id=\"67b028a0\" data-element_type=\"section\" data-e-type=\"section\">\n\t\t\t\t\t\t<div class=\"elementor-container elementor-column-gap-default\">\n\t\t\t\t\t<div class=\"elementor-column elementor-col-50 elementor-top-column elementor-element elementor-element-22ad3cb\" data-id=\"22ad3cb\" data-element_type=\"column\" data-e-type=\"column\">\n\t\t\t<div class=\"elementor-widget-wrap elementor-element-populated\">\n\t\t\t\t\t\t<div class=\"elementor-element elementor-element-47b0fd1 elementor-widget elementor-widget-heading\" data-id=\"47b0fd1\" data-element_type=\"widget\" data-e-type=\"widget\" data-widget_type=\"heading.default\">\n\t\t\t\t\t<h1 class=\"elementor-heading-title elementor-size-large\">Donn\u00e9es de l'entreprise :<\/h1>\t\t\t\t<\/div>\n\t\t\t\t<div class=\"elementor-element elementor-element-0ac5350 elementor-widget elementor-widget-image\" data-id=\"0ac5350\" data-element_type=\"widget\" data-e-type=\"widget\" data-widget_type=\"image.default\">\n\t\t\t\t\t\t\t\t\t\t\t\t\t\t\t<img decoding=\"async\" width=\"300\" height=\"300\" src=\"https:\/\/www.jootjeshaakcadeautjes.nl\/wp-content\/themes\/woodmart\/images\/lazy.svg\" data-src=\"https:\/\/d1dyryakdmle7o.cloudfront.net\/wp-content\/uploads\/2019\/08\/cropped-Logo-rond-300x300.png\" class=\"attachment-medium size-medium wp-image-75009\" alt=\"Perles de silicone en gros bpa free baby safe accessories logo Jootjes Crochet presents\" srcset=\"\" data-srcset=\"https:\/\/d1dyryakdmle7o.cloudfront.net\/wp-content\/uploads\/2019\/08\/cropped-Logo-rond-300x300.png 300w, https:\/\/d1dyryakdmle7o.cloudfront.net\/wp-content\/uploads\/2019\/08\/cropped-Logo-rond-800x800.png 800w, https:\/\/d1dyryakdmle7o.cloudfront.net\/wp-content\/uploads\/2019\/08\/cropped-Logo-rond-150x150.png 150w, https:\/\/d1dyryakdmle7o.cloudfront.net\/wp-content\/uploads\/2019\/08\/cropped-Logo-rond-1200x1200.png 1200w, https:\/\/d1dyryakdmle7o.cloudfront.net\/wp-content\/uploads\/2019\/08\/cropped-Logo-rond-1024x1024.png 1024w, https:\/\/d1dyryakdmle7o.cloudfront.net\/wp-content\/uploads\/2019\/08\/cropped-Logo-rond-768x768.png 768w, https:\/\/d1dyryakdmle7o.cloudfront.net\/wp-content\/uploads\/2019\/08\/cropped-Logo-rond-700x700.png 700w, https:\/\/d1dyryakdmle7o.cloudfront.net\/wp-content\/uploads\/2019\/08\/cropped-Logo-rond-550x550.png 550w, https:\/\/d1dyryakdmle7o.cloudfront.net\/wp-content\/uploads\/2019\/08\/cropped-Logo-rond-1000x1000.png 1000w, https:\/\/d1dyryakdmle7o.cloudfront.net\/wp-content\/uploads\/2019\/08\/cropped-Logo-rond-100x100.png 100w, https:\/\/d1dyryakdmle7o.cloudfront.net\/wp-content\/uploads\/2019\/08\/elementor\/thumbs\/cropped-Logo-rond-pvgzfz6ql6lreemc1kxoiv8rwqzy1uzo9vdu49i7py.png 175w, https:\/\/d1dyryakdmle7o.cloudfront.net\/wp-content\/uploads\/2019\/08\/cropped-Logo-rond-250x250.png 250w, https:\/\/d1dyryakdmle7o.cloudfront.net\/wp-content\/uploads\/2019\/08\/cropped-Logo-rond.png 1221w\" sizes=\"(max-width: 300px) 100vw, 300px\" \/>\t\t\t\t\t\t\t\t\t\t\t\t\t\t\t<\/div>\n\t\t\t\t<div class=\"elementor-element elementor-element-3cf4506 text-center color-scheme-inherit elementor-widget elementor-widget-text-editor\" data-id=\"3cf4506\" data-element_type=\"widget\" data-e-type=\"widget\" data-widget_type=\"text-editor.default\">\n\t\t\t\t\t\t\t\t\t<p><strong>Jootjes Crochet pr\u00e9sente<\/strong><\/p>\n<p>Achtersloot 22<br \/>3401 NW IJsselstein<\/p>\n\t\t\t\t\t\t\t\t<\/div>\n\t\t\t\t<div class=\"elementor-element elementor-element-95f6977 color-scheme-inherit text-left elementor-widget elementor-widget-text-editor\" data-id=\"95f6977\" data-element_type=\"widget\" data-e-type=\"widget\" data-widget_type=\"text-editor.default\">\n\t\t\t\t\t\t\t\t\t<p>Uniquement via la boutique en ligne, pas de boutique physique.<br \/><b><u>Enl\u00e8vement tr\u00e8s facilement possible, sur rendez-vous uniquement.<\/u><\/b><\/p>\n\t\t\t\t\t\t\t\t<\/div>\n\t\t\t\t<div class=\"elementor-element elementor-element-3a11ad0 color-scheme-inherit text-left elementor-widget elementor-widget-text-editor\" data-id=\"3a11ad0\" data-element_type=\"widget\" data-e-type=\"widget\" data-widget_type=\"text-editor.default\">\n\t\t\t\t\t\t\t\t\t<p>CHAMBRE DE COMMERCE : 70118272<br \/>Num\u00e9ro de TVA : NL002277960B62<br \/>IBAN : NL95 INGB 0008 048 049<\/p>\n\t\t\t\t\t\t\t\t<\/div>\n\t\t\t\t<div class=\"elementor-element elementor-element-67da174 elementor-widget elementor-widget-heading\" data-id=\"67da174\" data-element_type=\"widget\" data-e-type=\"widget\" data-widget_type=\"heading.default\">\n\t\t\t\t\t<h2 class=\"elementor-heading-title elementor-size-default\">Contact :<\/h2>\t\t\t\t<\/div>\n\t\t\t\t<div class=\"elementor-element elementor-element-00e5f4a elementor-align-left elementor-mobile-align-center elementor-widget elementor-widget-button\" data-id=\"00e5f4a\" data-element_type=\"widget\" data-e-type=\"widget\" data-widget_type=\"button.default\">\n\t\t\t\t\t\t\t\t\t\t<a class=\"elementor-button elementor-button-link elementor-size-sm\" href=\"tel:0031628795090\">\n\t\t\t\t\t\t<span class=\"elementor-button-content-wrapper\">\n\t\t\t\t\t\t\t\t\t<span class=\"elementor-button-text\">Appeler : +31 6 28 79 50 90<\/span>\n\t\t\t\t\t<\/span>\n\t\t\t\t\t<\/a>\n\t\t\t\t\t\t\t\t<\/div>\n\t\t\t\t<div class=\"elementor-element elementor-element-9d53814 elementor-align-left elementor-mobile-align-center elementor-widget elementor-widget-button\" data-id=\"9d53814\" data-element_type=\"widget\" data-e-type=\"widget\" data-widget_type=\"button.default\">\n\t\t\t\t\t\t\t\t\t\t<a class=\"elementor-button elementor-button-link elementor-size-sm\" href=\"mailto:info@jootjeshaakcadeautjes.nl\">\n\t\t\t\t\t\t<span class=\"elementor-button-content-wrapper\">\n\t\t\t\t\t\t\t\t\t<span class=\"elementor-button-text\">Courriel : info@jootjeshaakcadeautjes.nl<\/span>\n\t\t\t\t\t<\/span>\n\t\t\t\t\t<\/a>\n\t\t\t\t\t\t\t\t<\/div>\n\t\t\t\t<div class=\"elementor-element elementor-element-4228298 elementor-widget elementor-widget-heading\" data-id=\"4228298\" data-element_type=\"widget\" data-e-type=\"widget\" data-widget_type=\"heading.default\">\n\t\t\t\t\t<h2 class=\"elementor-heading-title elementor-size-default\">Les m\u00e9dias sociaux :<\/h2>\t\t\t\t<\/div>\n\t\t\t\t<div class=\"elementor-element elementor-element-c781414 elementor-widget elementor-widget-wd_social_buttons\" data-id=\"c781414\" data-element_type=\"widget\" data-e-type=\"widget\" data-widget_type=\"wd_social_buttons.default\">\n\t\t\t\t<div class=\"elementor-widget-container\">\n\t\t\t\t\t\t\t\t<div\n\t\t\t\t\t\tclass=\" wd-social-icons wd-style-colored wd-size-default social-follow wd-shape-circle color-scheme-dark text-center\">\n\t\t\t\t\n\t\t\t\t\n\t\t\t\t\t\t\t\t\t<a rel=\"noopener noreferrer nofollow\" href=\"https:\/\/www.facebook.com\/JootjesHaakcadeautjes\" target=\"_blank\" class=\" wd-social-icon social-facebook\" aria-label=\"Facebook social link\">\n\t\t\t\t\t\t<span class=\"wd-icon\"><\/span>\n\t\t\t\t\t\t\t\t\t\t\t<\/a>\n\t\t\t\t\n\t\t\t\t\n\t\t\t\t\n\t\t\t\t\n\t\t\t\t\t\t\t\t\t<a rel=\"noopener noreferrer nofollow\" href=\"https:\/\/www.instagram.com\/JootjesHaakcadeautjes\" target=\"_blank\" class=\" wd-social-icon social-instagram\" aria-label=\"Instagram social link\">\n\t\t\t\t\t\t<span class=\"wd-icon\"><\/span>\n\t\t\t\t\t\t\t\t\t\t\t<\/a>\n\t\t\t\t\n\t\t\t\t\n\t\t\t\t\n\t\t\t\t\t\t\t\t\t<a rel=\"noopener noreferrer nofollow\" href=\"https:\/\/nl.pinterest.com\/jootjeshaakcadeautjes\/\" target=\"_blank\" class=\" wd-social-icon social-pinterest\" aria-label=\"Pinterest social link\">\n\t\t\t\t\t\t<span class=\"wd-icon\"><\/span>\n\t\t\t\t\t\t\t\t\t\t\t<\/a>\n\t\t\t\t\n\t\t\t\t\n\t\t\t\t\n\t\t\t\t\n\t\t\t\t\n\t\t\t\t\n\t\t\t\t\n\t\t\t\t\n\t\t\t\t\n\t\t\t\t\n\t\t\t\t\n\t\t\t\t\t\t\t\t\t<a rel=\"noopener noreferrer nofollow\" href=\"https:\/\/wa.me\/message\/W5G3KCJICD2EM1\" target=\"_blank\" class=\" wd-hide-md wd-social-icon social-whatsapp\" aria-label=\"WhatsApp social link\">\n\t\t\t\t\t\t<span class=\"wd-icon\"><\/span>\n\t\t\t\t\t\t\t\t\t\t\t<\/a>\n\n\t\t\t\t\t<a rel=\"noopener noreferrer nofollow\" href=\"https:\/\/wa.me\/message\/W5G3KCJICD2EM1\" target=\"_blank\" class=\" wd-hide-lg wd-social-icon social-whatsapp\" aria-label=\"WhatsApp social link\">\n\t\t\t\t\t\t<span class=\"wd-icon\"><\/span>\n\t\t\t\t\t\t\t\t\t\t\t<\/a>\n\t\t\t\t\n\t\t\t\t\n\t\t\t\t\n\t\t\t\t\t\t\t\t\t<a rel=\"noopener noreferrer nofollow\" href=\"https:\/\/www.tiktok.com\/@jootjes_silicone_beads\" target=\"_blank\" class=\" wd-social-icon social-tiktok\" aria-label=\"TikTok social link\">\n\t\t\t\t\t\t<span class=\"wd-icon\"><\/span>\n\t\t\t\t\t\t\t\t\t\t\t<\/a>\n\t\t\t\t\n\t\t\t\t\n\t\t\t\t\n\t\t\t\t\n\t\t\t\t\n\t\t\t<\/div>\n\n\t\t\t\t\t\t<\/div>\n\t\t\t\t<\/div>\n\t\t\t\t<div class=\"elementor-element elementor-element-7fe92f0 color-scheme-inherit text-left elementor-widget elementor-widget-text-editor\" data-id=\"7fe92f0\" data-element_type=\"widget\" data-e-type=\"widget\" data-widget_type=\"text-editor.default\">\n\t\t\t\t\t\t\t\t\t<ul>\n \t<li style=\"font-size:18px\"><a href=\"http:\/\/www.facebook.com\/jootjeshaakcadeautjes\">Facebook &#8211; Jootjes Crochet Gifts<\/a><\/li>\n \t<li style=\"font-size:18px\"><a href=\"http:\/\/www.instagram.com\/jootjeshaakcadeautjes\">Instagram &#8211; Jootjes Crochet Gifts<\/a><\/li>\n \t<li style=\"font-size:18px\"><a href=\"http:\/\/www.pinterest.com\/haakcadeautje\">Pinterest &#8211; Jootjes Crochet presents  <\/a><\/li>\n<\/ul>\t\t\t\t\t\t\t\t<\/div>\n\t\t\t\t\t<\/div>\n\t\t<\/div>\n\t\t\t\t<div class=\"elementor-column elementor-col-50 elementor-top-column elementor-element elementor-element-770c672\" data-id=\"770c672\" data-element_type=\"column\" data-e-type=\"column\">\n\t\t\t<div class=\"elementor-widget-wrap elementor-element-populated\">\n\t\t\t\t\t\t<div class=\"elementor-element elementor-element-55f4a3b elementor-widget elementor-widget-heading\" data-id=\"55f4a3b\" data-element_type=\"widget\" data-e-type=\"widget\" data-widget_type=\"heading.default\">\n\t\t\t\t\t<h2 class=\"elementor-heading-title elementor-size-default\">Vous avez une question ou une suggestion ? Prenez contact avec nous !<\/h2>\t\t\t\t<\/div>\n\t\t\t\t<div class=\"elementor-element elementor-element-63f1a95 elementor-widget elementor-widget-shortcode\" data-id=\"63f1a95\" data-element_type=\"widget\" data-e-type=\"widget\" data-widget_type=\"shortcode.default\">\n\t\t\t\t\t\t\t<div class=\"elementor-shortcode\">\n<div class=\"wpcf7 no-js\" id=\"wpcf7-f118291-o1\" lang=\"fr-FR\" dir=\"ltr\" data-wpcf7-id=\"118291\">\n<div class=\"screen-reader-response\"><p role=\"status\" aria-live=\"polite\" aria-atomic=\"true\"><\/p> <ul><\/ul><\/div>\n<form action=\"\/fr\/wp-json\/wp\/v2\/pages\/112338#wpcf7-f118291-o1\" method=\"post\" class=\"wpcf7-form init\" aria-label=\"Formulaire de contact\" novalidate=\"novalidate\" data-status=\"init\">\n<fieldset class=\"hidden-fields-container\"><input type=\"hidden\" name=\"_wpcf7\" value=\"118291\" \/><input type=\"hidden\" name=\"_wpcf7_version\" value=\"6.1.5\" \/><input type=\"hidden\" name=\"_wpcf7_locale\" value=\"fr_FR\" \/><input type=\"hidden\" name=\"_wpcf7_unit_tag\" value=\"wpcf7-f118291-o1\" \/><input type=\"hidden\" name=\"_wpcf7_container_post\" value=\"0\" \/><input type=\"hidden\" name=\"_wpcf7_posted_data_hash\" value=\"\" \/>\n<\/fieldset>\n<p><label><br \/>\nPr\u00e9nom* <span class=\"wpcf7-form-control-wrap\" data-name=\"contactVoornaam\"><input size=\"40\" maxlength=\"400\" class=\"wpcf7-form-control wpcf7-text wpcf7-validates-as-required\" aria-required=\"true\" aria-invalid=\"false\" value=\"\" type=\"text\" name=\"contactVoornaam\" \/><\/span><br \/>\n<\/label>\n<\/p>\n<p><label><br \/>\nNom de famille* <span class=\"wpcf7-form-control-wrap\" data-name=\"contactAchternaam\"><input size=\"40\" maxlength=\"400\" class=\"wpcf7-form-control wpcf7-text wpcf7-validates-as-required\" aria-required=\"true\" aria-invalid=\"false\" value=\"\" type=\"text\" name=\"contactAchternaam\" \/><\/span><br \/>\n<\/label>\n<\/p>\n<p><label><br \/>\nVotre adresse \u00e9lectronique : <span class=\"wpcf7-form-control-wrap\" data-name=\"Emailcontact\"><input size=\"40\" maxlength=\"400\" class=\"wpcf7-form-control wpcf7-email wpcf7-validates-as-required wpcf7-text wpcf7-validates-as-email\" aria-required=\"true\" aria-invalid=\"false\" value=\"\" type=\"email\" name=\"Emailcontact\" \/><\/span><br \/>\n<\/label>\n<\/p>\n<p><label><br \/>\nVotre num\u00e9ro de t\u00e9l\u00e9phone : <span class=\"wpcf7-form-control-wrap\" data-name=\"contacttel\"><input size=\"40\" maxlength=\"400\" class=\"wpcf7-form-control wpcf7-tel wpcf7-text wpcf7-validates-as-tel\" aria-invalid=\"false\" value=\"\" type=\"tel\" name=\"contacttel\" \/><\/span><br \/>\n<\/label>\n<\/p>\n<p><label><br \/>\nQuelle question souhaitez-vous nous poser ? Nous vous r\u00e9pondrons dans les plus brefs d\u00e9lais ! <span class=\"wpcf7-form-control-wrap\" data-name=\"vraag\"><input size=\"40\" maxlength=\"400\" class=\"wpcf7-form-control wpcf7-text wpcf7-validates-as-required\" aria-required=\"true\" aria-invalid=\"false\" value=\"\" type=\"text\" name=\"vraag\" \/><\/span><br \/>\n<\/label>\n<\/p>\n<p><span class=\"wpcf7-form-control-wrap\" data-name=\"quiz-598\"><label><span class=\"wpcf7-quiz-label\">Hoeveel is 9+2?<\/span> <input size=\"40\" class=\"wpcf7-form-control wpcf7-quiz\" autocomplete=\"off\" aria-required=\"true\" aria-invalid=\"false\" type=\"text\" name=\"quiz-598\" \/><\/label><input type=\"hidden\" name=\"_wpcf7_quiz_answer_quiz-598\" value=\"3158ce4d628c74929c571c7293496f9f\" \/><\/span>\n<\/p>\n<p><span class=\"wpcf7-form-control-wrap\" data-name=\"akkoordemail\"><span class=\"wpcf7-form-control wpcf7-acceptance\"><span class=\"wpcf7-list-item\"><label><input type=\"checkbox\" name=\"akkoordemail\" value=\"1\" aria-invalid=\"false\" \/><span class=\"wpcf7-list-item-label\">J'accepte que Jootjes Haakcadeautjes me contacte en r\u00e9ponse \u00e0 ma demande. Ceci par courriel ou \u00e9ventuellement par t\u00e9l\u00e9phone\/SMS\/Whatsapp. Les appels t\u00e9l\u00e9phoniques ne seront effectu\u00e9s que si vous choisissez de laisser votre num\u00e9ro de t\u00e9l\u00e9phone. Toutes les donn\u00e9es qui nous sont soumises sont trait\u00e9es conform\u00e9ment aux lignes directrices et aux r\u00e9glementations applicables, comme l'indique \u00e9galement notre d\u00e9claration de confidentialit\u00e9.<\/span><\/label><\/span><\/span><\/span>\n<\/p>\n<p><input class=\"wpcf7-form-control wpcf7-submit has-spinner\" type=\"submit\" value=\"Verzenden\" \/>\n<\/p><div class=\"wpcf7-form-control-wrap maspik-field\">\n                <label for=\"full-name-maspik-hp\" class=\"wpcf7-form-control-label\">Leave this field empty<\/label>\n                <input size=\"1\" type=\"text\" autocomplete=\"off\" aria-hidden=\"true\" tabindex=\"-1\" aria-label=\"Leave this field empty\" name=\"full-name-maspik-hp\" id=\"full-name-maspik-hp\" class=\"wpcf7-form-control wpcf7-text\" placeholder=\"Leave this field empty\">\n            <\/div><div class=\"wpcf7-response-output\" aria-hidden=\"true\"><\/div>\n<\/form>\n<\/div>\n<\/div>\n\t\t\t\t\t\t<\/div>\n\t\t\t\t\t<\/div>\n\t\t<\/div>\n\t\t\t\t\t<\/div>\n\t\t<\/section>\n\t\t\t\t<\/div>\n\t\t","protected":false},"excerpt":{"rendered":"<p>Donn\u00e9es de l&#8217;entreprise : Jootjes Crochet pr\u00e9sente Achtersloot 223401 NW IJsselstein Uniquement via la boutique en ligne, pas de boutique<\/p>\n","protected":false},"author":1,"featured_media":0,"parent":0,"menu_order":0,"comment_status":"closed","ping_status":"closed","template":"elementor_header_footer","meta":{"footnotes":""},"class_list":["post-112338","page","type-page","status-publish","hentry"],"yoast_head":"<!-- This site is optimized with the Yoast SEO Premium plugin v27.4 (Yoast SEO v27.5) - https:\/\/yoast.com\/product\/yoast-seo-premium-wordpress\/ -->\n<title>Contact - Jootjes Haakcadeautjes<\/title>\n<meta name=\"robots\" content=\"index, follow, max-snippet:-1, max-image-preview:large, max-video-preview:-1\" \/>\n<link rel=\"canonical\" href=\"https:\/\/www.jootjeshaakcadeautjes.nl\/fr\/contact\/\" \/>\n<meta property=\"og:locale\" content=\"fr_FR\" \/>\n<meta property=\"og:type\" content=\"article\" \/>\n<meta property=\"og:title\" content=\"Contact\" \/>\n<meta property=\"og:description\" content=\"Donn\u00e9es de l&#8217;entreprise : Jootjes Crochet pr\u00e9sente Achtersloot 223401 NW IJsselstein Uniquement via la boutique en ligne, pas de boutique\" \/>\n<meta property=\"og:url\" content=\"https:\/\/www.jootjeshaakcadeautjes.nl\/fr\/contact\/\" \/>\n<meta property=\"og:site_name\" content=\"Jootjes Haakcadeautjes\" \/>\n<meta property=\"article:modified_time\" content=\"2023-12-13T13:03:51+00:00\" \/>\n<meta property=\"og:image\" content=\"https:\/\/www.jootjeshaakcadeautjes.nl\/wp-content\/themes\/woodmart\/images\/lazy.png\" \/>\n<meta name=\"twitter:card\" content=\"summary_large_image\" \/>\n<script type=\"application\/ld+json\" class=\"yoast-schema-graph\">{\"@context\":\"https:\\\/\\\/schema.org\",\"@graph\":[{\"@type\":\"WebPage\",\"@id\":\"https:\\\/\\\/www.jootjeshaakcadeautjes.nl\\\/fr\\\/contact\\\/\",\"url\":\"https:\\\/\\\/www.jootjeshaakcadeautjes.nl\\\/fr\\\/contact\\\/\",\"name\":\"Contact - Jootjes Haakcadeautjes\",\"isPartOf\":{\"@id\":\"https:\\\/\\\/www.jootjeshaakcadeautjes.nl\\\/fr\\\/#website\"},\"primaryImageOfPage\":{\"@id\":\"https:\\\/\\\/www.jootjeshaakcadeautjes.nl\\\/fr\\\/contact\\\/#primaryimage\"},\"image\":{\"@id\":\"https:\\\/\\\/www.jootjeshaakcadeautjes.nl\\\/fr\\\/contact\\\/#primaryimage\"},\"thumbnailUrl\":\"https:\\\/\\\/www.jootjeshaakcadeautjes.nl\\\/wp-content\\\/themes\\\/woodmart\\\/images\\\/lazy.png\",\"datePublished\":\"2015-09-19T16:17:36+00:00\",\"dateModified\":\"2023-12-13T13:03:51+00:00\",\"breadcrumb\":{\"@id\":\"https:\\\/\\\/www.jootjeshaakcadeautjes.nl\\\/fr\\\/contact\\\/#breadcrumb\"},\"inLanguage\":\"fr-FR\",\"potentialAction\":[{\"@type\":\"ReadAction\",\"target\":[\"https:\\\/\\\/www.jootjeshaakcadeautjes.nl\\\/fr\\\/contact\\\/\"]}]},{\"@type\":\"ImageObject\",\"inLanguage\":\"fr-FR\",\"@id\":\"https:\\\/\\\/www.jootjeshaakcadeautjes.nl\\\/fr\\\/contact\\\/#primaryimage\",\"url\":\"https:\\\/\\\/www.jootjeshaakcadeautjes.nl\\\/wp-content\\\/themes\\\/woodmart\\\/images\\\/lazy.png\",\"contentUrl\":\"https:\\\/\\\/www.jootjeshaakcadeautjes.nl\\\/wp-content\\\/themes\\\/woodmart\\\/images\\\/lazy.png\"},{\"@type\":\"BreadcrumbList\",\"@id\":\"https:\\\/\\\/www.jootjeshaakcadeautjes.nl\\\/fr\\\/contact\\\/#breadcrumb\",\"itemListElement\":[{\"@type\":\"ListItem\",\"position\":1,\"name\":\"Accueil\",\"item\":\"https:\\\/\\\/www.jootjeshaakcadeautjes.nl\\\/fr\\\/\"},{\"@type\":\"ListItem\",\"position\":2,\"name\":\"Contact\"}]},{\"@type\":\"WebSite\",\"@id\":\"https:\\\/\\\/www.jootjeshaakcadeautjes.nl\\\/fr\\\/#website\",\"url\":\"https:\\\/\\\/www.jootjeshaakcadeautjes.nl\\\/fr\\\/\",\"name\":\"Jootjes Haakcadeautjes\",\"description\":\"Grossiste en perles de silicone\",\"publisher\":{\"@id\":\"https:\\\/\\\/www.jootjeshaakcadeautjes.nl\\\/fr\\\/#organization\"},\"potentialAction\":[{\"@type\":\"SearchAction\",\"target\":{\"@type\":\"EntryPoint\",\"urlTemplate\":\"https:\\\/\\\/www.jootjeshaakcadeautjes.nl\\\/fr\\\/?s={search_term_string}\"},\"query-input\":{\"@type\":\"PropertyValueSpecification\",\"valueRequired\":true,\"valueName\":\"search_term_string\"}}],\"inLanguage\":\"fr-FR\"},{\"@type\":\"Organization\",\"@id\":\"https:\\\/\\\/www.jootjeshaakcadeautjes.nl\\\/fr\\\/#organization\",\"name\":\"Jootjes Haakcadeautjes\",\"url\":\"https:\\\/\\\/www.jootjeshaakcadeautjes.nl\\\/fr\\\/\",\"logo\":{\"@type\":\"ImageObject\",\"inLanguage\":\"fr-FR\",\"@id\":\"https:\\\/\\\/www.jootjeshaakcadeautjes.nl\\\/fr\\\/#\\\/schema\\\/logo\\\/image\\\/\",\"url\":\"https:\\\/\\\/jootjes-haakcadeautjes-media.s3.amazonaws.com\\\/wp-content\\\/uploads\\\/2023\\\/05\\\/Logo-rond.png\",\"contentUrl\":\"https:\\\/\\\/jootjes-haakcadeautjes-media.s3.amazonaws.com\\\/wp-content\\\/uploads\\\/2023\\\/05\\\/Logo-rond.png\",\"width\":1222,\"height\":1222,\"caption\":\"Jootjes Haakcadeautjes\"},\"image\":{\"@id\":\"https:\\\/\\\/www.jootjeshaakcadeautjes.nl\\\/fr\\\/#\\\/schema\\\/logo\\\/image\\\/\"}}]}<\/script>\n<!-- \/ Yoast SEO Premium plugin. -->","yoast_head_json":{"title":"Contact - Jootjes Haakcadeautjes","robots":{"index":"index","follow":"follow","max-snippet":"max-snippet:-1","max-image-preview":"max-image-preview:large","max-video-preview":"max-video-preview:-1"},"canonical":"https:\/\/www.jootjeshaakcadeautjes.nl\/fr\/contact\/","og_locale":"fr_FR","og_type":"article","og_title":"Contact","og_description":"Donn\u00e9es de l&#8217;entreprise : Jootjes Crochet pr\u00e9sente Achtersloot 223401 NW IJsselstein Uniquement via la boutique en ligne, pas de boutique","og_url":"https:\/\/www.jootjeshaakcadeautjes.nl\/fr\/contact\/","og_site_name":"Jootjes Haakcadeautjes","article_modified_time":"2023-12-13T13:03:51+00:00","og_image":[{"url":"https:\/\/www.jootjeshaakcadeautjes.nl\/wp-content\/themes\/woodmart\/images\/lazy.png","type":"","width":"","height":""}],"twitter_card":"summary_large_image","schema":{"@context":"https:\/\/schema.org","@graph":[{"@type":"WebPage","@id":"https:\/\/www.jootjeshaakcadeautjes.nl\/fr\/contact\/","url":"https:\/\/www.jootjeshaakcadeautjes.nl\/fr\/contact\/","name":"Contact - Jootjes Haakcadeautjes","isPartOf":{"@id":"https:\/\/www.jootjeshaakcadeautjes.nl\/fr\/#website"},"primaryImageOfPage":{"@id":"https:\/\/www.jootjeshaakcadeautjes.nl\/fr\/contact\/#primaryimage"},"image":{"@id":"https:\/\/www.jootjeshaakcadeautjes.nl\/fr\/contact\/#primaryimage"},"thumbnailUrl":"https:\/\/www.jootjeshaakcadeautjes.nl\/wp-content\/themes\/woodmart\/images\/lazy.png","datePublished":"2015-09-19T16:17:36+00:00","dateModified":"2023-12-13T13:03:51+00:00","breadcrumb":{"@id":"https:\/\/www.jootjeshaakcadeautjes.nl\/fr\/contact\/#breadcrumb"},"inLanguage":"fr-FR","potentialAction":[{"@type":"ReadAction","target":["https:\/\/www.jootjeshaakcadeautjes.nl\/fr\/contact\/"]}]},{"@type":"ImageObject","inLanguage":"fr-FR","@id":"https:\/\/www.jootjeshaakcadeautjes.nl\/fr\/contact\/#primaryimage","url":"https:\/\/www.jootjeshaakcadeautjes.nl\/wp-content\/themes\/woodmart\/images\/lazy.png","contentUrl":"https:\/\/www.jootjeshaakcadeautjes.nl\/wp-content\/themes\/woodmart\/images\/lazy.png"},{"@type":"BreadcrumbList","@id":"https:\/\/www.jootjeshaakcadeautjes.nl\/fr\/contact\/#breadcrumb","itemListElement":[{"@type":"ListItem","position":1,"name":"Accueil","item":"https:\/\/www.jootjeshaakcadeautjes.nl\/fr\/"},{"@type":"ListItem","position":2,"name":"Contact"}]},{"@type":"WebSite","@id":"https:\/\/www.jootjeshaakcadeautjes.nl\/fr\/#website","url":"https:\/\/www.jootjeshaakcadeautjes.nl\/fr\/","name":"Jootjes Haakcadeautjes","description":"Grossiste en perles de silicone","publisher":{"@id":"https:\/\/www.jootjeshaakcadeautjes.nl\/fr\/#organization"},"potentialAction":[{"@type":"SearchAction","target":{"@type":"EntryPoint","urlTemplate":"https:\/\/www.jootjeshaakcadeautjes.nl\/fr\/?s={search_term_string}"},"query-input":{"@type":"PropertyValueSpecification","valueRequired":true,"valueName":"search_term_string"}}],"inLanguage":"fr-FR"},{"@type":"Organization","@id":"https:\/\/www.jootjeshaakcadeautjes.nl\/fr\/#organization","name":"Jootjes Haakcadeautjes","url":"https:\/\/www.jootjeshaakcadeautjes.nl\/fr\/","logo":{"@type":"ImageObject","inLanguage":"fr-FR","@id":"https:\/\/www.jootjeshaakcadeautjes.nl\/fr\/#\/schema\/logo\/image\/","url":"https:\/\/jootjes-haakcadeautjes-media.s3.amazonaws.com\/wp-content\/uploads\/2023\/05\/Logo-rond.png","contentUrl":"https:\/\/jootjes-haakcadeautjes-media.s3.amazonaws.com\/wp-content\/uploads\/2023\/05\/Logo-rond.png","width":1222,"height":1222,"caption":"Jootjes Haakcadeautjes"},"image":{"@id":"https:\/\/www.jootjeshaakcadeautjes.nl\/fr\/#\/schema\/logo\/image\/"}}]}},"_links":{"self":[{"href":"https:\/\/www.jootjeshaakcadeautjes.nl\/fr\/wp-json\/wp\/v2\/pages\/112338","targetHints":{"allow":["GET"]}}],"collection":[{"href":"https:\/\/www.jootjeshaakcadeautjes.nl\/fr\/wp-json\/wp\/v2\/pages"}],"about":[{"href":"https:\/\/www.jootjeshaakcadeautjes.nl\/fr\/wp-json\/wp\/v2\/types\/page"}],"author":[{"embeddable":true,"href":"https:\/\/www.jootjeshaakcadeautjes.nl\/fr\/wp-json\/wp\/v2\/users\/1"}],"replies":[{"embeddable":true,"href":"https:\/\/www.jootjeshaakcadeautjes.nl\/fr\/wp-json\/wp\/v2\/comments?post=112338"}],"version-history":[{"count":0,"href":"https:\/\/www.jootjeshaakcadeautjes.nl\/fr\/wp-json\/wp\/v2\/pages\/112338\/revisions"}],"wp:attachment":[{"href":"https:\/\/www.jootjeshaakcadeautjes.nl\/fr\/wp-json\/wp\/v2\/media?parent=112338"}],"curies":[{"name":"wp","href":"https:\/\/api.w.org\/{rel}","templated":true}]}}