{"id":110983,"date":"2023-12-03T21:45:10","date_gmt":"2023-12-03T20:45:10","guid":{"rendered":"https:\/\/www.jootjeshaakcadeautjes.nl\/product\/tire-bouchon-ouvre-bouteille-rowable\/"},"modified":"2025-09-12T10:57:32","modified_gmt":"2025-09-12T08:57:32","slug":"tire-bouchon-ouvre-bouteille-rowable","status":"publish","type":"product","link":"https:\/\/www.jootjeshaakcadeautjes.nl\/fr\/produit\/tire-bouchon-ouvre-bouteille-rowable\/","title":{"rendered":"Tire-bouchon \/ ouvre-bouteille &#8211; Rowable"},"content":{"rendered":"<h2>Tire-bouchon \/ ouvre-bouteille &#8211; Rowable<\/h2>\n<p>Mat\u00e9riau : acier inoxydable<br \/>\nType : Tire-bouchon\/ouvre-bouteille<\/p>\n<p>Rowable avec des perles en silicone et des perles en bois. Parfait pour les f\u00eates de fin d&#8217;ann\u00e9e, une d\u00e9gustation de vin, une r\u00e9union, un enterrement de vie de gar\u00e7on ou de jeune fille. Personnalisez-le \u00e0 votre guise avec vos propres textes ou avec nos poup\u00e9es porte-bonheur et nos corps en silicone pour qu&#8217;il corresponde parfaitement au destinataire de ce merveilleux cadeau ! La partie de b\u00e2tissage est d&#8217;environ 5 cm. Pour l&#8217;estimation de la taille. Jusqu&#8217;\u00e0 4 perles de silicone de 16 mm de diam\u00e8tre s&#8217;y adaptent.<\/p>\n<p>Nettoyage : Les perles en bois ne peuvent pas \u00eatre mises au lave-vaisselle. Nous recommandons de laver \u00e0 la main tous les couverts \u00e0 badigeonner. Les extr\u00e9mit\u00e9s filet\u00e9es de la partie filet\u00e9e ne durent pas longtemps lorsqu&#8217;elles sont nettoy\u00e9es au lave-vaisselle.<\/p>\n","protected":false},"excerpt":{"rendered":"<p>Mat\u00e9riau : acier inoxydable<br \/>\nType : Tire-bouchon\/ouvre-bouteille, Rowable<\/p>\n","protected":false},"featured_media":110953,"template":"","meta":[],"product_brand":[],"product_cat":[7188,18101],"product_tag":[7233,7220,7242,7206,7251,7254,7266,7274,7197,7256,7215,7248,7203,7276,7272,7270,7236,7245,7259,7262,7200,7230,7224,7209,7227,7212,7239,7217],"class_list":{"0":"post-110983","1":"product","2":"type-product","3":"status-publish","4":"has-post-thumbnail","6":"product_cat-bouchon-de-vin-filete-et-decapsuleur","7":"product_cat-perles-et-articles-de-bricolage-noel","8":"product_tag-acier-inoxydable","9":"product_tag-b2b-fr","10":"product_tag-boire","11":"product_tag-bricolage","12":"product_tag-cadeaux-personnalises","13":"product_tag-celibataire","14":"product_tag-chanceux","15":"product_tag-concept-fr","16":"product_tag-en-bois","17":"product_tag-enterrement-de-vie-de-jeune-fille","18":"product_tag-faire","19":"product_tag-faites-le-vous-meme","20":"product_tag-hobby-fr","21":"product_tag-magasin","22":"product_tag-marche","23":"product_tag-materiaux","24":"product_tag-ouvre-bouteille","25":"product_tag-parti","26":"product_tag-parti-fr","27":"product_tag-parti-fr-2","28":"product_tag-perles","29":"product_tag-personnalisation","30":"product_tag-personnalise","31":"product_tag-poupee-porte-bonheur","32":"product_tag-rangee","33":"product_tag-silicone-fr","34":"product_tag-tire-bouchon","35":"product_tag-toi-meme","37":"first","38":"instock","39":"taxable","40":"shipping-taxable","41":"purchasable","42":"product-type-simple"},"bundled_by":[],"bundle_stock_status":"instock","bundle_stock_quantity":97,"bundle_virtual":false,"bundle_layout":"","bundle_add_to_cart_form_location":"","bundle_editable_in_cart":false,"bundle_sold_individually_context":"","bundle_item_grouping":"","bundle_min_size":"","bundle_max_size":"","bundle_price":[],"bundled_items":[],"bundle_sell_ids":[],"yoast_head":"<!-- This site is optimized with the Yoast SEO Premium plugin v26.4 (Yoast SEO v26.9) - https:\/\/yoast.com\/product\/yoast-seo-premium-wordpress\/ -->\n<title>Tire-bouchon filet\u00e9 \/ ouvre-bouteille | DIY | Jootjes<\/title>\n<meta name=\"description\" content=\"Achetez un tire-bouchon et personnalisez-le \u00e0 votre guise avec nos perles en bois et en silicone. Le cadeau id\u00e9al pour une f\u00eate ou un ap\u00e9ritif.\" \/>\n<meta name=\"robots\" content=\"index, follow, max-snippet:-1, max-image-preview:large, max-video-preview:-1\" \/>\n<link rel=\"canonical\" href=\"https:\/\/www.jootjeshaakcadeautjes.nl\/fr\/produit\/tire-bouchon-ouvre-bouteille-rowable\/\" \/>\n<meta property=\"og:locale\" content=\"fr_FR\" \/>\n<meta property=\"og:type\" content=\"article\" \/>\n<meta property=\"og:title\" content=\"Tire-bouchon \/ ouvre-bouteille - Rowable\" \/>\n<meta property=\"og:description\" content=\"Achetez un tire-bouchon et personnalisez-le \u00e0 votre guise avec nos perles en bois et en silicone. Le cadeau id\u00e9al pour une f\u00eate ou un ap\u00e9ritif.\" \/>\n<meta property=\"og:url\" content=\"https:\/\/www.jootjeshaakcadeautjes.nl\/fr\/produit\/tire-bouchon-ouvre-bouteille-rowable\/\" \/>\n<meta property=\"og:site_name\" content=\"Jootjes Haakcadeautjes\" \/>\n<meta property=\"article:modified_time\" content=\"2025-09-12T08:57:32+00:00\" \/>\n<meta property=\"og:image\" content=\"https:\/\/www.jootjeshaakcadeautjes.nl\/wp-content\/uploads\/2023\/12\/20231128_215829.jpg\" \/>\n\t<meta property=\"og:image:width\" content=\"2048\" \/>\n\t<meta property=\"og:image:height\" content=\"2048\" \/>\n\t<meta property=\"og:image:type\" content=\"image\/jpeg\" \/>\n<meta name=\"twitter:card\" content=\"summary_large_image\" \/>\n<meta name=\"twitter:label1\" content=\"Prix\" \/>\n\t<meta name=\"twitter:data1\" content=\"&euro;2.50 TTC\" \/>\n\t<meta name=\"twitter:label2\" content=\"Disponibilit\u00e9\" \/>\n\t<meta name=\"twitter:data2\" content=\"En stock\" \/>\n<script type=\"application\/ld+json\" class=\"yoast-schema-graph\">{\"@context\":\"https:\/\/schema.org\",\"@graph\":[{\"@type\":\"WebPage\",\"@id\":\"https:\/\/www.jootjeshaakcadeautjes.nl\/fr\/produit\/tire-bouchon-ouvre-bouteille-rowable\/\",\"url\":\"https:\/\/www.jootjeshaakcadeautjes.nl\/fr\/produit\/tire-bouchon-ouvre-bouteille-rowable\/\",\"name\":\"Tire-bouchon filet\u00e9 \/ ouvre-bouteille | DIY | Jootjes\",\"isPartOf\":{\"@id\":\"https:\/\/www.jootjeshaakcadeautjes.nl\/fr\/#website\"},\"primaryImageOfPage\":{\"@id\":\"https:\/\/www.jootjeshaakcadeautjes.nl\/fr\/produit\/tire-bouchon-ouvre-bouteille-rowable\/#primaryimage\"},\"image\":{\"@id\":\"https:\/\/www.jootjeshaakcadeautjes.nl\/fr\/produit\/tire-bouchon-ouvre-bouteille-rowable\/#primaryimage\"},\"thumbnailUrl\":\"https:\/\/d1dyryakdmle7o.cloudfront.net\/wp-content\/uploads\/2023\/12\/20231128_215829.jpg\",\"datePublished\":\"2023-12-03T20:45:10+00:00\",\"dateModified\":\"2025-09-12T08:57:32+00:00\",\"description\":\"Achetez un tire-bouchon et personnalisez-le \u00e0 votre guise avec nos perles en bois et en silicone. Le cadeau id\u00e9al pour une f\u00eate ou un ap\u00e9ritif.\",\"breadcrumb\":{\"@id\":\"https:\/\/www.jootjeshaakcadeautjes.nl\/fr\/produit\/tire-bouchon-ouvre-bouteille-rowable\/#breadcrumb\"},\"inLanguage\":\"fr-FR\",\"potentialAction\":[{\"@type\":\"ReadAction\",\"target\":[\"https:\/\/www.jootjeshaakcadeautjes.nl\/fr\/produit\/tire-bouchon-ouvre-bouteille-rowable\/\"]}]},{\"@type\":\"ImageObject\",\"inLanguage\":\"fr-FR\",\"@id\":\"https:\/\/www.jootjeshaakcadeautjes.nl\/fr\/produit\/tire-bouchon-ouvre-bouteille-rowable\/#primaryimage\",\"url\":\"https:\/\/d1dyryakdmle7o.cloudfront.net\/wp-content\/uploads\/2023\/12\/20231128_215829.jpg\",\"contentUrl\":\"https:\/\/d1dyryakdmle7o.cloudfront.net\/wp-content\/uploads\/2023\/12\/20231128_215829.jpg\",\"width\":2048,\"height\":2048,\"caption\":\"Tire-bouchon basteable personnaliser DIY Wholesale Drinks Bachelor Party id\u00e9e de f\u00eate\"},{\"@type\":\"BreadcrumbList\",\"@id\":\"https:\/\/www.jootjeshaakcadeautjes.nl\/fr\/produit\/tire-bouchon-ouvre-bouteille-rowable\/#breadcrumb\",\"itemListElement\":[{\"@type\":\"ListItem\",\"position\":1,\"name\":\"Accueil\",\"item\":\"https:\/\/www.jootjeshaakcadeautjes.nl\/fr\/\"},{\"@type\":\"ListItem\",\"position\":2,\"name\":\"Commerce de gros de perles en silicone &#8211; Entreprises et consommateurs\",\"item\":\"https:\/\/www.jootjeshaakcadeautjes.nl\/fr\/boutique\/\"},{\"@type\":\"ListItem\",\"position\":3,\"name\":\"Tire-bouchon \/ ouvre-bouteille &#8211; Rowable\"}]},{\"@type\":\"WebSite\",\"@id\":\"https:\/\/www.jootjeshaakcadeautjes.nl\/fr\/#website\",\"url\":\"https:\/\/www.jootjeshaakcadeautjes.nl\/fr\/\",\"name\":\"Jootjes Haakcadeautjes\",\"description\":\"Grossiste en perles de silicone\",\"publisher\":{\"@id\":\"https:\/\/www.jootjeshaakcadeautjes.nl\/fr\/#organization\"},\"potentialAction\":[{\"@type\":\"SearchAction\",\"target\":{\"@type\":\"EntryPoint\",\"urlTemplate\":\"https:\/\/www.jootjeshaakcadeautjes.nl\/fr\/?s={search_term_string}\"},\"query-input\":{\"@type\":\"PropertyValueSpecification\",\"valueRequired\":true,\"valueName\":\"search_term_string\"}}],\"inLanguage\":\"fr-FR\"},{\"@type\":\"Organization\",\"@id\":\"https:\/\/www.jootjeshaakcadeautjes.nl\/fr\/#organization\",\"name\":\"Jootjes Haakcadeautjes\",\"url\":\"https:\/\/www.jootjeshaakcadeautjes.nl\/fr\/\",\"logo\":{\"@type\":\"ImageObject\",\"inLanguage\":\"fr-FR\",\"@id\":\"https:\/\/www.jootjeshaakcadeautjes.nl\/fr\/#\/schema\/logo\/image\/\",\"url\":\"https:\/\/jootjes-haakcadeautjes-media.s3.amazonaws.com\/wp-content\/uploads\/2023\/05\/Logo-rond.png\",\"contentUrl\":\"https:\/\/jootjes-haakcadeautjes-media.s3.amazonaws.com\/wp-content\/uploads\/2023\/05\/Logo-rond.png\",\"width\":1222,\"height\":1222,\"caption\":\"Jootjes Haakcadeautjes\"},\"image\":{\"@id\":\"https:\/\/www.jootjeshaakcadeautjes.nl\/fr\/#\/schema\/logo\/image\/\"}}]}<\/script>\n<meta property=\"product:price:amount\" content=\"2.50\" \/>\n<meta property=\"product:price:currency\" content=\"EUR\" \/>\n<meta property=\"og:availability\" content=\"instock\" \/>\n<meta property=\"product:availability\" content=\"instock\" \/>\n<meta property=\"product:retailer_item_id\" content=\"KRK-WIO-RIJG\" \/>\n<meta property=\"product:condition\" content=\"new\" \/>\n<!-- \/ Yoast SEO Premium plugin. -->","yoast_head_json":{"title":"Tire-bouchon filet\u00e9 \/ ouvre-bouteille | DIY | Jootjes","description":"Achetez un tire-bouchon et personnalisez-le \u00e0 votre guise avec nos perles en bois et en silicone. Le cadeau id\u00e9al pour une f\u00eate ou un ap\u00e9ritif.","robots":{"index":"index","follow":"follow","max-snippet":"max-snippet:-1","max-image-preview":"max-image-preview:large","max-video-preview":"max-video-preview:-1"},"canonical":"https:\/\/www.jootjeshaakcadeautjes.nl\/fr\/produit\/tire-bouchon-ouvre-bouteille-rowable\/","og_locale":"fr_FR","og_type":"article","og_title":"Tire-bouchon \/ ouvre-bouteille - Rowable","og_description":"Achetez un tire-bouchon et personnalisez-le \u00e0 votre guise avec nos perles en bois et en silicone. Le cadeau id\u00e9al pour une f\u00eate ou un ap\u00e9ritif.","og_url":"https:\/\/www.jootjeshaakcadeautjes.nl\/fr\/produit\/tire-bouchon-ouvre-bouteille-rowable\/","og_site_name":"Jootjes Haakcadeautjes","article_modified_time":"2025-09-12T08:57:32+00:00","og_image":[{"width":2048,"height":2048,"url":"https:\/\/www.jootjeshaakcadeautjes.nl\/wp-content\/uploads\/2023\/12\/20231128_215829.jpg","type":"image\/jpeg"}],"twitter_card":"summary_large_image","twitter_misc":{"Prix":"&euro;2.50 TTC","Disponibilit\u00e9":"En stock"},"schema":{"@context":"https:\/\/schema.org","@graph":[{"@type":"WebPage","@id":"https:\/\/www.jootjeshaakcadeautjes.nl\/fr\/produit\/tire-bouchon-ouvre-bouteille-rowable\/","url":"https:\/\/www.jootjeshaakcadeautjes.nl\/fr\/produit\/tire-bouchon-ouvre-bouteille-rowable\/","name":"Tire-bouchon filet\u00e9 \/ ouvre-bouteille | DIY | Jootjes","isPartOf":{"@id":"https:\/\/www.jootjeshaakcadeautjes.nl\/fr\/#website"},"primaryImageOfPage":{"@id":"https:\/\/www.jootjeshaakcadeautjes.nl\/fr\/produit\/tire-bouchon-ouvre-bouteille-rowable\/#primaryimage"},"image":{"@id":"https:\/\/www.jootjeshaakcadeautjes.nl\/fr\/produit\/tire-bouchon-ouvre-bouteille-rowable\/#primaryimage"},"thumbnailUrl":"https:\/\/d1dyryakdmle7o.cloudfront.net\/wp-content\/uploads\/2023\/12\/20231128_215829.jpg","datePublished":"2023-12-03T20:45:10+00:00","dateModified":"2025-09-12T08:57:32+00:00","description":"Achetez un tire-bouchon et personnalisez-le \u00e0 votre guise avec nos perles en bois et en silicone. Le cadeau id\u00e9al pour une f\u00eate ou un ap\u00e9ritif.","breadcrumb":{"@id":"https:\/\/www.jootjeshaakcadeautjes.nl\/fr\/produit\/tire-bouchon-ouvre-bouteille-rowable\/#breadcrumb"},"inLanguage":"fr-FR","potentialAction":[{"@type":"ReadAction","target":["https:\/\/www.jootjeshaakcadeautjes.nl\/fr\/produit\/tire-bouchon-ouvre-bouteille-rowable\/"]}]},{"@type":"ImageObject","inLanguage":"fr-FR","@id":"https:\/\/www.jootjeshaakcadeautjes.nl\/fr\/produit\/tire-bouchon-ouvre-bouteille-rowable\/#primaryimage","url":"https:\/\/d1dyryakdmle7o.cloudfront.net\/wp-content\/uploads\/2023\/12\/20231128_215829.jpg","contentUrl":"https:\/\/d1dyryakdmle7o.cloudfront.net\/wp-content\/uploads\/2023\/12\/20231128_215829.jpg","width":2048,"height":2048,"caption":"Tire-bouchon basteable personnaliser DIY Wholesale Drinks Bachelor Party id\u00e9e de f\u00eate"},{"@type":"BreadcrumbList","@id":"https:\/\/www.jootjeshaakcadeautjes.nl\/fr\/produit\/tire-bouchon-ouvre-bouteille-rowable\/#breadcrumb","itemListElement":[{"@type":"ListItem","position":1,"name":"Accueil","item":"https:\/\/www.jootjeshaakcadeautjes.nl\/fr\/"},{"@type":"ListItem","position":2,"name":"Commerce de gros de perles en silicone &#8211; Entreprises et consommateurs","item":"https:\/\/www.jootjeshaakcadeautjes.nl\/fr\/boutique\/"},{"@type":"ListItem","position":3,"name":"Tire-bouchon \/ ouvre-bouteille &#8211; Rowable"}]},{"@type":"WebSite","@id":"https:\/\/www.jootjeshaakcadeautjes.nl\/fr\/#website","url":"https:\/\/www.jootjeshaakcadeautjes.nl\/fr\/","name":"Jootjes Haakcadeautjes","description":"Grossiste en perles de silicone","publisher":{"@id":"https:\/\/www.jootjeshaakcadeautjes.nl\/fr\/#organization"},"potentialAction":[{"@type":"SearchAction","target":{"@type":"EntryPoint","urlTemplate":"https:\/\/www.jootjeshaakcadeautjes.nl\/fr\/?s={search_term_string}"},"query-input":{"@type":"PropertyValueSpecification","valueRequired":true,"valueName":"search_term_string"}}],"inLanguage":"fr-FR"},{"@type":"Organization","@id":"https:\/\/www.jootjeshaakcadeautjes.nl\/fr\/#organization","name":"Jootjes Haakcadeautjes","url":"https:\/\/www.jootjeshaakcadeautjes.nl\/fr\/","logo":{"@type":"ImageObject","inLanguage":"fr-FR","@id":"https:\/\/www.jootjeshaakcadeautjes.nl\/fr\/#\/schema\/logo\/image\/","url":"https:\/\/jootjes-haakcadeautjes-media.s3.amazonaws.com\/wp-content\/uploads\/2023\/05\/Logo-rond.png","contentUrl":"https:\/\/jootjes-haakcadeautjes-media.s3.amazonaws.com\/wp-content\/uploads\/2023\/05\/Logo-rond.png","width":1222,"height":1222,"caption":"Jootjes Haakcadeautjes"},"image":{"@id":"https:\/\/www.jootjeshaakcadeautjes.nl\/fr\/#\/schema\/logo\/image\/"}}]},"product_price_amount":"2.50","product_price_currency":"EUR","og_availability":"instock","product_availability":"instock","product_retailer_item_id":"KRK-WIO-RIJG","product_condition":"new"},"_links":{"self":[{"href":"https:\/\/www.jootjeshaakcadeautjes.nl\/fr\/wp-json\/wp\/v2\/product\/110983","targetHints":{"allow":["GET"]}}],"collection":[{"href":"https:\/\/www.jootjeshaakcadeautjes.nl\/fr\/wp-json\/wp\/v2\/product"}],"about":[{"href":"https:\/\/www.jootjeshaakcadeautjes.nl\/fr\/wp-json\/wp\/v2\/types\/product"}],"version-history":[{"count":0,"href":"https:\/\/www.jootjeshaakcadeautjes.nl\/fr\/wp-json\/wp\/v2\/product\/110983\/revisions"}],"wp:featuredmedia":[{"embeddable":true,"href":"https:\/\/www.jootjeshaakcadeautjes.nl\/fr\/wp-json\/wp\/v2\/media\/110953"}],"wp:attachment":[{"href":"https:\/\/www.jootjeshaakcadeautjes.nl\/fr\/wp-json\/wp\/v2\/media?parent=110983"}],"wp:term":[{"taxonomy":"product_brand","embeddable":true,"href":"https:\/\/www.jootjeshaakcadeautjes.nl\/fr\/wp-json\/wp\/v2\/product_brand?post=110983"},{"taxonomy":"product_cat","embeddable":true,"href":"https:\/\/www.jootjeshaakcadeautjes.nl\/fr\/wp-json\/wp\/v2\/product_cat?post=110983"},{"taxonomy":"product_tag","embeddable":true,"href":"https:\/\/www.jootjeshaakcadeautjes.nl\/fr\/wp-json\/wp\/v2\/product_tag?post=110983"}],"curies":[{"name":"wp","href":"https:\/\/api.w.org\/{rel}","templated":true}]}}