{"id":113076,"date":"2023-11-27T22:16:35","date_gmt":"2023-11-27T20:16:35","guid":{"rendered":"https:\/\/www.jootjeshaakcadeautjes.nl\/product\/perles-en-silicone-hexagone-14-mm-aigue-marine\/"},"modified":"2025-10-12T15:26:58","modified_gmt":"2025-10-12T13:26:58","slug":"perles-en-silicone-hexagone-14-mm-aigue-marine","status":"publish","type":"product","link":"https:\/\/www.jootjeshaakcadeautjes.nl\/fr\/produit\/perles-en-silicone-hexagone-14-mm-aigue-marine\/","title":{"rendered":"Perles en silicone &#8211; Hexagone &#8211; 14 mm &#8211; Aigue-marine"},"content":{"rendered":"<h1>Perles en silicone &#8211; Hexagone \/ G\u00e9om\u00e9trique &#8211; Aigue-marine &#8211; 14 mm<\/h1>\n<h3>Sp\u00e9cifications :<\/h3>\n<ul>\n<li>\u00c9galement connues sous le nom de : Perles g\u00e9om\u00e9triques ou \u00e0 facettes.<\/li>\n<li>Taille : 14 mm<\/li>\n<\/ul>\n<p>Toutes nos billes de silicone sont 100 % exemptes de BPA, de plomb, de toxines, de phtalates et de PVC. Nos billes de silicone sont donc de qualit\u00e9 m\u00e9dicale et conviennent aux jouets de dentition pour enfants.  Les perles hexagonales sont parfaites pour fabriquer des anneaux de dentition, des cordons de t\u00e9tine, des colliers d&#8217;allaitement, des pendentifs de sac ou des gymnases pour b\u00e9b\u00e9s, entre autres.<\/p>\n<p>Le reste de notre gamme de perles en silicone se trouve ici : <a href=\"https:\/\/www.jootjeshaakcadeautjes.nl\/fr\/product-categorie\/fabrication-de-jouets-de-dentition-pour-bebe-cordon-de-sucette-et-anneaux-de-dentition\/perles-en-silicone-sans-bpa-grossiste\/\">perles en silicone<\/a>.<br \/>\nLes perles en bois se trouvent ici : <a href=\"\/?product_cat=houten-kralen-kralen\">perles en bois.<\/a><\/p>\n<h3>Qualit\u00e9 et s\u00e9curit\u00e9 de nos perles de silicone<\/h3>\n<p>Toutes nos perles en silicone sont :<\/p>\n<ul>\n<li>Sans BPA<\/li>\n<li>Sans phtalates ni toxines<\/li>\n<li>Sans PVC<\/li>\n<li>Sans plomb<\/li>\n<li>Convient aux produits finis certifi\u00e9s CE<\/li>\n<li>Perles de silicone de qualit\u00e9 m\u00e9dicale<\/li>\n<\/ul>\n<h4>Fixation :<\/h4>\n<p>Les perles de silicone sont faciles \u00e0 enfiler sur un cordon de cire ou de satin. L&#8217;anneau de dentition hexagonal en silicone se noue tr\u00e8s bien et plusieurs fois. <\/p>\n<h4>Nettoyage :<\/h4>\n<p>Ces perles en silicone de couleur aigue-marine et de taille hexagonale de 14 mm conviennent donc aussi bien aux b\u00e9b\u00e9s qu&#8217;aux enfants plus \u00e2g\u00e9s qui aiment mordre dans quelque chose. Nos perles sont adapt\u00e9es aux produits finis certifi\u00e9s CE. Qu&#8217;est-ce que cela signifie ? Une perle en soi n&#8217;est pas un jouet et nous ne pouvons donc pas la certifier enti\u00e8rement. Cependant, il est vrai que nos perles sont enti\u00e8rement test\u00e9es et qu&#8217;elles conviennent donc aux jouets que vous fabriquerez. Pour les jouets, vous pouvez \u00e9ventuellement obtenir une certification. Nos perles ne s&#8217;usent donc pratiquement pas. En outre, les perles sont faciles \u00e0 nettoyer. Ces perles de silicone peuvent facilement passer au lave-vaisselle ou \u00e0 l&#8217;eau savonneuse.  Laissez-les ensuite bien s\u00e9cher avant de les donner \u00e0 nouveau \u00e0 un enfant. Les perles de silicone peuvent \u00e9galement \u00eatre conserv\u00e9es au r\u00e9frig\u00e9rateur.  Ils sont donc tr\u00e8s utiles pour soulager la douleur lors des pouss\u00e9es dentaires.<\/p>\n<p><em>Fixez toujours correctement les perles de silicone et contr\u00f4lez r\u00e9guli\u00e8rement vos cr\u00e9ations, par exemple pour v\u00e9rifier qu&#8217;elles ne s&#8217;usent pas. Vous en \u00eates vous-m\u00eame responsable.  Jootjes Haakcadeautjes ne contr\u00f4le pas le produit fini et ne peut donc pas assumer les dommages ou le rel\u00e2chement dus \u00e0 l&#8217;usure. Nous vous conseillons de n&#8217;utiliser les jouets de dentition faits \u00e0 la main que sous la surveillance d&#8217;un adulte afin d&#8217;\u00e9viter toute situation dangereuse. <\/em><\/p>\n<h3>Avec quoi ces perles se combinent-elles bien ?<\/h3>\n<p>Toutes nos perles se combinent bien entre elles. Nous stockons les m\u00eames couleurs dans le plus grand nombre possible de types de perles.  Ce n&#8217;est pas toujours possible. En outre, il est \u00e9galement amusant de combiner les couleurs et les formes.  Cela a un effet stimulant sur le d\u00e9veloppement de l&#8217;enfant. Plus la fourrure est abondante, mieux c&#8217;est.<\/p>\n<p>&nbsp;<\/p>\n<p>&nbsp;<\/p>\n<p>&nbsp;<\/p>\n","protected":false},"excerpt":{"rendered":"<p>Code couleur Aigue-marine<\/p>\n<p>&#8211; Type : Perles de silicone hexagonales \/ g\u00e9om\u00e9triques<br \/>\n&#8211; Taille : 14 mm<br \/>\n&#8211; Sans BPA, Phtalates, Plomb, PVC et poison<br \/>\n&#8211; Convient aux produits finis certifi\u00e9s CE<br \/>\n&#8211; Perles de silicone de qualit\u00e9 m\u00e9dicale<\/p>\n","protected":false},"featured_media":112062,"template":"","meta":[],"product_brand":[],"product_cat":[7378,7582,6992],"product_tag":[7502,7484,7384,7424,7455,7463,7418,7586,7440,7596,7392,7200,7212],"class_list":{"0":"post-113076","1":"product","2":"type-product","3":"status-publish","4":"has-post-thumbnail","6":"product_cat-fabrication-de-jouets-de-dentition-pour-bebe-cordon-de-sucette-et-anneaux-de-dentition","7":"product_cat-perles-en-silicone-hexagone-14-mm","8":"product_cat-perles-en-silicone-sans-bpa-grossiste","9":"product_tag-14-fr","10":"product_tag-aigue-marine","11":"product_tag-anneau-de-dentition","12":"product_tag-bpa-fr","13":"product_tag-chaine-de-landau","14":"product_tag-commerce-de-gros","15":"product_tag-faux-cordon","16":"product_tag-geometrique","17":"product_tag-gratuit","18":"product_tag-hexagone","19":"product_tag-mm-fr","20":"product_tag-perles","21":"product_tag-silicone-fr","23":"first","24":"instock","25":"taxable","26":"shipping-taxable","27":"purchasable","28":"product-type-simple"},"bundled_by":[],"bundle_stock_status":"instock","bundle_stock_quantity":626,"bundle_virtual":false,"bundle_layout":"","bundle_add_to_cart_form_location":"","bundle_editable_in_cart":false,"bundle_sold_individually_context":"","bundle_item_grouping":"","bundle_min_size":"","bundle_max_size":"","bundle_price":[],"bundled_items":[],"bundle_sell_ids":[],"yoast_head":"<!-- This site is optimized with the Yoast SEO Premium plugin v27.6 (Yoast SEO v27.6) - https:\/\/yoast.com\/product\/yoast-seo-premium-wordpress\/ -->\n<title>Perles en silicone - Hexagone - 14 mm - Aigue-marine -%.<\/title>\n<meta name=\"description\" content=\"Les perles de silicone hexagonales de couleur vert \u00e9meraude de 14 mm de diam\u00e8tre sont 100 % exemptes de BPA, de plomb, de poison, de phtalate et de PVC. Cordon pour t\u00e9tine et anneau de dentition.\" \/>\n<meta name=\"robots\" content=\"index, follow, max-snippet:-1, max-image-preview:large, max-video-preview:-1\" \/>\n<link rel=\"canonical\" href=\"https:\/\/www.jootjeshaakcadeautjes.nl\/fr\/produit\/perles-en-silicone-hexagone-14-mm-aigue-marine\/\" \/>\n<meta property=\"og:locale\" content=\"fr_FR\" \/>\n<meta property=\"og:type\" content=\"article\" \/>\n<meta property=\"og:title\" content=\"Perles en silicone - Hexagone - 14 mm - Aigue-marine\" \/>\n<meta property=\"og:description\" content=\"Les perles de silicone hexagonales de couleur vert \u00e9meraude de 14 mm de diam\u00e8tre sont 100 % exemptes de BPA, de plomb, de poison, de phtalate et de PVC. Cordon pour t\u00e9tine et anneau de dentition.\" \/>\n<meta property=\"og:url\" content=\"https:\/\/www.jootjeshaakcadeautjes.nl\/fr\/produit\/perles-en-silicone-hexagone-14-mm-aigue-marine\/\" \/>\n<meta property=\"og:site_name\" content=\"Jootjes Haakcadeautjes\" \/>\n<meta property=\"article:modified_time\" content=\"2025-10-12T13:26:58+00:00\" \/>\n<meta property=\"og:image\" content=\"https:\/\/www.jootjeshaakcadeautjes.nl\/wp-content\/uploads\/2023\/12\/20231210_211735.jpg\" \/>\n\t<meta property=\"og:image:width\" content=\"2048\" \/>\n\t<meta property=\"og:image:height\" content=\"2048\" \/>\n\t<meta property=\"og:image:type\" content=\"image\/jpeg\" \/>\n<meta name=\"twitter:card\" content=\"summary_large_image\" \/>\n<meta name=\"twitter:label1\" content=\"Prix\" \/>\n\t<meta name=\"twitter:data1\" content=\"&euro;0.35 TTC\" \/>\n\t<meta name=\"twitter:label2\" content=\"Disponibilit\u00e9\" \/>\n\t<meta name=\"twitter:data2\" content=\"En stock\" \/>\n<script type=\"application\/ld+json\" class=\"yoast-schema-graph\">{\"@context\":\"https:\\\/\\\/schema.org\",\"@graph\":[{\"@type\":\"WebPage\",\"@id\":\"https:\\\/\\\/www.jootjeshaakcadeautjes.nl\\\/fr\\\/produit\\\/perles-en-silicone-hexagone-14-mm-aigue-marine\\\/\",\"url\":\"https:\\\/\\\/www.jootjeshaakcadeautjes.nl\\\/fr\\\/produit\\\/perles-en-silicone-hexagone-14-mm-aigue-marine\\\/\",\"name\":\"Perles en silicone - Hexagone - 14 mm - Aigue-marine -%.\",\"isPartOf\":{\"@id\":\"https:\\\/\\\/www.jootjeshaakcadeautjes.nl\\\/fr\\\/#website\"},\"primaryImageOfPage\":{\"@id\":\"https:\\\/\\\/www.jootjeshaakcadeautjes.nl\\\/fr\\\/produit\\\/perles-en-silicone-hexagone-14-mm-aigue-marine\\\/#primaryimage\"},\"image\":{\"@id\":\"https:\\\/\\\/www.jootjeshaakcadeautjes.nl\\\/fr\\\/produit\\\/perles-en-silicone-hexagone-14-mm-aigue-marine\\\/#primaryimage\"},\"thumbnailUrl\":\"https:\\\/\\\/d1dyryakdmle7o.cloudfront.net\\\/wp-content\\\/uploads\\\/2023\\\/12\\\/20231210_211735.jpg\",\"datePublished\":\"2023-11-27T20:16:35+00:00\",\"dateModified\":\"2025-10-12T13:26:58+00:00\",\"description\":\"Les perles de silicone hexagonales de couleur vert \u00e9meraude de 14 mm de diam\u00e8tre sont 100 % exemptes de BPA, de plomb, de poison, de phtalate et de PVC. Cordon pour t\u00e9tine et anneau de dentition.\",\"breadcrumb\":{\"@id\":\"https:\\\/\\\/www.jootjeshaakcadeautjes.nl\\\/fr\\\/produit\\\/perles-en-silicone-hexagone-14-mm-aigue-marine\\\/#breadcrumb\"},\"inLanguage\":\"fr-FR\",\"potentialAction\":[{\"@type\":\"ReadAction\",\"target\":[\"https:\\\/\\\/www.jootjeshaakcadeautjes.nl\\\/fr\\\/produit\\\/perles-en-silicone-hexagone-14-mm-aigue-marine\\\/\"]}]},{\"@type\":\"ImageObject\",\"inLanguage\":\"fr-FR\",\"@id\":\"https:\\\/\\\/www.jootjeshaakcadeautjes.nl\\\/fr\\\/produit\\\/perles-en-silicone-hexagone-14-mm-aigue-marine\\\/#primaryimage\",\"url\":\"https:\\\/\\\/d1dyryakdmle7o.cloudfront.net\\\/wp-content\\\/uploads\\\/2023\\\/12\\\/20231210_211735.jpg\",\"contentUrl\":\"https:\\\/\\\/d1dyryakdmle7o.cloudfront.net\\\/wp-content\\\/uploads\\\/2023\\\/12\\\/20231210_211735.jpg\",\"width\":2048,\"height\":2048,\"caption\":\"aigue-marine\"},{\"@type\":\"BreadcrumbList\",\"@id\":\"https:\\\/\\\/www.jootjeshaakcadeautjes.nl\\\/fr\\\/produit\\\/perles-en-silicone-hexagone-14-mm-aigue-marine\\\/#breadcrumb\",\"itemListElement\":[{\"@type\":\"ListItem\",\"position\":1,\"name\":\"Accueil\",\"item\":\"https:\\\/\\\/www.jootjeshaakcadeautjes.nl\\\/fr\\\/\"},{\"@type\":\"ListItem\",\"position\":2,\"name\":\"Commerce de gros de perles en silicone &#8211; Entreprises et consommateurs\",\"item\":\"https:\\\/\\\/www.jootjeshaakcadeautjes.nl\\\/fr\\\/boutique\\\/\"},{\"@type\":\"ListItem\",\"position\":3,\"name\":\"Perles en silicone &#8211; Hexagone &#8211; 14 mm &#8211; Aigue-marine\"}]},{\"@type\":\"WebSite\",\"@id\":\"https:\\\/\\\/www.jootjeshaakcadeautjes.nl\\\/fr\\\/#website\",\"url\":\"https:\\\/\\\/www.jootjeshaakcadeautjes.nl\\\/fr\\\/\",\"name\":\"Jootjes Haakcadeautjes\",\"description\":\"Grossiste en perles de silicone\",\"publisher\":{\"@id\":\"https:\\\/\\\/www.jootjeshaakcadeautjes.nl\\\/fr\\\/#organization\"},\"potentialAction\":[{\"@type\":\"SearchAction\",\"target\":{\"@type\":\"EntryPoint\",\"urlTemplate\":\"https:\\\/\\\/www.jootjeshaakcadeautjes.nl\\\/fr\\\/?s={search_term_string}\"},\"query-input\":{\"@type\":\"PropertyValueSpecification\",\"valueRequired\":true,\"valueName\":\"search_term_string\"}}],\"inLanguage\":\"fr-FR\"},{\"@type\":\"Organization\",\"@id\":\"https:\\\/\\\/www.jootjeshaakcadeautjes.nl\\\/fr\\\/#organization\",\"name\":\"Jootjes Haakcadeautjes\",\"url\":\"https:\\\/\\\/www.jootjeshaakcadeautjes.nl\\\/fr\\\/\",\"logo\":{\"@type\":\"ImageObject\",\"inLanguage\":\"fr-FR\",\"@id\":\"https:\\\/\\\/www.jootjeshaakcadeautjes.nl\\\/fr\\\/#\\\/schema\\\/logo\\\/image\\\/\",\"url\":\"https:\\\/\\\/d1dyryakdmle7o.cloudfront.net\\\/wp-content\\\/uploads\\\/2023\\\/05\\\/Logo-rond.png\",\"contentUrl\":\"https:\\\/\\\/d1dyryakdmle7o.cloudfront.net\\\/wp-content\\\/uploads\\\/2023\\\/05\\\/Logo-rond.png\",\"width\":1222,\"height\":1222,\"caption\":\"Jootjes Haakcadeautjes\"},\"image\":{\"@id\":\"https:\\\/\\\/www.jootjeshaakcadeautjes.nl\\\/fr\\\/#\\\/schema\\\/logo\\\/image\\\/\"}}]}<\/script>\n<meta property=\"product:price:amount\" content=\"0.35\" \/>\n<meta property=\"product:price:currency\" content=\"EUR\" \/>\n<meta property=\"og:availability\" content=\"instock\" \/>\n<meta property=\"product:availability\" content=\"instock\" \/>\n<meta property=\"product:retailer_item_id\" content=\"SKR-HX4-AQU\" \/>\n<meta property=\"product:condition\" content=\"new\" \/>\n<!-- \/ Yoast SEO Premium plugin. -->","yoast_head_json":{"title":"Perles en silicone - Hexagone - 14 mm - Aigue-marine -%.","description":"Les perles de silicone hexagonales de couleur vert \u00e9meraude de 14 mm de diam\u00e8tre sont 100 % exemptes de BPA, de plomb, de poison, de phtalate et de PVC. Cordon pour t\u00e9tine et anneau de dentition.","robots":{"index":"index","follow":"follow","max-snippet":"max-snippet:-1","max-image-preview":"max-image-preview:large","max-video-preview":"max-video-preview:-1"},"canonical":"https:\/\/www.jootjeshaakcadeautjes.nl\/fr\/produit\/perles-en-silicone-hexagone-14-mm-aigue-marine\/","og_locale":"fr_FR","og_type":"article","og_title":"Perles en silicone - Hexagone - 14 mm - Aigue-marine","og_description":"Les perles de silicone hexagonales de couleur vert \u00e9meraude de 14 mm de diam\u00e8tre sont 100 % exemptes de BPA, de plomb, de poison, de phtalate et de PVC. Cordon pour t\u00e9tine et anneau de dentition.","og_url":"https:\/\/www.jootjeshaakcadeautjes.nl\/fr\/produit\/perles-en-silicone-hexagone-14-mm-aigue-marine\/","og_site_name":"Jootjes Haakcadeautjes","article_modified_time":"2025-10-12T13:26:58+00:00","og_image":[{"width":2048,"height":2048,"url":"https:\/\/www.jootjeshaakcadeautjes.nl\/wp-content\/uploads\/2023\/12\/20231210_211735.jpg","type":"image\/jpeg"}],"twitter_card":"summary_large_image","twitter_misc":{"Prix":"&euro;0.35 TTC","Disponibilit\u00e9":"En stock"},"schema":{"@context":"https:\/\/schema.org","@graph":[{"@type":"WebPage","@id":"https:\/\/www.jootjeshaakcadeautjes.nl\/fr\/produit\/perles-en-silicone-hexagone-14-mm-aigue-marine\/","url":"https:\/\/www.jootjeshaakcadeautjes.nl\/fr\/produit\/perles-en-silicone-hexagone-14-mm-aigue-marine\/","name":"Perles en silicone - Hexagone - 14 mm - Aigue-marine -%.","isPartOf":{"@id":"https:\/\/www.jootjeshaakcadeautjes.nl\/fr\/#website"},"primaryImageOfPage":{"@id":"https:\/\/www.jootjeshaakcadeautjes.nl\/fr\/produit\/perles-en-silicone-hexagone-14-mm-aigue-marine\/#primaryimage"},"image":{"@id":"https:\/\/www.jootjeshaakcadeautjes.nl\/fr\/produit\/perles-en-silicone-hexagone-14-mm-aigue-marine\/#primaryimage"},"thumbnailUrl":"https:\/\/d1dyryakdmle7o.cloudfront.net\/wp-content\/uploads\/2023\/12\/20231210_211735.jpg","datePublished":"2023-11-27T20:16:35+00:00","dateModified":"2025-10-12T13:26:58+00:00","description":"Les perles de silicone hexagonales de couleur vert \u00e9meraude de 14 mm de diam\u00e8tre sont 100 % exemptes de BPA, de plomb, de poison, de phtalate et de PVC. Cordon pour t\u00e9tine et anneau de dentition.","breadcrumb":{"@id":"https:\/\/www.jootjeshaakcadeautjes.nl\/fr\/produit\/perles-en-silicone-hexagone-14-mm-aigue-marine\/#breadcrumb"},"inLanguage":"fr-FR","potentialAction":[{"@type":"ReadAction","target":["https:\/\/www.jootjeshaakcadeautjes.nl\/fr\/produit\/perles-en-silicone-hexagone-14-mm-aigue-marine\/"]}]},{"@type":"ImageObject","inLanguage":"fr-FR","@id":"https:\/\/www.jootjeshaakcadeautjes.nl\/fr\/produit\/perles-en-silicone-hexagone-14-mm-aigue-marine\/#primaryimage","url":"https:\/\/d1dyryakdmle7o.cloudfront.net\/wp-content\/uploads\/2023\/12\/20231210_211735.jpg","contentUrl":"https:\/\/d1dyryakdmle7o.cloudfront.net\/wp-content\/uploads\/2023\/12\/20231210_211735.jpg","width":2048,"height":2048,"caption":"aigue-marine"},{"@type":"BreadcrumbList","@id":"https:\/\/www.jootjeshaakcadeautjes.nl\/fr\/produit\/perles-en-silicone-hexagone-14-mm-aigue-marine\/#breadcrumb","itemListElement":[{"@type":"ListItem","position":1,"name":"Accueil","item":"https:\/\/www.jootjeshaakcadeautjes.nl\/fr\/"},{"@type":"ListItem","position":2,"name":"Commerce de gros de perles en silicone &#8211; Entreprises et consommateurs","item":"https:\/\/www.jootjeshaakcadeautjes.nl\/fr\/boutique\/"},{"@type":"ListItem","position":3,"name":"Perles en silicone &#8211; Hexagone &#8211; 14 mm &#8211; Aigue-marine"}]},{"@type":"WebSite","@id":"https:\/\/www.jootjeshaakcadeautjes.nl\/fr\/#website","url":"https:\/\/www.jootjeshaakcadeautjes.nl\/fr\/","name":"Jootjes Haakcadeautjes","description":"Grossiste en perles de silicone","publisher":{"@id":"https:\/\/www.jootjeshaakcadeautjes.nl\/fr\/#organization"},"potentialAction":[{"@type":"SearchAction","target":{"@type":"EntryPoint","urlTemplate":"https:\/\/www.jootjeshaakcadeautjes.nl\/fr\/?s={search_term_string}"},"query-input":{"@type":"PropertyValueSpecification","valueRequired":true,"valueName":"search_term_string"}}],"inLanguage":"fr-FR"},{"@type":"Organization","@id":"https:\/\/www.jootjeshaakcadeautjes.nl\/fr\/#organization","name":"Jootjes Haakcadeautjes","url":"https:\/\/www.jootjeshaakcadeautjes.nl\/fr\/","logo":{"@type":"ImageObject","inLanguage":"fr-FR","@id":"https:\/\/www.jootjeshaakcadeautjes.nl\/fr\/#\/schema\/logo\/image\/","url":"https:\/\/d1dyryakdmle7o.cloudfront.net\/wp-content\/uploads\/2023\/05\/Logo-rond.png","contentUrl":"https:\/\/d1dyryakdmle7o.cloudfront.net\/wp-content\/uploads\/2023\/05\/Logo-rond.png","width":1222,"height":1222,"caption":"Jootjes Haakcadeautjes"},"image":{"@id":"https:\/\/www.jootjeshaakcadeautjes.nl\/fr\/#\/schema\/logo\/image\/"}}]},"product_price_amount":"0.35","product_price_currency":"EUR","og_availability":"instock","product_availability":"instock","product_retailer_item_id":"SKR-HX4-AQU","product_condition":"new"},"_links":{"self":[{"href":"https:\/\/www.jootjeshaakcadeautjes.nl\/fr\/wp-json\/wp\/v2\/product\/113076","targetHints":{"allow":["GET"]}}],"collection":[{"href":"https:\/\/www.jootjeshaakcadeautjes.nl\/fr\/wp-json\/wp\/v2\/product"}],"about":[{"href":"https:\/\/www.jootjeshaakcadeautjes.nl\/fr\/wp-json\/wp\/v2\/types\/product"}],"version-history":[{"count":0,"href":"https:\/\/www.jootjeshaakcadeautjes.nl\/fr\/wp-json\/wp\/v2\/product\/113076\/revisions"}],"wp:featuredmedia":[{"embeddable":true,"href":"https:\/\/www.jootjeshaakcadeautjes.nl\/fr\/wp-json\/wp\/v2\/media\/112062"}],"wp:attachment":[{"href":"https:\/\/www.jootjeshaakcadeautjes.nl\/fr\/wp-json\/wp\/v2\/media?parent=113076"}],"wp:term":[{"taxonomy":"product_brand","embeddable":true,"href":"https:\/\/www.jootjeshaakcadeautjes.nl\/fr\/wp-json\/wp\/v2\/product_brand?post=113076"},{"taxonomy":"product_cat","embeddable":true,"href":"https:\/\/www.jootjeshaakcadeautjes.nl\/fr\/wp-json\/wp\/v2\/product_cat?post=113076"},{"taxonomy":"product_tag","embeddable":true,"href":"https:\/\/www.jootjeshaakcadeautjes.nl\/fr\/wp-json\/wp\/v2\/product_tag?post=113076"}],"curies":[{"name":"wp","href":"https:\/\/api.w.org\/{rel}","templated":true}]}}