{"id":113085,"date":"2023-12-12T15:50:11","date_gmt":"2023-12-12T14:50:11","guid":{"rendered":"https:\/\/www.jootjeshaakcadeautjes.nl\/product\/stylo-a-billes-cadeau-pour-femmes-noir-auburn-rose-par-3-pieces\/"},"modified":"2025-03-11T04:56:16","modified_gmt":"2025-03-11T03:56:16","slug":"perles-cadeaux-pen-noir-auburn-rose-pieces","status":"publish","type":"product","link":"https:\/\/www.jootjeshaakcadeautjes.nl\/fr\/produit\/perles-cadeaux-pen-noir-auburn-rose-pieces\/","title":{"rendered":"Stylo \u00e0 billes &#8211; Cadeau pour femmes &#8211; Noir Auburn Rose &#8211; Par 3 pi\u00e8ces"},"content":{"rendered":"<h2>Stylo \u00e0 billes &#8211; Cadeau pour femmes &#8211; Noir Auburn Rose<\/h2>\n<p>Quantit\u00e9 : Emball\u00e9 par 3 pi\u00e8ces<br \/>\nCouleur : Noir Auburn Rose<\/p>\n<p>Parfait pour un cadeau d&#8217;enseignant, un cadeau d&#8217;anniversaire ou une friandise.<\/p>\n","protected":false},"excerpt":{"rendered":"<p>Nombre :<\/p>\n<p>Emball\u00e9 par 3 pi\u00e8ces Couleur : Noir Auburn Rose Parfait pour un cadeau d&#8217;enseignant, un cadeau d&#8217;anniversaire ou une g\u00e2terie<\/p>\n","protected":false},"featured_media":142788,"template":"","meta":[],"product_brand":[],"product_cat":[7376],"product_tag":[7384,7626,7206,7396,7197,7418,7402,7450,7608,7636,7200,7227,7617,7212,7433,7441,7409],"class_list":{"0":"post-113085","1":"product","2":"type-product","3":"status-publish","4":"has-post-thumbnail","6":"product_cat-stylo-a-billes-stylo-enfilable-faites-le-vous-meme-cadeau-pour-enseignants","7":"product_tag-anneau-de-dentition","8":"product_tag-auburn-fr","9":"product_tag-bricolage","10":"product_tag-cadeau-fr","11":"product_tag-en-bois","12":"product_tag-faux-cordon","13":"product_tag-grave","14":"product_tag-manque","15":"product_tag-noir","16":"product_tag-noir-auburn-rose","17":"product_tag-perles","18":"product_tag-rangee","19":"product_tag-rose-fr-2","20":"product_tag-silicone-fr","21":"product_tag-stylo","22":"product_tag-stylo-a-billes","23":"product_tag-traiter","25":"first","26":"instock","27":"taxable","28":"shipping-taxable","29":"purchasable","30":"product-type-simple"},"bundled_by":[],"bundle_stock_status":"instock","bundle_stock_quantity":19,"bundle_virtual":false,"bundle_layout":"","bundle_add_to_cart_form_location":"","bundle_editable_in_cart":false,"bundle_sold_individually_context":"","bundle_item_grouping":"","bundle_min_size":"","bundle_max_size":"","bundle_price":[],"bundled_items":[],"bundle_sell_ids":[],"yoast_head":"<!-- This site is optimized with the Yoast SEO Premium plugin v27.6 (Yoast SEO v27.6) - https:\/\/yoast.com\/product\/yoast-seo-premium-wordpress\/ -->\n<title>Stylo \u00e0 billes - Cadeau pour femmes - Noir Auburn Rose - Par 3 pi\u00e8ces - Jootjes Haakcadeautjes<\/title>\n<meta name=\"description\" content=\"Stylo \u00e0 billes de couleur noir auburn rose, pouvant \u00eatre rang\u00e9 et parfait comme cadeau pour les enseignants ou pour la fin de l&#039;ann\u00e9e scolaire. Disponible directement aupr\u00e8s de notre grossiste.\" \/>\n<meta name=\"robots\" content=\"index, follow, max-snippet:-1, max-image-preview:large, max-video-preview:-1\" \/>\n<link rel=\"canonical\" href=\"https:\/\/www.jootjeshaakcadeautjes.nl\/fr\/produit\/perles-cadeaux-pen-noir-auburn-rose-pieces\/\" \/>\n<meta property=\"og:locale\" content=\"fr_FR\" \/>\n<meta property=\"og:type\" content=\"article\" \/>\n<meta property=\"og:title\" content=\"Stylo \u00e0 billes - Cadeau pour femmes - Noir Auburn Rose - Par 3 pi\u00e8ces\" \/>\n<meta property=\"og:description\" content=\"Stylo \u00e0 billes de couleur noir auburn rose, pouvant \u00eatre rang\u00e9 et parfait comme cadeau pour les enseignants ou pour la fin de l&#039;ann\u00e9e scolaire. Disponible directement aupr\u00e8s de notre grossiste.\" \/>\n<meta property=\"og:url\" content=\"https:\/\/www.jootjeshaakcadeautjes.nl\/fr\/produit\/perles-cadeaux-pen-noir-auburn-rose-pieces\/\" \/>\n<meta property=\"og:site_name\" content=\"Jootjes Haakcadeautjes\" \/>\n<meta property=\"article:modified_time\" content=\"2025-03-11T03:56:16+00:00\" \/>\n<meta property=\"og:image\" content=\"https:\/\/www.jootjeshaakcadeautjes.nl\/wp-content\/uploads\/2024\/03\/Naamloos-51.jpg\" \/>\n\t<meta property=\"og:image:width\" content=\"2048\" \/>\n\t<meta property=\"og:image:height\" content=\"2048\" \/>\n\t<meta property=\"og:image:type\" content=\"image\/jpeg\" \/>\n<meta name=\"twitter:card\" content=\"summary_large_image\" \/>\n<meta name=\"twitter:label1\" content=\"Prix\" \/>\n\t<meta name=\"twitter:data1\" content=\"&euro;2.50 TTC\" \/>\n\t<meta name=\"twitter:label2\" content=\"Disponibilit\u00e9\" \/>\n\t<meta name=\"twitter:data2\" content=\"En stock\" \/>\n<script type=\"application\/ld+json\" class=\"yoast-schema-graph\">{\"@context\":\"https:\\\/\\\/schema.org\",\"@graph\":[{\"@type\":\"WebPage\",\"@id\":\"https:\\\/\\\/www.jootjeshaakcadeautjes.nl\\\/fr\\\/produit\\\/perles-cadeaux-pen-noir-auburn-rose-pieces\\\/\",\"url\":\"https:\\\/\\\/www.jootjeshaakcadeautjes.nl\\\/fr\\\/produit\\\/perles-cadeaux-pen-noir-auburn-rose-pieces\\\/\",\"name\":\"Stylo \u00e0 billes - Cadeau pour femmes - Noir Auburn Rose - Par 3 pi\u00e8ces - Jootjes Haakcadeautjes\",\"isPartOf\":{\"@id\":\"https:\\\/\\\/www.jootjeshaakcadeautjes.nl\\\/fr\\\/#website\"},\"primaryImageOfPage\":{\"@id\":\"https:\\\/\\\/www.jootjeshaakcadeautjes.nl\\\/fr\\\/produit\\\/perles-cadeaux-pen-noir-auburn-rose-pieces\\\/#primaryimage\"},\"image\":{\"@id\":\"https:\\\/\\\/www.jootjeshaakcadeautjes.nl\\\/fr\\\/produit\\\/perles-cadeaux-pen-noir-auburn-rose-pieces\\\/#primaryimage\"},\"thumbnailUrl\":\"https:\\\/\\\/d1dyryakdmle7o.cloudfront.net\\\/wp-content\\\/uploads\\\/2024\\\/03\\\/Naamloos-51.jpg\",\"datePublished\":\"2023-12-12T14:50:11+00:00\",\"dateModified\":\"2025-03-11T03:56:16+00:00\",\"description\":\"Stylo \u00e0 billes de couleur noir auburn rose, pouvant \u00eatre rang\u00e9 et parfait comme cadeau pour les enseignants ou pour la fin de l'ann\u00e9e scolaire. Disponible directement aupr\u00e8s de notre grossiste.\",\"breadcrumb\":{\"@id\":\"https:\\\/\\\/www.jootjeshaakcadeautjes.nl\\\/fr\\\/produit\\\/perles-cadeaux-pen-noir-auburn-rose-pieces\\\/#breadcrumb\"},\"inLanguage\":\"fr-FR\",\"potentialAction\":[{\"@type\":\"ReadAction\",\"target\":[\"https:\\\/\\\/www.jootjeshaakcadeautjes.nl\\\/fr\\\/produit\\\/perles-cadeaux-pen-noir-auburn-rose-pieces\\\/\"]}]},{\"@type\":\"ImageObject\",\"inLanguage\":\"fr-FR\",\"@id\":\"https:\\\/\\\/www.jootjeshaakcadeautjes.nl\\\/fr\\\/produit\\\/perles-cadeaux-pen-noir-auburn-rose-pieces\\\/#primaryimage\",\"url\":\"https:\\\/\\\/d1dyryakdmle7o.cloudfront.net\\\/wp-content\\\/uploads\\\/2024\\\/03\\\/Naamloos-51.jpg\",\"contentUrl\":\"https:\\\/\\\/d1dyryakdmle7o.cloudfront.net\\\/wp-content\\\/uploads\\\/2024\\\/03\\\/Naamloos-51.jpg\",\"width\":2048,\"height\":2048},{\"@type\":\"BreadcrumbList\",\"@id\":\"https:\\\/\\\/www.jootjeshaakcadeautjes.nl\\\/fr\\\/produit\\\/perles-cadeaux-pen-noir-auburn-rose-pieces\\\/#breadcrumb\",\"itemListElement\":[{\"@type\":\"ListItem\",\"position\":1,\"name\":\"Accueil\",\"item\":\"https:\\\/\\\/www.jootjeshaakcadeautjes.nl\\\/fr\\\/\"},{\"@type\":\"ListItem\",\"position\":2,\"name\":\"Commerce de gros de perles en silicone &#8211; Entreprises et consommateurs\",\"item\":\"https:\\\/\\\/www.jootjeshaakcadeautjes.nl\\\/fr\\\/boutique\\\/\"},{\"@type\":\"ListItem\",\"position\":3,\"name\":\"Stylo \u00e0 billes &#8211; Cadeau pour femmes &#8211; Noir Auburn Rose &#8211; Par 3 pi\u00e8ces\"}]},{\"@type\":\"WebSite\",\"@id\":\"https:\\\/\\\/www.jootjeshaakcadeautjes.nl\\\/fr\\\/#website\",\"url\":\"https:\\\/\\\/www.jootjeshaakcadeautjes.nl\\\/fr\\\/\",\"name\":\"Jootjes Haakcadeautjes\",\"description\":\"Grossiste en perles de silicone\",\"publisher\":{\"@id\":\"https:\\\/\\\/www.jootjeshaakcadeautjes.nl\\\/fr\\\/#organization\"},\"potentialAction\":[{\"@type\":\"SearchAction\",\"target\":{\"@type\":\"EntryPoint\",\"urlTemplate\":\"https:\\\/\\\/www.jootjeshaakcadeautjes.nl\\\/fr\\\/?s={search_term_string}\"},\"query-input\":{\"@type\":\"PropertyValueSpecification\",\"valueRequired\":true,\"valueName\":\"search_term_string\"}}],\"inLanguage\":\"fr-FR\"},{\"@type\":\"Organization\",\"@id\":\"https:\\\/\\\/www.jootjeshaakcadeautjes.nl\\\/fr\\\/#organization\",\"name\":\"Jootjes Haakcadeautjes\",\"url\":\"https:\\\/\\\/www.jootjeshaakcadeautjes.nl\\\/fr\\\/\",\"logo\":{\"@type\":\"ImageObject\",\"inLanguage\":\"fr-FR\",\"@id\":\"https:\\\/\\\/www.jootjeshaakcadeautjes.nl\\\/fr\\\/#\\\/schema\\\/logo\\\/image\\\/\",\"url\":\"https:\\\/\\\/d1dyryakdmle7o.cloudfront.net\\\/wp-content\\\/uploads\\\/2023\\\/05\\\/Logo-rond.png\",\"contentUrl\":\"https:\\\/\\\/d1dyryakdmle7o.cloudfront.net\\\/wp-content\\\/uploads\\\/2023\\\/05\\\/Logo-rond.png\",\"width\":1222,\"height\":1222,\"caption\":\"Jootjes Haakcadeautjes\"},\"image\":{\"@id\":\"https:\\\/\\\/www.jootjeshaakcadeautjes.nl\\\/fr\\\/#\\\/schema\\\/logo\\\/image\\\/\"}}]}<\/script>\n<meta property=\"product:price:amount\" content=\"2.50\" \/>\n<meta property=\"product:price:currency\" content=\"EUR\" \/>\n<meta property=\"og:availability\" content=\"instock\" \/>\n<meta property=\"product:availability\" content=\"instock\" \/>\n<meta property=\"product:retailer_item_id\" content=\"KRA-PEN-ZAR\" \/>\n<meta property=\"product:condition\" content=\"new\" \/>\n<!-- \/ Yoast SEO Premium plugin. -->","yoast_head_json":{"title":"Stylo \u00e0 billes - Cadeau pour femmes - Noir Auburn Rose - Par 3 pi\u00e8ces - Jootjes Haakcadeautjes","description":"Stylo \u00e0 billes de couleur noir auburn rose, pouvant \u00eatre rang\u00e9 et parfait comme cadeau pour les enseignants ou pour la fin de l'ann\u00e9e scolaire. Disponible directement aupr\u00e8s de notre grossiste.","robots":{"index":"index","follow":"follow","max-snippet":"max-snippet:-1","max-image-preview":"max-image-preview:large","max-video-preview":"max-video-preview:-1"},"canonical":"https:\/\/www.jootjeshaakcadeautjes.nl\/fr\/produit\/perles-cadeaux-pen-noir-auburn-rose-pieces\/","og_locale":"fr_FR","og_type":"article","og_title":"Stylo \u00e0 billes - Cadeau pour femmes - Noir Auburn Rose - Par 3 pi\u00e8ces","og_description":"Stylo \u00e0 billes de couleur noir auburn rose, pouvant \u00eatre rang\u00e9 et parfait comme cadeau pour les enseignants ou pour la fin de l'ann\u00e9e scolaire. Disponible directement aupr\u00e8s de notre grossiste.","og_url":"https:\/\/www.jootjeshaakcadeautjes.nl\/fr\/produit\/perles-cadeaux-pen-noir-auburn-rose-pieces\/","og_site_name":"Jootjes Haakcadeautjes","article_modified_time":"2025-03-11T03:56:16+00:00","og_image":[{"width":2048,"height":2048,"url":"https:\/\/www.jootjeshaakcadeautjes.nl\/wp-content\/uploads\/2024\/03\/Naamloos-51.jpg","type":"image\/jpeg"}],"twitter_card":"summary_large_image","twitter_misc":{"Prix":"&euro;2.50 TTC","Disponibilit\u00e9":"En stock"},"schema":{"@context":"https:\/\/schema.org","@graph":[{"@type":"WebPage","@id":"https:\/\/www.jootjeshaakcadeautjes.nl\/fr\/produit\/perles-cadeaux-pen-noir-auburn-rose-pieces\/","url":"https:\/\/www.jootjeshaakcadeautjes.nl\/fr\/produit\/perles-cadeaux-pen-noir-auburn-rose-pieces\/","name":"Stylo \u00e0 billes - Cadeau pour femmes - Noir Auburn Rose - Par 3 pi\u00e8ces - Jootjes Haakcadeautjes","isPartOf":{"@id":"https:\/\/www.jootjeshaakcadeautjes.nl\/fr\/#website"},"primaryImageOfPage":{"@id":"https:\/\/www.jootjeshaakcadeautjes.nl\/fr\/produit\/perles-cadeaux-pen-noir-auburn-rose-pieces\/#primaryimage"},"image":{"@id":"https:\/\/www.jootjeshaakcadeautjes.nl\/fr\/produit\/perles-cadeaux-pen-noir-auburn-rose-pieces\/#primaryimage"},"thumbnailUrl":"https:\/\/d1dyryakdmle7o.cloudfront.net\/wp-content\/uploads\/2024\/03\/Naamloos-51.jpg","datePublished":"2023-12-12T14:50:11+00:00","dateModified":"2025-03-11T03:56:16+00:00","description":"Stylo \u00e0 billes de couleur noir auburn rose, pouvant \u00eatre rang\u00e9 et parfait comme cadeau pour les enseignants ou pour la fin de l'ann\u00e9e scolaire. Disponible directement aupr\u00e8s de notre grossiste.","breadcrumb":{"@id":"https:\/\/www.jootjeshaakcadeautjes.nl\/fr\/produit\/perles-cadeaux-pen-noir-auburn-rose-pieces\/#breadcrumb"},"inLanguage":"fr-FR","potentialAction":[{"@type":"ReadAction","target":["https:\/\/www.jootjeshaakcadeautjes.nl\/fr\/produit\/perles-cadeaux-pen-noir-auburn-rose-pieces\/"]}]},{"@type":"ImageObject","inLanguage":"fr-FR","@id":"https:\/\/www.jootjeshaakcadeautjes.nl\/fr\/produit\/perles-cadeaux-pen-noir-auburn-rose-pieces\/#primaryimage","url":"https:\/\/d1dyryakdmle7o.cloudfront.net\/wp-content\/uploads\/2024\/03\/Naamloos-51.jpg","contentUrl":"https:\/\/d1dyryakdmle7o.cloudfront.net\/wp-content\/uploads\/2024\/03\/Naamloos-51.jpg","width":2048,"height":2048},{"@type":"BreadcrumbList","@id":"https:\/\/www.jootjeshaakcadeautjes.nl\/fr\/produit\/perles-cadeaux-pen-noir-auburn-rose-pieces\/#breadcrumb","itemListElement":[{"@type":"ListItem","position":1,"name":"Accueil","item":"https:\/\/www.jootjeshaakcadeautjes.nl\/fr\/"},{"@type":"ListItem","position":2,"name":"Commerce de gros de perles en silicone &#8211; Entreprises et consommateurs","item":"https:\/\/www.jootjeshaakcadeautjes.nl\/fr\/boutique\/"},{"@type":"ListItem","position":3,"name":"Stylo \u00e0 billes &#8211; Cadeau pour femmes &#8211; Noir Auburn Rose &#8211; Par 3 pi\u00e8ces"}]},{"@type":"WebSite","@id":"https:\/\/www.jootjeshaakcadeautjes.nl\/fr\/#website","url":"https:\/\/www.jootjeshaakcadeautjes.nl\/fr\/","name":"Jootjes Haakcadeautjes","description":"Grossiste en perles de silicone","publisher":{"@id":"https:\/\/www.jootjeshaakcadeautjes.nl\/fr\/#organization"},"potentialAction":[{"@type":"SearchAction","target":{"@type":"EntryPoint","urlTemplate":"https:\/\/www.jootjeshaakcadeautjes.nl\/fr\/?s={search_term_string}"},"query-input":{"@type":"PropertyValueSpecification","valueRequired":true,"valueName":"search_term_string"}}],"inLanguage":"fr-FR"},{"@type":"Organization","@id":"https:\/\/www.jootjeshaakcadeautjes.nl\/fr\/#organization","name":"Jootjes Haakcadeautjes","url":"https:\/\/www.jootjeshaakcadeautjes.nl\/fr\/","logo":{"@type":"ImageObject","inLanguage":"fr-FR","@id":"https:\/\/www.jootjeshaakcadeautjes.nl\/fr\/#\/schema\/logo\/image\/","url":"https:\/\/d1dyryakdmle7o.cloudfront.net\/wp-content\/uploads\/2023\/05\/Logo-rond.png","contentUrl":"https:\/\/d1dyryakdmle7o.cloudfront.net\/wp-content\/uploads\/2023\/05\/Logo-rond.png","width":1222,"height":1222,"caption":"Jootjes Haakcadeautjes"},"image":{"@id":"https:\/\/www.jootjeshaakcadeautjes.nl\/fr\/#\/schema\/logo\/image\/"}}]},"product_price_amount":"2.50","product_price_currency":"EUR","og_availability":"instock","product_availability":"instock","product_retailer_item_id":"KRA-PEN-ZAR","product_condition":"new"},"_links":{"self":[{"href":"https:\/\/www.jootjeshaakcadeautjes.nl\/fr\/wp-json\/wp\/v2\/product\/113085","targetHints":{"allow":["GET"]}}],"collection":[{"href":"https:\/\/www.jootjeshaakcadeautjes.nl\/fr\/wp-json\/wp\/v2\/product"}],"about":[{"href":"https:\/\/www.jootjeshaakcadeautjes.nl\/fr\/wp-json\/wp\/v2\/types\/product"}],"version-history":[{"count":0,"href":"https:\/\/www.jootjeshaakcadeautjes.nl\/fr\/wp-json\/wp\/v2\/product\/113085\/revisions"}],"wp:featuredmedia":[{"embeddable":true,"href":"https:\/\/www.jootjeshaakcadeautjes.nl\/fr\/wp-json\/wp\/v2\/media\/142788"}],"wp:attachment":[{"href":"https:\/\/www.jootjeshaakcadeautjes.nl\/fr\/wp-json\/wp\/v2\/media?parent=113085"}],"wp:term":[{"taxonomy":"product_brand","embeddable":true,"href":"https:\/\/www.jootjeshaakcadeautjes.nl\/fr\/wp-json\/wp\/v2\/product_brand?post=113085"},{"taxonomy":"product_cat","embeddable":true,"href":"https:\/\/www.jootjeshaakcadeautjes.nl\/fr\/wp-json\/wp\/v2\/product_cat?post=113085"},{"taxonomy":"product_tag","embeddable":true,"href":"https:\/\/www.jootjeshaakcadeautjes.nl\/fr\/wp-json\/wp\/v2\/product_tag?post=113085"}],"curies":[{"name":"wp","href":"https:\/\/api.w.org\/{rel}","templated":true}]}}