{"id":124005,"date":"2024-02-11T15:48:39","date_gmt":"2024-02-11T13:48:39","guid":{"rendered":"https:\/\/www.jootjeshaakcadeautjes.nl\/product\/perles-de-silicone-hexagone-17-mm-aloe\/"},"modified":"2025-08-15T10:52:06","modified_gmt":"2025-08-15T08:52:06","slug":"perles-de-silicone-hexagone-17-mm-aloe","status":"publish","type":"product","link":"https:\/\/www.jootjeshaakcadeautjes.nl\/fr\/produit\/perles-de-silicone-hexagone-17-mm-aloe\/","title":{"rendered":"Perles en silicone &#8211; Hexagone &#8211; 17 mm &#8211; Aloe"},"content":{"rendered":"<h1>Perles en silicone &#8211; Hexagone &#8211; Aloe &#8211; 17 mm<\/h1>\n<h3>Sp\u00e9cifications :<\/h3>\n<ul>\n<li>Taille : 17 mm<\/li>\n<li>Forme : Hexagone<\/li>\n<li>Couleur : Aloe<\/li>\n<\/ul>\n<h2>Perles hexagonales en silicone de 17 mm &#8211; s\u00fbres et durables<\/h2>\n<p><em>Perles de silicone s\u00fbres et durables pour diverses applications<\/em><\/p>\n<p>Nos perles hexagonales en silicone de 17 mm sont le choix id\u00e9al pour les b\u00e9b\u00e9s et les enfants plus \u00e2g\u00e9s qui ressentent le besoin de m\u00e2cher quelque chose. Ces perles, \u00e0 la fois souples et robustes, conviennent aux produits finis certifi\u00e9s CE. La forme hexagonale unique des perles permet de bien masser les gencives. La forme angulaire permet \u00e0 la perle de se glisser facilement entre les dents et les molaires, ce qui les rend id\u00e9ales pour soulager la douleur lors des pouss\u00e9es dentaires.<\/p>\n<p>Ces perles en silicone hexagonales de 17 mm se combinent parfaitement avec le reste de notre gamme de <a href=\"https:\/\/www.jootjeshaakcadeautjes.nl\/fr\/product-categorie\/fabrication-de-jouets-de-dentition-pour-bebe-cordon-de-sucette-et-anneaux-de-dentition\/perles-en-silicone-sans-bpa-grossiste\/\">perles en silicone<\/a> et de <a href=\"https:\/\/www.jootjeshaakcadeautjes.nl\/fr\/product-categorie\/fabrication-de-jouets-de-dentition-pour-bebe-cordon-de-sucette-et-anneaux-de-dentition\/perles-en-bois-fil-de-sucette-et-anneau-de-dentition-toutes-les-perles-en-bois\/\">perles en bois<\/a>.<\/p>\n<p>Vous trouverez ici notre gamme de perles en silicone : <a href=\"https:\/\/www.jootjeshaakcadeautjes.nl\/fr\/product-categorie\/fabrication-de-jouets-de-dentition-pour-bebe-cordon-de-sucette-et-anneaux-de-dentition\/perles-en-silicone-sans-bpa-grossiste\/\">Perles en silicone<\/a><br \/>\nNotre gamme de perles en bois se trouve ici : <a href=\"https:\/\/www.jootjeshaakcadeautjes.nl\/fr\/product-categorie\/fabrication-de-jouets-de-dentition-pour-bebe-cordon-de-sucette-et-anneaux-de-dentition\/perles-en-bois-fil-de-sucette-et-anneau-de-dentition-toutes-les-perles-en-bois\/\">Perles en bois<\/a><br \/>\nNotre gamme de perles en bois grav\u00e9es se trouve ici : <a href=\"https:\/\/www.jootjeshaakcadeautjes.nl\/fr\/product-categorie\/gravure-au-laser-produits-cadeaux\/perles-en-bois-gravees-pour-cordon-de-sucette-et-anneau-de-dentition\/\">Perles en bois grav\u00e9es<\/a><\/p>\n<h3>Facile \u00e0 nettoyer et \u00e0 refroidir<\/h3>\n<p>Nos perles en silicone sont faciles \u00e0 entretenir. Ils peuvent \u00eatre plac\u00e9s dans le lave-vaisselle (dans le tiroir sup\u00e9rieur) pour un nettoyage complet, mais cela n&#8217;est n\u00e9cessaire qu&#8217;en cas de salissures importantes. Pour un usage quotidien, un l\u00e9ger moussage suffit. Veillez \u00e0 ce que les perles soient compl\u00e8tement s\u00e8ches avant de les donner \u00e0 votre enfant. De plus, vous pouvez refroidir les perles de silicone au r\u00e9frig\u00e9rateur, ce qui soulage les pouss\u00e9es dentaires.<\/p>\n<h3>La s\u00e9curit\u00e9 avant tout<\/h3>\n<p>La s\u00e9curit\u00e9 est notre priorit\u00e9. Veillez toujours \u00e0 ce que les perles de silicone soient solidement fix\u00e9es et v\u00e9rifiez r\u00e9guli\u00e8rement que vos cr\u00e9ations ne s&#8217;usent pas. Il est important de se rappeler que vous \u00eates responsable des produits que vous fabriquez. Jootjes Haakcadeautjes ne peut \u00eatre tenu responsable de tout dommage ou desserrement d\u00fb \u00e0 l&#8217;usure. Par cons\u00e9quent, nous recommandons que les jouets de dentition faits \u00e0 la main ne soient utilis\u00e9s que sous la surveillance d&#8217;un adulte afin de minimiser les risques.<\/p>\n<h3>D\u00e9couvrez la polyvalence et la s\u00e9curit\u00e9 de nos perles hexagonales en silicone<\/h3>\n<p>D\u00e9couvrez d\u00e8s maintenant les possibilit\u00e9s illimit\u00e9es de nos perles hexagonales en silicone et cr\u00e9ez en toute confiance les pi\u00e8ces artisanales les plus belles et les plus durables. La s\u00e9curit\u00e9, la durabilit\u00e9 et la polyvalence sont r\u00e9unies dans nos perles de haute qualit\u00e9, parfaites pour diverses applications. Que vous fabriquiez des anneaux de dentition, des sucettes, des cordons de t\u00e9tine ou des porte-cl\u00e9s (sensoriels), ces perles sont indispensables \u00e0 votre collection.<\/p>\n<h3>Qualit\u00e9 et s\u00e9curit\u00e9 de nos perles de silicone<\/h3>\n<p>Toutes nos perles en silicone et en bois sont :<\/p>\n<ul>\n<li>Sans BPA<\/li>\n<li>Sans phtalates ni toxines<\/li>\n<li>Sans PVC<\/li>\n<li>Sans plomb<\/li>\n<li>Adapt\u00e9 chimiquement au produit final certifi\u00e9 CE<\/li>\n<li>Perles de silicone de qualit\u00e9 m\u00e9dicale<\/li>\n<\/ul>\n<p>&nbsp;<\/p>\n<p>&nbsp;<\/p>\n","protected":false},"excerpt":{"rendered":"<p>Couleur : Aloe<\/p>\n<p>&#8211; Type : Perles en silicone, Hexagone<br \/>\n&#8211; Taille : 17 mm<br \/>\n&#8211; Vendu \u00e0 l&#8217;unit\u00e9<br \/>\n&#8211; Exempt de BPA, de phtalates, de plomb, de PVC et de toxines<br \/>\n&#8211; Convient aux produits finis certifi\u00e9s CE<br \/>\n&#8211; Perles de silicone de qualit\u00e9 m\u00e9dicale<br \/>\n&#8211; Frais pour la dentition<br \/>\n&#8211; Lavable au lave-vaisselle<br \/>\n&#8211; Facile \u00e0 nettoyer avec un nettoyant pour le visage ou de l&#8217;eau savonneuse douce<\/p>\n","protected":false},"featured_media":104298,"template":"","meta":[],"product_brand":[],"product_cat":[7378,10281,6992],"product_tag":[10292,10239,10047,7384,7418,10286,7586,7596,7200,7212],"class_list":{"0":"post-124005","1":"product","2":"type-product","3":"status-publish","4":"has-post-thumbnail","6":"product_cat-fabrication-de-jouets-de-dentition-pour-bebe-cordon-de-sucette-et-anneaux-de-dentition","7":"product_cat-perles-en-silicone-hexagone-17-mm","8":"product_cat-perles-en-silicone-sans-bpa-grossiste","9":"product_tag-17-fr","10":"product_tag-17-mm-fr","11":"product_tag-aloes","12":"product_tag-anneau-de-dentition","13":"product_tag-faux-cordon","14":"product_tag-faux-cordon-fr","15":"product_tag-geometrique","16":"product_tag-hexagone","17":"product_tag-perles","18":"product_tag-silicone-fr","20":"first","21":"instock","22":"taxable","23":"shipping-taxable","24":"purchasable","25":"product-type-simple"},"bundled_by":[],"bundle_stock_status":"instock","bundle_stock_quantity":205,"bundle_virtual":false,"bundle_layout":"","bundle_add_to_cart_form_location":"","bundle_editable_in_cart":false,"bundle_sold_individually_context":"","bundle_item_grouping":"","bundle_min_size":"","bundle_max_size":"","bundle_price":[],"bundled_items":[],"bundle_sell_ids":[],"yoast_head":"<!-- This site is optimized with the Yoast SEO Premium plugin v27.6 (Yoast SEO v27.6) - https:\/\/yoast.com\/product\/yoast-seo-premium-wordpress\/ -->\n<title>Perles en silicone - 17 mm Hexagone - Aloe - Jootjes<\/title>\n<meta name=\"description\" content=\"Les perles de silicone hexagonales de couleur noire de 17 mm de diam\u00e8tre sont 100 % exemptes de BPA, de plomb, de toxines, de phtalates et de PVC et portent le marquage CE.\" \/>\n<meta name=\"robots\" content=\"index, follow, max-snippet:-1, max-image-preview:large, max-video-preview:-1\" \/>\n<link rel=\"canonical\" href=\"https:\/\/www.jootjeshaakcadeautjes.nl\/fr\/produit\/perles-de-silicone-hexagone-17-mm-aloe\/\" \/>\n<meta property=\"og:locale\" content=\"fr_FR\" \/>\n<meta property=\"og:type\" content=\"article\" \/>\n<meta property=\"og:title\" content=\"Perles en silicone - Hexagone - 17 mm - Aloe\" \/>\n<meta property=\"og:description\" content=\"Les perles de silicone hexagonales de couleur noire de 17 mm de diam\u00e8tre sont 100 % exemptes de BPA, de plomb, de toxines, de phtalates et de PVC et portent le marquage CE.\" \/>\n<meta property=\"og:url\" content=\"https:\/\/www.jootjeshaakcadeautjes.nl\/fr\/produit\/perles-de-silicone-hexagone-17-mm-aloe\/\" \/>\n<meta property=\"og:site_name\" content=\"Jootjes Haakcadeautjes\" \/>\n<meta property=\"article:modified_time\" content=\"2025-08-15T08:52:06+00:00\" \/>\n<meta property=\"og:image\" content=\"https:\/\/www.jootjeshaakcadeautjes.nl\/wp-content\/uploads\/2023\/11\/20231103_115029.jpg\" \/>\n\t<meta property=\"og:image:width\" content=\"2048\" \/>\n\t<meta property=\"og:image:height\" content=\"2048\" \/>\n\t<meta property=\"og:image:type\" content=\"image\/jpeg\" \/>\n<meta name=\"twitter:card\" content=\"summary_large_image\" \/>\n<meta name=\"twitter:label1\" content=\"Prix\" \/>\n\t<meta name=\"twitter:data1\" content=\"&euro;0.45 TTC\" \/>\n\t<meta name=\"twitter:label2\" content=\"Disponibilit\u00e9\" \/>\n\t<meta name=\"twitter:data2\" content=\"En stock\" \/>\n<script type=\"application\/ld+json\" class=\"yoast-schema-graph\">{\"@context\":\"https:\\\/\\\/schema.org\",\"@graph\":[{\"@type\":\"WebPage\",\"@id\":\"https:\\\/\\\/www.jootjeshaakcadeautjes.nl\\\/fr\\\/produit\\\/perles-de-silicone-hexagone-17-mm-aloe\\\/\",\"url\":\"https:\\\/\\\/www.jootjeshaakcadeautjes.nl\\\/fr\\\/produit\\\/perles-de-silicone-hexagone-17-mm-aloe\\\/\",\"name\":\"Perles en silicone - 17 mm Hexagone - Aloe - Jootjes\",\"isPartOf\":{\"@id\":\"https:\\\/\\\/www.jootjeshaakcadeautjes.nl\\\/fr\\\/#website\"},\"primaryImageOfPage\":{\"@id\":\"https:\\\/\\\/www.jootjeshaakcadeautjes.nl\\\/fr\\\/produit\\\/perles-de-silicone-hexagone-17-mm-aloe\\\/#primaryimage\"},\"image\":{\"@id\":\"https:\\\/\\\/www.jootjeshaakcadeautjes.nl\\\/fr\\\/produit\\\/perles-de-silicone-hexagone-17-mm-aloe\\\/#primaryimage\"},\"thumbnailUrl\":\"https:\\\/\\\/d1dyryakdmle7o.cloudfront.net\\\/wp-content\\\/uploads\\\/2023\\\/11\\\/20231103_115029.jpg\",\"datePublished\":\"2024-02-11T13:48:39+00:00\",\"dateModified\":\"2025-08-15T08:52:06+00:00\",\"description\":\"Les perles de silicone hexagonales de couleur noire de 17 mm de diam\u00e8tre sont 100 % exemptes de BPA, de plomb, de toxines, de phtalates et de PVC et portent le marquage CE.\",\"breadcrumb\":{\"@id\":\"https:\\\/\\\/www.jootjeshaakcadeautjes.nl\\\/fr\\\/produit\\\/perles-de-silicone-hexagone-17-mm-aloe\\\/#breadcrumb\"},\"inLanguage\":\"fr-FR\",\"potentialAction\":[{\"@type\":\"ReadAction\",\"target\":[\"https:\\\/\\\/www.jootjeshaakcadeautjes.nl\\\/fr\\\/produit\\\/perles-de-silicone-hexagone-17-mm-aloe\\\/\"]}]},{\"@type\":\"ImageObject\",\"inLanguage\":\"fr-FR\",\"@id\":\"https:\\\/\\\/www.jootjeshaakcadeautjes.nl\\\/fr\\\/produit\\\/perles-de-silicone-hexagone-17-mm-aloe\\\/#primaryimage\",\"url\":\"https:\\\/\\\/d1dyryakdmle7o.cloudfront.net\\\/wp-content\\\/uploads\\\/2023\\\/11\\\/20231103_115029.jpg\",\"contentUrl\":\"https:\\\/\\\/d1dyryakdmle7o.cloudfront.net\\\/wp-content\\\/uploads\\\/2023\\\/11\\\/20231103_115029.jpg\",\"width\":2048,\"height\":2048,\"caption\":\"Alo\u00e8s\"},{\"@type\":\"BreadcrumbList\",\"@id\":\"https:\\\/\\\/www.jootjeshaakcadeautjes.nl\\\/fr\\\/produit\\\/perles-de-silicone-hexagone-17-mm-aloe\\\/#breadcrumb\",\"itemListElement\":[{\"@type\":\"ListItem\",\"position\":1,\"name\":\"Accueil\",\"item\":\"https:\\\/\\\/www.jootjeshaakcadeautjes.nl\\\/fr\\\/\"},{\"@type\":\"ListItem\",\"position\":2,\"name\":\"Commerce de gros de perles en silicone &#8211; Entreprises et consommateurs\",\"item\":\"https:\\\/\\\/www.jootjeshaakcadeautjes.nl\\\/fr\\\/boutique\\\/\"},{\"@type\":\"ListItem\",\"position\":3,\"name\":\"Perles en silicone &#8211; Hexagone &#8211; 17 mm &#8211; Aloe\"}]},{\"@type\":\"WebSite\",\"@id\":\"https:\\\/\\\/www.jootjeshaakcadeautjes.nl\\\/fr\\\/#website\",\"url\":\"https:\\\/\\\/www.jootjeshaakcadeautjes.nl\\\/fr\\\/\",\"name\":\"Jootjes Haakcadeautjes\",\"description\":\"Grossiste en perles de silicone\",\"publisher\":{\"@id\":\"https:\\\/\\\/www.jootjeshaakcadeautjes.nl\\\/fr\\\/#organization\"},\"potentialAction\":[{\"@type\":\"SearchAction\",\"target\":{\"@type\":\"EntryPoint\",\"urlTemplate\":\"https:\\\/\\\/www.jootjeshaakcadeautjes.nl\\\/fr\\\/?s={search_term_string}\"},\"query-input\":{\"@type\":\"PropertyValueSpecification\",\"valueRequired\":true,\"valueName\":\"search_term_string\"}}],\"inLanguage\":\"fr-FR\"},{\"@type\":\"Organization\",\"@id\":\"https:\\\/\\\/www.jootjeshaakcadeautjes.nl\\\/fr\\\/#organization\",\"name\":\"Jootjes Haakcadeautjes\",\"url\":\"https:\\\/\\\/www.jootjeshaakcadeautjes.nl\\\/fr\\\/\",\"logo\":{\"@type\":\"ImageObject\",\"inLanguage\":\"fr-FR\",\"@id\":\"https:\\\/\\\/www.jootjeshaakcadeautjes.nl\\\/fr\\\/#\\\/schema\\\/logo\\\/image\\\/\",\"url\":\"https:\\\/\\\/d1dyryakdmle7o.cloudfront.net\\\/wp-content\\\/uploads\\\/2023\\\/05\\\/Logo-rond.png\",\"contentUrl\":\"https:\\\/\\\/d1dyryakdmle7o.cloudfront.net\\\/wp-content\\\/uploads\\\/2023\\\/05\\\/Logo-rond.png\",\"width\":1222,\"height\":1222,\"caption\":\"Jootjes Haakcadeautjes\"},\"image\":{\"@id\":\"https:\\\/\\\/www.jootjeshaakcadeautjes.nl\\\/fr\\\/#\\\/schema\\\/logo\\\/image\\\/\"}}]}<\/script>\n<meta property=\"product:price:amount\" content=\"0.45\" \/>\n<meta property=\"product:price:currency\" content=\"EUR\" \/>\n<meta property=\"og:availability\" content=\"instock\" \/>\n<meta property=\"product:availability\" content=\"instock\" \/>\n<meta property=\"product:retailer_item_id\" content=\"SKR-HEX-ALO\" \/>\n<meta property=\"product:condition\" content=\"new\" \/>\n<!-- \/ Yoast SEO Premium plugin. -->","yoast_head_json":{"title":"Perles en silicone - 17 mm Hexagone - Aloe - Jootjes","description":"Les perles de silicone hexagonales de couleur noire de 17 mm de diam\u00e8tre sont 100 % exemptes de BPA, de plomb, de toxines, de phtalates et de PVC et portent le marquage CE.","robots":{"index":"index","follow":"follow","max-snippet":"max-snippet:-1","max-image-preview":"max-image-preview:large","max-video-preview":"max-video-preview:-1"},"canonical":"https:\/\/www.jootjeshaakcadeautjes.nl\/fr\/produit\/perles-de-silicone-hexagone-17-mm-aloe\/","og_locale":"fr_FR","og_type":"article","og_title":"Perles en silicone - Hexagone - 17 mm - Aloe","og_description":"Les perles de silicone hexagonales de couleur noire de 17 mm de diam\u00e8tre sont 100 % exemptes de BPA, de plomb, de toxines, de phtalates et de PVC et portent le marquage CE.","og_url":"https:\/\/www.jootjeshaakcadeautjes.nl\/fr\/produit\/perles-de-silicone-hexagone-17-mm-aloe\/","og_site_name":"Jootjes Haakcadeautjes","article_modified_time":"2025-08-15T08:52:06+00:00","og_image":[{"width":2048,"height":2048,"url":"https:\/\/www.jootjeshaakcadeautjes.nl\/wp-content\/uploads\/2023\/11\/20231103_115029.jpg","type":"image\/jpeg"}],"twitter_card":"summary_large_image","twitter_misc":{"Prix":"&euro;0.45 TTC","Disponibilit\u00e9":"En stock"},"schema":{"@context":"https:\/\/schema.org","@graph":[{"@type":"WebPage","@id":"https:\/\/www.jootjeshaakcadeautjes.nl\/fr\/produit\/perles-de-silicone-hexagone-17-mm-aloe\/","url":"https:\/\/www.jootjeshaakcadeautjes.nl\/fr\/produit\/perles-de-silicone-hexagone-17-mm-aloe\/","name":"Perles en silicone - 17 mm Hexagone - Aloe - Jootjes","isPartOf":{"@id":"https:\/\/www.jootjeshaakcadeautjes.nl\/fr\/#website"},"primaryImageOfPage":{"@id":"https:\/\/www.jootjeshaakcadeautjes.nl\/fr\/produit\/perles-de-silicone-hexagone-17-mm-aloe\/#primaryimage"},"image":{"@id":"https:\/\/www.jootjeshaakcadeautjes.nl\/fr\/produit\/perles-de-silicone-hexagone-17-mm-aloe\/#primaryimage"},"thumbnailUrl":"https:\/\/d1dyryakdmle7o.cloudfront.net\/wp-content\/uploads\/2023\/11\/20231103_115029.jpg","datePublished":"2024-02-11T13:48:39+00:00","dateModified":"2025-08-15T08:52:06+00:00","description":"Les perles de silicone hexagonales de couleur noire de 17 mm de diam\u00e8tre sont 100 % exemptes de BPA, de plomb, de toxines, de phtalates et de PVC et portent le marquage CE.","breadcrumb":{"@id":"https:\/\/www.jootjeshaakcadeautjes.nl\/fr\/produit\/perles-de-silicone-hexagone-17-mm-aloe\/#breadcrumb"},"inLanguage":"fr-FR","potentialAction":[{"@type":"ReadAction","target":["https:\/\/www.jootjeshaakcadeautjes.nl\/fr\/produit\/perles-de-silicone-hexagone-17-mm-aloe\/"]}]},{"@type":"ImageObject","inLanguage":"fr-FR","@id":"https:\/\/www.jootjeshaakcadeautjes.nl\/fr\/produit\/perles-de-silicone-hexagone-17-mm-aloe\/#primaryimage","url":"https:\/\/d1dyryakdmle7o.cloudfront.net\/wp-content\/uploads\/2023\/11\/20231103_115029.jpg","contentUrl":"https:\/\/d1dyryakdmle7o.cloudfront.net\/wp-content\/uploads\/2023\/11\/20231103_115029.jpg","width":2048,"height":2048,"caption":"Alo\u00e8s"},{"@type":"BreadcrumbList","@id":"https:\/\/www.jootjeshaakcadeautjes.nl\/fr\/produit\/perles-de-silicone-hexagone-17-mm-aloe\/#breadcrumb","itemListElement":[{"@type":"ListItem","position":1,"name":"Accueil","item":"https:\/\/www.jootjeshaakcadeautjes.nl\/fr\/"},{"@type":"ListItem","position":2,"name":"Commerce de gros de perles en silicone &#8211; Entreprises et consommateurs","item":"https:\/\/www.jootjeshaakcadeautjes.nl\/fr\/boutique\/"},{"@type":"ListItem","position":3,"name":"Perles en silicone &#8211; Hexagone &#8211; 17 mm &#8211; Aloe"}]},{"@type":"WebSite","@id":"https:\/\/www.jootjeshaakcadeautjes.nl\/fr\/#website","url":"https:\/\/www.jootjeshaakcadeautjes.nl\/fr\/","name":"Jootjes Haakcadeautjes","description":"Grossiste en perles de silicone","publisher":{"@id":"https:\/\/www.jootjeshaakcadeautjes.nl\/fr\/#organization"},"potentialAction":[{"@type":"SearchAction","target":{"@type":"EntryPoint","urlTemplate":"https:\/\/www.jootjeshaakcadeautjes.nl\/fr\/?s={search_term_string}"},"query-input":{"@type":"PropertyValueSpecification","valueRequired":true,"valueName":"search_term_string"}}],"inLanguage":"fr-FR"},{"@type":"Organization","@id":"https:\/\/www.jootjeshaakcadeautjes.nl\/fr\/#organization","name":"Jootjes Haakcadeautjes","url":"https:\/\/www.jootjeshaakcadeautjes.nl\/fr\/","logo":{"@type":"ImageObject","inLanguage":"fr-FR","@id":"https:\/\/www.jootjeshaakcadeautjes.nl\/fr\/#\/schema\/logo\/image\/","url":"https:\/\/d1dyryakdmle7o.cloudfront.net\/wp-content\/uploads\/2023\/05\/Logo-rond.png","contentUrl":"https:\/\/d1dyryakdmle7o.cloudfront.net\/wp-content\/uploads\/2023\/05\/Logo-rond.png","width":1222,"height":1222,"caption":"Jootjes Haakcadeautjes"},"image":{"@id":"https:\/\/www.jootjeshaakcadeautjes.nl\/fr\/#\/schema\/logo\/image\/"}}]},"product_price_amount":"0.45","product_price_currency":"EUR","og_availability":"instock","product_availability":"instock","product_retailer_item_id":"SKR-HEX-ALO","product_condition":"new"},"_links":{"self":[{"href":"https:\/\/www.jootjeshaakcadeautjes.nl\/fr\/wp-json\/wp\/v2\/product\/124005","targetHints":{"allow":["GET"]}}],"collection":[{"href":"https:\/\/www.jootjeshaakcadeautjes.nl\/fr\/wp-json\/wp\/v2\/product"}],"about":[{"href":"https:\/\/www.jootjeshaakcadeautjes.nl\/fr\/wp-json\/wp\/v2\/types\/product"}],"version-history":[{"count":0,"href":"https:\/\/www.jootjeshaakcadeautjes.nl\/fr\/wp-json\/wp\/v2\/product\/124005\/revisions"}],"wp:featuredmedia":[{"embeddable":true,"href":"https:\/\/www.jootjeshaakcadeautjes.nl\/fr\/wp-json\/wp\/v2\/media\/104298"}],"wp:attachment":[{"href":"https:\/\/www.jootjeshaakcadeautjes.nl\/fr\/wp-json\/wp\/v2\/media?parent=124005"}],"wp:term":[{"taxonomy":"product_brand","embeddable":true,"href":"https:\/\/www.jootjeshaakcadeautjes.nl\/fr\/wp-json\/wp\/v2\/product_brand?post=124005"},{"taxonomy":"product_cat","embeddable":true,"href":"https:\/\/www.jootjeshaakcadeautjes.nl\/fr\/wp-json\/wp\/v2\/product_cat?post=124005"},{"taxonomy":"product_tag","embeddable":true,"href":"https:\/\/www.jootjeshaakcadeautjes.nl\/fr\/wp-json\/wp\/v2\/product_tag?post=124005"}],"curies":[{"name":"wp","href":"https:\/\/api.w.org\/{rel}","templated":true}]}}