{"id":124107,"date":"2024-02-07T18:48:15","date_gmt":"2024-02-07T17:48:15","guid":{"rendered":"https:\/\/www.jootjeshaakcadeautjes.nl\/product\/paquet-de-50-pieces-en-silicone-peche-nude\/"},"modified":"2025-08-05T17:55:31","modified_gmt":"2025-08-05T15:55:31","slug":"paquet-de-50-pieces-en-silicone-peche-nude","status":"publish","type":"product","link":"https:\/\/www.jootjeshaakcadeautjes.nl\/fr\/produit\/paquet-de-50-pieces-en-silicone-peche-nude\/","title":{"rendered":"Perles en silicone &#8211; Paquet en vrac &#8211; 50 pi\u00e8ces &#8211; 10% de remise &#8211; Peach Nude &#8211; 16 mm"},"content":{"rendered":"<h2>Paquet en vrac &#8211; Perles en silicone &#8211; rondes 16 mm &#8211; Peach Nude &#8211; 50 pi\u00e8ces &#8211; 10% de r\u00e9duction !<\/h2>\n<p>Couleur : Peach Nude<br \/>\nTaille : 16 mm rond<br \/>\nQuantit\u00e9 : 50 pi\u00e8ces &#8211; Emballage en vrac<\/p>\n<p>Nos coureurs en vrac ! Achetez vos perles par 50 pi\u00e8ces\/sachet et b\u00e9n\u00e9ficiez d&#8217;une remise automatique de 10% sur votre achat !<\/p>\n","protected":false},"excerpt":{"rendered":"<p>Couleur : Peach Nude Taille : 16 mm rond Nombre : 50 pi\u00e8ces &#8211; Emballage en vrac<\/p>\n","protected":false},"featured_media":71342,"template":"","meta":[],"product_brand":[],"product_cat":[7378,7192,7185,10220],"product_tag":[7665,7647,10225,10224,7384,7401,10221,10126,7424,7206,7463,10223,7418,7440,7203,7392,10338,7200,10115,7212,10226],"class_list":{"0":"post-124107","1":"product","2":"type-product","3":"status-publish","4":"has-post-thumbnail","6":"product_cat-fabrication-de-jouets-de-dentition-pour-bebe-cordon-de-sucette-et-anneaux-de-dentition","7":"product_cat-gamme-complete","8":"product_cat-nouveaux-produits","9":"product_cat-perles-de-silicone-paquets-en-vrac-acheter-a-bas-prix","10":"product_tag-16-fr","11":"product_tag-16-mm-fr","12":"product_tag-accessoires-fr","13":"product_tag-accessoires-pour-bebes","14":"product_tag-anneau-de-dentition","15":"product_tag-bebe","16":"product_tag-bon-marche","17":"product_tag-bouchon-de-vin","18":"product_tag-bpa-fr","19":"product_tag-bricolage","20":"product_tag-commerce-de-gros","21":"product_tag-crochet-de-wagon","22":"product_tag-faux-cordon","23":"product_tag-gratuit","24":"product_tag-hobby-fr","25":"product_tag-mm-fr","26":"product_tag-peach-nude","27":"product_tag-perles","28":"product_tag-perles-de-silicone","29":"product_tag-silicone-fr","30":"product_tag-tireuse-a-biere","32":"first","33":"instock","34":"sale","35":"taxable","36":"shipping-taxable","37":"purchasable","38":"product-type-simple"},"bundled_by":[],"bundle_stock_status":"instock","bundle_stock_quantity":7,"bundle_virtual":false,"bundle_layout":"","bundle_add_to_cart_form_location":"","bundle_editable_in_cart":false,"bundle_sold_individually_context":"","bundle_item_grouping":"","bundle_min_size":"","bundle_max_size":"","bundle_price":[],"bundled_items":[],"bundle_sell_ids":[],"yoast_head":"<!-- This site is optimized with the Yoast SEO Premium plugin v26.4 (Yoast SEO v26.9) - https:\/\/yoast.com\/product\/yoast-seo-premium-wordpress\/ -->\n<title>Jeu de perles en silicone bon march\u00e9 - Peach Nude 16 mm - 50 pi\u00e8ces<\/title>\n<meta name=\"description\" content=\"Achetez des perles en silicone en gros, de mani\u00e8re fiable et \u00e0 bas prix. Achetez la couleur Peach Nude par lot de 50 et b\u00e9n\u00e9ficiez d&#039;une remise imm\u00e9diate de 10%%.\" \/>\n<meta name=\"robots\" content=\"index, follow, max-snippet:-1, max-image-preview:large, max-video-preview:-1\" \/>\n<link rel=\"canonical\" href=\"https:\/\/www.jootjeshaakcadeautjes.nl\/fr\/produit\/paquet-de-50-pieces-en-silicone-peche-nude\/\" \/>\n<meta property=\"og:locale\" content=\"fr_FR\" \/>\n<meta property=\"og:type\" content=\"article\" \/>\n<meta property=\"og:title\" content=\"Perles en silicone - Paquet en vrac - 50 pi\u00e8ces - 10% de remise - Peach Nude - 16 mm\" \/>\n<meta property=\"og:description\" content=\"Achetez des perles en silicone en gros, de mani\u00e8re fiable et \u00e0 bas prix. Achetez la couleur Peach Nude par lot de 50 et b\u00e9n\u00e9ficiez d&#039;une remise imm\u00e9diate de 10%%.\" \/>\n<meta property=\"og:url\" content=\"https:\/\/www.jootjeshaakcadeautjes.nl\/fr\/produit\/paquet-de-50-pieces-en-silicone-peche-nude\/\" \/>\n<meta property=\"og:site_name\" content=\"Jootjes Haakcadeautjes\" \/>\n<meta property=\"article:modified_time\" content=\"2025-08-05T15:55:31+00:00\" \/>\n<meta property=\"og:image\" content=\"https:\/\/www.jootjeshaakcadeautjes.nl\/wp-content\/uploads\/2020\/08\/Siliconen-kralen-19-mm-bpa-vrij-baby-veilig-speenkoord-perzik-nude.jpg\" \/>\n\t<meta property=\"og:image:width\" content=\"1502\" \/>\n\t<meta property=\"og:image:height\" content=\"1502\" \/>\n\t<meta property=\"og:image:type\" content=\"image\/jpeg\" \/>\n<meta name=\"twitter:card\" content=\"summary_large_image\" \/>\n<meta name=\"twitter:label1\" content=\"Prix\" \/>\n\t<meta name=\"twitter:data1\" content=\"&euro;13.50 TTC\" \/>\n\t<meta name=\"twitter:label2\" content=\"Disponibilit\u00e9\" \/>\n\t<meta name=\"twitter:data2\" content=\"En stock\" \/>\n<script type=\"application\/ld+json\" class=\"yoast-schema-graph\">{\"@context\":\"https:\/\/schema.org\",\"@graph\":[{\"@type\":\"WebPage\",\"@id\":\"https:\/\/www.jootjeshaakcadeautjes.nl\/fr\/produit\/paquet-de-50-pieces-en-silicone-peche-nude\/\",\"url\":\"https:\/\/www.jootjeshaakcadeautjes.nl\/fr\/produit\/paquet-de-50-pieces-en-silicone-peche-nude\/\",\"name\":\"Jeu de perles en silicone bon march\u00e9 - Peach Nude 16 mm - 50 pi\u00e8ces\",\"isPartOf\":{\"@id\":\"https:\/\/www.jootjeshaakcadeautjes.nl\/fr\/#website\"},\"primaryImageOfPage\":{\"@id\":\"https:\/\/www.jootjeshaakcadeautjes.nl\/fr\/produit\/paquet-de-50-pieces-en-silicone-peche-nude\/#primaryimage\"},\"image\":{\"@id\":\"https:\/\/www.jootjeshaakcadeautjes.nl\/fr\/produit\/paquet-de-50-pieces-en-silicone-peche-nude\/#primaryimage\"},\"thumbnailUrl\":\"https:\/\/d1dyryakdmle7o.cloudfront.net\/wp-content\/uploads\/2020\/08\/Siliconen-kralen-19-mm-bpa-vrij-baby-veilig-speenkoord-perzik-nude.jpg\",\"datePublished\":\"2024-02-07T17:48:15+00:00\",\"dateModified\":\"2025-08-05T15:55:31+00:00\",\"description\":\"Achetez des perles en silicone en gros, de mani\u00e8re fiable et \u00e0 bas prix. Achetez la couleur Peach Nude par lot de 50 et b\u00e9n\u00e9ficiez d'une remise imm\u00e9diate de 10%%.\",\"breadcrumb\":{\"@id\":\"https:\/\/www.jootjeshaakcadeautjes.nl\/fr\/produit\/paquet-de-50-pieces-en-silicone-peche-nude\/#breadcrumb\"},\"inLanguage\":\"fr-FR\",\"potentialAction\":[{\"@type\":\"ReadAction\",\"target\":[\"https:\/\/www.jootjeshaakcadeautjes.nl\/fr\/produit\/paquet-de-50-pieces-en-silicone-peche-nude\/\"]}]},{\"@type\":\"ImageObject\",\"inLanguage\":\"fr-FR\",\"@id\":\"https:\/\/www.jootjeshaakcadeautjes.nl\/fr\/produit\/paquet-de-50-pieces-en-silicone-peche-nude\/#primaryimage\",\"url\":\"https:\/\/d1dyryakdmle7o.cloudfront.net\/wp-content\/uploads\/2020\/08\/Siliconen-kralen-19-mm-bpa-vrij-baby-veilig-speenkoord-perzik-nude.jpg\",\"contentUrl\":\"https:\/\/d1dyryakdmle7o.cloudfront.net\/wp-content\/uploads\/2020\/08\/Siliconen-kralen-19-mm-bpa-vrij-baby-veilig-speenkoord-perzik-nude.jpg\",\"width\":1502,\"height\":1502,\"caption\":\"Perles de silicone 19 mm sans bpa cordon de t\u00e9tine sans danger pour b\u00e9b\u00e9 p\u00eache nude\"},{\"@type\":\"BreadcrumbList\",\"@id\":\"https:\/\/www.jootjeshaakcadeautjes.nl\/fr\/produit\/paquet-de-50-pieces-en-silicone-peche-nude\/#breadcrumb\",\"itemListElement\":[{\"@type\":\"ListItem\",\"position\":1,\"name\":\"Accueil\",\"item\":\"https:\/\/www.jootjeshaakcadeautjes.nl\/fr\/\"},{\"@type\":\"ListItem\",\"position\":2,\"name\":\"Commerce de gros de perles en silicone &#8211; Entreprises et consommateurs\",\"item\":\"https:\/\/www.jootjeshaakcadeautjes.nl\/fr\/boutique\/\"},{\"@type\":\"ListItem\",\"position\":3,\"name\":\"Perles en silicone &#8211; Paquet en vrac &#8211; 50 pi\u00e8ces &#8211; 10% de remise &#8211; Peach Nude &#8211; 16 mm\"}]},{\"@type\":\"WebSite\",\"@id\":\"https:\/\/www.jootjeshaakcadeautjes.nl\/fr\/#website\",\"url\":\"https:\/\/www.jootjeshaakcadeautjes.nl\/fr\/\",\"name\":\"Jootjes Haakcadeautjes\",\"description\":\"Grossiste en perles de silicone\",\"publisher\":{\"@id\":\"https:\/\/www.jootjeshaakcadeautjes.nl\/fr\/#organization\"},\"potentialAction\":[{\"@type\":\"SearchAction\",\"target\":{\"@type\":\"EntryPoint\",\"urlTemplate\":\"https:\/\/www.jootjeshaakcadeautjes.nl\/fr\/?s={search_term_string}\"},\"query-input\":{\"@type\":\"PropertyValueSpecification\",\"valueRequired\":true,\"valueName\":\"search_term_string\"}}],\"inLanguage\":\"fr-FR\"},{\"@type\":\"Organization\",\"@id\":\"https:\/\/www.jootjeshaakcadeautjes.nl\/fr\/#organization\",\"name\":\"Jootjes Haakcadeautjes\",\"url\":\"https:\/\/www.jootjeshaakcadeautjes.nl\/fr\/\",\"logo\":{\"@type\":\"ImageObject\",\"inLanguage\":\"fr-FR\",\"@id\":\"https:\/\/www.jootjeshaakcadeautjes.nl\/fr\/#\/schema\/logo\/image\/\",\"url\":\"https:\/\/jootjes-haakcadeautjes-media.s3.amazonaws.com\/wp-content\/uploads\/2023\/05\/Logo-rond.png\",\"contentUrl\":\"https:\/\/jootjes-haakcadeautjes-media.s3.amazonaws.com\/wp-content\/uploads\/2023\/05\/Logo-rond.png\",\"width\":1222,\"height\":1222,\"caption\":\"Jootjes Haakcadeautjes\"},\"image\":{\"@id\":\"https:\/\/www.jootjeshaakcadeautjes.nl\/fr\/#\/schema\/logo\/image\/\"}}]}<\/script>\n<meta property=\"product:price:amount\" content=\"13.50\" \/>\n<meta property=\"product:price:currency\" content=\"EUR\" \/>\n<meta property=\"og:availability\" content=\"instock\" \/>\n<meta property=\"product:availability\" content=\"instock\" \/>\n<meta property=\"product:retailer_item_id\" content=\"BLK-PK16-PEN\" \/>\n<meta property=\"product:condition\" content=\"new\" \/>\n<!-- \/ Yoast SEO Premium plugin. -->","yoast_head_json":{"title":"Jeu de perles en silicone bon march\u00e9 - Peach Nude 16 mm - 50 pi\u00e8ces","description":"Achetez des perles en silicone en gros, de mani\u00e8re fiable et \u00e0 bas prix. Achetez la couleur Peach Nude par lot de 50 et b\u00e9n\u00e9ficiez d'une remise imm\u00e9diate de 10%%.","robots":{"index":"index","follow":"follow","max-snippet":"max-snippet:-1","max-image-preview":"max-image-preview:large","max-video-preview":"max-video-preview:-1"},"canonical":"https:\/\/www.jootjeshaakcadeautjes.nl\/fr\/produit\/paquet-de-50-pieces-en-silicone-peche-nude\/","og_locale":"fr_FR","og_type":"article","og_title":"Perles en silicone - Paquet en vrac - 50 pi\u00e8ces - 10% de remise - Peach Nude - 16 mm","og_description":"Achetez des perles en silicone en gros, de mani\u00e8re fiable et \u00e0 bas prix. Achetez la couleur Peach Nude par lot de 50 et b\u00e9n\u00e9ficiez d'une remise imm\u00e9diate de 10%%.","og_url":"https:\/\/www.jootjeshaakcadeautjes.nl\/fr\/produit\/paquet-de-50-pieces-en-silicone-peche-nude\/","og_site_name":"Jootjes Haakcadeautjes","article_modified_time":"2025-08-05T15:55:31+00:00","og_image":[{"width":1502,"height":1502,"url":"https:\/\/www.jootjeshaakcadeautjes.nl\/wp-content\/uploads\/2020\/08\/Siliconen-kralen-19-mm-bpa-vrij-baby-veilig-speenkoord-perzik-nude.jpg","type":"image\/jpeg"}],"twitter_card":"summary_large_image","twitter_misc":{"Prix":"&euro;13.50 TTC","Disponibilit\u00e9":"En stock"},"schema":{"@context":"https:\/\/schema.org","@graph":[{"@type":"WebPage","@id":"https:\/\/www.jootjeshaakcadeautjes.nl\/fr\/produit\/paquet-de-50-pieces-en-silicone-peche-nude\/","url":"https:\/\/www.jootjeshaakcadeautjes.nl\/fr\/produit\/paquet-de-50-pieces-en-silicone-peche-nude\/","name":"Jeu de perles en silicone bon march\u00e9 - Peach Nude 16 mm - 50 pi\u00e8ces","isPartOf":{"@id":"https:\/\/www.jootjeshaakcadeautjes.nl\/fr\/#website"},"primaryImageOfPage":{"@id":"https:\/\/www.jootjeshaakcadeautjes.nl\/fr\/produit\/paquet-de-50-pieces-en-silicone-peche-nude\/#primaryimage"},"image":{"@id":"https:\/\/www.jootjeshaakcadeautjes.nl\/fr\/produit\/paquet-de-50-pieces-en-silicone-peche-nude\/#primaryimage"},"thumbnailUrl":"https:\/\/d1dyryakdmle7o.cloudfront.net\/wp-content\/uploads\/2020\/08\/Siliconen-kralen-19-mm-bpa-vrij-baby-veilig-speenkoord-perzik-nude.jpg","datePublished":"2024-02-07T17:48:15+00:00","dateModified":"2025-08-05T15:55:31+00:00","description":"Achetez des perles en silicone en gros, de mani\u00e8re fiable et \u00e0 bas prix. Achetez la couleur Peach Nude par lot de 50 et b\u00e9n\u00e9ficiez d'une remise imm\u00e9diate de 10%%.","breadcrumb":{"@id":"https:\/\/www.jootjeshaakcadeautjes.nl\/fr\/produit\/paquet-de-50-pieces-en-silicone-peche-nude\/#breadcrumb"},"inLanguage":"fr-FR","potentialAction":[{"@type":"ReadAction","target":["https:\/\/www.jootjeshaakcadeautjes.nl\/fr\/produit\/paquet-de-50-pieces-en-silicone-peche-nude\/"]}]},{"@type":"ImageObject","inLanguage":"fr-FR","@id":"https:\/\/www.jootjeshaakcadeautjes.nl\/fr\/produit\/paquet-de-50-pieces-en-silicone-peche-nude\/#primaryimage","url":"https:\/\/d1dyryakdmle7o.cloudfront.net\/wp-content\/uploads\/2020\/08\/Siliconen-kralen-19-mm-bpa-vrij-baby-veilig-speenkoord-perzik-nude.jpg","contentUrl":"https:\/\/d1dyryakdmle7o.cloudfront.net\/wp-content\/uploads\/2020\/08\/Siliconen-kralen-19-mm-bpa-vrij-baby-veilig-speenkoord-perzik-nude.jpg","width":1502,"height":1502,"caption":"Perles de silicone 19 mm sans bpa cordon de t\u00e9tine sans danger pour b\u00e9b\u00e9 p\u00eache nude"},{"@type":"BreadcrumbList","@id":"https:\/\/www.jootjeshaakcadeautjes.nl\/fr\/produit\/paquet-de-50-pieces-en-silicone-peche-nude\/#breadcrumb","itemListElement":[{"@type":"ListItem","position":1,"name":"Accueil","item":"https:\/\/www.jootjeshaakcadeautjes.nl\/fr\/"},{"@type":"ListItem","position":2,"name":"Commerce de gros de perles en silicone &#8211; Entreprises et consommateurs","item":"https:\/\/www.jootjeshaakcadeautjes.nl\/fr\/boutique\/"},{"@type":"ListItem","position":3,"name":"Perles en silicone &#8211; Paquet en vrac &#8211; 50 pi\u00e8ces &#8211; 10% de remise &#8211; Peach Nude &#8211; 16 mm"}]},{"@type":"WebSite","@id":"https:\/\/www.jootjeshaakcadeautjes.nl\/fr\/#website","url":"https:\/\/www.jootjeshaakcadeautjes.nl\/fr\/","name":"Jootjes Haakcadeautjes","description":"Grossiste en perles de silicone","publisher":{"@id":"https:\/\/www.jootjeshaakcadeautjes.nl\/fr\/#organization"},"potentialAction":[{"@type":"SearchAction","target":{"@type":"EntryPoint","urlTemplate":"https:\/\/www.jootjeshaakcadeautjes.nl\/fr\/?s={search_term_string}"},"query-input":{"@type":"PropertyValueSpecification","valueRequired":true,"valueName":"search_term_string"}}],"inLanguage":"fr-FR"},{"@type":"Organization","@id":"https:\/\/www.jootjeshaakcadeautjes.nl\/fr\/#organization","name":"Jootjes Haakcadeautjes","url":"https:\/\/www.jootjeshaakcadeautjes.nl\/fr\/","logo":{"@type":"ImageObject","inLanguage":"fr-FR","@id":"https:\/\/www.jootjeshaakcadeautjes.nl\/fr\/#\/schema\/logo\/image\/","url":"https:\/\/jootjes-haakcadeautjes-media.s3.amazonaws.com\/wp-content\/uploads\/2023\/05\/Logo-rond.png","contentUrl":"https:\/\/jootjes-haakcadeautjes-media.s3.amazonaws.com\/wp-content\/uploads\/2023\/05\/Logo-rond.png","width":1222,"height":1222,"caption":"Jootjes Haakcadeautjes"},"image":{"@id":"https:\/\/www.jootjeshaakcadeautjes.nl\/fr\/#\/schema\/logo\/image\/"}}]},"product_price_amount":"13.50","product_price_currency":"EUR","og_availability":"instock","product_availability":"instock","product_retailer_item_id":"BLK-PK16-PEN","product_condition":"new"},"_links":{"self":[{"href":"https:\/\/www.jootjeshaakcadeautjes.nl\/fr\/wp-json\/wp\/v2\/product\/124107","targetHints":{"allow":["GET"]}}],"collection":[{"href":"https:\/\/www.jootjeshaakcadeautjes.nl\/fr\/wp-json\/wp\/v2\/product"}],"about":[{"href":"https:\/\/www.jootjeshaakcadeautjes.nl\/fr\/wp-json\/wp\/v2\/types\/product"}],"version-history":[{"count":0,"href":"https:\/\/www.jootjeshaakcadeautjes.nl\/fr\/wp-json\/wp\/v2\/product\/124107\/revisions"}],"wp:featuredmedia":[{"embeddable":true,"href":"https:\/\/www.jootjeshaakcadeautjes.nl\/fr\/wp-json\/wp\/v2\/media\/71342"}],"wp:attachment":[{"href":"https:\/\/www.jootjeshaakcadeautjes.nl\/fr\/wp-json\/wp\/v2\/media?parent=124107"}],"wp:term":[{"taxonomy":"product_brand","embeddable":true,"href":"https:\/\/www.jootjeshaakcadeautjes.nl\/fr\/wp-json\/wp\/v2\/product_brand?post=124107"},{"taxonomy":"product_cat","embeddable":true,"href":"https:\/\/www.jootjeshaakcadeautjes.nl\/fr\/wp-json\/wp\/v2\/product_cat?post=124107"},{"taxonomy":"product_tag","embeddable":true,"href":"https:\/\/www.jootjeshaakcadeautjes.nl\/fr\/wp-json\/wp\/v2\/product_tag?post=124107"}],"curies":[{"name":"wp","href":"https:\/\/api.w.org\/{rel}","templated":true}]}}